{"id":128627,"date":"2025-07-07T19:47:43","date_gmt":"2025-07-07T19:47:43","guid":{"rendered":"http:\/\/bidonsenshakers.pim.hidalgo.nl\/product\/belkin-boostcharge-pro-2-in-1-pad-uk\/"},"modified":"2026-02-26T14:46:22","modified_gmt":"2026-02-26T14:46:22","slug":"belkin-boostcharge-pro-2-in-1-pad-uk","status":"publish","type":"product","link":"https:\/\/hidalgo.nl\/de\/product\/belkin-boostcharge-pro-2-in-1-pad-uk\/","title":{"rendered":"Belkin BoostCharge Pro 2-in-1 Pad UK"},"content":{"rendered":"<p>BoostCharge\u2122 Pro 2in1 Qi2 15W magnetic charger from the Belkin brand. With a casing made from recycled plastic. This charging station delivers up to 15W for fast wireless charging of your iPhone, 15.5W for your AirPods and 5W via a USB-C port for charging an additional device. Place your iPhone on the charging station and benefit from proper alignment, optimised power consumption and longer battery life thanks to Qi2 technology. Universally compatible, this charging station supports fast wireless charging of Qi2-compatible devices with up to 15W of power, including iPhone and Android. Includes 30W power adapter, USB-C\/USB-C cable and user manual. 100% plastic-free packaging. Each item is individually boxed.<\/p>\n","protected":false},"excerpt":{"rendered":"<p>BoostCharge\u2122 Pro 2in1 Qi2 15W magnetic charger from the Belkin brand. With a casing made from recycled plastic. This charging station delivers up to 15W for fast wireless charging of your iPhone, 15.5W for your AirPods and 5W via a USB-C port for charging an additional device. Place your iPhone on the charging station and&hellip; <a class=\"more-link\" href=\"https:\/\/hidalgo.nl\/de\/product\/belkin-boostcharge-pro-2-in-1-pad-uk\/\"><span class=\"screen-reader-text\">Belkin BoostCharge Pro 2-in-1 Pad UK<\/span> weiterlesen<\/a><\/p>\n","protected":false},"featured_media":590203,"template":"","meta":{"_acf_changed":false,"om_disable_all_campaigns":false,"_monsterinsights_skip_tracking":false,"_monsterinsights_sitenote_active":false,"_monsterinsights_sitenote_note":"","_monsterinsights_sitenote_category":0},"product_brand":[1894],"product_cat":[4720,4724,4719],"product_tag":[],"class_list":{"0":"post-128627","1":"product","2":"type-product","3":"status-publish","4":"has-post-thumbnail","6":"product_supplier-a508","7":"product_material-recycled-plastic","8":"product_brand-belkin","9":"product_cat-promotionele-artikelen-elektronica-en-gadgets","10":"product_cat-promotionele-artikelen-elektronica-en-gadgets-kabels-en-opladers","11":"product_cat-promotionele-artikelen","12":"entry","14":"first","15":"instock","16":"taxable","17":"shipping-taxable","18":"purchasable","19":"product-type-variable"},"acf":{"imprint_cost":[{"imprint_cost_key":"2e6ae5e1571b123404d587f2138329295169d861","product_quantity_price_range":false,"product_quantity_price_range_buying":false,"imprint_cost_setup_costs":"0","imprint_cost_handling_costs":"0"},{"imprint_cost_key":"03e8c4222bfba8b1534dd8efb48c21abe8bdb19b","product_quantity_price_range":false,"product_quantity_price_range_buying":false,"imprint_cost_setup_costs":"0","imprint_cost_handling_costs":"0"},{"imprint_cost_key":"3d9c3bee796d86833da7ebb482cfa790751d761d","product_quantity_price_range":false,"product_quantity_price_range_buying":false,"imprint_cost_setup_costs":"0","imprint_cost_handling_costs":"0"},{"imprint_cost_key":"eada7a9cfbe2cc42f9a2a0bf14aa06bf5599a2ab","product_quantity_price_range":false,"product_quantity_price_range_buying":false,"imprint_cost_setup_costs":"0","imprint_cost_handling_costs":"0"},{"imprint_cost_key":"fad9330713f9cd9b596384920232d16b34ddb492","product_quantity_price_range":false,"product_quantity_price_range_buying":false,"imprint_cost_setup_costs":"0","imprint_cost_handling_costs":"0"}]},"aioseo_notices":[],"aioseo_head":"\n\t\t<!-- All in One SEO Pro 4.9.6.2 - aioseo.com -->\n\t<meta name=\"description\" content=\"Mit dem 2\u2011in\u20111 Ladepad von Belkin l\u00e4dst du iPhone und AirPods gleichzeitig kabellos: 15W via Qi2 f\u00fcrs iPhone, 5W f\u00fcrs Case, plus USB\u2011C f\u00fcr ein drittes Ger\u00e4t. Hidalgo bedruckt dein Logo f\u00fcr sichtbares Branding - ideal als Werbegeschenk f\u00fcr 20-40\u2011J\u00e4hrige im B\u00fcro &amp; zuhause.\" \/>\n\t<meta name=\"robots\" content=\"max-image-preview:large\" \/>\n\t<link rel=\"canonical\" href=\"https:\/\/hidalgo.nl\/de\/wp-json\/wp\/v2\/product\/128627\" \/>\n\t<meta name=\"generator\" content=\"All in One SEO Pro (AIOSEO) 4.9.6.2\" \/>\n\t\t<meta property=\"og:locale\" content=\"de_DE\" \/>\n\t\t<meta property=\"og:site_name\" content=\"Hidalgo -\" \/>\n\t\t<meta property=\"og:type\" content=\"article\" \/>\n\t\t<meta property=\"og:title\" content=\"Belkin BoostCharge Pro 2-in-1 Pad UK\" \/>\n\t\t<meta property=\"og:description\" content=\"Mit dem 2\u2011in\u20111 Ladepad von Belkin l\u00e4dst du iPhone und AirPods gleichzeitig kabellos: 15W via Qi2 f\u00fcrs iPhone, 5W f\u00fcrs Case, plus USB\u2011C f\u00fcr ein drittes Ger\u00e4t. Hidalgo bedruckt dein Logo f\u00fcr sichtbares Branding - ideal als Werbegeschenk f\u00fcr 20-40\u2011J\u00e4hrige im B\u00fcro &amp; zuhause.\" \/>\n\t\t<meta property=\"og:url\" content=\"https:\/\/hidalgo.nl\/de\/wp-json\/wp\/v2\/product\/128627\" \/>\n\t\t<meta property=\"og:image\" content=\"https:\/\/shop.hidalgo.nl\/wp-content\/uploads\/2025\/11\/cropped-Hidalgo-est1993.png\" \/>\n\t\t<meta property=\"og:image:secure_url\" content=\"https:\/\/shop.hidalgo.nl\/wp-content\/uploads\/2025\/11\/cropped-Hidalgo-est1993.png\" \/>\n\t\t<meta property=\"article:published_time\" content=\"2025-07-07T19:47:43+00:00\" \/>\n\t\t<meta property=\"article:modified_time\" content=\"2026-02-26T14:46:22+00:00\" \/>\n\t\t<meta name=\"twitter:card\" content=\"summary_large_image\" \/>\n\t\t<meta name=\"twitter:title\" content=\"Belkin BoostCharge Pro 2-in-1 Pad UK\" \/>\n\t\t<meta name=\"twitter:description\" content=\"Mit dem 2\u2011in\u20111 Ladepad von Belkin l\u00e4dst du iPhone und AirPods gleichzeitig kabellos: 15W via Qi2 f\u00fcrs iPhone, 5W f\u00fcrs Case, plus USB\u2011C f\u00fcr ein drittes Ger\u00e4t. Hidalgo bedruckt dein Logo f\u00fcr sichtbares Branding - ideal als Werbegeschenk f\u00fcr 20-40\u2011J\u00e4hrige im B\u00fcro &amp; zuhause.\" \/>\n\t\t<meta name=\"twitter:image\" content=\"https:\/\/shop.hidalgo.nl\/wp-content\/uploads\/2025\/11\/cropped-Hidalgo-est1993.png\" \/>\n\t\t<script type=\"application\/ld+json\" class=\"aioseo-schema\">\n\t\t\t{\"@context\":\"https:\\\/\\\/schema.org\",\"@graph\":[{\"@type\":\"BreadcrumbList\",\"@id\":\"https:\\\/\\\/hidalgo.nl\\\/de\\\/product\\\/belkin-boostcharge-pro-2-in-1-pad-uk\\\/#breadcrumblist\",\"itemListElement\":[{\"@type\":\"ListItem\",\"@id\":\"https:\\\/\\\/hidalgo.nl\\\/de\\\/#listItem\",\"position\":1,\"name\":\"Home\",\"item\":\"https:\\\/\\\/hidalgo.nl\\\/de\\\/\",\"nextItem\":{\"@type\":\"ListItem\",\"@id\":\"https:\\\/\\\/hidalgo.nl\\\/example\\\/#listItem\",\"name\":\"example\"}},{\"@type\":\"ListItem\",\"@id\":\"https:\\\/\\\/hidalgo.nl\\\/example\\\/#listItem\",\"position\":2,\"name\":\"example\",\"item\":\"https:\\\/\\\/hidalgo.nl\\\/example\\\/\",\"nextItem\":{\"@type\":\"ListItem\",\"@id\":\"https:\\\/\\\/hidalgo.nl\\\/en\\\/product-supplier\\\/a508\\\/#listItem\",\"name\":\"A508\"},\"previousItem\":{\"@type\":\"ListItem\",\"@id\":\"https:\\\/\\\/hidalgo.nl\\\/de\\\/#listItem\",\"name\":\"Home\"}},{\"@type\":\"ListItem\",\"@id\":\"https:\\\/\\\/hidalgo.nl\\\/en\\\/product-supplier\\\/a508\\\/#listItem\",\"position\":3,\"name\":\"A508\",\"item\":\"https:\\\/\\\/hidalgo.nl\\\/en\\\/product-supplier\\\/a508\\\/\",\"nextItem\":{\"@type\":\"ListItem\",\"@id\":\"https:\\\/\\\/hidalgo.nl\\\/de\\\/product\\\/belkin-boostcharge-pro-2-in-1-pad-uk\\\/#listItem\",\"name\":\"Belkin BoostCharge Pro 2-in-1 Pad UK\"},\"previousItem\":{\"@type\":\"ListItem\",\"@id\":\"https:\\\/\\\/hidalgo.nl\\\/example\\\/#listItem\",\"name\":\"example\"}},{\"@type\":\"ListItem\",\"@id\":\"https:\\\/\\\/hidalgo.nl\\\/de\\\/product\\\/belkin-boostcharge-pro-2-in-1-pad-uk\\\/#listItem\",\"position\":4,\"name\":\"Belkin BoostCharge Pro 2-in-1 Pad UK\",\"previousItem\":{\"@type\":\"ListItem\",\"@id\":\"https:\\\/\\\/hidalgo.nl\\\/en\\\/product-supplier\\\/a508\\\/#listItem\",\"name\":\"A508\"}}]},{\"@type\":\"Organization\",\"@id\":\"https:\\\/\\\/hidalgo.nl\\\/de\\\/#organization\",\"name\":\"Hidalgo\",\"url\":\"https:\\\/\\\/hidalgo.nl\\\/de\\\/\",\"logo\":{\"@type\":\"ImageObject\",\"url\":\"https:\\\/\\\/shop.hidalgo.nl\\\/wp-content\\\/uploads\\\/2025\\\/11\\\/cropped-Hidalgo-est1993.png\",\"@id\":\"https:\\\/\\\/hidalgo.nl\\\/de\\\/product\\\/belkin-boostcharge-pro-2-in-1-pad-uk\\\/#organizationLogo\",\"width\":585,\"height\":195},\"image\":{\"@id\":\"https:\\\/\\\/hidalgo.nl\\\/de\\\/product\\\/belkin-boostcharge-pro-2-in-1-pad-uk\\\/#organizationLogo\"}},{\"@type\":\"ProductGroup\",\"@id\":\"https:\\\/\\\/hidalgo.nl\\\/de\\\/product\\\/belkin-boostcharge-pro-2-in-1-pad-uk\\\/#wooCommerceProduct\",\"name\":\"Belkin BoostCharge Pro 2-in-1 Pad UK\",\"url\":\"https:\\\/\\\/hidalgo.nl\\\/de\\\/product\\\/belkin-boostcharge-pro-2-in-1-pad-uk\\\/\",\"brand\":{\"@type\":\"Brand\",\"name\":\"Belkin\"},\"sku\":\"A508-2757\",\"image\":{\"@type\":\"ImageObject\",\"url\":\"https:\\\/\\\/shop.hidalgo.nl\\\/wp-content\\\/uploads\\\/2025\\\/04\\\/45debbd540fe4288e8a4513c0b8aa518a6a3c0624222a310b688e41bcf7c916b.jpg\",\"@id\":\"https:\\\/\\\/hidalgo.nl\\\/de\\\/product\\\/belkin-boostcharge-pro-2-in-1-pad-uk\\\/#productImage\"},\"productGroupID\":128627,\"hasVariant\":[{\"@type\":\"Product\",\"@id\":\"https:\\\/\\\/hidalgo.nl\\\/de\\\/product\\\/belkin-boostcharge-pro-2-in-1-pad-uk\\\/#wooCommerceProduct\",\"name\":\"Belkin BoostCharge Pro 2-in-1 Pad UK - black\",\"url\":\"https:\\\/\\\/hidalgo.nl\\\/de\\\/product\\\/belkin-boostcharge-pro-2-in-1-pad-uk\\\/\",\"sku\":\"A508-275798\",\"image\":{\"@type\":\"ImageObject\",\"url\":\"https:\\\/\\\/shop.hidalgo.nl\\\/wp-content\\\/uploads\\\/2025\\\/05\\\/45debbd540fe4288e8a4513c0b8aa518a6a3c0624222a310b688e41bcf7c916b.jpg\",\"@id\":\"https:\\\/\\\/hidalgo.nl\\\/de\\\/product\\\/belkin-boostcharge-pro-2-in-1-pad-uk\\\/#productImage\",\"width\":1000,\"height\":1000},\"offers\":{\"@type\":\"Offer\",\"url\":\"https:\\\/\\\/hidalgo.nl\\\/de\\\/product\\\/belkin-boostcharge-pro-2-in-1-pad-uk\\\/#wooCommerceOffer\",\"price\":\"0\",\"priceCurrency\":\"EUR\",\"category\":\"Promotionele Artikelen\",\"availability\":\"https:\\\/\\\/schema.org\\\/InStock\"}}]},{\"@type\":\"WebPage\",\"@id\":\"https:\\\/\\\/hidalgo.nl\\\/de\\\/product\\\/belkin-boostcharge-pro-2-in-1-pad-uk\\\/#webpage\",\"url\":\"https:\\\/\\\/hidalgo.nl\\\/de\\\/product\\\/belkin-boostcharge-pro-2-in-1-pad-uk\\\/\",\"name\":\"Belkin BoostCharge Pro 2-in-1 Pad UK\",\"description\":\"Mit dem 2\\u2011in\\u20111 Ladepad von Belkin l\\u00e4dst du iPhone und AirPods gleichzeitig kabellos: 15W via Qi2 f\\u00fcrs iPhone, 5W f\\u00fcrs Case, plus USB\\u2011C f\\u00fcr ein drittes Ger\\u00e4t. Hidalgo bedruckt dein Logo f\\u00fcr sichtbares Branding - ideal als Werbegeschenk f\\u00fcr 20-40\\u2011J\\u00e4hrige im B\\u00fcro & zuhause.\",\"inLanguage\":\"de-DE\",\"isPartOf\":{\"@id\":\"https:\\\/\\\/hidalgo.nl\\\/de\\\/#website\"},\"breadcrumb\":{\"@id\":\"https:\\\/\\\/hidalgo.nl\\\/de\\\/product\\\/belkin-boostcharge-pro-2-in-1-pad-uk\\\/#breadcrumblist\"},\"image\":{\"@type\":\"ImageObject\",\"url\":\"https:\\\/\\\/shop.hidalgo.nl\\\/wp-content\\\/uploads\\\/2025\\\/04\\\/45debbd540fe4288e8a4513c0b8aa518a6a3c0624222a310b688e41bcf7c916b.jpg\",\"@id\":\"https:\\\/\\\/hidalgo.nl\\\/de\\\/product\\\/belkin-boostcharge-pro-2-in-1-pad-uk\\\/#mainImage\"},\"primaryImageOfPage\":{\"@id\":\"https:\\\/\\\/hidalgo.nl\\\/de\\\/product\\\/belkin-boostcharge-pro-2-in-1-pad-uk\\\/#mainImage\"},\"datePublished\":\"2025-07-07T19:47:43+00:00\",\"dateModified\":\"2026-02-26T14:46:22+00:00\"},{\"@type\":\"WebSite\",\"@id\":\"https:\\\/\\\/hidalgo.nl\\\/de\\\/#website\",\"url\":\"https:\\\/\\\/hidalgo.nl\\\/de\\\/\",\"name\":\"Hidalgo\",\"inLanguage\":\"de-DE\",\"publisher\":{\"@id\":\"https:\\\/\\\/hidalgo.nl\\\/de\\\/#organization\"}}]}\n\t\t<\/script>\n\t\t<!-- All in One SEO Pro -->\r\n\t\t<title>Belkin BoostCharge Pro 2-in-1 Pad UK<\/title>\n\n","aioseo_head_json":{"title":"Belkin BoostCharge Pro 2-in-1 Pad UK","description":"Mit dem 2\u2011in\u20111 Ladepad von Belkin l\u00e4dst du iPhone und AirPods gleichzeitig kabellos: 15W via Qi2 f\u00fcrs iPhone, 5W f\u00fcrs Case, plus USB\u2011C f\u00fcr ein drittes Ger\u00e4t. Hidalgo bedruckt dein Logo f\u00fcr sichtbares Branding - ideal als Werbegeschenk f\u00fcr 20-40\u2011J\u00e4hrige im B\u00fcro & zuhause.","canonical_url":"https:\/\/hidalgo.nl\/de\/wp-json\/wp\/v2\/product\/128627","robots":"max-image-preview:large","keywords":"","webmasterTools":{"miscellaneous":""},"schema":{"@context":"https:\/\/schema.org","@graph":[{"@type":"BreadcrumbList","@id":"https:\/\/hidalgo.nl\/de\/product\/belkin-boostcharge-pro-2-in-1-pad-uk\/#breadcrumblist","itemListElement":[{"@type":"ListItem","@id":"https:\/\/hidalgo.nl\/de\/#listItem","position":1,"name":"Home","item":"https:\/\/hidalgo.nl\/de\/","nextItem":{"@type":"ListItem","@id":"https:\/\/hidalgo.nl\/example\/#listItem","name":"example"}},{"@type":"ListItem","@id":"https:\/\/hidalgo.nl\/example\/#listItem","position":2,"name":"example","item":"https:\/\/hidalgo.nl\/example\/","nextItem":{"@type":"ListItem","@id":"https:\/\/hidalgo.nl\/en\/product-supplier\/a508\/#listItem","name":"A508"},"previousItem":{"@type":"ListItem","@id":"https:\/\/hidalgo.nl\/de\/#listItem","name":"Home"}},{"@type":"ListItem","@id":"https:\/\/hidalgo.nl\/en\/product-supplier\/a508\/#listItem","position":3,"name":"A508","item":"https:\/\/hidalgo.nl\/en\/product-supplier\/a508\/","nextItem":{"@type":"ListItem","@id":"https:\/\/hidalgo.nl\/de\/product\/belkin-boostcharge-pro-2-in-1-pad-uk\/#listItem","name":"Belkin BoostCharge Pro 2-in-1 Pad UK"},"previousItem":{"@type":"ListItem","@id":"https:\/\/hidalgo.nl\/example\/#listItem","name":"example"}},{"@type":"ListItem","@id":"https:\/\/hidalgo.nl\/de\/product\/belkin-boostcharge-pro-2-in-1-pad-uk\/#listItem","position":4,"name":"Belkin BoostCharge Pro 2-in-1 Pad UK","previousItem":{"@type":"ListItem","@id":"https:\/\/hidalgo.nl\/en\/product-supplier\/a508\/#listItem","name":"A508"}}]},{"@type":"Organization","@id":"https:\/\/hidalgo.nl\/de\/#organization","name":"Hidalgo","url":"https:\/\/hidalgo.nl\/de\/","logo":{"@type":"ImageObject","url":"https:\/\/shop.hidalgo.nl\/wp-content\/uploads\/2025\/11\/cropped-Hidalgo-est1993.png","@id":"https:\/\/hidalgo.nl\/de\/product\/belkin-boostcharge-pro-2-in-1-pad-uk\/#organizationLogo","width":585,"height":195},"image":{"@id":"https:\/\/hidalgo.nl\/de\/product\/belkin-boostcharge-pro-2-in-1-pad-uk\/#organizationLogo"}},{"@type":"ProductGroup","@id":"https:\/\/hidalgo.nl\/de\/product\/belkin-boostcharge-pro-2-in-1-pad-uk\/#wooCommerceProduct","name":"Belkin BoostCharge Pro 2-in-1 Pad UK","url":"https:\/\/hidalgo.nl\/de\/product\/belkin-boostcharge-pro-2-in-1-pad-uk\/","brand":{"@type":"Brand","name":"Belkin"},"sku":"A508-2757","image":{"@type":"ImageObject","url":"https:\/\/shop.hidalgo.nl\/wp-content\/uploads\/2025\/04\/45debbd540fe4288e8a4513c0b8aa518a6a3c0624222a310b688e41bcf7c916b.jpg","@id":"https:\/\/hidalgo.nl\/de\/product\/belkin-boostcharge-pro-2-in-1-pad-uk\/#productImage"},"productGroupID":128627,"hasVariant":[{"@type":"Product","@id":"https:\/\/hidalgo.nl\/de\/product\/belkin-boostcharge-pro-2-in-1-pad-uk\/#wooCommerceProduct","name":"Belkin BoostCharge Pro 2-in-1 Pad UK - black","url":"https:\/\/hidalgo.nl\/de\/product\/belkin-boostcharge-pro-2-in-1-pad-uk\/","sku":"A508-275798","image":{"@type":"ImageObject","url":"https:\/\/shop.hidalgo.nl\/wp-content\/uploads\/2025\/05\/45debbd540fe4288e8a4513c0b8aa518a6a3c0624222a310b688e41bcf7c916b.jpg","@id":"https:\/\/hidalgo.nl\/de\/product\/belkin-boostcharge-pro-2-in-1-pad-uk\/#productImage","width":1000,"height":1000},"offers":{"@type":"Offer","url":"https:\/\/hidalgo.nl\/de\/product\/belkin-boostcharge-pro-2-in-1-pad-uk\/#wooCommerceOffer","price":"0","priceCurrency":"EUR","category":"Promotionele Artikelen","availability":"https:\/\/schema.org\/InStock"}}]},{"@type":"WebPage","@id":"https:\/\/hidalgo.nl\/de\/product\/belkin-boostcharge-pro-2-in-1-pad-uk\/#webpage","url":"https:\/\/hidalgo.nl\/de\/product\/belkin-boostcharge-pro-2-in-1-pad-uk\/","name":"Belkin BoostCharge Pro 2-in-1 Pad UK","description":"Mit dem 2\u2011in\u20111 Ladepad von Belkin l\u00e4dst du iPhone und AirPods gleichzeitig kabellos: 15W via Qi2 f\u00fcrs iPhone, 5W f\u00fcrs Case, plus USB\u2011C f\u00fcr ein drittes Ger\u00e4t. Hidalgo bedruckt dein Logo f\u00fcr sichtbares Branding - ideal als Werbegeschenk f\u00fcr 20-40\u2011J\u00e4hrige im B\u00fcro & zuhause.","inLanguage":"de-DE","isPartOf":{"@id":"https:\/\/hidalgo.nl\/de\/#website"},"breadcrumb":{"@id":"https:\/\/hidalgo.nl\/de\/product\/belkin-boostcharge-pro-2-in-1-pad-uk\/#breadcrumblist"},"image":{"@type":"ImageObject","url":"https:\/\/shop.hidalgo.nl\/wp-content\/uploads\/2025\/04\/45debbd540fe4288e8a4513c0b8aa518a6a3c0624222a310b688e41bcf7c916b.jpg","@id":"https:\/\/hidalgo.nl\/de\/product\/belkin-boostcharge-pro-2-in-1-pad-uk\/#mainImage"},"primaryImageOfPage":{"@id":"https:\/\/hidalgo.nl\/de\/product\/belkin-boostcharge-pro-2-in-1-pad-uk\/#mainImage"},"datePublished":"2025-07-07T19:47:43+00:00","dateModified":"2026-02-26T14:46:22+00:00"},{"@type":"WebSite","@id":"https:\/\/hidalgo.nl\/de\/#website","url":"https:\/\/hidalgo.nl\/de\/","name":"Hidalgo","inLanguage":"de-DE","publisher":{"@id":"https:\/\/hidalgo.nl\/de\/#organization"}}]},"og:locale":"de_DE","og:site_name":"Hidalgo -","og:type":"article","og:title":"Belkin BoostCharge Pro 2-in-1 Pad UK","og:description":"Mit dem 2\u2011in\u20111 Ladepad von Belkin l\u00e4dst du iPhone und AirPods gleichzeitig kabellos: 15W via Qi2 f\u00fcrs iPhone, 5W f\u00fcrs Case, plus USB\u2011C f\u00fcr ein drittes Ger\u00e4t. Hidalgo bedruckt dein Logo f\u00fcr sichtbares Branding - ideal als Werbegeschenk f\u00fcr 20-40\u2011J\u00e4hrige im B\u00fcro &amp; zuhause.","og:url":"https:\/\/hidalgo.nl\/de\/wp-json\/wp\/v2\/product\/128627","og:image":"https:\/\/shop.hidalgo.nl\/wp-content\/uploads\/2025\/11\/cropped-Hidalgo-est1993.png","og:image:secure_url":"https:\/\/shop.hidalgo.nl\/wp-content\/uploads\/2025\/11\/cropped-Hidalgo-est1993.png","article:published_time":"2025-07-07T19:47:43+00:00","article:modified_time":"2026-02-26T14:46:22+00:00","twitter:card":"summary_large_image","twitter:title":"Belkin BoostCharge Pro 2-in-1 Pad UK","twitter:description":"Mit dem 2\u2011in\u20111 Ladepad von Belkin l\u00e4dst du iPhone und AirPods gleichzeitig kabellos: 15W via Qi2 f\u00fcrs iPhone, 5W f\u00fcrs Case, plus USB\u2011C f\u00fcr ein drittes Ger\u00e4t. Hidalgo bedruckt dein Logo f\u00fcr sichtbares Branding - ideal als Werbegeschenk f\u00fcr 20-40\u2011J\u00e4hrige im B\u00fcro &amp; zuhause.","twitter:image":"https:\/\/shop.hidalgo.nl\/wp-content\/uploads\/2025\/11\/cropped-Hidalgo-est1993.png"},"aioseo_meta_data":{"post_id":"128627","title":null,"description":null,"keywords":null,"keyphrases":null,"primary_term":null,"canonical_url":null,"og_title":null,"og_description":null,"og_object_type":"default","og_image_type":"default","og_image_url":null,"og_image_width":null,"og_image_height":null,"og_image_custom_url":null,"og_image_custom_fields":null,"og_video":null,"og_custom_url":null,"og_article_section":null,"og_article_tags":null,"twitter_use_og":false,"twitter_card":"default","twitter_image_type":"default","twitter_image_url":null,"twitter_image_custom_url":null,"twitter_image_custom_fields":null,"twitter_title":null,"twitter_description":null,"schema":{"blockGraphs":[],"customGraphs":[],"default":{"data":{"Article":[],"Course":[],"Dataset":[],"FAQPage":[],"Movie":[],"Person":[],"Product":[],"ProductReview":[],"Car":[],"Recipe":[],"Service":[],"SoftwareApplication":[],"WebPage":[]},"graphName":"","isEnabled":true},"graphs":[]},"schema_type":"default","schema_type_options":null,"pillar_content":false,"robots_default":true,"robots_noindex":false,"robots_noarchive":false,"robots_nosnippet":false,"robots_nofollow":false,"robots_noimageindex":false,"robots_noodp":false,"robots_notranslate":false,"robots_max_snippet":null,"robots_max_videopreview":null,"robots_max_imagepreview":"large","priority":null,"frequency":null,"local_seo":null,"seo_analyzer_scan_date":"2026-01-22 10:10:02","breadcrumb_settings":null,"limit_modified_date":false,"reviewed_by":null,"open_ai":null,"ai":null,"created":"2026-01-14 06:25:38","updated":"2026-04-23 07:01:53"},"aioseo_breadcrumb":"<div class=\"aioseo-breadcrumbs\"><span class=\"aioseo-breadcrumb\">\n\t<a href=\"https:\/\/hidalgo.nl\/de\/\" title=\"Home\">Home<\/a>\n<\/span><span class=\"aioseo-breadcrumb-separator\">\u00bb<\/span><span class=\"aioseo-breadcrumb\">\n\t<a href=\"https:\/\/hidalgo.nl\/example\/\" title=\"example\">example<\/a>\n<\/span><span class=\"aioseo-breadcrumb-separator\">\u00bb<\/span><span class=\"aioseo-breadcrumb\">\n\t<a href=\"https:\/\/hidalgo.nl\/en\/product-supplier\/a508\/\" title=\"A508\">A508<\/a>\n<\/span><span class=\"aioseo-breadcrumb-separator\">\u00bb<\/span><span class=\"aioseo-breadcrumb\">\n\tBelkin BoostCharge Pro 2-in-1 Pad UK\n<\/span><\/div>","aioseo_breadcrumb_json":[{"label":"Home","link":"https:\/\/hidalgo.nl\/de\/"},{"label":"example","link":"https:\/\/hidalgo.nl\/example\/"},{"label":"A508","link":"https:\/\/hidalgo.nl\/en\/product-supplier\/a508\/"},{"label":"Belkin BoostCharge Pro 2-in-1 Pad UK","link":"https:\/\/hidalgo.nl\/de\/product\/belkin-boostcharge-pro-2-in-1-pad-uk\/"}],"_links":{"self":[{"href":"https:\/\/hidalgo.nl\/de\/wp-json\/wp\/v2\/product\/128627","targetHints":{"allow":["GET"]}}],"collection":[{"href":"https:\/\/hidalgo.nl\/de\/wp-json\/wp\/v2\/product"}],"about":[{"href":"https:\/\/hidalgo.nl\/de\/wp-json\/wp\/v2\/types\/product"}],"wp:featuredmedia":[{"embeddable":true,"href":"https:\/\/hidalgo.nl\/de\/wp-json\/wp\/v2\/media\/590203"}],"wp:attachment":[{"href":"https:\/\/hidalgo.nl\/de\/wp-json\/wp\/v2\/media?parent=128627"}],"wp:term":[{"taxonomy":"product_brand","embeddable":true,"href":"https:\/\/hidalgo.nl\/de\/wp-json\/wp\/v2\/product_brand?post=128627"},{"taxonomy":"product_cat","embeddable":true,"href":"https:\/\/hidalgo.nl\/de\/wp-json\/wp\/v2\/product_cat?post=128627"},{"taxonomy":"product_tag","embeddable":true,"href":"https:\/\/hidalgo.nl\/de\/wp-json\/wp\/v2\/product_tag?post=128627"}],"curies":[{"name":"wp","href":"https:\/\/api.w.org\/{rel}","templated":true}]}}