{"id":128524,"date":"2025-07-07T19:45:16","date_gmt":"2025-07-07T19:45:16","guid":{"rendered":"http:\/\/bidonsenshakers.pim.hidalgo.nl\/product\/leaflet-a6-seed-paper-80-gr\/"},"modified":"2026-02-26T07:40:42","modified_gmt":"2026-02-26T07:40:42","slug":"leaflet-a6-seed-paper-80-gr","status":"publish","type":"product","link":"https:\/\/hidalgo.nl\/de\/product\/leaflet-a6-seed-paper-80-gr\/","title":{"rendered":"Leaflet A6 Seed Paper (80 g\/m\u00b2)"},"content":{"rendered":"<p>Leaflet in A6-formaat van biologisch afbreekbaar papier met zaden (80 g\/m\u00b2 zaadpapier). Inclusief full colour opdruk op \u00e9\u00e9n zijde, die je volledig kunt afstemmen op je merk of boodschap. Een (full colour) opdruk op de tweede zijde is mogelijk tegen meerprijs.    Keuze uit drie soorten zaden: bloemen, kruiden of groenten.    Deze leaflet combineert communicatie met een verrassend effect. Ideaal voor beurzen, evenementen en mailingcampagnes om je boodschap op een originele manier onder de aandacht te brengen. De leaflet hoeft niet bij het oud papier te worden verzameld maar kan in de grond worden geplant, waar de zaden ontkiemen.    Door het verwerken van zaden en het gebruik van gerecyclede materialen zijn kleine oneffenheden in het materiaal zichtbaar. Made in Europe.<\/p>\n","protected":false},"excerpt":{"rendered":"<p>Leaflet in A6-formaat van biologisch afbreekbaar papier met zaden (80 g\/m\u00b2 zaadpapier). Inclusief full colour opdruk op \u00e9\u00e9n zijde, die je volledig kunt afstemmen op je merk of boodschap. Een (full colour) opdruk op de tweede zijde is mogelijk tegen meerprijs. Keuze uit drie soorten zaden: bloemen, kruiden of groenten. Deze leaflet combineert communicatie met&hellip; <a class=\"more-link\" href=\"https:\/\/hidalgo.nl\/de\/product\/leaflet-a6-seed-paper-80-gr\/\"><span class=\"screen-reader-text\">Leaflet A6 Seed Paper (80 g\/m\u00b2)<\/span> weiterlesen<\/a><\/p>\n","protected":false},"featured_media":590428,"template":"","meta":{"_acf_changed":false,"om_disable_all_campaigns":false,"_monsterinsights_skip_tracking":false,"_monsterinsights_sitenote_active":false,"_monsterinsights_sitenote_note":"","_monsterinsights_sitenote_category":0},"product_brand":[],"product_cat":[4818,4741,4719],"product_tag":[],"class_list":{"0":"post-128524","1":"product","2":"type-product","3":"status-publish","4":"has-post-thumbnail","6":"product_supplier-a508","7":"product_material-zaadpapier","8":"product_cat-promotionele-artikelen-kantoor-artikelen-bureau-accessoires","9":"product_cat-promotionele-artikelen-kantoor-artikelen","10":"product_cat-promotionele-artikelen","11":"entry","13":"first","14":"instock","15":"taxable","16":"shipping-taxable","17":"purchasable","18":"product-type-variable"},"acf":{"imprint_cost":[{"imprint_cost_key":"ff5050041b958b6aa756436d2d0a6070f9a9b58b","product_quantity_price_range":[{"imprint_cost_recommended_selling_price":"0","imprint_cost_recommended_selling_quantity":"1"},{"imprint_cost_recommended_selling_price":"0","imprint_cost_recommended_selling_quantity":"25"},{"imprint_cost_recommended_selling_price":"0","imprint_cost_recommended_selling_quantity":"50"},{"imprint_cost_recommended_selling_price":"0","imprint_cost_recommended_selling_quantity":"100"},{"imprint_cost_recommended_selling_price":"0","imprint_cost_recommended_selling_quantity":"250"},{"imprint_cost_recommended_selling_price":"0","imprint_cost_recommended_selling_quantity":"500"},{"imprint_cost_recommended_selling_price":"0","imprint_cost_recommended_selling_quantity":"1000"},{"imprint_cost_recommended_selling_price":"0","imprint_cost_recommended_selling_quantity":"2500"},{"imprint_cost_recommended_selling_price":"0","imprint_cost_recommended_selling_quantity":"5000"}],"product_quantity_price_range_buying":[{"imprint_cost_general_buying_price":"0","imprint_cost_general_buying_quantity":"1"},{"imprint_cost_general_buying_price":"0","imprint_cost_general_buying_quantity":"25"},{"imprint_cost_general_buying_price":"0","imprint_cost_general_buying_quantity":"50"},{"imprint_cost_general_buying_price":"0","imprint_cost_general_buying_quantity":"100"},{"imprint_cost_general_buying_price":"0","imprint_cost_general_buying_quantity":"250"},{"imprint_cost_general_buying_price":"0","imprint_cost_general_buying_quantity":"500"},{"imprint_cost_general_buying_price":"0","imprint_cost_general_buying_quantity":"1000"},{"imprint_cost_general_buying_price":"0","imprint_cost_general_buying_quantity":"2500"},{"imprint_cost_general_buying_price":"0","imprint_cost_general_buying_quantity":"5000"}],"imprint_cost_setup_costs":"45","imprint_cost_handling_costs":"0"},{"imprint_cost_key":"f81d4dfdc6940afe43839c5a68e4a9ddd25f96e0","product_quantity_price_range":[{"imprint_cost_recommended_selling_price":"1.125","imprint_cost_recommended_selling_quantity":"1"},{"imprint_cost_recommended_selling_price":"0.9","imprint_cost_recommended_selling_quantity":"25"},{"imprint_cost_recommended_selling_price":"0.66","imprint_cost_recommended_selling_quantity":"50"},{"imprint_cost_recommended_selling_price":"0.48","imprint_cost_recommended_selling_quantity":"100"},{"imprint_cost_recommended_selling_price":"0.375","imprint_cost_recommended_selling_quantity":"250"},{"imprint_cost_recommended_selling_price":"0.3","imprint_cost_recommended_selling_quantity":"500"},{"imprint_cost_recommended_selling_price":"0.24","imprint_cost_recommended_selling_quantity":"1000"},{"imprint_cost_recommended_selling_price":"0.21","imprint_cost_recommended_selling_quantity":"2500"},{"imprint_cost_recommended_selling_price":"0.195","imprint_cost_recommended_selling_quantity":"5000"}],"product_quantity_price_range_buying":[{"imprint_cost_general_buying_price":"0.75","imprint_cost_general_buying_quantity":"1"},{"imprint_cost_general_buying_price":"0.6","imprint_cost_general_buying_quantity":"25"},{"imprint_cost_general_buying_price":"0.44","imprint_cost_general_buying_quantity":"50"},{"imprint_cost_general_buying_price":"0.32","imprint_cost_general_buying_quantity":"100"},{"imprint_cost_general_buying_price":"0.25","imprint_cost_general_buying_quantity":"250"},{"imprint_cost_general_buying_price":"0.2","imprint_cost_general_buying_quantity":"500"},{"imprint_cost_general_buying_price":"0.16","imprint_cost_general_buying_quantity":"1000"},{"imprint_cost_general_buying_price":"0.14","imprint_cost_general_buying_quantity":"2500"},{"imprint_cost_general_buying_price":"0.13","imprint_cost_general_buying_quantity":"5000"}],"imprint_cost_setup_costs":"45","imprint_cost_handling_costs":"0"}]},"aioseo_notices":[],"aioseo_head":"\n\t\t<!-- All in One SEO Pro 4.9.6.2 - aioseo.com -->\n\t<meta name=\"description\" content=\"Dieses A6 Faltblatt aus Saatpapier wird nach dem Lesen eingepflanzt und enth\u00e4lt Samen f\u00fcr Blumen, Kr\u00e4uter oder Gem\u00fcse. Wir drucken dein Logo vollfarbig f\u00fcr starke Wirkung bei Events &amp; Mailings.\" \/>\n\t<meta name=\"robots\" content=\"max-image-preview:large\" \/>\n\t<link rel=\"canonical\" href=\"https:\/\/hidalgo.nl\/de\/wp-json\/wp\/v2\/product\/128524\" \/>\n\t<meta name=\"generator\" content=\"All in One SEO Pro (AIOSEO) 4.9.6.2\" \/>\n\t\t<meta property=\"og:locale\" content=\"de_DE\" \/>\n\t\t<meta property=\"og:site_name\" content=\"Hidalgo -\" \/>\n\t\t<meta property=\"og:type\" content=\"article\" \/>\n\t\t<meta property=\"og:title\" content=\"Leaflet A6 Seed Paper (80 g\/m\u00b2)\" \/>\n\t\t<meta property=\"og:description\" content=\"Dieses A6 Faltblatt aus Saatpapier wird nach dem Lesen eingepflanzt und enth\u00e4lt Samen f\u00fcr Blumen, Kr\u00e4uter oder Gem\u00fcse. Wir drucken dein Logo vollfarbig f\u00fcr starke Wirkung bei Events &amp; Mailings.\" \/>\n\t\t<meta property=\"og:url\" content=\"https:\/\/hidalgo.nl\/de\/wp-json\/wp\/v2\/product\/128524\" \/>\n\t\t<meta property=\"og:image\" content=\"https:\/\/shop.hidalgo.nl\/wp-content\/uploads\/2025\/11\/cropped-Hidalgo-est1993.png\" \/>\n\t\t<meta property=\"og:image:secure_url\" content=\"https:\/\/shop.hidalgo.nl\/wp-content\/uploads\/2025\/11\/cropped-Hidalgo-est1993.png\" \/>\n\t\t<meta property=\"article:published_time\" content=\"2025-07-07T19:45:16+00:00\" \/>\n\t\t<meta property=\"article:modified_time\" content=\"2026-02-26T07:40:42+00:00\" \/>\n\t\t<meta name=\"twitter:card\" content=\"summary_large_image\" \/>\n\t\t<meta name=\"twitter:title\" content=\"Leaflet A6 Seed Paper (80 g\/m\u00b2)\" \/>\n\t\t<meta name=\"twitter:description\" content=\"Dieses A6 Faltblatt aus Saatpapier wird nach dem Lesen eingepflanzt und enth\u00e4lt Samen f\u00fcr Blumen, Kr\u00e4uter oder Gem\u00fcse. Wir drucken dein Logo vollfarbig f\u00fcr starke Wirkung bei Events &amp; Mailings.\" \/>\n\t\t<meta name=\"twitter:image\" content=\"https:\/\/shop.hidalgo.nl\/wp-content\/uploads\/2025\/11\/cropped-Hidalgo-est1993.png\" \/>\n\t\t<script type=\"application\/ld+json\" class=\"aioseo-schema\">\n\t\t\t{\"@context\":\"https:\\\/\\\/schema.org\",\"@graph\":[{\"@type\":\"BreadcrumbList\",\"@id\":\"https:\\\/\\\/hidalgo.nl\\\/de\\\/product\\\/leaflet-a6-seed-paper-80-gr\\\/#breadcrumblist\",\"itemListElement\":[{\"@type\":\"ListItem\",\"@id\":\"https:\\\/\\\/hidalgo.nl\\\/de\\\/#listItem\",\"position\":1,\"name\":\"Home\",\"item\":\"https:\\\/\\\/hidalgo.nl\\\/de\\\/\",\"nextItem\":{\"@type\":\"ListItem\",\"@id\":\"https:\\\/\\\/hidalgo.nl\\\/example\\\/#listItem\",\"name\":\"example\"}},{\"@type\":\"ListItem\",\"@id\":\"https:\\\/\\\/hidalgo.nl\\\/example\\\/#listItem\",\"position\":2,\"name\":\"example\",\"item\":\"https:\\\/\\\/hidalgo.nl\\\/example\\\/\",\"nextItem\":{\"@type\":\"ListItem\",\"@id\":\"https:\\\/\\\/hidalgo.nl\\\/en\\\/product-supplier\\\/a508\\\/#listItem\",\"name\":\"A508\"},\"previousItem\":{\"@type\":\"ListItem\",\"@id\":\"https:\\\/\\\/hidalgo.nl\\\/de\\\/#listItem\",\"name\":\"Home\"}},{\"@type\":\"ListItem\",\"@id\":\"https:\\\/\\\/hidalgo.nl\\\/en\\\/product-supplier\\\/a508\\\/#listItem\",\"position\":3,\"name\":\"A508\",\"item\":\"https:\\\/\\\/hidalgo.nl\\\/en\\\/product-supplier\\\/a508\\\/\",\"nextItem\":{\"@type\":\"ListItem\",\"@id\":\"https:\\\/\\\/hidalgo.nl\\\/de\\\/product\\\/leaflet-a6-seed-paper-80-gr\\\/#listItem\",\"name\":\"Leaflet A6 Seed Paper (80 g\\\/m\\u00b2)\"},\"previousItem\":{\"@type\":\"ListItem\",\"@id\":\"https:\\\/\\\/hidalgo.nl\\\/example\\\/#listItem\",\"name\":\"example\"}},{\"@type\":\"ListItem\",\"@id\":\"https:\\\/\\\/hidalgo.nl\\\/de\\\/product\\\/leaflet-a6-seed-paper-80-gr\\\/#listItem\",\"position\":4,\"name\":\"Leaflet A6 Seed Paper (80 g\\\/m\\u00b2)\",\"previousItem\":{\"@type\":\"ListItem\",\"@id\":\"https:\\\/\\\/hidalgo.nl\\\/en\\\/product-supplier\\\/a508\\\/#listItem\",\"name\":\"A508\"}}]},{\"@type\":\"Organization\",\"@id\":\"https:\\\/\\\/hidalgo.nl\\\/de\\\/#organization\",\"name\":\"Hidalgo\",\"url\":\"https:\\\/\\\/hidalgo.nl\\\/de\\\/\",\"logo\":{\"@type\":\"ImageObject\",\"url\":\"https:\\\/\\\/shop.hidalgo.nl\\\/wp-content\\\/uploads\\\/2025\\\/11\\\/cropped-Hidalgo-est1993.png\",\"@id\":\"https:\\\/\\\/hidalgo.nl\\\/de\\\/product\\\/leaflet-a6-seed-paper-80-gr\\\/#organizationLogo\",\"width\":585,\"height\":195},\"image\":{\"@id\":\"https:\\\/\\\/hidalgo.nl\\\/de\\\/product\\\/leaflet-a6-seed-paper-80-gr\\\/#organizationLogo\"}},{\"@type\":\"ProductGroup\",\"@id\":\"https:\\\/\\\/hidalgo.nl\\\/de\\\/product\\\/leaflet-a6-seed-paper-80-gr\\\/#wooCommerceProduct\",\"name\":\"Leaflet A6 Seed Paper (80 g\\\/m\\u00b2)\",\"url\":\"https:\\\/\\\/hidalgo.nl\\\/de\\\/product\\\/leaflet-a6-seed-paper-80-gr\\\/\",\"sku\":\"A508-2723\",\"image\":{\"@type\":\"ImageObject\",\"url\":\"https:\\\/\\\/shop.hidalgo.nl\\\/wp-content\\\/uploads\\\/2025\\\/04\\\/23fdc3a036c2bd57d6b8692530755b181df1868b6918db6044a7ebf8ac6da002.jpg\",\"@id\":\"https:\\\/\\\/hidalgo.nl\\\/de\\\/product\\\/leaflet-a6-seed-paper-80-gr\\\/#productImage\"},\"productGroupID\":128524,\"hasVariant\":[{\"@type\":\"Product\",\"@id\":\"https:\\\/\\\/hidalgo.nl\\\/de\\\/product\\\/leaflet-a6-seed-paper-80-gr\\\/#wooCommerceProduct\",\"name\":\"Leaflet A6 Seed Paper (80 g\\\/m\\u00b2) - wit\",\"url\":\"https:\\\/\\\/hidalgo.nl\\\/de\\\/product\\\/leaflet-a6-seed-paper-80-gr\\\/\",\"sku\":\"A508-272310\",\"image\":{\"@type\":\"ImageObject\",\"url\":\"https:\\\/\\\/shop.hidalgo.nl\\\/wp-content\\\/uploads\\\/2025\\\/05\\\/23fdc3a036c2bd57d6b8692530755b181df1868b6918db6044a7ebf8ac6da002.jpg\",\"@id\":\"https:\\\/\\\/hidalgo.nl\\\/de\\\/product\\\/leaflet-a6-seed-paper-80-gr\\\/#productImage\",\"width\":1000,\"height\":1000},\"offers\":{\"@type\":\"Offer\",\"url\":\"https:\\\/\\\/hidalgo.nl\\\/de\\\/product\\\/leaflet-a6-seed-paper-80-gr\\\/#wooCommerceOffer\",\"price\":\"4.05\",\"priceCurrency\":\"EUR\",\"category\":\"Promotionele Artikelen\",\"availability\":\"https:\\\/\\\/schema.org\\\/InStock\",\"priceSpecification\":{\"@type\":\"PriceSpecification\",\"price\":4.05,\"priceCurrency\":\"EUR\",\"valueAddedTaxIncluded\":\"true\"}}}]},{\"@type\":\"WebPage\",\"@id\":\"https:\\\/\\\/hidalgo.nl\\\/de\\\/product\\\/leaflet-a6-seed-paper-80-gr\\\/#webpage\",\"url\":\"https:\\\/\\\/hidalgo.nl\\\/de\\\/product\\\/leaflet-a6-seed-paper-80-gr\\\/\",\"name\":\"Leaflet A6 Seed Paper (80 g\\\/m\\u00b2)\",\"description\":\"Dieses A6 Faltblatt aus Saatpapier wird nach dem Lesen eingepflanzt und enth\\u00e4lt Samen f\\u00fcr Blumen, Kr\\u00e4uter oder Gem\\u00fcse. Wir drucken dein Logo vollfarbig f\\u00fcr starke Wirkung bei Events & Mailings.\",\"inLanguage\":\"de-DE\",\"isPartOf\":{\"@id\":\"https:\\\/\\\/hidalgo.nl\\\/de\\\/#website\"},\"breadcrumb\":{\"@id\":\"https:\\\/\\\/hidalgo.nl\\\/de\\\/product\\\/leaflet-a6-seed-paper-80-gr\\\/#breadcrumblist\"},\"image\":{\"@type\":\"ImageObject\",\"url\":\"https:\\\/\\\/shop.hidalgo.nl\\\/wp-content\\\/uploads\\\/2025\\\/04\\\/23fdc3a036c2bd57d6b8692530755b181df1868b6918db6044a7ebf8ac6da002.jpg\",\"@id\":\"https:\\\/\\\/hidalgo.nl\\\/de\\\/product\\\/leaflet-a6-seed-paper-80-gr\\\/#mainImage\"},\"primaryImageOfPage\":{\"@id\":\"https:\\\/\\\/hidalgo.nl\\\/de\\\/product\\\/leaflet-a6-seed-paper-80-gr\\\/#mainImage\"},\"datePublished\":\"2025-07-07T19:45:16+00:00\",\"dateModified\":\"2026-02-26T07:40:42+00:00\"},{\"@type\":\"WebSite\",\"@id\":\"https:\\\/\\\/hidalgo.nl\\\/de\\\/#website\",\"url\":\"https:\\\/\\\/hidalgo.nl\\\/de\\\/\",\"name\":\"Hidalgo\",\"inLanguage\":\"de-DE\",\"publisher\":{\"@id\":\"https:\\\/\\\/hidalgo.nl\\\/de\\\/#organization\"}}]}\n\t\t<\/script>\n\t\t<!-- All in One SEO Pro -->\r\n\t\t<title>Leaflet A6 Seed Paper (80 g\/m\u00b2)<\/title>\n\n","aioseo_head_json":{"title":"Leaflet A6 Seed Paper (80 g\/m\u00b2)","description":"Dieses A6 Faltblatt aus Saatpapier wird nach dem Lesen eingepflanzt und enth\u00e4lt Samen f\u00fcr Blumen, Kr\u00e4uter oder Gem\u00fcse. Wir drucken dein Logo vollfarbig f\u00fcr starke Wirkung bei Events & Mailings.","canonical_url":"https:\/\/hidalgo.nl\/de\/wp-json\/wp\/v2\/product\/128524","robots":"max-image-preview:large","keywords":"","webmasterTools":{"miscellaneous":""},"schema":{"@context":"https:\/\/schema.org","@graph":[{"@type":"BreadcrumbList","@id":"https:\/\/hidalgo.nl\/de\/product\/leaflet-a6-seed-paper-80-gr\/#breadcrumblist","itemListElement":[{"@type":"ListItem","@id":"https:\/\/hidalgo.nl\/de\/#listItem","position":1,"name":"Home","item":"https:\/\/hidalgo.nl\/de\/","nextItem":{"@type":"ListItem","@id":"https:\/\/hidalgo.nl\/example\/#listItem","name":"example"}},{"@type":"ListItem","@id":"https:\/\/hidalgo.nl\/example\/#listItem","position":2,"name":"example","item":"https:\/\/hidalgo.nl\/example\/","nextItem":{"@type":"ListItem","@id":"https:\/\/hidalgo.nl\/en\/product-supplier\/a508\/#listItem","name":"A508"},"previousItem":{"@type":"ListItem","@id":"https:\/\/hidalgo.nl\/de\/#listItem","name":"Home"}},{"@type":"ListItem","@id":"https:\/\/hidalgo.nl\/en\/product-supplier\/a508\/#listItem","position":3,"name":"A508","item":"https:\/\/hidalgo.nl\/en\/product-supplier\/a508\/","nextItem":{"@type":"ListItem","@id":"https:\/\/hidalgo.nl\/de\/product\/leaflet-a6-seed-paper-80-gr\/#listItem","name":"Leaflet A6 Seed Paper (80 g\/m\u00b2)"},"previousItem":{"@type":"ListItem","@id":"https:\/\/hidalgo.nl\/example\/#listItem","name":"example"}},{"@type":"ListItem","@id":"https:\/\/hidalgo.nl\/de\/product\/leaflet-a6-seed-paper-80-gr\/#listItem","position":4,"name":"Leaflet A6 Seed Paper (80 g\/m\u00b2)","previousItem":{"@type":"ListItem","@id":"https:\/\/hidalgo.nl\/en\/product-supplier\/a508\/#listItem","name":"A508"}}]},{"@type":"Organization","@id":"https:\/\/hidalgo.nl\/de\/#organization","name":"Hidalgo","url":"https:\/\/hidalgo.nl\/de\/","logo":{"@type":"ImageObject","url":"https:\/\/shop.hidalgo.nl\/wp-content\/uploads\/2025\/11\/cropped-Hidalgo-est1993.png","@id":"https:\/\/hidalgo.nl\/de\/product\/leaflet-a6-seed-paper-80-gr\/#organizationLogo","width":585,"height":195},"image":{"@id":"https:\/\/hidalgo.nl\/de\/product\/leaflet-a6-seed-paper-80-gr\/#organizationLogo"}},{"@type":"ProductGroup","@id":"https:\/\/hidalgo.nl\/de\/product\/leaflet-a6-seed-paper-80-gr\/#wooCommerceProduct","name":"Leaflet A6 Seed Paper (80 g\/m\u00b2)","url":"https:\/\/hidalgo.nl\/de\/product\/leaflet-a6-seed-paper-80-gr\/","sku":"A508-2723","image":{"@type":"ImageObject","url":"https:\/\/shop.hidalgo.nl\/wp-content\/uploads\/2025\/04\/23fdc3a036c2bd57d6b8692530755b181df1868b6918db6044a7ebf8ac6da002.jpg","@id":"https:\/\/hidalgo.nl\/de\/product\/leaflet-a6-seed-paper-80-gr\/#productImage"},"productGroupID":128524,"hasVariant":[{"@type":"Product","@id":"https:\/\/hidalgo.nl\/de\/product\/leaflet-a6-seed-paper-80-gr\/#wooCommerceProduct","name":"Leaflet A6 Seed Paper (80 g\/m\u00b2) - wit","url":"https:\/\/hidalgo.nl\/de\/product\/leaflet-a6-seed-paper-80-gr\/","sku":"A508-272310","image":{"@type":"ImageObject","url":"https:\/\/shop.hidalgo.nl\/wp-content\/uploads\/2025\/05\/23fdc3a036c2bd57d6b8692530755b181df1868b6918db6044a7ebf8ac6da002.jpg","@id":"https:\/\/hidalgo.nl\/de\/product\/leaflet-a6-seed-paper-80-gr\/#productImage","width":1000,"height":1000},"offers":{"@type":"Offer","url":"https:\/\/hidalgo.nl\/de\/product\/leaflet-a6-seed-paper-80-gr\/#wooCommerceOffer","price":"4.05","priceCurrency":"EUR","category":"Promotionele Artikelen","availability":"https:\/\/schema.org\/InStock","priceSpecification":{"@type":"PriceSpecification","price":4.05,"priceCurrency":"EUR","valueAddedTaxIncluded":"true"}}}]},{"@type":"WebPage","@id":"https:\/\/hidalgo.nl\/de\/product\/leaflet-a6-seed-paper-80-gr\/#webpage","url":"https:\/\/hidalgo.nl\/de\/product\/leaflet-a6-seed-paper-80-gr\/","name":"Leaflet A6 Seed Paper (80 g\/m\u00b2)","description":"Dieses A6 Faltblatt aus Saatpapier wird nach dem Lesen eingepflanzt und enth\u00e4lt Samen f\u00fcr Blumen, Kr\u00e4uter oder Gem\u00fcse. Wir drucken dein Logo vollfarbig f\u00fcr starke Wirkung bei Events & Mailings.","inLanguage":"de-DE","isPartOf":{"@id":"https:\/\/hidalgo.nl\/de\/#website"},"breadcrumb":{"@id":"https:\/\/hidalgo.nl\/de\/product\/leaflet-a6-seed-paper-80-gr\/#breadcrumblist"},"image":{"@type":"ImageObject","url":"https:\/\/shop.hidalgo.nl\/wp-content\/uploads\/2025\/04\/23fdc3a036c2bd57d6b8692530755b181df1868b6918db6044a7ebf8ac6da002.jpg","@id":"https:\/\/hidalgo.nl\/de\/product\/leaflet-a6-seed-paper-80-gr\/#mainImage"},"primaryImageOfPage":{"@id":"https:\/\/hidalgo.nl\/de\/product\/leaflet-a6-seed-paper-80-gr\/#mainImage"},"datePublished":"2025-07-07T19:45:16+00:00","dateModified":"2026-02-26T07:40:42+00:00"},{"@type":"WebSite","@id":"https:\/\/hidalgo.nl\/de\/#website","url":"https:\/\/hidalgo.nl\/de\/","name":"Hidalgo","inLanguage":"de-DE","publisher":{"@id":"https:\/\/hidalgo.nl\/de\/#organization"}}]},"og:locale":"de_DE","og:site_name":"Hidalgo -","og:type":"article","og:title":"Leaflet A6 Seed Paper (80 g\/m\u00b2)","og:description":"Dieses A6 Faltblatt aus Saatpapier wird nach dem Lesen eingepflanzt und enth\u00e4lt Samen f\u00fcr Blumen, Kr\u00e4uter oder Gem\u00fcse. Wir drucken dein Logo vollfarbig f\u00fcr starke Wirkung bei Events &amp; Mailings.","og:url":"https:\/\/hidalgo.nl\/de\/wp-json\/wp\/v2\/product\/128524","og:image":"https:\/\/shop.hidalgo.nl\/wp-content\/uploads\/2025\/11\/cropped-Hidalgo-est1993.png","og:image:secure_url":"https:\/\/shop.hidalgo.nl\/wp-content\/uploads\/2025\/11\/cropped-Hidalgo-est1993.png","article:published_time":"2025-07-07T19:45:16+00:00","article:modified_time":"2026-02-26T07:40:42+00:00","twitter:card":"summary_large_image","twitter:title":"Leaflet A6 Seed Paper (80 g\/m\u00b2)","twitter:description":"Dieses A6 Faltblatt aus Saatpapier wird nach dem Lesen eingepflanzt und enth\u00e4lt Samen f\u00fcr Blumen, Kr\u00e4uter oder Gem\u00fcse. Wir drucken dein Logo vollfarbig f\u00fcr starke Wirkung bei Events &amp; Mailings.","twitter:image":"https:\/\/shop.hidalgo.nl\/wp-content\/uploads\/2025\/11\/cropped-Hidalgo-est1993.png"},"aioseo_meta_data":{"post_id":"128524","title":null,"description":null,"keywords":null,"keyphrases":null,"primary_term":null,"canonical_url":null,"og_title":null,"og_description":null,"og_object_type":"default","og_image_type":"default","og_image_url":null,"og_image_width":null,"og_image_height":null,"og_image_custom_url":null,"og_image_custom_fields":null,"og_video":null,"og_custom_url":null,"og_article_section":null,"og_article_tags":null,"twitter_use_og":false,"twitter_card":"default","twitter_image_type":"default","twitter_image_url":null,"twitter_image_custom_url":null,"twitter_image_custom_fields":null,"twitter_title":null,"twitter_description":null,"schema":{"blockGraphs":[],"customGraphs":[],"default":{"data":{"Article":[],"Course":[],"Dataset":[],"FAQPage":[],"Movie":[],"Person":[],"Product":[],"ProductReview":[],"Car":[],"Recipe":[],"Service":[],"SoftwareApplication":[],"WebPage":[]},"graphName":"","isEnabled":true},"graphs":[]},"schema_type":"default","schema_type_options":null,"pillar_content":false,"robots_default":true,"robots_noindex":false,"robots_noarchive":false,"robots_nosnippet":false,"robots_nofollow":false,"robots_noimageindex":false,"robots_noodp":false,"robots_notranslate":false,"robots_max_snippet":null,"robots_max_videopreview":null,"robots_max_imagepreview":"large","priority":null,"frequency":null,"local_seo":null,"seo_analyzer_scan_date":"2026-01-22 10:09:00","breadcrumb_settings":null,"limit_modified_date":false,"reviewed_by":null,"open_ai":null,"ai":null,"created":"2026-01-14 06:25:38","updated":"2026-04-23 06:58:50"},"aioseo_breadcrumb":"<div class=\"aioseo-breadcrumbs\"><span class=\"aioseo-breadcrumb\">\n\t<a href=\"https:\/\/hidalgo.nl\/de\/\" title=\"Home\">Home<\/a>\n<\/span><span class=\"aioseo-breadcrumb-separator\">\u00bb<\/span><span class=\"aioseo-breadcrumb\">\n\t<a href=\"https:\/\/hidalgo.nl\/example\/\" title=\"example\">example<\/a>\n<\/span><span class=\"aioseo-breadcrumb-separator\">\u00bb<\/span><span class=\"aioseo-breadcrumb\">\n\t<a href=\"https:\/\/hidalgo.nl\/en\/product-supplier\/a508\/\" title=\"A508\">A508<\/a>\n<\/span><span class=\"aioseo-breadcrumb-separator\">\u00bb<\/span><span class=\"aioseo-breadcrumb\">\n\tLeaflet A6 Seed Paper (80 g\/m\u00b2)\n<\/span><\/div>","aioseo_breadcrumb_json":[{"label":"Home","link":"https:\/\/hidalgo.nl\/de\/"},{"label":"example","link":"https:\/\/hidalgo.nl\/example\/"},{"label":"A508","link":"https:\/\/hidalgo.nl\/en\/product-supplier\/a508\/"},{"label":"Leaflet A6 Seed Paper (80 g\/m\u00b2)","link":"https:\/\/hidalgo.nl\/de\/product\/leaflet-a6-seed-paper-80-gr\/"}],"_links":{"self":[{"href":"https:\/\/hidalgo.nl\/de\/wp-json\/wp\/v2\/product\/128524","targetHints":{"allow":["GET"]}}],"collection":[{"href":"https:\/\/hidalgo.nl\/de\/wp-json\/wp\/v2\/product"}],"about":[{"href":"https:\/\/hidalgo.nl\/de\/wp-json\/wp\/v2\/types\/product"}],"wp:featuredmedia":[{"embeddable":true,"href":"https:\/\/hidalgo.nl\/de\/wp-json\/wp\/v2\/media\/590428"}],"wp:attachment":[{"href":"https:\/\/hidalgo.nl\/de\/wp-json\/wp\/v2\/media?parent=128524"}],"wp:term":[{"taxonomy":"product_brand","embeddable":true,"href":"https:\/\/hidalgo.nl\/de\/wp-json\/wp\/v2\/product_brand?post=128524"},{"taxonomy":"product_cat","embeddable":true,"href":"https:\/\/hidalgo.nl\/de\/wp-json\/wp\/v2\/product_cat?post=128524"},{"taxonomy":"product_tag","embeddable":true,"href":"https:\/\/hidalgo.nl\/de\/wp-json\/wp\/v2\/product_tag?post=128524"}],"curies":[{"name":"wp","href":"https:\/\/api.w.org\/{rel}","templated":true}]}}