{"id":128503,"date":"2025-07-07T19:44:40","date_gmt":"2025-07-07T19:44:40","guid":{"rendered":"http:\/\/bidonsenshakers.pim.hidalgo.nl\/product\/growing-kit-with-sleeve\/"},"modified":"2026-02-26T07:40:49","modified_gmt":"2026-02-26T07:40:49","slug":"growing-kit-with-sleeve","status":"publish","type":"product","link":"https:\/\/hidalgo.nl\/de\/product\/growing-kit-with-sleeve\/","title":{"rendered":"Growing Kit with Sleeve"},"content":{"rendered":"<p>Kweeksetje bestaande uit: \u2022 1 x terracotta potje (\u00d8 5,5 cm x 5 cm) \u2022 1 x zakje zaden naar keuze: bloemen, kruiden of groenten. \u2022 1x aardetablet (\u00d8 3 cm) \u2022 1 x full colour gepersonaliseerde kartonnen wikkel die je volledig kunt afstemmen op je merk of boodschap.     Keuze uit drie soorten zaden: bloemen, kruiden of groenten.     Deze set laat op een inspirerende manier een positieve indruk achter. Made in Europe.<\/p>\n","protected":false},"excerpt":{"rendered":"<p>Kweeksetje bestaande uit: \u2022 1 x terracotta potje (\u00d8 5,5 cm x 5 cm) \u2022 1 x zakje zaden naar keuze: bloemen, kruiden of groenten. \u2022 1x aardetablet (\u00d8 3 cm) \u2022 1 x full colour gepersonaliseerde kartonnen wikkel die je volledig kunt afstemmen op je merk of boodschap. Keuze uit drie soorten zaden: bloemen,&hellip; <a class=\"more-link\" href=\"https:\/\/hidalgo.nl\/de\/product\/growing-kit-with-sleeve\/\"><span class=\"screen-reader-text\">Growing Kit with Sleeve<\/span> weiterlesen<\/a><\/p>\n","protected":false},"featured_media":590516,"template":"","meta":{"_acf_changed":false,"om_disable_all_campaigns":false,"_monsterinsights_skip_tracking":false,"_monsterinsights_sitenote_active":false,"_monsterinsights_sitenote_note":"","_monsterinsights_sitenote_category":0},"product_brand":[],"product_cat":[4719,4728,4729],"product_tag":[],"class_list":{"0":"post-128503","1":"product","2":"type-product","3":"status-publish","4":"has-post-thumbnail","6":"product_supplier-a508","7":"product_material-zaadjesterracotta","8":"product_cat-promotionele-artikelen","9":"product_cat-promotionele-artikelen-thuis-keuken-en-tuin","10":"product_cat-tuin","11":"entry","13":"first","14":"instock","15":"taxable","16":"shipping-taxable","17":"purchasable","18":"product-type-variable"},"acf":{"imprint_cost":[{"imprint_cost_key":"214d6f13439776a38b9cc58a37ffea5cfccacea5","product_quantity_price_range":[{"imprint_cost_recommended_selling_price":"0","imprint_cost_recommended_selling_quantity":"1"},{"imprint_cost_recommended_selling_price":"0","imprint_cost_recommended_selling_quantity":"25"},{"imprint_cost_recommended_selling_price":"0","imprint_cost_recommended_selling_quantity":"50"},{"imprint_cost_recommended_selling_price":"0","imprint_cost_recommended_selling_quantity":"100"},{"imprint_cost_recommended_selling_price":"0","imprint_cost_recommended_selling_quantity":"250"},{"imprint_cost_recommended_selling_price":"0","imprint_cost_recommended_selling_quantity":"500"},{"imprint_cost_recommended_selling_price":"0","imprint_cost_recommended_selling_quantity":"1000"},{"imprint_cost_recommended_selling_price":"0","imprint_cost_recommended_selling_quantity":"2500"},{"imprint_cost_recommended_selling_price":"0","imprint_cost_recommended_selling_quantity":"5000"}],"product_quantity_price_range_buying":[{"imprint_cost_general_buying_price":"0","imprint_cost_general_buying_quantity":"1"},{"imprint_cost_general_buying_price":"0","imprint_cost_general_buying_quantity":"25"},{"imprint_cost_general_buying_price":"0","imprint_cost_general_buying_quantity":"50"},{"imprint_cost_general_buying_price":"0","imprint_cost_general_buying_quantity":"100"},{"imprint_cost_general_buying_price":"0","imprint_cost_general_buying_quantity":"250"},{"imprint_cost_general_buying_price":"0","imprint_cost_general_buying_quantity":"500"},{"imprint_cost_general_buying_price":"0","imprint_cost_general_buying_quantity":"1000"},{"imprint_cost_general_buying_price":"0","imprint_cost_general_buying_quantity":"2500"},{"imprint_cost_general_buying_price":"0","imprint_cost_general_buying_quantity":"5000"}],"imprint_cost_setup_costs":"45","imprint_cost_handling_costs":"0"}]},"aioseo_notices":[],"aioseo_head":"\n\t\t<!-- All in One SEO Pro 4.9.6.2 - aioseo.com -->\n\t<meta name=\"description\" content=\"Mit diesem kompakten Anzuchtset startest du direkt im Terrakotta-T\u00f6pfchen; w\u00e4hle aus drei Saat-Optionen f\u00fcr zuhause oder im B\u00fcro. Hidalgo druckt die Banderole vollfarbig mit deinem Logo - ideal als Giveaway f\u00fcr Messen &amp; Events.\" \/>\n\t<meta name=\"robots\" content=\"max-image-preview:large\" \/>\n\t<link rel=\"canonical\" href=\"https:\/\/hidalgo.nl\/de\/wp-json\/wp\/v2\/product\/128503\" \/>\n\t<meta name=\"generator\" content=\"All in One SEO Pro (AIOSEO) 4.9.6.2\" \/>\n\t\t<meta property=\"og:locale\" content=\"de_DE\" \/>\n\t\t<meta property=\"og:site_name\" content=\"Hidalgo -\" \/>\n\t\t<meta property=\"og:type\" content=\"article\" \/>\n\t\t<meta property=\"og:title\" content=\"Growing Kit with Sleeve\" \/>\n\t\t<meta property=\"og:description\" content=\"Mit diesem kompakten Anzuchtset startest du direkt im Terrakotta-T\u00f6pfchen; w\u00e4hle aus drei Saat-Optionen f\u00fcr zuhause oder im B\u00fcro. Hidalgo druckt die Banderole vollfarbig mit deinem Logo - ideal als Giveaway f\u00fcr Messen &amp; Events.\" \/>\n\t\t<meta property=\"og:url\" content=\"https:\/\/hidalgo.nl\/de\/wp-json\/wp\/v2\/product\/128503\" \/>\n\t\t<meta property=\"og:image\" content=\"https:\/\/shop.hidalgo.nl\/wp-content\/uploads\/2025\/11\/cropped-Hidalgo-est1993.png\" \/>\n\t\t<meta property=\"og:image:secure_url\" content=\"https:\/\/shop.hidalgo.nl\/wp-content\/uploads\/2025\/11\/cropped-Hidalgo-est1993.png\" \/>\n\t\t<meta property=\"article:published_time\" content=\"2025-07-07T19:44:40+00:00\" \/>\n\t\t<meta property=\"article:modified_time\" content=\"2026-02-26T07:40:49+00:00\" \/>\n\t\t<meta name=\"twitter:card\" content=\"summary_large_image\" \/>\n\t\t<meta name=\"twitter:title\" content=\"Growing Kit with Sleeve\" \/>\n\t\t<meta name=\"twitter:description\" content=\"Mit diesem kompakten Anzuchtset startest du direkt im Terrakotta-T\u00f6pfchen; w\u00e4hle aus drei Saat-Optionen f\u00fcr zuhause oder im B\u00fcro. Hidalgo druckt die Banderole vollfarbig mit deinem Logo - ideal als Giveaway f\u00fcr Messen &amp; Events.\" \/>\n\t\t<meta name=\"twitter:image\" content=\"https:\/\/shop.hidalgo.nl\/wp-content\/uploads\/2025\/11\/cropped-Hidalgo-est1993.png\" \/>\n\t\t<script type=\"application\/ld+json\" class=\"aioseo-schema\">\n\t\t\t{\"@context\":\"https:\\\/\\\/schema.org\",\"@graph\":[{\"@type\":\"BreadcrumbList\",\"@id\":\"https:\\\/\\\/hidalgo.nl\\\/de\\\/product\\\/growing-kit-with-sleeve\\\/#breadcrumblist\",\"itemListElement\":[{\"@type\":\"ListItem\",\"@id\":\"https:\\\/\\\/hidalgo.nl\\\/de\\\/#listItem\",\"position\":1,\"name\":\"Home\",\"item\":\"https:\\\/\\\/hidalgo.nl\\\/de\\\/\",\"nextItem\":{\"@type\":\"ListItem\",\"@id\":\"https:\\\/\\\/hidalgo.nl\\\/example\\\/#listItem\",\"name\":\"example\"}},{\"@type\":\"ListItem\",\"@id\":\"https:\\\/\\\/hidalgo.nl\\\/example\\\/#listItem\",\"position\":2,\"name\":\"example\",\"item\":\"https:\\\/\\\/hidalgo.nl\\\/example\\\/\",\"nextItem\":{\"@type\":\"ListItem\",\"@id\":\"https:\\\/\\\/hidalgo.nl\\\/en\\\/product-supplier\\\/a508\\\/#listItem\",\"name\":\"A508\"},\"previousItem\":{\"@type\":\"ListItem\",\"@id\":\"https:\\\/\\\/hidalgo.nl\\\/de\\\/#listItem\",\"name\":\"Home\"}},{\"@type\":\"ListItem\",\"@id\":\"https:\\\/\\\/hidalgo.nl\\\/en\\\/product-supplier\\\/a508\\\/#listItem\",\"position\":3,\"name\":\"A508\",\"item\":\"https:\\\/\\\/hidalgo.nl\\\/en\\\/product-supplier\\\/a508\\\/\",\"nextItem\":{\"@type\":\"ListItem\",\"@id\":\"https:\\\/\\\/hidalgo.nl\\\/de\\\/product\\\/growing-kit-with-sleeve\\\/#listItem\",\"name\":\"Growing Kit with Sleeve\"},\"previousItem\":{\"@type\":\"ListItem\",\"@id\":\"https:\\\/\\\/hidalgo.nl\\\/example\\\/#listItem\",\"name\":\"example\"}},{\"@type\":\"ListItem\",\"@id\":\"https:\\\/\\\/hidalgo.nl\\\/de\\\/product\\\/growing-kit-with-sleeve\\\/#listItem\",\"position\":4,\"name\":\"Growing Kit with Sleeve\",\"previousItem\":{\"@type\":\"ListItem\",\"@id\":\"https:\\\/\\\/hidalgo.nl\\\/en\\\/product-supplier\\\/a508\\\/#listItem\",\"name\":\"A508\"}}]},{\"@type\":\"Organization\",\"@id\":\"https:\\\/\\\/hidalgo.nl\\\/de\\\/#organization\",\"name\":\"Hidalgo\",\"url\":\"https:\\\/\\\/hidalgo.nl\\\/de\\\/\",\"logo\":{\"@type\":\"ImageObject\",\"url\":\"https:\\\/\\\/shop.hidalgo.nl\\\/wp-content\\\/uploads\\\/2025\\\/11\\\/cropped-Hidalgo-est1993.png\",\"@id\":\"https:\\\/\\\/hidalgo.nl\\\/de\\\/product\\\/growing-kit-with-sleeve\\\/#organizationLogo\",\"width\":585,\"height\":195},\"image\":{\"@id\":\"https:\\\/\\\/hidalgo.nl\\\/de\\\/product\\\/growing-kit-with-sleeve\\\/#organizationLogo\"}},{\"@type\":\"ProductGroup\",\"@id\":\"https:\\\/\\\/hidalgo.nl\\\/de\\\/product\\\/growing-kit-with-sleeve\\\/#wooCommerceProduct\",\"name\":\"Growing Kit with Sleeve\",\"url\":\"https:\\\/\\\/hidalgo.nl\\\/de\\\/product\\\/growing-kit-with-sleeve\\\/\",\"sku\":\"A508-2716\",\"image\":{\"@type\":\"ImageObject\",\"url\":\"https:\\\/\\\/shop.hidalgo.nl\\\/wp-content\\\/uploads\\\/2025\\\/04\\\/0ee6e032dfc1493ca197ea4bc62f5db6da9a5309cb56cb8787c5d0b6f2665a7e.jpg\",\"@id\":\"https:\\\/\\\/hidalgo.nl\\\/de\\\/product\\\/growing-kit-with-sleeve\\\/#productImage\"},\"productGroupID\":128503,\"hasVariant\":[{\"@type\":\"Product\",\"@id\":\"https:\\\/\\\/hidalgo.nl\\\/de\\\/product\\\/growing-kit-with-sleeve\\\/#wooCommerceProduct\",\"name\":\"Growing Kit with Sleeve - assorti\",\"url\":\"https:\\\/\\\/hidalgo.nl\\\/de\\\/product\\\/growing-kit-with-sleeve\\\/\",\"sku\":\"A508-271698\",\"image\":{\"@type\":\"ImageObject\",\"url\":\"https:\\\/\\\/shop.hidalgo.nl\\\/wp-content\\\/uploads\\\/2025\\\/05\\\/0ee6e032dfc1493ca197ea4bc62f5db6da9a5309cb56cb8787c5d0b6f2665a7e.jpg\",\"@id\":\"https:\\\/\\\/hidalgo.nl\\\/de\\\/product\\\/growing-kit-with-sleeve\\\/#productImage\",\"width\":1000,\"height\":1000},\"offers\":{\"@type\":\"Offer\",\"url\":\"https:\\\/\\\/hidalgo.nl\\\/de\\\/product\\\/growing-kit-with-sleeve\\\/#wooCommerceOffer\",\"price\":\"5.625\",\"priceCurrency\":\"EUR\",\"category\":\"Promotionele Artikelen\",\"availability\":\"https:\\\/\\\/schema.org\\\/InStock\",\"priceSpecification\":{\"@type\":\"PriceSpecification\",\"price\":5.625,\"priceCurrency\":\"EUR\",\"valueAddedTaxIncluded\":\"true\"}}}]},{\"@type\":\"WebPage\",\"@id\":\"https:\\\/\\\/hidalgo.nl\\\/de\\\/product\\\/growing-kit-with-sleeve\\\/#webpage\",\"url\":\"https:\\\/\\\/hidalgo.nl\\\/de\\\/product\\\/growing-kit-with-sleeve\\\/\",\"name\":\"Growing Kit with Sleeve\",\"description\":\"Mit diesem kompakten Anzuchtset startest du direkt im Terrakotta-T\\u00f6pfchen; w\\u00e4hle aus drei Saat-Optionen f\\u00fcr zuhause oder im B\\u00fcro. Hidalgo druckt die Banderole vollfarbig mit deinem Logo - ideal als Giveaway f\\u00fcr Messen & Events.\",\"inLanguage\":\"de-DE\",\"isPartOf\":{\"@id\":\"https:\\\/\\\/hidalgo.nl\\\/de\\\/#website\"},\"breadcrumb\":{\"@id\":\"https:\\\/\\\/hidalgo.nl\\\/de\\\/product\\\/growing-kit-with-sleeve\\\/#breadcrumblist\"},\"image\":{\"@type\":\"ImageObject\",\"url\":\"https:\\\/\\\/shop.hidalgo.nl\\\/wp-content\\\/uploads\\\/2025\\\/04\\\/0ee6e032dfc1493ca197ea4bc62f5db6da9a5309cb56cb8787c5d0b6f2665a7e.jpg\",\"@id\":\"https:\\\/\\\/hidalgo.nl\\\/de\\\/product\\\/growing-kit-with-sleeve\\\/#mainImage\"},\"primaryImageOfPage\":{\"@id\":\"https:\\\/\\\/hidalgo.nl\\\/de\\\/product\\\/growing-kit-with-sleeve\\\/#mainImage\"},\"datePublished\":\"2025-07-07T19:44:40+00:00\",\"dateModified\":\"2026-02-26T07:40:49+00:00\"},{\"@type\":\"WebSite\",\"@id\":\"https:\\\/\\\/hidalgo.nl\\\/de\\\/#website\",\"url\":\"https:\\\/\\\/hidalgo.nl\\\/de\\\/\",\"name\":\"Hidalgo\",\"inLanguage\":\"de-DE\",\"publisher\":{\"@id\":\"https:\\\/\\\/hidalgo.nl\\\/de\\\/#organization\"}}]}\n\t\t<\/script>\n\t\t<!-- All in One SEO Pro -->\r\n\t\t<title>Growing Kit with Sleeve<\/title>\n\n","aioseo_head_json":{"title":"Growing Kit with Sleeve","description":"Mit diesem kompakten Anzuchtset startest du direkt im Terrakotta-T\u00f6pfchen; w\u00e4hle aus drei Saat-Optionen f\u00fcr zuhause oder im B\u00fcro. Hidalgo druckt die Banderole vollfarbig mit deinem Logo - ideal als Giveaway f\u00fcr Messen & Events.","canonical_url":"https:\/\/hidalgo.nl\/de\/wp-json\/wp\/v2\/product\/128503","robots":"max-image-preview:large","keywords":"","webmasterTools":{"miscellaneous":""},"schema":{"@context":"https:\/\/schema.org","@graph":[{"@type":"BreadcrumbList","@id":"https:\/\/hidalgo.nl\/de\/product\/growing-kit-with-sleeve\/#breadcrumblist","itemListElement":[{"@type":"ListItem","@id":"https:\/\/hidalgo.nl\/de\/#listItem","position":1,"name":"Home","item":"https:\/\/hidalgo.nl\/de\/","nextItem":{"@type":"ListItem","@id":"https:\/\/hidalgo.nl\/example\/#listItem","name":"example"}},{"@type":"ListItem","@id":"https:\/\/hidalgo.nl\/example\/#listItem","position":2,"name":"example","item":"https:\/\/hidalgo.nl\/example\/","nextItem":{"@type":"ListItem","@id":"https:\/\/hidalgo.nl\/en\/product-supplier\/a508\/#listItem","name":"A508"},"previousItem":{"@type":"ListItem","@id":"https:\/\/hidalgo.nl\/de\/#listItem","name":"Home"}},{"@type":"ListItem","@id":"https:\/\/hidalgo.nl\/en\/product-supplier\/a508\/#listItem","position":3,"name":"A508","item":"https:\/\/hidalgo.nl\/en\/product-supplier\/a508\/","nextItem":{"@type":"ListItem","@id":"https:\/\/hidalgo.nl\/de\/product\/growing-kit-with-sleeve\/#listItem","name":"Growing Kit with Sleeve"},"previousItem":{"@type":"ListItem","@id":"https:\/\/hidalgo.nl\/example\/#listItem","name":"example"}},{"@type":"ListItem","@id":"https:\/\/hidalgo.nl\/de\/product\/growing-kit-with-sleeve\/#listItem","position":4,"name":"Growing Kit with Sleeve","previousItem":{"@type":"ListItem","@id":"https:\/\/hidalgo.nl\/en\/product-supplier\/a508\/#listItem","name":"A508"}}]},{"@type":"Organization","@id":"https:\/\/hidalgo.nl\/de\/#organization","name":"Hidalgo","url":"https:\/\/hidalgo.nl\/de\/","logo":{"@type":"ImageObject","url":"https:\/\/shop.hidalgo.nl\/wp-content\/uploads\/2025\/11\/cropped-Hidalgo-est1993.png","@id":"https:\/\/hidalgo.nl\/de\/product\/growing-kit-with-sleeve\/#organizationLogo","width":585,"height":195},"image":{"@id":"https:\/\/hidalgo.nl\/de\/product\/growing-kit-with-sleeve\/#organizationLogo"}},{"@type":"ProductGroup","@id":"https:\/\/hidalgo.nl\/de\/product\/growing-kit-with-sleeve\/#wooCommerceProduct","name":"Growing Kit with Sleeve","url":"https:\/\/hidalgo.nl\/de\/product\/growing-kit-with-sleeve\/","sku":"A508-2716","image":{"@type":"ImageObject","url":"https:\/\/shop.hidalgo.nl\/wp-content\/uploads\/2025\/04\/0ee6e032dfc1493ca197ea4bc62f5db6da9a5309cb56cb8787c5d0b6f2665a7e.jpg","@id":"https:\/\/hidalgo.nl\/de\/product\/growing-kit-with-sleeve\/#productImage"},"productGroupID":128503,"hasVariant":[{"@type":"Product","@id":"https:\/\/hidalgo.nl\/de\/product\/growing-kit-with-sleeve\/#wooCommerceProduct","name":"Growing Kit with Sleeve - assorti","url":"https:\/\/hidalgo.nl\/de\/product\/growing-kit-with-sleeve\/","sku":"A508-271698","image":{"@type":"ImageObject","url":"https:\/\/shop.hidalgo.nl\/wp-content\/uploads\/2025\/05\/0ee6e032dfc1493ca197ea4bc62f5db6da9a5309cb56cb8787c5d0b6f2665a7e.jpg","@id":"https:\/\/hidalgo.nl\/de\/product\/growing-kit-with-sleeve\/#productImage","width":1000,"height":1000},"offers":{"@type":"Offer","url":"https:\/\/hidalgo.nl\/de\/product\/growing-kit-with-sleeve\/#wooCommerceOffer","price":"5.625","priceCurrency":"EUR","category":"Promotionele Artikelen","availability":"https:\/\/schema.org\/InStock","priceSpecification":{"@type":"PriceSpecification","price":5.625,"priceCurrency":"EUR","valueAddedTaxIncluded":"true"}}}]},{"@type":"WebPage","@id":"https:\/\/hidalgo.nl\/de\/product\/growing-kit-with-sleeve\/#webpage","url":"https:\/\/hidalgo.nl\/de\/product\/growing-kit-with-sleeve\/","name":"Growing Kit with Sleeve","description":"Mit diesem kompakten Anzuchtset startest du direkt im Terrakotta-T\u00f6pfchen; w\u00e4hle aus drei Saat-Optionen f\u00fcr zuhause oder im B\u00fcro. Hidalgo druckt die Banderole vollfarbig mit deinem Logo - ideal als Giveaway f\u00fcr Messen & Events.","inLanguage":"de-DE","isPartOf":{"@id":"https:\/\/hidalgo.nl\/de\/#website"},"breadcrumb":{"@id":"https:\/\/hidalgo.nl\/de\/product\/growing-kit-with-sleeve\/#breadcrumblist"},"image":{"@type":"ImageObject","url":"https:\/\/shop.hidalgo.nl\/wp-content\/uploads\/2025\/04\/0ee6e032dfc1493ca197ea4bc62f5db6da9a5309cb56cb8787c5d0b6f2665a7e.jpg","@id":"https:\/\/hidalgo.nl\/de\/product\/growing-kit-with-sleeve\/#mainImage"},"primaryImageOfPage":{"@id":"https:\/\/hidalgo.nl\/de\/product\/growing-kit-with-sleeve\/#mainImage"},"datePublished":"2025-07-07T19:44:40+00:00","dateModified":"2026-02-26T07:40:49+00:00"},{"@type":"WebSite","@id":"https:\/\/hidalgo.nl\/de\/#website","url":"https:\/\/hidalgo.nl\/de\/","name":"Hidalgo","inLanguage":"de-DE","publisher":{"@id":"https:\/\/hidalgo.nl\/de\/#organization"}}]},"og:locale":"de_DE","og:site_name":"Hidalgo -","og:type":"article","og:title":"Growing Kit with Sleeve","og:description":"Mit diesem kompakten Anzuchtset startest du direkt im Terrakotta-T\u00f6pfchen; w\u00e4hle aus drei Saat-Optionen f\u00fcr zuhause oder im B\u00fcro. Hidalgo druckt die Banderole vollfarbig mit deinem Logo - ideal als Giveaway f\u00fcr Messen &amp; Events.","og:url":"https:\/\/hidalgo.nl\/de\/wp-json\/wp\/v2\/product\/128503","og:image":"https:\/\/shop.hidalgo.nl\/wp-content\/uploads\/2025\/11\/cropped-Hidalgo-est1993.png","og:image:secure_url":"https:\/\/shop.hidalgo.nl\/wp-content\/uploads\/2025\/11\/cropped-Hidalgo-est1993.png","article:published_time":"2025-07-07T19:44:40+00:00","article:modified_time":"2026-02-26T07:40:49+00:00","twitter:card":"summary_large_image","twitter:title":"Growing Kit with Sleeve","twitter:description":"Mit diesem kompakten Anzuchtset startest du direkt im Terrakotta-T\u00f6pfchen; w\u00e4hle aus drei Saat-Optionen f\u00fcr zuhause oder im B\u00fcro. Hidalgo druckt die Banderole vollfarbig mit deinem Logo - ideal als Giveaway f\u00fcr Messen &amp; Events.","twitter:image":"https:\/\/shop.hidalgo.nl\/wp-content\/uploads\/2025\/11\/cropped-Hidalgo-est1993.png"},"aioseo_meta_data":{"post_id":"128503","title":null,"description":null,"keywords":null,"keyphrases":null,"primary_term":null,"canonical_url":null,"og_title":null,"og_description":null,"og_object_type":"default","og_image_type":"default","og_image_url":null,"og_image_width":null,"og_image_height":null,"og_image_custom_url":null,"og_image_custom_fields":null,"og_video":null,"og_custom_url":null,"og_article_section":null,"og_article_tags":null,"twitter_use_og":false,"twitter_card":"default","twitter_image_type":"default","twitter_image_url":null,"twitter_image_custom_url":null,"twitter_image_custom_fields":null,"twitter_title":null,"twitter_description":null,"schema":{"blockGraphs":[],"customGraphs":[],"default":{"data":{"Article":[],"Course":[],"Dataset":[],"FAQPage":[],"Movie":[],"Person":[],"Product":[],"ProductReview":[],"Car":[],"Recipe":[],"Service":[],"SoftwareApplication":[],"WebPage":[]},"graphName":"","isEnabled":true},"graphs":[]},"schema_type":"default","schema_type_options":null,"pillar_content":false,"robots_default":true,"robots_noindex":false,"robots_noarchive":false,"robots_nosnippet":false,"robots_nofollow":false,"robots_noimageindex":false,"robots_noodp":false,"robots_notranslate":false,"robots_max_snippet":null,"robots_max_videopreview":null,"robots_max_imagepreview":"large","priority":null,"frequency":null,"local_seo":null,"seo_analyzer_scan_date":"2026-01-22 10:07:50","breadcrumb_settings":null,"limit_modified_date":false,"reviewed_by":null,"open_ai":null,"ai":null,"created":"2026-01-14 06:25:38","updated":"2026-04-23 06:58:49"},"aioseo_breadcrumb":"<div class=\"aioseo-breadcrumbs\"><span class=\"aioseo-breadcrumb\">\n\t<a href=\"https:\/\/hidalgo.nl\/de\/\" title=\"Home\">Home<\/a>\n<\/span><span class=\"aioseo-breadcrumb-separator\">\u00bb<\/span><span class=\"aioseo-breadcrumb\">\n\t<a href=\"https:\/\/hidalgo.nl\/example\/\" title=\"example\">example<\/a>\n<\/span><span class=\"aioseo-breadcrumb-separator\">\u00bb<\/span><span class=\"aioseo-breadcrumb\">\n\t<a href=\"https:\/\/hidalgo.nl\/en\/product-supplier\/a508\/\" title=\"A508\">A508<\/a>\n<\/span><span class=\"aioseo-breadcrumb-separator\">\u00bb<\/span><span class=\"aioseo-breadcrumb\">\n\tGrowing Kit with Sleeve\n<\/span><\/div>","aioseo_breadcrumb_json":[{"label":"Home","link":"https:\/\/hidalgo.nl\/de\/"},{"label":"example","link":"https:\/\/hidalgo.nl\/example\/"},{"label":"A508","link":"https:\/\/hidalgo.nl\/en\/product-supplier\/a508\/"},{"label":"Growing Kit with Sleeve","link":"https:\/\/hidalgo.nl\/de\/product\/growing-kit-with-sleeve\/"}],"_links":{"self":[{"href":"https:\/\/hidalgo.nl\/de\/wp-json\/wp\/v2\/product\/128503","targetHints":{"allow":["GET"]}}],"collection":[{"href":"https:\/\/hidalgo.nl\/de\/wp-json\/wp\/v2\/product"}],"about":[{"href":"https:\/\/hidalgo.nl\/de\/wp-json\/wp\/v2\/types\/product"}],"wp:featuredmedia":[{"embeddable":true,"href":"https:\/\/hidalgo.nl\/de\/wp-json\/wp\/v2\/media\/590516"}],"wp:attachment":[{"href":"https:\/\/hidalgo.nl\/de\/wp-json\/wp\/v2\/media?parent=128503"}],"wp:term":[{"taxonomy":"product_brand","embeddable":true,"href":"https:\/\/hidalgo.nl\/de\/wp-json\/wp\/v2\/product_brand?post=128503"},{"taxonomy":"product_cat","embeddable":true,"href":"https:\/\/hidalgo.nl\/de\/wp-json\/wp\/v2\/product_cat?post=128503"},{"taxonomy":"product_tag","embeddable":true,"href":"https:\/\/hidalgo.nl\/de\/wp-json\/wp\/v2\/product_tag?post=128503"}],"curies":[{"name":"wp","href":"https:\/\/api.w.org\/{rel}","templated":true}]}}