{"id":128500,"date":"2025-07-07T19:44:35","date_gmt":"2025-07-07T19:44:35","guid":{"rendered":"http:\/\/bidonsenshakers.pim.hidalgo.nl\/product\/leaflet-a5-flower-seed-paper-200-gr\/"},"modified":"2026-02-26T07:40:51","modified_gmt":"2026-02-26T07:40:51","slug":"leaflet-a5-flower-seed-paper-200-gr","status":"publish","type":"product","link":"https:\/\/hidalgo.nl\/de\/product\/leaflet-a5-flower-seed-paper-200-gr\/","title":{"rendered":"Leaflet A5 Flower Seed Paper (200 g\/m\u00b2)"},"content":{"rendered":"<p>Leaflet in A5-formaat van biologisch afbreekbaar papier met bloemzaden (200 g\/m\u00b2 zaadpapier). Inclusief full colour opdruk op \u00e9\u00e9n zijde, die je volledig kunt afstemmen op je merk of boodschap. Een (full colour) opdruk op de tweede zijde is mogelijk tegen meerprijs.    De bloemenmix bestaat uit: Godetia, Mesembrantium,  Petunia, Gypsophila,  Antirrhinum, Allysum Bentany.      Deze leaflet combineert communicatie met een verrassend effect. Ideaal voor beurzen, evenementen en mailingcampagnes om je boodschap op een originele manier onder de aandacht te brengen. De leaflet hoeft niet bij het oud papier te worden verzameld maar kan in de grond worden geplant, waar de zaden uitgroeien tot bloemen.    Door het verwerken van zaden en het gebruik van gerecyclede materialen zijn kleine oneffenheden in het materiaal zichtbaar. Made in Europe.<\/p>\n","protected":false},"excerpt":{"rendered":"<p>Leaflet in A5-formaat van biologisch afbreekbaar papier met bloemzaden (200 g\/m\u00b2 zaadpapier). Inclusief full colour opdruk op \u00e9\u00e9n zijde, die je volledig kunt afstemmen op je merk of boodschap. Een (full colour) opdruk op de tweede zijde is mogelijk tegen meerprijs. De bloemenmix bestaat uit: Godetia, Mesembrantium, Petunia, Gypsophila, Antirrhinum, Allysum Bentany. Deze leaflet combineert&hellip; <a class=\"more-link\" href=\"https:\/\/hidalgo.nl\/de\/product\/leaflet-a5-flower-seed-paper-200-gr\/\"><span class=\"screen-reader-text\">Leaflet A5 Flower Seed Paper (200 g\/m\u00b2)<\/span> weiterlesen<\/a><\/p>\n","protected":false},"featured_media":590533,"template":"","meta":{"_acf_changed":false,"om_disable_all_campaigns":false,"_monsterinsights_skip_tracking":false,"_monsterinsights_sitenote_active":false,"_monsterinsights_sitenote_note":"","_monsterinsights_sitenote_category":0},"product_brand":[],"product_cat":[4818,4741,4719],"product_tag":[],"class_list":{"0":"post-128500","1":"product","2":"type-product","3":"status-publish","4":"has-post-thumbnail","6":"product_supplier-a508","7":"product_material-zaadpapier","8":"product_cat-promotionele-artikelen-kantoor-artikelen-bureau-accessoires","9":"product_cat-promotionele-artikelen-kantoor-artikelen","10":"product_cat-promotionele-artikelen","11":"entry","13":"first","14":"instock","15":"taxable","16":"shipping-taxable","17":"purchasable","18":"product-type-variable"},"acf":{"imprint_cost":[{"imprint_cost_key":"37cf5e0325ba7f4bcf66e786e892f6224043f052","product_quantity_price_range":[{"imprint_cost_recommended_selling_price":"1.125","imprint_cost_recommended_selling_quantity":"1"},{"imprint_cost_recommended_selling_price":"0.9","imprint_cost_recommended_selling_quantity":"25"},{"imprint_cost_recommended_selling_price":"0.66","imprint_cost_recommended_selling_quantity":"50"},{"imprint_cost_recommended_selling_price":"0.48","imprint_cost_recommended_selling_quantity":"100"},{"imprint_cost_recommended_selling_price":"0.375","imprint_cost_recommended_selling_quantity":"250"},{"imprint_cost_recommended_selling_price":"0.3","imprint_cost_recommended_selling_quantity":"500"},{"imprint_cost_recommended_selling_price":"0.24","imprint_cost_recommended_selling_quantity":"1000"},{"imprint_cost_recommended_selling_price":"0.21","imprint_cost_recommended_selling_quantity":"2500"},{"imprint_cost_recommended_selling_price":"0.195","imprint_cost_recommended_selling_quantity":"5000"}],"product_quantity_price_range_buying":[{"imprint_cost_general_buying_price":"0.75","imprint_cost_general_buying_quantity":"1"},{"imprint_cost_general_buying_price":"0.6","imprint_cost_general_buying_quantity":"25"},{"imprint_cost_general_buying_price":"0.44","imprint_cost_general_buying_quantity":"50"},{"imprint_cost_general_buying_price":"0.32","imprint_cost_general_buying_quantity":"100"},{"imprint_cost_general_buying_price":"0.25","imprint_cost_general_buying_quantity":"250"},{"imprint_cost_general_buying_price":"0.2","imprint_cost_general_buying_quantity":"500"},{"imprint_cost_general_buying_price":"0.16","imprint_cost_general_buying_quantity":"1000"},{"imprint_cost_general_buying_price":"0.14","imprint_cost_general_buying_quantity":"2500"},{"imprint_cost_general_buying_price":"0.13","imprint_cost_general_buying_quantity":"5000"}],"imprint_cost_setup_costs":"45","imprint_cost_handling_costs":"0"},{"imprint_cost_key":"471208d37a497fa62c59ae31950944d6c1e17725","product_quantity_price_range":[{"imprint_cost_recommended_selling_price":"0","imprint_cost_recommended_selling_quantity":"1"},{"imprint_cost_recommended_selling_price":"0","imprint_cost_recommended_selling_quantity":"25"},{"imprint_cost_recommended_selling_price":"0","imprint_cost_recommended_selling_quantity":"50"},{"imprint_cost_recommended_selling_price":"0","imprint_cost_recommended_selling_quantity":"100"},{"imprint_cost_recommended_selling_price":"0","imprint_cost_recommended_selling_quantity":"250"},{"imprint_cost_recommended_selling_price":"0","imprint_cost_recommended_selling_quantity":"500"},{"imprint_cost_recommended_selling_price":"0","imprint_cost_recommended_selling_quantity":"1000"},{"imprint_cost_recommended_selling_price":"0","imprint_cost_recommended_selling_quantity":"2500"},{"imprint_cost_recommended_selling_price":"0","imprint_cost_recommended_selling_quantity":"5000"}],"product_quantity_price_range_buying":[{"imprint_cost_general_buying_price":"0","imprint_cost_general_buying_quantity":"1"},{"imprint_cost_general_buying_price":"0","imprint_cost_general_buying_quantity":"25"},{"imprint_cost_general_buying_price":"0","imprint_cost_general_buying_quantity":"50"},{"imprint_cost_general_buying_price":"0","imprint_cost_general_buying_quantity":"100"},{"imprint_cost_general_buying_price":"0","imprint_cost_general_buying_quantity":"250"},{"imprint_cost_general_buying_price":"0","imprint_cost_general_buying_quantity":"500"},{"imprint_cost_general_buying_price":"0","imprint_cost_general_buying_quantity":"1000"},{"imprint_cost_general_buying_price":"0","imprint_cost_general_buying_quantity":"2500"},{"imprint_cost_general_buying_price":"0","imprint_cost_general_buying_quantity":"5000"}],"imprint_cost_setup_costs":"45","imprint_cost_handling_costs":"0"}]},"aioseo_notices":[],"aioseo_head":"\n\t\t<!-- All in One SEO Pro 4.9.6.2 - aioseo.com -->\n\t<meta name=\"description\" content=\"Pflanzbares A5-Format aus 200 g\/m\u00b2 Saatpapier: Nach dem Lesen einpflanzen und schon sprie\u00dfen farbige Bl\u00fcten. Du l\u00e4sst dein Logo vollfarbig drucken und setzt es bei Events, Mailings &amp; Give-aways ein - eine klare Botschaft mit gr\u00fcnem Effekt.\" \/>\n\t<meta name=\"robots\" content=\"max-image-preview:large\" \/>\n\t<link rel=\"canonical\" href=\"https:\/\/hidalgo.nl\/de\/wp-json\/wp\/v2\/product\/128500\" \/>\n\t<meta name=\"generator\" content=\"All in One SEO Pro (AIOSEO) 4.9.6.2\" \/>\n\t\t<meta property=\"og:locale\" content=\"de_DE\" \/>\n\t\t<meta property=\"og:site_name\" content=\"Hidalgo -\" \/>\n\t\t<meta property=\"og:type\" content=\"article\" \/>\n\t\t<meta property=\"og:title\" content=\"Leaflet A5 Flower Seed Paper (200 g\/m\u00b2)\" \/>\n\t\t<meta property=\"og:description\" content=\"Pflanzbares A5-Format aus 200 g\/m\u00b2 Saatpapier: Nach dem Lesen einpflanzen und schon sprie\u00dfen farbige Bl\u00fcten. Du l\u00e4sst dein Logo vollfarbig drucken und setzt es bei Events, Mailings &amp; Give-aways ein - eine klare Botschaft mit gr\u00fcnem Effekt.\" \/>\n\t\t<meta property=\"og:url\" content=\"https:\/\/hidalgo.nl\/de\/wp-json\/wp\/v2\/product\/128500\" \/>\n\t\t<meta property=\"og:image\" content=\"https:\/\/shop.hidalgo.nl\/wp-content\/uploads\/2025\/11\/cropped-Hidalgo-est1993.png\" \/>\n\t\t<meta property=\"og:image:secure_url\" content=\"https:\/\/shop.hidalgo.nl\/wp-content\/uploads\/2025\/11\/cropped-Hidalgo-est1993.png\" \/>\n\t\t<meta property=\"article:published_time\" content=\"2025-07-07T19:44:35+00:00\" \/>\n\t\t<meta property=\"article:modified_time\" content=\"2026-02-26T07:40:51+00:00\" \/>\n\t\t<meta name=\"twitter:card\" content=\"summary_large_image\" \/>\n\t\t<meta name=\"twitter:title\" content=\"Leaflet A5 Flower Seed Paper (200 g\/m\u00b2)\" \/>\n\t\t<meta name=\"twitter:description\" content=\"Pflanzbares A5-Format aus 200 g\/m\u00b2 Saatpapier: Nach dem Lesen einpflanzen und schon sprie\u00dfen farbige Bl\u00fcten. Du l\u00e4sst dein Logo vollfarbig drucken und setzt es bei Events, Mailings &amp; Give-aways ein - eine klare Botschaft mit gr\u00fcnem Effekt.\" \/>\n\t\t<meta name=\"twitter:image\" content=\"https:\/\/shop.hidalgo.nl\/wp-content\/uploads\/2025\/11\/cropped-Hidalgo-est1993.png\" \/>\n\t\t<script type=\"application\/ld+json\" class=\"aioseo-schema\">\n\t\t\t{\"@context\":\"https:\\\/\\\/schema.org\",\"@graph\":[{\"@type\":\"BreadcrumbList\",\"@id\":\"https:\\\/\\\/hidalgo.nl\\\/de\\\/product\\\/leaflet-a5-flower-seed-paper-200-gr\\\/#breadcrumblist\",\"itemListElement\":[{\"@type\":\"ListItem\",\"@id\":\"https:\\\/\\\/hidalgo.nl\\\/de\\\/#listItem\",\"position\":1,\"name\":\"Home\",\"item\":\"https:\\\/\\\/hidalgo.nl\\\/de\\\/\",\"nextItem\":{\"@type\":\"ListItem\",\"@id\":\"https:\\\/\\\/hidalgo.nl\\\/example\\\/#listItem\",\"name\":\"example\"}},{\"@type\":\"ListItem\",\"@id\":\"https:\\\/\\\/hidalgo.nl\\\/example\\\/#listItem\",\"position\":2,\"name\":\"example\",\"item\":\"https:\\\/\\\/hidalgo.nl\\\/example\\\/\",\"nextItem\":{\"@type\":\"ListItem\",\"@id\":\"https:\\\/\\\/hidalgo.nl\\\/en\\\/product-supplier\\\/a508\\\/#listItem\",\"name\":\"A508\"},\"previousItem\":{\"@type\":\"ListItem\",\"@id\":\"https:\\\/\\\/hidalgo.nl\\\/de\\\/#listItem\",\"name\":\"Home\"}},{\"@type\":\"ListItem\",\"@id\":\"https:\\\/\\\/hidalgo.nl\\\/en\\\/product-supplier\\\/a508\\\/#listItem\",\"position\":3,\"name\":\"A508\",\"item\":\"https:\\\/\\\/hidalgo.nl\\\/en\\\/product-supplier\\\/a508\\\/\",\"nextItem\":{\"@type\":\"ListItem\",\"@id\":\"https:\\\/\\\/hidalgo.nl\\\/de\\\/product\\\/leaflet-a5-flower-seed-paper-200-gr\\\/#listItem\",\"name\":\"Leaflet A5 Flower Seed Paper (200 g\\\/m\\u00b2)\"},\"previousItem\":{\"@type\":\"ListItem\",\"@id\":\"https:\\\/\\\/hidalgo.nl\\\/example\\\/#listItem\",\"name\":\"example\"}},{\"@type\":\"ListItem\",\"@id\":\"https:\\\/\\\/hidalgo.nl\\\/de\\\/product\\\/leaflet-a5-flower-seed-paper-200-gr\\\/#listItem\",\"position\":4,\"name\":\"Leaflet A5 Flower Seed Paper (200 g\\\/m\\u00b2)\",\"previousItem\":{\"@type\":\"ListItem\",\"@id\":\"https:\\\/\\\/hidalgo.nl\\\/en\\\/product-supplier\\\/a508\\\/#listItem\",\"name\":\"A508\"}}]},{\"@type\":\"Organization\",\"@id\":\"https:\\\/\\\/hidalgo.nl\\\/de\\\/#organization\",\"name\":\"Hidalgo\",\"url\":\"https:\\\/\\\/hidalgo.nl\\\/de\\\/\",\"logo\":{\"@type\":\"ImageObject\",\"url\":\"https:\\\/\\\/shop.hidalgo.nl\\\/wp-content\\\/uploads\\\/2025\\\/11\\\/cropped-Hidalgo-est1993.png\",\"@id\":\"https:\\\/\\\/hidalgo.nl\\\/de\\\/product\\\/leaflet-a5-flower-seed-paper-200-gr\\\/#organizationLogo\",\"width\":585,\"height\":195},\"image\":{\"@id\":\"https:\\\/\\\/hidalgo.nl\\\/de\\\/product\\\/leaflet-a5-flower-seed-paper-200-gr\\\/#organizationLogo\"}},{\"@type\":\"ProductGroup\",\"@id\":\"https:\\\/\\\/hidalgo.nl\\\/de\\\/product\\\/leaflet-a5-flower-seed-paper-200-gr\\\/#wooCommerceProduct\",\"name\":\"Leaflet A5 Flower Seed Paper (200 g\\\/m\\u00b2)\",\"url\":\"https:\\\/\\\/hidalgo.nl\\\/de\\\/product\\\/leaflet-a5-flower-seed-paper-200-gr\\\/\",\"sku\":\"A508-2711\",\"image\":{\"@type\":\"ImageObject\",\"url\":\"https:\\\/\\\/shop.hidalgo.nl\\\/wp-content\\\/uploads\\\/2025\\\/04\\\/3f15f4ac83bfd3b68319ace080b27eebd7a1b0126acd083adc4f09f7df1503bb.jpg\",\"@id\":\"https:\\\/\\\/hidalgo.nl\\\/de\\\/product\\\/leaflet-a5-flower-seed-paper-200-gr\\\/#productImage\"},\"productGroupID\":128500,\"hasVariant\":[{\"@type\":\"Product\",\"@id\":\"https:\\\/\\\/hidalgo.nl\\\/de\\\/product\\\/leaflet-a5-flower-seed-paper-200-gr\\\/#wooCommerceProduct\",\"name\":\"Leaflet A5 Flower Seed Paper (200 g\\\/m\\u00b2) - wit\",\"url\":\"https:\\\/\\\/hidalgo.nl\\\/de\\\/product\\\/leaflet-a5-flower-seed-paper-200-gr\\\/\",\"sku\":\"A508-271110\",\"image\":{\"@type\":\"ImageObject\",\"url\":\"https:\\\/\\\/shop.hidalgo.nl\\\/wp-content\\\/uploads\\\/2025\\\/05\\\/3f15f4ac83bfd3b68319ace080b27eebd7a1b0126acd083adc4f09f7df1503bb.jpg\",\"@id\":\"https:\\\/\\\/hidalgo.nl\\\/de\\\/product\\\/leaflet-a5-flower-seed-paper-200-gr\\\/#productImage\",\"width\":1000,\"height\":1000},\"offers\":{\"@type\":\"Offer\",\"url\":\"https:\\\/\\\/hidalgo.nl\\\/de\\\/product\\\/leaflet-a5-flower-seed-paper-200-gr\\\/#wooCommerceOffer\",\"price\":\"4.875\",\"priceCurrency\":\"EUR\",\"category\":\"Promotionele Artikelen\",\"availability\":\"https:\\\/\\\/schema.org\\\/InStock\",\"priceSpecification\":{\"@type\":\"PriceSpecification\",\"price\":4.875,\"priceCurrency\":\"EUR\",\"valueAddedTaxIncluded\":\"true\"}}}]},{\"@type\":\"WebPage\",\"@id\":\"https:\\\/\\\/hidalgo.nl\\\/de\\\/product\\\/leaflet-a5-flower-seed-paper-200-gr\\\/#webpage\",\"url\":\"https:\\\/\\\/hidalgo.nl\\\/de\\\/product\\\/leaflet-a5-flower-seed-paper-200-gr\\\/\",\"name\":\"Leaflet A5 Flower Seed Paper (200 g\\\/m\\u00b2)\",\"description\":\"Pflanzbares A5-Format aus 200 g\\\/m\\u00b2 Saatpapier: Nach dem Lesen einpflanzen und schon sprie\\u00dfen farbige Bl\\u00fcten. Du l\\u00e4sst dein Logo vollfarbig drucken und setzt es bei Events, Mailings & Give-aways ein - eine klare Botschaft mit gr\\u00fcnem Effekt.\",\"inLanguage\":\"de-DE\",\"isPartOf\":{\"@id\":\"https:\\\/\\\/hidalgo.nl\\\/de\\\/#website\"},\"breadcrumb\":{\"@id\":\"https:\\\/\\\/hidalgo.nl\\\/de\\\/product\\\/leaflet-a5-flower-seed-paper-200-gr\\\/#breadcrumblist\"},\"image\":{\"@type\":\"ImageObject\",\"url\":\"https:\\\/\\\/shop.hidalgo.nl\\\/wp-content\\\/uploads\\\/2025\\\/04\\\/3f15f4ac83bfd3b68319ace080b27eebd7a1b0126acd083adc4f09f7df1503bb.jpg\",\"@id\":\"https:\\\/\\\/hidalgo.nl\\\/de\\\/product\\\/leaflet-a5-flower-seed-paper-200-gr\\\/#mainImage\"},\"primaryImageOfPage\":{\"@id\":\"https:\\\/\\\/hidalgo.nl\\\/de\\\/product\\\/leaflet-a5-flower-seed-paper-200-gr\\\/#mainImage\"},\"datePublished\":\"2025-07-07T19:44:35+00:00\",\"dateModified\":\"2026-02-26T07:40:51+00:00\"},{\"@type\":\"WebSite\",\"@id\":\"https:\\\/\\\/hidalgo.nl\\\/de\\\/#website\",\"url\":\"https:\\\/\\\/hidalgo.nl\\\/de\\\/\",\"name\":\"Hidalgo\",\"inLanguage\":\"de-DE\",\"publisher\":{\"@id\":\"https:\\\/\\\/hidalgo.nl\\\/de\\\/#organization\"}}]}\n\t\t<\/script>\n\t\t<!-- All in One SEO Pro -->\r\n\t\t<title>Leaflet A5 Flower Seed Paper (200 g\/m\u00b2)<\/title>\n\n","aioseo_head_json":{"title":"Leaflet A5 Flower Seed Paper (200 g\/m\u00b2)","description":"Pflanzbares A5-Format aus 200 g\/m\u00b2 Saatpapier: Nach dem Lesen einpflanzen und schon sprie\u00dfen farbige Bl\u00fcten. Du l\u00e4sst dein Logo vollfarbig drucken und setzt es bei Events, Mailings & Give-aways ein - eine klare Botschaft mit gr\u00fcnem Effekt.","canonical_url":"https:\/\/hidalgo.nl\/de\/wp-json\/wp\/v2\/product\/128500","robots":"max-image-preview:large","keywords":"","webmasterTools":{"miscellaneous":""},"schema":{"@context":"https:\/\/schema.org","@graph":[{"@type":"BreadcrumbList","@id":"https:\/\/hidalgo.nl\/de\/product\/leaflet-a5-flower-seed-paper-200-gr\/#breadcrumblist","itemListElement":[{"@type":"ListItem","@id":"https:\/\/hidalgo.nl\/de\/#listItem","position":1,"name":"Home","item":"https:\/\/hidalgo.nl\/de\/","nextItem":{"@type":"ListItem","@id":"https:\/\/hidalgo.nl\/example\/#listItem","name":"example"}},{"@type":"ListItem","@id":"https:\/\/hidalgo.nl\/example\/#listItem","position":2,"name":"example","item":"https:\/\/hidalgo.nl\/example\/","nextItem":{"@type":"ListItem","@id":"https:\/\/hidalgo.nl\/en\/product-supplier\/a508\/#listItem","name":"A508"},"previousItem":{"@type":"ListItem","@id":"https:\/\/hidalgo.nl\/de\/#listItem","name":"Home"}},{"@type":"ListItem","@id":"https:\/\/hidalgo.nl\/en\/product-supplier\/a508\/#listItem","position":3,"name":"A508","item":"https:\/\/hidalgo.nl\/en\/product-supplier\/a508\/","nextItem":{"@type":"ListItem","@id":"https:\/\/hidalgo.nl\/de\/product\/leaflet-a5-flower-seed-paper-200-gr\/#listItem","name":"Leaflet A5 Flower Seed Paper (200 g\/m\u00b2)"},"previousItem":{"@type":"ListItem","@id":"https:\/\/hidalgo.nl\/example\/#listItem","name":"example"}},{"@type":"ListItem","@id":"https:\/\/hidalgo.nl\/de\/product\/leaflet-a5-flower-seed-paper-200-gr\/#listItem","position":4,"name":"Leaflet A5 Flower Seed Paper (200 g\/m\u00b2)","previousItem":{"@type":"ListItem","@id":"https:\/\/hidalgo.nl\/en\/product-supplier\/a508\/#listItem","name":"A508"}}]},{"@type":"Organization","@id":"https:\/\/hidalgo.nl\/de\/#organization","name":"Hidalgo","url":"https:\/\/hidalgo.nl\/de\/","logo":{"@type":"ImageObject","url":"https:\/\/shop.hidalgo.nl\/wp-content\/uploads\/2025\/11\/cropped-Hidalgo-est1993.png","@id":"https:\/\/hidalgo.nl\/de\/product\/leaflet-a5-flower-seed-paper-200-gr\/#organizationLogo","width":585,"height":195},"image":{"@id":"https:\/\/hidalgo.nl\/de\/product\/leaflet-a5-flower-seed-paper-200-gr\/#organizationLogo"}},{"@type":"ProductGroup","@id":"https:\/\/hidalgo.nl\/de\/product\/leaflet-a5-flower-seed-paper-200-gr\/#wooCommerceProduct","name":"Leaflet A5 Flower Seed Paper (200 g\/m\u00b2)","url":"https:\/\/hidalgo.nl\/de\/product\/leaflet-a5-flower-seed-paper-200-gr\/","sku":"A508-2711","image":{"@type":"ImageObject","url":"https:\/\/shop.hidalgo.nl\/wp-content\/uploads\/2025\/04\/3f15f4ac83bfd3b68319ace080b27eebd7a1b0126acd083adc4f09f7df1503bb.jpg","@id":"https:\/\/hidalgo.nl\/de\/product\/leaflet-a5-flower-seed-paper-200-gr\/#productImage"},"productGroupID":128500,"hasVariant":[{"@type":"Product","@id":"https:\/\/hidalgo.nl\/de\/product\/leaflet-a5-flower-seed-paper-200-gr\/#wooCommerceProduct","name":"Leaflet A5 Flower Seed Paper (200 g\/m\u00b2) - wit","url":"https:\/\/hidalgo.nl\/de\/product\/leaflet-a5-flower-seed-paper-200-gr\/","sku":"A508-271110","image":{"@type":"ImageObject","url":"https:\/\/shop.hidalgo.nl\/wp-content\/uploads\/2025\/05\/3f15f4ac83bfd3b68319ace080b27eebd7a1b0126acd083adc4f09f7df1503bb.jpg","@id":"https:\/\/hidalgo.nl\/de\/product\/leaflet-a5-flower-seed-paper-200-gr\/#productImage","width":1000,"height":1000},"offers":{"@type":"Offer","url":"https:\/\/hidalgo.nl\/de\/product\/leaflet-a5-flower-seed-paper-200-gr\/#wooCommerceOffer","price":"4.875","priceCurrency":"EUR","category":"Promotionele Artikelen","availability":"https:\/\/schema.org\/InStock","priceSpecification":{"@type":"PriceSpecification","price":4.875,"priceCurrency":"EUR","valueAddedTaxIncluded":"true"}}}]},{"@type":"WebPage","@id":"https:\/\/hidalgo.nl\/de\/product\/leaflet-a5-flower-seed-paper-200-gr\/#webpage","url":"https:\/\/hidalgo.nl\/de\/product\/leaflet-a5-flower-seed-paper-200-gr\/","name":"Leaflet A5 Flower Seed Paper (200 g\/m\u00b2)","description":"Pflanzbares A5-Format aus 200 g\/m\u00b2 Saatpapier: Nach dem Lesen einpflanzen und schon sprie\u00dfen farbige Bl\u00fcten. Du l\u00e4sst dein Logo vollfarbig drucken und setzt es bei Events, Mailings & Give-aways ein - eine klare Botschaft mit gr\u00fcnem Effekt.","inLanguage":"de-DE","isPartOf":{"@id":"https:\/\/hidalgo.nl\/de\/#website"},"breadcrumb":{"@id":"https:\/\/hidalgo.nl\/de\/product\/leaflet-a5-flower-seed-paper-200-gr\/#breadcrumblist"},"image":{"@type":"ImageObject","url":"https:\/\/shop.hidalgo.nl\/wp-content\/uploads\/2025\/04\/3f15f4ac83bfd3b68319ace080b27eebd7a1b0126acd083adc4f09f7df1503bb.jpg","@id":"https:\/\/hidalgo.nl\/de\/product\/leaflet-a5-flower-seed-paper-200-gr\/#mainImage"},"primaryImageOfPage":{"@id":"https:\/\/hidalgo.nl\/de\/product\/leaflet-a5-flower-seed-paper-200-gr\/#mainImage"},"datePublished":"2025-07-07T19:44:35+00:00","dateModified":"2026-02-26T07:40:51+00:00"},{"@type":"WebSite","@id":"https:\/\/hidalgo.nl\/de\/#website","url":"https:\/\/hidalgo.nl\/de\/","name":"Hidalgo","inLanguage":"de-DE","publisher":{"@id":"https:\/\/hidalgo.nl\/de\/#organization"}}]},"og:locale":"de_DE","og:site_name":"Hidalgo -","og:type":"article","og:title":"Leaflet A5 Flower Seed Paper (200 g\/m\u00b2)","og:description":"Pflanzbares A5-Format aus 200 g\/m\u00b2 Saatpapier: Nach dem Lesen einpflanzen und schon sprie\u00dfen farbige Bl\u00fcten. Du l\u00e4sst dein Logo vollfarbig drucken und setzt es bei Events, Mailings &amp; Give-aways ein - eine klare Botschaft mit gr\u00fcnem Effekt.","og:url":"https:\/\/hidalgo.nl\/de\/wp-json\/wp\/v2\/product\/128500","og:image":"https:\/\/shop.hidalgo.nl\/wp-content\/uploads\/2025\/11\/cropped-Hidalgo-est1993.png","og:image:secure_url":"https:\/\/shop.hidalgo.nl\/wp-content\/uploads\/2025\/11\/cropped-Hidalgo-est1993.png","article:published_time":"2025-07-07T19:44:35+00:00","article:modified_time":"2026-02-26T07:40:51+00:00","twitter:card":"summary_large_image","twitter:title":"Leaflet A5 Flower Seed Paper (200 g\/m\u00b2)","twitter:description":"Pflanzbares A5-Format aus 200 g\/m\u00b2 Saatpapier: Nach dem Lesen einpflanzen und schon sprie\u00dfen farbige Bl\u00fcten. Du l\u00e4sst dein Logo vollfarbig drucken und setzt es bei Events, Mailings &amp; Give-aways ein - eine klare Botschaft mit gr\u00fcnem Effekt.","twitter:image":"https:\/\/shop.hidalgo.nl\/wp-content\/uploads\/2025\/11\/cropped-Hidalgo-est1993.png"},"aioseo_meta_data":{"post_id":"128500","title":null,"description":null,"keywords":null,"keyphrases":null,"primary_term":null,"canonical_url":null,"og_title":null,"og_description":null,"og_object_type":"default","og_image_type":"default","og_image_url":null,"og_image_width":null,"og_image_height":null,"og_image_custom_url":null,"og_image_custom_fields":null,"og_video":null,"og_custom_url":null,"og_article_section":null,"og_article_tags":null,"twitter_use_og":false,"twitter_card":"default","twitter_image_type":"default","twitter_image_url":null,"twitter_image_custom_url":null,"twitter_image_custom_fields":null,"twitter_title":null,"twitter_description":null,"schema":{"blockGraphs":[],"customGraphs":[],"default":{"data":{"Article":[],"Course":[],"Dataset":[],"FAQPage":[],"Movie":[],"Person":[],"Product":[],"ProductReview":[],"Car":[],"Recipe":[],"Service":[],"SoftwareApplication":[],"WebPage":[]},"graphName":"","isEnabled":true},"graphs":[]},"schema_type":"default","schema_type_options":null,"pillar_content":false,"robots_default":true,"robots_noindex":false,"robots_noarchive":false,"robots_nosnippet":false,"robots_nofollow":false,"robots_noimageindex":false,"robots_noodp":false,"robots_notranslate":false,"robots_max_snippet":null,"robots_max_videopreview":null,"robots_max_imagepreview":"large","priority":null,"frequency":null,"local_seo":null,"seo_analyzer_scan_date":"2026-01-22 10:07:50","breadcrumb_settings":null,"limit_modified_date":false,"reviewed_by":null,"open_ai":null,"ai":null,"created":"2026-01-14 06:25:38","updated":"2026-04-23 06:58:49"},"aioseo_breadcrumb":"<div class=\"aioseo-breadcrumbs\"><span class=\"aioseo-breadcrumb\">\n\t<a href=\"https:\/\/hidalgo.nl\/de\/\" title=\"Home\">Home<\/a>\n<\/span><span class=\"aioseo-breadcrumb-separator\">\u00bb<\/span><span class=\"aioseo-breadcrumb\">\n\t<a href=\"https:\/\/hidalgo.nl\/example\/\" title=\"example\">example<\/a>\n<\/span><span class=\"aioseo-breadcrumb-separator\">\u00bb<\/span><span class=\"aioseo-breadcrumb\">\n\t<a href=\"https:\/\/hidalgo.nl\/en\/product-supplier\/a508\/\" title=\"A508\">A508<\/a>\n<\/span><span class=\"aioseo-breadcrumb-separator\">\u00bb<\/span><span class=\"aioseo-breadcrumb\">\n\tLeaflet A5 Flower Seed Paper (200 g\/m\u00b2)\n<\/span><\/div>","aioseo_breadcrumb_json":[{"label":"Home","link":"https:\/\/hidalgo.nl\/de\/"},{"label":"example","link":"https:\/\/hidalgo.nl\/example\/"},{"label":"A508","link":"https:\/\/hidalgo.nl\/en\/product-supplier\/a508\/"},{"label":"Leaflet A5 Flower Seed Paper (200 g\/m\u00b2)","link":"https:\/\/hidalgo.nl\/de\/product\/leaflet-a5-flower-seed-paper-200-gr\/"}],"_links":{"self":[{"href":"https:\/\/hidalgo.nl\/de\/wp-json\/wp\/v2\/product\/128500","targetHints":{"allow":["GET"]}}],"collection":[{"href":"https:\/\/hidalgo.nl\/de\/wp-json\/wp\/v2\/product"}],"about":[{"href":"https:\/\/hidalgo.nl\/de\/wp-json\/wp\/v2\/types\/product"}],"wp:featuredmedia":[{"embeddable":true,"href":"https:\/\/hidalgo.nl\/de\/wp-json\/wp\/v2\/media\/590533"}],"wp:attachment":[{"href":"https:\/\/hidalgo.nl\/de\/wp-json\/wp\/v2\/media?parent=128500"}],"wp:term":[{"taxonomy":"product_brand","embeddable":true,"href":"https:\/\/hidalgo.nl\/de\/wp-json\/wp\/v2\/product_brand?post=128500"},{"taxonomy":"product_cat","embeddable":true,"href":"https:\/\/hidalgo.nl\/de\/wp-json\/wp\/v2\/product_cat?post=128500"},{"taxonomy":"product_tag","embeddable":true,"href":"https:\/\/hidalgo.nl\/de\/wp-json\/wp\/v2\/product_tag?post=128500"}],"curies":[{"name":"wp","href":"https:\/\/api.w.org\/{rel}","templated":true}]}}