{"id":128444,"date":"2025-07-07T19:43:21","date_gmt":"2025-07-07T19:43:21","guid":{"rendered":"http:\/\/bidonsenshakers.pim.hidalgo.nl\/product\/microfiber-reinigingsdoekje\/"},"modified":"2026-02-26T07:40:58","modified_gmt":"2026-02-26T07:40:58","slug":"microfiber-reinigingsdoekje","status":"publish","type":"product","link":"https:\/\/hidalgo.nl\/de\/product\/microfiber-reinigingsdoekje\/","title":{"rendered":"Microfiber Reinigingsdoekje"},"content":{"rendered":"<p>Praktisch microfiber schoonmaakdoekje (205 g\/m\u00b2), een combinatie van 80% polyester en 20% nylon. Ideaal voor het schoonmaken van je bril of telefoonscherm. Dankzij het praktische formaat gemakkelijk op te bergen in een brillendoos. Incl. een all over full colour opdruk van excellente kwaliteit op 1 zijde. Per stuk verpakt in cellofaan.<\/p>\n","protected":false},"excerpt":{"rendered":"<p>Praktisch microfiber schoonmaakdoekje (205 g\/m\u00b2), een combinatie van 80% polyester en 20% nylon. Ideaal voor het schoonmaken van je bril of telefoonscherm. Dankzij het praktische formaat gemakkelijk op te bergen in een brillendoos. Incl. een all over full colour opdruk van excellente kwaliteit op 1 zijde. Per stuk verpakt in cellofaan.<\/p>\n","protected":false},"featured_media":591126,"template":"","meta":{"_acf_changed":false,"om_disable_all_campaigns":false,"_monsterinsights_skip_tracking":false,"_monsterinsights_sitenote_active":false,"_monsterinsights_sitenote_note":"","_monsterinsights_sitenote_category":0},"product_brand":[],"product_cat":[4720,4719,4749],"product_tag":[],"class_list":{"0":"post-128444","1":"product","2":"type-product","3":"status-publish","4":"has-post-thumbnail","6":"product_supplier-a508","7":"product_material-polyesternylon","8":"product_cat-promotionele-artikelen-elektronica-en-gadgets","9":"product_cat-promotionele-artikelen","10":"product_cat-promotionele-artikelen-elektronica-en-gadgets-telefoon-accessoires","11":"entry","13":"first","14":"instock","15":"taxable","16":"shipping-taxable","17":"purchasable","18":"product-type-variable"},"acf":{"imprint_cost":[{"imprint_cost_key":"ea772be6d55743018a6ccd84978729a3d78f927c","product_quantity_price_range":[{"imprint_cost_recommended_selling_price":"2.37","imprint_cost_recommended_selling_quantity":"1"},{"imprint_cost_recommended_selling_price":"1.92","imprint_cost_recommended_selling_quantity":"25"},{"imprint_cost_recommended_selling_price":"1.32","imprint_cost_recommended_selling_quantity":"50"},{"imprint_cost_recommended_selling_price":"0.72","imprint_cost_recommended_selling_quantity":"100"},{"imprint_cost_recommended_selling_price":"0.57","imprint_cost_recommended_selling_quantity":"250"},{"imprint_cost_recommended_selling_price":"0.45","imprint_cost_recommended_selling_quantity":"500"},{"imprint_cost_recommended_selling_price":"0.39","imprint_cost_recommended_selling_quantity":"1000"},{"imprint_cost_recommended_selling_price":"0.33","imprint_cost_recommended_selling_quantity":"2500"},{"imprint_cost_recommended_selling_price":"0.315","imprint_cost_recommended_selling_quantity":"5000"}],"product_quantity_price_range_buying":[{"imprint_cost_general_buying_price":"1.58","imprint_cost_general_buying_quantity":"1"},{"imprint_cost_general_buying_price":"1.28","imprint_cost_general_buying_quantity":"25"},{"imprint_cost_general_buying_price":"0.88","imprint_cost_general_buying_quantity":"50"},{"imprint_cost_general_buying_price":"0.48","imprint_cost_general_buying_quantity":"100"},{"imprint_cost_general_buying_price":"0.38","imprint_cost_general_buying_quantity":"250"},{"imprint_cost_general_buying_price":"0.3","imprint_cost_general_buying_quantity":"500"},{"imprint_cost_general_buying_price":"0.26","imprint_cost_general_buying_quantity":"1000"},{"imprint_cost_general_buying_price":"0.22","imprint_cost_general_buying_quantity":"2500"},{"imprint_cost_general_buying_price":"0.21","imprint_cost_general_buying_quantity":"5000"}],"imprint_cost_setup_costs":"45","imprint_cost_handling_costs":"0"},{"imprint_cost_key":"75ef673a70256c412a24103c7605a4326d9f11f4","product_quantity_price_range":[{"imprint_cost_recommended_selling_price":"4.74","imprint_cost_recommended_selling_quantity":"1"},{"imprint_cost_recommended_selling_price":"3.84","imprint_cost_recommended_selling_quantity":"25"},{"imprint_cost_recommended_selling_price":"2.64","imprint_cost_recommended_selling_quantity":"50"},{"imprint_cost_recommended_selling_price":"1.44","imprint_cost_recommended_selling_quantity":"100"},{"imprint_cost_recommended_selling_price":"1.14","imprint_cost_recommended_selling_quantity":"250"},{"imprint_cost_recommended_selling_price":"0.9","imprint_cost_recommended_selling_quantity":"500"},{"imprint_cost_recommended_selling_price":"0.78","imprint_cost_recommended_selling_quantity":"1000"},{"imprint_cost_recommended_selling_price":"0.66","imprint_cost_recommended_selling_quantity":"2500"},{"imprint_cost_recommended_selling_price":"0.63","imprint_cost_recommended_selling_quantity":"5000"}],"product_quantity_price_range_buying":[{"imprint_cost_general_buying_price":"3.16","imprint_cost_general_buying_quantity":"1"},{"imprint_cost_general_buying_price":"2.56","imprint_cost_general_buying_quantity":"25"},{"imprint_cost_general_buying_price":"1.76","imprint_cost_general_buying_quantity":"50"},{"imprint_cost_general_buying_price":"0.96","imprint_cost_general_buying_quantity":"100"},{"imprint_cost_general_buying_price":"0.76","imprint_cost_general_buying_quantity":"250"},{"imprint_cost_general_buying_price":"0.6","imprint_cost_general_buying_quantity":"500"},{"imprint_cost_general_buying_price":"0.52","imprint_cost_general_buying_quantity":"1000"},{"imprint_cost_general_buying_price":"0.44","imprint_cost_general_buying_quantity":"2500"},{"imprint_cost_general_buying_price":"0.42","imprint_cost_general_buying_quantity":"5000"}],"imprint_cost_setup_costs":"90","imprint_cost_handling_costs":"0"},{"imprint_cost_key":"5bed50a20a78ff452679a5959b61c37a9ca9d7a4","product_quantity_price_range":[{"imprint_cost_recommended_selling_price":"7.11","imprint_cost_recommended_selling_quantity":"1"},{"imprint_cost_recommended_selling_price":"5.76","imprint_cost_recommended_selling_quantity":"25"},{"imprint_cost_recommended_selling_price":"3.96","imprint_cost_recommended_selling_quantity":"50"},{"imprint_cost_recommended_selling_price":"2.16","imprint_cost_recommended_selling_quantity":"100"},{"imprint_cost_recommended_selling_price":"1.71","imprint_cost_recommended_selling_quantity":"250"},{"imprint_cost_recommended_selling_price":"1.35","imprint_cost_recommended_selling_quantity":"500"},{"imprint_cost_recommended_selling_price":"1.17","imprint_cost_recommended_selling_quantity":"1000"},{"imprint_cost_recommended_selling_price":"0.99","imprint_cost_recommended_selling_quantity":"2500"},{"imprint_cost_recommended_selling_price":"0.945","imprint_cost_recommended_selling_quantity":"5000"}],"product_quantity_price_range_buying":[{"imprint_cost_general_buying_price":"4.74","imprint_cost_general_buying_quantity":"1"},{"imprint_cost_general_buying_price":"3.84","imprint_cost_general_buying_quantity":"25"},{"imprint_cost_general_buying_price":"2.64","imprint_cost_general_buying_quantity":"50"},{"imprint_cost_general_buying_price":"1.44","imprint_cost_general_buying_quantity":"100"},{"imprint_cost_general_buying_price":"1.14","imprint_cost_general_buying_quantity":"250"},{"imprint_cost_general_buying_price":"0.9","imprint_cost_general_buying_quantity":"500"},{"imprint_cost_general_buying_price":"0.78","imprint_cost_general_buying_quantity":"1000"},{"imprint_cost_general_buying_price":"0.66","imprint_cost_general_buying_quantity":"2500"},{"imprint_cost_general_buying_price":"0.63","imprint_cost_general_buying_quantity":"5000"}],"imprint_cost_setup_costs":"135","imprint_cost_handling_costs":"0"},{"imprint_cost_key":"838869c75c4456cff90fb827d891fe439740755b","product_quantity_price_range":[{"imprint_cost_recommended_selling_price":"0","imprint_cost_recommended_selling_quantity":"1"},{"imprint_cost_recommended_selling_price":"0","imprint_cost_recommended_selling_quantity":"25"},{"imprint_cost_recommended_selling_price":"0","imprint_cost_recommended_selling_quantity":"50"},{"imprint_cost_recommended_selling_price":"0","imprint_cost_recommended_selling_quantity":"100"},{"imprint_cost_recommended_selling_price":"0","imprint_cost_recommended_selling_quantity":"250"},{"imprint_cost_recommended_selling_price":"0","imprint_cost_recommended_selling_quantity":"500"},{"imprint_cost_recommended_selling_price":"0","imprint_cost_recommended_selling_quantity":"1000"},{"imprint_cost_recommended_selling_price":"0","imprint_cost_recommended_selling_quantity":"2500"},{"imprint_cost_recommended_selling_price":"0","imprint_cost_recommended_selling_quantity":"5000"}],"product_quantity_price_range_buying":[{"imprint_cost_general_buying_price":"0","imprint_cost_general_buying_quantity":"1"},{"imprint_cost_general_buying_price":"0","imprint_cost_general_buying_quantity":"25"},{"imprint_cost_general_buying_price":"0","imprint_cost_general_buying_quantity":"50"},{"imprint_cost_general_buying_price":"0","imprint_cost_general_buying_quantity":"100"},{"imprint_cost_general_buying_price":"0","imprint_cost_general_buying_quantity":"250"},{"imprint_cost_general_buying_price":"0","imprint_cost_general_buying_quantity":"500"},{"imprint_cost_general_buying_price":"0","imprint_cost_general_buying_quantity":"1000"},{"imprint_cost_general_buying_price":"0","imprint_cost_general_buying_quantity":"2500"},{"imprint_cost_general_buying_price":"0","imprint_cost_general_buying_quantity":"5000"}],"imprint_cost_setup_costs":"52.5","imprint_cost_handling_costs":"0"}]},"aioseo_notices":[],"aioseo_head":"\n\t\t<!-- All in One SEO Pro 4.9.6.2 - aioseo.com -->\n\t<meta name=\"description\" content=\"Entferne Schlieren von Brille und Display m\u00fchelos: Das weiche Mikrofasertuch reinigt empfindliche Oberfl\u00e4chen schonend und fusselfrei. Du l\u00e4sst bei Hidalgo dein Logo vollfl\u00e4chig drucken - ideal als praktisches Brillentuch f\u00fcr Events, Messen &amp; den Alltag.\" \/>\n\t<meta name=\"robots\" content=\"max-image-preview:large\" \/>\n\t<link rel=\"canonical\" href=\"https:\/\/hidalgo.nl\/de\/wp-json\/wp\/v2\/product\/128444\" \/>\n\t<meta name=\"generator\" content=\"All in One SEO Pro (AIOSEO) 4.9.6.2\" \/>\n\t\t<meta property=\"og:locale\" content=\"de_DE\" \/>\n\t\t<meta property=\"og:site_name\" content=\"Hidalgo -\" \/>\n\t\t<meta property=\"og:type\" content=\"article\" \/>\n\t\t<meta property=\"og:title\" content=\"Microfiber Reinigingsdoekje\" \/>\n\t\t<meta property=\"og:description\" content=\"Entferne Schlieren von Brille und Display m\u00fchelos: Das weiche Mikrofasertuch reinigt empfindliche Oberfl\u00e4chen schonend und fusselfrei. Du l\u00e4sst bei Hidalgo dein Logo vollfl\u00e4chig drucken - ideal als praktisches Brillentuch f\u00fcr Events, Messen &amp; den Alltag.\" \/>\n\t\t<meta property=\"og:url\" content=\"https:\/\/hidalgo.nl\/de\/wp-json\/wp\/v2\/product\/128444\" \/>\n\t\t<meta property=\"og:image\" content=\"https:\/\/shop.hidalgo.nl\/wp-content\/uploads\/2025\/11\/cropped-Hidalgo-est1993.png\" \/>\n\t\t<meta property=\"og:image:secure_url\" content=\"https:\/\/shop.hidalgo.nl\/wp-content\/uploads\/2025\/11\/cropped-Hidalgo-est1993.png\" \/>\n\t\t<meta property=\"article:published_time\" content=\"2025-07-07T19:43:21+00:00\" \/>\n\t\t<meta property=\"article:modified_time\" content=\"2026-02-26T07:40:58+00:00\" \/>\n\t\t<meta name=\"twitter:card\" content=\"summary_large_image\" \/>\n\t\t<meta name=\"twitter:title\" content=\"Microfiber Reinigingsdoekje\" \/>\n\t\t<meta name=\"twitter:description\" content=\"Entferne Schlieren von Brille und Display m\u00fchelos: Das weiche Mikrofasertuch reinigt empfindliche Oberfl\u00e4chen schonend und fusselfrei. Du l\u00e4sst bei Hidalgo dein Logo vollfl\u00e4chig drucken - ideal als praktisches Brillentuch f\u00fcr Events, Messen &amp; den Alltag.\" \/>\n\t\t<meta name=\"twitter:image\" content=\"https:\/\/shop.hidalgo.nl\/wp-content\/uploads\/2025\/11\/cropped-Hidalgo-est1993.png\" \/>\n\t\t<script type=\"application\/ld+json\" class=\"aioseo-schema\">\n\t\t\t{\"@context\":\"https:\\\/\\\/schema.org\",\"@graph\":[{\"@type\":\"BreadcrumbList\",\"@id\":\"https:\\\/\\\/hidalgo.nl\\\/de\\\/product\\\/microfiber-reinigingsdoekje\\\/#breadcrumblist\",\"itemListElement\":[{\"@type\":\"ListItem\",\"@id\":\"https:\\\/\\\/hidalgo.nl\\\/de\\\/#listItem\",\"position\":1,\"name\":\"Home\",\"item\":\"https:\\\/\\\/hidalgo.nl\\\/de\\\/\",\"nextItem\":{\"@type\":\"ListItem\",\"@id\":\"https:\\\/\\\/hidalgo.nl\\\/example\\\/#listItem\",\"name\":\"example\"}},{\"@type\":\"ListItem\",\"@id\":\"https:\\\/\\\/hidalgo.nl\\\/example\\\/#listItem\",\"position\":2,\"name\":\"example\",\"item\":\"https:\\\/\\\/hidalgo.nl\\\/example\\\/\",\"nextItem\":{\"@type\":\"ListItem\",\"@id\":\"https:\\\/\\\/hidalgo.nl\\\/en\\\/product-supplier\\\/a508\\\/#listItem\",\"name\":\"A508\"},\"previousItem\":{\"@type\":\"ListItem\",\"@id\":\"https:\\\/\\\/hidalgo.nl\\\/de\\\/#listItem\",\"name\":\"Home\"}},{\"@type\":\"ListItem\",\"@id\":\"https:\\\/\\\/hidalgo.nl\\\/en\\\/product-supplier\\\/a508\\\/#listItem\",\"position\":3,\"name\":\"A508\",\"item\":\"https:\\\/\\\/hidalgo.nl\\\/en\\\/product-supplier\\\/a508\\\/\",\"nextItem\":{\"@type\":\"ListItem\",\"@id\":\"https:\\\/\\\/hidalgo.nl\\\/de\\\/product\\\/microfiber-reinigingsdoekje\\\/#listItem\",\"name\":\"Microfiber Reinigingsdoekje\"},\"previousItem\":{\"@type\":\"ListItem\",\"@id\":\"https:\\\/\\\/hidalgo.nl\\\/example\\\/#listItem\",\"name\":\"example\"}},{\"@type\":\"ListItem\",\"@id\":\"https:\\\/\\\/hidalgo.nl\\\/de\\\/product\\\/microfiber-reinigingsdoekje\\\/#listItem\",\"position\":4,\"name\":\"Microfiber Reinigingsdoekje\",\"previousItem\":{\"@type\":\"ListItem\",\"@id\":\"https:\\\/\\\/hidalgo.nl\\\/en\\\/product-supplier\\\/a508\\\/#listItem\",\"name\":\"A508\"}}]},{\"@type\":\"Organization\",\"@id\":\"https:\\\/\\\/hidalgo.nl\\\/de\\\/#organization\",\"name\":\"Hidalgo\",\"url\":\"https:\\\/\\\/hidalgo.nl\\\/de\\\/\",\"logo\":{\"@type\":\"ImageObject\",\"url\":\"https:\\\/\\\/shop.hidalgo.nl\\\/wp-content\\\/uploads\\\/2025\\\/11\\\/cropped-Hidalgo-est1993.png\",\"@id\":\"https:\\\/\\\/hidalgo.nl\\\/de\\\/product\\\/microfiber-reinigingsdoekje\\\/#organizationLogo\",\"width\":585,\"height\":195},\"image\":{\"@id\":\"https:\\\/\\\/hidalgo.nl\\\/de\\\/product\\\/microfiber-reinigingsdoekje\\\/#organizationLogo\"}},{\"@type\":\"ProductGroup\",\"@id\":\"https:\\\/\\\/hidalgo.nl\\\/de\\\/product\\\/microfiber-reinigingsdoekje\\\/#wooCommerceProduct\",\"name\":\"Microfiber Reinigingsdoekje\",\"url\":\"https:\\\/\\\/hidalgo.nl\\\/de\\\/product\\\/microfiber-reinigingsdoekje\\\/\",\"sku\":\"A508-2657\",\"image\":{\"@type\":\"ImageObject\",\"url\":\"https:\\\/\\\/shop.hidalgo.nl\\\/wp-content\\\/uploads\\\/2025\\\/04\\\/38e1190117455fbbb795a6c1d2f015debb1c04c137256700e14006a722a88e74.jpg\",\"@id\":\"https:\\\/\\\/hidalgo.nl\\\/de\\\/product\\\/microfiber-reinigingsdoekje\\\/#productImage\"},\"productGroupID\":128444,\"hasVariant\":[{\"@type\":\"Product\",\"@id\":\"https:\\\/\\\/hidalgo.nl\\\/de\\\/product\\\/microfiber-reinigingsdoekje\\\/#wooCommerceProduct\",\"name\":\"Microfiber Reinigingsdoekje - wit\",\"url\":\"https:\\\/\\\/hidalgo.nl\\\/de\\\/product\\\/microfiber-reinigingsdoekje\\\/\",\"sku\":\"A508-265710\",\"image\":{\"@type\":\"ImageObject\",\"url\":\"https:\\\/\\\/shop.hidalgo.nl\\\/wp-content\\\/uploads\\\/2025\\\/05\\\/38e1190117455fbbb795a6c1d2f015debb1c04c137256700e14006a722a88e74.jpg\",\"@id\":\"https:\\\/\\\/hidalgo.nl\\\/de\\\/product\\\/microfiber-reinigingsdoekje\\\/#productImage\",\"width\":1000,\"height\":1000},\"offers\":{\"@type\":\"Offer\",\"url\":\"https:\\\/\\\/hidalgo.nl\\\/de\\\/product\\\/microfiber-reinigingsdoekje\\\/#wooCommerceOffer\",\"price\":\"2.31\",\"priceCurrency\":\"EUR\",\"category\":\"Promotionele Artikelen\",\"availability\":\"https:\\\/\\\/schema.org\\\/InStock\",\"priceSpecification\":{\"@type\":\"PriceSpecification\",\"price\":2.31,\"priceCurrency\":\"EUR\",\"valueAddedTaxIncluded\":\"true\"}}}]},{\"@type\":\"WebPage\",\"@id\":\"https:\\\/\\\/hidalgo.nl\\\/de\\\/product\\\/microfiber-reinigingsdoekje\\\/#webpage\",\"url\":\"https:\\\/\\\/hidalgo.nl\\\/de\\\/product\\\/microfiber-reinigingsdoekje\\\/\",\"name\":\"Microfiber Reinigingsdoekje\",\"description\":\"Entferne Schlieren von Brille und Display m\\u00fchelos: Das weiche Mikrofasertuch reinigt empfindliche Oberfl\\u00e4chen schonend und fusselfrei. Du l\\u00e4sst bei Hidalgo dein Logo vollfl\\u00e4chig drucken - ideal als praktisches Brillentuch f\\u00fcr Events, Messen & den Alltag.\",\"inLanguage\":\"de-DE\",\"isPartOf\":{\"@id\":\"https:\\\/\\\/hidalgo.nl\\\/de\\\/#website\"},\"breadcrumb\":{\"@id\":\"https:\\\/\\\/hidalgo.nl\\\/de\\\/product\\\/microfiber-reinigingsdoekje\\\/#breadcrumblist\"},\"image\":{\"@type\":\"ImageObject\",\"url\":\"https:\\\/\\\/shop.hidalgo.nl\\\/wp-content\\\/uploads\\\/2025\\\/04\\\/38e1190117455fbbb795a6c1d2f015debb1c04c137256700e14006a722a88e74.jpg\",\"@id\":\"https:\\\/\\\/hidalgo.nl\\\/de\\\/product\\\/microfiber-reinigingsdoekje\\\/#mainImage\"},\"primaryImageOfPage\":{\"@id\":\"https:\\\/\\\/hidalgo.nl\\\/de\\\/product\\\/microfiber-reinigingsdoekje\\\/#mainImage\"},\"datePublished\":\"2025-07-07T19:43:21+00:00\",\"dateModified\":\"2026-02-26T07:40:58+00:00\"},{\"@type\":\"WebSite\",\"@id\":\"https:\\\/\\\/hidalgo.nl\\\/de\\\/#website\",\"url\":\"https:\\\/\\\/hidalgo.nl\\\/de\\\/\",\"name\":\"Hidalgo\",\"inLanguage\":\"de-DE\",\"publisher\":{\"@id\":\"https:\\\/\\\/hidalgo.nl\\\/de\\\/#organization\"}}]}\n\t\t<\/script>\n\t\t<!-- All in One SEO Pro -->\r\n\t\t<title>Microfiber Reinigingsdoekje<\/title>\n\n","aioseo_head_json":{"title":"Microfiber Reinigingsdoekje","description":"Entferne Schlieren von Brille und Display m\u00fchelos: Das weiche Mikrofasertuch reinigt empfindliche Oberfl\u00e4chen schonend und fusselfrei. Du l\u00e4sst bei Hidalgo dein Logo vollfl\u00e4chig drucken - ideal als praktisches Brillentuch f\u00fcr Events, Messen & den Alltag.","canonical_url":"https:\/\/hidalgo.nl\/de\/wp-json\/wp\/v2\/product\/128444","robots":"max-image-preview:large","keywords":"","webmasterTools":{"miscellaneous":""},"schema":{"@context":"https:\/\/schema.org","@graph":[{"@type":"BreadcrumbList","@id":"https:\/\/hidalgo.nl\/de\/product\/microfiber-reinigingsdoekje\/#breadcrumblist","itemListElement":[{"@type":"ListItem","@id":"https:\/\/hidalgo.nl\/de\/#listItem","position":1,"name":"Home","item":"https:\/\/hidalgo.nl\/de\/","nextItem":{"@type":"ListItem","@id":"https:\/\/hidalgo.nl\/example\/#listItem","name":"example"}},{"@type":"ListItem","@id":"https:\/\/hidalgo.nl\/example\/#listItem","position":2,"name":"example","item":"https:\/\/hidalgo.nl\/example\/","nextItem":{"@type":"ListItem","@id":"https:\/\/hidalgo.nl\/en\/product-supplier\/a508\/#listItem","name":"A508"},"previousItem":{"@type":"ListItem","@id":"https:\/\/hidalgo.nl\/de\/#listItem","name":"Home"}},{"@type":"ListItem","@id":"https:\/\/hidalgo.nl\/en\/product-supplier\/a508\/#listItem","position":3,"name":"A508","item":"https:\/\/hidalgo.nl\/en\/product-supplier\/a508\/","nextItem":{"@type":"ListItem","@id":"https:\/\/hidalgo.nl\/de\/product\/microfiber-reinigingsdoekje\/#listItem","name":"Microfiber Reinigingsdoekje"},"previousItem":{"@type":"ListItem","@id":"https:\/\/hidalgo.nl\/example\/#listItem","name":"example"}},{"@type":"ListItem","@id":"https:\/\/hidalgo.nl\/de\/product\/microfiber-reinigingsdoekje\/#listItem","position":4,"name":"Microfiber Reinigingsdoekje","previousItem":{"@type":"ListItem","@id":"https:\/\/hidalgo.nl\/en\/product-supplier\/a508\/#listItem","name":"A508"}}]},{"@type":"Organization","@id":"https:\/\/hidalgo.nl\/de\/#organization","name":"Hidalgo","url":"https:\/\/hidalgo.nl\/de\/","logo":{"@type":"ImageObject","url":"https:\/\/shop.hidalgo.nl\/wp-content\/uploads\/2025\/11\/cropped-Hidalgo-est1993.png","@id":"https:\/\/hidalgo.nl\/de\/product\/microfiber-reinigingsdoekje\/#organizationLogo","width":585,"height":195},"image":{"@id":"https:\/\/hidalgo.nl\/de\/product\/microfiber-reinigingsdoekje\/#organizationLogo"}},{"@type":"ProductGroup","@id":"https:\/\/hidalgo.nl\/de\/product\/microfiber-reinigingsdoekje\/#wooCommerceProduct","name":"Microfiber Reinigingsdoekje","url":"https:\/\/hidalgo.nl\/de\/product\/microfiber-reinigingsdoekje\/","sku":"A508-2657","image":{"@type":"ImageObject","url":"https:\/\/shop.hidalgo.nl\/wp-content\/uploads\/2025\/04\/38e1190117455fbbb795a6c1d2f015debb1c04c137256700e14006a722a88e74.jpg","@id":"https:\/\/hidalgo.nl\/de\/product\/microfiber-reinigingsdoekje\/#productImage"},"productGroupID":128444,"hasVariant":[{"@type":"Product","@id":"https:\/\/hidalgo.nl\/de\/product\/microfiber-reinigingsdoekje\/#wooCommerceProduct","name":"Microfiber Reinigingsdoekje - wit","url":"https:\/\/hidalgo.nl\/de\/product\/microfiber-reinigingsdoekje\/","sku":"A508-265710","image":{"@type":"ImageObject","url":"https:\/\/shop.hidalgo.nl\/wp-content\/uploads\/2025\/05\/38e1190117455fbbb795a6c1d2f015debb1c04c137256700e14006a722a88e74.jpg","@id":"https:\/\/hidalgo.nl\/de\/product\/microfiber-reinigingsdoekje\/#productImage","width":1000,"height":1000},"offers":{"@type":"Offer","url":"https:\/\/hidalgo.nl\/de\/product\/microfiber-reinigingsdoekje\/#wooCommerceOffer","price":"2.31","priceCurrency":"EUR","category":"Promotionele Artikelen","availability":"https:\/\/schema.org\/InStock","priceSpecification":{"@type":"PriceSpecification","price":2.31,"priceCurrency":"EUR","valueAddedTaxIncluded":"true"}}}]},{"@type":"WebPage","@id":"https:\/\/hidalgo.nl\/de\/product\/microfiber-reinigingsdoekje\/#webpage","url":"https:\/\/hidalgo.nl\/de\/product\/microfiber-reinigingsdoekje\/","name":"Microfiber Reinigingsdoekje","description":"Entferne Schlieren von Brille und Display m\u00fchelos: Das weiche Mikrofasertuch reinigt empfindliche Oberfl\u00e4chen schonend und fusselfrei. Du l\u00e4sst bei Hidalgo dein Logo vollfl\u00e4chig drucken - ideal als praktisches Brillentuch f\u00fcr Events, Messen & den Alltag.","inLanguage":"de-DE","isPartOf":{"@id":"https:\/\/hidalgo.nl\/de\/#website"},"breadcrumb":{"@id":"https:\/\/hidalgo.nl\/de\/product\/microfiber-reinigingsdoekje\/#breadcrumblist"},"image":{"@type":"ImageObject","url":"https:\/\/shop.hidalgo.nl\/wp-content\/uploads\/2025\/04\/38e1190117455fbbb795a6c1d2f015debb1c04c137256700e14006a722a88e74.jpg","@id":"https:\/\/hidalgo.nl\/de\/product\/microfiber-reinigingsdoekje\/#mainImage"},"primaryImageOfPage":{"@id":"https:\/\/hidalgo.nl\/de\/product\/microfiber-reinigingsdoekje\/#mainImage"},"datePublished":"2025-07-07T19:43:21+00:00","dateModified":"2026-02-26T07:40:58+00:00"},{"@type":"WebSite","@id":"https:\/\/hidalgo.nl\/de\/#website","url":"https:\/\/hidalgo.nl\/de\/","name":"Hidalgo","inLanguage":"de-DE","publisher":{"@id":"https:\/\/hidalgo.nl\/de\/#organization"}}]},"og:locale":"de_DE","og:site_name":"Hidalgo -","og:type":"article","og:title":"Microfiber Reinigingsdoekje","og:description":"Entferne Schlieren von Brille und Display m\u00fchelos: Das weiche Mikrofasertuch reinigt empfindliche Oberfl\u00e4chen schonend und fusselfrei. Du l\u00e4sst bei Hidalgo dein Logo vollfl\u00e4chig drucken - ideal als praktisches Brillentuch f\u00fcr Events, Messen &amp; den Alltag.","og:url":"https:\/\/hidalgo.nl\/de\/wp-json\/wp\/v2\/product\/128444","og:image":"https:\/\/shop.hidalgo.nl\/wp-content\/uploads\/2025\/11\/cropped-Hidalgo-est1993.png","og:image:secure_url":"https:\/\/shop.hidalgo.nl\/wp-content\/uploads\/2025\/11\/cropped-Hidalgo-est1993.png","article:published_time":"2025-07-07T19:43:21+00:00","article:modified_time":"2026-02-26T07:40:58+00:00","twitter:card":"summary_large_image","twitter:title":"Microfiber Reinigingsdoekje","twitter:description":"Entferne Schlieren von Brille und Display m\u00fchelos: Das weiche Mikrofasertuch reinigt empfindliche Oberfl\u00e4chen schonend und fusselfrei. Du l\u00e4sst bei Hidalgo dein Logo vollfl\u00e4chig drucken - ideal als praktisches Brillentuch f\u00fcr Events, Messen &amp; den Alltag.","twitter:image":"https:\/\/shop.hidalgo.nl\/wp-content\/uploads\/2025\/11\/cropped-Hidalgo-est1993.png"},"aioseo_meta_data":{"post_id":"128444","title":null,"description":null,"keywords":null,"keyphrases":null,"primary_term":null,"canonical_url":null,"og_title":null,"og_description":null,"og_object_type":"default","og_image_type":"default","og_image_url":null,"og_image_width":null,"og_image_height":null,"og_image_custom_url":null,"og_image_custom_fields":null,"og_video":null,"og_custom_url":null,"og_article_section":null,"og_article_tags":null,"twitter_use_og":false,"twitter_card":"default","twitter_image_type":"default","twitter_image_url":null,"twitter_image_custom_url":null,"twitter_image_custom_fields":null,"twitter_title":null,"twitter_description":null,"schema":{"blockGraphs":[],"customGraphs":[],"default":{"data":{"Article":[],"Course":[],"Dataset":[],"FAQPage":[],"Movie":[],"Person":[],"Product":[],"ProductReview":[],"Car":[],"Recipe":[],"Service":[],"SoftwareApplication":[],"WebPage":[]},"graphName":"","isEnabled":true},"graphs":[]},"schema_type":"default","schema_type_options":null,"pillar_content":false,"robots_default":true,"robots_noindex":false,"robots_noarchive":false,"robots_nosnippet":false,"robots_nofollow":false,"robots_noimageindex":false,"robots_noodp":false,"robots_notranslate":false,"robots_max_snippet":null,"robots_max_videopreview":null,"robots_max_imagepreview":"large","priority":null,"frequency":null,"local_seo":null,"seo_analyzer_scan_date":"2026-01-22 10:07:49","breadcrumb_settings":null,"limit_modified_date":false,"reviewed_by":null,"open_ai":null,"ai":null,"created":"2026-01-14 06:25:38","updated":"2026-04-23 06:57:00"},"aioseo_breadcrumb":"<div class=\"aioseo-breadcrumbs\"><span class=\"aioseo-breadcrumb\">\n\t<a href=\"https:\/\/hidalgo.nl\/de\/\" title=\"Home\">Home<\/a>\n<\/span><span class=\"aioseo-breadcrumb-separator\">\u00bb<\/span><span class=\"aioseo-breadcrumb\">\n\t<a href=\"https:\/\/hidalgo.nl\/example\/\" title=\"example\">example<\/a>\n<\/span><span class=\"aioseo-breadcrumb-separator\">\u00bb<\/span><span class=\"aioseo-breadcrumb\">\n\t<a href=\"https:\/\/hidalgo.nl\/en\/product-supplier\/a508\/\" title=\"A508\">A508<\/a>\n<\/span><span class=\"aioseo-breadcrumb-separator\">\u00bb<\/span><span class=\"aioseo-breadcrumb\">\n\tMicrofiber Reinigingsdoekje\n<\/span><\/div>","aioseo_breadcrumb_json":[{"label":"Home","link":"https:\/\/hidalgo.nl\/de\/"},{"label":"example","link":"https:\/\/hidalgo.nl\/example\/"},{"label":"A508","link":"https:\/\/hidalgo.nl\/en\/product-supplier\/a508\/"},{"label":"Microfiber Reinigingsdoekje","link":"https:\/\/hidalgo.nl\/de\/product\/microfiber-reinigingsdoekje\/"}],"_links":{"self":[{"href":"https:\/\/hidalgo.nl\/de\/wp-json\/wp\/v2\/product\/128444","targetHints":{"allow":["GET"]}}],"collection":[{"href":"https:\/\/hidalgo.nl\/de\/wp-json\/wp\/v2\/product"}],"about":[{"href":"https:\/\/hidalgo.nl\/de\/wp-json\/wp\/v2\/types\/product"}],"wp:featuredmedia":[{"embeddable":true,"href":"https:\/\/hidalgo.nl\/de\/wp-json\/wp\/v2\/media\/591126"}],"wp:attachment":[{"href":"https:\/\/hidalgo.nl\/de\/wp-json\/wp\/v2\/media?parent=128444"}],"wp:term":[{"taxonomy":"product_brand","embeddable":true,"href":"https:\/\/hidalgo.nl\/de\/wp-json\/wp\/v2\/product_brand?post=128444"},{"taxonomy":"product_cat","embeddable":true,"href":"https:\/\/hidalgo.nl\/de\/wp-json\/wp\/v2\/product_cat?post=128444"},{"taxonomy":"product_tag","embeddable":true,"href":"https:\/\/hidalgo.nl\/de\/wp-json\/wp\/v2\/product_tag?post=128444"}],"curies":[{"name":"wp","href":"https:\/\/api.w.org\/{rel}","templated":true}]}}