{"id":128406,"date":"2025-07-07T19:42:15","date_gmt":"2025-07-07T19:42:15","guid":{"rendered":"http:\/\/bidonsenshakers.pim.hidalgo.nl\/product\/janzen-car-perfume-skin-90\/"},"modified":"2026-02-26T07:40:59","modified_gmt":"2026-02-26T07:40:59","slug":"janzen-car-perfume-skin-90","status":"publish","type":"product","link":"https:\/\/hidalgo.nl\/de\/product\/janzen-car-perfume-skin-90\/","title":{"rendered":"JANZEN Car Perfume Skin 90"},"content":{"rendered":"<p>Autoparfum in de geur Skin 90 van het merk JANZEN. Met deze autoparfum ben je zelfs onderweg omringd met jouw gevoel van thuiskomen. De geur gaat 35 tot 45 dagen mee en wordt verspreid door de luchtstroom uit het ventilatiesysteem van je auto. De verpakking bevat 2 stuks. Opgewekt en vrolijk, dat is Skin 90. De kersenbloesem heeft in Japan een haast heilige status. Met haar lichtroze blaadjes en aangename geur is de boom een waar feest voor de zintuigen. Het subtiele van de kersenbloesem wordt in dit parfum afgewisseld met het frisse van de lelie en krachtige van de tonkaboon. Per set in een geschenkdoos. Per set in doos.<\/p>\n","protected":false},"excerpt":{"rendered":"<p>Autoparfum in de geur Skin 90 van het merk JANZEN. Met deze autoparfum ben je zelfs onderweg omringd met jouw gevoel van thuiskomen. De geur gaat 35 tot 45 dagen mee en wordt verspreid door de luchtstroom uit het ventilatiesysteem van je auto. De verpakking bevat 2 stuks. Opgewekt en vrolijk, dat is Skin 90.&hellip; <a class=\"more-link\" href=\"https:\/\/hidalgo.nl\/de\/product\/janzen-car-perfume-skin-90\/\"><span class=\"screen-reader-text\">JANZEN Car Perfume Skin 90<\/span> weiterlesen<\/a><\/p>\n","protected":false},"featured_media":591470,"template":"","meta":{"_acf_changed":false,"om_disable_all_campaigns":false,"_monsterinsights_skip_tracking":false,"_monsterinsights_sitenote_active":false,"_monsterinsights_sitenote_note":"","_monsterinsights_sitenote_category":0},"product_brand":[1895],"product_cat":[4762,4763],"product_tag":[],"class_list":{"0":"post-128406","1":"product","2":"type-product","3":"status-publish","4":"has-post-thumbnail","6":"product_supplier-a508","7":"product_material-pp-plastic","8":"product_brand-janzen","9":"product_cat-geschenk-pakketten","10":"product_cat-geschenk-pakketten-persoonlijke-verzorgings-set","11":"entry","13":"first","14":"instock","15":"taxable","16":"shipping-taxable","17":"purchasable","18":"product-type-variable"},"acf":{"imprint_cost":[{"imprint_cost_key":"ab4f0d5b0afeacfd854fbfc47b831320978386bd","product_quantity_price_range":[{"imprint_cost_recommended_selling_price":"3.285","imprint_cost_recommended_selling_quantity":"1"},{"imprint_cost_recommended_selling_price":"1.875","imprint_cost_recommended_selling_quantity":"25"},{"imprint_cost_recommended_selling_price":"1.125","imprint_cost_recommended_selling_quantity":"50"},{"imprint_cost_recommended_selling_price":"0.75","imprint_cost_recommended_selling_quantity":"100"},{"imprint_cost_recommended_selling_price":"0.585","imprint_cost_recommended_selling_quantity":"250"},{"imprint_cost_recommended_selling_price":"0.495","imprint_cost_recommended_selling_quantity":"500"},{"imprint_cost_recommended_selling_price":"0.435","imprint_cost_recommended_selling_quantity":"1000"},{"imprint_cost_recommended_selling_price":"0.375","imprint_cost_recommended_selling_quantity":"2500"},{"imprint_cost_recommended_selling_price":"0.33","imprint_cost_recommended_selling_quantity":"5000"}],"product_quantity_price_range_buying":[{"imprint_cost_general_buying_price":"2.19","imprint_cost_general_buying_quantity":"1"},{"imprint_cost_general_buying_price":"1.25","imprint_cost_general_buying_quantity":"25"},{"imprint_cost_general_buying_price":"0.75","imprint_cost_general_buying_quantity":"50"},{"imprint_cost_general_buying_price":"0.5","imprint_cost_general_buying_quantity":"100"},{"imprint_cost_general_buying_price":"0.39","imprint_cost_general_buying_quantity":"250"},{"imprint_cost_general_buying_price":"0.33","imprint_cost_general_buying_quantity":"500"},{"imprint_cost_general_buying_price":"0.29","imprint_cost_general_buying_quantity":"1000"},{"imprint_cost_general_buying_price":"0.25","imprint_cost_general_buying_quantity":"2500"},{"imprint_cost_general_buying_price":"0.22","imprint_cost_general_buying_quantity":"5000"}],"imprint_cost_setup_costs":"60","imprint_cost_handling_costs":"0.3"}]},"aioseo_notices":[],"aioseo_head":"\n\t\t<!-- All in One SEO Pro 4.9.5.2 - aioseo.com -->\n\t<meta name=\"description\" content=\"Zwei Autoparfums im Duft Skin 90 von JANZEN sorgen per L\u00fcftung f\u00fcr einen dezenten, modernen Auto-Duft mit Kirschbl\u00fcte, Lilie &amp; Tonkabohne. Als Geschenkset ideal f\u00fcr 20-40: langlebig und sofort einsatzbereit; bei Hidalgo l\u00e4sst du die schwarze Halterung mit deinem Logo bedrucken.\" \/>\n\t<meta name=\"robots\" content=\"max-image-preview:large\" \/>\n\t<link rel=\"canonical\" href=\"https:\/\/hidalgo.nl\/de\/wp-json\/wp\/v2\/product\/128406\" \/>\n\t<meta name=\"generator\" content=\"All in One SEO Pro (AIOSEO) 4.9.5.2\" \/>\n\t\t<meta property=\"og:locale\" content=\"de_DE\" \/>\n\t\t<meta property=\"og:site_name\" content=\"Hidalgo -\" \/>\n\t\t<meta property=\"og:type\" content=\"article\" \/>\n\t\t<meta property=\"og:title\" content=\"JANZEN Car Perfume Skin 90\" \/>\n\t\t<meta property=\"og:description\" content=\"Zwei Autoparfums im Duft Skin 90 von JANZEN sorgen per L\u00fcftung f\u00fcr einen dezenten, modernen Auto-Duft mit Kirschbl\u00fcte, Lilie &amp; Tonkabohne. Als Geschenkset ideal f\u00fcr 20-40: langlebig und sofort einsatzbereit; bei Hidalgo l\u00e4sst du die schwarze Halterung mit deinem Logo bedrucken.\" \/>\n\t\t<meta property=\"og:url\" content=\"https:\/\/hidalgo.nl\/de\/wp-json\/wp\/v2\/product\/128406\" \/>\n\t\t<meta property=\"og:image\" content=\"https:\/\/shop.hidalgo.nl\/wp-content\/uploads\/2025\/11\/cropped-Hidalgo-est1993.png\" \/>\n\t\t<meta property=\"og:image:secure_url\" content=\"https:\/\/shop.hidalgo.nl\/wp-content\/uploads\/2025\/11\/cropped-Hidalgo-est1993.png\" \/>\n\t\t<meta property=\"article:published_time\" content=\"2025-07-07T19:42:15+00:00\" \/>\n\t\t<meta property=\"article:modified_time\" content=\"2026-02-26T07:40:59+00:00\" \/>\n\t\t<meta name=\"twitter:card\" content=\"summary_large_image\" \/>\n\t\t<meta name=\"twitter:title\" content=\"JANZEN Car Perfume Skin 90\" \/>\n\t\t<meta name=\"twitter:description\" content=\"Zwei Autoparfums im Duft Skin 90 von JANZEN sorgen per L\u00fcftung f\u00fcr einen dezenten, modernen Auto-Duft mit Kirschbl\u00fcte, Lilie &amp; Tonkabohne. Als Geschenkset ideal f\u00fcr 20-40: langlebig und sofort einsatzbereit; bei Hidalgo l\u00e4sst du die schwarze Halterung mit deinem Logo bedrucken.\" \/>\n\t\t<meta name=\"twitter:image\" content=\"https:\/\/shop.hidalgo.nl\/wp-content\/uploads\/2025\/11\/cropped-Hidalgo-est1993.png\" \/>\n\t\t<script type=\"application\/ld+json\" class=\"aioseo-schema\">\n\t\t\t{\"@context\":\"https:\\\/\\\/schema.org\",\"@graph\":[{\"@type\":\"BreadcrumbList\",\"@id\":\"https:\\\/\\\/hidalgo.nl\\\/de\\\/product\\\/janzen-car-perfume-skin-90\\\/#breadcrumblist\",\"itemListElement\":[{\"@type\":\"ListItem\",\"@id\":\"https:\\\/\\\/hidalgo.nl\\\/de\\\/#listItem\",\"position\":1,\"name\":\"Home\",\"item\":\"https:\\\/\\\/hidalgo.nl\\\/de\\\/\",\"nextItem\":{\"@type\":\"ListItem\",\"@id\":\"https:\\\/\\\/hidalgo.nl\\\/example\\\/#listItem\",\"name\":\"example\"}},{\"@type\":\"ListItem\",\"@id\":\"https:\\\/\\\/hidalgo.nl\\\/example\\\/#listItem\",\"position\":2,\"name\":\"example\",\"item\":\"https:\\\/\\\/hidalgo.nl\\\/example\\\/\",\"nextItem\":{\"@type\":\"ListItem\",\"@id\":\"https:\\\/\\\/hidalgo.nl\\\/en\\\/product-supplier\\\/a508\\\/#listItem\",\"name\":\"A508\"},\"previousItem\":{\"@type\":\"ListItem\",\"@id\":\"https:\\\/\\\/hidalgo.nl\\\/de\\\/#listItem\",\"name\":\"Home\"}},{\"@type\":\"ListItem\",\"@id\":\"https:\\\/\\\/hidalgo.nl\\\/en\\\/product-supplier\\\/a508\\\/#listItem\",\"position\":3,\"name\":\"A508\",\"item\":\"https:\\\/\\\/hidalgo.nl\\\/en\\\/product-supplier\\\/a508\\\/\",\"nextItem\":{\"@type\":\"ListItem\",\"@id\":\"https:\\\/\\\/hidalgo.nl\\\/de\\\/product\\\/janzen-car-perfume-skin-90\\\/#listItem\",\"name\":\"JANZEN Car Perfume Skin 90\"},\"previousItem\":{\"@type\":\"ListItem\",\"@id\":\"https:\\\/\\\/hidalgo.nl\\\/example\\\/#listItem\",\"name\":\"example\"}},{\"@type\":\"ListItem\",\"@id\":\"https:\\\/\\\/hidalgo.nl\\\/de\\\/product\\\/janzen-car-perfume-skin-90\\\/#listItem\",\"position\":4,\"name\":\"JANZEN Car Perfume Skin 90\",\"previousItem\":{\"@type\":\"ListItem\",\"@id\":\"https:\\\/\\\/hidalgo.nl\\\/en\\\/product-supplier\\\/a508\\\/#listItem\",\"name\":\"A508\"}}]},{\"@type\":\"ItemPage\",\"@id\":\"https:\\\/\\\/hidalgo.nl\\\/de\\\/product\\\/janzen-car-perfume-skin-90\\\/#itempage\",\"url\":\"https:\\\/\\\/hidalgo.nl\\\/de\\\/product\\\/janzen-car-perfume-skin-90\\\/\",\"name\":\"JANZEN Car Perfume Skin 90\",\"description\":\"Zwei Autoparfums im Duft Skin 90 von JANZEN sorgen per L\\u00fcftung f\\u00fcr einen dezenten, modernen Auto-Duft mit Kirschbl\\u00fcte, Lilie & Tonkabohne. Als Geschenkset ideal f\\u00fcr 20-40: langlebig und sofort einsatzbereit; bei Hidalgo l\\u00e4sst du die schwarze Halterung mit deinem Logo bedrucken.\",\"inLanguage\":\"de-DE\",\"isPartOf\":{\"@id\":\"https:\\\/\\\/hidalgo.nl\\\/de\\\/#website\"},\"breadcrumb\":{\"@id\":\"https:\\\/\\\/hidalgo.nl\\\/de\\\/product\\\/janzen-car-perfume-skin-90\\\/#breadcrumblist\"},\"image\":{\"@type\":\"ImageObject\",\"url\":\"https:\\\/\\\/shop.hidalgo.nl\\\/wp-content\\\/uploads\\\/2025\\\/04\\\/e7faf7d54e5b101e109f97c8cd00f6fc5a84c0256b664ae2e81045374a5e1e48.jpg\",\"@id\":\"https:\\\/\\\/hidalgo.nl\\\/de\\\/product\\\/janzen-car-perfume-skin-90\\\/#mainImage\"},\"primaryImageOfPage\":{\"@id\":\"https:\\\/\\\/hidalgo.nl\\\/de\\\/product\\\/janzen-car-perfume-skin-90\\\/#mainImage\"},\"datePublished\":\"2025-07-07T19:42:15+00:00\",\"dateModified\":\"2026-02-26T07:40:59+00:00\"},{\"@type\":\"Organization\",\"@id\":\"https:\\\/\\\/hidalgo.nl\\\/de\\\/#organization\",\"name\":\"Hidalgo\",\"url\":\"https:\\\/\\\/hidalgo.nl\\\/de\\\/\",\"logo\":{\"@type\":\"ImageObject\",\"url\":\"https:\\\/\\\/shop.hidalgo.nl\\\/wp-content\\\/uploads\\\/2025\\\/11\\\/cropped-Hidalgo-est1993.png\",\"@id\":\"https:\\\/\\\/hidalgo.nl\\\/de\\\/product\\\/janzen-car-perfume-skin-90\\\/#organizationLogo\",\"width\":585,\"height\":195},\"image\":{\"@id\":\"https:\\\/\\\/hidalgo.nl\\\/de\\\/product\\\/janzen-car-perfume-skin-90\\\/#organizationLogo\"}},{\"@type\":\"WebPage\",\"@id\":\"https:\\\/\\\/hidalgo.nl\\\/de\\\/product\\\/janzen-car-perfume-skin-90\\\/#webpage\",\"url\":\"https:\\\/\\\/hidalgo.nl\\\/de\\\/product\\\/janzen-car-perfume-skin-90\\\/\",\"name\":\"JANZEN Car Perfume Skin 90\",\"description\":\"Zwei Autoparfums im Duft Skin 90 von JANZEN sorgen per L\\u00fcftung f\\u00fcr einen dezenten, modernen Auto-Duft mit Kirschbl\\u00fcte, Lilie & Tonkabohne. Als Geschenkset ideal f\\u00fcr 20-40: langlebig und sofort einsatzbereit; bei Hidalgo l\\u00e4sst du die schwarze Halterung mit deinem Logo bedrucken.\",\"inLanguage\":\"de-DE\",\"isPartOf\":{\"@id\":\"https:\\\/\\\/hidalgo.nl\\\/de\\\/#website\"},\"breadcrumb\":{\"@id\":\"https:\\\/\\\/hidalgo.nl\\\/de\\\/product\\\/janzen-car-perfume-skin-90\\\/#breadcrumblist\"},\"image\":{\"@type\":\"ImageObject\",\"url\":\"https:\\\/\\\/shop.hidalgo.nl\\\/wp-content\\\/uploads\\\/2025\\\/04\\\/e7faf7d54e5b101e109f97c8cd00f6fc5a84c0256b664ae2e81045374a5e1e48.jpg\",\"@id\":\"https:\\\/\\\/hidalgo.nl\\\/de\\\/product\\\/janzen-car-perfume-skin-90\\\/#mainImage\"},\"primaryImageOfPage\":{\"@id\":\"https:\\\/\\\/hidalgo.nl\\\/de\\\/product\\\/janzen-car-perfume-skin-90\\\/#mainImage\"},\"datePublished\":\"2025-07-07T19:42:15+00:00\",\"dateModified\":\"2026-02-26T07:40:59+00:00\"},{\"@type\":\"WebSite\",\"@id\":\"https:\\\/\\\/hidalgo.nl\\\/de\\\/#website\",\"url\":\"https:\\\/\\\/hidalgo.nl\\\/de\\\/\",\"name\":\"Hidalgo\",\"inLanguage\":\"de-DE\",\"publisher\":{\"@id\":\"https:\\\/\\\/hidalgo.nl\\\/de\\\/#organization\"}}]}\n\t\t<\/script>\n\t\t<!-- All in One SEO Pro -->\r\n\t\t<title>JANZEN Car Perfume Skin 90<\/title>\n\n","aioseo_head_json":{"title":"JANZEN Car Perfume Skin 90","description":"Zwei Autoparfums im Duft Skin 90 von JANZEN sorgen per L\u00fcftung f\u00fcr einen dezenten, modernen Auto-Duft mit Kirschbl\u00fcte, Lilie & Tonkabohne. Als Geschenkset ideal f\u00fcr 20-40: langlebig und sofort einsatzbereit; bei Hidalgo l\u00e4sst du die schwarze Halterung mit deinem Logo bedrucken.","canonical_url":"https:\/\/hidalgo.nl\/de\/wp-json\/wp\/v2\/product\/128406","robots":"max-image-preview:large","keywords":"","webmasterTools":{"miscellaneous":""},"schema":{"@context":"https:\/\/schema.org","@graph":[{"@type":"BreadcrumbList","@id":"https:\/\/hidalgo.nl\/de\/product\/janzen-car-perfume-skin-90\/#breadcrumblist","itemListElement":[{"@type":"ListItem","@id":"https:\/\/hidalgo.nl\/de\/#listItem","position":1,"name":"Home","item":"https:\/\/hidalgo.nl\/de\/","nextItem":{"@type":"ListItem","@id":"https:\/\/hidalgo.nl\/example\/#listItem","name":"example"}},{"@type":"ListItem","@id":"https:\/\/hidalgo.nl\/example\/#listItem","position":2,"name":"example","item":"https:\/\/hidalgo.nl\/example\/","nextItem":{"@type":"ListItem","@id":"https:\/\/hidalgo.nl\/en\/product-supplier\/a508\/#listItem","name":"A508"},"previousItem":{"@type":"ListItem","@id":"https:\/\/hidalgo.nl\/de\/#listItem","name":"Home"}},{"@type":"ListItem","@id":"https:\/\/hidalgo.nl\/en\/product-supplier\/a508\/#listItem","position":3,"name":"A508","item":"https:\/\/hidalgo.nl\/en\/product-supplier\/a508\/","nextItem":{"@type":"ListItem","@id":"https:\/\/hidalgo.nl\/de\/product\/janzen-car-perfume-skin-90\/#listItem","name":"JANZEN Car Perfume Skin 90"},"previousItem":{"@type":"ListItem","@id":"https:\/\/hidalgo.nl\/example\/#listItem","name":"example"}},{"@type":"ListItem","@id":"https:\/\/hidalgo.nl\/de\/product\/janzen-car-perfume-skin-90\/#listItem","position":4,"name":"JANZEN Car Perfume Skin 90","previousItem":{"@type":"ListItem","@id":"https:\/\/hidalgo.nl\/en\/product-supplier\/a508\/#listItem","name":"A508"}}]},{"@type":"ItemPage","@id":"https:\/\/hidalgo.nl\/de\/product\/janzen-car-perfume-skin-90\/#itempage","url":"https:\/\/hidalgo.nl\/de\/product\/janzen-car-perfume-skin-90\/","name":"JANZEN Car Perfume Skin 90","description":"Zwei Autoparfums im Duft Skin 90 von JANZEN sorgen per L\u00fcftung f\u00fcr einen dezenten, modernen Auto-Duft mit Kirschbl\u00fcte, Lilie & Tonkabohne. Als Geschenkset ideal f\u00fcr 20-40: langlebig und sofort einsatzbereit; bei Hidalgo l\u00e4sst du die schwarze Halterung mit deinem Logo bedrucken.","inLanguage":"de-DE","isPartOf":{"@id":"https:\/\/hidalgo.nl\/de\/#website"},"breadcrumb":{"@id":"https:\/\/hidalgo.nl\/de\/product\/janzen-car-perfume-skin-90\/#breadcrumblist"},"image":{"@type":"ImageObject","url":"https:\/\/shop.hidalgo.nl\/wp-content\/uploads\/2025\/04\/e7faf7d54e5b101e109f97c8cd00f6fc5a84c0256b664ae2e81045374a5e1e48.jpg","@id":"https:\/\/hidalgo.nl\/de\/product\/janzen-car-perfume-skin-90\/#mainImage"},"primaryImageOfPage":{"@id":"https:\/\/hidalgo.nl\/de\/product\/janzen-car-perfume-skin-90\/#mainImage"},"datePublished":"2025-07-07T19:42:15+00:00","dateModified":"2026-02-26T07:40:59+00:00"},{"@type":"Organization","@id":"https:\/\/hidalgo.nl\/de\/#organization","name":"Hidalgo","url":"https:\/\/hidalgo.nl\/de\/","logo":{"@type":"ImageObject","url":"https:\/\/shop.hidalgo.nl\/wp-content\/uploads\/2025\/11\/cropped-Hidalgo-est1993.png","@id":"https:\/\/hidalgo.nl\/de\/product\/janzen-car-perfume-skin-90\/#organizationLogo","width":585,"height":195},"image":{"@id":"https:\/\/hidalgo.nl\/de\/product\/janzen-car-perfume-skin-90\/#organizationLogo"}},{"@type":"WebPage","@id":"https:\/\/hidalgo.nl\/de\/product\/janzen-car-perfume-skin-90\/#webpage","url":"https:\/\/hidalgo.nl\/de\/product\/janzen-car-perfume-skin-90\/","name":"JANZEN Car Perfume Skin 90","description":"Zwei Autoparfums im Duft Skin 90 von JANZEN sorgen per L\u00fcftung f\u00fcr einen dezenten, modernen Auto-Duft mit Kirschbl\u00fcte, Lilie & Tonkabohne. Als Geschenkset ideal f\u00fcr 20-40: langlebig und sofort einsatzbereit; bei Hidalgo l\u00e4sst du die schwarze Halterung mit deinem Logo bedrucken.","inLanguage":"de-DE","isPartOf":{"@id":"https:\/\/hidalgo.nl\/de\/#website"},"breadcrumb":{"@id":"https:\/\/hidalgo.nl\/de\/product\/janzen-car-perfume-skin-90\/#breadcrumblist"},"image":{"@type":"ImageObject","url":"https:\/\/shop.hidalgo.nl\/wp-content\/uploads\/2025\/04\/e7faf7d54e5b101e109f97c8cd00f6fc5a84c0256b664ae2e81045374a5e1e48.jpg","@id":"https:\/\/hidalgo.nl\/de\/product\/janzen-car-perfume-skin-90\/#mainImage"},"primaryImageOfPage":{"@id":"https:\/\/hidalgo.nl\/de\/product\/janzen-car-perfume-skin-90\/#mainImage"},"datePublished":"2025-07-07T19:42:15+00:00","dateModified":"2026-02-26T07:40:59+00:00"},{"@type":"WebSite","@id":"https:\/\/hidalgo.nl\/de\/#website","url":"https:\/\/hidalgo.nl\/de\/","name":"Hidalgo","inLanguage":"de-DE","publisher":{"@id":"https:\/\/hidalgo.nl\/de\/#organization"}}]},"og:locale":"de_DE","og:site_name":"Hidalgo -","og:type":"article","og:title":"JANZEN Car Perfume Skin 90","og:description":"Zwei Autoparfums im Duft Skin 90 von JANZEN sorgen per L\u00fcftung f\u00fcr einen dezenten, modernen Auto-Duft mit Kirschbl\u00fcte, Lilie &amp; Tonkabohne. Als Geschenkset ideal f\u00fcr 20-40: langlebig und sofort einsatzbereit; bei Hidalgo l\u00e4sst du die schwarze Halterung mit deinem Logo bedrucken.","og:url":"https:\/\/hidalgo.nl\/de\/wp-json\/wp\/v2\/product\/128406","og:image":"https:\/\/shop.hidalgo.nl\/wp-content\/uploads\/2025\/11\/cropped-Hidalgo-est1993.png","og:image:secure_url":"https:\/\/shop.hidalgo.nl\/wp-content\/uploads\/2025\/11\/cropped-Hidalgo-est1993.png","article:published_time":"2025-07-07T19:42:15+00:00","article:modified_time":"2026-02-26T07:40:59+00:00","twitter:card":"summary_large_image","twitter:title":"JANZEN Car Perfume Skin 90","twitter:description":"Zwei Autoparfums im Duft Skin 90 von JANZEN sorgen per L\u00fcftung f\u00fcr einen dezenten, modernen Auto-Duft mit Kirschbl\u00fcte, Lilie &amp; Tonkabohne. Als Geschenkset ideal f\u00fcr 20-40: langlebig und sofort einsatzbereit; bei Hidalgo l\u00e4sst du die schwarze Halterung mit deinem Logo bedrucken.","twitter:image":"https:\/\/shop.hidalgo.nl\/wp-content\/uploads\/2025\/11\/cropped-Hidalgo-est1993.png"},"aioseo_meta_data":{"post_id":"128406","title":null,"description":null,"keywords":null,"keyphrases":null,"primary_term":null,"canonical_url":null,"og_title":null,"og_description":null,"og_object_type":"default","og_image_type":"default","og_image_url":null,"og_image_width":null,"og_image_height":null,"og_image_custom_url":null,"og_image_custom_fields":null,"og_video":null,"og_custom_url":null,"og_article_section":null,"og_article_tags":null,"twitter_use_og":false,"twitter_card":"default","twitter_image_type":"default","twitter_image_url":null,"twitter_image_custom_url":null,"twitter_image_custom_fields":null,"twitter_title":null,"twitter_description":null,"schema":{"blockGraphs":[],"customGraphs":[],"default":{"data":{"Article":[],"Course":[],"Dataset":[],"FAQPage":[],"Movie":[],"Person":[],"Product":[],"ProductReview":[],"Car":[],"Recipe":[],"Service":[],"SoftwareApplication":[],"WebPage":[]},"graphName":"","isEnabled":true},"graphs":[]},"schema_type":"default","schema_type_options":null,"pillar_content":false,"robots_default":true,"robots_noindex":false,"robots_noarchive":false,"robots_nosnippet":false,"robots_nofollow":false,"robots_noimageindex":false,"robots_noodp":false,"robots_notranslate":false,"robots_max_snippet":null,"robots_max_videopreview":null,"robots_max_imagepreview":"large","priority":null,"frequency":null,"local_seo":null,"seo_analyzer_scan_date":"2026-01-22 10:06:05","breadcrumb_settings":null,"limit_modified_date":false,"reviewed_by":null,"open_ai":null,"ai":null,"created":"2026-01-14 06:25:38","updated":"2026-02-26 09:34:50"},"aioseo_breadcrumb":"<div class=\"aioseo-breadcrumbs\"><span class=\"aioseo-breadcrumb\">\n\t<a href=\"https:\/\/hidalgo.nl\/de\/\" title=\"Home\">Home<\/a>\n<\/span><span class=\"aioseo-breadcrumb-separator\">\u00bb<\/span><span class=\"aioseo-breadcrumb\">\n\t<a href=\"https:\/\/hidalgo.nl\/example\/\" title=\"example\">example<\/a>\n<\/span><span class=\"aioseo-breadcrumb-separator\">\u00bb<\/span><span class=\"aioseo-breadcrumb\">\n\t<a href=\"https:\/\/hidalgo.nl\/en\/product-supplier\/a508\/\" title=\"A508\">A508<\/a>\n<\/span><span class=\"aioseo-breadcrumb-separator\">\u00bb<\/span><span class=\"aioseo-breadcrumb\">\n\tJANZEN Car Perfume Skin 90\n<\/span><\/div>","aioseo_breadcrumb_json":[{"label":"Home","link":"https:\/\/hidalgo.nl\/de\/"},{"label":"example","link":"https:\/\/hidalgo.nl\/example\/"},{"label":"A508","link":"https:\/\/hidalgo.nl\/en\/product-supplier\/a508\/"},{"label":"JANZEN Car Perfume Skin 90","link":"https:\/\/hidalgo.nl\/de\/product\/janzen-car-perfume-skin-90\/"}],"_links":{"self":[{"href":"https:\/\/hidalgo.nl\/de\/wp-json\/wp\/v2\/product\/128406","targetHints":{"allow":["GET"]}}],"collection":[{"href":"https:\/\/hidalgo.nl\/de\/wp-json\/wp\/v2\/product"}],"about":[{"href":"https:\/\/hidalgo.nl\/de\/wp-json\/wp\/v2\/types\/product"}],"wp:featuredmedia":[{"embeddable":true,"href":"https:\/\/hidalgo.nl\/de\/wp-json\/wp\/v2\/media\/591470"}],"wp:attachment":[{"href":"https:\/\/hidalgo.nl\/de\/wp-json\/wp\/v2\/media?parent=128406"}],"wp:term":[{"taxonomy":"product_brand","embeddable":true,"href":"https:\/\/hidalgo.nl\/de\/wp-json\/wp\/v2\/product_brand?post=128406"},{"taxonomy":"product_cat","embeddable":true,"href":"https:\/\/hidalgo.nl\/de\/wp-json\/wp\/v2\/product_cat?post=128406"},{"taxonomy":"product_tag","embeddable":true,"href":"https:\/\/hidalgo.nl\/de\/wp-json\/wp\/v2\/product_tag?post=128406"}],"curies":[{"name":"wp","href":"https:\/\/api.w.org\/{rel}","templated":true}]}}