{"id":128326,"date":"2025-07-07T19:39:57","date_gmt":"2025-07-07T19:39:57","guid":{"rendered":"http:\/\/bidonsenshakers.pim.hidalgo.nl\/product\/janzen-gift-set-s-home-body-heavenly\/"},"modified":"2026-02-26T07:41:06","modified_gmt":"2026-02-26T07:41:06","slug":"janzen-gift-set-s-home-body-heavenly","status":"publish","type":"product","link":"https:\/\/hidalgo.nl\/de\/product\/janzen-gift-set-s-home-body-heavenly\/","title":{"rendered":"JANZEN Gift Set S Home &amp; Body Heavenly"},"content":{"rendered":"<p>Een cadeaupakket met home &amp; body producten in de geur Heavenly van het merk JANZEN. Inhoud: \u2022 Home Fragrance Sticks &#8211; 100 ml \u2022 Shower Foam &#8211; 200 ml. De combinatie van de producten geven je een ultieme geurbeleving van Heavenly zowel in de douche, als in huis. Een boeket van delicate viooltjes, omhuld door een vleugje zachte musk. De sprankelende topnoten van bergamot en het frisse van de citroen komen samen met het zoete van de zwarte bes. Het parfum wordt omarmt met een poederige touch van de lelietjes-van-dalen, wat Heavenly een elegante en gebalanceerde geur maakt voor iedere gelegenheid. De fijne producten zijn verpakt in een luxe cadeaudoos. Per set in een luxe Wooosh geschenkverpakking.<\/p>\n","protected":false},"excerpt":{"rendered":"<p>Een cadeaupakket met home &amp; body producten in de geur Heavenly van het merk JANZEN. Inhoud: \u2022 Home Fragrance Sticks &#8211; 100 ml \u2022 Shower Foam &#8211; 200 ml. De combinatie van de producten geven je een ultieme geurbeleving van Heavenly zowel in de douche, als in huis. Een boeket van delicate viooltjes, omhuld door&hellip; <a class=\"more-link\" href=\"https:\/\/hidalgo.nl\/de\/product\/janzen-gift-set-s-home-body-heavenly\/\"><span class=\"screen-reader-text\">JANZEN Gift Set S Home &amp; Body Heavenly<\/span> weiterlesen<\/a><\/p>\n","protected":false},"featured_media":591775,"template":"","meta":{"_acf_changed":false,"om_disable_all_campaigns":false,"_monsterinsights_skip_tracking":false,"_monsterinsights_sitenote_active":false,"_monsterinsights_sitenote_note":"","_monsterinsights_sitenote_category":0},"product_brand":[1895],"product_cat":[4762,4763],"product_tag":[],"class_list":{"0":"post-128326","1":"product","2":"type-product","3":"status-publish","4":"has-post-thumbnail","6":"product_supplier-a508","7":"product_material-glashoutaluminium","8":"product_brand-janzen","9":"product_cat-geschenk-pakketten","10":"product_cat-geschenk-pakketten-persoonlijke-verzorgings-set","11":"entry","13":"first","14":"instock","15":"taxable","16":"shipping-taxable","17":"purchasable","18":"product-type-variable"},"acf":{"imprint_cost":[{"imprint_cost_key":"ab4f0d5b0afeacfd854fbfc47b831320978386bd","product_quantity_price_range":[{"imprint_cost_recommended_selling_price":"3.285","imprint_cost_recommended_selling_quantity":"1"},{"imprint_cost_recommended_selling_price":"1.875","imprint_cost_recommended_selling_quantity":"25"},{"imprint_cost_recommended_selling_price":"1.125","imprint_cost_recommended_selling_quantity":"50"},{"imprint_cost_recommended_selling_price":"0.75","imprint_cost_recommended_selling_quantity":"100"},{"imprint_cost_recommended_selling_price":"0.585","imprint_cost_recommended_selling_quantity":"250"},{"imprint_cost_recommended_selling_price":"0.495","imprint_cost_recommended_selling_quantity":"500"},{"imprint_cost_recommended_selling_price":"0.435","imprint_cost_recommended_selling_quantity":"1000"},{"imprint_cost_recommended_selling_price":"0.375","imprint_cost_recommended_selling_quantity":"2500"},{"imprint_cost_recommended_selling_price":"0.33","imprint_cost_recommended_selling_quantity":"5000"}],"product_quantity_price_range_buying":[{"imprint_cost_general_buying_price":"2.19","imprint_cost_general_buying_quantity":"1"},{"imprint_cost_general_buying_price":"1.25","imprint_cost_general_buying_quantity":"25"},{"imprint_cost_general_buying_price":"0.75","imprint_cost_general_buying_quantity":"50"},{"imprint_cost_general_buying_price":"0.5","imprint_cost_general_buying_quantity":"100"},{"imprint_cost_general_buying_price":"0.39","imprint_cost_general_buying_quantity":"250"},{"imprint_cost_general_buying_price":"0.33","imprint_cost_general_buying_quantity":"500"},{"imprint_cost_general_buying_price":"0.29","imprint_cost_general_buying_quantity":"1000"},{"imprint_cost_general_buying_price":"0.25","imprint_cost_general_buying_quantity":"2500"},{"imprint_cost_general_buying_price":"0.22","imprint_cost_general_buying_quantity":"5000"}],"imprint_cost_setup_costs":"60","imprint_cost_handling_costs":"0.3"},{"imprint_cost_key":"c79a8403b670bedd656821a21d41bfeb31ee9d8f","product_quantity_price_range":[{"imprint_cost_recommended_selling_price":"3.285","imprint_cost_recommended_selling_quantity":"1"},{"imprint_cost_recommended_selling_price":"2.175","imprint_cost_recommended_selling_quantity":"25"},{"imprint_cost_recommended_selling_price":"1.71","imprint_cost_recommended_selling_quantity":"50"},{"imprint_cost_recommended_selling_price":"1.41","imprint_cost_recommended_selling_quantity":"100"},{"imprint_cost_recommended_selling_price":"1.32","imprint_cost_recommended_selling_quantity":"250"},{"imprint_cost_recommended_selling_price":"1.26","imprint_cost_recommended_selling_quantity":"500"},{"imprint_cost_recommended_selling_price":"1.2","imprint_cost_recommended_selling_quantity":"1000"},{"imprint_cost_recommended_selling_price":"1.155","imprint_cost_recommended_selling_quantity":"2500"},{"imprint_cost_recommended_selling_price":"1.125","imprint_cost_recommended_selling_quantity":"5000"}],"product_quantity_price_range_buying":[{"imprint_cost_general_buying_price":"2.19","imprint_cost_general_buying_quantity":"1"},{"imprint_cost_general_buying_price":"1.45","imprint_cost_general_buying_quantity":"25"},{"imprint_cost_general_buying_price":"1.14","imprint_cost_general_buying_quantity":"50"},{"imprint_cost_general_buying_price":"0.94","imprint_cost_general_buying_quantity":"100"},{"imprint_cost_general_buying_price":"0.88","imprint_cost_general_buying_quantity":"250"},{"imprint_cost_general_buying_price":"0.84","imprint_cost_general_buying_quantity":"500"},{"imprint_cost_general_buying_price":"0.8","imprint_cost_general_buying_quantity":"1000"},{"imprint_cost_general_buying_price":"0.77","imprint_cost_general_buying_quantity":"2500"},{"imprint_cost_general_buying_price":"0.75","imprint_cost_general_buying_quantity":"5000"}],"imprint_cost_setup_costs":"26.25","imprint_cost_handling_costs":"0.3"}]},"aioseo_notices":[],"aioseo_head":"\n\t\t<!-- All in One SEO Pro 4.9.5.2 - aioseo.com -->\n\t<meta name=\"description\" content=\"Erlebe eine elegante Duft- &amp; Pflege-Kombi von JANZEN: Duftst\u00e4bchen 100 ml und Duschschaum 200 ml im silbernen Geschenklook, perfekt f\u00fcr 20-40-J\u00e4hrige. Hidalgo bedruckt auf Wunsch dein Logo - ideal als personalisierbares Geschenkset und als Werbegeschenk mit Logo.\" \/>\n\t<meta name=\"robots\" content=\"max-image-preview:large\" \/>\n\t<link rel=\"canonical\" href=\"https:\/\/hidalgo.nl\/de\/wp-json\/wp\/v2\/product\/128326\" \/>\n\t<meta name=\"generator\" content=\"All in One SEO Pro (AIOSEO) 4.9.5.2\" \/>\n\t\t<meta property=\"og:locale\" content=\"de_DE\" \/>\n\t\t<meta property=\"og:site_name\" content=\"Hidalgo -\" \/>\n\t\t<meta property=\"og:type\" content=\"article\" \/>\n\t\t<meta property=\"og:title\" content=\"JANZEN Gift Set S Home &amp; Body Heavenly\" \/>\n\t\t<meta property=\"og:description\" content=\"Erlebe eine elegante Duft- &amp; Pflege-Kombi von JANZEN: Duftst\u00e4bchen 100 ml und Duschschaum 200 ml im silbernen Geschenklook, perfekt f\u00fcr 20-40-J\u00e4hrige. Hidalgo bedruckt auf Wunsch dein Logo - ideal als personalisierbares Geschenkset und als Werbegeschenk mit Logo.\" \/>\n\t\t<meta property=\"og:url\" content=\"https:\/\/hidalgo.nl\/de\/wp-json\/wp\/v2\/product\/128326\" \/>\n\t\t<meta property=\"og:image\" content=\"https:\/\/shop.hidalgo.nl\/wp-content\/uploads\/2025\/11\/cropped-Hidalgo-est1993.png\" \/>\n\t\t<meta property=\"og:image:secure_url\" content=\"https:\/\/shop.hidalgo.nl\/wp-content\/uploads\/2025\/11\/cropped-Hidalgo-est1993.png\" \/>\n\t\t<meta property=\"article:published_time\" content=\"2025-07-07T19:39:57+00:00\" \/>\n\t\t<meta property=\"article:modified_time\" content=\"2026-02-26T07:41:06+00:00\" \/>\n\t\t<meta name=\"twitter:card\" content=\"summary_large_image\" \/>\n\t\t<meta name=\"twitter:title\" content=\"JANZEN Gift Set S Home &amp; Body Heavenly\" \/>\n\t\t<meta name=\"twitter:description\" content=\"Erlebe eine elegante Duft- &amp; Pflege-Kombi von JANZEN: Duftst\u00e4bchen 100 ml und Duschschaum 200 ml im silbernen Geschenklook, perfekt f\u00fcr 20-40-J\u00e4hrige. Hidalgo bedruckt auf Wunsch dein Logo - ideal als personalisierbares Geschenkset und als Werbegeschenk mit Logo.\" \/>\n\t\t<meta name=\"twitter:image\" content=\"https:\/\/shop.hidalgo.nl\/wp-content\/uploads\/2025\/11\/cropped-Hidalgo-est1993.png\" \/>\n\t\t<script type=\"application\/ld+json\" class=\"aioseo-schema\">\n\t\t\t{\"@context\":\"https:\\\/\\\/schema.org\",\"@graph\":[{\"@type\":\"BreadcrumbList\",\"@id\":\"https:\\\/\\\/hidalgo.nl\\\/de\\\/product\\\/janzen-gift-set-s-home-body-heavenly\\\/#breadcrumblist\",\"itemListElement\":[{\"@type\":\"ListItem\",\"@id\":\"https:\\\/\\\/hidalgo.nl\\\/de\\\/#listItem\",\"position\":1,\"name\":\"Home\",\"item\":\"https:\\\/\\\/hidalgo.nl\\\/de\\\/\",\"nextItem\":{\"@type\":\"ListItem\",\"@id\":\"https:\\\/\\\/hidalgo.nl\\\/example\\\/#listItem\",\"name\":\"example\"}},{\"@type\":\"ListItem\",\"@id\":\"https:\\\/\\\/hidalgo.nl\\\/example\\\/#listItem\",\"position\":2,\"name\":\"example\",\"item\":\"https:\\\/\\\/hidalgo.nl\\\/example\\\/\",\"nextItem\":{\"@type\":\"ListItem\",\"@id\":\"https:\\\/\\\/hidalgo.nl\\\/en\\\/product-supplier\\\/a508\\\/#listItem\",\"name\":\"A508\"},\"previousItem\":{\"@type\":\"ListItem\",\"@id\":\"https:\\\/\\\/hidalgo.nl\\\/de\\\/#listItem\",\"name\":\"Home\"}},{\"@type\":\"ListItem\",\"@id\":\"https:\\\/\\\/hidalgo.nl\\\/en\\\/product-supplier\\\/a508\\\/#listItem\",\"position\":3,\"name\":\"A508\",\"item\":\"https:\\\/\\\/hidalgo.nl\\\/en\\\/product-supplier\\\/a508\\\/\",\"nextItem\":{\"@type\":\"ListItem\",\"@id\":\"https:\\\/\\\/hidalgo.nl\\\/de\\\/product\\\/janzen-gift-set-s-home-body-heavenly\\\/#listItem\",\"name\":\"JANZEN Gift Set S Home &amp; Body Heavenly\"},\"previousItem\":{\"@type\":\"ListItem\",\"@id\":\"https:\\\/\\\/hidalgo.nl\\\/example\\\/#listItem\",\"name\":\"example\"}},{\"@type\":\"ListItem\",\"@id\":\"https:\\\/\\\/hidalgo.nl\\\/de\\\/product\\\/janzen-gift-set-s-home-body-heavenly\\\/#listItem\",\"position\":4,\"name\":\"JANZEN Gift Set S Home &amp; Body Heavenly\",\"previousItem\":{\"@type\":\"ListItem\",\"@id\":\"https:\\\/\\\/hidalgo.nl\\\/en\\\/product-supplier\\\/a508\\\/#listItem\",\"name\":\"A508\"}}]},{\"@type\":\"ItemPage\",\"@id\":\"https:\\\/\\\/hidalgo.nl\\\/de\\\/product\\\/janzen-gift-set-s-home-body-heavenly\\\/#itempage\",\"url\":\"https:\\\/\\\/hidalgo.nl\\\/de\\\/product\\\/janzen-gift-set-s-home-body-heavenly\\\/\",\"name\":\"JANZEN Gift Set S Home & Body Heavenly\",\"description\":\"Erlebe eine elegante Duft- & Pflege-Kombi von JANZEN: Duftst\\u00e4bchen 100 ml und Duschschaum 200 ml im silbernen Geschenklook, perfekt f\\u00fcr 20-40-J\\u00e4hrige. Hidalgo bedruckt auf Wunsch dein Logo - ideal als personalisierbares Geschenkset und als Werbegeschenk mit Logo.\",\"inLanguage\":\"de-DE\",\"isPartOf\":{\"@id\":\"https:\\\/\\\/hidalgo.nl\\\/de\\\/#website\"},\"breadcrumb\":{\"@id\":\"https:\\\/\\\/hidalgo.nl\\\/de\\\/product\\\/janzen-gift-set-s-home-body-heavenly\\\/#breadcrumblist\"},\"image\":{\"@type\":\"ImageObject\",\"url\":\"https:\\\/\\\/shop.hidalgo.nl\\\/wp-content\\\/uploads\\\/2025\\\/04\\\/7b6579192f00e2a76e537849248bdd35e1a6bf0523829650a631b50808871866.jpg\",\"@id\":\"https:\\\/\\\/hidalgo.nl\\\/de\\\/product\\\/janzen-gift-set-s-home-body-heavenly\\\/#mainImage\"},\"primaryImageOfPage\":{\"@id\":\"https:\\\/\\\/hidalgo.nl\\\/de\\\/product\\\/janzen-gift-set-s-home-body-heavenly\\\/#mainImage\"},\"datePublished\":\"2025-07-07T19:39:57+00:00\",\"dateModified\":\"2026-02-26T07:41:06+00:00\"},{\"@type\":\"Organization\",\"@id\":\"https:\\\/\\\/hidalgo.nl\\\/de\\\/#organization\",\"name\":\"Hidalgo\",\"url\":\"https:\\\/\\\/hidalgo.nl\\\/de\\\/\",\"logo\":{\"@type\":\"ImageObject\",\"url\":\"https:\\\/\\\/shop.hidalgo.nl\\\/wp-content\\\/uploads\\\/2025\\\/11\\\/cropped-Hidalgo-est1993.png\",\"@id\":\"https:\\\/\\\/hidalgo.nl\\\/de\\\/product\\\/janzen-gift-set-s-home-body-heavenly\\\/#organizationLogo\",\"width\":585,\"height\":195},\"image\":{\"@id\":\"https:\\\/\\\/hidalgo.nl\\\/de\\\/product\\\/janzen-gift-set-s-home-body-heavenly\\\/#organizationLogo\"}},{\"@type\":\"WebPage\",\"@id\":\"https:\\\/\\\/hidalgo.nl\\\/de\\\/product\\\/janzen-gift-set-s-home-body-heavenly\\\/#webpage\",\"url\":\"https:\\\/\\\/hidalgo.nl\\\/de\\\/product\\\/janzen-gift-set-s-home-body-heavenly\\\/\",\"name\":\"JANZEN Gift Set S Home & Body Heavenly\",\"description\":\"Erlebe eine elegante Duft- & Pflege-Kombi von JANZEN: Duftst\\u00e4bchen 100 ml und Duschschaum 200 ml im silbernen Geschenklook, perfekt f\\u00fcr 20-40-J\\u00e4hrige. Hidalgo bedruckt auf Wunsch dein Logo - ideal als personalisierbares Geschenkset und als Werbegeschenk mit Logo.\",\"inLanguage\":\"de-DE\",\"isPartOf\":{\"@id\":\"https:\\\/\\\/hidalgo.nl\\\/de\\\/#website\"},\"breadcrumb\":{\"@id\":\"https:\\\/\\\/hidalgo.nl\\\/de\\\/product\\\/janzen-gift-set-s-home-body-heavenly\\\/#breadcrumblist\"},\"image\":{\"@type\":\"ImageObject\",\"url\":\"https:\\\/\\\/shop.hidalgo.nl\\\/wp-content\\\/uploads\\\/2025\\\/04\\\/7b6579192f00e2a76e537849248bdd35e1a6bf0523829650a631b50808871866.jpg\",\"@id\":\"https:\\\/\\\/hidalgo.nl\\\/de\\\/product\\\/janzen-gift-set-s-home-body-heavenly\\\/#mainImage\"},\"primaryImageOfPage\":{\"@id\":\"https:\\\/\\\/hidalgo.nl\\\/de\\\/product\\\/janzen-gift-set-s-home-body-heavenly\\\/#mainImage\"},\"datePublished\":\"2025-07-07T19:39:57+00:00\",\"dateModified\":\"2026-02-26T07:41:06+00:00\"},{\"@type\":\"WebSite\",\"@id\":\"https:\\\/\\\/hidalgo.nl\\\/de\\\/#website\",\"url\":\"https:\\\/\\\/hidalgo.nl\\\/de\\\/\",\"name\":\"Hidalgo\",\"inLanguage\":\"de-DE\",\"publisher\":{\"@id\":\"https:\\\/\\\/hidalgo.nl\\\/de\\\/#organization\"}}]}\n\t\t<\/script>\n\t\t<!-- All in One SEO Pro -->\r\n\t\t<title>JANZEN Gift Set S Home &amp; Body Heavenly<\/title>\n\n","aioseo_head_json":{"title":"JANZEN Gift Set S Home & Body Heavenly","description":"Erlebe eine elegante Duft- & Pflege-Kombi von JANZEN: Duftst\u00e4bchen 100 ml und Duschschaum 200 ml im silbernen Geschenklook, perfekt f\u00fcr 20-40-J\u00e4hrige. Hidalgo bedruckt auf Wunsch dein Logo - ideal als personalisierbares Geschenkset und als Werbegeschenk mit Logo.","canonical_url":"https:\/\/hidalgo.nl\/de\/wp-json\/wp\/v2\/product\/128326","robots":"max-image-preview:large","keywords":"","webmasterTools":{"miscellaneous":""},"schema":{"@context":"https:\/\/schema.org","@graph":[{"@type":"BreadcrumbList","@id":"https:\/\/hidalgo.nl\/de\/product\/janzen-gift-set-s-home-body-heavenly\/#breadcrumblist","itemListElement":[{"@type":"ListItem","@id":"https:\/\/hidalgo.nl\/de\/#listItem","position":1,"name":"Home","item":"https:\/\/hidalgo.nl\/de\/","nextItem":{"@type":"ListItem","@id":"https:\/\/hidalgo.nl\/example\/#listItem","name":"example"}},{"@type":"ListItem","@id":"https:\/\/hidalgo.nl\/example\/#listItem","position":2,"name":"example","item":"https:\/\/hidalgo.nl\/example\/","nextItem":{"@type":"ListItem","@id":"https:\/\/hidalgo.nl\/en\/product-supplier\/a508\/#listItem","name":"A508"},"previousItem":{"@type":"ListItem","@id":"https:\/\/hidalgo.nl\/de\/#listItem","name":"Home"}},{"@type":"ListItem","@id":"https:\/\/hidalgo.nl\/en\/product-supplier\/a508\/#listItem","position":3,"name":"A508","item":"https:\/\/hidalgo.nl\/en\/product-supplier\/a508\/","nextItem":{"@type":"ListItem","@id":"https:\/\/hidalgo.nl\/de\/product\/janzen-gift-set-s-home-body-heavenly\/#listItem","name":"JANZEN Gift Set S Home &amp; Body Heavenly"},"previousItem":{"@type":"ListItem","@id":"https:\/\/hidalgo.nl\/example\/#listItem","name":"example"}},{"@type":"ListItem","@id":"https:\/\/hidalgo.nl\/de\/product\/janzen-gift-set-s-home-body-heavenly\/#listItem","position":4,"name":"JANZEN Gift Set S Home &amp; Body Heavenly","previousItem":{"@type":"ListItem","@id":"https:\/\/hidalgo.nl\/en\/product-supplier\/a508\/#listItem","name":"A508"}}]},{"@type":"ItemPage","@id":"https:\/\/hidalgo.nl\/de\/product\/janzen-gift-set-s-home-body-heavenly\/#itempage","url":"https:\/\/hidalgo.nl\/de\/product\/janzen-gift-set-s-home-body-heavenly\/","name":"JANZEN Gift Set S Home & Body Heavenly","description":"Erlebe eine elegante Duft- & Pflege-Kombi von JANZEN: Duftst\u00e4bchen 100 ml und Duschschaum 200 ml im silbernen Geschenklook, perfekt f\u00fcr 20-40-J\u00e4hrige. Hidalgo bedruckt auf Wunsch dein Logo - ideal als personalisierbares Geschenkset und als Werbegeschenk mit Logo.","inLanguage":"de-DE","isPartOf":{"@id":"https:\/\/hidalgo.nl\/de\/#website"},"breadcrumb":{"@id":"https:\/\/hidalgo.nl\/de\/product\/janzen-gift-set-s-home-body-heavenly\/#breadcrumblist"},"image":{"@type":"ImageObject","url":"https:\/\/shop.hidalgo.nl\/wp-content\/uploads\/2025\/04\/7b6579192f00e2a76e537849248bdd35e1a6bf0523829650a631b50808871866.jpg","@id":"https:\/\/hidalgo.nl\/de\/product\/janzen-gift-set-s-home-body-heavenly\/#mainImage"},"primaryImageOfPage":{"@id":"https:\/\/hidalgo.nl\/de\/product\/janzen-gift-set-s-home-body-heavenly\/#mainImage"},"datePublished":"2025-07-07T19:39:57+00:00","dateModified":"2026-02-26T07:41:06+00:00"},{"@type":"Organization","@id":"https:\/\/hidalgo.nl\/de\/#organization","name":"Hidalgo","url":"https:\/\/hidalgo.nl\/de\/","logo":{"@type":"ImageObject","url":"https:\/\/shop.hidalgo.nl\/wp-content\/uploads\/2025\/11\/cropped-Hidalgo-est1993.png","@id":"https:\/\/hidalgo.nl\/de\/product\/janzen-gift-set-s-home-body-heavenly\/#organizationLogo","width":585,"height":195},"image":{"@id":"https:\/\/hidalgo.nl\/de\/product\/janzen-gift-set-s-home-body-heavenly\/#organizationLogo"}},{"@type":"WebPage","@id":"https:\/\/hidalgo.nl\/de\/product\/janzen-gift-set-s-home-body-heavenly\/#webpage","url":"https:\/\/hidalgo.nl\/de\/product\/janzen-gift-set-s-home-body-heavenly\/","name":"JANZEN Gift Set S Home & Body Heavenly","description":"Erlebe eine elegante Duft- & Pflege-Kombi von JANZEN: Duftst\u00e4bchen 100 ml und Duschschaum 200 ml im silbernen Geschenklook, perfekt f\u00fcr 20-40-J\u00e4hrige. Hidalgo bedruckt auf Wunsch dein Logo - ideal als personalisierbares Geschenkset und als Werbegeschenk mit Logo.","inLanguage":"de-DE","isPartOf":{"@id":"https:\/\/hidalgo.nl\/de\/#website"},"breadcrumb":{"@id":"https:\/\/hidalgo.nl\/de\/product\/janzen-gift-set-s-home-body-heavenly\/#breadcrumblist"},"image":{"@type":"ImageObject","url":"https:\/\/shop.hidalgo.nl\/wp-content\/uploads\/2025\/04\/7b6579192f00e2a76e537849248bdd35e1a6bf0523829650a631b50808871866.jpg","@id":"https:\/\/hidalgo.nl\/de\/product\/janzen-gift-set-s-home-body-heavenly\/#mainImage"},"primaryImageOfPage":{"@id":"https:\/\/hidalgo.nl\/de\/product\/janzen-gift-set-s-home-body-heavenly\/#mainImage"},"datePublished":"2025-07-07T19:39:57+00:00","dateModified":"2026-02-26T07:41:06+00:00"},{"@type":"WebSite","@id":"https:\/\/hidalgo.nl\/de\/#website","url":"https:\/\/hidalgo.nl\/de\/","name":"Hidalgo","inLanguage":"de-DE","publisher":{"@id":"https:\/\/hidalgo.nl\/de\/#organization"}}]},"og:locale":"de_DE","og:site_name":"Hidalgo -","og:type":"article","og:title":"JANZEN Gift Set S Home &amp; Body Heavenly","og:description":"Erlebe eine elegante Duft- &amp; Pflege-Kombi von JANZEN: Duftst\u00e4bchen 100 ml und Duschschaum 200 ml im silbernen Geschenklook, perfekt f\u00fcr 20-40-J\u00e4hrige. Hidalgo bedruckt auf Wunsch dein Logo - ideal als personalisierbares Geschenkset und als Werbegeschenk mit Logo.","og:url":"https:\/\/hidalgo.nl\/de\/wp-json\/wp\/v2\/product\/128326","og:image":"https:\/\/shop.hidalgo.nl\/wp-content\/uploads\/2025\/11\/cropped-Hidalgo-est1993.png","og:image:secure_url":"https:\/\/shop.hidalgo.nl\/wp-content\/uploads\/2025\/11\/cropped-Hidalgo-est1993.png","article:published_time":"2025-07-07T19:39:57+00:00","article:modified_time":"2026-02-26T07:41:06+00:00","twitter:card":"summary_large_image","twitter:title":"JANZEN Gift Set S Home &amp; Body Heavenly","twitter:description":"Erlebe eine elegante Duft- &amp; Pflege-Kombi von JANZEN: Duftst\u00e4bchen 100 ml und Duschschaum 200 ml im silbernen Geschenklook, perfekt f\u00fcr 20-40-J\u00e4hrige. Hidalgo bedruckt auf Wunsch dein Logo - ideal als personalisierbares Geschenkset und als Werbegeschenk mit Logo.","twitter:image":"https:\/\/shop.hidalgo.nl\/wp-content\/uploads\/2025\/11\/cropped-Hidalgo-est1993.png"},"aioseo_meta_data":{"post_id":"128326","title":null,"description":null,"keywords":null,"keyphrases":null,"primary_term":null,"canonical_url":null,"og_title":null,"og_description":null,"og_object_type":"default","og_image_type":"default","og_image_url":null,"og_image_width":null,"og_image_height":null,"og_image_custom_url":null,"og_image_custom_fields":null,"og_video":null,"og_custom_url":null,"og_article_section":null,"og_article_tags":null,"twitter_use_og":false,"twitter_card":"default","twitter_image_type":"default","twitter_image_url":null,"twitter_image_custom_url":null,"twitter_image_custom_fields":null,"twitter_title":null,"twitter_description":null,"schema":{"blockGraphs":[],"customGraphs":[],"default":{"data":{"Article":[],"Course":[],"Dataset":[],"FAQPage":[],"Movie":[],"Person":[],"Product":[],"ProductReview":[],"Car":[],"Recipe":[],"Service":[],"SoftwareApplication":[],"WebPage":[]},"graphName":"","isEnabled":true},"graphs":[]},"schema_type":"default","schema_type_options":null,"pillar_content":false,"robots_default":true,"robots_noindex":false,"robots_noarchive":false,"robots_nosnippet":false,"robots_nofollow":false,"robots_noimageindex":false,"robots_noodp":false,"robots_notranslate":false,"robots_max_snippet":null,"robots_max_videopreview":null,"robots_max_imagepreview":"large","priority":null,"frequency":null,"local_seo":null,"seo_analyzer_scan_date":"2026-01-22 10:04:04","breadcrumb_settings":null,"limit_modified_date":false,"reviewed_by":null,"open_ai":null,"ai":null,"created":"2026-01-14 06:25:38","updated":"2026-02-26 09:34:43"},"aioseo_breadcrumb":"<div class=\"aioseo-breadcrumbs\"><span class=\"aioseo-breadcrumb\">\n\t<a href=\"https:\/\/hidalgo.nl\/de\/\" title=\"Home\">Home<\/a>\n<\/span><span class=\"aioseo-breadcrumb-separator\">\u00bb<\/span><span class=\"aioseo-breadcrumb\">\n\t<a href=\"https:\/\/hidalgo.nl\/example\/\" title=\"example\">example<\/a>\n<\/span><span class=\"aioseo-breadcrumb-separator\">\u00bb<\/span><span class=\"aioseo-breadcrumb\">\n\t<a href=\"https:\/\/hidalgo.nl\/en\/product-supplier\/a508\/\" title=\"A508\">A508<\/a>\n<\/span><span class=\"aioseo-breadcrumb-separator\">\u00bb<\/span><span class=\"aioseo-breadcrumb\">\n\tJANZEN Gift Set S Home &amp; Body Heavenly\n<\/span><\/div>","aioseo_breadcrumb_json":[{"label":"Home","link":"https:\/\/hidalgo.nl\/de\/"},{"label":"example","link":"https:\/\/hidalgo.nl\/example\/"},{"label":"A508","link":"https:\/\/hidalgo.nl\/en\/product-supplier\/a508\/"},{"label":"JANZEN Gift Set S Home &amp; Body Heavenly","link":"https:\/\/hidalgo.nl\/de\/product\/janzen-gift-set-s-home-body-heavenly\/"}],"_links":{"self":[{"href":"https:\/\/hidalgo.nl\/de\/wp-json\/wp\/v2\/product\/128326","targetHints":{"allow":["GET"]}}],"collection":[{"href":"https:\/\/hidalgo.nl\/de\/wp-json\/wp\/v2\/product"}],"about":[{"href":"https:\/\/hidalgo.nl\/de\/wp-json\/wp\/v2\/types\/product"}],"wp:featuredmedia":[{"embeddable":true,"href":"https:\/\/hidalgo.nl\/de\/wp-json\/wp\/v2\/media\/591775"}],"wp:attachment":[{"href":"https:\/\/hidalgo.nl\/de\/wp-json\/wp\/v2\/media?parent=128326"}],"wp:term":[{"taxonomy":"product_brand","embeddable":true,"href":"https:\/\/hidalgo.nl\/de\/wp-json\/wp\/v2\/product_brand?post=128326"},{"taxonomy":"product_cat","embeddable":true,"href":"https:\/\/hidalgo.nl\/de\/wp-json\/wp\/v2\/product_cat?post=128326"},{"taxonomy":"product_tag","embeddable":true,"href":"https:\/\/hidalgo.nl\/de\/wp-json\/wp\/v2\/product_tag?post=128326"}],"curies":[{"name":"wp","href":"https:\/\/api.w.org\/{rel}","templated":true}]}}