{"id":128135,"date":"2025-07-07T19:35:47","date_gmt":"2025-07-07T19:35:47","guid":{"rendered":"http:\/\/bidonsenshakers.pim.hidalgo.nl\/product\/fraenck-bobby-laptop-sleeve-14-laptophoes\/"},"modified":"2026-02-26T07:41:28","modified_gmt":"2026-02-26T07:41:28","slug":"fraenck-bobby-laptop-sleeve-14-laptophoes","status":"publish","type":"product","link":"https:\/\/hidalgo.nl\/de\/product\/fraenck-bobby-laptop-sleeve-14-laptophoes\/","title":{"rendered":"Fraenck Bobby Laptop Sleeve 14&#8243; laptophoes"},"content":{"rendered":"<p>Een 14 inch laptophoes van het merk Fraenck. Gemaakt van ge\u00fcpcycled imitatieleer. De zachte, dikke voering beschermt je laptop tegen beschadigingen. Beide zijdes van de sleeve zijn verstevigd met biaisband. Voorzien van een stevige rits. Geschikt voor het opbergen en veilig vervoeren van een laptop of tablet tot 14 inch. Made in Holland.<\/p>\n","protected":false},"excerpt":{"rendered":"<p>Een 14 inch laptophoes van het merk Fraenck. Gemaakt van ge\u00fcpcycled imitatieleer. De zachte, dikke voering beschermt je laptop tegen beschadigingen. Beide zijdes van de sleeve zijn verstevigd met biaisband. Voorzien van een stevige rits. Geschikt voor het opbergen en veilig vervoeren van een laptop of tablet tot 14 inch. Made in Holland.<\/p>\n","protected":false},"featured_media":592163,"template":"","meta":{"_acf_changed":false,"om_disable_all_campaigns":false,"_monsterinsights_skip_tracking":false,"_monsterinsights_sitenote_active":false,"_monsterinsights_sitenote_note":"","_monsterinsights_sitenote_category":0},"product_brand":[102],"product_cat":[4760,4873,4713],"product_tag":[],"class_list":{"0":"post-128135","1":"product","2":"type-product","3":"status-publish","4":"has-post-thumbnail","6":"product_supplier-a508","7":"product_material-geupcycled-imitatieleergeupcycled-polyesterkatoen","8":"product_brand-fraenck","9":"product_cat-document-tassen","10":"product_cat-laptop-tassen","11":"product_cat-tassen","12":"entry","14":"first","15":"instock","16":"taxable","17":"shipping-taxable","18":"purchasable","19":"product-type-variable"},"acf":{"imprint_cost":[{"imprint_cost_key":"62be1d84da5e49cc4f1e7e5493833ea25161afb1","product_quantity_price_range":[{"imprint_cost_recommended_selling_price":"3.045","imprint_cost_recommended_selling_quantity":"1"},{"imprint_cost_recommended_selling_price":"2.13","imprint_cost_recommended_selling_quantity":"25"},{"imprint_cost_recommended_selling_price":"1.41","imprint_cost_recommended_selling_quantity":"50"},{"imprint_cost_recommended_selling_price":"0.81","imprint_cost_recommended_selling_quantity":"100"},{"imprint_cost_recommended_selling_price":"0.69","imprint_cost_recommended_selling_quantity":"250"},{"imprint_cost_recommended_selling_price":"0.57","imprint_cost_recommended_selling_quantity":"500"},{"imprint_cost_recommended_selling_price":"0.51","imprint_cost_recommended_selling_quantity":"1000"},{"imprint_cost_recommended_selling_price":"0.465","imprint_cost_recommended_selling_quantity":"2500"},{"imprint_cost_recommended_selling_price":"0.435","imprint_cost_recommended_selling_quantity":"5000"}],"product_quantity_price_range_buying":[{"imprint_cost_general_buying_price":"2.03","imprint_cost_general_buying_quantity":"1"},{"imprint_cost_general_buying_price":"1.42","imprint_cost_general_buying_quantity":"25"},{"imprint_cost_general_buying_price":"0.94","imprint_cost_general_buying_quantity":"50"},{"imprint_cost_general_buying_price":"0.54","imprint_cost_general_buying_quantity":"100"},{"imprint_cost_general_buying_price":"0.46","imprint_cost_general_buying_quantity":"250"},{"imprint_cost_general_buying_price":"0.38","imprint_cost_general_buying_quantity":"500"},{"imprint_cost_general_buying_price":"0.34","imprint_cost_general_buying_quantity":"1000"},{"imprint_cost_general_buying_price":"0.31","imprint_cost_general_buying_quantity":"2500"},{"imprint_cost_general_buying_price":"0.29","imprint_cost_general_buying_quantity":"5000"}],"imprint_cost_setup_costs":"45","imprint_cost_handling_costs":"0.09"},{"imprint_cost_key":"3c81a03a68929d6a48c8a04c04e69db8d1f733e0","product_quantity_price_range":[{"imprint_cost_recommended_selling_price":"1.875","imprint_cost_recommended_selling_quantity":"1"},{"imprint_cost_recommended_selling_price":"1.725","imprint_cost_recommended_selling_quantity":"25"},{"imprint_cost_recommended_selling_price":"1.575","imprint_cost_recommended_selling_quantity":"50"},{"imprint_cost_recommended_selling_price":"1.5","imprint_cost_recommended_selling_quantity":"100"},{"imprint_cost_recommended_selling_price":"1.425","imprint_cost_recommended_selling_quantity":"250"},{"imprint_cost_recommended_selling_price":"1.35","imprint_cost_recommended_selling_quantity":"500"},{"imprint_cost_recommended_selling_price":"1.275","imprint_cost_recommended_selling_quantity":"1000"},{"imprint_cost_recommended_selling_price":"1.23","imprint_cost_recommended_selling_quantity":"2500"},{"imprint_cost_recommended_selling_price":"1.2","imprint_cost_recommended_selling_quantity":"5000"}],"product_quantity_price_range_buying":[{"imprint_cost_general_buying_price":"1.25","imprint_cost_general_buying_quantity":"1"},{"imprint_cost_general_buying_price":"1.15","imprint_cost_general_buying_quantity":"25"},{"imprint_cost_general_buying_price":"1.05","imprint_cost_general_buying_quantity":"50"},{"imprint_cost_general_buying_price":"1","imprint_cost_general_buying_quantity":"100"},{"imprint_cost_general_buying_price":"0.95","imprint_cost_general_buying_quantity":"250"},{"imprint_cost_general_buying_price":"0.9","imprint_cost_general_buying_quantity":"500"},{"imprint_cost_general_buying_price":"0.85","imprint_cost_general_buying_quantity":"1000"},{"imprint_cost_general_buying_price":"0.82","imprint_cost_general_buying_quantity":"2500"},{"imprint_cost_general_buying_price":"0.8","imprint_cost_general_buying_quantity":"5000"}],"imprint_cost_setup_costs":"52.5","imprint_cost_handling_costs":"0"}]},"aioseo_notices":[],"aioseo_head":"\n\t\t<!-- All in One SEO Pro 4.9.6.2 - aioseo.com -->\n\t<meta name=\"description\" content=\"Bobby sch\u00fctzt dein Notebook bis 14 Zoll im Alltag: weich gepolstert und mit sicherem Rei\u00dfverschluss. Hidalgo druckt auf Wunsch dein Logo f\u00fcr Events &amp; B\u00fcro. Von Fraenck in Schwarz oder Grau, passend als dezentes B\u00fcrozubeh\u00f6r.\" \/>\n\t<meta name=\"robots\" content=\"max-image-preview:large\" \/>\n\t<link rel=\"canonical\" href=\"https:\/\/hidalgo.nl\/de\/wp-json\/wp\/v2\/product\/128135\" \/>\n\t<meta name=\"generator\" content=\"All in One SEO Pro (AIOSEO) 4.9.6.2\" \/>\n\t\t<meta property=\"og:locale\" content=\"de_DE\" \/>\n\t\t<meta property=\"og:site_name\" content=\"Hidalgo -\" \/>\n\t\t<meta property=\"og:type\" content=\"article\" \/>\n\t\t<meta property=\"og:title\" content=\"Fraenck Bobby Laptop Sleeve 14\u2033 laptophoes\" \/>\n\t\t<meta property=\"og:description\" content=\"Bobby sch\u00fctzt dein Notebook bis 14 Zoll im Alltag: weich gepolstert und mit sicherem Rei\u00dfverschluss. Hidalgo druckt auf Wunsch dein Logo f\u00fcr Events &amp; B\u00fcro. Von Fraenck in Schwarz oder Grau, passend als dezentes B\u00fcrozubeh\u00f6r.\" \/>\n\t\t<meta property=\"og:url\" content=\"https:\/\/hidalgo.nl\/de\/wp-json\/wp\/v2\/product\/128135\" \/>\n\t\t<meta property=\"og:image\" content=\"https:\/\/shop.hidalgo.nl\/wp-content\/uploads\/2025\/11\/cropped-Hidalgo-est1993.png\" \/>\n\t\t<meta property=\"og:image:secure_url\" content=\"https:\/\/shop.hidalgo.nl\/wp-content\/uploads\/2025\/11\/cropped-Hidalgo-est1993.png\" \/>\n\t\t<meta property=\"article:published_time\" content=\"2025-07-07T19:35:47+00:00\" \/>\n\t\t<meta property=\"article:modified_time\" content=\"2026-02-26T07:41:28+00:00\" \/>\n\t\t<meta name=\"twitter:card\" content=\"summary_large_image\" \/>\n\t\t<meta name=\"twitter:title\" content=\"Fraenck Bobby Laptop Sleeve 14\u2033 laptophoes\" \/>\n\t\t<meta name=\"twitter:description\" content=\"Bobby sch\u00fctzt dein Notebook bis 14 Zoll im Alltag: weich gepolstert und mit sicherem Rei\u00dfverschluss. Hidalgo druckt auf Wunsch dein Logo f\u00fcr Events &amp; B\u00fcro. Von Fraenck in Schwarz oder Grau, passend als dezentes B\u00fcrozubeh\u00f6r.\" \/>\n\t\t<meta name=\"twitter:image\" content=\"https:\/\/shop.hidalgo.nl\/wp-content\/uploads\/2025\/11\/cropped-Hidalgo-est1993.png\" \/>\n\t\t<script type=\"application\/ld+json\" class=\"aioseo-schema\">\n\t\t\t{\"@context\":\"https:\\\/\\\/schema.org\",\"@graph\":[{\"@type\":\"BreadcrumbList\",\"@id\":\"https:\\\/\\\/hidalgo.nl\\\/de\\\/product\\\/fraenck-bobby-laptop-sleeve-14-laptophoes\\\/#breadcrumblist\",\"itemListElement\":[{\"@type\":\"ListItem\",\"@id\":\"https:\\\/\\\/hidalgo.nl\\\/de\\\/#listItem\",\"position\":1,\"name\":\"Home\",\"item\":\"https:\\\/\\\/hidalgo.nl\\\/de\\\/\",\"nextItem\":{\"@type\":\"ListItem\",\"@id\":\"https:\\\/\\\/hidalgo.nl\\\/example\\\/#listItem\",\"name\":\"example\"}},{\"@type\":\"ListItem\",\"@id\":\"https:\\\/\\\/hidalgo.nl\\\/example\\\/#listItem\",\"position\":2,\"name\":\"example\",\"item\":\"https:\\\/\\\/hidalgo.nl\\\/example\\\/\",\"nextItem\":{\"@type\":\"ListItem\",\"@id\":\"https:\\\/\\\/hidalgo.nl\\\/en\\\/product-supplier\\\/a508\\\/#listItem\",\"name\":\"A508\"},\"previousItem\":{\"@type\":\"ListItem\",\"@id\":\"https:\\\/\\\/hidalgo.nl\\\/de\\\/#listItem\",\"name\":\"Home\"}},{\"@type\":\"ListItem\",\"@id\":\"https:\\\/\\\/hidalgo.nl\\\/en\\\/product-supplier\\\/a508\\\/#listItem\",\"position\":3,\"name\":\"A508\",\"item\":\"https:\\\/\\\/hidalgo.nl\\\/en\\\/product-supplier\\\/a508\\\/\",\"nextItem\":{\"@type\":\"ListItem\",\"@id\":\"https:\\\/\\\/hidalgo.nl\\\/de\\\/product\\\/fraenck-bobby-laptop-sleeve-14-laptophoes\\\/#listItem\",\"name\":\"Fraenck Bobby Laptop Sleeve 14&#8243; laptophoes\"},\"previousItem\":{\"@type\":\"ListItem\",\"@id\":\"https:\\\/\\\/hidalgo.nl\\\/example\\\/#listItem\",\"name\":\"example\"}},{\"@type\":\"ListItem\",\"@id\":\"https:\\\/\\\/hidalgo.nl\\\/de\\\/product\\\/fraenck-bobby-laptop-sleeve-14-laptophoes\\\/#listItem\",\"position\":4,\"name\":\"Fraenck Bobby Laptop Sleeve 14&#8243; laptophoes\",\"previousItem\":{\"@type\":\"ListItem\",\"@id\":\"https:\\\/\\\/hidalgo.nl\\\/en\\\/product-supplier\\\/a508\\\/#listItem\",\"name\":\"A508\"}}]},{\"@type\":\"ItemPage\",\"@id\":\"https:\\\/\\\/hidalgo.nl\\\/de\\\/product\\\/fraenck-bobby-laptop-sleeve-14-laptophoes\\\/#itempage\",\"url\":\"https:\\\/\\\/hidalgo.nl\\\/de\\\/product\\\/fraenck-bobby-laptop-sleeve-14-laptophoes\\\/\",\"name\":\"Fraenck Bobby Laptop Sleeve 14\\u2033 laptophoes\",\"description\":\"Bobby sch\\u00fctzt dein Notebook bis 14 Zoll im Alltag: weich gepolstert und mit sicherem Rei\\u00dfverschluss. Hidalgo druckt auf Wunsch dein Logo f\\u00fcr Events & B\\u00fcro. Von Fraenck in Schwarz oder Grau, passend als dezentes B\\u00fcrozubeh\\u00f6r.\",\"inLanguage\":\"de-DE\",\"isPartOf\":{\"@id\":\"https:\\\/\\\/hidalgo.nl\\\/de\\\/#website\"},\"breadcrumb\":{\"@id\":\"https:\\\/\\\/hidalgo.nl\\\/de\\\/product\\\/fraenck-bobby-laptop-sleeve-14-laptophoes\\\/#breadcrumblist\"},\"image\":{\"@type\":\"ImageObject\",\"url\":\"https:\\\/\\\/shop.hidalgo.nl\\\/wp-content\\\/uploads\\\/2025\\\/04\\\/4f16d8bff7dabcfd60b10527d2a06561996aa68a83fbf4b8a9e023905f2fc857.jpg\",\"@id\":\"https:\\\/\\\/hidalgo.nl\\\/de\\\/product\\\/fraenck-bobby-laptop-sleeve-14-laptophoes\\\/#mainImage\"},\"primaryImageOfPage\":{\"@id\":\"https:\\\/\\\/hidalgo.nl\\\/de\\\/product\\\/fraenck-bobby-laptop-sleeve-14-laptophoes\\\/#mainImage\"},\"datePublished\":\"2025-07-07T19:35:47+00:00\",\"dateModified\":\"2026-02-26T07:41:28+00:00\"},{\"@type\":\"Organization\",\"@id\":\"https:\\\/\\\/hidalgo.nl\\\/de\\\/#organization\",\"name\":\"Hidalgo\",\"url\":\"https:\\\/\\\/hidalgo.nl\\\/de\\\/\",\"logo\":{\"@type\":\"ImageObject\",\"url\":\"https:\\\/\\\/shop.hidalgo.nl\\\/wp-content\\\/uploads\\\/2025\\\/11\\\/cropped-Hidalgo-est1993.png\",\"@id\":\"https:\\\/\\\/hidalgo.nl\\\/de\\\/product\\\/fraenck-bobby-laptop-sleeve-14-laptophoes\\\/#organizationLogo\",\"width\":585,\"height\":195},\"image\":{\"@id\":\"https:\\\/\\\/hidalgo.nl\\\/de\\\/product\\\/fraenck-bobby-laptop-sleeve-14-laptophoes\\\/#organizationLogo\"}},{\"@type\":\"WebPage\",\"@id\":\"https:\\\/\\\/hidalgo.nl\\\/de\\\/product\\\/fraenck-bobby-laptop-sleeve-14-laptophoes\\\/#webpage\",\"url\":\"https:\\\/\\\/hidalgo.nl\\\/de\\\/product\\\/fraenck-bobby-laptop-sleeve-14-laptophoes\\\/\",\"name\":\"Fraenck Bobby Laptop Sleeve 14\\u2033 laptophoes\",\"description\":\"Bobby sch\\u00fctzt dein Notebook bis 14 Zoll im Alltag: weich gepolstert und mit sicherem Rei\\u00dfverschluss. Hidalgo druckt auf Wunsch dein Logo f\\u00fcr Events & B\\u00fcro. Von Fraenck in Schwarz oder Grau, passend als dezentes B\\u00fcrozubeh\\u00f6r.\",\"inLanguage\":\"de-DE\",\"isPartOf\":{\"@id\":\"https:\\\/\\\/hidalgo.nl\\\/de\\\/#website\"},\"breadcrumb\":{\"@id\":\"https:\\\/\\\/hidalgo.nl\\\/de\\\/product\\\/fraenck-bobby-laptop-sleeve-14-laptophoes\\\/#breadcrumblist\"},\"image\":{\"@type\":\"ImageObject\",\"url\":\"https:\\\/\\\/shop.hidalgo.nl\\\/wp-content\\\/uploads\\\/2025\\\/04\\\/4f16d8bff7dabcfd60b10527d2a06561996aa68a83fbf4b8a9e023905f2fc857.jpg\",\"@id\":\"https:\\\/\\\/hidalgo.nl\\\/de\\\/product\\\/fraenck-bobby-laptop-sleeve-14-laptophoes\\\/#mainImage\"},\"primaryImageOfPage\":{\"@id\":\"https:\\\/\\\/hidalgo.nl\\\/de\\\/product\\\/fraenck-bobby-laptop-sleeve-14-laptophoes\\\/#mainImage\"},\"datePublished\":\"2025-07-07T19:35:47+00:00\",\"dateModified\":\"2026-02-26T07:41:28+00:00\"},{\"@type\":\"WebSite\",\"@id\":\"https:\\\/\\\/hidalgo.nl\\\/de\\\/#website\",\"url\":\"https:\\\/\\\/hidalgo.nl\\\/de\\\/\",\"name\":\"Hidalgo\",\"inLanguage\":\"de-DE\",\"publisher\":{\"@id\":\"https:\\\/\\\/hidalgo.nl\\\/de\\\/#organization\"}}]}\n\t\t<\/script>\n\t\t<!-- All in One SEO Pro -->\r\n\t\t<title>Fraenck Bobby Laptop Sleeve 14\u2033 laptophoes<\/title>\n\n","aioseo_head_json":{"title":"Fraenck Bobby Laptop Sleeve 14\u2033 laptophoes","description":"Bobby sch\u00fctzt dein Notebook bis 14 Zoll im Alltag: weich gepolstert und mit sicherem Rei\u00dfverschluss. Hidalgo druckt auf Wunsch dein Logo f\u00fcr Events & B\u00fcro. Von Fraenck in Schwarz oder Grau, passend als dezentes B\u00fcrozubeh\u00f6r.","canonical_url":"https:\/\/hidalgo.nl\/de\/wp-json\/wp\/v2\/product\/128135","robots":"max-image-preview:large","keywords":"","webmasterTools":{"miscellaneous":""},"schema":{"@context":"https:\/\/schema.org","@graph":[{"@type":"BreadcrumbList","@id":"https:\/\/hidalgo.nl\/de\/product\/fraenck-bobby-laptop-sleeve-14-laptophoes\/#breadcrumblist","itemListElement":[{"@type":"ListItem","@id":"https:\/\/hidalgo.nl\/de\/#listItem","position":1,"name":"Home","item":"https:\/\/hidalgo.nl\/de\/","nextItem":{"@type":"ListItem","@id":"https:\/\/hidalgo.nl\/example\/#listItem","name":"example"}},{"@type":"ListItem","@id":"https:\/\/hidalgo.nl\/example\/#listItem","position":2,"name":"example","item":"https:\/\/hidalgo.nl\/example\/","nextItem":{"@type":"ListItem","@id":"https:\/\/hidalgo.nl\/en\/product-supplier\/a508\/#listItem","name":"A508"},"previousItem":{"@type":"ListItem","@id":"https:\/\/hidalgo.nl\/de\/#listItem","name":"Home"}},{"@type":"ListItem","@id":"https:\/\/hidalgo.nl\/en\/product-supplier\/a508\/#listItem","position":3,"name":"A508","item":"https:\/\/hidalgo.nl\/en\/product-supplier\/a508\/","nextItem":{"@type":"ListItem","@id":"https:\/\/hidalgo.nl\/de\/product\/fraenck-bobby-laptop-sleeve-14-laptophoes\/#listItem","name":"Fraenck Bobby Laptop Sleeve 14&#8243; laptophoes"},"previousItem":{"@type":"ListItem","@id":"https:\/\/hidalgo.nl\/example\/#listItem","name":"example"}},{"@type":"ListItem","@id":"https:\/\/hidalgo.nl\/de\/product\/fraenck-bobby-laptop-sleeve-14-laptophoes\/#listItem","position":4,"name":"Fraenck Bobby Laptop Sleeve 14&#8243; laptophoes","previousItem":{"@type":"ListItem","@id":"https:\/\/hidalgo.nl\/en\/product-supplier\/a508\/#listItem","name":"A508"}}]},{"@type":"ItemPage","@id":"https:\/\/hidalgo.nl\/de\/product\/fraenck-bobby-laptop-sleeve-14-laptophoes\/#itempage","url":"https:\/\/hidalgo.nl\/de\/product\/fraenck-bobby-laptop-sleeve-14-laptophoes\/","name":"Fraenck Bobby Laptop Sleeve 14\u2033 laptophoes","description":"Bobby sch\u00fctzt dein Notebook bis 14 Zoll im Alltag: weich gepolstert und mit sicherem Rei\u00dfverschluss. Hidalgo druckt auf Wunsch dein Logo f\u00fcr Events & B\u00fcro. Von Fraenck in Schwarz oder Grau, passend als dezentes B\u00fcrozubeh\u00f6r.","inLanguage":"de-DE","isPartOf":{"@id":"https:\/\/hidalgo.nl\/de\/#website"},"breadcrumb":{"@id":"https:\/\/hidalgo.nl\/de\/product\/fraenck-bobby-laptop-sleeve-14-laptophoes\/#breadcrumblist"},"image":{"@type":"ImageObject","url":"https:\/\/shop.hidalgo.nl\/wp-content\/uploads\/2025\/04\/4f16d8bff7dabcfd60b10527d2a06561996aa68a83fbf4b8a9e023905f2fc857.jpg","@id":"https:\/\/hidalgo.nl\/de\/product\/fraenck-bobby-laptop-sleeve-14-laptophoes\/#mainImage"},"primaryImageOfPage":{"@id":"https:\/\/hidalgo.nl\/de\/product\/fraenck-bobby-laptop-sleeve-14-laptophoes\/#mainImage"},"datePublished":"2025-07-07T19:35:47+00:00","dateModified":"2026-02-26T07:41:28+00:00"},{"@type":"Organization","@id":"https:\/\/hidalgo.nl\/de\/#organization","name":"Hidalgo","url":"https:\/\/hidalgo.nl\/de\/","logo":{"@type":"ImageObject","url":"https:\/\/shop.hidalgo.nl\/wp-content\/uploads\/2025\/11\/cropped-Hidalgo-est1993.png","@id":"https:\/\/hidalgo.nl\/de\/product\/fraenck-bobby-laptop-sleeve-14-laptophoes\/#organizationLogo","width":585,"height":195},"image":{"@id":"https:\/\/hidalgo.nl\/de\/product\/fraenck-bobby-laptop-sleeve-14-laptophoes\/#organizationLogo"}},{"@type":"WebPage","@id":"https:\/\/hidalgo.nl\/de\/product\/fraenck-bobby-laptop-sleeve-14-laptophoes\/#webpage","url":"https:\/\/hidalgo.nl\/de\/product\/fraenck-bobby-laptop-sleeve-14-laptophoes\/","name":"Fraenck Bobby Laptop Sleeve 14\u2033 laptophoes","description":"Bobby sch\u00fctzt dein Notebook bis 14 Zoll im Alltag: weich gepolstert und mit sicherem Rei\u00dfverschluss. Hidalgo druckt auf Wunsch dein Logo f\u00fcr Events & B\u00fcro. Von Fraenck in Schwarz oder Grau, passend als dezentes B\u00fcrozubeh\u00f6r.","inLanguage":"de-DE","isPartOf":{"@id":"https:\/\/hidalgo.nl\/de\/#website"},"breadcrumb":{"@id":"https:\/\/hidalgo.nl\/de\/product\/fraenck-bobby-laptop-sleeve-14-laptophoes\/#breadcrumblist"},"image":{"@type":"ImageObject","url":"https:\/\/shop.hidalgo.nl\/wp-content\/uploads\/2025\/04\/4f16d8bff7dabcfd60b10527d2a06561996aa68a83fbf4b8a9e023905f2fc857.jpg","@id":"https:\/\/hidalgo.nl\/de\/product\/fraenck-bobby-laptop-sleeve-14-laptophoes\/#mainImage"},"primaryImageOfPage":{"@id":"https:\/\/hidalgo.nl\/de\/product\/fraenck-bobby-laptop-sleeve-14-laptophoes\/#mainImage"},"datePublished":"2025-07-07T19:35:47+00:00","dateModified":"2026-02-26T07:41:28+00:00"},{"@type":"WebSite","@id":"https:\/\/hidalgo.nl\/de\/#website","url":"https:\/\/hidalgo.nl\/de\/","name":"Hidalgo","inLanguage":"de-DE","publisher":{"@id":"https:\/\/hidalgo.nl\/de\/#organization"}}]},"og:locale":"de_DE","og:site_name":"Hidalgo -","og:type":"article","og:title":"Fraenck Bobby Laptop Sleeve 14\u2033 laptophoes","og:description":"Bobby sch\u00fctzt dein Notebook bis 14 Zoll im Alltag: weich gepolstert und mit sicherem Rei\u00dfverschluss. Hidalgo druckt auf Wunsch dein Logo f\u00fcr Events &amp; B\u00fcro. Von Fraenck in Schwarz oder Grau, passend als dezentes B\u00fcrozubeh\u00f6r.","og:url":"https:\/\/hidalgo.nl\/de\/wp-json\/wp\/v2\/product\/128135","og:image":"https:\/\/shop.hidalgo.nl\/wp-content\/uploads\/2025\/11\/cropped-Hidalgo-est1993.png","og:image:secure_url":"https:\/\/shop.hidalgo.nl\/wp-content\/uploads\/2025\/11\/cropped-Hidalgo-est1993.png","article:published_time":"2025-07-07T19:35:47+00:00","article:modified_time":"2026-02-26T07:41:28+00:00","twitter:card":"summary_large_image","twitter:title":"Fraenck Bobby Laptop Sleeve 14\u2033 laptophoes","twitter:description":"Bobby sch\u00fctzt dein Notebook bis 14 Zoll im Alltag: weich gepolstert und mit sicherem Rei\u00dfverschluss. Hidalgo druckt auf Wunsch dein Logo f\u00fcr Events &amp; B\u00fcro. Von Fraenck in Schwarz oder Grau, passend als dezentes B\u00fcrozubeh\u00f6r.","twitter:image":"https:\/\/shop.hidalgo.nl\/wp-content\/uploads\/2025\/11\/cropped-Hidalgo-est1993.png"},"aioseo_meta_data":{"post_id":"128135","title":null,"description":null,"keywords":null,"keyphrases":null,"primary_term":null,"canonical_url":null,"og_title":null,"og_description":null,"og_object_type":"default","og_image_type":"default","og_image_url":null,"og_image_width":null,"og_image_height":null,"og_image_custom_url":null,"og_image_custom_fields":null,"og_video":null,"og_custom_url":null,"og_article_section":null,"og_article_tags":null,"twitter_use_og":false,"twitter_card":"default","twitter_image_type":"default","twitter_image_url":null,"twitter_image_custom_url":null,"twitter_image_custom_fields":null,"twitter_title":null,"twitter_description":null,"schema":{"blockGraphs":[],"customGraphs":[],"default":{"data":{"Article":[],"Course":[],"Dataset":[],"FAQPage":[],"Movie":[],"Person":[],"Product":[],"ProductReview":[],"Car":[],"Recipe":[],"Service":[],"SoftwareApplication":[],"WebPage":[]},"graphName":"","isEnabled":true},"graphs":[]},"schema_type":"default","schema_type_options":null,"pillar_content":false,"robots_default":true,"robots_noindex":false,"robots_noarchive":false,"robots_nosnippet":false,"robots_nofollow":false,"robots_noimageindex":false,"robots_noodp":false,"robots_notranslate":false,"robots_max_snippet":null,"robots_max_videopreview":null,"robots_max_imagepreview":"large","priority":null,"frequency":null,"local_seo":null,"seo_analyzer_scan_date":"2026-01-22 10:00:25","breadcrumb_settings":null,"limit_modified_date":false,"reviewed_by":null,"open_ai":null,"ai":null,"created":"2026-01-14 06:25:38","updated":"2026-02-26 09:32:40"},"aioseo_breadcrumb":"<div class=\"aioseo-breadcrumbs\"><span class=\"aioseo-breadcrumb\">\n\t<a href=\"https:\/\/hidalgo.nl\/de\/\" title=\"Home\">Home<\/a>\n<\/span><span class=\"aioseo-breadcrumb-separator\">\u00bb<\/span><span class=\"aioseo-breadcrumb\">\n\t<a href=\"https:\/\/hidalgo.nl\/example\/\" title=\"example\">example<\/a>\n<\/span><span class=\"aioseo-breadcrumb-separator\">\u00bb<\/span><span class=\"aioseo-breadcrumb\">\n\t<a href=\"https:\/\/hidalgo.nl\/en\/product-supplier\/a508\/\" title=\"A508\">A508<\/a>\n<\/span><span class=\"aioseo-breadcrumb-separator\">\u00bb<\/span><span class=\"aioseo-breadcrumb\">\n\tFraenck Bobby Laptop Sleeve 14\u2033 laptophoes\n<\/span><\/div>","aioseo_breadcrumb_json":[{"label":"Home","link":"https:\/\/hidalgo.nl\/de\/"},{"label":"example","link":"https:\/\/hidalgo.nl\/example\/"},{"label":"A508","link":"https:\/\/hidalgo.nl\/en\/product-supplier\/a508\/"},{"label":"Fraenck Bobby Laptop Sleeve 14&#8243; laptophoes","link":"https:\/\/hidalgo.nl\/de\/product\/fraenck-bobby-laptop-sleeve-14-laptophoes\/"}],"_links":{"self":[{"href":"https:\/\/hidalgo.nl\/de\/wp-json\/wp\/v2\/product\/128135","targetHints":{"allow":["GET"]}}],"collection":[{"href":"https:\/\/hidalgo.nl\/de\/wp-json\/wp\/v2\/product"}],"about":[{"href":"https:\/\/hidalgo.nl\/de\/wp-json\/wp\/v2\/types\/product"}],"wp:featuredmedia":[{"embeddable":true,"href":"https:\/\/hidalgo.nl\/de\/wp-json\/wp\/v2\/media\/592163"}],"wp:attachment":[{"href":"https:\/\/hidalgo.nl\/de\/wp-json\/wp\/v2\/media?parent=128135"}],"wp:term":[{"taxonomy":"product_brand","embeddable":true,"href":"https:\/\/hidalgo.nl\/de\/wp-json\/wp\/v2\/product_brand?post=128135"},{"taxonomy":"product_cat","embeddable":true,"href":"https:\/\/hidalgo.nl\/de\/wp-json\/wp\/v2\/product_cat?post=128135"},{"taxonomy":"product_tag","embeddable":true,"href":"https:\/\/hidalgo.nl\/de\/wp-json\/wp\/v2\/product_tag?post=128135"}],"curies":[{"name":"wp","href":"https:\/\/api.w.org\/{rel}","templated":true}]}}