{"id":127968,"date":"2025-07-07T19:31:24","date_gmt":"2025-07-07T19:31:24","guid":{"rendered":"http:\/\/bidonsenshakers.pim.hidalgo.nl\/product\/ribbio-champagneglas-255-ml\/"},"modified":"2026-02-26T07:41:34","modified_gmt":"2026-02-26T07:41:34","slug":"ribbio-champagneglas-255-ml","status":"publish","type":"product","link":"https:\/\/hidalgo.nl\/de\/product\/ribbio-champagneglas-255-ml\/","title":{"rendered":"Ribbio Champagneglas 255 ml"},"content":{"rendered":"<p>Champagne fl\u00fbte van helder glas. De bijzondere kelk heeft geribbeld glas aan de binnenzijde, een gladde buitenzijde en een vlakke bodem. Hierdoor krijgt het glas een elegante, niet alledaagse uitstraling. Een exclusief glas voor het serveren van champagne en mousserende wijn. Zeer geschikt voor gebruik in de horeca en bij speciale gelegenheden. Vaatwasserbestendig. Inhoud 255 ml. Made in Europe.<\/p>\n","protected":false},"excerpt":{"rendered":"<p>Champagne fl\u00fbte van helder glas. De bijzondere kelk heeft geribbeld glas aan de binnenzijde, een gladde buitenzijde en een vlakke bodem. Hierdoor krijgt het glas een elegante, niet alledaagse uitstraling. Een exclusief glas voor het serveren van champagne en mousserende wijn. Zeer geschikt voor gebruik in de horeca en bij speciale gelegenheden. Vaatwasserbestendig. Inhoud 255&hellip; <a class=\"more-link\" href=\"https:\/\/hidalgo.nl\/de\/product\/ribbio-champagneglas-255-ml\/\"><span class=\"screen-reader-text\">Ribbio Champagneglas 255 ml<\/span> weiterlesen<\/a><\/p>\n","protected":false},"featured_media":592644,"template":"","meta":{"_acf_changed":false,"om_disable_all_campaigns":false,"_monsterinsights_skip_tracking":false,"_monsterinsights_sitenote_active":false,"_monsterinsights_sitenote_note":"","_monsterinsights_sitenote_category":0},"product_brand":[],"product_cat":[4764,4735,4719,4728],"product_tag":[],"class_list":{"0":"post-127968","1":"product","2":"type-product","3":"status-publish","4":"has-post-thumbnail","6":"product_supplier-a508","7":"product_material-glas","8":"product_cat-glazen-en-karaffen","9":"product_cat-keuken","10":"product_cat-promotionele-artikelen","11":"product_cat-promotionele-artikelen-thuis-keuken-en-tuin","12":"entry","14":"first","15":"instock","16":"taxable","17":"shipping-taxable","18":"purchasable","19":"product-type-variable"},"acf":{"imprint_cost":[{"imprint_cost_key":"3445b7632ce98e544ac24dd345a8728a240550db","product_quantity_price_range":[{"imprint_cost_recommended_selling_price":"4.5","imprint_cost_recommended_selling_quantity":"1"},{"imprint_cost_recommended_selling_price":"3.21","imprint_cost_recommended_selling_quantity":"25"},{"imprint_cost_recommended_selling_price":"2.505","imprint_cost_recommended_selling_quantity":"50"},{"imprint_cost_recommended_selling_price":"2.1","imprint_cost_recommended_selling_quantity":"100"},{"imprint_cost_recommended_selling_price":"1.77","imprint_cost_recommended_selling_quantity":"250"},{"imprint_cost_recommended_selling_price":"1.5","imprint_cost_recommended_selling_quantity":"500"},{"imprint_cost_recommended_selling_price":"1.275","imprint_cost_recommended_selling_quantity":"1000"},{"imprint_cost_recommended_selling_price":"1.065","imprint_cost_recommended_selling_quantity":"2500"},{"imprint_cost_recommended_selling_price":"1.005","imprint_cost_recommended_selling_quantity":"5000"}],"product_quantity_price_range_buying":[{"imprint_cost_general_buying_price":"3","imprint_cost_general_buying_quantity":"1"},{"imprint_cost_general_buying_price":"2.14","imprint_cost_general_buying_quantity":"25"},{"imprint_cost_general_buying_price":"1.67","imprint_cost_general_buying_quantity":"50"},{"imprint_cost_general_buying_price":"1.4","imprint_cost_general_buying_quantity":"100"},{"imprint_cost_general_buying_price":"1.18","imprint_cost_general_buying_quantity":"250"},{"imprint_cost_general_buying_price":"1","imprint_cost_general_buying_quantity":"500"},{"imprint_cost_general_buying_price":"0.85","imprint_cost_general_buying_quantity":"1000"},{"imprint_cost_general_buying_price":"0.71","imprint_cost_general_buying_quantity":"2500"},{"imprint_cost_general_buying_price":"0.67","imprint_cost_general_buying_quantity":"5000"}],"imprint_cost_setup_costs":"26.25","imprint_cost_handling_costs":"0"},{"imprint_cost_key":"098ac397816c679d876879bbd021b680504049dd","product_quantity_price_range":[{"imprint_cost_recommended_selling_price":"4.5","imprint_cost_recommended_selling_quantity":"1"},{"imprint_cost_recommended_selling_price":"3.21","imprint_cost_recommended_selling_quantity":"25"},{"imprint_cost_recommended_selling_price":"2.505","imprint_cost_recommended_selling_quantity":"50"},{"imprint_cost_recommended_selling_price":"2.1","imprint_cost_recommended_selling_quantity":"100"},{"imprint_cost_recommended_selling_price":"1.77","imprint_cost_recommended_selling_quantity":"250"},{"imprint_cost_recommended_selling_price":"1.5","imprint_cost_recommended_selling_quantity":"500"},{"imprint_cost_recommended_selling_price":"1.275","imprint_cost_recommended_selling_quantity":"1000"},{"imprint_cost_recommended_selling_price":"1.065","imprint_cost_recommended_selling_quantity":"2500"},{"imprint_cost_recommended_selling_price":"1.005","imprint_cost_recommended_selling_quantity":"5000"}],"product_quantity_price_range_buying":[{"imprint_cost_general_buying_price":"3","imprint_cost_general_buying_quantity":"1"},{"imprint_cost_general_buying_price":"2.14","imprint_cost_general_buying_quantity":"25"},{"imprint_cost_general_buying_price":"1.67","imprint_cost_general_buying_quantity":"50"},{"imprint_cost_general_buying_price":"1.4","imprint_cost_general_buying_quantity":"100"},{"imprint_cost_general_buying_price":"1.18","imprint_cost_general_buying_quantity":"250"},{"imprint_cost_general_buying_price":"1","imprint_cost_general_buying_quantity":"500"},{"imprint_cost_general_buying_price":"0.85","imprint_cost_general_buying_quantity":"1000"},{"imprint_cost_general_buying_price":"0.71","imprint_cost_general_buying_quantity":"2500"},{"imprint_cost_general_buying_price":"0.67","imprint_cost_general_buying_quantity":"5000"}],"imprint_cost_setup_costs":"26.25","imprint_cost_handling_costs":"0"},{"imprint_cost_key":"b89bf9077510f2db3cc70cd09de2dbe91288e0b6","product_quantity_price_range":[{"imprint_cost_recommended_selling_price":"4.5","imprint_cost_recommended_selling_quantity":"1"},{"imprint_cost_recommended_selling_price":"3.21","imprint_cost_recommended_selling_quantity":"25"},{"imprint_cost_recommended_selling_price":"2.505","imprint_cost_recommended_selling_quantity":"50"},{"imprint_cost_recommended_selling_price":"2.1","imprint_cost_recommended_selling_quantity":"100"},{"imprint_cost_recommended_selling_price":"1.77","imprint_cost_recommended_selling_quantity":"250"},{"imprint_cost_recommended_selling_price":"1.5","imprint_cost_recommended_selling_quantity":"500"},{"imprint_cost_recommended_selling_price":"1.275","imprint_cost_recommended_selling_quantity":"1000"},{"imprint_cost_recommended_selling_price":"1.065","imprint_cost_recommended_selling_quantity":"2500"},{"imprint_cost_recommended_selling_price":"1.005","imprint_cost_recommended_selling_quantity":"5000"}],"product_quantity_price_range_buying":[{"imprint_cost_general_buying_price":"3","imprint_cost_general_buying_quantity":"1"},{"imprint_cost_general_buying_price":"2.14","imprint_cost_general_buying_quantity":"25"},{"imprint_cost_general_buying_price":"1.67","imprint_cost_general_buying_quantity":"50"},{"imprint_cost_general_buying_price":"1.4","imprint_cost_general_buying_quantity":"100"},{"imprint_cost_general_buying_price":"1.18","imprint_cost_general_buying_quantity":"250"},{"imprint_cost_general_buying_price":"1","imprint_cost_general_buying_quantity":"500"},{"imprint_cost_general_buying_price":"0.85","imprint_cost_general_buying_quantity":"1000"},{"imprint_cost_general_buying_price":"0.71","imprint_cost_general_buying_quantity":"2500"},{"imprint_cost_general_buying_price":"0.67","imprint_cost_general_buying_quantity":"5000"}],"imprint_cost_setup_costs":"26.25","imprint_cost_handling_costs":"0"},{"imprint_cost_key":"7a935f8725b42e0088e6783447106bae131142d7","product_quantity_price_range":[{"imprint_cost_recommended_selling_price":"4.5","imprint_cost_recommended_selling_quantity":"1"},{"imprint_cost_recommended_selling_price":"3.21","imprint_cost_recommended_selling_quantity":"25"},{"imprint_cost_recommended_selling_price":"2.505","imprint_cost_recommended_selling_quantity":"50"},{"imprint_cost_recommended_selling_price":"2.1","imprint_cost_recommended_selling_quantity":"100"},{"imprint_cost_recommended_selling_price":"1.77","imprint_cost_recommended_selling_quantity":"250"},{"imprint_cost_recommended_selling_price":"1.5","imprint_cost_recommended_selling_quantity":"500"},{"imprint_cost_recommended_selling_price":"1.275","imprint_cost_recommended_selling_quantity":"1000"},{"imprint_cost_recommended_selling_price":"1.065","imprint_cost_recommended_selling_quantity":"2500"},{"imprint_cost_recommended_selling_price":"1.005","imprint_cost_recommended_selling_quantity":"5000"}],"product_quantity_price_range_buying":[{"imprint_cost_general_buying_price":"3","imprint_cost_general_buying_quantity":"1"},{"imprint_cost_general_buying_price":"2.14","imprint_cost_general_buying_quantity":"25"},{"imprint_cost_general_buying_price":"1.67","imprint_cost_general_buying_quantity":"50"},{"imprint_cost_general_buying_price":"1.4","imprint_cost_general_buying_quantity":"100"},{"imprint_cost_general_buying_price":"1.18","imprint_cost_general_buying_quantity":"250"},{"imprint_cost_general_buying_price":"1","imprint_cost_general_buying_quantity":"500"},{"imprint_cost_general_buying_price":"0.85","imprint_cost_general_buying_quantity":"1000"},{"imprint_cost_general_buying_price":"0.71","imprint_cost_general_buying_quantity":"2500"},{"imprint_cost_general_buying_price":"0.67","imprint_cost_general_buying_quantity":"5000"}],"imprint_cost_setup_costs":"26.25","imprint_cost_handling_costs":"0"}]},"aioseo_notices":[],"aioseo_head":"\n\t\t<!-- All in One SEO Pro 4.9.5.2 - aioseo.com -->\n\t<meta name=\"description\" content=\"Ribbio macht deine Getr\u00e4nke zum Blickfang: innen gerippt, au\u00dfen glatt, stabiler Boden und 255 ml f\u00fcr Sekt &amp; Champagner. Ideal als Sektfl\u00f6te in Bar, Restaurant oder Catering; lass bei Hidalgo dein Logo drucken. Sp\u00fclmaschinenfest, europ\u00e4ische Glaswaren.\" \/>\n\t<meta name=\"robots\" content=\"max-image-preview:large\" \/>\n\t<link rel=\"canonical\" href=\"https:\/\/hidalgo.nl\/de\/wp-json\/wp\/v2\/product\/127968\" \/>\n\t<meta name=\"generator\" content=\"All in One SEO Pro (AIOSEO) 4.9.5.2\" \/>\n\t\t<meta property=\"og:locale\" content=\"de_DE\" \/>\n\t\t<meta property=\"og:site_name\" content=\"Hidalgo -\" \/>\n\t\t<meta property=\"og:type\" content=\"article\" \/>\n\t\t<meta property=\"og:title\" content=\"Ribbio Champagneglas 255 ml\" \/>\n\t\t<meta property=\"og:description\" content=\"Ribbio macht deine Getr\u00e4nke zum Blickfang: innen gerippt, au\u00dfen glatt, stabiler Boden und 255 ml f\u00fcr Sekt &amp; Champagner. Ideal als Sektfl\u00f6te in Bar, Restaurant oder Catering; lass bei Hidalgo dein Logo drucken. Sp\u00fclmaschinenfest, europ\u00e4ische Glaswaren.\" \/>\n\t\t<meta property=\"og:url\" content=\"https:\/\/hidalgo.nl\/de\/wp-json\/wp\/v2\/product\/127968\" \/>\n\t\t<meta property=\"og:image\" content=\"https:\/\/shop.hidalgo.nl\/wp-content\/uploads\/2025\/11\/cropped-Hidalgo-est1993.png\" \/>\n\t\t<meta property=\"og:image:secure_url\" content=\"https:\/\/shop.hidalgo.nl\/wp-content\/uploads\/2025\/11\/cropped-Hidalgo-est1993.png\" \/>\n\t\t<meta property=\"article:published_time\" content=\"2025-07-07T19:31:24+00:00\" \/>\n\t\t<meta property=\"article:modified_time\" content=\"2026-02-26T07:41:34+00:00\" \/>\n\t\t<meta name=\"twitter:card\" content=\"summary_large_image\" \/>\n\t\t<meta name=\"twitter:title\" content=\"Ribbio Champagneglas 255 ml\" \/>\n\t\t<meta name=\"twitter:description\" content=\"Ribbio macht deine Getr\u00e4nke zum Blickfang: innen gerippt, au\u00dfen glatt, stabiler Boden und 255 ml f\u00fcr Sekt &amp; Champagner. Ideal als Sektfl\u00f6te in Bar, Restaurant oder Catering; lass bei Hidalgo dein Logo drucken. Sp\u00fclmaschinenfest, europ\u00e4ische Glaswaren.\" \/>\n\t\t<meta name=\"twitter:image\" content=\"https:\/\/shop.hidalgo.nl\/wp-content\/uploads\/2025\/11\/cropped-Hidalgo-est1993.png\" \/>\n\t\t<script type=\"application\/ld+json\" class=\"aioseo-schema\">\n\t\t\t{\"@context\":\"https:\\\/\\\/schema.org\",\"@graph\":[{\"@type\":\"BreadcrumbList\",\"@id\":\"https:\\\/\\\/hidalgo.nl\\\/de\\\/product\\\/ribbio-champagneglas-255-ml\\\/#breadcrumblist\",\"itemListElement\":[{\"@type\":\"ListItem\",\"@id\":\"https:\\\/\\\/hidalgo.nl\\\/de\\\/#listItem\",\"position\":1,\"name\":\"Home\",\"item\":\"https:\\\/\\\/hidalgo.nl\\\/de\\\/\",\"nextItem\":{\"@type\":\"ListItem\",\"@id\":\"https:\\\/\\\/hidalgo.nl\\\/example\\\/#listItem\",\"name\":\"example\"}},{\"@type\":\"ListItem\",\"@id\":\"https:\\\/\\\/hidalgo.nl\\\/example\\\/#listItem\",\"position\":2,\"name\":\"example\",\"item\":\"https:\\\/\\\/hidalgo.nl\\\/example\\\/\",\"nextItem\":{\"@type\":\"ListItem\",\"@id\":\"https:\\\/\\\/hidalgo.nl\\\/en\\\/product-supplier\\\/a508\\\/#listItem\",\"name\":\"A508\"},\"previousItem\":{\"@type\":\"ListItem\",\"@id\":\"https:\\\/\\\/hidalgo.nl\\\/de\\\/#listItem\",\"name\":\"Home\"}},{\"@type\":\"ListItem\",\"@id\":\"https:\\\/\\\/hidalgo.nl\\\/en\\\/product-supplier\\\/a508\\\/#listItem\",\"position\":3,\"name\":\"A508\",\"item\":\"https:\\\/\\\/hidalgo.nl\\\/en\\\/product-supplier\\\/a508\\\/\",\"nextItem\":{\"@type\":\"ListItem\",\"@id\":\"https:\\\/\\\/hidalgo.nl\\\/de\\\/product\\\/ribbio-champagneglas-255-ml\\\/#listItem\",\"name\":\"Ribbio Champagneglas 255 ml\"},\"previousItem\":{\"@type\":\"ListItem\",\"@id\":\"https:\\\/\\\/hidalgo.nl\\\/example\\\/#listItem\",\"name\":\"example\"}},{\"@type\":\"ListItem\",\"@id\":\"https:\\\/\\\/hidalgo.nl\\\/de\\\/product\\\/ribbio-champagneglas-255-ml\\\/#listItem\",\"position\":4,\"name\":\"Ribbio Champagneglas 255 ml\",\"previousItem\":{\"@type\":\"ListItem\",\"@id\":\"https:\\\/\\\/hidalgo.nl\\\/en\\\/product-supplier\\\/a508\\\/#listItem\",\"name\":\"A508\"}}]},{\"@type\":\"ItemPage\",\"@id\":\"https:\\\/\\\/hidalgo.nl\\\/de\\\/product\\\/ribbio-champagneglas-255-ml\\\/#itempage\",\"url\":\"https:\\\/\\\/hidalgo.nl\\\/de\\\/product\\\/ribbio-champagneglas-255-ml\\\/\",\"name\":\"Ribbio Champagneglas 255 ml\",\"description\":\"Ribbio macht deine Getr\\u00e4nke zum Blickfang: innen gerippt, au\\u00dfen glatt, stabiler Boden und 255 ml f\\u00fcr Sekt & Champagner. Ideal als Sektfl\\u00f6te in Bar, Restaurant oder Catering; lass bei Hidalgo dein Logo drucken. Sp\\u00fclmaschinenfest, europ\\u00e4ische Glaswaren.\",\"inLanguage\":\"de-DE\",\"isPartOf\":{\"@id\":\"https:\\\/\\\/hidalgo.nl\\\/de\\\/#website\"},\"breadcrumb\":{\"@id\":\"https:\\\/\\\/hidalgo.nl\\\/de\\\/product\\\/ribbio-champagneglas-255-ml\\\/#breadcrumblist\"},\"image\":{\"@type\":\"ImageObject\",\"url\":\"https:\\\/\\\/shop.hidalgo.nl\\\/wp-content\\\/uploads\\\/2025\\\/04\\\/e59117a7258069a8d0017243a9649c4ff1bf0d8bed1fc5949b29e8a0acafc895.jpg\",\"@id\":\"https:\\\/\\\/hidalgo.nl\\\/de\\\/product\\\/ribbio-champagneglas-255-ml\\\/#mainImage\"},\"primaryImageOfPage\":{\"@id\":\"https:\\\/\\\/hidalgo.nl\\\/de\\\/product\\\/ribbio-champagneglas-255-ml\\\/#mainImage\"},\"datePublished\":\"2025-07-07T19:31:24+00:00\",\"dateModified\":\"2026-02-26T07:41:34+00:00\"},{\"@type\":\"Organization\",\"@id\":\"https:\\\/\\\/hidalgo.nl\\\/de\\\/#organization\",\"name\":\"Hidalgo\",\"url\":\"https:\\\/\\\/hidalgo.nl\\\/de\\\/\",\"logo\":{\"@type\":\"ImageObject\",\"url\":\"https:\\\/\\\/shop.hidalgo.nl\\\/wp-content\\\/uploads\\\/2025\\\/11\\\/cropped-Hidalgo-est1993.png\",\"@id\":\"https:\\\/\\\/hidalgo.nl\\\/de\\\/product\\\/ribbio-champagneglas-255-ml\\\/#organizationLogo\",\"width\":585,\"height\":195},\"image\":{\"@id\":\"https:\\\/\\\/hidalgo.nl\\\/de\\\/product\\\/ribbio-champagneglas-255-ml\\\/#organizationLogo\"}},{\"@type\":\"WebPage\",\"@id\":\"https:\\\/\\\/hidalgo.nl\\\/de\\\/product\\\/ribbio-champagneglas-255-ml\\\/#webpage\",\"url\":\"https:\\\/\\\/hidalgo.nl\\\/de\\\/product\\\/ribbio-champagneglas-255-ml\\\/\",\"name\":\"Ribbio Champagneglas 255 ml\",\"description\":\"Ribbio macht deine Getr\\u00e4nke zum Blickfang: innen gerippt, au\\u00dfen glatt, stabiler Boden und 255 ml f\\u00fcr Sekt & Champagner. Ideal als Sektfl\\u00f6te in Bar, Restaurant oder Catering; lass bei Hidalgo dein Logo drucken. Sp\\u00fclmaschinenfest, europ\\u00e4ische Glaswaren.\",\"inLanguage\":\"de-DE\",\"isPartOf\":{\"@id\":\"https:\\\/\\\/hidalgo.nl\\\/de\\\/#website\"},\"breadcrumb\":{\"@id\":\"https:\\\/\\\/hidalgo.nl\\\/de\\\/product\\\/ribbio-champagneglas-255-ml\\\/#breadcrumblist\"},\"image\":{\"@type\":\"ImageObject\",\"url\":\"https:\\\/\\\/shop.hidalgo.nl\\\/wp-content\\\/uploads\\\/2025\\\/04\\\/e59117a7258069a8d0017243a9649c4ff1bf0d8bed1fc5949b29e8a0acafc895.jpg\",\"@id\":\"https:\\\/\\\/hidalgo.nl\\\/de\\\/product\\\/ribbio-champagneglas-255-ml\\\/#mainImage\"},\"primaryImageOfPage\":{\"@id\":\"https:\\\/\\\/hidalgo.nl\\\/de\\\/product\\\/ribbio-champagneglas-255-ml\\\/#mainImage\"},\"datePublished\":\"2025-07-07T19:31:24+00:00\",\"dateModified\":\"2026-02-26T07:41:34+00:00\"},{\"@type\":\"WebSite\",\"@id\":\"https:\\\/\\\/hidalgo.nl\\\/de\\\/#website\",\"url\":\"https:\\\/\\\/hidalgo.nl\\\/de\\\/\",\"name\":\"Hidalgo\",\"inLanguage\":\"de-DE\",\"publisher\":{\"@id\":\"https:\\\/\\\/hidalgo.nl\\\/de\\\/#organization\"}}]}\n\t\t<\/script>\n\t\t<!-- All in One SEO Pro -->\r\n\t\t<title>Ribbio Champagneglas 255 ml<\/title>\n\n","aioseo_head_json":{"title":"Ribbio Champagneglas 255 ml","description":"Ribbio macht deine Getr\u00e4nke zum Blickfang: innen gerippt, au\u00dfen glatt, stabiler Boden und 255 ml f\u00fcr Sekt & Champagner. Ideal als Sektfl\u00f6te in Bar, Restaurant oder Catering; lass bei Hidalgo dein Logo drucken. Sp\u00fclmaschinenfest, europ\u00e4ische Glaswaren.","canonical_url":"https:\/\/hidalgo.nl\/de\/wp-json\/wp\/v2\/product\/127968","robots":"max-image-preview:large","keywords":"","webmasterTools":{"miscellaneous":""},"schema":{"@context":"https:\/\/schema.org","@graph":[{"@type":"BreadcrumbList","@id":"https:\/\/hidalgo.nl\/de\/product\/ribbio-champagneglas-255-ml\/#breadcrumblist","itemListElement":[{"@type":"ListItem","@id":"https:\/\/hidalgo.nl\/de\/#listItem","position":1,"name":"Home","item":"https:\/\/hidalgo.nl\/de\/","nextItem":{"@type":"ListItem","@id":"https:\/\/hidalgo.nl\/example\/#listItem","name":"example"}},{"@type":"ListItem","@id":"https:\/\/hidalgo.nl\/example\/#listItem","position":2,"name":"example","item":"https:\/\/hidalgo.nl\/example\/","nextItem":{"@type":"ListItem","@id":"https:\/\/hidalgo.nl\/en\/product-supplier\/a508\/#listItem","name":"A508"},"previousItem":{"@type":"ListItem","@id":"https:\/\/hidalgo.nl\/de\/#listItem","name":"Home"}},{"@type":"ListItem","@id":"https:\/\/hidalgo.nl\/en\/product-supplier\/a508\/#listItem","position":3,"name":"A508","item":"https:\/\/hidalgo.nl\/en\/product-supplier\/a508\/","nextItem":{"@type":"ListItem","@id":"https:\/\/hidalgo.nl\/de\/product\/ribbio-champagneglas-255-ml\/#listItem","name":"Ribbio Champagneglas 255 ml"},"previousItem":{"@type":"ListItem","@id":"https:\/\/hidalgo.nl\/example\/#listItem","name":"example"}},{"@type":"ListItem","@id":"https:\/\/hidalgo.nl\/de\/product\/ribbio-champagneglas-255-ml\/#listItem","position":4,"name":"Ribbio Champagneglas 255 ml","previousItem":{"@type":"ListItem","@id":"https:\/\/hidalgo.nl\/en\/product-supplier\/a508\/#listItem","name":"A508"}}]},{"@type":"ItemPage","@id":"https:\/\/hidalgo.nl\/de\/product\/ribbio-champagneglas-255-ml\/#itempage","url":"https:\/\/hidalgo.nl\/de\/product\/ribbio-champagneglas-255-ml\/","name":"Ribbio Champagneglas 255 ml","description":"Ribbio macht deine Getr\u00e4nke zum Blickfang: innen gerippt, au\u00dfen glatt, stabiler Boden und 255 ml f\u00fcr Sekt & Champagner. Ideal als Sektfl\u00f6te in Bar, Restaurant oder Catering; lass bei Hidalgo dein Logo drucken. Sp\u00fclmaschinenfest, europ\u00e4ische Glaswaren.","inLanguage":"de-DE","isPartOf":{"@id":"https:\/\/hidalgo.nl\/de\/#website"},"breadcrumb":{"@id":"https:\/\/hidalgo.nl\/de\/product\/ribbio-champagneglas-255-ml\/#breadcrumblist"},"image":{"@type":"ImageObject","url":"https:\/\/shop.hidalgo.nl\/wp-content\/uploads\/2025\/04\/e59117a7258069a8d0017243a9649c4ff1bf0d8bed1fc5949b29e8a0acafc895.jpg","@id":"https:\/\/hidalgo.nl\/de\/product\/ribbio-champagneglas-255-ml\/#mainImage"},"primaryImageOfPage":{"@id":"https:\/\/hidalgo.nl\/de\/product\/ribbio-champagneglas-255-ml\/#mainImage"},"datePublished":"2025-07-07T19:31:24+00:00","dateModified":"2026-02-26T07:41:34+00:00"},{"@type":"Organization","@id":"https:\/\/hidalgo.nl\/de\/#organization","name":"Hidalgo","url":"https:\/\/hidalgo.nl\/de\/","logo":{"@type":"ImageObject","url":"https:\/\/shop.hidalgo.nl\/wp-content\/uploads\/2025\/11\/cropped-Hidalgo-est1993.png","@id":"https:\/\/hidalgo.nl\/de\/product\/ribbio-champagneglas-255-ml\/#organizationLogo","width":585,"height":195},"image":{"@id":"https:\/\/hidalgo.nl\/de\/product\/ribbio-champagneglas-255-ml\/#organizationLogo"}},{"@type":"WebPage","@id":"https:\/\/hidalgo.nl\/de\/product\/ribbio-champagneglas-255-ml\/#webpage","url":"https:\/\/hidalgo.nl\/de\/product\/ribbio-champagneglas-255-ml\/","name":"Ribbio Champagneglas 255 ml","description":"Ribbio macht deine Getr\u00e4nke zum Blickfang: innen gerippt, au\u00dfen glatt, stabiler Boden und 255 ml f\u00fcr Sekt & Champagner. Ideal als Sektfl\u00f6te in Bar, Restaurant oder Catering; lass bei Hidalgo dein Logo drucken. Sp\u00fclmaschinenfest, europ\u00e4ische Glaswaren.","inLanguage":"de-DE","isPartOf":{"@id":"https:\/\/hidalgo.nl\/de\/#website"},"breadcrumb":{"@id":"https:\/\/hidalgo.nl\/de\/product\/ribbio-champagneglas-255-ml\/#breadcrumblist"},"image":{"@type":"ImageObject","url":"https:\/\/shop.hidalgo.nl\/wp-content\/uploads\/2025\/04\/e59117a7258069a8d0017243a9649c4ff1bf0d8bed1fc5949b29e8a0acafc895.jpg","@id":"https:\/\/hidalgo.nl\/de\/product\/ribbio-champagneglas-255-ml\/#mainImage"},"primaryImageOfPage":{"@id":"https:\/\/hidalgo.nl\/de\/product\/ribbio-champagneglas-255-ml\/#mainImage"},"datePublished":"2025-07-07T19:31:24+00:00","dateModified":"2026-02-26T07:41:34+00:00"},{"@type":"WebSite","@id":"https:\/\/hidalgo.nl\/de\/#website","url":"https:\/\/hidalgo.nl\/de\/","name":"Hidalgo","inLanguage":"de-DE","publisher":{"@id":"https:\/\/hidalgo.nl\/de\/#organization"}}]},"og:locale":"de_DE","og:site_name":"Hidalgo -","og:type":"article","og:title":"Ribbio Champagneglas 255 ml","og:description":"Ribbio macht deine Getr\u00e4nke zum Blickfang: innen gerippt, au\u00dfen glatt, stabiler Boden und 255 ml f\u00fcr Sekt &amp; Champagner. Ideal als Sektfl\u00f6te in Bar, Restaurant oder Catering; lass bei Hidalgo dein Logo drucken. Sp\u00fclmaschinenfest, europ\u00e4ische Glaswaren.","og:url":"https:\/\/hidalgo.nl\/de\/wp-json\/wp\/v2\/product\/127968","og:image":"https:\/\/shop.hidalgo.nl\/wp-content\/uploads\/2025\/11\/cropped-Hidalgo-est1993.png","og:image:secure_url":"https:\/\/shop.hidalgo.nl\/wp-content\/uploads\/2025\/11\/cropped-Hidalgo-est1993.png","article:published_time":"2025-07-07T19:31:24+00:00","article:modified_time":"2026-02-26T07:41:34+00:00","twitter:card":"summary_large_image","twitter:title":"Ribbio Champagneglas 255 ml","twitter:description":"Ribbio macht deine Getr\u00e4nke zum Blickfang: innen gerippt, au\u00dfen glatt, stabiler Boden und 255 ml f\u00fcr Sekt &amp; Champagner. Ideal als Sektfl\u00f6te in Bar, Restaurant oder Catering; lass bei Hidalgo dein Logo drucken. Sp\u00fclmaschinenfest, europ\u00e4ische Glaswaren.","twitter:image":"https:\/\/shop.hidalgo.nl\/wp-content\/uploads\/2025\/11\/cropped-Hidalgo-est1993.png"},"aioseo_meta_data":{"post_id":"127968","title":null,"description":null,"keywords":null,"keyphrases":null,"primary_term":null,"canonical_url":null,"og_title":null,"og_description":null,"og_object_type":"default","og_image_type":"default","og_image_url":null,"og_image_width":null,"og_image_height":null,"og_image_custom_url":null,"og_image_custom_fields":null,"og_video":null,"og_custom_url":null,"og_article_section":null,"og_article_tags":null,"twitter_use_og":false,"twitter_card":"default","twitter_image_type":"default","twitter_image_url":null,"twitter_image_custom_url":null,"twitter_image_custom_fields":null,"twitter_title":null,"twitter_description":null,"schema":{"blockGraphs":[],"customGraphs":[],"default":{"data":{"Article":[],"Course":[],"Dataset":[],"FAQPage":[],"Movie":[],"Person":[],"Product":[],"ProductReview":[],"Car":[],"Recipe":[],"Service":[],"SoftwareApplication":[],"WebPage":[]},"graphName":"","isEnabled":true},"graphs":[]},"schema_type":"default","schema_type_options":null,"pillar_content":false,"robots_default":true,"robots_noindex":false,"robots_noarchive":false,"robots_nosnippet":false,"robots_nofollow":false,"robots_noimageindex":false,"robots_noodp":false,"robots_notranslate":false,"robots_max_snippet":null,"robots_max_videopreview":null,"robots_max_imagepreview":"large","priority":null,"frequency":null,"local_seo":null,"seo_analyzer_scan_date":"2026-01-22 09:59:19","breadcrumb_settings":null,"limit_modified_date":false,"reviewed_by":null,"open_ai":null,"ai":null,"created":"2026-01-14 06:25:38","updated":"2026-02-26 09:30:39"},"aioseo_breadcrumb":"<div class=\"aioseo-breadcrumbs\"><span class=\"aioseo-breadcrumb\">\n\t<a href=\"https:\/\/hidalgo.nl\/de\/\" title=\"Home\">Home<\/a>\n<\/span><span class=\"aioseo-breadcrumb-separator\">\u00bb<\/span><span class=\"aioseo-breadcrumb\">\n\t<a href=\"https:\/\/hidalgo.nl\/example\/\" title=\"example\">example<\/a>\n<\/span><span class=\"aioseo-breadcrumb-separator\">\u00bb<\/span><span class=\"aioseo-breadcrumb\">\n\t<a href=\"https:\/\/hidalgo.nl\/en\/product-supplier\/a508\/\" title=\"A508\">A508<\/a>\n<\/span><span class=\"aioseo-breadcrumb-separator\">\u00bb<\/span><span class=\"aioseo-breadcrumb\">\n\tRibbio Champagneglas 255 ml\n<\/span><\/div>","aioseo_breadcrumb_json":[{"label":"Home","link":"https:\/\/hidalgo.nl\/de\/"},{"label":"example","link":"https:\/\/hidalgo.nl\/example\/"},{"label":"A508","link":"https:\/\/hidalgo.nl\/en\/product-supplier\/a508\/"},{"label":"Ribbio Champagneglas 255 ml","link":"https:\/\/hidalgo.nl\/de\/product\/ribbio-champagneglas-255-ml\/"}],"_links":{"self":[{"href":"https:\/\/hidalgo.nl\/de\/wp-json\/wp\/v2\/product\/127968","targetHints":{"allow":["GET"]}}],"collection":[{"href":"https:\/\/hidalgo.nl\/de\/wp-json\/wp\/v2\/product"}],"about":[{"href":"https:\/\/hidalgo.nl\/de\/wp-json\/wp\/v2\/types\/product"}],"wp:featuredmedia":[{"embeddable":true,"href":"https:\/\/hidalgo.nl\/de\/wp-json\/wp\/v2\/media\/592644"}],"wp:attachment":[{"href":"https:\/\/hidalgo.nl\/de\/wp-json\/wp\/v2\/media?parent=127968"}],"wp:term":[{"taxonomy":"product_brand","embeddable":true,"href":"https:\/\/hidalgo.nl\/de\/wp-json\/wp\/v2\/product_brand?post=127968"},{"taxonomy":"product_cat","embeddable":true,"href":"https:\/\/hidalgo.nl\/de\/wp-json\/wp\/v2\/product_cat?post=127968"},{"taxonomy":"product_tag","embeddable":true,"href":"https:\/\/hidalgo.nl\/de\/wp-json\/wp\/v2\/product_tag?post=127968"}],"curies":[{"name":"wp","href":"https:\/\/api.w.org\/{rel}","templated":true}]}}