{"id":127301,"date":"2025-07-07T19:12:56","date_gmt":"2025-07-07T19:12:56","guid":{"rendered":"http:\/\/bidonsenshakers.pim.hidalgo.nl\/product\/lanyard-sublimatie-buckle-2-cm-keycord\/"},"modified":"2026-02-26T07:43:02","modified_gmt":"2026-02-26T07:43:02","slug":"lanyard-sublimatie-buckle-2-cm-keycord","status":"publish","type":"product","link":"https:\/\/hidalgo.nl\/de\/product\/lanyard-sublimatie-buckle-2-cm-keycord\/","title":{"rendered":"Lanyard Sublimatie Buckle 2 cm keycord"},"content":{"rendered":"<p>Lanyard van sterk geweven polyester. Met metalen karabijnhaak. Het onderste gedeelte is los te koppelen d.m.v. een kunststof buckle. Inclusief full colour sublimatiedruk. Made in Europe.<\/p>\n","protected":false},"excerpt":{"rendered":"<p>Lanyard van sterk geweven polyester. Met metalen karabijnhaak. Het onderste gedeelte is los te koppelen d.m.v. een kunststof buckle. Inclusief full colour sublimatiedruk. Made in Europe.<\/p>\n","protected":false},"featured_media":596104,"template":"","meta":{"_acf_changed":false,"om_disable_all_campaigns":false,"_monsterinsights_skip_tracking":false,"_monsterinsights_sitenote_active":false,"_monsterinsights_sitenote_note":"","_monsterinsights_sitenote_category":0},"product_brand":[],"product_cat":[4924,4719],"product_tag":[],"class_list":{"0":"post-127301","1":"product","2":"type-product","3":"status-publish","4":"has-post-thumbnail","6":"product_supplier-a508","7":"product_material-polyestermetaalkunststof","8":"product_cat-promotionele-artikelen-lanyards","9":"product_cat-promotionele-artikelen","10":"entry","12":"first","13":"instock","14":"taxable","15":"shipping-taxable","16":"purchasable","17":"product-type-variable"},"acf":{"imprint_cost":[{"imprint_cost_key":"053f198f2562e5fa0189b68bff964a716316278f","product_quantity_price_range":[{"imprint_cost_recommended_selling_price":"0","imprint_cost_recommended_selling_quantity":"1"},{"imprint_cost_recommended_selling_price":"0","imprint_cost_recommended_selling_quantity":"25"},{"imprint_cost_recommended_selling_price":"0","imprint_cost_recommended_selling_quantity":"50"},{"imprint_cost_recommended_selling_price":"0","imprint_cost_recommended_selling_quantity":"100"},{"imprint_cost_recommended_selling_price":"0","imprint_cost_recommended_selling_quantity":"250"},{"imprint_cost_recommended_selling_price":"0","imprint_cost_recommended_selling_quantity":"500"},{"imprint_cost_recommended_selling_price":"0","imprint_cost_recommended_selling_quantity":"1000"},{"imprint_cost_recommended_selling_price":"0","imprint_cost_recommended_selling_quantity":"2500"},{"imprint_cost_recommended_selling_price":"0","imprint_cost_recommended_selling_quantity":"5000"}],"product_quantity_price_range_buying":[{"imprint_cost_general_buying_price":"0","imprint_cost_general_buying_quantity":"1"},{"imprint_cost_general_buying_price":"0","imprint_cost_general_buying_quantity":"25"},{"imprint_cost_general_buying_price":"0","imprint_cost_general_buying_quantity":"50"},{"imprint_cost_general_buying_price":"0","imprint_cost_general_buying_quantity":"100"},{"imprint_cost_general_buying_price":"0","imprint_cost_general_buying_quantity":"250"},{"imprint_cost_general_buying_price":"0","imprint_cost_general_buying_quantity":"500"},{"imprint_cost_general_buying_price":"0","imprint_cost_general_buying_quantity":"1000"},{"imprint_cost_general_buying_price":"0","imprint_cost_general_buying_quantity":"2500"},{"imprint_cost_general_buying_price":"0","imprint_cost_general_buying_quantity":"5000"}],"imprint_cost_setup_costs":"52.5","imprint_cost_handling_costs":"0"}]},"aioseo_notices":[],"aioseo_head":"\n\t\t<!-- All in One SEO Pro 4.9.6.2 - aioseo.com -->\n\t<meta name=\"description\" content=\"Setz dein Branding sichtbar in Szene: Das 2 cm breite Schl\u00fcsselband wird vollfarbig per Sublimationsdruck veredelt, auch f\u00fcr komplexe Verl\u00e4ufe. Metallkarabiner &amp; abtrennbare Buckle geben dir bei Events schnellen Zugriff auf Ausweise oder Schl\u00fcssel. Hidalgo druckt dein Logo pr\u00e4zise.\" \/>\n\t<meta name=\"robots\" content=\"max-image-preview:large\" \/>\n\t<link rel=\"canonical\" href=\"https:\/\/hidalgo.nl\/de\/wp-json\/wp\/v2\/product\/127301\" \/>\n\t<meta name=\"generator\" content=\"All in One SEO Pro (AIOSEO) 4.9.6.2\" \/>\n\t\t<meta property=\"og:locale\" content=\"de_DE\" \/>\n\t\t<meta property=\"og:site_name\" content=\"Hidalgo -\" \/>\n\t\t<meta property=\"og:type\" content=\"article\" \/>\n\t\t<meta property=\"og:title\" content=\"Lanyard Sublimatie Buckle 2 cm keycord\" \/>\n\t\t<meta property=\"og:description\" content=\"Setz dein Branding sichtbar in Szene: Das 2 cm breite Schl\u00fcsselband wird vollfarbig per Sublimationsdruck veredelt, auch f\u00fcr komplexe Verl\u00e4ufe. Metallkarabiner &amp; abtrennbare Buckle geben dir bei Events schnellen Zugriff auf Ausweise oder Schl\u00fcssel. Hidalgo druckt dein Logo pr\u00e4zise.\" \/>\n\t\t<meta property=\"og:url\" content=\"https:\/\/hidalgo.nl\/de\/wp-json\/wp\/v2\/product\/127301\" \/>\n\t\t<meta property=\"og:image\" content=\"https:\/\/shop.hidalgo.nl\/wp-content\/uploads\/2025\/11\/cropped-Hidalgo-est1993.png\" \/>\n\t\t<meta property=\"og:image:secure_url\" content=\"https:\/\/shop.hidalgo.nl\/wp-content\/uploads\/2025\/11\/cropped-Hidalgo-est1993.png\" \/>\n\t\t<meta property=\"article:published_time\" content=\"2025-07-07T19:12:56+00:00\" \/>\n\t\t<meta property=\"article:modified_time\" content=\"2026-02-26T07:43:02+00:00\" \/>\n\t\t<meta name=\"twitter:card\" content=\"summary_large_image\" \/>\n\t\t<meta name=\"twitter:title\" content=\"Lanyard Sublimatie Buckle 2 cm keycord\" \/>\n\t\t<meta name=\"twitter:description\" content=\"Setz dein Branding sichtbar in Szene: Das 2 cm breite Schl\u00fcsselband wird vollfarbig per Sublimationsdruck veredelt, auch f\u00fcr komplexe Verl\u00e4ufe. Metallkarabiner &amp; abtrennbare Buckle geben dir bei Events schnellen Zugriff auf Ausweise oder Schl\u00fcssel. Hidalgo druckt dein Logo pr\u00e4zise.\" \/>\n\t\t<meta name=\"twitter:image\" content=\"https:\/\/shop.hidalgo.nl\/wp-content\/uploads\/2025\/11\/cropped-Hidalgo-est1993.png\" \/>\n\t\t<script type=\"application\/ld+json\" class=\"aioseo-schema\">\n\t\t\t{\"@context\":\"https:\\\/\\\/schema.org\",\"@graph\":[{\"@type\":\"BreadcrumbList\",\"@id\":\"https:\\\/\\\/hidalgo.nl\\\/de\\\/product\\\/lanyard-sublimatie-buckle-2-cm-keycord\\\/#breadcrumblist\",\"itemListElement\":[{\"@type\":\"ListItem\",\"@id\":\"https:\\\/\\\/hidalgo.nl\\\/de\\\/#listItem\",\"position\":1,\"name\":\"Home\",\"item\":\"https:\\\/\\\/hidalgo.nl\\\/de\\\/\",\"nextItem\":{\"@type\":\"ListItem\",\"@id\":\"https:\\\/\\\/hidalgo.nl\\\/example\\\/#listItem\",\"name\":\"example\"}},{\"@type\":\"ListItem\",\"@id\":\"https:\\\/\\\/hidalgo.nl\\\/example\\\/#listItem\",\"position\":2,\"name\":\"example\",\"item\":\"https:\\\/\\\/hidalgo.nl\\\/example\\\/\",\"nextItem\":{\"@type\":\"ListItem\",\"@id\":\"https:\\\/\\\/hidalgo.nl\\\/en\\\/product-supplier\\\/a508\\\/#listItem\",\"name\":\"A508\"},\"previousItem\":{\"@type\":\"ListItem\",\"@id\":\"https:\\\/\\\/hidalgo.nl\\\/de\\\/#listItem\",\"name\":\"Home\"}},{\"@type\":\"ListItem\",\"@id\":\"https:\\\/\\\/hidalgo.nl\\\/en\\\/product-supplier\\\/a508\\\/#listItem\",\"position\":3,\"name\":\"A508\",\"item\":\"https:\\\/\\\/hidalgo.nl\\\/en\\\/product-supplier\\\/a508\\\/\",\"nextItem\":{\"@type\":\"ListItem\",\"@id\":\"https:\\\/\\\/hidalgo.nl\\\/de\\\/product\\\/lanyard-sublimatie-buckle-2-cm-keycord\\\/#listItem\",\"name\":\"Lanyard Sublimatie Buckle 2 cm keycord\"},\"previousItem\":{\"@type\":\"ListItem\",\"@id\":\"https:\\\/\\\/hidalgo.nl\\\/example\\\/#listItem\",\"name\":\"example\"}},{\"@type\":\"ListItem\",\"@id\":\"https:\\\/\\\/hidalgo.nl\\\/de\\\/product\\\/lanyard-sublimatie-buckle-2-cm-keycord\\\/#listItem\",\"position\":4,\"name\":\"Lanyard Sublimatie Buckle 2 cm keycord\",\"previousItem\":{\"@type\":\"ListItem\",\"@id\":\"https:\\\/\\\/hidalgo.nl\\\/en\\\/product-supplier\\\/a508\\\/#listItem\",\"name\":\"A508\"}}]},{\"@type\":\"Organization\",\"@id\":\"https:\\\/\\\/hidalgo.nl\\\/de\\\/#organization\",\"name\":\"Hidalgo\",\"url\":\"https:\\\/\\\/hidalgo.nl\\\/de\\\/\",\"logo\":{\"@type\":\"ImageObject\",\"url\":\"https:\\\/\\\/shop.hidalgo.nl\\\/wp-content\\\/uploads\\\/2025\\\/11\\\/cropped-Hidalgo-est1993.png\",\"@id\":\"https:\\\/\\\/hidalgo.nl\\\/de\\\/product\\\/lanyard-sublimatie-buckle-2-cm-keycord\\\/#organizationLogo\",\"width\":585,\"height\":195},\"image\":{\"@id\":\"https:\\\/\\\/hidalgo.nl\\\/de\\\/product\\\/lanyard-sublimatie-buckle-2-cm-keycord\\\/#organizationLogo\"}},{\"@type\":\"ProductGroup\",\"@id\":\"https:\\\/\\\/hidalgo.nl\\\/de\\\/product\\\/lanyard-sublimatie-buckle-2-cm-keycord\\\/#wooCommerceProduct\",\"name\":\"Lanyard Sublimatie Buckle 2 cm keycord\",\"url\":\"https:\\\/\\\/hidalgo.nl\\\/de\\\/product\\\/lanyard-sublimatie-buckle-2-cm-keycord\\\/\",\"sku\":\"A508-1977\",\"image\":{\"@type\":\"ImageObject\",\"url\":\"https:\\\/\\\/shop.hidalgo.nl\\\/wp-content\\\/uploads\\\/2025\\\/04\\\/76334facab5589951be8d1d44a1865d1224487dfa6f68b9a4fa7a130658e8cf9.jpg\",\"@id\":\"https:\\\/\\\/hidalgo.nl\\\/de\\\/product\\\/lanyard-sublimatie-buckle-2-cm-keycord\\\/#productImage\"},\"productGroupID\":127301,\"hasVariant\":[{\"@type\":\"Product\",\"@id\":\"https:\\\/\\\/hidalgo.nl\\\/de\\\/product\\\/lanyard-sublimatie-buckle-2-cm-keycord\\\/#wooCommerceProduct\",\"name\":\"Lanyard Sublimatie Buckle 2 cm keycord - multicolour\",\"url\":\"https:\\\/\\\/hidalgo.nl\\\/de\\\/product\\\/lanyard-sublimatie-buckle-2-cm-keycord\\\/\",\"sku\":\"A508-197799\",\"image\":{\"@type\":\"ImageObject\",\"url\":\"https:\\\/\\\/shop.hidalgo.nl\\\/wp-content\\\/uploads\\\/2025\\\/05\\\/76334facab5589951be8d1d44a1865d1224487dfa6f68b9a4fa7a130658e8cf9.jpg\",\"@id\":\"https:\\\/\\\/hidalgo.nl\\\/de\\\/product\\\/lanyard-sublimatie-buckle-2-cm-keycord\\\/#productImage\",\"width\":1000,\"height\":1000},\"offers\":{\"@type\":\"Offer\",\"url\":\"https:\\\/\\\/hidalgo.nl\\\/de\\\/product\\\/lanyard-sublimatie-buckle-2-cm-keycord\\\/#wooCommerceOffer\",\"price\":\"1.305\",\"priceCurrency\":\"EUR\",\"category\":\"Promotionele Artikelen\",\"availability\":\"https:\\\/\\\/schema.org\\\/InStock\",\"priceSpecification\":{\"@type\":\"PriceSpecification\",\"price\":1.305,\"priceCurrency\":\"EUR\",\"valueAddedTaxIncluded\":\"true\"}}}]},{\"@type\":\"WebPage\",\"@id\":\"https:\\\/\\\/hidalgo.nl\\\/de\\\/product\\\/lanyard-sublimatie-buckle-2-cm-keycord\\\/#webpage\",\"url\":\"https:\\\/\\\/hidalgo.nl\\\/de\\\/product\\\/lanyard-sublimatie-buckle-2-cm-keycord\\\/\",\"name\":\"Lanyard Sublimatie Buckle 2 cm keycord\",\"description\":\"Setz dein Branding sichtbar in Szene: Das 2 cm breite Schl\\u00fcsselband wird vollfarbig per Sublimationsdruck veredelt, auch f\\u00fcr komplexe Verl\\u00e4ufe. Metallkarabiner & abtrennbare Buckle geben dir bei Events schnellen Zugriff auf Ausweise oder Schl\\u00fcssel. Hidalgo druckt dein Logo pr\\u00e4zise.\",\"inLanguage\":\"de-DE\",\"isPartOf\":{\"@id\":\"https:\\\/\\\/hidalgo.nl\\\/de\\\/#website\"},\"breadcrumb\":{\"@id\":\"https:\\\/\\\/hidalgo.nl\\\/de\\\/product\\\/lanyard-sublimatie-buckle-2-cm-keycord\\\/#breadcrumblist\"},\"image\":{\"@type\":\"ImageObject\",\"url\":\"https:\\\/\\\/shop.hidalgo.nl\\\/wp-content\\\/uploads\\\/2025\\\/04\\\/76334facab5589951be8d1d44a1865d1224487dfa6f68b9a4fa7a130658e8cf9.jpg\",\"@id\":\"https:\\\/\\\/hidalgo.nl\\\/de\\\/product\\\/lanyard-sublimatie-buckle-2-cm-keycord\\\/#mainImage\"},\"primaryImageOfPage\":{\"@id\":\"https:\\\/\\\/hidalgo.nl\\\/de\\\/product\\\/lanyard-sublimatie-buckle-2-cm-keycord\\\/#mainImage\"},\"datePublished\":\"2025-07-07T19:12:56+00:00\",\"dateModified\":\"2026-02-26T07:43:02+00:00\"},{\"@type\":\"WebSite\",\"@id\":\"https:\\\/\\\/hidalgo.nl\\\/de\\\/#website\",\"url\":\"https:\\\/\\\/hidalgo.nl\\\/de\\\/\",\"name\":\"Hidalgo\",\"inLanguage\":\"de-DE\",\"publisher\":{\"@id\":\"https:\\\/\\\/hidalgo.nl\\\/de\\\/#organization\"}}]}\n\t\t<\/script>\n\t\t<!-- All in One SEO Pro -->\r\n\t\t<title>Lanyard Sublimatie Buckle 2 cm keycord<\/title>\n\n","aioseo_head_json":{"title":"Lanyard Sublimatie Buckle 2 cm keycord","description":"Setz dein Branding sichtbar in Szene: Das 2 cm breite Schl\u00fcsselband wird vollfarbig per Sublimationsdruck veredelt, auch f\u00fcr komplexe Verl\u00e4ufe. Metallkarabiner & abtrennbare Buckle geben dir bei Events schnellen Zugriff auf Ausweise oder Schl\u00fcssel. Hidalgo druckt dein Logo pr\u00e4zise.","canonical_url":"https:\/\/hidalgo.nl\/de\/wp-json\/wp\/v2\/product\/127301","robots":"max-image-preview:large","keywords":"","webmasterTools":{"miscellaneous":""},"schema":{"@context":"https:\/\/schema.org","@graph":[{"@type":"BreadcrumbList","@id":"https:\/\/hidalgo.nl\/de\/product\/lanyard-sublimatie-buckle-2-cm-keycord\/#breadcrumblist","itemListElement":[{"@type":"ListItem","@id":"https:\/\/hidalgo.nl\/de\/#listItem","position":1,"name":"Home","item":"https:\/\/hidalgo.nl\/de\/","nextItem":{"@type":"ListItem","@id":"https:\/\/hidalgo.nl\/example\/#listItem","name":"example"}},{"@type":"ListItem","@id":"https:\/\/hidalgo.nl\/example\/#listItem","position":2,"name":"example","item":"https:\/\/hidalgo.nl\/example\/","nextItem":{"@type":"ListItem","@id":"https:\/\/hidalgo.nl\/en\/product-supplier\/a508\/#listItem","name":"A508"},"previousItem":{"@type":"ListItem","@id":"https:\/\/hidalgo.nl\/de\/#listItem","name":"Home"}},{"@type":"ListItem","@id":"https:\/\/hidalgo.nl\/en\/product-supplier\/a508\/#listItem","position":3,"name":"A508","item":"https:\/\/hidalgo.nl\/en\/product-supplier\/a508\/","nextItem":{"@type":"ListItem","@id":"https:\/\/hidalgo.nl\/de\/product\/lanyard-sublimatie-buckle-2-cm-keycord\/#listItem","name":"Lanyard Sublimatie Buckle 2 cm keycord"},"previousItem":{"@type":"ListItem","@id":"https:\/\/hidalgo.nl\/example\/#listItem","name":"example"}},{"@type":"ListItem","@id":"https:\/\/hidalgo.nl\/de\/product\/lanyard-sublimatie-buckle-2-cm-keycord\/#listItem","position":4,"name":"Lanyard Sublimatie Buckle 2 cm keycord","previousItem":{"@type":"ListItem","@id":"https:\/\/hidalgo.nl\/en\/product-supplier\/a508\/#listItem","name":"A508"}}]},{"@type":"Organization","@id":"https:\/\/hidalgo.nl\/de\/#organization","name":"Hidalgo","url":"https:\/\/hidalgo.nl\/de\/","logo":{"@type":"ImageObject","url":"https:\/\/shop.hidalgo.nl\/wp-content\/uploads\/2025\/11\/cropped-Hidalgo-est1993.png","@id":"https:\/\/hidalgo.nl\/de\/product\/lanyard-sublimatie-buckle-2-cm-keycord\/#organizationLogo","width":585,"height":195},"image":{"@id":"https:\/\/hidalgo.nl\/de\/product\/lanyard-sublimatie-buckle-2-cm-keycord\/#organizationLogo"}},{"@type":"ProductGroup","@id":"https:\/\/hidalgo.nl\/de\/product\/lanyard-sublimatie-buckle-2-cm-keycord\/#wooCommerceProduct","name":"Lanyard Sublimatie Buckle 2 cm keycord","url":"https:\/\/hidalgo.nl\/de\/product\/lanyard-sublimatie-buckle-2-cm-keycord\/","sku":"A508-1977","image":{"@type":"ImageObject","url":"https:\/\/shop.hidalgo.nl\/wp-content\/uploads\/2025\/04\/76334facab5589951be8d1d44a1865d1224487dfa6f68b9a4fa7a130658e8cf9.jpg","@id":"https:\/\/hidalgo.nl\/de\/product\/lanyard-sublimatie-buckle-2-cm-keycord\/#productImage"},"productGroupID":127301,"hasVariant":[{"@type":"Product","@id":"https:\/\/hidalgo.nl\/de\/product\/lanyard-sublimatie-buckle-2-cm-keycord\/#wooCommerceProduct","name":"Lanyard Sublimatie Buckle 2 cm keycord - multicolour","url":"https:\/\/hidalgo.nl\/de\/product\/lanyard-sublimatie-buckle-2-cm-keycord\/","sku":"A508-197799","image":{"@type":"ImageObject","url":"https:\/\/shop.hidalgo.nl\/wp-content\/uploads\/2025\/05\/76334facab5589951be8d1d44a1865d1224487dfa6f68b9a4fa7a130658e8cf9.jpg","@id":"https:\/\/hidalgo.nl\/de\/product\/lanyard-sublimatie-buckle-2-cm-keycord\/#productImage","width":1000,"height":1000},"offers":{"@type":"Offer","url":"https:\/\/hidalgo.nl\/de\/product\/lanyard-sublimatie-buckle-2-cm-keycord\/#wooCommerceOffer","price":"1.305","priceCurrency":"EUR","category":"Promotionele Artikelen","availability":"https:\/\/schema.org\/InStock","priceSpecification":{"@type":"PriceSpecification","price":1.305,"priceCurrency":"EUR","valueAddedTaxIncluded":"true"}}}]},{"@type":"WebPage","@id":"https:\/\/hidalgo.nl\/de\/product\/lanyard-sublimatie-buckle-2-cm-keycord\/#webpage","url":"https:\/\/hidalgo.nl\/de\/product\/lanyard-sublimatie-buckle-2-cm-keycord\/","name":"Lanyard Sublimatie Buckle 2 cm keycord","description":"Setz dein Branding sichtbar in Szene: Das 2 cm breite Schl\u00fcsselband wird vollfarbig per Sublimationsdruck veredelt, auch f\u00fcr komplexe Verl\u00e4ufe. Metallkarabiner & abtrennbare Buckle geben dir bei Events schnellen Zugriff auf Ausweise oder Schl\u00fcssel. Hidalgo druckt dein Logo pr\u00e4zise.","inLanguage":"de-DE","isPartOf":{"@id":"https:\/\/hidalgo.nl\/de\/#website"},"breadcrumb":{"@id":"https:\/\/hidalgo.nl\/de\/product\/lanyard-sublimatie-buckle-2-cm-keycord\/#breadcrumblist"},"image":{"@type":"ImageObject","url":"https:\/\/shop.hidalgo.nl\/wp-content\/uploads\/2025\/04\/76334facab5589951be8d1d44a1865d1224487dfa6f68b9a4fa7a130658e8cf9.jpg","@id":"https:\/\/hidalgo.nl\/de\/product\/lanyard-sublimatie-buckle-2-cm-keycord\/#mainImage"},"primaryImageOfPage":{"@id":"https:\/\/hidalgo.nl\/de\/product\/lanyard-sublimatie-buckle-2-cm-keycord\/#mainImage"},"datePublished":"2025-07-07T19:12:56+00:00","dateModified":"2026-02-26T07:43:02+00:00"},{"@type":"WebSite","@id":"https:\/\/hidalgo.nl\/de\/#website","url":"https:\/\/hidalgo.nl\/de\/","name":"Hidalgo","inLanguage":"de-DE","publisher":{"@id":"https:\/\/hidalgo.nl\/de\/#organization"}}]},"og:locale":"de_DE","og:site_name":"Hidalgo -","og:type":"article","og:title":"Lanyard Sublimatie Buckle 2 cm keycord","og:description":"Setz dein Branding sichtbar in Szene: Das 2 cm breite Schl\u00fcsselband wird vollfarbig per Sublimationsdruck veredelt, auch f\u00fcr komplexe Verl\u00e4ufe. Metallkarabiner &amp; abtrennbare Buckle geben dir bei Events schnellen Zugriff auf Ausweise oder Schl\u00fcssel. Hidalgo druckt dein Logo pr\u00e4zise.","og:url":"https:\/\/hidalgo.nl\/de\/wp-json\/wp\/v2\/product\/127301","og:image":"https:\/\/shop.hidalgo.nl\/wp-content\/uploads\/2025\/11\/cropped-Hidalgo-est1993.png","og:image:secure_url":"https:\/\/shop.hidalgo.nl\/wp-content\/uploads\/2025\/11\/cropped-Hidalgo-est1993.png","article:published_time":"2025-07-07T19:12:56+00:00","article:modified_time":"2026-02-26T07:43:02+00:00","twitter:card":"summary_large_image","twitter:title":"Lanyard Sublimatie Buckle 2 cm keycord","twitter:description":"Setz dein Branding sichtbar in Szene: Das 2 cm breite Schl\u00fcsselband wird vollfarbig per Sublimationsdruck veredelt, auch f\u00fcr komplexe Verl\u00e4ufe. Metallkarabiner &amp; abtrennbare Buckle geben dir bei Events schnellen Zugriff auf Ausweise oder Schl\u00fcssel. Hidalgo druckt dein Logo pr\u00e4zise.","twitter:image":"https:\/\/shop.hidalgo.nl\/wp-content\/uploads\/2025\/11\/cropped-Hidalgo-est1993.png"},"aioseo_meta_data":{"post_id":"127301","title":null,"description":null,"keywords":null,"keyphrases":null,"primary_term":null,"canonical_url":null,"og_title":null,"og_description":null,"og_object_type":"default","og_image_type":"default","og_image_url":null,"og_image_width":null,"og_image_height":null,"og_image_custom_url":null,"og_image_custom_fields":null,"og_video":null,"og_custom_url":null,"og_article_section":null,"og_article_tags":null,"twitter_use_og":false,"twitter_card":"default","twitter_image_type":"default","twitter_image_url":null,"twitter_image_custom_url":null,"twitter_image_custom_fields":null,"twitter_title":null,"twitter_description":null,"schema":{"blockGraphs":[],"customGraphs":[],"default":{"data":{"Article":[],"Course":[],"Dataset":[],"FAQPage":[],"Movie":[],"Person":[],"Product":[],"ProductReview":[],"Car":[],"Recipe":[],"Service":[],"SoftwareApplication":[],"WebPage":[]},"graphName":"","isEnabled":true},"graphs":[]},"schema_type":"default","schema_type_options":null,"pillar_content":false,"robots_default":true,"robots_noindex":false,"robots_noarchive":false,"robots_nosnippet":false,"robots_nofollow":false,"robots_noimageindex":false,"robots_noodp":false,"robots_notranslate":false,"robots_max_snippet":null,"robots_max_videopreview":null,"robots_max_imagepreview":"large","priority":null,"frequency":null,"local_seo":null,"seo_analyzer_scan_date":"2026-01-22 09:50:48","breadcrumb_settings":null,"limit_modified_date":false,"reviewed_by":null,"open_ai":null,"ai":null,"created":"2026-01-14 06:25:37","updated":"2026-04-23 06:39:01"},"aioseo_breadcrumb":"<div class=\"aioseo-breadcrumbs\"><span class=\"aioseo-breadcrumb\">\n\t<a href=\"https:\/\/hidalgo.nl\/de\/\" title=\"Home\">Home<\/a>\n<\/span><span class=\"aioseo-breadcrumb-separator\">\u00bb<\/span><span class=\"aioseo-breadcrumb\">\n\t<a href=\"https:\/\/hidalgo.nl\/example\/\" title=\"example\">example<\/a>\n<\/span><span class=\"aioseo-breadcrumb-separator\">\u00bb<\/span><span class=\"aioseo-breadcrumb\">\n\t<a href=\"https:\/\/hidalgo.nl\/en\/product-supplier\/a508\/\" title=\"A508\">A508<\/a>\n<\/span><span class=\"aioseo-breadcrumb-separator\">\u00bb<\/span><span class=\"aioseo-breadcrumb\">\n\tLanyard Sublimatie Buckle 2 cm keycord\n<\/span><\/div>","aioseo_breadcrumb_json":[{"label":"Home","link":"https:\/\/hidalgo.nl\/de\/"},{"label":"example","link":"https:\/\/hidalgo.nl\/example\/"},{"label":"A508","link":"https:\/\/hidalgo.nl\/en\/product-supplier\/a508\/"},{"label":"Lanyard Sublimatie Buckle 2 cm keycord","link":"https:\/\/hidalgo.nl\/de\/product\/lanyard-sublimatie-buckle-2-cm-keycord\/"}],"_links":{"self":[{"href":"https:\/\/hidalgo.nl\/de\/wp-json\/wp\/v2\/product\/127301","targetHints":{"allow":["GET"]}}],"collection":[{"href":"https:\/\/hidalgo.nl\/de\/wp-json\/wp\/v2\/product"}],"about":[{"href":"https:\/\/hidalgo.nl\/de\/wp-json\/wp\/v2\/types\/product"}],"wp:featuredmedia":[{"embeddable":true,"href":"https:\/\/hidalgo.nl\/de\/wp-json\/wp\/v2\/media\/596104"}],"wp:attachment":[{"href":"https:\/\/hidalgo.nl\/de\/wp-json\/wp\/v2\/media?parent=127301"}],"wp:term":[{"taxonomy":"product_brand","embeddable":true,"href":"https:\/\/hidalgo.nl\/de\/wp-json\/wp\/v2\/product_brand?post=127301"},{"taxonomy":"product_cat","embeddable":true,"href":"https:\/\/hidalgo.nl\/de\/wp-json\/wp\/v2\/product_cat?post=127301"},{"taxonomy":"product_tag","embeddable":true,"href":"https:\/\/hidalgo.nl\/de\/wp-json\/wp\/v2\/product_tag?post=127301"}],"curies":[{"name":"wp","href":"https:\/\/api.w.org\/{rel}","templated":true}]}}