{"id":127296,"date":"2025-07-07T19:12:48","date_gmt":"2025-07-07T19:12:48","guid":{"rendered":"http:\/\/bidonsenshakers.pim.hidalgo.nl\/product\/caselli-wijnglas-470-ml\/"},"modified":"2026-02-26T07:42:49","modified_gmt":"2026-02-26T07:42:49","slug":"caselli-wijnglas-470-ml","status":"publish","type":"product","link":"https:\/\/hidalgo.nl\/de\/product\/caselli-wijnglas-470-ml\/","title":{"rendered":"Caselli Wijnglas 470 ml"},"content":{"rendered":"<p>Modern wijnglas met een krachtige uitstraling. Dit glas is bijzonder door de opvallende, vlakke kelkbodem en de taps toelopende mond. Deze brede bodem geeft de wijn een maximaal oppervlak om te ademen. Hierdoor kan de wijn zijn smaak nog beter ontwikkelen. Dit draagt bij aan een intense smaakbeleving. Dit stijlvolle glas heeft een stabiele voet. Het is geschikt voor het schenken van een rode wijn in horecagelegenheden, tijdens een zakelijke borrel of in de priv\u00e9sfeer. Dit stijlvolle glas past bij elke gelegenheid. Inhoud 470 ml. Made in Europe.<\/p>\n","protected":false},"excerpt":{"rendered":"<p>Modern wijnglas met een krachtige uitstraling. Dit glas is bijzonder door de opvallende, vlakke kelkbodem en de taps toelopende mond. Deze brede bodem geeft de wijn een maximaal oppervlak om te ademen. Hierdoor kan de wijn zijn smaak nog beter ontwikkelen. Dit draagt bij aan een intense smaakbeleving. Dit stijlvolle glas heeft een stabiele voet.&hellip; <a class=\"more-link\" href=\"https:\/\/hidalgo.nl\/de\/product\/caselli-wijnglas-470-ml\/\"><span class=\"screen-reader-text\">Caselli Wijnglas 470 ml<\/span> weiterlesen<\/a><\/p>\n","protected":false},"featured_media":596110,"template":"","meta":{"_acf_changed":false,"om_disable_all_campaigns":false,"_monsterinsights_skip_tracking":false,"_monsterinsights_sitenote_active":false,"_monsterinsights_sitenote_note":"","_monsterinsights_sitenote_category":0},"product_brand":[],"product_cat":[4764,4735,4719,4728],"product_tag":[],"class_list":{"0":"post-127296","1":"product","2":"type-product","3":"status-publish","4":"has-post-thumbnail","6":"product_supplier-a508","7":"product_material-glas","8":"product_cat-glazen-en-karaffen","9":"product_cat-keuken","10":"product_cat-promotionele-artikelen","11":"product_cat-promotionele-artikelen-thuis-keuken-en-tuin","12":"entry","14":"first","15":"instock","16":"taxable","17":"shipping-taxable","18":"purchasable","19":"product-type-variable"},"acf":{"imprint_cost":[{"imprint_cost_key":"c2d15f3c6b3cffad8e445f2f7c79b3425d8539c2","product_quantity_price_range":[{"imprint_cost_recommended_selling_price":"5.7","imprint_cost_recommended_selling_quantity":"1"},{"imprint_cost_recommended_selling_price":"4.065","imprint_cost_recommended_selling_quantity":"25"},{"imprint_cost_recommended_selling_price":"3.165","imprint_cost_recommended_selling_quantity":"50"},{"imprint_cost_recommended_selling_price":"2.625","imprint_cost_recommended_selling_quantity":"100"},{"imprint_cost_recommended_selling_price":"2.175","imprint_cost_recommended_selling_quantity":"250"},{"imprint_cost_recommended_selling_price":"1.875","imprint_cost_recommended_selling_quantity":"500"},{"imprint_cost_recommended_selling_price":"1.62","imprint_cost_recommended_selling_quantity":"1000"},{"imprint_cost_recommended_selling_price":"1.395","imprint_cost_recommended_selling_quantity":"2500"},{"imprint_cost_recommended_selling_price":"1.305","imprint_cost_recommended_selling_quantity":"5000"}],"product_quantity_price_range_buying":[{"imprint_cost_general_buying_price":"3.8","imprint_cost_general_buying_quantity":"1"},{"imprint_cost_general_buying_price":"2.71","imprint_cost_general_buying_quantity":"25"},{"imprint_cost_general_buying_price":"2.11","imprint_cost_general_buying_quantity":"50"},{"imprint_cost_general_buying_price":"1.75","imprint_cost_general_buying_quantity":"100"},{"imprint_cost_general_buying_price":"1.45","imprint_cost_general_buying_quantity":"250"},{"imprint_cost_general_buying_price":"1.25","imprint_cost_general_buying_quantity":"500"},{"imprint_cost_general_buying_price":"1.08","imprint_cost_general_buying_quantity":"1000"},{"imprint_cost_general_buying_price":"0.93","imprint_cost_general_buying_quantity":"2500"},{"imprint_cost_general_buying_price":"0.87","imprint_cost_general_buying_quantity":"5000"}],"imprint_cost_setup_costs":"26.25","imprint_cost_handling_costs":"0"},{"imprint_cost_key":"6640bfab8adb888e33a31fbf2a2a7ef5a13f7cb6","product_quantity_price_range":[{"imprint_cost_recommended_selling_price":"5.7","imprint_cost_recommended_selling_quantity":"1"},{"imprint_cost_recommended_selling_price":"4.065","imprint_cost_recommended_selling_quantity":"25"},{"imprint_cost_recommended_selling_price":"3.165","imprint_cost_recommended_selling_quantity":"50"},{"imprint_cost_recommended_selling_price":"2.625","imprint_cost_recommended_selling_quantity":"100"},{"imprint_cost_recommended_selling_price":"2.175","imprint_cost_recommended_selling_quantity":"250"},{"imprint_cost_recommended_selling_price":"1.875","imprint_cost_recommended_selling_quantity":"500"},{"imprint_cost_recommended_selling_price":"1.62","imprint_cost_recommended_selling_quantity":"1000"},{"imprint_cost_recommended_selling_price":"1.395","imprint_cost_recommended_selling_quantity":"2500"},{"imprint_cost_recommended_selling_price":"1.305","imprint_cost_recommended_selling_quantity":"5000"}],"product_quantity_price_range_buying":[{"imprint_cost_general_buying_price":"3.8","imprint_cost_general_buying_quantity":"1"},{"imprint_cost_general_buying_price":"2.71","imprint_cost_general_buying_quantity":"25"},{"imprint_cost_general_buying_price":"2.11","imprint_cost_general_buying_quantity":"50"},{"imprint_cost_general_buying_price":"1.75","imprint_cost_general_buying_quantity":"100"},{"imprint_cost_general_buying_price":"1.45","imprint_cost_general_buying_quantity":"250"},{"imprint_cost_general_buying_price":"1.25","imprint_cost_general_buying_quantity":"500"},{"imprint_cost_general_buying_price":"1.08","imprint_cost_general_buying_quantity":"1000"},{"imprint_cost_general_buying_price":"0.93","imprint_cost_general_buying_quantity":"2500"},{"imprint_cost_general_buying_price":"0.87","imprint_cost_general_buying_quantity":"5000"}],"imprint_cost_setup_costs":"26.25","imprint_cost_handling_costs":"0"},{"imprint_cost_key":"4950c6329f17337097d8ff3839aff9ea25b503b8","product_quantity_price_range":[{"imprint_cost_recommended_selling_price":"5.7","imprint_cost_recommended_selling_quantity":"1"},{"imprint_cost_recommended_selling_price":"4.065","imprint_cost_recommended_selling_quantity":"25"},{"imprint_cost_recommended_selling_price":"3.165","imprint_cost_recommended_selling_quantity":"50"},{"imprint_cost_recommended_selling_price":"2.625","imprint_cost_recommended_selling_quantity":"100"},{"imprint_cost_recommended_selling_price":"2.175","imprint_cost_recommended_selling_quantity":"250"},{"imprint_cost_recommended_selling_price":"1.875","imprint_cost_recommended_selling_quantity":"500"},{"imprint_cost_recommended_selling_price":"1.62","imprint_cost_recommended_selling_quantity":"1000"},{"imprint_cost_recommended_selling_price":"1.395","imprint_cost_recommended_selling_quantity":"2500"},{"imprint_cost_recommended_selling_price":"1.305","imprint_cost_recommended_selling_quantity":"5000"}],"product_quantity_price_range_buying":[{"imprint_cost_general_buying_price":"3.8","imprint_cost_general_buying_quantity":"1"},{"imprint_cost_general_buying_price":"2.71","imprint_cost_general_buying_quantity":"25"},{"imprint_cost_general_buying_price":"2.11","imprint_cost_general_buying_quantity":"50"},{"imprint_cost_general_buying_price":"1.75","imprint_cost_general_buying_quantity":"100"},{"imprint_cost_general_buying_price":"1.45","imprint_cost_general_buying_quantity":"250"},{"imprint_cost_general_buying_price":"1.25","imprint_cost_general_buying_quantity":"500"},{"imprint_cost_general_buying_price":"1.08","imprint_cost_general_buying_quantity":"1000"},{"imprint_cost_general_buying_price":"0.93","imprint_cost_general_buying_quantity":"2500"},{"imprint_cost_general_buying_price":"0.87","imprint_cost_general_buying_quantity":"5000"}],"imprint_cost_setup_costs":"26.25","imprint_cost_handling_costs":"0"},{"imprint_cost_key":"af8900ae78ffc7c45648be58fe728accffb86ce5","product_quantity_price_range":[{"imprint_cost_recommended_selling_price":"5.7","imprint_cost_recommended_selling_quantity":"1"},{"imprint_cost_recommended_selling_price":"4.065","imprint_cost_recommended_selling_quantity":"25"},{"imprint_cost_recommended_selling_price":"3.165","imprint_cost_recommended_selling_quantity":"50"},{"imprint_cost_recommended_selling_price":"2.625","imprint_cost_recommended_selling_quantity":"100"},{"imprint_cost_recommended_selling_price":"2.175","imprint_cost_recommended_selling_quantity":"250"},{"imprint_cost_recommended_selling_price":"1.875","imprint_cost_recommended_selling_quantity":"500"},{"imprint_cost_recommended_selling_price":"1.62","imprint_cost_recommended_selling_quantity":"1000"},{"imprint_cost_recommended_selling_price":"1.395","imprint_cost_recommended_selling_quantity":"2500"},{"imprint_cost_recommended_selling_price":"1.305","imprint_cost_recommended_selling_quantity":"5000"}],"product_quantity_price_range_buying":[{"imprint_cost_general_buying_price":"3.8","imprint_cost_general_buying_quantity":"1"},{"imprint_cost_general_buying_price":"2.71","imprint_cost_general_buying_quantity":"25"},{"imprint_cost_general_buying_price":"2.11","imprint_cost_general_buying_quantity":"50"},{"imprint_cost_general_buying_price":"1.75","imprint_cost_general_buying_quantity":"100"},{"imprint_cost_general_buying_price":"1.45","imprint_cost_general_buying_quantity":"250"},{"imprint_cost_general_buying_price":"1.25","imprint_cost_general_buying_quantity":"500"},{"imprint_cost_general_buying_price":"1.08","imprint_cost_general_buying_quantity":"1000"},{"imprint_cost_general_buying_price":"0.93","imprint_cost_general_buying_quantity":"2500"},{"imprint_cost_general_buying_price":"0.87","imprint_cost_general_buying_quantity":"5000"}],"imprint_cost_setup_costs":"26.25","imprint_cost_handling_costs":"0"}]},"aioseo_notices":[],"aioseo_head":"\n\t\t<!-- All in One SEO Pro 4.9.5.2 - aioseo.com -->\n\t<meta name=\"description\" content=\"Das 470-ml Weinglas mit flacher Kelchbodenfl\u00e4che bringt Aromen optimal zur Geltung. Ideal f\u00fcr Catering und Events; wir bedrucken es mit deinem Logo f\u00fcr sichtbare Pr\u00e4senz.\" \/>\n\t<meta name=\"robots\" content=\"max-image-preview:large\" \/>\n\t<link rel=\"canonical\" href=\"https:\/\/hidalgo.nl\/de\/wp-json\/wp\/v2\/product\/127296\" \/>\n\t<meta name=\"generator\" content=\"All in One SEO Pro (AIOSEO) 4.9.5.2\" \/>\n\t\t<meta property=\"og:locale\" content=\"de_DE\" \/>\n\t\t<meta property=\"og:site_name\" content=\"Hidalgo -\" \/>\n\t\t<meta property=\"og:type\" content=\"article\" \/>\n\t\t<meta property=\"og:title\" content=\"Caselli Wijnglas 470 ml\" \/>\n\t\t<meta property=\"og:description\" content=\"Das 470-ml Weinglas mit flacher Kelchbodenfl\u00e4che bringt Aromen optimal zur Geltung. Ideal f\u00fcr Catering und Events; wir bedrucken es mit deinem Logo f\u00fcr sichtbare Pr\u00e4senz.\" \/>\n\t\t<meta property=\"og:url\" content=\"https:\/\/hidalgo.nl\/de\/wp-json\/wp\/v2\/product\/127296\" \/>\n\t\t<meta property=\"og:image\" content=\"https:\/\/shop.hidalgo.nl\/wp-content\/uploads\/2025\/11\/cropped-Hidalgo-est1993.png\" \/>\n\t\t<meta property=\"og:image:secure_url\" content=\"https:\/\/shop.hidalgo.nl\/wp-content\/uploads\/2025\/11\/cropped-Hidalgo-est1993.png\" \/>\n\t\t<meta property=\"article:published_time\" content=\"2025-07-07T19:12:48+00:00\" \/>\n\t\t<meta property=\"article:modified_time\" content=\"2026-02-26T07:42:49+00:00\" \/>\n\t\t<meta name=\"twitter:card\" content=\"summary_large_image\" \/>\n\t\t<meta name=\"twitter:title\" content=\"Caselli Wijnglas 470 ml\" \/>\n\t\t<meta name=\"twitter:description\" content=\"Das 470-ml Weinglas mit flacher Kelchbodenfl\u00e4che bringt Aromen optimal zur Geltung. Ideal f\u00fcr Catering und Events; wir bedrucken es mit deinem Logo f\u00fcr sichtbare Pr\u00e4senz.\" \/>\n\t\t<meta name=\"twitter:image\" content=\"https:\/\/shop.hidalgo.nl\/wp-content\/uploads\/2025\/11\/cropped-Hidalgo-est1993.png\" \/>\n\t\t<script type=\"application\/ld+json\" class=\"aioseo-schema\">\n\t\t\t{\"@context\":\"https:\\\/\\\/schema.org\",\"@graph\":[{\"@type\":\"BreadcrumbList\",\"@id\":\"https:\\\/\\\/hidalgo.nl\\\/de\\\/product\\\/caselli-wijnglas-470-ml\\\/#breadcrumblist\",\"itemListElement\":[{\"@type\":\"ListItem\",\"@id\":\"https:\\\/\\\/hidalgo.nl\\\/de\\\/#listItem\",\"position\":1,\"name\":\"Home\",\"item\":\"https:\\\/\\\/hidalgo.nl\\\/de\\\/\",\"nextItem\":{\"@type\":\"ListItem\",\"@id\":\"https:\\\/\\\/hidalgo.nl\\\/example\\\/#listItem\",\"name\":\"example\"}},{\"@type\":\"ListItem\",\"@id\":\"https:\\\/\\\/hidalgo.nl\\\/example\\\/#listItem\",\"position\":2,\"name\":\"example\",\"item\":\"https:\\\/\\\/hidalgo.nl\\\/example\\\/\",\"nextItem\":{\"@type\":\"ListItem\",\"@id\":\"https:\\\/\\\/hidalgo.nl\\\/en\\\/product-supplier\\\/a508\\\/#listItem\",\"name\":\"A508\"},\"previousItem\":{\"@type\":\"ListItem\",\"@id\":\"https:\\\/\\\/hidalgo.nl\\\/de\\\/#listItem\",\"name\":\"Home\"}},{\"@type\":\"ListItem\",\"@id\":\"https:\\\/\\\/hidalgo.nl\\\/en\\\/product-supplier\\\/a508\\\/#listItem\",\"position\":3,\"name\":\"A508\",\"item\":\"https:\\\/\\\/hidalgo.nl\\\/en\\\/product-supplier\\\/a508\\\/\",\"nextItem\":{\"@type\":\"ListItem\",\"@id\":\"https:\\\/\\\/hidalgo.nl\\\/de\\\/product\\\/caselli-wijnglas-470-ml\\\/#listItem\",\"name\":\"Caselli Wijnglas 470 ml\"},\"previousItem\":{\"@type\":\"ListItem\",\"@id\":\"https:\\\/\\\/hidalgo.nl\\\/example\\\/#listItem\",\"name\":\"example\"}},{\"@type\":\"ListItem\",\"@id\":\"https:\\\/\\\/hidalgo.nl\\\/de\\\/product\\\/caselli-wijnglas-470-ml\\\/#listItem\",\"position\":4,\"name\":\"Caselli Wijnglas 470 ml\",\"previousItem\":{\"@type\":\"ListItem\",\"@id\":\"https:\\\/\\\/hidalgo.nl\\\/en\\\/product-supplier\\\/a508\\\/#listItem\",\"name\":\"A508\"}}]},{\"@type\":\"ItemPage\",\"@id\":\"https:\\\/\\\/hidalgo.nl\\\/de\\\/product\\\/caselli-wijnglas-470-ml\\\/#itempage\",\"url\":\"https:\\\/\\\/hidalgo.nl\\\/de\\\/product\\\/caselli-wijnglas-470-ml\\\/\",\"name\":\"Caselli Wijnglas 470 ml\",\"description\":\"Das 470-ml Weinglas mit flacher Kelchbodenfl\\u00e4che bringt Aromen optimal zur Geltung. Ideal f\\u00fcr Catering und Events; wir bedrucken es mit deinem Logo f\\u00fcr sichtbare Pr\\u00e4senz.\",\"inLanguage\":\"de-DE\",\"isPartOf\":{\"@id\":\"https:\\\/\\\/hidalgo.nl\\\/de\\\/#website\"},\"breadcrumb\":{\"@id\":\"https:\\\/\\\/hidalgo.nl\\\/de\\\/product\\\/caselli-wijnglas-470-ml\\\/#breadcrumblist\"},\"image\":{\"@type\":\"ImageObject\",\"url\":\"https:\\\/\\\/shop.hidalgo.nl\\\/wp-content\\\/uploads\\\/2025\\\/04\\\/ec0ece69446e27716b8575839547fc7ebeef4aa2506d54b5e3cf8238a62a3a45.jpg\",\"@id\":\"https:\\\/\\\/hidalgo.nl\\\/de\\\/product\\\/caselli-wijnglas-470-ml\\\/#mainImage\"},\"primaryImageOfPage\":{\"@id\":\"https:\\\/\\\/hidalgo.nl\\\/de\\\/product\\\/caselli-wijnglas-470-ml\\\/#mainImage\"},\"datePublished\":\"2025-07-07T19:12:48+00:00\",\"dateModified\":\"2026-02-26T07:42:49+00:00\"},{\"@type\":\"Organization\",\"@id\":\"https:\\\/\\\/hidalgo.nl\\\/de\\\/#organization\",\"name\":\"Hidalgo\",\"url\":\"https:\\\/\\\/hidalgo.nl\\\/de\\\/\",\"logo\":{\"@type\":\"ImageObject\",\"url\":\"https:\\\/\\\/shop.hidalgo.nl\\\/wp-content\\\/uploads\\\/2025\\\/11\\\/cropped-Hidalgo-est1993.png\",\"@id\":\"https:\\\/\\\/hidalgo.nl\\\/de\\\/product\\\/caselli-wijnglas-470-ml\\\/#organizationLogo\",\"width\":585,\"height\":195},\"image\":{\"@id\":\"https:\\\/\\\/hidalgo.nl\\\/de\\\/product\\\/caselli-wijnglas-470-ml\\\/#organizationLogo\"}},{\"@type\":\"WebPage\",\"@id\":\"https:\\\/\\\/hidalgo.nl\\\/de\\\/product\\\/caselli-wijnglas-470-ml\\\/#webpage\",\"url\":\"https:\\\/\\\/hidalgo.nl\\\/de\\\/product\\\/caselli-wijnglas-470-ml\\\/\",\"name\":\"Caselli Wijnglas 470 ml\",\"description\":\"Das 470-ml Weinglas mit flacher Kelchbodenfl\\u00e4che bringt Aromen optimal zur Geltung. Ideal f\\u00fcr Catering und Events; wir bedrucken es mit deinem Logo f\\u00fcr sichtbare Pr\\u00e4senz.\",\"inLanguage\":\"de-DE\",\"isPartOf\":{\"@id\":\"https:\\\/\\\/hidalgo.nl\\\/de\\\/#website\"},\"breadcrumb\":{\"@id\":\"https:\\\/\\\/hidalgo.nl\\\/de\\\/product\\\/caselli-wijnglas-470-ml\\\/#breadcrumblist\"},\"image\":{\"@type\":\"ImageObject\",\"url\":\"https:\\\/\\\/shop.hidalgo.nl\\\/wp-content\\\/uploads\\\/2025\\\/04\\\/ec0ece69446e27716b8575839547fc7ebeef4aa2506d54b5e3cf8238a62a3a45.jpg\",\"@id\":\"https:\\\/\\\/hidalgo.nl\\\/de\\\/product\\\/caselli-wijnglas-470-ml\\\/#mainImage\"},\"primaryImageOfPage\":{\"@id\":\"https:\\\/\\\/hidalgo.nl\\\/de\\\/product\\\/caselli-wijnglas-470-ml\\\/#mainImage\"},\"datePublished\":\"2025-07-07T19:12:48+00:00\",\"dateModified\":\"2026-02-26T07:42:49+00:00\"},{\"@type\":\"WebSite\",\"@id\":\"https:\\\/\\\/hidalgo.nl\\\/de\\\/#website\",\"url\":\"https:\\\/\\\/hidalgo.nl\\\/de\\\/\",\"name\":\"Hidalgo\",\"inLanguage\":\"de-DE\",\"publisher\":{\"@id\":\"https:\\\/\\\/hidalgo.nl\\\/de\\\/#organization\"}}]}\n\t\t<\/script>\n\t\t<!-- All in One SEO Pro -->\r\n\t\t<title>Caselli Wijnglas 470 ml<\/title>\n\n","aioseo_head_json":{"title":"Caselli Wijnglas 470 ml","description":"Das 470-ml Weinglas mit flacher Kelchbodenfl\u00e4che bringt Aromen optimal zur Geltung. Ideal f\u00fcr Catering und Events; wir bedrucken es mit deinem Logo f\u00fcr sichtbare Pr\u00e4senz.","canonical_url":"https:\/\/hidalgo.nl\/de\/wp-json\/wp\/v2\/product\/127296","robots":"max-image-preview:large","keywords":"","webmasterTools":{"miscellaneous":""},"schema":{"@context":"https:\/\/schema.org","@graph":[{"@type":"BreadcrumbList","@id":"https:\/\/hidalgo.nl\/de\/product\/caselli-wijnglas-470-ml\/#breadcrumblist","itemListElement":[{"@type":"ListItem","@id":"https:\/\/hidalgo.nl\/de\/#listItem","position":1,"name":"Home","item":"https:\/\/hidalgo.nl\/de\/","nextItem":{"@type":"ListItem","@id":"https:\/\/hidalgo.nl\/example\/#listItem","name":"example"}},{"@type":"ListItem","@id":"https:\/\/hidalgo.nl\/example\/#listItem","position":2,"name":"example","item":"https:\/\/hidalgo.nl\/example\/","nextItem":{"@type":"ListItem","@id":"https:\/\/hidalgo.nl\/en\/product-supplier\/a508\/#listItem","name":"A508"},"previousItem":{"@type":"ListItem","@id":"https:\/\/hidalgo.nl\/de\/#listItem","name":"Home"}},{"@type":"ListItem","@id":"https:\/\/hidalgo.nl\/en\/product-supplier\/a508\/#listItem","position":3,"name":"A508","item":"https:\/\/hidalgo.nl\/en\/product-supplier\/a508\/","nextItem":{"@type":"ListItem","@id":"https:\/\/hidalgo.nl\/de\/product\/caselli-wijnglas-470-ml\/#listItem","name":"Caselli Wijnglas 470 ml"},"previousItem":{"@type":"ListItem","@id":"https:\/\/hidalgo.nl\/example\/#listItem","name":"example"}},{"@type":"ListItem","@id":"https:\/\/hidalgo.nl\/de\/product\/caselli-wijnglas-470-ml\/#listItem","position":4,"name":"Caselli Wijnglas 470 ml","previousItem":{"@type":"ListItem","@id":"https:\/\/hidalgo.nl\/en\/product-supplier\/a508\/#listItem","name":"A508"}}]},{"@type":"ItemPage","@id":"https:\/\/hidalgo.nl\/de\/product\/caselli-wijnglas-470-ml\/#itempage","url":"https:\/\/hidalgo.nl\/de\/product\/caselli-wijnglas-470-ml\/","name":"Caselli Wijnglas 470 ml","description":"Das 470-ml Weinglas mit flacher Kelchbodenfl\u00e4che bringt Aromen optimal zur Geltung. Ideal f\u00fcr Catering und Events; wir bedrucken es mit deinem Logo f\u00fcr sichtbare Pr\u00e4senz.","inLanguage":"de-DE","isPartOf":{"@id":"https:\/\/hidalgo.nl\/de\/#website"},"breadcrumb":{"@id":"https:\/\/hidalgo.nl\/de\/product\/caselli-wijnglas-470-ml\/#breadcrumblist"},"image":{"@type":"ImageObject","url":"https:\/\/shop.hidalgo.nl\/wp-content\/uploads\/2025\/04\/ec0ece69446e27716b8575839547fc7ebeef4aa2506d54b5e3cf8238a62a3a45.jpg","@id":"https:\/\/hidalgo.nl\/de\/product\/caselli-wijnglas-470-ml\/#mainImage"},"primaryImageOfPage":{"@id":"https:\/\/hidalgo.nl\/de\/product\/caselli-wijnglas-470-ml\/#mainImage"},"datePublished":"2025-07-07T19:12:48+00:00","dateModified":"2026-02-26T07:42:49+00:00"},{"@type":"Organization","@id":"https:\/\/hidalgo.nl\/de\/#organization","name":"Hidalgo","url":"https:\/\/hidalgo.nl\/de\/","logo":{"@type":"ImageObject","url":"https:\/\/shop.hidalgo.nl\/wp-content\/uploads\/2025\/11\/cropped-Hidalgo-est1993.png","@id":"https:\/\/hidalgo.nl\/de\/product\/caselli-wijnglas-470-ml\/#organizationLogo","width":585,"height":195},"image":{"@id":"https:\/\/hidalgo.nl\/de\/product\/caselli-wijnglas-470-ml\/#organizationLogo"}},{"@type":"WebPage","@id":"https:\/\/hidalgo.nl\/de\/product\/caselli-wijnglas-470-ml\/#webpage","url":"https:\/\/hidalgo.nl\/de\/product\/caselli-wijnglas-470-ml\/","name":"Caselli Wijnglas 470 ml","description":"Das 470-ml Weinglas mit flacher Kelchbodenfl\u00e4che bringt Aromen optimal zur Geltung. Ideal f\u00fcr Catering und Events; wir bedrucken es mit deinem Logo f\u00fcr sichtbare Pr\u00e4senz.","inLanguage":"de-DE","isPartOf":{"@id":"https:\/\/hidalgo.nl\/de\/#website"},"breadcrumb":{"@id":"https:\/\/hidalgo.nl\/de\/product\/caselli-wijnglas-470-ml\/#breadcrumblist"},"image":{"@type":"ImageObject","url":"https:\/\/shop.hidalgo.nl\/wp-content\/uploads\/2025\/04\/ec0ece69446e27716b8575839547fc7ebeef4aa2506d54b5e3cf8238a62a3a45.jpg","@id":"https:\/\/hidalgo.nl\/de\/product\/caselli-wijnglas-470-ml\/#mainImage"},"primaryImageOfPage":{"@id":"https:\/\/hidalgo.nl\/de\/product\/caselli-wijnglas-470-ml\/#mainImage"},"datePublished":"2025-07-07T19:12:48+00:00","dateModified":"2026-02-26T07:42:49+00:00"},{"@type":"WebSite","@id":"https:\/\/hidalgo.nl\/de\/#website","url":"https:\/\/hidalgo.nl\/de\/","name":"Hidalgo","inLanguage":"de-DE","publisher":{"@id":"https:\/\/hidalgo.nl\/de\/#organization"}}]},"og:locale":"de_DE","og:site_name":"Hidalgo -","og:type":"article","og:title":"Caselli Wijnglas 470 ml","og:description":"Das 470-ml Weinglas mit flacher Kelchbodenfl\u00e4che bringt Aromen optimal zur Geltung. Ideal f\u00fcr Catering und Events; wir bedrucken es mit deinem Logo f\u00fcr sichtbare Pr\u00e4senz.","og:url":"https:\/\/hidalgo.nl\/de\/wp-json\/wp\/v2\/product\/127296","og:image":"https:\/\/shop.hidalgo.nl\/wp-content\/uploads\/2025\/11\/cropped-Hidalgo-est1993.png","og:image:secure_url":"https:\/\/shop.hidalgo.nl\/wp-content\/uploads\/2025\/11\/cropped-Hidalgo-est1993.png","article:published_time":"2025-07-07T19:12:48+00:00","article:modified_time":"2026-02-26T07:42:49+00:00","twitter:card":"summary_large_image","twitter:title":"Caselli Wijnglas 470 ml","twitter:description":"Das 470-ml Weinglas mit flacher Kelchbodenfl\u00e4che bringt Aromen optimal zur Geltung. Ideal f\u00fcr Catering und Events; wir bedrucken es mit deinem Logo f\u00fcr sichtbare Pr\u00e4senz.","twitter:image":"https:\/\/shop.hidalgo.nl\/wp-content\/uploads\/2025\/11\/cropped-Hidalgo-est1993.png"},"aioseo_meta_data":{"post_id":"127296","title":null,"description":null,"keywords":null,"keyphrases":null,"primary_term":null,"canonical_url":null,"og_title":null,"og_description":null,"og_object_type":"default","og_image_type":"default","og_image_url":null,"og_image_width":null,"og_image_height":null,"og_image_custom_url":null,"og_image_custom_fields":null,"og_video":null,"og_custom_url":null,"og_article_section":null,"og_article_tags":null,"twitter_use_og":false,"twitter_card":"default","twitter_image_type":"default","twitter_image_url":null,"twitter_image_custom_url":null,"twitter_image_custom_fields":null,"twitter_title":null,"twitter_description":null,"schema":{"blockGraphs":[],"customGraphs":[],"default":{"data":{"Article":[],"Course":[],"Dataset":[],"FAQPage":[],"Movie":[],"Person":[],"Product":[],"ProductReview":[],"Car":[],"Recipe":[],"Service":[],"SoftwareApplication":[],"WebPage":[]},"graphName":"","isEnabled":true},"graphs":[]},"schema_type":"default","schema_type_options":null,"pillar_content":false,"robots_default":true,"robots_noindex":false,"robots_noarchive":false,"robots_nosnippet":false,"robots_nofollow":false,"robots_noimageindex":false,"robots_noodp":false,"robots_notranslate":false,"robots_max_snippet":null,"robots_max_videopreview":null,"robots_max_imagepreview":"large","priority":null,"frequency":null,"local_seo":null,"seo_analyzer_scan_date":"2026-01-22 09:39:35","breadcrumb_settings":null,"limit_modified_date":false,"reviewed_by":null,"open_ai":null,"ai":null,"created":"2026-01-14 06:25:37","updated":"2026-02-26 09:23:48"},"aioseo_breadcrumb":"<div class=\"aioseo-breadcrumbs\"><span class=\"aioseo-breadcrumb\">\n\t<a href=\"https:\/\/hidalgo.nl\/de\/\" title=\"Home\">Home<\/a>\n<\/span><span class=\"aioseo-breadcrumb-separator\">\u00bb<\/span><span class=\"aioseo-breadcrumb\">\n\t<a href=\"https:\/\/hidalgo.nl\/example\/\" title=\"example\">example<\/a>\n<\/span><span class=\"aioseo-breadcrumb-separator\">\u00bb<\/span><span class=\"aioseo-breadcrumb\">\n\t<a href=\"https:\/\/hidalgo.nl\/en\/product-supplier\/a508\/\" title=\"A508\">A508<\/a>\n<\/span><span class=\"aioseo-breadcrumb-separator\">\u00bb<\/span><span class=\"aioseo-breadcrumb\">\n\tCaselli Wijnglas 470 ml\n<\/span><\/div>","aioseo_breadcrumb_json":[{"label":"Home","link":"https:\/\/hidalgo.nl\/de\/"},{"label":"example","link":"https:\/\/hidalgo.nl\/example\/"},{"label":"A508","link":"https:\/\/hidalgo.nl\/en\/product-supplier\/a508\/"},{"label":"Caselli Wijnglas 470 ml","link":"https:\/\/hidalgo.nl\/de\/product\/caselli-wijnglas-470-ml\/"}],"_links":{"self":[{"href":"https:\/\/hidalgo.nl\/de\/wp-json\/wp\/v2\/product\/127296","targetHints":{"allow":["GET"]}}],"collection":[{"href":"https:\/\/hidalgo.nl\/de\/wp-json\/wp\/v2\/product"}],"about":[{"href":"https:\/\/hidalgo.nl\/de\/wp-json\/wp\/v2\/types\/product"}],"wp:featuredmedia":[{"embeddable":true,"href":"https:\/\/hidalgo.nl\/de\/wp-json\/wp\/v2\/media\/596110"}],"wp:attachment":[{"href":"https:\/\/hidalgo.nl\/de\/wp-json\/wp\/v2\/media?parent=127296"}],"wp:term":[{"taxonomy":"product_brand","embeddable":true,"href":"https:\/\/hidalgo.nl\/de\/wp-json\/wp\/v2\/product_brand?post=127296"},{"taxonomy":"product_cat","embeddable":true,"href":"https:\/\/hidalgo.nl\/de\/wp-json\/wp\/v2\/product_cat?post=127296"},{"taxonomy":"product_tag","embeddable":true,"href":"https:\/\/hidalgo.nl\/de\/wp-json\/wp\/v2\/product_tag?post=127296"}],"curies":[{"name":"wp","href":"https:\/\/api.w.org\/{rel}","templated":true}]}}