{"id":127154,"date":"2025-07-07T19:07:55","date_gmt":"2025-07-07T19:07:55","guid":{"rendered":"http:\/\/bidonsenshakers.pim.hidalgo.nl\/product\/parkeer-en-oplaadschijf-nederland\/"},"modified":"2026-02-26T07:43:07","modified_gmt":"2026-02-26T07:43:07","slug":"parkeer-en-oplaadschijf-nederland","status":"publish","type":"product","link":"https:\/\/hidalgo.nl\/de\/product\/parkeer-en-oplaadschijf-nederland\/","title":{"rendered":"Parkeer- en Oplaadschijf Nederland"},"content":{"rendered":"<p>Parkeerschijf en oplaadschijf in \u00e9\u00e9n. Geschikt voor elektrische auto&#8217;s. Met aan een zijde een oplaadschijf met oplaadtijdsaanduiding. Deze gebruik je bij het opladen van je elektrische auto aan een openbare laadpaal. Hiermee maak je aan andere elektrische rijders kenbaar wanneer de accu van je auto voldoende opgeladen is. Op die manier weet iedereen wanneer het laadpunt vrijkomt en kan iedereen optimaal gebruik maken van openbare laadpunten. De andere zijde heeft een normale parkeerschijf voor blauwe zones. De schijf is gemaakt van gerecycled papier en de tekst wordt in meerdere talen weergegeven. Inclusief full colour opdruk op zijde oplaadschijf. Made in Germany.<\/p>\n","protected":false},"excerpt":{"rendered":"<p>Parkeerschijf en oplaadschijf in \u00e9\u00e9n. Geschikt voor elektrische auto&#8217;s. Met aan een zijde een oplaadschijf met oplaadtijdsaanduiding. Deze gebruik je bij het opladen van je elektrische auto aan een openbare laadpaal. Hiermee maak je aan andere elektrische rijders kenbaar wanneer de accu van je auto voldoende opgeladen is. Op die manier weet iedereen wanneer het&hellip; <a class=\"more-link\" href=\"https:\/\/hidalgo.nl\/de\/product\/parkeer-en-oplaadschijf-nederland\/\"><span class=\"screen-reader-text\">Parkeer- en Oplaadschijf Nederland<\/span> weiterlesen<\/a><\/p>\n","protected":false},"featured_media":596965,"template":"","meta":{"_acf_changed":false,"om_disable_all_campaigns":false,"_monsterinsights_skip_tracking":false,"_monsterinsights_sitenote_active":false,"_monsterinsights_sitenote_note":"","_monsterinsights_sitenote_category":0},"product_brand":[],"product_cat":[4811,4719,4774],"product_tag":[],"class_list":{"0":"post-127154","1":"product","2":"type-product","3":"status-publish","4":"has-post-thumbnail","6":"product_supplier-a508","7":"product_material-gerecycled-papier","8":"product_cat-promotionele-artikelen-vrije-tijd-auto-accessoires","9":"product_cat-promotionele-artikelen","10":"product_cat-promotionele-artikelen-vrije-tijd","11":"entry","13":"first","14":"instock","15":"taxable","16":"shipping-taxable","17":"purchasable","18":"product-type-variable"},"acf":{"imprint_cost":[{"imprint_cost_key":"f5d0549e942246e477b9d791d1ed9a4e1c351af9","product_quantity_price_range":[{"imprint_cost_recommended_selling_price":"0","imprint_cost_recommended_selling_quantity":"1"},{"imprint_cost_recommended_selling_price":"0","imprint_cost_recommended_selling_quantity":"25"},{"imprint_cost_recommended_selling_price":"0","imprint_cost_recommended_selling_quantity":"50"},{"imprint_cost_recommended_selling_price":"0","imprint_cost_recommended_selling_quantity":"100"},{"imprint_cost_recommended_selling_price":"0","imprint_cost_recommended_selling_quantity":"250"},{"imprint_cost_recommended_selling_price":"0","imprint_cost_recommended_selling_quantity":"500"},{"imprint_cost_recommended_selling_price":"0","imprint_cost_recommended_selling_quantity":"1000"},{"imprint_cost_recommended_selling_price":"0","imprint_cost_recommended_selling_quantity":"2500"},{"imprint_cost_recommended_selling_price":"0","imprint_cost_recommended_selling_quantity":"5000"}],"product_quantity_price_range_buying":[{"imprint_cost_general_buying_price":"0","imprint_cost_general_buying_quantity":"1"},{"imprint_cost_general_buying_price":"0","imprint_cost_general_buying_quantity":"25"},{"imprint_cost_general_buying_price":"0","imprint_cost_general_buying_quantity":"50"},{"imprint_cost_general_buying_price":"0","imprint_cost_general_buying_quantity":"100"},{"imprint_cost_general_buying_price":"0","imprint_cost_general_buying_quantity":"250"},{"imprint_cost_general_buying_price":"0","imprint_cost_general_buying_quantity":"500"},{"imprint_cost_general_buying_price":"0","imprint_cost_general_buying_quantity":"1000"},{"imprint_cost_general_buying_price":"0","imprint_cost_general_buying_quantity":"2500"},{"imprint_cost_general_buying_price":"0","imprint_cost_general_buying_quantity":"5000"}],"imprint_cost_setup_costs":"45","imprint_cost_handling_costs":"0"}]},"aioseo_notices":[],"aioseo_head":"\n\t\t<!-- All in One SEO Pro 4.9.6.1 - aioseo.com -->\n\t<meta name=\"description\" content=\"Zwei Funktionen in einem: Nutze die Parkscheibe in der niederl\u00e4ndischen blauen Zone und die Ladescheibe f\u00fcr dein Elektroauto an \u00f6ffentlichen S\u00e4ulen. Du personalisierst sie komplett, Hidalgo druckt dein Logo in Vollfarbe. Ideal f\u00fcr Events, Messen &amp; Firmenflotten.\" \/>\n\t<meta name=\"robots\" content=\"max-image-preview:large\" \/>\n\t<link rel=\"canonical\" href=\"https:\/\/hidalgo.nl\/de\/wp-json\/wp\/v2\/product\/127154\" \/>\n\t<meta name=\"generator\" content=\"All in One SEO Pro (AIOSEO) 4.9.6.1\" \/>\n\t\t<meta property=\"og:locale\" content=\"de_DE\" \/>\n\t\t<meta property=\"og:site_name\" content=\"Hidalgo -\" \/>\n\t\t<meta property=\"og:type\" content=\"article\" \/>\n\t\t<meta property=\"og:title\" content=\"Parkeer- en Oplaadschijf Nederland\" \/>\n\t\t<meta property=\"og:description\" content=\"Zwei Funktionen in einem: Nutze die Parkscheibe in der niederl\u00e4ndischen blauen Zone und die Ladescheibe f\u00fcr dein Elektroauto an \u00f6ffentlichen S\u00e4ulen. Du personalisierst sie komplett, Hidalgo druckt dein Logo in Vollfarbe. Ideal f\u00fcr Events, Messen &amp; Firmenflotten.\" \/>\n\t\t<meta property=\"og:url\" content=\"https:\/\/hidalgo.nl\/de\/wp-json\/wp\/v2\/product\/127154\" \/>\n\t\t<meta property=\"og:image\" content=\"https:\/\/shop.hidalgo.nl\/wp-content\/uploads\/2025\/11\/cropped-Hidalgo-est1993.png\" \/>\n\t\t<meta property=\"og:image:secure_url\" content=\"https:\/\/shop.hidalgo.nl\/wp-content\/uploads\/2025\/11\/cropped-Hidalgo-est1993.png\" \/>\n\t\t<meta property=\"article:published_time\" content=\"2025-07-07T19:07:55+00:00\" \/>\n\t\t<meta property=\"article:modified_time\" content=\"2026-02-26T07:43:07+00:00\" \/>\n\t\t<meta name=\"twitter:card\" content=\"summary_large_image\" \/>\n\t\t<meta name=\"twitter:title\" content=\"Parkeer- en Oplaadschijf Nederland\" \/>\n\t\t<meta name=\"twitter:description\" content=\"Zwei Funktionen in einem: Nutze die Parkscheibe in der niederl\u00e4ndischen blauen Zone und die Ladescheibe f\u00fcr dein Elektroauto an \u00f6ffentlichen S\u00e4ulen. Du personalisierst sie komplett, Hidalgo druckt dein Logo in Vollfarbe. Ideal f\u00fcr Events, Messen &amp; Firmenflotten.\" \/>\n\t\t<meta name=\"twitter:image\" content=\"https:\/\/shop.hidalgo.nl\/wp-content\/uploads\/2025\/11\/cropped-Hidalgo-est1993.png\" \/>\n\t\t<script type=\"application\/ld+json\" class=\"aioseo-schema\">\n\t\t\t{\"@context\":\"https:\\\/\\\/schema.org\",\"@graph\":[{\"@type\":\"BreadcrumbList\",\"@id\":\"https:\\\/\\\/hidalgo.nl\\\/de\\\/product\\\/parkeer-en-oplaadschijf-nederland\\\/#breadcrumblist\",\"itemListElement\":[{\"@type\":\"ListItem\",\"@id\":\"https:\\\/\\\/hidalgo.nl\\\/de\\\/#listItem\",\"position\":1,\"name\":\"Home\",\"item\":\"https:\\\/\\\/hidalgo.nl\\\/de\\\/\",\"nextItem\":{\"@type\":\"ListItem\",\"@id\":\"https:\\\/\\\/hidalgo.nl\\\/example\\\/#listItem\",\"name\":\"example\"}},{\"@type\":\"ListItem\",\"@id\":\"https:\\\/\\\/hidalgo.nl\\\/example\\\/#listItem\",\"position\":2,\"name\":\"example\",\"item\":\"https:\\\/\\\/hidalgo.nl\\\/example\\\/\",\"nextItem\":{\"@type\":\"ListItem\",\"@id\":\"https:\\\/\\\/hidalgo.nl\\\/en\\\/product-supplier\\\/a508\\\/#listItem\",\"name\":\"A508\"},\"previousItem\":{\"@type\":\"ListItem\",\"@id\":\"https:\\\/\\\/hidalgo.nl\\\/de\\\/#listItem\",\"name\":\"Home\"}},{\"@type\":\"ListItem\",\"@id\":\"https:\\\/\\\/hidalgo.nl\\\/en\\\/product-supplier\\\/a508\\\/#listItem\",\"position\":3,\"name\":\"A508\",\"item\":\"https:\\\/\\\/hidalgo.nl\\\/en\\\/product-supplier\\\/a508\\\/\",\"nextItem\":{\"@type\":\"ListItem\",\"@id\":\"https:\\\/\\\/hidalgo.nl\\\/de\\\/product\\\/parkeer-en-oplaadschijf-nederland\\\/#listItem\",\"name\":\"Parkeer- en Oplaadschijf Nederland\"},\"previousItem\":{\"@type\":\"ListItem\",\"@id\":\"https:\\\/\\\/hidalgo.nl\\\/example\\\/#listItem\",\"name\":\"example\"}},{\"@type\":\"ListItem\",\"@id\":\"https:\\\/\\\/hidalgo.nl\\\/de\\\/product\\\/parkeer-en-oplaadschijf-nederland\\\/#listItem\",\"position\":4,\"name\":\"Parkeer- en Oplaadschijf Nederland\",\"previousItem\":{\"@type\":\"ListItem\",\"@id\":\"https:\\\/\\\/hidalgo.nl\\\/en\\\/product-supplier\\\/a508\\\/#listItem\",\"name\":\"A508\"}}]},{\"@type\":\"ItemPage\",\"@id\":\"https:\\\/\\\/hidalgo.nl\\\/de\\\/product\\\/parkeer-en-oplaadschijf-nederland\\\/#itempage\",\"url\":\"https:\\\/\\\/hidalgo.nl\\\/de\\\/product\\\/parkeer-en-oplaadschijf-nederland\\\/\",\"name\":\"Parkeer- en Oplaadschijf Nederland\",\"description\":\"Zwei Funktionen in einem: Nutze die Parkscheibe in der niederl\\u00e4ndischen blauen Zone und die Ladescheibe f\\u00fcr dein Elektroauto an \\u00f6ffentlichen S\\u00e4ulen. Du personalisierst sie komplett, Hidalgo druckt dein Logo in Vollfarbe. Ideal f\\u00fcr Events, Messen & Firmenflotten.\",\"inLanguage\":\"de-DE\",\"isPartOf\":{\"@id\":\"https:\\\/\\\/hidalgo.nl\\\/de\\\/#website\"},\"breadcrumb\":{\"@id\":\"https:\\\/\\\/hidalgo.nl\\\/de\\\/product\\\/parkeer-en-oplaadschijf-nederland\\\/#breadcrumblist\"},\"image\":{\"@type\":\"ImageObject\",\"url\":\"https:\\\/\\\/shop.hidalgo.nl\\\/wp-content\\\/uploads\\\/2025\\\/04\\\/0cbafd5415f9223d834ec4660a171fefa17de5d89f634377b04eb4b247468a8a.jpg\",\"@id\":\"https:\\\/\\\/hidalgo.nl\\\/de\\\/product\\\/parkeer-en-oplaadschijf-nederland\\\/#mainImage\"},\"primaryImageOfPage\":{\"@id\":\"https:\\\/\\\/hidalgo.nl\\\/de\\\/product\\\/parkeer-en-oplaadschijf-nederland\\\/#mainImage\"},\"datePublished\":\"2025-07-07T19:07:55+00:00\",\"dateModified\":\"2026-02-26T07:43:07+00:00\"},{\"@type\":\"Organization\",\"@id\":\"https:\\\/\\\/hidalgo.nl\\\/de\\\/#organization\",\"name\":\"Hidalgo\",\"url\":\"https:\\\/\\\/hidalgo.nl\\\/de\\\/\",\"logo\":{\"@type\":\"ImageObject\",\"url\":\"https:\\\/\\\/shop.hidalgo.nl\\\/wp-content\\\/uploads\\\/2025\\\/11\\\/cropped-Hidalgo-est1993.png\",\"@id\":\"https:\\\/\\\/hidalgo.nl\\\/de\\\/product\\\/parkeer-en-oplaadschijf-nederland\\\/#organizationLogo\",\"width\":585,\"height\":195},\"image\":{\"@id\":\"https:\\\/\\\/hidalgo.nl\\\/de\\\/product\\\/parkeer-en-oplaadschijf-nederland\\\/#organizationLogo\"}},{\"@type\":\"WebPage\",\"@id\":\"https:\\\/\\\/hidalgo.nl\\\/de\\\/product\\\/parkeer-en-oplaadschijf-nederland\\\/#webpage\",\"url\":\"https:\\\/\\\/hidalgo.nl\\\/de\\\/product\\\/parkeer-en-oplaadschijf-nederland\\\/\",\"name\":\"Parkeer- en Oplaadschijf Nederland\",\"description\":\"Zwei Funktionen in einem: Nutze die Parkscheibe in der niederl\\u00e4ndischen blauen Zone und die Ladescheibe f\\u00fcr dein Elektroauto an \\u00f6ffentlichen S\\u00e4ulen. Du personalisierst sie komplett, Hidalgo druckt dein Logo in Vollfarbe. Ideal f\\u00fcr Events, Messen & Firmenflotten.\",\"inLanguage\":\"de-DE\",\"isPartOf\":{\"@id\":\"https:\\\/\\\/hidalgo.nl\\\/de\\\/#website\"},\"breadcrumb\":{\"@id\":\"https:\\\/\\\/hidalgo.nl\\\/de\\\/product\\\/parkeer-en-oplaadschijf-nederland\\\/#breadcrumblist\"},\"image\":{\"@type\":\"ImageObject\",\"url\":\"https:\\\/\\\/shop.hidalgo.nl\\\/wp-content\\\/uploads\\\/2025\\\/04\\\/0cbafd5415f9223d834ec4660a171fefa17de5d89f634377b04eb4b247468a8a.jpg\",\"@id\":\"https:\\\/\\\/hidalgo.nl\\\/de\\\/product\\\/parkeer-en-oplaadschijf-nederland\\\/#mainImage\"},\"primaryImageOfPage\":{\"@id\":\"https:\\\/\\\/hidalgo.nl\\\/de\\\/product\\\/parkeer-en-oplaadschijf-nederland\\\/#mainImage\"},\"datePublished\":\"2025-07-07T19:07:55+00:00\",\"dateModified\":\"2026-02-26T07:43:07+00:00\"},{\"@type\":\"WebSite\",\"@id\":\"https:\\\/\\\/hidalgo.nl\\\/de\\\/#website\",\"url\":\"https:\\\/\\\/hidalgo.nl\\\/de\\\/\",\"name\":\"Hidalgo\",\"inLanguage\":\"de-DE\",\"publisher\":{\"@id\":\"https:\\\/\\\/hidalgo.nl\\\/de\\\/#organization\"}}]}\n\t\t<\/script>\n\t\t<!-- All in One SEO Pro -->\r\n\t\t<title>Parkeer- en Oplaadschijf Nederland<\/title>\n\n","aioseo_head_json":{"title":"Parkeer- en Oplaadschijf Nederland","description":"Zwei Funktionen in einem: Nutze die Parkscheibe in der niederl\u00e4ndischen blauen Zone und die Ladescheibe f\u00fcr dein Elektroauto an \u00f6ffentlichen S\u00e4ulen. Du personalisierst sie komplett, Hidalgo druckt dein Logo in Vollfarbe. Ideal f\u00fcr Events, Messen & Firmenflotten.","canonical_url":"https:\/\/hidalgo.nl\/de\/wp-json\/wp\/v2\/product\/127154","robots":"max-image-preview:large","keywords":"","webmasterTools":{"miscellaneous":""},"schema":{"@context":"https:\/\/schema.org","@graph":[{"@type":"BreadcrumbList","@id":"https:\/\/hidalgo.nl\/de\/product\/parkeer-en-oplaadschijf-nederland\/#breadcrumblist","itemListElement":[{"@type":"ListItem","@id":"https:\/\/hidalgo.nl\/de\/#listItem","position":1,"name":"Home","item":"https:\/\/hidalgo.nl\/de\/","nextItem":{"@type":"ListItem","@id":"https:\/\/hidalgo.nl\/example\/#listItem","name":"example"}},{"@type":"ListItem","@id":"https:\/\/hidalgo.nl\/example\/#listItem","position":2,"name":"example","item":"https:\/\/hidalgo.nl\/example\/","nextItem":{"@type":"ListItem","@id":"https:\/\/hidalgo.nl\/en\/product-supplier\/a508\/#listItem","name":"A508"},"previousItem":{"@type":"ListItem","@id":"https:\/\/hidalgo.nl\/de\/#listItem","name":"Home"}},{"@type":"ListItem","@id":"https:\/\/hidalgo.nl\/en\/product-supplier\/a508\/#listItem","position":3,"name":"A508","item":"https:\/\/hidalgo.nl\/en\/product-supplier\/a508\/","nextItem":{"@type":"ListItem","@id":"https:\/\/hidalgo.nl\/de\/product\/parkeer-en-oplaadschijf-nederland\/#listItem","name":"Parkeer- en Oplaadschijf Nederland"},"previousItem":{"@type":"ListItem","@id":"https:\/\/hidalgo.nl\/example\/#listItem","name":"example"}},{"@type":"ListItem","@id":"https:\/\/hidalgo.nl\/de\/product\/parkeer-en-oplaadschijf-nederland\/#listItem","position":4,"name":"Parkeer- en Oplaadschijf Nederland","previousItem":{"@type":"ListItem","@id":"https:\/\/hidalgo.nl\/en\/product-supplier\/a508\/#listItem","name":"A508"}}]},{"@type":"ItemPage","@id":"https:\/\/hidalgo.nl\/de\/product\/parkeer-en-oplaadschijf-nederland\/#itempage","url":"https:\/\/hidalgo.nl\/de\/product\/parkeer-en-oplaadschijf-nederland\/","name":"Parkeer- en Oplaadschijf Nederland","description":"Zwei Funktionen in einem: Nutze die Parkscheibe in der niederl\u00e4ndischen blauen Zone und die Ladescheibe f\u00fcr dein Elektroauto an \u00f6ffentlichen S\u00e4ulen. Du personalisierst sie komplett, Hidalgo druckt dein Logo in Vollfarbe. Ideal f\u00fcr Events, Messen & Firmenflotten.","inLanguage":"de-DE","isPartOf":{"@id":"https:\/\/hidalgo.nl\/de\/#website"},"breadcrumb":{"@id":"https:\/\/hidalgo.nl\/de\/product\/parkeer-en-oplaadschijf-nederland\/#breadcrumblist"},"image":{"@type":"ImageObject","url":"https:\/\/shop.hidalgo.nl\/wp-content\/uploads\/2025\/04\/0cbafd5415f9223d834ec4660a171fefa17de5d89f634377b04eb4b247468a8a.jpg","@id":"https:\/\/hidalgo.nl\/de\/product\/parkeer-en-oplaadschijf-nederland\/#mainImage"},"primaryImageOfPage":{"@id":"https:\/\/hidalgo.nl\/de\/product\/parkeer-en-oplaadschijf-nederland\/#mainImage"},"datePublished":"2025-07-07T19:07:55+00:00","dateModified":"2026-02-26T07:43:07+00:00"},{"@type":"Organization","@id":"https:\/\/hidalgo.nl\/de\/#organization","name":"Hidalgo","url":"https:\/\/hidalgo.nl\/de\/","logo":{"@type":"ImageObject","url":"https:\/\/shop.hidalgo.nl\/wp-content\/uploads\/2025\/11\/cropped-Hidalgo-est1993.png","@id":"https:\/\/hidalgo.nl\/de\/product\/parkeer-en-oplaadschijf-nederland\/#organizationLogo","width":585,"height":195},"image":{"@id":"https:\/\/hidalgo.nl\/de\/product\/parkeer-en-oplaadschijf-nederland\/#organizationLogo"}},{"@type":"WebPage","@id":"https:\/\/hidalgo.nl\/de\/product\/parkeer-en-oplaadschijf-nederland\/#webpage","url":"https:\/\/hidalgo.nl\/de\/product\/parkeer-en-oplaadschijf-nederland\/","name":"Parkeer- en Oplaadschijf Nederland","description":"Zwei Funktionen in einem: Nutze die Parkscheibe in der niederl\u00e4ndischen blauen Zone und die Ladescheibe f\u00fcr dein Elektroauto an \u00f6ffentlichen S\u00e4ulen. Du personalisierst sie komplett, Hidalgo druckt dein Logo in Vollfarbe. Ideal f\u00fcr Events, Messen & Firmenflotten.","inLanguage":"de-DE","isPartOf":{"@id":"https:\/\/hidalgo.nl\/de\/#website"},"breadcrumb":{"@id":"https:\/\/hidalgo.nl\/de\/product\/parkeer-en-oplaadschijf-nederland\/#breadcrumblist"},"image":{"@type":"ImageObject","url":"https:\/\/shop.hidalgo.nl\/wp-content\/uploads\/2025\/04\/0cbafd5415f9223d834ec4660a171fefa17de5d89f634377b04eb4b247468a8a.jpg","@id":"https:\/\/hidalgo.nl\/de\/product\/parkeer-en-oplaadschijf-nederland\/#mainImage"},"primaryImageOfPage":{"@id":"https:\/\/hidalgo.nl\/de\/product\/parkeer-en-oplaadschijf-nederland\/#mainImage"},"datePublished":"2025-07-07T19:07:55+00:00","dateModified":"2026-02-26T07:43:07+00:00"},{"@type":"WebSite","@id":"https:\/\/hidalgo.nl\/de\/#website","url":"https:\/\/hidalgo.nl\/de\/","name":"Hidalgo","inLanguage":"de-DE","publisher":{"@id":"https:\/\/hidalgo.nl\/de\/#organization"}}]},"og:locale":"de_DE","og:site_name":"Hidalgo -","og:type":"article","og:title":"Parkeer- en Oplaadschijf Nederland","og:description":"Zwei Funktionen in einem: Nutze die Parkscheibe in der niederl\u00e4ndischen blauen Zone und die Ladescheibe f\u00fcr dein Elektroauto an \u00f6ffentlichen S\u00e4ulen. Du personalisierst sie komplett, Hidalgo druckt dein Logo in Vollfarbe. Ideal f\u00fcr Events, Messen &amp; Firmenflotten.","og:url":"https:\/\/hidalgo.nl\/de\/wp-json\/wp\/v2\/product\/127154","og:image":"https:\/\/shop.hidalgo.nl\/wp-content\/uploads\/2025\/11\/cropped-Hidalgo-est1993.png","og:image:secure_url":"https:\/\/shop.hidalgo.nl\/wp-content\/uploads\/2025\/11\/cropped-Hidalgo-est1993.png","article:published_time":"2025-07-07T19:07:55+00:00","article:modified_time":"2026-02-26T07:43:07+00:00","twitter:card":"summary_large_image","twitter:title":"Parkeer- en Oplaadschijf Nederland","twitter:description":"Zwei Funktionen in einem: Nutze die Parkscheibe in der niederl\u00e4ndischen blauen Zone und die Ladescheibe f\u00fcr dein Elektroauto an \u00f6ffentlichen S\u00e4ulen. Du personalisierst sie komplett, Hidalgo druckt dein Logo in Vollfarbe. Ideal f\u00fcr Events, Messen &amp; Firmenflotten.","twitter:image":"https:\/\/shop.hidalgo.nl\/wp-content\/uploads\/2025\/11\/cropped-Hidalgo-est1993.png"},"aioseo_meta_data":{"post_id":"127154","title":null,"description":null,"keywords":null,"keyphrases":null,"primary_term":null,"canonical_url":null,"og_title":null,"og_description":null,"og_object_type":"default","og_image_type":"default","og_image_url":null,"og_image_width":null,"og_image_height":null,"og_image_custom_url":null,"og_image_custom_fields":null,"og_video":null,"og_custom_url":null,"og_article_section":null,"og_article_tags":null,"twitter_use_og":false,"twitter_card":"default","twitter_image_type":"default","twitter_image_url":null,"twitter_image_custom_url":null,"twitter_image_custom_fields":null,"twitter_title":null,"twitter_description":null,"schema":{"blockGraphs":[],"customGraphs":[],"default":{"data":{"Article":[],"Course":[],"Dataset":[],"FAQPage":[],"Movie":[],"Person":[],"Product":[],"ProductReview":[],"Car":[],"Recipe":[],"Service":[],"SoftwareApplication":[],"WebPage":[]},"graphName":"","isEnabled":true},"graphs":[]},"schema_type":"default","schema_type_options":null,"pillar_content":false,"robots_default":true,"robots_noindex":false,"robots_noarchive":false,"robots_nosnippet":false,"robots_nofollow":false,"robots_noimageindex":false,"robots_noodp":false,"robots_notranslate":false,"robots_max_snippet":null,"robots_max_videopreview":null,"robots_max_imagepreview":"large","priority":null,"frequency":null,"local_seo":null,"seo_analyzer_scan_date":"2026-01-22 09:34:26","breadcrumb_settings":null,"limit_modified_date":false,"reviewed_by":null,"open_ai":null,"ai":null,"created":"2026-01-14 06:25:37","updated":"2026-02-26 09:14:55"},"aioseo_breadcrumb":"<div class=\"aioseo-breadcrumbs\"><span class=\"aioseo-breadcrumb\">\n\t<a href=\"https:\/\/hidalgo.nl\/de\/\" title=\"Home\">Home<\/a>\n<\/span><span class=\"aioseo-breadcrumb-separator\">\u00bb<\/span><span class=\"aioseo-breadcrumb\">\n\t<a href=\"https:\/\/hidalgo.nl\/example\/\" title=\"example\">example<\/a>\n<\/span><span class=\"aioseo-breadcrumb-separator\">\u00bb<\/span><span class=\"aioseo-breadcrumb\">\n\t<a href=\"https:\/\/hidalgo.nl\/en\/product-supplier\/a508\/\" title=\"A508\">A508<\/a>\n<\/span><span class=\"aioseo-breadcrumb-separator\">\u00bb<\/span><span class=\"aioseo-breadcrumb\">\n\tParkeer- en Oplaadschijf Nederland\n<\/span><\/div>","aioseo_breadcrumb_json":[{"label":"Home","link":"https:\/\/hidalgo.nl\/de\/"},{"label":"example","link":"https:\/\/hidalgo.nl\/example\/"},{"label":"A508","link":"https:\/\/hidalgo.nl\/en\/product-supplier\/a508\/"},{"label":"Parkeer- en Oplaadschijf Nederland","link":"https:\/\/hidalgo.nl\/de\/product\/parkeer-en-oplaadschijf-nederland\/"}],"_links":{"self":[{"href":"https:\/\/hidalgo.nl\/de\/wp-json\/wp\/v2\/product\/127154","targetHints":{"allow":["GET"]}}],"collection":[{"href":"https:\/\/hidalgo.nl\/de\/wp-json\/wp\/v2\/product"}],"about":[{"href":"https:\/\/hidalgo.nl\/de\/wp-json\/wp\/v2\/types\/product"}],"wp:featuredmedia":[{"embeddable":true,"href":"https:\/\/hidalgo.nl\/de\/wp-json\/wp\/v2\/media\/596965"}],"wp:attachment":[{"href":"https:\/\/hidalgo.nl\/de\/wp-json\/wp\/v2\/media?parent=127154"}],"wp:term":[{"taxonomy":"product_brand","embeddable":true,"href":"https:\/\/hidalgo.nl\/de\/wp-json\/wp\/v2\/product_brand?post=127154"},{"taxonomy":"product_cat","embeddable":true,"href":"https:\/\/hidalgo.nl\/de\/wp-json\/wp\/v2\/product_cat?post=127154"},{"taxonomy":"product_tag","embeddable":true,"href":"https:\/\/hidalgo.nl\/de\/wp-json\/wp\/v2\/product_tag?post=127154"}],"curies":[{"name":"wp","href":"https:\/\/api.w.org\/{rel}","templated":true}]}}