{"id":126906,"date":"2025-07-07T19:01:30","date_gmt":"2025-07-07T19:01:30","guid":{"rendered":"http:\/\/bidonsenshakers.pim.hidalgo.nl\/product\/flowermix-wood-fibers-bloemzaadjes\/"},"modified":"2026-02-26T07:43:31","modified_gmt":"2026-02-26T07:43:31","slug":"flowermix-wood-fibers-bloemzaadjes","status":"publish","type":"product","link":"https:\/\/hidalgo.nl\/de\/product\/flowermix-wood-fibers-bloemzaadjes\/","title":{"rendered":"Flowermix Wood Fibers bloemzaadjes"},"content":{"rendered":"<p>Een bloempotje van houtvezels met een kokostablet (\u00d8 5 cm) en een zakje met een mix aan bloemzaadjes. Inclusief een gepersonaliseerd kartonnen label in full colour. In het zakje tref je de volgende bloemzaadjes aan: Moederkruid (margriet) \u2013 Sluierkruid \u2013 Leeuwebek \u2013 Schermscheefbloem \u2013 Zilverschildzaad \u2013 Mexicaantje \u2013 Petunia \u2013 Salvia \u2013 Zomerazalea \u2013  IJsbloem. Een geschenk dat bijdraagt aan het op peil houden van een gezonde bijenpopulatie.<\/p>\n","protected":false},"excerpt":{"rendered":"<p>Een bloempotje van houtvezels met een kokostablet (\u00d8 5 cm) en een zakje met een mix aan bloemzaadjes. Inclusief een gepersonaliseerd kartonnen label in full colour. In het zakje tref je de volgende bloemzaadjes aan: Moederkruid (margriet) \u2013 Sluierkruid \u2013 Leeuwebek \u2013 Schermscheefbloem \u2013 Zilverschildzaad \u2013 Mexicaantje \u2013 Petunia \u2013 Salvia \u2013 Zomerazalea \u2013 IJsbloem.&hellip; <a class=\"more-link\" href=\"https:\/\/hidalgo.nl\/de\/product\/flowermix-wood-fibers-bloemzaadjes\/\"><span class=\"screen-reader-text\">Flowermix Wood Fibers bloemzaadjes<\/span> weiterlesen<\/a><\/p>\n","protected":false},"featured_media":597744,"template":"","meta":{"_acf_changed":false,"om_disable_all_campaigns":false,"_monsterinsights_skip_tracking":false,"_monsterinsights_sitenote_active":false,"_monsterinsights_sitenote_note":"","_monsterinsights_sitenote_category":0},"product_brand":[],"product_cat":[4719,4728,4729],"product_tag":[],"class_list":{"0":"post-126906","1":"product","2":"type-product","3":"status-publish","4":"has-post-thumbnail","6":"product_supplier-a508","7":"product_material-houtvezelszaadjes","8":"product_cat-promotionele-artikelen","9":"product_cat-promotionele-artikelen-thuis-keuken-en-tuin","10":"product_cat-tuin","11":"entry","13":"first","14":"instock","15":"taxable","16":"shipping-taxable","17":"purchasable","18":"product-type-variable"},"acf":{"imprint_cost":[{"imprint_cost_key":"fda5682355281105bb878bf25ab1c74505352a45","product_quantity_price_range":[{"imprint_cost_recommended_selling_price":"0","imprint_cost_recommended_selling_quantity":"1"},{"imprint_cost_recommended_selling_price":"0","imprint_cost_recommended_selling_quantity":"25"},{"imprint_cost_recommended_selling_price":"0","imprint_cost_recommended_selling_quantity":"50"},{"imprint_cost_recommended_selling_price":"0","imprint_cost_recommended_selling_quantity":"100"},{"imprint_cost_recommended_selling_price":"0","imprint_cost_recommended_selling_quantity":"250"},{"imprint_cost_recommended_selling_price":"0","imprint_cost_recommended_selling_quantity":"500"},{"imprint_cost_recommended_selling_price":"0","imprint_cost_recommended_selling_quantity":"1000"},{"imprint_cost_recommended_selling_price":"0","imprint_cost_recommended_selling_quantity":"2500"},{"imprint_cost_recommended_selling_price":"0","imprint_cost_recommended_selling_quantity":"5000"}],"product_quantity_price_range_buying":[{"imprint_cost_general_buying_price":"0","imprint_cost_general_buying_quantity":"1"},{"imprint_cost_general_buying_price":"0","imprint_cost_general_buying_quantity":"25"},{"imprint_cost_general_buying_price":"0","imprint_cost_general_buying_quantity":"50"},{"imprint_cost_general_buying_price":"0","imprint_cost_general_buying_quantity":"100"},{"imprint_cost_general_buying_price":"0","imprint_cost_general_buying_quantity":"250"},{"imprint_cost_general_buying_price":"0","imprint_cost_general_buying_quantity":"500"},{"imprint_cost_general_buying_price":"0","imprint_cost_general_buying_quantity":"1000"},{"imprint_cost_general_buying_price":"0","imprint_cost_general_buying_quantity":"2500"},{"imprint_cost_general_buying_price":"0","imprint_cost_general_buying_quantity":"5000"}],"imprint_cost_setup_costs":"45","imprint_cost_handling_costs":"0.03"}]},"aioseo_notices":[],"aioseo_head":"\n\t\t<!-- All in One SEO Pro 4.9.6.2 - aioseo.com -->\n\t<meta name=\"description\" content=\"Ziehe deine eigene Blumenpracht im kompakten Topf aus Holzfasern; die beiliegenden Blumensamen liefern schnell sichtbares Gr\u00fcn auf Fensterbank oder Balkon. Hidalgo druckt dein Logo aufs Label, ideal als nachhaltiges Werbegeschenk f\u00fcr 20-40-J\u00e4hrige.\" \/>\n\t<meta name=\"robots\" content=\"max-image-preview:large\" \/>\n\t<link rel=\"canonical\" href=\"https:\/\/hidalgo.nl\/de\/wp-json\/wp\/v2\/product\/126906\" \/>\n\t<meta name=\"generator\" content=\"All in One SEO Pro (AIOSEO) 4.9.6.2\" \/>\n\t\t<meta property=\"og:locale\" content=\"de_DE\" \/>\n\t\t<meta property=\"og:site_name\" content=\"Hidalgo -\" \/>\n\t\t<meta property=\"og:type\" content=\"article\" \/>\n\t\t<meta property=\"og:title\" content=\"Flowermix Wood Fibers bloemzaadjes\" \/>\n\t\t<meta property=\"og:description\" content=\"Ziehe deine eigene Blumenpracht im kompakten Topf aus Holzfasern; die beiliegenden Blumensamen liefern schnell sichtbares Gr\u00fcn auf Fensterbank oder Balkon. Hidalgo druckt dein Logo aufs Label, ideal als nachhaltiges Werbegeschenk f\u00fcr 20-40-J\u00e4hrige.\" \/>\n\t\t<meta property=\"og:url\" content=\"https:\/\/hidalgo.nl\/de\/wp-json\/wp\/v2\/product\/126906\" \/>\n\t\t<meta property=\"og:image\" content=\"https:\/\/shop.hidalgo.nl\/wp-content\/uploads\/2025\/11\/cropped-Hidalgo-est1993.png\" \/>\n\t\t<meta property=\"og:image:secure_url\" content=\"https:\/\/shop.hidalgo.nl\/wp-content\/uploads\/2025\/11\/cropped-Hidalgo-est1993.png\" \/>\n\t\t<meta property=\"article:published_time\" content=\"2025-07-07T19:01:30+00:00\" \/>\n\t\t<meta property=\"article:modified_time\" content=\"2026-02-26T07:43:31+00:00\" \/>\n\t\t<meta name=\"twitter:card\" content=\"summary_large_image\" \/>\n\t\t<meta name=\"twitter:title\" content=\"Flowermix Wood Fibers bloemzaadjes\" \/>\n\t\t<meta name=\"twitter:description\" content=\"Ziehe deine eigene Blumenpracht im kompakten Topf aus Holzfasern; die beiliegenden Blumensamen liefern schnell sichtbares Gr\u00fcn auf Fensterbank oder Balkon. Hidalgo druckt dein Logo aufs Label, ideal als nachhaltiges Werbegeschenk f\u00fcr 20-40-J\u00e4hrige.\" \/>\n\t\t<meta name=\"twitter:image\" content=\"https:\/\/shop.hidalgo.nl\/wp-content\/uploads\/2025\/11\/cropped-Hidalgo-est1993.png\" \/>\n\t\t<script type=\"application\/ld+json\" class=\"aioseo-schema\">\n\t\t\t{\"@context\":\"https:\\\/\\\/schema.org\",\"@graph\":[{\"@type\":\"BreadcrumbList\",\"@id\":\"https:\\\/\\\/hidalgo.nl\\\/de\\\/product\\\/flowermix-wood-fibers-bloemzaadjes\\\/#breadcrumblist\",\"itemListElement\":[{\"@type\":\"ListItem\",\"@id\":\"https:\\\/\\\/hidalgo.nl\\\/de\\\/#listItem\",\"position\":1,\"name\":\"Home\",\"item\":\"https:\\\/\\\/hidalgo.nl\\\/de\\\/\",\"nextItem\":{\"@type\":\"ListItem\",\"@id\":\"https:\\\/\\\/hidalgo.nl\\\/example\\\/#listItem\",\"name\":\"example\"}},{\"@type\":\"ListItem\",\"@id\":\"https:\\\/\\\/hidalgo.nl\\\/example\\\/#listItem\",\"position\":2,\"name\":\"example\",\"item\":\"https:\\\/\\\/hidalgo.nl\\\/example\\\/\",\"nextItem\":{\"@type\":\"ListItem\",\"@id\":\"https:\\\/\\\/hidalgo.nl\\\/en\\\/product-supplier\\\/a508\\\/#listItem\",\"name\":\"A508\"},\"previousItem\":{\"@type\":\"ListItem\",\"@id\":\"https:\\\/\\\/hidalgo.nl\\\/de\\\/#listItem\",\"name\":\"Home\"}},{\"@type\":\"ListItem\",\"@id\":\"https:\\\/\\\/hidalgo.nl\\\/en\\\/product-supplier\\\/a508\\\/#listItem\",\"position\":3,\"name\":\"A508\",\"item\":\"https:\\\/\\\/hidalgo.nl\\\/en\\\/product-supplier\\\/a508\\\/\",\"nextItem\":{\"@type\":\"ListItem\",\"@id\":\"https:\\\/\\\/hidalgo.nl\\\/de\\\/product\\\/flowermix-wood-fibers-bloemzaadjes\\\/#listItem\",\"name\":\"Flowermix Wood Fibers bloemzaadjes\"},\"previousItem\":{\"@type\":\"ListItem\",\"@id\":\"https:\\\/\\\/hidalgo.nl\\\/example\\\/#listItem\",\"name\":\"example\"}},{\"@type\":\"ListItem\",\"@id\":\"https:\\\/\\\/hidalgo.nl\\\/de\\\/product\\\/flowermix-wood-fibers-bloemzaadjes\\\/#listItem\",\"position\":4,\"name\":\"Flowermix Wood Fibers bloemzaadjes\",\"previousItem\":{\"@type\":\"ListItem\",\"@id\":\"https:\\\/\\\/hidalgo.nl\\\/en\\\/product-supplier\\\/a508\\\/#listItem\",\"name\":\"A508\"}}]},{\"@type\":\"Organization\",\"@id\":\"https:\\\/\\\/hidalgo.nl\\\/de\\\/#organization\",\"name\":\"Hidalgo\",\"url\":\"https:\\\/\\\/hidalgo.nl\\\/de\\\/\",\"logo\":{\"@type\":\"ImageObject\",\"url\":\"https:\\\/\\\/shop.hidalgo.nl\\\/wp-content\\\/uploads\\\/2025\\\/11\\\/cropped-Hidalgo-est1993.png\",\"@id\":\"https:\\\/\\\/hidalgo.nl\\\/de\\\/product\\\/flowermix-wood-fibers-bloemzaadjes\\\/#organizationLogo\",\"width\":585,\"height\":195},\"image\":{\"@id\":\"https:\\\/\\\/hidalgo.nl\\\/de\\\/product\\\/flowermix-wood-fibers-bloemzaadjes\\\/#organizationLogo\"}},{\"@type\":\"ProductGroup\",\"@id\":\"https:\\\/\\\/hidalgo.nl\\\/de\\\/product\\\/flowermix-wood-fibers-bloemzaadjes\\\/#wooCommerceProduct\",\"name\":\"Flowermix Wood Fibers bloemzaadjes\",\"url\":\"https:\\\/\\\/hidalgo.nl\\\/de\\\/product\\\/flowermix-wood-fibers-bloemzaadjes\\\/\",\"sku\":\"A508-1774\",\"image\":{\"@type\":\"ImageObject\",\"url\":\"https:\\\/\\\/shop.hidalgo.nl\\\/wp-content\\\/uploads\\\/2025\\\/04\\\/d9462db35169b3509cec54162bc7f271bbf9cf83dad73c3edd159b104d6daf41.jpg\",\"@id\":\"https:\\\/\\\/hidalgo.nl\\\/de\\\/product\\\/flowermix-wood-fibers-bloemzaadjes\\\/#productImage\"},\"productGroupID\":126906,\"hasVariant\":[{\"@type\":\"Product\",\"@id\":\"https:\\\/\\\/hidalgo.nl\\\/de\\\/product\\\/flowermix-wood-fibers-bloemzaadjes\\\/#wooCommerceProduct\",\"name\":\"Flowermix Wood Fibers bloemzaadjes - assorti\",\"url\":\"https:\\\/\\\/hidalgo.nl\\\/de\\\/product\\\/flowermix-wood-fibers-bloemzaadjes\\\/\",\"sku\":\"A508-177498\",\"image\":{\"@type\":\"ImageObject\",\"url\":\"https:\\\/\\\/shop.hidalgo.nl\\\/wp-content\\\/uploads\\\/2025\\\/05\\\/d9462db35169b3509cec54162bc7f271bbf9cf83dad73c3edd159b104d6daf41.jpg\",\"@id\":\"https:\\\/\\\/hidalgo.nl\\\/de\\\/product\\\/flowermix-wood-fibers-bloemzaadjes\\\/#productImage\",\"width\":1000,\"height\":1000},\"offers\":{\"@type\":\"Offer\",\"url\":\"https:\\\/\\\/hidalgo.nl\\\/de\\\/product\\\/flowermix-wood-fibers-bloemzaadjes\\\/#wooCommerceOffer\",\"price\":\"5.625\",\"priceCurrency\":\"EUR\",\"category\":\"Promotionele Artikelen\",\"availability\":\"https:\\\/\\\/schema.org\\\/InStock\",\"priceSpecification\":{\"@type\":\"PriceSpecification\",\"price\":5.625,\"priceCurrency\":\"EUR\",\"valueAddedTaxIncluded\":\"true\"}}}]},{\"@type\":\"WebPage\",\"@id\":\"https:\\\/\\\/hidalgo.nl\\\/de\\\/product\\\/flowermix-wood-fibers-bloemzaadjes\\\/#webpage\",\"url\":\"https:\\\/\\\/hidalgo.nl\\\/de\\\/product\\\/flowermix-wood-fibers-bloemzaadjes\\\/\",\"name\":\"Flowermix Wood Fibers bloemzaadjes\",\"description\":\"Ziehe deine eigene Blumenpracht im kompakten Topf aus Holzfasern; die beiliegenden Blumensamen liefern schnell sichtbares Gr\\u00fcn auf Fensterbank oder Balkon. Hidalgo druckt dein Logo aufs Label, ideal als nachhaltiges Werbegeschenk f\\u00fcr 20-40-J\\u00e4hrige.\",\"inLanguage\":\"de-DE\",\"isPartOf\":{\"@id\":\"https:\\\/\\\/hidalgo.nl\\\/de\\\/#website\"},\"breadcrumb\":{\"@id\":\"https:\\\/\\\/hidalgo.nl\\\/de\\\/product\\\/flowermix-wood-fibers-bloemzaadjes\\\/#breadcrumblist\"},\"image\":{\"@type\":\"ImageObject\",\"url\":\"https:\\\/\\\/shop.hidalgo.nl\\\/wp-content\\\/uploads\\\/2025\\\/04\\\/d9462db35169b3509cec54162bc7f271bbf9cf83dad73c3edd159b104d6daf41.jpg\",\"@id\":\"https:\\\/\\\/hidalgo.nl\\\/de\\\/product\\\/flowermix-wood-fibers-bloemzaadjes\\\/#mainImage\"},\"primaryImageOfPage\":{\"@id\":\"https:\\\/\\\/hidalgo.nl\\\/de\\\/product\\\/flowermix-wood-fibers-bloemzaadjes\\\/#mainImage\"},\"datePublished\":\"2025-07-07T19:01:30+00:00\",\"dateModified\":\"2026-02-26T07:43:31+00:00\"},{\"@type\":\"WebSite\",\"@id\":\"https:\\\/\\\/hidalgo.nl\\\/de\\\/#website\",\"url\":\"https:\\\/\\\/hidalgo.nl\\\/de\\\/\",\"name\":\"Hidalgo\",\"inLanguage\":\"de-DE\",\"publisher\":{\"@id\":\"https:\\\/\\\/hidalgo.nl\\\/de\\\/#organization\"}}]}\n\t\t<\/script>\n\t\t<!-- All in One SEO Pro -->\r\n\t\t<title>Flowermix Wood Fibers bloemzaadjes<\/title>\n\n","aioseo_head_json":{"title":"Flowermix Wood Fibers bloemzaadjes","description":"Ziehe deine eigene Blumenpracht im kompakten Topf aus Holzfasern; die beiliegenden Blumensamen liefern schnell sichtbares Gr\u00fcn auf Fensterbank oder Balkon. Hidalgo druckt dein Logo aufs Label, ideal als nachhaltiges Werbegeschenk f\u00fcr 20-40-J\u00e4hrige.","canonical_url":"https:\/\/hidalgo.nl\/de\/wp-json\/wp\/v2\/product\/126906","robots":"max-image-preview:large","keywords":"","webmasterTools":{"miscellaneous":""},"schema":{"@context":"https:\/\/schema.org","@graph":[{"@type":"BreadcrumbList","@id":"https:\/\/hidalgo.nl\/de\/product\/flowermix-wood-fibers-bloemzaadjes\/#breadcrumblist","itemListElement":[{"@type":"ListItem","@id":"https:\/\/hidalgo.nl\/de\/#listItem","position":1,"name":"Home","item":"https:\/\/hidalgo.nl\/de\/","nextItem":{"@type":"ListItem","@id":"https:\/\/hidalgo.nl\/example\/#listItem","name":"example"}},{"@type":"ListItem","@id":"https:\/\/hidalgo.nl\/example\/#listItem","position":2,"name":"example","item":"https:\/\/hidalgo.nl\/example\/","nextItem":{"@type":"ListItem","@id":"https:\/\/hidalgo.nl\/en\/product-supplier\/a508\/#listItem","name":"A508"},"previousItem":{"@type":"ListItem","@id":"https:\/\/hidalgo.nl\/de\/#listItem","name":"Home"}},{"@type":"ListItem","@id":"https:\/\/hidalgo.nl\/en\/product-supplier\/a508\/#listItem","position":3,"name":"A508","item":"https:\/\/hidalgo.nl\/en\/product-supplier\/a508\/","nextItem":{"@type":"ListItem","@id":"https:\/\/hidalgo.nl\/de\/product\/flowermix-wood-fibers-bloemzaadjes\/#listItem","name":"Flowermix Wood Fibers bloemzaadjes"},"previousItem":{"@type":"ListItem","@id":"https:\/\/hidalgo.nl\/example\/#listItem","name":"example"}},{"@type":"ListItem","@id":"https:\/\/hidalgo.nl\/de\/product\/flowermix-wood-fibers-bloemzaadjes\/#listItem","position":4,"name":"Flowermix Wood Fibers bloemzaadjes","previousItem":{"@type":"ListItem","@id":"https:\/\/hidalgo.nl\/en\/product-supplier\/a508\/#listItem","name":"A508"}}]},{"@type":"Organization","@id":"https:\/\/hidalgo.nl\/de\/#organization","name":"Hidalgo","url":"https:\/\/hidalgo.nl\/de\/","logo":{"@type":"ImageObject","url":"https:\/\/shop.hidalgo.nl\/wp-content\/uploads\/2025\/11\/cropped-Hidalgo-est1993.png","@id":"https:\/\/hidalgo.nl\/de\/product\/flowermix-wood-fibers-bloemzaadjes\/#organizationLogo","width":585,"height":195},"image":{"@id":"https:\/\/hidalgo.nl\/de\/product\/flowermix-wood-fibers-bloemzaadjes\/#organizationLogo"}},{"@type":"ProductGroup","@id":"https:\/\/hidalgo.nl\/de\/product\/flowermix-wood-fibers-bloemzaadjes\/#wooCommerceProduct","name":"Flowermix Wood Fibers bloemzaadjes","url":"https:\/\/hidalgo.nl\/de\/product\/flowermix-wood-fibers-bloemzaadjes\/","sku":"A508-1774","image":{"@type":"ImageObject","url":"https:\/\/shop.hidalgo.nl\/wp-content\/uploads\/2025\/04\/d9462db35169b3509cec54162bc7f271bbf9cf83dad73c3edd159b104d6daf41.jpg","@id":"https:\/\/hidalgo.nl\/de\/product\/flowermix-wood-fibers-bloemzaadjes\/#productImage"},"productGroupID":126906,"hasVariant":[{"@type":"Product","@id":"https:\/\/hidalgo.nl\/de\/product\/flowermix-wood-fibers-bloemzaadjes\/#wooCommerceProduct","name":"Flowermix Wood Fibers bloemzaadjes - assorti","url":"https:\/\/hidalgo.nl\/de\/product\/flowermix-wood-fibers-bloemzaadjes\/","sku":"A508-177498","image":{"@type":"ImageObject","url":"https:\/\/shop.hidalgo.nl\/wp-content\/uploads\/2025\/05\/d9462db35169b3509cec54162bc7f271bbf9cf83dad73c3edd159b104d6daf41.jpg","@id":"https:\/\/hidalgo.nl\/de\/product\/flowermix-wood-fibers-bloemzaadjes\/#productImage","width":1000,"height":1000},"offers":{"@type":"Offer","url":"https:\/\/hidalgo.nl\/de\/product\/flowermix-wood-fibers-bloemzaadjes\/#wooCommerceOffer","price":"5.625","priceCurrency":"EUR","category":"Promotionele Artikelen","availability":"https:\/\/schema.org\/InStock","priceSpecification":{"@type":"PriceSpecification","price":5.625,"priceCurrency":"EUR","valueAddedTaxIncluded":"true"}}}]},{"@type":"WebPage","@id":"https:\/\/hidalgo.nl\/de\/product\/flowermix-wood-fibers-bloemzaadjes\/#webpage","url":"https:\/\/hidalgo.nl\/de\/product\/flowermix-wood-fibers-bloemzaadjes\/","name":"Flowermix Wood Fibers bloemzaadjes","description":"Ziehe deine eigene Blumenpracht im kompakten Topf aus Holzfasern; die beiliegenden Blumensamen liefern schnell sichtbares Gr\u00fcn auf Fensterbank oder Balkon. Hidalgo druckt dein Logo aufs Label, ideal als nachhaltiges Werbegeschenk f\u00fcr 20-40-J\u00e4hrige.","inLanguage":"de-DE","isPartOf":{"@id":"https:\/\/hidalgo.nl\/de\/#website"},"breadcrumb":{"@id":"https:\/\/hidalgo.nl\/de\/product\/flowermix-wood-fibers-bloemzaadjes\/#breadcrumblist"},"image":{"@type":"ImageObject","url":"https:\/\/shop.hidalgo.nl\/wp-content\/uploads\/2025\/04\/d9462db35169b3509cec54162bc7f271bbf9cf83dad73c3edd159b104d6daf41.jpg","@id":"https:\/\/hidalgo.nl\/de\/product\/flowermix-wood-fibers-bloemzaadjes\/#mainImage"},"primaryImageOfPage":{"@id":"https:\/\/hidalgo.nl\/de\/product\/flowermix-wood-fibers-bloemzaadjes\/#mainImage"},"datePublished":"2025-07-07T19:01:30+00:00","dateModified":"2026-02-26T07:43:31+00:00"},{"@type":"WebSite","@id":"https:\/\/hidalgo.nl\/de\/#website","url":"https:\/\/hidalgo.nl\/de\/","name":"Hidalgo","inLanguage":"de-DE","publisher":{"@id":"https:\/\/hidalgo.nl\/de\/#organization"}}]},"og:locale":"de_DE","og:site_name":"Hidalgo -","og:type":"article","og:title":"Flowermix Wood Fibers bloemzaadjes","og:description":"Ziehe deine eigene Blumenpracht im kompakten Topf aus Holzfasern; die beiliegenden Blumensamen liefern schnell sichtbares Gr\u00fcn auf Fensterbank oder Balkon. Hidalgo druckt dein Logo aufs Label, ideal als nachhaltiges Werbegeschenk f\u00fcr 20-40-J\u00e4hrige.","og:url":"https:\/\/hidalgo.nl\/de\/wp-json\/wp\/v2\/product\/126906","og:image":"https:\/\/shop.hidalgo.nl\/wp-content\/uploads\/2025\/11\/cropped-Hidalgo-est1993.png","og:image:secure_url":"https:\/\/shop.hidalgo.nl\/wp-content\/uploads\/2025\/11\/cropped-Hidalgo-est1993.png","article:published_time":"2025-07-07T19:01:30+00:00","article:modified_time":"2026-02-26T07:43:31+00:00","twitter:card":"summary_large_image","twitter:title":"Flowermix Wood Fibers bloemzaadjes","twitter:description":"Ziehe deine eigene Blumenpracht im kompakten Topf aus Holzfasern; die beiliegenden Blumensamen liefern schnell sichtbares Gr\u00fcn auf Fensterbank oder Balkon. Hidalgo druckt dein Logo aufs Label, ideal als nachhaltiges Werbegeschenk f\u00fcr 20-40-J\u00e4hrige.","twitter:image":"https:\/\/shop.hidalgo.nl\/wp-content\/uploads\/2025\/11\/cropped-Hidalgo-est1993.png"},"aioseo_meta_data":{"post_id":"126906","title":null,"description":null,"keywords":null,"keyphrases":null,"primary_term":null,"canonical_url":null,"og_title":null,"og_description":null,"og_object_type":"default","og_image_type":"default","og_image_url":null,"og_image_width":null,"og_image_height":null,"og_image_custom_url":null,"og_image_custom_fields":null,"og_video":null,"og_custom_url":null,"og_article_section":null,"og_article_tags":null,"twitter_use_og":false,"twitter_card":"default","twitter_image_type":"default","twitter_image_url":null,"twitter_image_custom_url":null,"twitter_image_custom_fields":null,"twitter_title":null,"twitter_description":null,"schema":{"blockGraphs":[],"customGraphs":[],"default":{"data":{"Article":[],"Course":[],"Dataset":[],"FAQPage":[],"Movie":[],"Person":[],"Product":[],"ProductReview":[],"Car":[],"Recipe":[],"Service":[],"SoftwareApplication":[],"WebPage":[]},"graphName":"","isEnabled":true},"graphs":[]},"schema_type":"default","schema_type_options":null,"pillar_content":false,"robots_default":true,"robots_noindex":false,"robots_noarchive":false,"robots_nosnippet":false,"robots_nofollow":false,"robots_noimageindex":false,"robots_noodp":false,"robots_notranslate":false,"robots_max_snippet":null,"robots_max_videopreview":null,"robots_max_imagepreview":"large","priority":null,"frequency":null,"local_seo":null,"seo_analyzer_scan_date":"2026-01-22 08:31:26","breadcrumb_settings":null,"limit_modified_date":false,"reviewed_by":null,"open_ai":null,"ai":null,"created":"2026-01-14 06:25:37","updated":"2026-04-23 06:32:10"},"aioseo_breadcrumb":"<div class=\"aioseo-breadcrumbs\"><span class=\"aioseo-breadcrumb\">\n\t<a href=\"https:\/\/hidalgo.nl\/de\/\" title=\"Home\">Home<\/a>\n<\/span><span class=\"aioseo-breadcrumb-separator\">\u00bb<\/span><span class=\"aioseo-breadcrumb\">\n\t<a href=\"https:\/\/hidalgo.nl\/example\/\" title=\"example\">example<\/a>\n<\/span><span class=\"aioseo-breadcrumb-separator\">\u00bb<\/span><span class=\"aioseo-breadcrumb\">\n\t<a href=\"https:\/\/hidalgo.nl\/en\/product-supplier\/a508\/\" title=\"A508\">A508<\/a>\n<\/span><span class=\"aioseo-breadcrumb-separator\">\u00bb<\/span><span class=\"aioseo-breadcrumb\">\n\tFlowermix Wood Fibers bloemzaadjes\n<\/span><\/div>","aioseo_breadcrumb_json":[{"label":"Home","link":"https:\/\/hidalgo.nl\/de\/"},{"label":"example","link":"https:\/\/hidalgo.nl\/example\/"},{"label":"A508","link":"https:\/\/hidalgo.nl\/en\/product-supplier\/a508\/"},{"label":"Flowermix Wood Fibers bloemzaadjes","link":"https:\/\/hidalgo.nl\/de\/product\/flowermix-wood-fibers-bloemzaadjes\/"}],"_links":{"self":[{"href":"https:\/\/hidalgo.nl\/de\/wp-json\/wp\/v2\/product\/126906","targetHints":{"allow":["GET"]}}],"collection":[{"href":"https:\/\/hidalgo.nl\/de\/wp-json\/wp\/v2\/product"}],"about":[{"href":"https:\/\/hidalgo.nl\/de\/wp-json\/wp\/v2\/types\/product"}],"wp:featuredmedia":[{"embeddable":true,"href":"https:\/\/hidalgo.nl\/de\/wp-json\/wp\/v2\/media\/597744"}],"wp:attachment":[{"href":"https:\/\/hidalgo.nl\/de\/wp-json\/wp\/v2\/media?parent=126906"}],"wp:term":[{"taxonomy":"product_brand","embeddable":true,"href":"https:\/\/hidalgo.nl\/de\/wp-json\/wp\/v2\/product_brand?post=126906"},{"taxonomy":"product_cat","embeddable":true,"href":"https:\/\/hidalgo.nl\/de\/wp-json\/wp\/v2\/product_cat?post=126906"},{"taxonomy":"product_tag","embeddable":true,"href":"https:\/\/hidalgo.nl\/de\/wp-json\/wp\/v2\/product_tag?post=126906"}],"curies":[{"name":"wp","href":"https:\/\/api.w.org\/{rel}","templated":true}]}}