{"id":126891,"date":"2025-07-07T19:00:58","date_gmt":"2025-07-07T19:00:58","guid":{"rendered":"http:\/\/bidonsenshakers.pim.hidalgo.nl\/product\/golftowel-400-g-m%c2%b2-30x50-golfhanddoek\/"},"modified":"2026-02-26T07:43:30","modified_gmt":"2026-02-26T07:43:30","slug":"golftowel-400-g-m%c2%b2-30x50-golfhanddoek","status":"publish","type":"product","link":"https:\/\/hidalgo.nl\/de\/product\/golftowel-400-g-m%c2%b2-30x50-golfhanddoek\/","title":{"rendered":"GolfTowel 400 g\/m\u00b2 30&#215;50 golfhanddoek"},"content":{"rendered":"<p>Golfhanddoek inclusief je eigen unieke full colour opdruk. Van 40% microvezel en 60% katoen (400 g\/m\u00b2). Deze kwaliteitsgolfhanddoek is voorzien van een oog met karabijnhaak. Zo hang je hem gemakkelijk aan je golftas en heb je de handdoek direct bij de hand tijdens het golfen. De handdoek  is licht in gewicht en absorbeert prima. Per stuk verpakt in cellofaan.<\/p>\n","protected":false},"excerpt":{"rendered":"<p>Golfhanddoek inclusief je eigen unieke full colour opdruk. Van 40% microvezel en 60% katoen (400 g\/m\u00b2). Deze kwaliteitsgolfhanddoek is voorzien van een oog met karabijnhaak. Zo hang je hem gemakkelijk aan je golftas en heb je de handdoek direct bij de hand tijdens het golfen. De handdoek is licht in gewicht en absorbeert prima. Per&hellip; <a class=\"more-link\" href=\"https:\/\/hidalgo.nl\/de\/product\/golftowel-400-g-m%c2%b2-30x50-golfhanddoek\/\"><span class=\"screen-reader-text\">GolfTowel 400 g\/m\u00b2 30&#215;50 golfhanddoek<\/span> weiterlesen<\/a><\/p>\n","protected":false},"featured_media":597767,"template":"","meta":{"_acf_changed":false,"om_disable_all_campaigns":false,"_monsterinsights_skip_tracking":false,"_monsterinsights_sitenote_active":false,"_monsterinsights_sitenote_note":"","_monsterinsights_sitenote_category":0},"product_brand":[],"product_cat":[4752,4872],"product_tag":[],"class_list":{"0":"post-126891","1":"product","2":"type-product","3":"status-publish","4":"has-post-thumbnail","6":"product_supplier-a508","7":"product_material-katoen","8":"product_cat-handdoeken","9":"product_cat-handdoeken-sport-handdoeken","10":"entry","12":"first","13":"instock","14":"taxable","15":"shipping-taxable","16":"purchasable","17":"product-type-variable"},"acf":{"imprint_cost":[{"imprint_cost_key":"050e976904437fc6f5c521be4fca5bda3b85c08d","product_quantity_price_range":[{"imprint_cost_recommended_selling_price":"0","imprint_cost_recommended_selling_quantity":"1"},{"imprint_cost_recommended_selling_price":"0","imprint_cost_recommended_selling_quantity":"25"},{"imprint_cost_recommended_selling_price":"0","imprint_cost_recommended_selling_quantity":"50"},{"imprint_cost_recommended_selling_price":"0","imprint_cost_recommended_selling_quantity":"100"},{"imprint_cost_recommended_selling_price":"0","imprint_cost_recommended_selling_quantity":"250"},{"imprint_cost_recommended_selling_price":"0","imprint_cost_recommended_selling_quantity":"500"},{"imprint_cost_recommended_selling_price":"0","imprint_cost_recommended_selling_quantity":"1000"},{"imprint_cost_recommended_selling_price":"0","imprint_cost_recommended_selling_quantity":"2500"},{"imprint_cost_recommended_selling_price":"0","imprint_cost_recommended_selling_quantity":"5000"}],"product_quantity_price_range_buying":[{"imprint_cost_general_buying_price":"0","imprint_cost_general_buying_quantity":"1"},{"imprint_cost_general_buying_price":"0","imprint_cost_general_buying_quantity":"25"},{"imprint_cost_general_buying_price":"0","imprint_cost_general_buying_quantity":"50"},{"imprint_cost_general_buying_price":"0","imprint_cost_general_buying_quantity":"100"},{"imprint_cost_general_buying_price":"0","imprint_cost_general_buying_quantity":"250"},{"imprint_cost_general_buying_price":"0","imprint_cost_general_buying_quantity":"500"},{"imprint_cost_general_buying_price":"0","imprint_cost_general_buying_quantity":"1000"},{"imprint_cost_general_buying_price":"0","imprint_cost_general_buying_quantity":"2500"},{"imprint_cost_general_buying_price":"0","imprint_cost_general_buying_quantity":"5000"}],"imprint_cost_setup_costs":"52.5","imprint_cost_handling_costs":"0"}]},"aioseo_notices":[],"aioseo_head":"\n\t\t<!-- All in One SEO Pro 4.9.6.1 - aioseo.com -->\n\t<meta name=\"description\" content=\"Personalisiere dein Golfhandtuch mit Digitaldruck in Vollfarbe: Hidalgo bringt dein Logo pr\u00e4zise auf den Stoff. Du h\u00e4ngst es per Karabiner an die Tasche, reinigst Schl\u00e4ger &amp; B\u00e4lle und st\u00e4rkst deine Marke auf dem Platz - ideal f\u00fcr 20-40\u2011J\u00e4hrige.\" \/>\n\t<meta name=\"robots\" content=\"max-image-preview:large\" \/>\n\t<link rel=\"canonical\" href=\"https:\/\/hidalgo.nl\/de\/wp-json\/wp\/v2\/product\/126891\" \/>\n\t<meta name=\"generator\" content=\"All in One SEO Pro (AIOSEO) 4.9.6.1\" \/>\n\t\t<meta property=\"og:locale\" content=\"de_DE\" \/>\n\t\t<meta property=\"og:site_name\" content=\"Hidalgo -\" \/>\n\t\t<meta property=\"og:type\" content=\"article\" \/>\n\t\t<meta property=\"og:title\" content=\"GolfTowel 400 g\/m\u00b2 30\u00d750 golfhanddoek\" \/>\n\t\t<meta property=\"og:description\" content=\"Personalisiere dein Golfhandtuch mit Digitaldruck in Vollfarbe: Hidalgo bringt dein Logo pr\u00e4zise auf den Stoff. Du h\u00e4ngst es per Karabiner an die Tasche, reinigst Schl\u00e4ger &amp; B\u00e4lle und st\u00e4rkst deine Marke auf dem Platz - ideal f\u00fcr 20-40\u2011J\u00e4hrige.\" \/>\n\t\t<meta property=\"og:url\" content=\"https:\/\/hidalgo.nl\/de\/wp-json\/wp\/v2\/product\/126891\" \/>\n\t\t<meta property=\"og:image\" content=\"https:\/\/shop.hidalgo.nl\/wp-content\/uploads\/2025\/11\/cropped-Hidalgo-est1993.png\" \/>\n\t\t<meta property=\"og:image:secure_url\" content=\"https:\/\/shop.hidalgo.nl\/wp-content\/uploads\/2025\/11\/cropped-Hidalgo-est1993.png\" \/>\n\t\t<meta property=\"article:published_time\" content=\"2025-07-07T19:00:58+00:00\" \/>\n\t\t<meta property=\"article:modified_time\" content=\"2026-02-26T07:43:30+00:00\" \/>\n\t\t<meta name=\"twitter:card\" content=\"summary_large_image\" \/>\n\t\t<meta name=\"twitter:title\" content=\"GolfTowel 400 g\/m\u00b2 30\u00d750 golfhanddoek\" \/>\n\t\t<meta name=\"twitter:description\" content=\"Personalisiere dein Golfhandtuch mit Digitaldruck in Vollfarbe: Hidalgo bringt dein Logo pr\u00e4zise auf den Stoff. Du h\u00e4ngst es per Karabiner an die Tasche, reinigst Schl\u00e4ger &amp; B\u00e4lle und st\u00e4rkst deine Marke auf dem Platz - ideal f\u00fcr 20-40\u2011J\u00e4hrige.\" \/>\n\t\t<meta name=\"twitter:image\" content=\"https:\/\/shop.hidalgo.nl\/wp-content\/uploads\/2025\/11\/cropped-Hidalgo-est1993.png\" \/>\n\t\t<script type=\"application\/ld+json\" class=\"aioseo-schema\">\n\t\t\t{\"@context\":\"https:\\\/\\\/schema.org\",\"@graph\":[{\"@type\":\"BreadcrumbList\",\"@id\":\"https:\\\/\\\/hidalgo.nl\\\/de\\\/product\\\/golftowel-400-g-m%c2%b2-30x50-golfhanddoek\\\/#breadcrumblist\",\"itemListElement\":[{\"@type\":\"ListItem\",\"@id\":\"https:\\\/\\\/hidalgo.nl\\\/de\\\/#listItem\",\"position\":1,\"name\":\"Home\",\"item\":\"https:\\\/\\\/hidalgo.nl\\\/de\\\/\",\"nextItem\":{\"@type\":\"ListItem\",\"@id\":\"https:\\\/\\\/hidalgo.nl\\\/example\\\/#listItem\",\"name\":\"example\"}},{\"@type\":\"ListItem\",\"@id\":\"https:\\\/\\\/hidalgo.nl\\\/example\\\/#listItem\",\"position\":2,\"name\":\"example\",\"item\":\"https:\\\/\\\/hidalgo.nl\\\/example\\\/\",\"nextItem\":{\"@type\":\"ListItem\",\"@id\":\"https:\\\/\\\/hidalgo.nl\\\/en\\\/product-supplier\\\/a508\\\/#listItem\",\"name\":\"A508\"},\"previousItem\":{\"@type\":\"ListItem\",\"@id\":\"https:\\\/\\\/hidalgo.nl\\\/de\\\/#listItem\",\"name\":\"Home\"}},{\"@type\":\"ListItem\",\"@id\":\"https:\\\/\\\/hidalgo.nl\\\/en\\\/product-supplier\\\/a508\\\/#listItem\",\"position\":3,\"name\":\"A508\",\"item\":\"https:\\\/\\\/hidalgo.nl\\\/en\\\/product-supplier\\\/a508\\\/\",\"nextItem\":{\"@type\":\"ListItem\",\"@id\":\"https:\\\/\\\/hidalgo.nl\\\/de\\\/product\\\/golftowel-400-g-m%c2%b2-30x50-golfhanddoek\\\/#listItem\",\"name\":\"GolfTowel 400 g\\\/m\\u00b2 30&#215;50 golfhanddoek\"},\"previousItem\":{\"@type\":\"ListItem\",\"@id\":\"https:\\\/\\\/hidalgo.nl\\\/example\\\/#listItem\",\"name\":\"example\"}},{\"@type\":\"ListItem\",\"@id\":\"https:\\\/\\\/hidalgo.nl\\\/de\\\/product\\\/golftowel-400-g-m%c2%b2-30x50-golfhanddoek\\\/#listItem\",\"position\":4,\"name\":\"GolfTowel 400 g\\\/m\\u00b2 30&#215;50 golfhanddoek\",\"previousItem\":{\"@type\":\"ListItem\",\"@id\":\"https:\\\/\\\/hidalgo.nl\\\/en\\\/product-supplier\\\/a508\\\/#listItem\",\"name\":\"A508\"}}]},{\"@type\":\"ItemPage\",\"@id\":\"https:\\\/\\\/hidalgo.nl\\\/de\\\/product\\\/golftowel-400-g-m%c2%b2-30x50-golfhanddoek\\\/#itempage\",\"url\":\"https:\\\/\\\/hidalgo.nl\\\/de\\\/product\\\/golftowel-400-g-m%c2%b2-30x50-golfhanddoek\\\/\",\"name\":\"GolfTowel 400 g\\\/m\\u00b2 30\\u00d750 golfhanddoek\",\"description\":\"Personalisiere dein Golfhandtuch mit Digitaldruck in Vollfarbe: Hidalgo bringt dein Logo pr\\u00e4zise auf den Stoff. Du h\\u00e4ngst es per Karabiner an die Tasche, reinigst Schl\\u00e4ger & B\\u00e4lle und st\\u00e4rkst deine Marke auf dem Platz - ideal f\\u00fcr 20-40\\u2011J\\u00e4hrige.\",\"inLanguage\":\"de-DE\",\"isPartOf\":{\"@id\":\"https:\\\/\\\/hidalgo.nl\\\/de\\\/#website\"},\"breadcrumb\":{\"@id\":\"https:\\\/\\\/hidalgo.nl\\\/de\\\/product\\\/golftowel-400-g-m%c2%b2-30x50-golfhanddoek\\\/#breadcrumblist\"},\"image\":{\"@type\":\"ImageObject\",\"url\":\"https:\\\/\\\/shop.hidalgo.nl\\\/wp-content\\\/uploads\\\/2025\\\/04\\\/8e2aa9ac7b3b998c9e9b3a3d24700116ea5274822b482408ba0ac5d622eb116a.jpg\",\"@id\":\"https:\\\/\\\/hidalgo.nl\\\/de\\\/product\\\/golftowel-400-g-m%c2%b2-30x50-golfhanddoek\\\/#mainImage\"},\"primaryImageOfPage\":{\"@id\":\"https:\\\/\\\/hidalgo.nl\\\/de\\\/product\\\/golftowel-400-g-m%c2%b2-30x50-golfhanddoek\\\/#mainImage\"},\"datePublished\":\"2025-07-07T19:00:58+00:00\",\"dateModified\":\"2026-02-26T07:43:30+00:00\"},{\"@type\":\"Organization\",\"@id\":\"https:\\\/\\\/hidalgo.nl\\\/de\\\/#organization\",\"name\":\"Hidalgo\",\"url\":\"https:\\\/\\\/hidalgo.nl\\\/de\\\/\",\"logo\":{\"@type\":\"ImageObject\",\"url\":\"https:\\\/\\\/shop.hidalgo.nl\\\/wp-content\\\/uploads\\\/2025\\\/11\\\/cropped-Hidalgo-est1993.png\",\"@id\":\"https:\\\/\\\/hidalgo.nl\\\/de\\\/product\\\/golftowel-400-g-m%c2%b2-30x50-golfhanddoek\\\/#organizationLogo\",\"width\":585,\"height\":195},\"image\":{\"@id\":\"https:\\\/\\\/hidalgo.nl\\\/de\\\/product\\\/golftowel-400-g-m%c2%b2-30x50-golfhanddoek\\\/#organizationLogo\"}},{\"@type\":\"WebPage\",\"@id\":\"https:\\\/\\\/hidalgo.nl\\\/de\\\/product\\\/golftowel-400-g-m%c2%b2-30x50-golfhanddoek\\\/#webpage\",\"url\":\"https:\\\/\\\/hidalgo.nl\\\/de\\\/product\\\/golftowel-400-g-m%c2%b2-30x50-golfhanddoek\\\/\",\"name\":\"GolfTowel 400 g\\\/m\\u00b2 30\\u00d750 golfhanddoek\",\"description\":\"Personalisiere dein Golfhandtuch mit Digitaldruck in Vollfarbe: Hidalgo bringt dein Logo pr\\u00e4zise auf den Stoff. Du h\\u00e4ngst es per Karabiner an die Tasche, reinigst Schl\\u00e4ger & B\\u00e4lle und st\\u00e4rkst deine Marke auf dem Platz - ideal f\\u00fcr 20-40\\u2011J\\u00e4hrige.\",\"inLanguage\":\"de-DE\",\"isPartOf\":{\"@id\":\"https:\\\/\\\/hidalgo.nl\\\/de\\\/#website\"},\"breadcrumb\":{\"@id\":\"https:\\\/\\\/hidalgo.nl\\\/de\\\/product\\\/golftowel-400-g-m%c2%b2-30x50-golfhanddoek\\\/#breadcrumblist\"},\"image\":{\"@type\":\"ImageObject\",\"url\":\"https:\\\/\\\/shop.hidalgo.nl\\\/wp-content\\\/uploads\\\/2025\\\/04\\\/8e2aa9ac7b3b998c9e9b3a3d24700116ea5274822b482408ba0ac5d622eb116a.jpg\",\"@id\":\"https:\\\/\\\/hidalgo.nl\\\/de\\\/product\\\/golftowel-400-g-m%c2%b2-30x50-golfhanddoek\\\/#mainImage\"},\"primaryImageOfPage\":{\"@id\":\"https:\\\/\\\/hidalgo.nl\\\/de\\\/product\\\/golftowel-400-g-m%c2%b2-30x50-golfhanddoek\\\/#mainImage\"},\"datePublished\":\"2025-07-07T19:00:58+00:00\",\"dateModified\":\"2026-02-26T07:43:30+00:00\"},{\"@type\":\"WebSite\",\"@id\":\"https:\\\/\\\/hidalgo.nl\\\/de\\\/#website\",\"url\":\"https:\\\/\\\/hidalgo.nl\\\/de\\\/\",\"name\":\"Hidalgo\",\"inLanguage\":\"de-DE\",\"publisher\":{\"@id\":\"https:\\\/\\\/hidalgo.nl\\\/de\\\/#organization\"}}]}\n\t\t<\/script>\n\t\t<!-- All in One SEO Pro -->\r\n\t\t<title>GolfTowel 400 g\/m\u00b2 30\u00d750 golfhanddoek<\/title>\n\n","aioseo_head_json":{"title":"GolfTowel 400 g\/m\u00b2 30\u00d750 golfhanddoek","description":"Personalisiere dein Golfhandtuch mit Digitaldruck in Vollfarbe: Hidalgo bringt dein Logo pr\u00e4zise auf den Stoff. Du h\u00e4ngst es per Karabiner an die Tasche, reinigst Schl\u00e4ger & B\u00e4lle und st\u00e4rkst deine Marke auf dem Platz - ideal f\u00fcr 20-40\u2011J\u00e4hrige.","canonical_url":"https:\/\/hidalgo.nl\/de\/wp-json\/wp\/v2\/product\/126891","robots":"max-image-preview:large","keywords":"","webmasterTools":{"miscellaneous":""},"schema":{"@context":"https:\/\/schema.org","@graph":[{"@type":"BreadcrumbList","@id":"https:\/\/hidalgo.nl\/de\/product\/golftowel-400-g-m%c2%b2-30x50-golfhanddoek\/#breadcrumblist","itemListElement":[{"@type":"ListItem","@id":"https:\/\/hidalgo.nl\/de\/#listItem","position":1,"name":"Home","item":"https:\/\/hidalgo.nl\/de\/","nextItem":{"@type":"ListItem","@id":"https:\/\/hidalgo.nl\/example\/#listItem","name":"example"}},{"@type":"ListItem","@id":"https:\/\/hidalgo.nl\/example\/#listItem","position":2,"name":"example","item":"https:\/\/hidalgo.nl\/example\/","nextItem":{"@type":"ListItem","@id":"https:\/\/hidalgo.nl\/en\/product-supplier\/a508\/#listItem","name":"A508"},"previousItem":{"@type":"ListItem","@id":"https:\/\/hidalgo.nl\/de\/#listItem","name":"Home"}},{"@type":"ListItem","@id":"https:\/\/hidalgo.nl\/en\/product-supplier\/a508\/#listItem","position":3,"name":"A508","item":"https:\/\/hidalgo.nl\/en\/product-supplier\/a508\/","nextItem":{"@type":"ListItem","@id":"https:\/\/hidalgo.nl\/de\/product\/golftowel-400-g-m%c2%b2-30x50-golfhanddoek\/#listItem","name":"GolfTowel 400 g\/m\u00b2 30&#215;50 golfhanddoek"},"previousItem":{"@type":"ListItem","@id":"https:\/\/hidalgo.nl\/example\/#listItem","name":"example"}},{"@type":"ListItem","@id":"https:\/\/hidalgo.nl\/de\/product\/golftowel-400-g-m%c2%b2-30x50-golfhanddoek\/#listItem","position":4,"name":"GolfTowel 400 g\/m\u00b2 30&#215;50 golfhanddoek","previousItem":{"@type":"ListItem","@id":"https:\/\/hidalgo.nl\/en\/product-supplier\/a508\/#listItem","name":"A508"}}]},{"@type":"ItemPage","@id":"https:\/\/hidalgo.nl\/de\/product\/golftowel-400-g-m%c2%b2-30x50-golfhanddoek\/#itempage","url":"https:\/\/hidalgo.nl\/de\/product\/golftowel-400-g-m%c2%b2-30x50-golfhanddoek\/","name":"GolfTowel 400 g\/m\u00b2 30\u00d750 golfhanddoek","description":"Personalisiere dein Golfhandtuch mit Digitaldruck in Vollfarbe: Hidalgo bringt dein Logo pr\u00e4zise auf den Stoff. Du h\u00e4ngst es per Karabiner an die Tasche, reinigst Schl\u00e4ger & B\u00e4lle und st\u00e4rkst deine Marke auf dem Platz - ideal f\u00fcr 20-40\u2011J\u00e4hrige.","inLanguage":"de-DE","isPartOf":{"@id":"https:\/\/hidalgo.nl\/de\/#website"},"breadcrumb":{"@id":"https:\/\/hidalgo.nl\/de\/product\/golftowel-400-g-m%c2%b2-30x50-golfhanddoek\/#breadcrumblist"},"image":{"@type":"ImageObject","url":"https:\/\/shop.hidalgo.nl\/wp-content\/uploads\/2025\/04\/8e2aa9ac7b3b998c9e9b3a3d24700116ea5274822b482408ba0ac5d622eb116a.jpg","@id":"https:\/\/hidalgo.nl\/de\/product\/golftowel-400-g-m%c2%b2-30x50-golfhanddoek\/#mainImage"},"primaryImageOfPage":{"@id":"https:\/\/hidalgo.nl\/de\/product\/golftowel-400-g-m%c2%b2-30x50-golfhanddoek\/#mainImage"},"datePublished":"2025-07-07T19:00:58+00:00","dateModified":"2026-02-26T07:43:30+00:00"},{"@type":"Organization","@id":"https:\/\/hidalgo.nl\/de\/#organization","name":"Hidalgo","url":"https:\/\/hidalgo.nl\/de\/","logo":{"@type":"ImageObject","url":"https:\/\/shop.hidalgo.nl\/wp-content\/uploads\/2025\/11\/cropped-Hidalgo-est1993.png","@id":"https:\/\/hidalgo.nl\/de\/product\/golftowel-400-g-m%c2%b2-30x50-golfhanddoek\/#organizationLogo","width":585,"height":195},"image":{"@id":"https:\/\/hidalgo.nl\/de\/product\/golftowel-400-g-m%c2%b2-30x50-golfhanddoek\/#organizationLogo"}},{"@type":"WebPage","@id":"https:\/\/hidalgo.nl\/de\/product\/golftowel-400-g-m%c2%b2-30x50-golfhanddoek\/#webpage","url":"https:\/\/hidalgo.nl\/de\/product\/golftowel-400-g-m%c2%b2-30x50-golfhanddoek\/","name":"GolfTowel 400 g\/m\u00b2 30\u00d750 golfhanddoek","description":"Personalisiere dein Golfhandtuch mit Digitaldruck in Vollfarbe: Hidalgo bringt dein Logo pr\u00e4zise auf den Stoff. Du h\u00e4ngst es per Karabiner an die Tasche, reinigst Schl\u00e4ger & B\u00e4lle und st\u00e4rkst deine Marke auf dem Platz - ideal f\u00fcr 20-40\u2011J\u00e4hrige.","inLanguage":"de-DE","isPartOf":{"@id":"https:\/\/hidalgo.nl\/de\/#website"},"breadcrumb":{"@id":"https:\/\/hidalgo.nl\/de\/product\/golftowel-400-g-m%c2%b2-30x50-golfhanddoek\/#breadcrumblist"},"image":{"@type":"ImageObject","url":"https:\/\/shop.hidalgo.nl\/wp-content\/uploads\/2025\/04\/8e2aa9ac7b3b998c9e9b3a3d24700116ea5274822b482408ba0ac5d622eb116a.jpg","@id":"https:\/\/hidalgo.nl\/de\/product\/golftowel-400-g-m%c2%b2-30x50-golfhanddoek\/#mainImage"},"primaryImageOfPage":{"@id":"https:\/\/hidalgo.nl\/de\/product\/golftowel-400-g-m%c2%b2-30x50-golfhanddoek\/#mainImage"},"datePublished":"2025-07-07T19:00:58+00:00","dateModified":"2026-02-26T07:43:30+00:00"},{"@type":"WebSite","@id":"https:\/\/hidalgo.nl\/de\/#website","url":"https:\/\/hidalgo.nl\/de\/","name":"Hidalgo","inLanguage":"de-DE","publisher":{"@id":"https:\/\/hidalgo.nl\/de\/#organization"}}]},"og:locale":"de_DE","og:site_name":"Hidalgo -","og:type":"article","og:title":"GolfTowel 400 g\/m\u00b2 30\u00d750 golfhanddoek","og:description":"Personalisiere dein Golfhandtuch mit Digitaldruck in Vollfarbe: Hidalgo bringt dein Logo pr\u00e4zise auf den Stoff. Du h\u00e4ngst es per Karabiner an die Tasche, reinigst Schl\u00e4ger &amp; B\u00e4lle und st\u00e4rkst deine Marke auf dem Platz - ideal f\u00fcr 20-40\u2011J\u00e4hrige.","og:url":"https:\/\/hidalgo.nl\/de\/wp-json\/wp\/v2\/product\/126891","og:image":"https:\/\/shop.hidalgo.nl\/wp-content\/uploads\/2025\/11\/cropped-Hidalgo-est1993.png","og:image:secure_url":"https:\/\/shop.hidalgo.nl\/wp-content\/uploads\/2025\/11\/cropped-Hidalgo-est1993.png","article:published_time":"2025-07-07T19:00:58+00:00","article:modified_time":"2026-02-26T07:43:30+00:00","twitter:card":"summary_large_image","twitter:title":"GolfTowel 400 g\/m\u00b2 30\u00d750 golfhanddoek","twitter:description":"Personalisiere dein Golfhandtuch mit Digitaldruck in Vollfarbe: Hidalgo bringt dein Logo pr\u00e4zise auf den Stoff. Du h\u00e4ngst es per Karabiner an die Tasche, reinigst Schl\u00e4ger &amp; B\u00e4lle und st\u00e4rkst deine Marke auf dem Platz - ideal f\u00fcr 20-40\u2011J\u00e4hrige.","twitter:image":"https:\/\/shop.hidalgo.nl\/wp-content\/uploads\/2025\/11\/cropped-Hidalgo-est1993.png"},"aioseo_meta_data":{"post_id":"126891","title":null,"description":null,"keywords":null,"keyphrases":null,"primary_term":null,"canonical_url":null,"og_title":null,"og_description":null,"og_object_type":"default","og_image_type":"default","og_image_url":null,"og_image_width":null,"og_image_height":null,"og_image_custom_url":null,"og_image_custom_fields":null,"og_video":null,"og_custom_url":null,"og_article_section":null,"og_article_tags":null,"twitter_use_og":false,"twitter_card":"default","twitter_image_type":"default","twitter_image_url":null,"twitter_image_custom_url":null,"twitter_image_custom_fields":null,"twitter_title":null,"twitter_description":null,"schema":{"blockGraphs":[],"customGraphs":[],"default":{"data":{"Article":[],"Course":[],"Dataset":[],"FAQPage":[],"Movie":[],"Person":[],"Product":[],"ProductReview":[],"Car":[],"Recipe":[],"Service":[],"SoftwareApplication":[],"WebPage":[]},"graphName":"","isEnabled":true},"graphs":[]},"schema_type":"default","schema_type_options":null,"pillar_content":false,"robots_default":true,"robots_noindex":false,"robots_noarchive":false,"robots_nosnippet":false,"robots_nofollow":false,"robots_noimageindex":false,"robots_noodp":false,"robots_notranslate":false,"robots_max_snippet":null,"robots_max_videopreview":null,"robots_max_imagepreview":"large","priority":null,"frequency":null,"local_seo":null,"seo_analyzer_scan_date":"2026-01-22 08:31:26","breadcrumb_settings":null,"limit_modified_date":false,"reviewed_by":null,"open_ai":null,"ai":null,"created":"2026-01-14 06:25:37","updated":"2026-02-26 09:14:55"},"aioseo_breadcrumb":"<div class=\"aioseo-breadcrumbs\"><span class=\"aioseo-breadcrumb\">\n\t<a href=\"https:\/\/hidalgo.nl\/de\/\" title=\"Home\">Home<\/a>\n<\/span><span class=\"aioseo-breadcrumb-separator\">\u00bb<\/span><span class=\"aioseo-breadcrumb\">\n\t<a href=\"https:\/\/hidalgo.nl\/example\/\" title=\"example\">example<\/a>\n<\/span><span class=\"aioseo-breadcrumb-separator\">\u00bb<\/span><span class=\"aioseo-breadcrumb\">\n\t<a href=\"https:\/\/hidalgo.nl\/en\/product-supplier\/a508\/\" title=\"A508\">A508<\/a>\n<\/span><span class=\"aioseo-breadcrumb-separator\">\u00bb<\/span><span class=\"aioseo-breadcrumb\">\n\tGolfTowel 400 g\/m\u00b2 30\u00d750 golfhanddoek\n<\/span><\/div>","aioseo_breadcrumb_json":[{"label":"Home","link":"https:\/\/hidalgo.nl\/de\/"},{"label":"example","link":"https:\/\/hidalgo.nl\/example\/"},{"label":"A508","link":"https:\/\/hidalgo.nl\/en\/product-supplier\/a508\/"},{"label":"GolfTowel 400 g\/m\u00b2 30&#215;50 golfhanddoek","link":"https:\/\/hidalgo.nl\/de\/product\/golftowel-400-g-m%c2%b2-30x50-golfhanddoek\/"}],"_links":{"self":[{"href":"https:\/\/hidalgo.nl\/de\/wp-json\/wp\/v2\/product\/126891","targetHints":{"allow":["GET"]}}],"collection":[{"href":"https:\/\/hidalgo.nl\/de\/wp-json\/wp\/v2\/product"}],"about":[{"href":"https:\/\/hidalgo.nl\/de\/wp-json\/wp\/v2\/types\/product"}],"wp:featuredmedia":[{"embeddable":true,"href":"https:\/\/hidalgo.nl\/de\/wp-json\/wp\/v2\/media\/597767"}],"wp:attachment":[{"href":"https:\/\/hidalgo.nl\/de\/wp-json\/wp\/v2\/media?parent=126891"}],"wp:term":[{"taxonomy":"product_brand","embeddable":true,"href":"https:\/\/hidalgo.nl\/de\/wp-json\/wp\/v2\/product_brand?post=126891"},{"taxonomy":"product_cat","embeddable":true,"href":"https:\/\/hidalgo.nl\/de\/wp-json\/wp\/v2\/product_cat?post=126891"},{"taxonomy":"product_tag","embeddable":true,"href":"https:\/\/hidalgo.nl\/de\/wp-json\/wp\/v2\/product_tag?post=126891"}],"curies":[{"name":"wp","href":"https:\/\/api.w.org\/{rel}","templated":true}]}}