{"id":126693,"date":"2025-07-07T18:55:59","date_gmt":"2025-07-07T18:55:59","guid":{"rendered":"http:\/\/bidonsenshakers.pim.hidalgo.nl\/product\/case-logic-reflect-13-inch-laptop-sleeve-laptophoes\/"},"modified":"2026-02-28T11:34:51","modified_gmt":"2026-02-28T11:34:51","slug":"case-logic-reflect-13-inch-laptop-sleeve-laptophoes","status":"publish","type":"product","link":"https:\/\/hidalgo.nl\/de\/product\/case-logic-reflect-13-inch-laptop-sleeve-laptophoes\/","title":{"rendered":"Case Logic Reflect 13 inch Laptop Sleeve laptophoes"},"content":{"rendered":"<p>Stevige 13 inch laptophoes van het merk Case Logic. Deze dunne, polyester hoes is gemaakt van hoge kwaliteit traagschuim (6 mm dik) en biedt eersteklas bescherming. De zachte, pluche binnenvoering beschermt de laptop tegen krassen. De hoes is voorzien van een handige, asymmetrische opening met ritssluiting.<\/p>\n","protected":false},"excerpt":{"rendered":"<p>Stevige 13 inch laptophoes van het merk Case Logic. Deze dunne, polyester hoes is gemaakt van hoge kwaliteit traagschuim (6 mm dik) en biedt eersteklas bescherming. De zachte, pluche binnenvoering beschermt de laptop tegen krassen. De hoes is voorzien van een handige, asymmetrische opening met ritssluiting.<\/p>\n","protected":false},"featured_media":598897,"template":"","meta":{"_acf_changed":false,"om_disable_all_campaigns":false,"_monsterinsights_skip_tracking":false,"_monsterinsights_sitenote_active":false,"_monsterinsights_sitenote_note":"","_monsterinsights_sitenote_category":0},"product_brand":[80],"product_cat":[4760,4873,4713],"product_tag":[],"class_list":{"0":"post-126693","1":"product","2":"type-product","3":"status-publish","4":"has-post-thumbnail","6":"product_supplier-a508","7":"product_material-polyester","8":"product_brand-case-logic","9":"product_cat-document-tassen","10":"product_cat-laptop-tassen","11":"product_cat-tassen","12":"entry","14":"first","15":"instock","16":"taxable","17":"shipping-taxable","18":"purchasable","19":"product-type-variable"},"acf":{"imprint_cost":[{"imprint_cost_key":"6a2e9e1299870804339606566004a1c28605ec30","product_quantity_price_range":[{"imprint_cost_recommended_selling_price":"1.875","imprint_cost_recommended_selling_quantity":"1"},{"imprint_cost_recommended_selling_price":"1.725","imprint_cost_recommended_selling_quantity":"25"},{"imprint_cost_recommended_selling_price":"1.575","imprint_cost_recommended_selling_quantity":"50"},{"imprint_cost_recommended_selling_price":"1.5","imprint_cost_recommended_selling_quantity":"100"},{"imprint_cost_recommended_selling_price":"1.425","imprint_cost_recommended_selling_quantity":"250"},{"imprint_cost_recommended_selling_price":"1.35","imprint_cost_recommended_selling_quantity":"500"},{"imprint_cost_recommended_selling_price":"1.275","imprint_cost_recommended_selling_quantity":"1000"},{"imprint_cost_recommended_selling_price":"1.23","imprint_cost_recommended_selling_quantity":"2500"},{"imprint_cost_recommended_selling_price":"1.2","imprint_cost_recommended_selling_quantity":"5000"}],"product_quantity_price_range_buying":[{"imprint_cost_general_buying_price":"1.25","imprint_cost_general_buying_quantity":"1"},{"imprint_cost_general_buying_price":"1.15","imprint_cost_general_buying_quantity":"25"},{"imprint_cost_general_buying_price":"1.05","imprint_cost_general_buying_quantity":"50"},{"imprint_cost_general_buying_price":"1","imprint_cost_general_buying_quantity":"100"},{"imprint_cost_general_buying_price":"0.95","imprint_cost_general_buying_quantity":"250"},{"imprint_cost_general_buying_price":"0.9","imprint_cost_general_buying_quantity":"500"},{"imprint_cost_general_buying_price":"0.85","imprint_cost_general_buying_quantity":"1000"},{"imprint_cost_general_buying_price":"0.82","imprint_cost_general_buying_quantity":"2500"},{"imprint_cost_general_buying_price":"0.8","imprint_cost_general_buying_quantity":"5000"}],"imprint_cost_setup_costs":"52.5","imprint_cost_handling_costs":"0"}]},"aioseo_notices":[],"aioseo_head":"\n\t\t<!-- All in One SEO Pro 4.9.6.1 - aioseo.com -->\n\t<meta name=\"description\" content=\"Sch\u00fctze deinen 13 Zoll Laptop onderweg met einer schlanken Laptoph\u00fclle mit Rei\u00dfverschluss; die gepolsterte, weiche Innenseite f\u00e4ngt St\u00f6\u00dfe ab und verhindert Kratzer. Bei Hidalgo druckst du auf Wunsch dein Logo - ideal f\u00fcr Arbeit, Studium &amp; Events.\" \/>\n\t<meta name=\"robots\" content=\"max-image-preview:large\" \/>\n\t<link rel=\"canonical\" href=\"https:\/\/hidalgo.nl\/de\/wp-json\/wp\/v2\/product\/126693\" \/>\n\t<meta name=\"generator\" content=\"All in One SEO Pro (AIOSEO) 4.9.6.1\" \/>\n\t\t<meta property=\"og:locale\" content=\"de_DE\" \/>\n\t\t<meta property=\"og:site_name\" content=\"Hidalgo -\" \/>\n\t\t<meta property=\"og:type\" content=\"article\" \/>\n\t\t<meta property=\"og:title\" content=\"Case Logic Reflect 13 inch Laptop Sleeve laptophoes\" \/>\n\t\t<meta property=\"og:description\" content=\"Sch\u00fctze deinen 13 Zoll Laptop onderweg met einer schlanken Laptoph\u00fclle mit Rei\u00dfverschluss; die gepolsterte, weiche Innenseite f\u00e4ngt St\u00f6\u00dfe ab und verhindert Kratzer. Bei Hidalgo druckst du auf Wunsch dein Logo - ideal f\u00fcr Arbeit, Studium &amp; Events.\" \/>\n\t\t<meta property=\"og:url\" content=\"https:\/\/hidalgo.nl\/de\/wp-json\/wp\/v2\/product\/126693\" \/>\n\t\t<meta property=\"og:image\" content=\"https:\/\/shop.hidalgo.nl\/wp-content\/uploads\/2025\/11\/cropped-Hidalgo-est1993.png\" \/>\n\t\t<meta property=\"og:image:secure_url\" content=\"https:\/\/shop.hidalgo.nl\/wp-content\/uploads\/2025\/11\/cropped-Hidalgo-est1993.png\" \/>\n\t\t<meta property=\"article:published_time\" content=\"2025-07-07T18:55:59+00:00\" \/>\n\t\t<meta property=\"article:modified_time\" content=\"2026-02-28T11:34:51+00:00\" \/>\n\t\t<meta name=\"twitter:card\" content=\"summary_large_image\" \/>\n\t\t<meta name=\"twitter:title\" content=\"Case Logic Reflect 13 inch Laptop Sleeve laptophoes\" \/>\n\t\t<meta name=\"twitter:description\" content=\"Sch\u00fctze deinen 13 Zoll Laptop onderweg met einer schlanken Laptoph\u00fclle mit Rei\u00dfverschluss; die gepolsterte, weiche Innenseite f\u00e4ngt St\u00f6\u00dfe ab und verhindert Kratzer. Bei Hidalgo druckst du auf Wunsch dein Logo - ideal f\u00fcr Arbeit, Studium &amp; Events.\" \/>\n\t\t<meta name=\"twitter:image\" content=\"https:\/\/shop.hidalgo.nl\/wp-content\/uploads\/2025\/11\/cropped-Hidalgo-est1993.png\" \/>\n\t\t<script type=\"application\/ld+json\" class=\"aioseo-schema\">\n\t\t\t{\"@context\":\"https:\\\/\\\/schema.org\",\"@graph\":[{\"@type\":\"BreadcrumbList\",\"@id\":\"https:\\\/\\\/hidalgo.nl\\\/de\\\/product\\\/case-logic-reflect-13-inch-laptop-sleeve-laptophoes\\\/#breadcrumblist\",\"itemListElement\":[{\"@type\":\"ListItem\",\"@id\":\"https:\\\/\\\/hidalgo.nl\\\/de\\\/#listItem\",\"position\":1,\"name\":\"Home\",\"item\":\"https:\\\/\\\/hidalgo.nl\\\/de\\\/\",\"nextItem\":{\"@type\":\"ListItem\",\"@id\":\"https:\\\/\\\/hidalgo.nl\\\/example\\\/#listItem\",\"name\":\"example\"}},{\"@type\":\"ListItem\",\"@id\":\"https:\\\/\\\/hidalgo.nl\\\/example\\\/#listItem\",\"position\":2,\"name\":\"example\",\"item\":\"https:\\\/\\\/hidalgo.nl\\\/example\\\/\",\"nextItem\":{\"@type\":\"ListItem\",\"@id\":\"https:\\\/\\\/hidalgo.nl\\\/en\\\/product-supplier\\\/a508\\\/#listItem\",\"name\":\"A508\"},\"previousItem\":{\"@type\":\"ListItem\",\"@id\":\"https:\\\/\\\/hidalgo.nl\\\/de\\\/#listItem\",\"name\":\"Home\"}},{\"@type\":\"ListItem\",\"@id\":\"https:\\\/\\\/hidalgo.nl\\\/en\\\/product-supplier\\\/a508\\\/#listItem\",\"position\":3,\"name\":\"A508\",\"item\":\"https:\\\/\\\/hidalgo.nl\\\/en\\\/product-supplier\\\/a508\\\/\",\"nextItem\":{\"@type\":\"ListItem\",\"@id\":\"https:\\\/\\\/hidalgo.nl\\\/de\\\/product\\\/case-logic-reflect-13-inch-laptop-sleeve-laptophoes\\\/#listItem\",\"name\":\"Case Logic Reflect 13 inch Laptop Sleeve laptophoes\"},\"previousItem\":{\"@type\":\"ListItem\",\"@id\":\"https:\\\/\\\/hidalgo.nl\\\/example\\\/#listItem\",\"name\":\"example\"}},{\"@type\":\"ListItem\",\"@id\":\"https:\\\/\\\/hidalgo.nl\\\/de\\\/product\\\/case-logic-reflect-13-inch-laptop-sleeve-laptophoes\\\/#listItem\",\"position\":4,\"name\":\"Case Logic Reflect 13 inch Laptop Sleeve laptophoes\",\"previousItem\":{\"@type\":\"ListItem\",\"@id\":\"https:\\\/\\\/hidalgo.nl\\\/en\\\/product-supplier\\\/a508\\\/#listItem\",\"name\":\"A508\"}}]},{\"@type\":\"ItemPage\",\"@id\":\"https:\\\/\\\/hidalgo.nl\\\/de\\\/product\\\/case-logic-reflect-13-inch-laptop-sleeve-laptophoes\\\/#itempage\",\"url\":\"https:\\\/\\\/hidalgo.nl\\\/de\\\/product\\\/case-logic-reflect-13-inch-laptop-sleeve-laptophoes\\\/\",\"name\":\"Case Logic Reflect 13 inch Laptop Sleeve laptophoes\",\"description\":\"Sch\\u00fctze deinen 13 Zoll Laptop onderweg met einer schlanken Laptoph\\u00fclle mit Rei\\u00dfverschluss; die gepolsterte, weiche Innenseite f\\u00e4ngt St\\u00f6\\u00dfe ab und verhindert Kratzer. Bei Hidalgo druckst du auf Wunsch dein Logo - ideal f\\u00fcr Arbeit, Studium & Events.\",\"inLanguage\":\"de-DE\",\"isPartOf\":{\"@id\":\"https:\\\/\\\/hidalgo.nl\\\/de\\\/#website\"},\"breadcrumb\":{\"@id\":\"https:\\\/\\\/hidalgo.nl\\\/de\\\/product\\\/case-logic-reflect-13-inch-laptop-sleeve-laptophoes\\\/#breadcrumblist\"},\"image\":{\"@type\":\"ImageObject\",\"url\":\"https:\\\/\\\/shop.hidalgo.nl\\\/wp-content\\\/uploads\\\/2025\\\/04\\\/49d4079b1679ddef49b5c9d05d4f6ef599377605854d3fc3f7a513ac476ce8e8.jpg\",\"@id\":\"https:\\\/\\\/hidalgo.nl\\\/de\\\/product\\\/case-logic-reflect-13-inch-laptop-sleeve-laptophoes\\\/#mainImage\"},\"primaryImageOfPage\":{\"@id\":\"https:\\\/\\\/hidalgo.nl\\\/de\\\/product\\\/case-logic-reflect-13-inch-laptop-sleeve-laptophoes\\\/#mainImage\"},\"datePublished\":\"2025-07-07T18:55:59+00:00\",\"dateModified\":\"2026-02-28T11:34:51+00:00\"},{\"@type\":\"Organization\",\"@id\":\"https:\\\/\\\/hidalgo.nl\\\/de\\\/#organization\",\"name\":\"Hidalgo\",\"url\":\"https:\\\/\\\/hidalgo.nl\\\/de\\\/\",\"logo\":{\"@type\":\"ImageObject\",\"url\":\"https:\\\/\\\/shop.hidalgo.nl\\\/wp-content\\\/uploads\\\/2025\\\/11\\\/cropped-Hidalgo-est1993.png\",\"@id\":\"https:\\\/\\\/hidalgo.nl\\\/de\\\/product\\\/case-logic-reflect-13-inch-laptop-sleeve-laptophoes\\\/#organizationLogo\",\"width\":585,\"height\":195},\"image\":{\"@id\":\"https:\\\/\\\/hidalgo.nl\\\/de\\\/product\\\/case-logic-reflect-13-inch-laptop-sleeve-laptophoes\\\/#organizationLogo\"}},{\"@type\":\"WebPage\",\"@id\":\"https:\\\/\\\/hidalgo.nl\\\/de\\\/product\\\/case-logic-reflect-13-inch-laptop-sleeve-laptophoes\\\/#webpage\",\"url\":\"https:\\\/\\\/hidalgo.nl\\\/de\\\/product\\\/case-logic-reflect-13-inch-laptop-sleeve-laptophoes\\\/\",\"name\":\"Case Logic Reflect 13 inch Laptop Sleeve laptophoes\",\"description\":\"Sch\\u00fctze deinen 13 Zoll Laptop onderweg met einer schlanken Laptoph\\u00fclle mit Rei\\u00dfverschluss; die gepolsterte, weiche Innenseite f\\u00e4ngt St\\u00f6\\u00dfe ab und verhindert Kratzer. Bei Hidalgo druckst du auf Wunsch dein Logo - ideal f\\u00fcr Arbeit, Studium & Events.\",\"inLanguage\":\"de-DE\",\"isPartOf\":{\"@id\":\"https:\\\/\\\/hidalgo.nl\\\/de\\\/#website\"},\"breadcrumb\":{\"@id\":\"https:\\\/\\\/hidalgo.nl\\\/de\\\/product\\\/case-logic-reflect-13-inch-laptop-sleeve-laptophoes\\\/#breadcrumblist\"},\"image\":{\"@type\":\"ImageObject\",\"url\":\"https:\\\/\\\/shop.hidalgo.nl\\\/wp-content\\\/uploads\\\/2025\\\/04\\\/49d4079b1679ddef49b5c9d05d4f6ef599377605854d3fc3f7a513ac476ce8e8.jpg\",\"@id\":\"https:\\\/\\\/hidalgo.nl\\\/de\\\/product\\\/case-logic-reflect-13-inch-laptop-sleeve-laptophoes\\\/#mainImage\"},\"primaryImageOfPage\":{\"@id\":\"https:\\\/\\\/hidalgo.nl\\\/de\\\/product\\\/case-logic-reflect-13-inch-laptop-sleeve-laptophoes\\\/#mainImage\"},\"datePublished\":\"2025-07-07T18:55:59+00:00\",\"dateModified\":\"2026-02-28T11:34:51+00:00\"},{\"@type\":\"WebSite\",\"@id\":\"https:\\\/\\\/hidalgo.nl\\\/de\\\/#website\",\"url\":\"https:\\\/\\\/hidalgo.nl\\\/de\\\/\",\"name\":\"Hidalgo\",\"inLanguage\":\"de-DE\",\"publisher\":{\"@id\":\"https:\\\/\\\/hidalgo.nl\\\/de\\\/#organization\"}}]}\n\t\t<\/script>\n\t\t<!-- All in One SEO Pro -->\r\n\t\t<title>Case Logic Reflect 13 inch Laptop Sleeve laptophoes<\/title>\n\n","aioseo_head_json":{"title":"Case Logic Reflect 13 inch Laptop Sleeve laptophoes","description":"Sch\u00fctze deinen 13 Zoll Laptop onderweg met einer schlanken Laptoph\u00fclle mit Rei\u00dfverschluss; die gepolsterte, weiche Innenseite f\u00e4ngt St\u00f6\u00dfe ab und verhindert Kratzer. Bei Hidalgo druckst du auf Wunsch dein Logo - ideal f\u00fcr Arbeit, Studium & Events.","canonical_url":"https:\/\/hidalgo.nl\/de\/wp-json\/wp\/v2\/product\/126693","robots":"max-image-preview:large","keywords":"","webmasterTools":{"miscellaneous":""},"schema":{"@context":"https:\/\/schema.org","@graph":[{"@type":"BreadcrumbList","@id":"https:\/\/hidalgo.nl\/de\/product\/case-logic-reflect-13-inch-laptop-sleeve-laptophoes\/#breadcrumblist","itemListElement":[{"@type":"ListItem","@id":"https:\/\/hidalgo.nl\/de\/#listItem","position":1,"name":"Home","item":"https:\/\/hidalgo.nl\/de\/","nextItem":{"@type":"ListItem","@id":"https:\/\/hidalgo.nl\/example\/#listItem","name":"example"}},{"@type":"ListItem","@id":"https:\/\/hidalgo.nl\/example\/#listItem","position":2,"name":"example","item":"https:\/\/hidalgo.nl\/example\/","nextItem":{"@type":"ListItem","@id":"https:\/\/hidalgo.nl\/en\/product-supplier\/a508\/#listItem","name":"A508"},"previousItem":{"@type":"ListItem","@id":"https:\/\/hidalgo.nl\/de\/#listItem","name":"Home"}},{"@type":"ListItem","@id":"https:\/\/hidalgo.nl\/en\/product-supplier\/a508\/#listItem","position":3,"name":"A508","item":"https:\/\/hidalgo.nl\/en\/product-supplier\/a508\/","nextItem":{"@type":"ListItem","@id":"https:\/\/hidalgo.nl\/de\/product\/case-logic-reflect-13-inch-laptop-sleeve-laptophoes\/#listItem","name":"Case Logic Reflect 13 inch Laptop Sleeve laptophoes"},"previousItem":{"@type":"ListItem","@id":"https:\/\/hidalgo.nl\/example\/#listItem","name":"example"}},{"@type":"ListItem","@id":"https:\/\/hidalgo.nl\/de\/product\/case-logic-reflect-13-inch-laptop-sleeve-laptophoes\/#listItem","position":4,"name":"Case Logic Reflect 13 inch Laptop Sleeve laptophoes","previousItem":{"@type":"ListItem","@id":"https:\/\/hidalgo.nl\/en\/product-supplier\/a508\/#listItem","name":"A508"}}]},{"@type":"ItemPage","@id":"https:\/\/hidalgo.nl\/de\/product\/case-logic-reflect-13-inch-laptop-sleeve-laptophoes\/#itempage","url":"https:\/\/hidalgo.nl\/de\/product\/case-logic-reflect-13-inch-laptop-sleeve-laptophoes\/","name":"Case Logic Reflect 13 inch Laptop Sleeve laptophoes","description":"Sch\u00fctze deinen 13 Zoll Laptop onderweg met einer schlanken Laptoph\u00fclle mit Rei\u00dfverschluss; die gepolsterte, weiche Innenseite f\u00e4ngt St\u00f6\u00dfe ab und verhindert Kratzer. Bei Hidalgo druckst du auf Wunsch dein Logo - ideal f\u00fcr Arbeit, Studium & Events.","inLanguage":"de-DE","isPartOf":{"@id":"https:\/\/hidalgo.nl\/de\/#website"},"breadcrumb":{"@id":"https:\/\/hidalgo.nl\/de\/product\/case-logic-reflect-13-inch-laptop-sleeve-laptophoes\/#breadcrumblist"},"image":{"@type":"ImageObject","url":"https:\/\/shop.hidalgo.nl\/wp-content\/uploads\/2025\/04\/49d4079b1679ddef49b5c9d05d4f6ef599377605854d3fc3f7a513ac476ce8e8.jpg","@id":"https:\/\/hidalgo.nl\/de\/product\/case-logic-reflect-13-inch-laptop-sleeve-laptophoes\/#mainImage"},"primaryImageOfPage":{"@id":"https:\/\/hidalgo.nl\/de\/product\/case-logic-reflect-13-inch-laptop-sleeve-laptophoes\/#mainImage"},"datePublished":"2025-07-07T18:55:59+00:00","dateModified":"2026-02-28T11:34:51+00:00"},{"@type":"Organization","@id":"https:\/\/hidalgo.nl\/de\/#organization","name":"Hidalgo","url":"https:\/\/hidalgo.nl\/de\/","logo":{"@type":"ImageObject","url":"https:\/\/shop.hidalgo.nl\/wp-content\/uploads\/2025\/11\/cropped-Hidalgo-est1993.png","@id":"https:\/\/hidalgo.nl\/de\/product\/case-logic-reflect-13-inch-laptop-sleeve-laptophoes\/#organizationLogo","width":585,"height":195},"image":{"@id":"https:\/\/hidalgo.nl\/de\/product\/case-logic-reflect-13-inch-laptop-sleeve-laptophoes\/#organizationLogo"}},{"@type":"WebPage","@id":"https:\/\/hidalgo.nl\/de\/product\/case-logic-reflect-13-inch-laptop-sleeve-laptophoes\/#webpage","url":"https:\/\/hidalgo.nl\/de\/product\/case-logic-reflect-13-inch-laptop-sleeve-laptophoes\/","name":"Case Logic Reflect 13 inch Laptop Sleeve laptophoes","description":"Sch\u00fctze deinen 13 Zoll Laptop onderweg met einer schlanken Laptoph\u00fclle mit Rei\u00dfverschluss; die gepolsterte, weiche Innenseite f\u00e4ngt St\u00f6\u00dfe ab und verhindert Kratzer. Bei Hidalgo druckst du auf Wunsch dein Logo - ideal f\u00fcr Arbeit, Studium & Events.","inLanguage":"de-DE","isPartOf":{"@id":"https:\/\/hidalgo.nl\/de\/#website"},"breadcrumb":{"@id":"https:\/\/hidalgo.nl\/de\/product\/case-logic-reflect-13-inch-laptop-sleeve-laptophoes\/#breadcrumblist"},"image":{"@type":"ImageObject","url":"https:\/\/shop.hidalgo.nl\/wp-content\/uploads\/2025\/04\/49d4079b1679ddef49b5c9d05d4f6ef599377605854d3fc3f7a513ac476ce8e8.jpg","@id":"https:\/\/hidalgo.nl\/de\/product\/case-logic-reflect-13-inch-laptop-sleeve-laptophoes\/#mainImage"},"primaryImageOfPage":{"@id":"https:\/\/hidalgo.nl\/de\/product\/case-logic-reflect-13-inch-laptop-sleeve-laptophoes\/#mainImage"},"datePublished":"2025-07-07T18:55:59+00:00","dateModified":"2026-02-28T11:34:51+00:00"},{"@type":"WebSite","@id":"https:\/\/hidalgo.nl\/de\/#website","url":"https:\/\/hidalgo.nl\/de\/","name":"Hidalgo","inLanguage":"de-DE","publisher":{"@id":"https:\/\/hidalgo.nl\/de\/#organization"}}]},"og:locale":"de_DE","og:site_name":"Hidalgo -","og:type":"article","og:title":"Case Logic Reflect 13 inch Laptop Sleeve laptophoes","og:description":"Sch\u00fctze deinen 13 Zoll Laptop onderweg met einer schlanken Laptoph\u00fclle mit Rei\u00dfverschluss; die gepolsterte, weiche Innenseite f\u00e4ngt St\u00f6\u00dfe ab und verhindert Kratzer. Bei Hidalgo druckst du auf Wunsch dein Logo - ideal f\u00fcr Arbeit, Studium &amp; Events.","og:url":"https:\/\/hidalgo.nl\/de\/wp-json\/wp\/v2\/product\/126693","og:image":"https:\/\/shop.hidalgo.nl\/wp-content\/uploads\/2025\/11\/cropped-Hidalgo-est1993.png","og:image:secure_url":"https:\/\/shop.hidalgo.nl\/wp-content\/uploads\/2025\/11\/cropped-Hidalgo-est1993.png","article:published_time":"2025-07-07T18:55:59+00:00","article:modified_time":"2026-02-28T11:34:51+00:00","twitter:card":"summary_large_image","twitter:title":"Case Logic Reflect 13 inch Laptop Sleeve laptophoes","twitter:description":"Sch\u00fctze deinen 13 Zoll Laptop onderweg met einer schlanken Laptoph\u00fclle mit Rei\u00dfverschluss; die gepolsterte, weiche Innenseite f\u00e4ngt St\u00f6\u00dfe ab und verhindert Kratzer. Bei Hidalgo druckst du auf Wunsch dein Logo - ideal f\u00fcr Arbeit, Studium &amp; Events.","twitter:image":"https:\/\/shop.hidalgo.nl\/wp-content\/uploads\/2025\/11\/cropped-Hidalgo-est1993.png"},"aioseo_meta_data":{"post_id":"126693","title":null,"description":null,"keywords":null,"keyphrases":null,"primary_term":null,"canonical_url":null,"og_title":null,"og_description":null,"og_object_type":"default","og_image_type":"default","og_image_url":null,"og_image_width":null,"og_image_height":null,"og_image_custom_url":null,"og_image_custom_fields":null,"og_video":null,"og_custom_url":null,"og_article_section":null,"og_article_tags":null,"twitter_use_og":false,"twitter_card":"default","twitter_image_type":"default","twitter_image_url":null,"twitter_image_custom_url":null,"twitter_image_custom_fields":null,"twitter_title":null,"twitter_description":null,"schema":{"blockGraphs":[],"customGraphs":[],"default":{"data":{"Article":[],"Course":[],"Dataset":[],"FAQPage":[],"Movie":[],"Person":[],"Product":[],"ProductReview":[],"Car":[],"Recipe":[],"Service":[],"SoftwareApplication":[],"WebPage":[]},"graphName":"","isEnabled":true},"graphs":[]},"schema_type":"default","schema_type_options":null,"pillar_content":false,"robots_default":true,"robots_noindex":false,"robots_noarchive":false,"robots_nosnippet":false,"robots_nofollow":false,"robots_noimageindex":false,"robots_noodp":false,"robots_notranslate":false,"robots_max_snippet":null,"robots_max_videopreview":null,"robots_max_imagepreview":"large","priority":null,"frequency":null,"local_seo":null,"seo_analyzer_scan_date":"2026-01-22 08:25:23","breadcrumb_settings":null,"limit_modified_date":false,"reviewed_by":null,"open_ai":null,"ai":null,"created":"2026-01-14 06:25:37","updated":"2026-02-28 14:20:30"},"aioseo_breadcrumb":"<div class=\"aioseo-breadcrumbs\"><span class=\"aioseo-breadcrumb\">\n\t<a href=\"https:\/\/hidalgo.nl\/de\/\" title=\"Home\">Home<\/a>\n<\/span><span class=\"aioseo-breadcrumb-separator\">\u00bb<\/span><span class=\"aioseo-breadcrumb\">\n\t<a href=\"https:\/\/hidalgo.nl\/example\/\" title=\"example\">example<\/a>\n<\/span><span class=\"aioseo-breadcrumb-separator\">\u00bb<\/span><span class=\"aioseo-breadcrumb\">\n\t<a href=\"https:\/\/hidalgo.nl\/en\/product-supplier\/a508\/\" title=\"A508\">A508<\/a>\n<\/span><span class=\"aioseo-breadcrumb-separator\">\u00bb<\/span><span class=\"aioseo-breadcrumb\">\n\tCase Logic Reflect 13 inch Laptop Sleeve laptophoes\n<\/span><\/div>","aioseo_breadcrumb_json":[{"label":"Home","link":"https:\/\/hidalgo.nl\/de\/"},{"label":"example","link":"https:\/\/hidalgo.nl\/example\/"},{"label":"A508","link":"https:\/\/hidalgo.nl\/en\/product-supplier\/a508\/"},{"label":"Case Logic Reflect 13 inch Laptop Sleeve laptophoes","link":"https:\/\/hidalgo.nl\/de\/product\/case-logic-reflect-13-inch-laptop-sleeve-laptophoes\/"}],"_links":{"self":[{"href":"https:\/\/hidalgo.nl\/de\/wp-json\/wp\/v2\/product\/126693","targetHints":{"allow":["GET"]}}],"collection":[{"href":"https:\/\/hidalgo.nl\/de\/wp-json\/wp\/v2\/product"}],"about":[{"href":"https:\/\/hidalgo.nl\/de\/wp-json\/wp\/v2\/types\/product"}],"wp:featuredmedia":[{"embeddable":true,"href":"https:\/\/hidalgo.nl\/de\/wp-json\/wp\/v2\/media\/598897"}],"wp:attachment":[{"href":"https:\/\/hidalgo.nl\/de\/wp-json\/wp\/v2\/media?parent=126693"}],"wp:term":[{"taxonomy":"product_brand","embeddable":true,"href":"https:\/\/hidalgo.nl\/de\/wp-json\/wp\/v2\/product_brand?post=126693"},{"taxonomy":"product_cat","embeddable":true,"href":"https:\/\/hidalgo.nl\/de\/wp-json\/wp\/v2\/product_cat?post=126693"},{"taxonomy":"product_tag","embeddable":true,"href":"https:\/\/hidalgo.nl\/de\/wp-json\/wp\/v2\/product_tag?post=126693"}],"curies":[{"name":"wp","href":"https:\/\/api.w.org\/{rel}","templated":true}]}}