{"id":126612,"date":"2025-07-07T18:53:25","date_gmt":"2025-07-07T18:53:25","guid":{"rendered":"http:\/\/bidonsenshakers.pim.hidalgo.nl\/product\/seed-paper-bookmark-boekenlegger\/"},"modified":"2026-02-28T11:31:55","modified_gmt":"2026-02-28T11:31:55","slug":"seed-paper-bookmark-boekenlegger","status":"publish","type":"product","link":"https:\/\/hidalgo.nl\/de\/product\/seed-paper-bookmark-boekenlegger\/","title":{"rendered":"Bookmark Seed Paper (40 g\/m\u00b2) boekenlegger"},"content":{"rendered":"<p>Boekenlegger gemaakt van 100% gerecycled en recyclebaar, plantbaar zaadpapier. Inclusief full colour opdruk op 1 zijde. Tussen twee lagen gerecycled oud papier (40 g\/m\u00b2) is een mix aan bloemzaadjes verlijmd. Als je het biologisch afbreekbaar papier in stukjes scheurt, in de aarde plant en water geeft, groeien de zaden uit tot bloemen. Een mooie bijdrage aan de natuur. De veldbloemenmix bestaat uit: Chrysanthemum parthenium, Gypsophila elegans, Antirrhinum majus, Iberis umbellata, Lobularia maritima, Ageratum mexicanum, Petunia nana, Salvia Coccinia, Godetia Grandiflora, Dorotheanthus bellidiformis. Dit product kan niet volvlak bedrukt worden omdat de inkt de zaadjes ervan weerhoudt om te ontkiemen.<\/p>\n","protected":false},"excerpt":{"rendered":"<p>Boekenlegger gemaakt van 100% gerecycled en recyclebaar, plantbaar zaadpapier. Inclusief full colour opdruk op 1 zijde. Tussen twee lagen gerecycled oud papier (40 g\/m\u00b2) is een mix aan bloemzaadjes verlijmd. Als je het biologisch afbreekbaar papier in stukjes scheurt, in de aarde plant en water geeft, groeien de zaden uit tot bloemen. Een mooie bijdrage&hellip; <a class=\"more-link\" href=\"https:\/\/hidalgo.nl\/de\/product\/seed-paper-bookmark-boekenlegger\/\"><span class=\"screen-reader-text\">Bookmark Seed Paper (40 g\/m\u00b2) boekenlegger<\/span> weiterlesen<\/a><\/p>\n","protected":false},"featured_media":126613,"template":"","meta":{"_acf_changed":false,"om_disable_all_campaigns":false,"_monsterinsights_skip_tracking":false,"_monsterinsights_sitenote_active":false,"_monsterinsights_sitenote_note":"","_monsterinsights_sitenote_category":0},"product_brand":[],"product_cat":[4818,4741,4719],"product_tag":[],"class_list":{"0":"post-126612","1":"product","2":"type-product","3":"status-publish","4":"has-post-thumbnail","6":"product_supplier-a508","7":"product_material-zaadpapier","8":"product_cat-promotionele-artikelen-kantoor-artikelen-bureau-accessoires","9":"product_cat-promotionele-artikelen-kantoor-artikelen","10":"product_cat-promotionele-artikelen","11":"entry","13":"first","14":"instock","15":"taxable","16":"shipping-taxable","17":"purchasable","18":"product-type-variable"},"acf":{"imprint_cost":[{"imprint_cost_key":"01aa431375ae48b1f91c685f2899c20b0b92166d","product_quantity_price_range":[{"imprint_cost_recommended_selling_price":"1.125","imprint_cost_recommended_selling_quantity":"1"},{"imprint_cost_recommended_selling_price":"0.9","imprint_cost_recommended_selling_quantity":"25"},{"imprint_cost_recommended_selling_price":"0.66","imprint_cost_recommended_selling_quantity":"50"},{"imprint_cost_recommended_selling_price":"0.48","imprint_cost_recommended_selling_quantity":"100"},{"imprint_cost_recommended_selling_price":"0.375","imprint_cost_recommended_selling_quantity":"250"},{"imprint_cost_recommended_selling_price":"0.3","imprint_cost_recommended_selling_quantity":"500"},{"imprint_cost_recommended_selling_price":"0.24","imprint_cost_recommended_selling_quantity":"1000"},{"imprint_cost_recommended_selling_price":"0.21","imprint_cost_recommended_selling_quantity":"2500"},{"imprint_cost_recommended_selling_price":"0.195","imprint_cost_recommended_selling_quantity":"5000"}],"product_quantity_price_range_buying":[{"imprint_cost_general_buying_price":"0.75","imprint_cost_general_buying_quantity":"1"},{"imprint_cost_general_buying_price":"0.6","imprint_cost_general_buying_quantity":"25"},{"imprint_cost_general_buying_price":"0.44","imprint_cost_general_buying_quantity":"50"},{"imprint_cost_general_buying_price":"0.32","imprint_cost_general_buying_quantity":"100"},{"imprint_cost_general_buying_price":"0.25","imprint_cost_general_buying_quantity":"250"},{"imprint_cost_general_buying_price":"0.2","imprint_cost_general_buying_quantity":"500"},{"imprint_cost_general_buying_price":"0.16","imprint_cost_general_buying_quantity":"1000"},{"imprint_cost_general_buying_price":"0.14","imprint_cost_general_buying_quantity":"2500"},{"imprint_cost_general_buying_price":"0.13","imprint_cost_general_buying_quantity":"5000"}],"imprint_cost_setup_costs":"45","imprint_cost_handling_costs":"0"},{"imprint_cost_key":"764549b4e1e229a1e0a68b689a21c3192b3f33d1","product_quantity_price_range":[{"imprint_cost_recommended_selling_price":"1.125","imprint_cost_recommended_selling_quantity":"1"},{"imprint_cost_recommended_selling_price":"0.9","imprint_cost_recommended_selling_quantity":"25"},{"imprint_cost_recommended_selling_price":"0.66","imprint_cost_recommended_selling_quantity":"50"},{"imprint_cost_recommended_selling_price":"0.48","imprint_cost_recommended_selling_quantity":"100"},{"imprint_cost_recommended_selling_price":"0.375","imprint_cost_recommended_selling_quantity":"250"},{"imprint_cost_recommended_selling_price":"0.3","imprint_cost_recommended_selling_quantity":"500"},{"imprint_cost_recommended_selling_price":"0.24","imprint_cost_recommended_selling_quantity":"1000"},{"imprint_cost_recommended_selling_price":"0.21","imprint_cost_recommended_selling_quantity":"2500"},{"imprint_cost_recommended_selling_price":"0.195","imprint_cost_recommended_selling_quantity":"5000"}],"product_quantity_price_range_buying":[{"imprint_cost_general_buying_price":"0.75","imprint_cost_general_buying_quantity":"1"},{"imprint_cost_general_buying_price":"0.6","imprint_cost_general_buying_quantity":"25"},{"imprint_cost_general_buying_price":"0.44","imprint_cost_general_buying_quantity":"50"},{"imprint_cost_general_buying_price":"0.32","imprint_cost_general_buying_quantity":"100"},{"imprint_cost_general_buying_price":"0.25","imprint_cost_general_buying_quantity":"250"},{"imprint_cost_general_buying_price":"0.2","imprint_cost_general_buying_quantity":"500"},{"imprint_cost_general_buying_price":"0.16","imprint_cost_general_buying_quantity":"1000"},{"imprint_cost_general_buying_price":"0.14","imprint_cost_general_buying_quantity":"2500"},{"imprint_cost_general_buying_price":"0.13","imprint_cost_general_buying_quantity":"5000"}],"imprint_cost_setup_costs":"45","imprint_cost_handling_costs":"0"}]},"aioseo_notices":[],"aioseo_head":"\n\t\t<!-- All in One SEO Pro 4.9.6.2 - aioseo.com -->\n\t<meta name=\"description\" content=\"Setze dieses umweltfreundliche Lesezeichen aus Samenpapier als nachhaltiges Giveaway bei Events ein, ideal f\u00fcr Kampagnen mit 20-40-J\u00e4hrigen. Nach dem Lesen einpflanzen, dann sprie\u00dfen bunte Blumen; Hidalgo druckt dein Logo in Vollfarbe auf einer Seite.\" \/>\n\t<meta name=\"robots\" content=\"max-image-preview:large\" \/>\n\t<link rel=\"canonical\" href=\"https:\/\/hidalgo.nl\/de\/wp-json\/wp\/v2\/product\/126612\" \/>\n\t<meta name=\"generator\" content=\"All in One SEO Pro (AIOSEO) 4.9.6.2\" \/>\n\t\t<meta property=\"og:locale\" content=\"de_DE\" \/>\n\t\t<meta property=\"og:site_name\" content=\"Hidalgo -\" \/>\n\t\t<meta property=\"og:type\" content=\"article\" \/>\n\t\t<meta property=\"og:title\" content=\"Bookmark Seed Paper (40 g\/m\u00b2) boekenlegger\" \/>\n\t\t<meta property=\"og:description\" content=\"Setze dieses umweltfreundliche Lesezeichen aus Samenpapier als nachhaltiges Giveaway bei Events ein, ideal f\u00fcr Kampagnen mit 20-40-J\u00e4hrigen. Nach dem Lesen einpflanzen, dann sprie\u00dfen bunte Blumen; Hidalgo druckt dein Logo in Vollfarbe auf einer Seite.\" \/>\n\t\t<meta property=\"og:url\" content=\"https:\/\/hidalgo.nl\/de\/wp-json\/wp\/v2\/product\/126612\" \/>\n\t\t<meta property=\"og:image\" content=\"https:\/\/shop.hidalgo.nl\/wp-content\/uploads\/2025\/11\/cropped-Hidalgo-est1993.png\" \/>\n\t\t<meta property=\"og:image:secure_url\" content=\"https:\/\/shop.hidalgo.nl\/wp-content\/uploads\/2025\/11\/cropped-Hidalgo-est1993.png\" \/>\n\t\t<meta property=\"article:published_time\" content=\"2025-07-07T18:53:25+00:00\" \/>\n\t\t<meta property=\"article:modified_time\" content=\"2026-02-28T11:31:55+00:00\" \/>\n\t\t<meta name=\"twitter:card\" content=\"summary_large_image\" \/>\n\t\t<meta name=\"twitter:title\" content=\"Bookmark Seed Paper (40 g\/m\u00b2) boekenlegger\" \/>\n\t\t<meta name=\"twitter:description\" content=\"Setze dieses umweltfreundliche Lesezeichen aus Samenpapier als nachhaltiges Giveaway bei Events ein, ideal f\u00fcr Kampagnen mit 20-40-J\u00e4hrigen. Nach dem Lesen einpflanzen, dann sprie\u00dfen bunte Blumen; Hidalgo druckt dein Logo in Vollfarbe auf einer Seite.\" \/>\n\t\t<meta name=\"twitter:image\" content=\"https:\/\/shop.hidalgo.nl\/wp-content\/uploads\/2025\/11\/cropped-Hidalgo-est1993.png\" \/>\n\t\t<script type=\"application\/ld+json\" class=\"aioseo-schema\">\n\t\t\t{\"@context\":\"https:\\\/\\\/schema.org\",\"@graph\":[{\"@type\":\"BreadcrumbList\",\"@id\":\"https:\\\/\\\/hidalgo.nl\\\/de\\\/product\\\/seed-paper-bookmark-boekenlegger\\\/#breadcrumblist\",\"itemListElement\":[{\"@type\":\"ListItem\",\"@id\":\"https:\\\/\\\/hidalgo.nl\\\/de\\\/#listItem\",\"position\":1,\"name\":\"Home\",\"item\":\"https:\\\/\\\/hidalgo.nl\\\/de\\\/\",\"nextItem\":{\"@type\":\"ListItem\",\"@id\":\"https:\\\/\\\/hidalgo.nl\\\/example\\\/#listItem\",\"name\":\"example\"}},{\"@type\":\"ListItem\",\"@id\":\"https:\\\/\\\/hidalgo.nl\\\/example\\\/#listItem\",\"position\":2,\"name\":\"example\",\"item\":\"https:\\\/\\\/hidalgo.nl\\\/example\\\/\",\"nextItem\":{\"@type\":\"ListItem\",\"@id\":\"https:\\\/\\\/hidalgo.nl\\\/en\\\/product-supplier\\\/a508\\\/#listItem\",\"name\":\"A508\"},\"previousItem\":{\"@type\":\"ListItem\",\"@id\":\"https:\\\/\\\/hidalgo.nl\\\/de\\\/#listItem\",\"name\":\"Home\"}},{\"@type\":\"ListItem\",\"@id\":\"https:\\\/\\\/hidalgo.nl\\\/en\\\/product-supplier\\\/a508\\\/#listItem\",\"position\":3,\"name\":\"A508\",\"item\":\"https:\\\/\\\/hidalgo.nl\\\/en\\\/product-supplier\\\/a508\\\/\",\"nextItem\":{\"@type\":\"ListItem\",\"@id\":\"https:\\\/\\\/hidalgo.nl\\\/de\\\/product\\\/seed-paper-bookmark-boekenlegger\\\/#listItem\",\"name\":\"Bookmark Seed Paper (40 g\\\/m\\u00b2) boekenlegger\"},\"previousItem\":{\"@type\":\"ListItem\",\"@id\":\"https:\\\/\\\/hidalgo.nl\\\/example\\\/#listItem\",\"name\":\"example\"}},{\"@type\":\"ListItem\",\"@id\":\"https:\\\/\\\/hidalgo.nl\\\/de\\\/product\\\/seed-paper-bookmark-boekenlegger\\\/#listItem\",\"position\":4,\"name\":\"Bookmark Seed Paper (40 g\\\/m\\u00b2) boekenlegger\",\"previousItem\":{\"@type\":\"ListItem\",\"@id\":\"https:\\\/\\\/hidalgo.nl\\\/en\\\/product-supplier\\\/a508\\\/#listItem\",\"name\":\"A508\"}}]},{\"@type\":\"Organization\",\"@id\":\"https:\\\/\\\/hidalgo.nl\\\/de\\\/#organization\",\"name\":\"Hidalgo\",\"url\":\"https:\\\/\\\/hidalgo.nl\\\/de\\\/\",\"logo\":{\"@type\":\"ImageObject\",\"url\":\"https:\\\/\\\/shop.hidalgo.nl\\\/wp-content\\\/uploads\\\/2025\\\/11\\\/cropped-Hidalgo-est1993.png\",\"@id\":\"https:\\\/\\\/hidalgo.nl\\\/de\\\/product\\\/seed-paper-bookmark-boekenlegger\\\/#organizationLogo\",\"width\":585,\"height\":195},\"image\":{\"@id\":\"https:\\\/\\\/hidalgo.nl\\\/de\\\/product\\\/seed-paper-bookmark-boekenlegger\\\/#organizationLogo\"}},{\"@type\":\"ProductGroup\",\"@id\":\"https:\\\/\\\/hidalgo.nl\\\/de\\\/product\\\/seed-paper-bookmark-boekenlegger\\\/#wooCommerceProduct\",\"name\":\"Bookmark Seed Paper (40 g\\\/m\\u00b2) boekenlegger\",\"url\":\"https:\\\/\\\/hidalgo.nl\\\/de\\\/product\\\/seed-paper-bookmark-boekenlegger\\\/\",\"sku\":\"A508-1494\",\"image\":{\"@type\":\"ImageObject\",\"url\":\"https:\\\/\\\/shop.hidalgo.nl\\\/wp-content\\\/uploads\\\/2025\\\/07\\\/1b37bc42f61427a05b3ee6516f913b48915ead48a6d623349a12dbf385020850.jpg\",\"@id\":\"https:\\\/\\\/hidalgo.nl\\\/de\\\/product\\\/seed-paper-bookmark-boekenlegger\\\/#productImage\",\"width\":1000,\"height\":1000},\"productGroupID\":126612,\"hasVariant\":[{\"@type\":\"Product\",\"@id\":\"https:\\\/\\\/hidalgo.nl\\\/de\\\/product\\\/seed-paper-bookmark-boekenlegger\\\/#wooCommerceProduct\",\"name\":\"Bookmark Seed Paper (40 g\\\/m\\u00b2) boekenlegger - wit\",\"url\":\"https:\\\/\\\/hidalgo.nl\\\/de\\\/product\\\/seed-paper-bookmark-boekenlegger\\\/\",\"sku\":\"A508-149410\",\"image\":{\"@type\":\"ImageObject\",\"url\":\"https:\\\/\\\/shop.hidalgo.nl\\\/wp-content\\\/uploads\\\/2025\\\/07\\\/1b37bc42f61427a05b3ee6516f913b48915ead48a6d623349a12dbf385020850.jpg\",\"@id\":\"https:\\\/\\\/hidalgo.nl\\\/de\\\/product\\\/seed-paper-bookmark-boekenlegger\\\/#productImage\",\"width\":1000,\"height\":1000},\"offers\":{\"@type\":\"Offer\",\"url\":\"https:\\\/\\\/hidalgo.nl\\\/de\\\/product\\\/seed-paper-bookmark-boekenlegger\\\/#wooCommerceOffer\",\"price\":\"2.835\",\"priceCurrency\":\"EUR\",\"category\":\"Promotionele Artikelen\",\"availability\":\"https:\\\/\\\/schema.org\\\/InStock\",\"priceSpecification\":{\"@type\":\"PriceSpecification\",\"price\":2.835,\"priceCurrency\":\"EUR\",\"valueAddedTaxIncluded\":\"true\"}}}]},{\"@type\":\"WebPage\",\"@id\":\"https:\\\/\\\/hidalgo.nl\\\/de\\\/product\\\/seed-paper-bookmark-boekenlegger\\\/#webpage\",\"url\":\"https:\\\/\\\/hidalgo.nl\\\/de\\\/product\\\/seed-paper-bookmark-boekenlegger\\\/\",\"name\":\"Bookmark Seed Paper (40 g\\\/m\\u00b2) boekenlegger\",\"description\":\"Setze dieses umweltfreundliche Lesezeichen aus Samenpapier als nachhaltiges Giveaway bei Events ein, ideal f\\u00fcr Kampagnen mit 20-40-J\\u00e4hrigen. Nach dem Lesen einpflanzen, dann sprie\\u00dfen bunte Blumen; Hidalgo druckt dein Logo in Vollfarbe auf einer Seite.\",\"inLanguage\":\"de-DE\",\"isPartOf\":{\"@id\":\"https:\\\/\\\/hidalgo.nl\\\/de\\\/#website\"},\"breadcrumb\":{\"@id\":\"https:\\\/\\\/hidalgo.nl\\\/de\\\/product\\\/seed-paper-bookmark-boekenlegger\\\/#breadcrumblist\"},\"image\":{\"@type\":\"ImageObject\",\"url\":\"https:\\\/\\\/shop.hidalgo.nl\\\/wp-content\\\/uploads\\\/2025\\\/07\\\/1b37bc42f61427a05b3ee6516f913b48915ead48a6d623349a12dbf385020850.jpg\",\"@id\":\"https:\\\/\\\/hidalgo.nl\\\/de\\\/product\\\/seed-paper-bookmark-boekenlegger\\\/#mainImage\",\"width\":1000,\"height\":1000},\"primaryImageOfPage\":{\"@id\":\"https:\\\/\\\/hidalgo.nl\\\/de\\\/product\\\/seed-paper-bookmark-boekenlegger\\\/#mainImage\"},\"datePublished\":\"2025-07-07T18:53:25+00:00\",\"dateModified\":\"2026-02-28T11:31:55+00:00\"},{\"@type\":\"WebSite\",\"@id\":\"https:\\\/\\\/hidalgo.nl\\\/de\\\/#website\",\"url\":\"https:\\\/\\\/hidalgo.nl\\\/de\\\/\",\"name\":\"Hidalgo\",\"inLanguage\":\"de-DE\",\"publisher\":{\"@id\":\"https:\\\/\\\/hidalgo.nl\\\/de\\\/#organization\"}}]}\n\t\t<\/script>\n\t\t<!-- All in One SEO Pro -->\r\n\t\t<title>Bookmark Seed Paper (40 g\/m\u00b2) boekenlegger<\/title>\n\n","aioseo_head_json":{"title":"Bookmark Seed Paper (40 g\/m\u00b2) boekenlegger","description":"Setze dieses umweltfreundliche Lesezeichen aus Samenpapier als nachhaltiges Giveaway bei Events ein, ideal f\u00fcr Kampagnen mit 20-40-J\u00e4hrigen. Nach dem Lesen einpflanzen, dann sprie\u00dfen bunte Blumen; Hidalgo druckt dein Logo in Vollfarbe auf einer Seite.","canonical_url":"https:\/\/hidalgo.nl\/de\/wp-json\/wp\/v2\/product\/126612","robots":"max-image-preview:large","keywords":"","webmasterTools":{"miscellaneous":""},"schema":{"@context":"https:\/\/schema.org","@graph":[{"@type":"BreadcrumbList","@id":"https:\/\/hidalgo.nl\/de\/product\/seed-paper-bookmark-boekenlegger\/#breadcrumblist","itemListElement":[{"@type":"ListItem","@id":"https:\/\/hidalgo.nl\/de\/#listItem","position":1,"name":"Home","item":"https:\/\/hidalgo.nl\/de\/","nextItem":{"@type":"ListItem","@id":"https:\/\/hidalgo.nl\/example\/#listItem","name":"example"}},{"@type":"ListItem","@id":"https:\/\/hidalgo.nl\/example\/#listItem","position":2,"name":"example","item":"https:\/\/hidalgo.nl\/example\/","nextItem":{"@type":"ListItem","@id":"https:\/\/hidalgo.nl\/en\/product-supplier\/a508\/#listItem","name":"A508"},"previousItem":{"@type":"ListItem","@id":"https:\/\/hidalgo.nl\/de\/#listItem","name":"Home"}},{"@type":"ListItem","@id":"https:\/\/hidalgo.nl\/en\/product-supplier\/a508\/#listItem","position":3,"name":"A508","item":"https:\/\/hidalgo.nl\/en\/product-supplier\/a508\/","nextItem":{"@type":"ListItem","@id":"https:\/\/hidalgo.nl\/de\/product\/seed-paper-bookmark-boekenlegger\/#listItem","name":"Bookmark Seed Paper (40 g\/m\u00b2) boekenlegger"},"previousItem":{"@type":"ListItem","@id":"https:\/\/hidalgo.nl\/example\/#listItem","name":"example"}},{"@type":"ListItem","@id":"https:\/\/hidalgo.nl\/de\/product\/seed-paper-bookmark-boekenlegger\/#listItem","position":4,"name":"Bookmark Seed Paper (40 g\/m\u00b2) boekenlegger","previousItem":{"@type":"ListItem","@id":"https:\/\/hidalgo.nl\/en\/product-supplier\/a508\/#listItem","name":"A508"}}]},{"@type":"Organization","@id":"https:\/\/hidalgo.nl\/de\/#organization","name":"Hidalgo","url":"https:\/\/hidalgo.nl\/de\/","logo":{"@type":"ImageObject","url":"https:\/\/shop.hidalgo.nl\/wp-content\/uploads\/2025\/11\/cropped-Hidalgo-est1993.png","@id":"https:\/\/hidalgo.nl\/de\/product\/seed-paper-bookmark-boekenlegger\/#organizationLogo","width":585,"height":195},"image":{"@id":"https:\/\/hidalgo.nl\/de\/product\/seed-paper-bookmark-boekenlegger\/#organizationLogo"}},{"@type":"ProductGroup","@id":"https:\/\/hidalgo.nl\/de\/product\/seed-paper-bookmark-boekenlegger\/#wooCommerceProduct","name":"Bookmark Seed Paper (40 g\/m\u00b2) boekenlegger","url":"https:\/\/hidalgo.nl\/de\/product\/seed-paper-bookmark-boekenlegger\/","sku":"A508-1494","image":{"@type":"ImageObject","url":"https:\/\/shop.hidalgo.nl\/wp-content\/uploads\/2025\/07\/1b37bc42f61427a05b3ee6516f913b48915ead48a6d623349a12dbf385020850.jpg","@id":"https:\/\/hidalgo.nl\/de\/product\/seed-paper-bookmark-boekenlegger\/#productImage","width":1000,"height":1000},"productGroupID":126612,"hasVariant":[{"@type":"Product","@id":"https:\/\/hidalgo.nl\/de\/product\/seed-paper-bookmark-boekenlegger\/#wooCommerceProduct","name":"Bookmark Seed Paper (40 g\/m\u00b2) boekenlegger - wit","url":"https:\/\/hidalgo.nl\/de\/product\/seed-paper-bookmark-boekenlegger\/","sku":"A508-149410","image":{"@type":"ImageObject","url":"https:\/\/shop.hidalgo.nl\/wp-content\/uploads\/2025\/07\/1b37bc42f61427a05b3ee6516f913b48915ead48a6d623349a12dbf385020850.jpg","@id":"https:\/\/hidalgo.nl\/de\/product\/seed-paper-bookmark-boekenlegger\/#productImage","width":1000,"height":1000},"offers":{"@type":"Offer","url":"https:\/\/hidalgo.nl\/de\/product\/seed-paper-bookmark-boekenlegger\/#wooCommerceOffer","price":"2.835","priceCurrency":"EUR","category":"Promotionele Artikelen","availability":"https:\/\/schema.org\/InStock","priceSpecification":{"@type":"PriceSpecification","price":2.835,"priceCurrency":"EUR","valueAddedTaxIncluded":"true"}}}]},{"@type":"WebPage","@id":"https:\/\/hidalgo.nl\/de\/product\/seed-paper-bookmark-boekenlegger\/#webpage","url":"https:\/\/hidalgo.nl\/de\/product\/seed-paper-bookmark-boekenlegger\/","name":"Bookmark Seed Paper (40 g\/m\u00b2) boekenlegger","description":"Setze dieses umweltfreundliche Lesezeichen aus Samenpapier als nachhaltiges Giveaway bei Events ein, ideal f\u00fcr Kampagnen mit 20-40-J\u00e4hrigen. Nach dem Lesen einpflanzen, dann sprie\u00dfen bunte Blumen; Hidalgo druckt dein Logo in Vollfarbe auf einer Seite.","inLanguage":"de-DE","isPartOf":{"@id":"https:\/\/hidalgo.nl\/de\/#website"},"breadcrumb":{"@id":"https:\/\/hidalgo.nl\/de\/product\/seed-paper-bookmark-boekenlegger\/#breadcrumblist"},"image":{"@type":"ImageObject","url":"https:\/\/shop.hidalgo.nl\/wp-content\/uploads\/2025\/07\/1b37bc42f61427a05b3ee6516f913b48915ead48a6d623349a12dbf385020850.jpg","@id":"https:\/\/hidalgo.nl\/de\/product\/seed-paper-bookmark-boekenlegger\/#mainImage","width":1000,"height":1000},"primaryImageOfPage":{"@id":"https:\/\/hidalgo.nl\/de\/product\/seed-paper-bookmark-boekenlegger\/#mainImage"},"datePublished":"2025-07-07T18:53:25+00:00","dateModified":"2026-02-28T11:31:55+00:00"},{"@type":"WebSite","@id":"https:\/\/hidalgo.nl\/de\/#website","url":"https:\/\/hidalgo.nl\/de\/","name":"Hidalgo","inLanguage":"de-DE","publisher":{"@id":"https:\/\/hidalgo.nl\/de\/#organization"}}]},"og:locale":"de_DE","og:site_name":"Hidalgo -","og:type":"article","og:title":"Bookmark Seed Paper (40 g\/m\u00b2) boekenlegger","og:description":"Setze dieses umweltfreundliche Lesezeichen aus Samenpapier als nachhaltiges Giveaway bei Events ein, ideal f\u00fcr Kampagnen mit 20-40-J\u00e4hrigen. Nach dem Lesen einpflanzen, dann sprie\u00dfen bunte Blumen; Hidalgo druckt dein Logo in Vollfarbe auf einer Seite.","og:url":"https:\/\/hidalgo.nl\/de\/wp-json\/wp\/v2\/product\/126612","og:image":"https:\/\/shop.hidalgo.nl\/wp-content\/uploads\/2025\/11\/cropped-Hidalgo-est1993.png","og:image:secure_url":"https:\/\/shop.hidalgo.nl\/wp-content\/uploads\/2025\/11\/cropped-Hidalgo-est1993.png","article:published_time":"2025-07-07T18:53:25+00:00","article:modified_time":"2026-02-28T11:31:55+00:00","twitter:card":"summary_large_image","twitter:title":"Bookmark Seed Paper (40 g\/m\u00b2) boekenlegger","twitter:description":"Setze dieses umweltfreundliche Lesezeichen aus Samenpapier als nachhaltiges Giveaway bei Events ein, ideal f\u00fcr Kampagnen mit 20-40-J\u00e4hrigen. Nach dem Lesen einpflanzen, dann sprie\u00dfen bunte Blumen; Hidalgo druckt dein Logo in Vollfarbe auf einer Seite.","twitter:image":"https:\/\/shop.hidalgo.nl\/wp-content\/uploads\/2025\/11\/cropped-Hidalgo-est1993.png"},"aioseo_meta_data":{"post_id":"126612","title":null,"description":null,"keywords":null,"keyphrases":null,"primary_term":null,"canonical_url":null,"og_title":null,"og_description":null,"og_object_type":"default","og_image_type":"default","og_image_url":null,"og_image_width":null,"og_image_height":null,"og_image_custom_url":null,"og_image_custom_fields":null,"og_video":null,"og_custom_url":null,"og_article_section":null,"og_article_tags":null,"twitter_use_og":false,"twitter_card":"default","twitter_image_type":"default","twitter_image_url":null,"twitter_image_custom_url":null,"twitter_image_custom_fields":null,"twitter_title":null,"twitter_description":null,"schema":{"blockGraphs":[],"customGraphs":[],"default":{"data":{"Article":[],"Course":[],"Dataset":[],"FAQPage":[],"Movie":[],"Person":[],"Product":[],"ProductReview":[],"Car":[],"Recipe":[],"Service":[],"SoftwareApplication":[],"WebPage":[]},"graphName":"","isEnabled":true},"graphs":[]},"schema_type":"default","schema_type_options":null,"pillar_content":false,"robots_default":true,"robots_noindex":false,"robots_noarchive":false,"robots_nosnippet":false,"robots_nofollow":false,"robots_noimageindex":false,"robots_noodp":false,"robots_notranslate":false,"robots_max_snippet":null,"robots_max_videopreview":null,"robots_max_imagepreview":"large","priority":null,"frequency":null,"local_seo":null,"seo_analyzer_scan_date":"2026-01-22 08:25:22","breadcrumb_settings":null,"limit_modified_date":false,"reviewed_by":null,"open_ai":null,"ai":null,"created":"2026-01-14 06:25:37","updated":"2026-04-22 23:28:54"},"aioseo_breadcrumb":"<div class=\"aioseo-breadcrumbs\"><span class=\"aioseo-breadcrumb\">\n\t<a href=\"https:\/\/hidalgo.nl\/de\/\" title=\"Home\">Home<\/a>\n<\/span><span class=\"aioseo-breadcrumb-separator\">\u00bb<\/span><span class=\"aioseo-breadcrumb\">\n\t<a href=\"https:\/\/hidalgo.nl\/example\/\" title=\"example\">example<\/a>\n<\/span><span class=\"aioseo-breadcrumb-separator\">\u00bb<\/span><span class=\"aioseo-breadcrumb\">\n\t<a href=\"https:\/\/hidalgo.nl\/en\/product-supplier\/a508\/\" title=\"A508\">A508<\/a>\n<\/span><span class=\"aioseo-breadcrumb-separator\">\u00bb<\/span><span class=\"aioseo-breadcrumb\">\n\tBookmark Seed Paper (40 g\/m\u00b2) boekenlegger\n<\/span><\/div>","aioseo_breadcrumb_json":[{"label":"Home","link":"https:\/\/hidalgo.nl\/de\/"},{"label":"example","link":"https:\/\/hidalgo.nl\/example\/"},{"label":"A508","link":"https:\/\/hidalgo.nl\/en\/product-supplier\/a508\/"},{"label":"Bookmark Seed Paper (40 g\/m\u00b2) boekenlegger","link":"https:\/\/hidalgo.nl\/de\/product\/seed-paper-bookmark-boekenlegger\/"}],"_links":{"self":[{"href":"https:\/\/hidalgo.nl\/de\/wp-json\/wp\/v2\/product\/126612","targetHints":{"allow":["GET"]}}],"collection":[{"href":"https:\/\/hidalgo.nl\/de\/wp-json\/wp\/v2\/product"}],"about":[{"href":"https:\/\/hidalgo.nl\/de\/wp-json\/wp\/v2\/types\/product"}],"wp:featuredmedia":[{"embeddable":true,"href":"https:\/\/hidalgo.nl\/de\/wp-json\/wp\/v2\/media\/126613"}],"wp:attachment":[{"href":"https:\/\/hidalgo.nl\/de\/wp-json\/wp\/v2\/media?parent=126612"}],"wp:term":[{"taxonomy":"product_brand","embeddable":true,"href":"https:\/\/hidalgo.nl\/de\/wp-json\/wp\/v2\/product_brand?post=126612"},{"taxonomy":"product_cat","embeddable":true,"href":"https:\/\/hidalgo.nl\/de\/wp-json\/wp\/v2\/product_cat?post=126612"},{"taxonomy":"product_tag","embeddable":true,"href":"https:\/\/hidalgo.nl\/de\/wp-json\/wp\/v2\/product_tag?post=126612"}],"curies":[{"name":"wp","href":"https:\/\/api.w.org\/{rel}","templated":true}]}}