{"id":126363,"date":"2025-07-07T18:45:21","date_gmt":"2025-07-07T18:45:21","guid":{"rendered":"http:\/\/bidonsenshakers.pim.hidalgo.nl\/product\/bottle-carabiner-draaglus-drinkfles\/"},"modified":"2026-02-28T11:22:56","modified_gmt":"2026-02-28T11:22:56","slug":"bottle-carabiner-draaglus-drinkfles","status":"publish","type":"product","link":"https:\/\/hidalgo.nl\/de\/product\/bottle-carabiner-draaglus-drinkfles\/","title":{"rendered":"Bottle Carabiner draaglus drinkfles"},"content":{"rendered":"<p>Siliconen lus met karabijnhaak. Maak de flexibele lus vast aan je drinkfles en bevestig de fles door middel van de karabijnhaak aan een rugzak of sporttas.<\/p>\n","protected":false},"excerpt":{"rendered":"<p>Siliconen lus met karabijnhaak. Maak de flexibele lus vast aan je drinkfles en bevestig de fles door middel van de karabijnhaak aan een rugzak of sporttas.<\/p>\n","protected":false},"featured_media":126364,"template":"","meta":{"_acf_changed":false,"om_disable_all_campaigns":false,"_monsterinsights_skip_tracking":false,"_monsterinsights_sitenote_active":false,"_monsterinsights_sitenote_note":"","_monsterinsights_sitenote_category":0},"product_brand":[],"product_cat":[4732,4733,4844],"product_tag":[],"class_list":{"0":"post-126363","1":"product","2":"type-product","3":"status-publish","4":"has-post-thumbnail","6":"product_supplier-a508","7":"product_material-siliconenaluminium","8":"product_cat-bidons-drinkflessen","9":"product_cat-bidons-drinkflessen-drinkflessen","10":"product_cat-bidons-drinkflessen-drinkflessen-waterflessen","11":"entry","13":"first","14":"instock","15":"taxable","16":"shipping-taxable","17":"purchasable","18":"product-type-variable"},"acf":{"imprint_cost":false},"aioseo_notices":[],"aioseo_head":"\n\t\t<!-- All in One SEO Pro 4.9.6.2 - aioseo.com -->\n\t<meta name=\"description\" content=\"Mit der schwarzen Trageschlaufe aus Silikon mit Karabiner nimmst du deine Trinkflasche bequem an Rucksack oder Sporttasche mit. Ideal f\u00fcr Alltag, Sport und Reisen. Auf Wunsch druckt Hidalgo dein Logo f\u00fcr sichtbare Markenpr\u00e4senz.\" \/>\n\t<meta name=\"robots\" content=\"max-image-preview:large\" \/>\n\t<link rel=\"canonical\" href=\"https:\/\/hidalgo.nl\/de\/wp-json\/wp\/v2\/product\/126363\" \/>\n\t<meta name=\"generator\" content=\"All in One SEO Pro (AIOSEO) 4.9.6.2\" \/>\n\t\t<meta property=\"og:locale\" content=\"de_DE\" \/>\n\t\t<meta property=\"og:site_name\" content=\"Hidalgo -\" \/>\n\t\t<meta property=\"og:type\" content=\"article\" \/>\n\t\t<meta property=\"og:title\" content=\"Bottle Carabiner draaglus drinkfles\" \/>\n\t\t<meta property=\"og:description\" content=\"Mit der schwarzen Trageschlaufe aus Silikon mit Karabiner nimmst du deine Trinkflasche bequem an Rucksack oder Sporttasche mit. Ideal f\u00fcr Alltag, Sport und Reisen. Auf Wunsch druckt Hidalgo dein Logo f\u00fcr sichtbare Markenpr\u00e4senz.\" \/>\n\t\t<meta property=\"og:url\" content=\"https:\/\/hidalgo.nl\/de\/wp-json\/wp\/v2\/product\/126363\" \/>\n\t\t<meta property=\"og:image\" content=\"https:\/\/shop.hidalgo.nl\/wp-content\/uploads\/2025\/11\/cropped-Hidalgo-est1993.png\" \/>\n\t\t<meta property=\"og:image:secure_url\" content=\"https:\/\/shop.hidalgo.nl\/wp-content\/uploads\/2025\/11\/cropped-Hidalgo-est1993.png\" \/>\n\t\t<meta property=\"article:published_time\" content=\"2025-07-07T18:45:21+00:00\" \/>\n\t\t<meta property=\"article:modified_time\" content=\"2026-02-28T11:22:56+00:00\" \/>\n\t\t<meta name=\"twitter:card\" content=\"summary_large_image\" \/>\n\t\t<meta name=\"twitter:title\" content=\"Bottle Carabiner draaglus drinkfles\" \/>\n\t\t<meta name=\"twitter:description\" content=\"Mit der schwarzen Trageschlaufe aus Silikon mit Karabiner nimmst du deine Trinkflasche bequem an Rucksack oder Sporttasche mit. Ideal f\u00fcr Alltag, Sport und Reisen. Auf Wunsch druckt Hidalgo dein Logo f\u00fcr sichtbare Markenpr\u00e4senz.\" \/>\n\t\t<meta name=\"twitter:image\" content=\"https:\/\/shop.hidalgo.nl\/wp-content\/uploads\/2025\/11\/cropped-Hidalgo-est1993.png\" \/>\n\t\t<script type=\"application\/ld+json\" class=\"aioseo-schema\">\n\t\t\t{\"@context\":\"https:\\\/\\\/schema.org\",\"@graph\":[{\"@type\":\"BreadcrumbList\",\"@id\":\"https:\\\/\\\/hidalgo.nl\\\/de\\\/product\\\/bottle-carabiner-draaglus-drinkfles\\\/#breadcrumblist\",\"itemListElement\":[{\"@type\":\"ListItem\",\"@id\":\"https:\\\/\\\/hidalgo.nl\\\/de\\\/#listItem\",\"position\":1,\"name\":\"Home\",\"item\":\"https:\\\/\\\/hidalgo.nl\\\/de\\\/\",\"nextItem\":{\"@type\":\"ListItem\",\"@id\":\"https:\\\/\\\/hidalgo.nl\\\/example\\\/#listItem\",\"name\":\"example\"}},{\"@type\":\"ListItem\",\"@id\":\"https:\\\/\\\/hidalgo.nl\\\/example\\\/#listItem\",\"position\":2,\"name\":\"example\",\"item\":\"https:\\\/\\\/hidalgo.nl\\\/example\\\/\",\"nextItem\":{\"@type\":\"ListItem\",\"@id\":\"https:\\\/\\\/hidalgo.nl\\\/en\\\/product-supplier\\\/a508\\\/#listItem\",\"name\":\"A508\"},\"previousItem\":{\"@type\":\"ListItem\",\"@id\":\"https:\\\/\\\/hidalgo.nl\\\/de\\\/#listItem\",\"name\":\"Home\"}},{\"@type\":\"ListItem\",\"@id\":\"https:\\\/\\\/hidalgo.nl\\\/en\\\/product-supplier\\\/a508\\\/#listItem\",\"position\":3,\"name\":\"A508\",\"item\":\"https:\\\/\\\/hidalgo.nl\\\/en\\\/product-supplier\\\/a508\\\/\",\"nextItem\":{\"@type\":\"ListItem\",\"@id\":\"https:\\\/\\\/hidalgo.nl\\\/de\\\/product\\\/bottle-carabiner-draaglus-drinkfles\\\/#listItem\",\"name\":\"Bottle Carabiner draaglus drinkfles\"},\"previousItem\":{\"@type\":\"ListItem\",\"@id\":\"https:\\\/\\\/hidalgo.nl\\\/example\\\/#listItem\",\"name\":\"example\"}},{\"@type\":\"ListItem\",\"@id\":\"https:\\\/\\\/hidalgo.nl\\\/de\\\/product\\\/bottle-carabiner-draaglus-drinkfles\\\/#listItem\",\"position\":4,\"name\":\"Bottle Carabiner draaglus drinkfles\",\"previousItem\":{\"@type\":\"ListItem\",\"@id\":\"https:\\\/\\\/hidalgo.nl\\\/en\\\/product-supplier\\\/a508\\\/#listItem\",\"name\":\"A508\"}}]},{\"@type\":\"Organization\",\"@id\":\"https:\\\/\\\/hidalgo.nl\\\/de\\\/#organization\",\"name\":\"Hidalgo\",\"url\":\"https:\\\/\\\/hidalgo.nl\\\/de\\\/\",\"logo\":{\"@type\":\"ImageObject\",\"url\":\"https:\\\/\\\/shop.hidalgo.nl\\\/wp-content\\\/uploads\\\/2025\\\/11\\\/cropped-Hidalgo-est1993.png\",\"@id\":\"https:\\\/\\\/hidalgo.nl\\\/de\\\/product\\\/bottle-carabiner-draaglus-drinkfles\\\/#organizationLogo\",\"width\":585,\"height\":195},\"image\":{\"@id\":\"https:\\\/\\\/hidalgo.nl\\\/de\\\/product\\\/bottle-carabiner-draaglus-drinkfles\\\/#organizationLogo\"}},{\"@type\":\"ProductGroup\",\"@id\":\"https:\\\/\\\/hidalgo.nl\\\/de\\\/product\\\/bottle-carabiner-draaglus-drinkfles\\\/#wooCommerceProduct\",\"name\":\"Bottle Carabiner draaglus drinkfles\",\"url\":\"https:\\\/\\\/hidalgo.nl\\\/de\\\/product\\\/bottle-carabiner-draaglus-drinkfles\\\/\",\"sku\":\"A508-1405\",\"image\":{\"@type\":\"ImageObject\",\"url\":\"https:\\\/\\\/shop.hidalgo.nl\\\/wp-content\\\/uploads\\\/2025\\\/07\\\/4233711651f9ecc8e51f7bdfaca1237e6aa96fa80beaa2cfafc7e66b952b508f.jpg\",\"@id\":\"https:\\\/\\\/hidalgo.nl\\\/de\\\/product\\\/bottle-carabiner-draaglus-drinkfles\\\/#productImage\",\"width\":1000,\"height\":1000},\"productGroupID\":126363,\"hasVariant\":[{\"@type\":\"Product\",\"@id\":\"https:\\\/\\\/hidalgo.nl\\\/de\\\/product\\\/bottle-carabiner-draaglus-drinkfles\\\/#wooCommerceProduct\",\"name\":\"Bottle Carabiner draaglus drinkfles - zwart\",\"url\":\"https:\\\/\\\/hidalgo.nl\\\/de\\\/product\\\/bottle-carabiner-draaglus-drinkfles\\\/\",\"sku\":\"A508-140598\",\"image\":{\"@type\":\"ImageObject\",\"url\":\"https:\\\/\\\/shop.hidalgo.nl\\\/wp-content\\\/uploads\\\/2025\\\/07\\\/4233711651f9ecc8e51f7bdfaca1237e6aa96fa80beaa2cfafc7e66b952b508f.jpg\",\"@id\":\"https:\\\/\\\/hidalgo.nl\\\/de\\\/product\\\/bottle-carabiner-draaglus-drinkfles\\\/#productImage\",\"width\":1000,\"height\":1000},\"offers\":{\"@type\":\"Offer\",\"url\":\"https:\\\/\\\/hidalgo.nl\\\/de\\\/product\\\/bottle-carabiner-draaglus-drinkfles\\\/#wooCommerceOffer\",\"price\":\"0.48\",\"priceCurrency\":\"EUR\",\"category\":\"Bidons &amp; drinkflessen\",\"availability\":\"https:\\\/\\\/schema.org\\\/InStock\",\"priceSpecification\":{\"@type\":\"PriceSpecification\",\"price\":0.48,\"priceCurrency\":\"EUR\",\"valueAddedTaxIncluded\":\"true\"}}}]},{\"@type\":\"WebPage\",\"@id\":\"https:\\\/\\\/hidalgo.nl\\\/de\\\/product\\\/bottle-carabiner-draaglus-drinkfles\\\/#webpage\",\"url\":\"https:\\\/\\\/hidalgo.nl\\\/de\\\/product\\\/bottle-carabiner-draaglus-drinkfles\\\/\",\"name\":\"Bottle Carabiner draaglus drinkfles\",\"description\":\"Mit der schwarzen Trageschlaufe aus Silikon mit Karabiner nimmst du deine Trinkflasche bequem an Rucksack oder Sporttasche mit. Ideal f\\u00fcr Alltag, Sport und Reisen. Auf Wunsch druckt Hidalgo dein Logo f\\u00fcr sichtbare Markenpr\\u00e4senz.\",\"inLanguage\":\"de-DE\",\"isPartOf\":{\"@id\":\"https:\\\/\\\/hidalgo.nl\\\/de\\\/#website\"},\"breadcrumb\":{\"@id\":\"https:\\\/\\\/hidalgo.nl\\\/de\\\/product\\\/bottle-carabiner-draaglus-drinkfles\\\/#breadcrumblist\"},\"image\":{\"@type\":\"ImageObject\",\"url\":\"https:\\\/\\\/shop.hidalgo.nl\\\/wp-content\\\/uploads\\\/2025\\\/07\\\/4233711651f9ecc8e51f7bdfaca1237e6aa96fa80beaa2cfafc7e66b952b508f.jpg\",\"@id\":\"https:\\\/\\\/hidalgo.nl\\\/de\\\/product\\\/bottle-carabiner-draaglus-drinkfles\\\/#mainImage\",\"width\":1000,\"height\":1000},\"primaryImageOfPage\":{\"@id\":\"https:\\\/\\\/hidalgo.nl\\\/de\\\/product\\\/bottle-carabiner-draaglus-drinkfles\\\/#mainImage\"},\"datePublished\":\"2025-07-07T18:45:21+00:00\",\"dateModified\":\"2026-02-28T11:22:56+00:00\"},{\"@type\":\"WebSite\",\"@id\":\"https:\\\/\\\/hidalgo.nl\\\/de\\\/#website\",\"url\":\"https:\\\/\\\/hidalgo.nl\\\/de\\\/\",\"name\":\"Hidalgo\",\"inLanguage\":\"de-DE\",\"publisher\":{\"@id\":\"https:\\\/\\\/hidalgo.nl\\\/de\\\/#organization\"}}]}\n\t\t<\/script>\n\t\t<!-- All in One SEO Pro -->\r\n\t\t<title>Bottle Carabiner draaglus drinkfles<\/title>\n\n","aioseo_head_json":{"title":"Bottle Carabiner draaglus drinkfles","description":"Mit der schwarzen Trageschlaufe aus Silikon mit Karabiner nimmst du deine Trinkflasche bequem an Rucksack oder Sporttasche mit. Ideal f\u00fcr Alltag, Sport und Reisen. Auf Wunsch druckt Hidalgo dein Logo f\u00fcr sichtbare Markenpr\u00e4senz.","canonical_url":"https:\/\/hidalgo.nl\/de\/wp-json\/wp\/v2\/product\/126363","robots":"max-image-preview:large","keywords":"","webmasterTools":{"miscellaneous":""},"schema":{"@context":"https:\/\/schema.org","@graph":[{"@type":"BreadcrumbList","@id":"https:\/\/hidalgo.nl\/de\/product\/bottle-carabiner-draaglus-drinkfles\/#breadcrumblist","itemListElement":[{"@type":"ListItem","@id":"https:\/\/hidalgo.nl\/de\/#listItem","position":1,"name":"Home","item":"https:\/\/hidalgo.nl\/de\/","nextItem":{"@type":"ListItem","@id":"https:\/\/hidalgo.nl\/example\/#listItem","name":"example"}},{"@type":"ListItem","@id":"https:\/\/hidalgo.nl\/example\/#listItem","position":2,"name":"example","item":"https:\/\/hidalgo.nl\/example\/","nextItem":{"@type":"ListItem","@id":"https:\/\/hidalgo.nl\/en\/product-supplier\/a508\/#listItem","name":"A508"},"previousItem":{"@type":"ListItem","@id":"https:\/\/hidalgo.nl\/de\/#listItem","name":"Home"}},{"@type":"ListItem","@id":"https:\/\/hidalgo.nl\/en\/product-supplier\/a508\/#listItem","position":3,"name":"A508","item":"https:\/\/hidalgo.nl\/en\/product-supplier\/a508\/","nextItem":{"@type":"ListItem","@id":"https:\/\/hidalgo.nl\/de\/product\/bottle-carabiner-draaglus-drinkfles\/#listItem","name":"Bottle Carabiner draaglus drinkfles"},"previousItem":{"@type":"ListItem","@id":"https:\/\/hidalgo.nl\/example\/#listItem","name":"example"}},{"@type":"ListItem","@id":"https:\/\/hidalgo.nl\/de\/product\/bottle-carabiner-draaglus-drinkfles\/#listItem","position":4,"name":"Bottle Carabiner draaglus drinkfles","previousItem":{"@type":"ListItem","@id":"https:\/\/hidalgo.nl\/en\/product-supplier\/a508\/#listItem","name":"A508"}}]},{"@type":"Organization","@id":"https:\/\/hidalgo.nl\/de\/#organization","name":"Hidalgo","url":"https:\/\/hidalgo.nl\/de\/","logo":{"@type":"ImageObject","url":"https:\/\/shop.hidalgo.nl\/wp-content\/uploads\/2025\/11\/cropped-Hidalgo-est1993.png","@id":"https:\/\/hidalgo.nl\/de\/product\/bottle-carabiner-draaglus-drinkfles\/#organizationLogo","width":585,"height":195},"image":{"@id":"https:\/\/hidalgo.nl\/de\/product\/bottle-carabiner-draaglus-drinkfles\/#organizationLogo"}},{"@type":"ProductGroup","@id":"https:\/\/hidalgo.nl\/de\/product\/bottle-carabiner-draaglus-drinkfles\/#wooCommerceProduct","name":"Bottle Carabiner draaglus drinkfles","url":"https:\/\/hidalgo.nl\/de\/product\/bottle-carabiner-draaglus-drinkfles\/","sku":"A508-1405","image":{"@type":"ImageObject","url":"https:\/\/shop.hidalgo.nl\/wp-content\/uploads\/2025\/07\/4233711651f9ecc8e51f7bdfaca1237e6aa96fa80beaa2cfafc7e66b952b508f.jpg","@id":"https:\/\/hidalgo.nl\/de\/product\/bottle-carabiner-draaglus-drinkfles\/#productImage","width":1000,"height":1000},"productGroupID":126363,"hasVariant":[{"@type":"Product","@id":"https:\/\/hidalgo.nl\/de\/product\/bottle-carabiner-draaglus-drinkfles\/#wooCommerceProduct","name":"Bottle Carabiner draaglus drinkfles - zwart","url":"https:\/\/hidalgo.nl\/de\/product\/bottle-carabiner-draaglus-drinkfles\/","sku":"A508-140598","image":{"@type":"ImageObject","url":"https:\/\/shop.hidalgo.nl\/wp-content\/uploads\/2025\/07\/4233711651f9ecc8e51f7bdfaca1237e6aa96fa80beaa2cfafc7e66b952b508f.jpg","@id":"https:\/\/hidalgo.nl\/de\/product\/bottle-carabiner-draaglus-drinkfles\/#productImage","width":1000,"height":1000},"offers":{"@type":"Offer","url":"https:\/\/hidalgo.nl\/de\/product\/bottle-carabiner-draaglus-drinkfles\/#wooCommerceOffer","price":"0.48","priceCurrency":"EUR","category":"Bidons &amp; drinkflessen","availability":"https:\/\/schema.org\/InStock","priceSpecification":{"@type":"PriceSpecification","price":0.48,"priceCurrency":"EUR","valueAddedTaxIncluded":"true"}}}]},{"@type":"WebPage","@id":"https:\/\/hidalgo.nl\/de\/product\/bottle-carabiner-draaglus-drinkfles\/#webpage","url":"https:\/\/hidalgo.nl\/de\/product\/bottle-carabiner-draaglus-drinkfles\/","name":"Bottle Carabiner draaglus drinkfles","description":"Mit der schwarzen Trageschlaufe aus Silikon mit Karabiner nimmst du deine Trinkflasche bequem an Rucksack oder Sporttasche mit. Ideal f\u00fcr Alltag, Sport und Reisen. Auf Wunsch druckt Hidalgo dein Logo f\u00fcr sichtbare Markenpr\u00e4senz.","inLanguage":"de-DE","isPartOf":{"@id":"https:\/\/hidalgo.nl\/de\/#website"},"breadcrumb":{"@id":"https:\/\/hidalgo.nl\/de\/product\/bottle-carabiner-draaglus-drinkfles\/#breadcrumblist"},"image":{"@type":"ImageObject","url":"https:\/\/shop.hidalgo.nl\/wp-content\/uploads\/2025\/07\/4233711651f9ecc8e51f7bdfaca1237e6aa96fa80beaa2cfafc7e66b952b508f.jpg","@id":"https:\/\/hidalgo.nl\/de\/product\/bottle-carabiner-draaglus-drinkfles\/#mainImage","width":1000,"height":1000},"primaryImageOfPage":{"@id":"https:\/\/hidalgo.nl\/de\/product\/bottle-carabiner-draaglus-drinkfles\/#mainImage"},"datePublished":"2025-07-07T18:45:21+00:00","dateModified":"2026-02-28T11:22:56+00:00"},{"@type":"WebSite","@id":"https:\/\/hidalgo.nl\/de\/#website","url":"https:\/\/hidalgo.nl\/de\/","name":"Hidalgo","inLanguage":"de-DE","publisher":{"@id":"https:\/\/hidalgo.nl\/de\/#organization"}}]},"og:locale":"de_DE","og:site_name":"Hidalgo -","og:type":"article","og:title":"Bottle Carabiner draaglus drinkfles","og:description":"Mit der schwarzen Trageschlaufe aus Silikon mit Karabiner nimmst du deine Trinkflasche bequem an Rucksack oder Sporttasche mit. Ideal f\u00fcr Alltag, Sport und Reisen. Auf Wunsch druckt Hidalgo dein Logo f\u00fcr sichtbare Markenpr\u00e4senz.","og:url":"https:\/\/hidalgo.nl\/de\/wp-json\/wp\/v2\/product\/126363","og:image":"https:\/\/shop.hidalgo.nl\/wp-content\/uploads\/2025\/11\/cropped-Hidalgo-est1993.png","og:image:secure_url":"https:\/\/shop.hidalgo.nl\/wp-content\/uploads\/2025\/11\/cropped-Hidalgo-est1993.png","article:published_time":"2025-07-07T18:45:21+00:00","article:modified_time":"2026-02-28T11:22:56+00:00","twitter:card":"summary_large_image","twitter:title":"Bottle Carabiner draaglus drinkfles","twitter:description":"Mit der schwarzen Trageschlaufe aus Silikon mit Karabiner nimmst du deine Trinkflasche bequem an Rucksack oder Sporttasche mit. Ideal f\u00fcr Alltag, Sport und Reisen. Auf Wunsch druckt Hidalgo dein Logo f\u00fcr sichtbare Markenpr\u00e4senz.","twitter:image":"https:\/\/shop.hidalgo.nl\/wp-content\/uploads\/2025\/11\/cropped-Hidalgo-est1993.png"},"aioseo_meta_data":{"post_id":"126363","title":null,"description":null,"keywords":null,"keyphrases":null,"primary_term":null,"canonical_url":null,"og_title":null,"og_description":null,"og_object_type":"default","og_image_type":"default","og_image_url":null,"og_image_width":null,"og_image_height":null,"og_image_custom_url":null,"og_image_custom_fields":null,"og_video":null,"og_custom_url":null,"og_article_section":null,"og_article_tags":null,"twitter_use_og":false,"twitter_card":"default","twitter_image_type":"default","twitter_image_url":null,"twitter_image_custom_url":null,"twitter_image_custom_fields":null,"twitter_title":null,"twitter_description":null,"schema":{"blockGraphs":[],"customGraphs":[],"default":{"data":{"Article":[],"Course":[],"Dataset":[],"FAQPage":[],"Movie":[],"Person":[],"Product":[],"ProductReview":[],"Car":[],"Recipe":[],"Service":[],"SoftwareApplication":[],"WebPage":[]},"graphName":"","isEnabled":true},"graphs":[]},"schema_type":"default","schema_type_options":null,"pillar_content":false,"robots_default":true,"robots_noindex":false,"robots_noarchive":false,"robots_nosnippet":false,"robots_nofollow":false,"robots_noimageindex":false,"robots_noodp":false,"robots_notranslate":false,"robots_max_snippet":null,"robots_max_videopreview":null,"robots_max_imagepreview":"large","priority":null,"frequency":null,"local_seo":null,"seo_analyzer_scan_date":"2026-01-22 08:21:21","breadcrumb_settings":null,"limit_modified_date":false,"reviewed_by":null,"open_ai":null,"ai":null,"created":"2026-01-14 06:25:37","updated":"2026-04-22 23:26:48"},"aioseo_breadcrumb":"<div class=\"aioseo-breadcrumbs\"><span class=\"aioseo-breadcrumb\">\n\t<a href=\"https:\/\/hidalgo.nl\/de\/\" title=\"Home\">Home<\/a>\n<\/span><span class=\"aioseo-breadcrumb-separator\">\u00bb<\/span><span class=\"aioseo-breadcrumb\">\n\t<a href=\"https:\/\/hidalgo.nl\/example\/\" title=\"example\">example<\/a>\n<\/span><span class=\"aioseo-breadcrumb-separator\">\u00bb<\/span><span class=\"aioseo-breadcrumb\">\n\t<a href=\"https:\/\/hidalgo.nl\/en\/product-supplier\/a508\/\" title=\"A508\">A508<\/a>\n<\/span><span class=\"aioseo-breadcrumb-separator\">\u00bb<\/span><span class=\"aioseo-breadcrumb\">\n\tBottle Carabiner draaglus drinkfles\n<\/span><\/div>","aioseo_breadcrumb_json":[{"label":"Home","link":"https:\/\/hidalgo.nl\/de\/"},{"label":"example","link":"https:\/\/hidalgo.nl\/example\/"},{"label":"A508","link":"https:\/\/hidalgo.nl\/en\/product-supplier\/a508\/"},{"label":"Bottle Carabiner draaglus drinkfles","link":"https:\/\/hidalgo.nl\/de\/product\/bottle-carabiner-draaglus-drinkfles\/"}],"_links":{"self":[{"href":"https:\/\/hidalgo.nl\/de\/wp-json\/wp\/v2\/product\/126363","targetHints":{"allow":["GET"]}}],"collection":[{"href":"https:\/\/hidalgo.nl\/de\/wp-json\/wp\/v2\/product"}],"about":[{"href":"https:\/\/hidalgo.nl\/de\/wp-json\/wp\/v2\/types\/product"}],"wp:featuredmedia":[{"embeddable":true,"href":"https:\/\/hidalgo.nl\/de\/wp-json\/wp\/v2\/media\/126364"}],"wp:attachment":[{"href":"https:\/\/hidalgo.nl\/de\/wp-json\/wp\/v2\/media?parent=126363"}],"wp:term":[{"taxonomy":"product_brand","embeddable":true,"href":"https:\/\/hidalgo.nl\/de\/wp-json\/wp\/v2\/product_brand?post=126363"},{"taxonomy":"product_cat","embeddable":true,"href":"https:\/\/hidalgo.nl\/de\/wp-json\/wp\/v2\/product_cat?post=126363"},{"taxonomy":"product_tag","embeddable":true,"href":"https:\/\/hidalgo.nl\/de\/wp-json\/wp\/v2\/product_tag?post=126363"}],"curies":[{"name":"wp","href":"https:\/\/api.w.org\/{rel}","templated":true}]}}