{"id":126334,"date":"2025-07-07T18:44:23","date_gmt":"2025-07-07T18:44:23","guid":{"rendered":"http:\/\/bidonsenshakers.pim.hidalgo.nl\/product\/dutch-playing-cards-speelkaarten\/"},"modified":"2026-02-28T11:20:41","modified_gmt":"2026-02-28T11:20:41","slug":"dutch-playing-cards-speelkaarten","status":"publish","type":"product","link":"https:\/\/hidalgo.nl\/de\/product\/dutch-playing-cards-speelkaarten\/","title":{"rendered":"Dutch Playing Cards speelkaarten"},"content":{"rendered":"<p>Speelkaarten van stevig 300 grams karton. Met Nederlandse afbeeldingen op de voorzijde (A\/H\/V\/B) en hoektekens. De stok bestaat uit 52 speelkaarten en 2 jokers. Verpakt in een kartonnen doosje en cellofaan. Inclusief je eigen full colour ontwerp op de achterzijde van de kaarten en op het doosje. Zo cre\u00eber je een uniek, gepersonaliseerd kaartspel waarmee je gezien wordt tijdens elk potje kaarten.<\/p>\n","protected":false},"excerpt":{"rendered":"<p>Speelkaarten van stevig 300 grams karton. Met Nederlandse afbeeldingen op de voorzijde (A\/H\/V\/B) en hoektekens. De stok bestaat uit 52 speelkaarten en 2 jokers. Verpakt in een kartonnen doosje en cellofaan. Inclusief je eigen full colour ontwerp op de achterzijde van de kaarten en op het doosje. Zo cre\u00eber je een uniek, gepersonaliseerd kaartspel waarmee&hellip; <a class=\"more-link\" href=\"https:\/\/hidalgo.nl\/de\/product\/dutch-playing-cards-speelkaarten\/\"><span class=\"screen-reader-text\">Dutch Playing Cards speelkaarten<\/span> weiterlesen<\/a><\/p>\n","protected":false},"featured_media":126335,"template":"","meta":{"_acf_changed":false,"om_disable_all_campaigns":false,"_monsterinsights_skip_tracking":false,"_monsterinsights_sitenote_active":false,"_monsterinsights_sitenote_note":"","_monsterinsights_sitenote_category":0},"product_brand":[],"product_cat":[4810,4719,4774],"product_tag":[],"class_list":{"0":"post-126334","1":"product","2":"type-product","3":"status-publish","4":"has-post-thumbnail","6":"product_supplier-a508","7":"product_material-karton","8":"product_cat-promotionele-artikelen-vrije-tijd-binnenspellen","9":"product_cat-promotionele-artikelen","10":"product_cat-promotionele-artikelen-vrije-tijd","11":"entry","13":"first","14":"instock","15":"taxable","16":"shipping-taxable","17":"purchasable","18":"product-type-variable"},"acf":{"imprint_cost":[{"imprint_cost_key":"e3a63b2b7420b2bb9a655c34870e06fbc5ff1799","product_quantity_price_range":[{"imprint_cost_recommended_selling_price":"0","imprint_cost_recommended_selling_quantity":"1"},{"imprint_cost_recommended_selling_price":"0","imprint_cost_recommended_selling_quantity":"25"},{"imprint_cost_recommended_selling_price":"0","imprint_cost_recommended_selling_quantity":"50"},{"imprint_cost_recommended_selling_price":"0","imprint_cost_recommended_selling_quantity":"100"},{"imprint_cost_recommended_selling_price":"0","imprint_cost_recommended_selling_quantity":"250"},{"imprint_cost_recommended_selling_price":"0","imprint_cost_recommended_selling_quantity":"500"},{"imprint_cost_recommended_selling_price":"0","imprint_cost_recommended_selling_quantity":"1000"},{"imprint_cost_recommended_selling_price":"0","imprint_cost_recommended_selling_quantity":"2500"},{"imprint_cost_recommended_selling_price":"0","imprint_cost_recommended_selling_quantity":"5000"}],"product_quantity_price_range_buying":[{"imprint_cost_general_buying_price":"0","imprint_cost_general_buying_quantity":"1"},{"imprint_cost_general_buying_price":"0","imprint_cost_general_buying_quantity":"25"},{"imprint_cost_general_buying_price":"0","imprint_cost_general_buying_quantity":"50"},{"imprint_cost_general_buying_price":"0","imprint_cost_general_buying_quantity":"100"},{"imprint_cost_general_buying_price":"0","imprint_cost_general_buying_quantity":"250"},{"imprint_cost_general_buying_price":"0","imprint_cost_general_buying_quantity":"500"},{"imprint_cost_general_buying_price":"0","imprint_cost_general_buying_quantity":"1000"},{"imprint_cost_general_buying_price":"0","imprint_cost_general_buying_quantity":"2500"},{"imprint_cost_general_buying_price":"0","imprint_cost_general_buying_quantity":"5000"}],"imprint_cost_setup_costs":"45","imprint_cost_handling_costs":"0"},{"imprint_cost_key":"086836c7d8b9a959fde4a93fc884e8570fb7af22","product_quantity_price_range":[{"imprint_cost_recommended_selling_price":"0","imprint_cost_recommended_selling_quantity":"1"},{"imprint_cost_recommended_selling_price":"0","imprint_cost_recommended_selling_quantity":"25"},{"imprint_cost_recommended_selling_price":"0","imprint_cost_recommended_selling_quantity":"50"},{"imprint_cost_recommended_selling_price":"0","imprint_cost_recommended_selling_quantity":"100"},{"imprint_cost_recommended_selling_price":"0","imprint_cost_recommended_selling_quantity":"250"},{"imprint_cost_recommended_selling_price":"0","imprint_cost_recommended_selling_quantity":"500"},{"imprint_cost_recommended_selling_price":"0","imprint_cost_recommended_selling_quantity":"1000"},{"imprint_cost_recommended_selling_price":"0","imprint_cost_recommended_selling_quantity":"2500"},{"imprint_cost_recommended_selling_price":"0","imprint_cost_recommended_selling_quantity":"5000"}],"product_quantity_price_range_buying":[{"imprint_cost_general_buying_price":"0","imprint_cost_general_buying_quantity":"1"},{"imprint_cost_general_buying_price":"0","imprint_cost_general_buying_quantity":"25"},{"imprint_cost_general_buying_price":"0","imprint_cost_general_buying_quantity":"50"},{"imprint_cost_general_buying_price":"0","imprint_cost_general_buying_quantity":"100"},{"imprint_cost_general_buying_price":"0","imprint_cost_general_buying_quantity":"250"},{"imprint_cost_general_buying_price":"0","imprint_cost_general_buying_quantity":"500"},{"imprint_cost_general_buying_price":"0","imprint_cost_general_buying_quantity":"1000"},{"imprint_cost_general_buying_price":"0","imprint_cost_general_buying_quantity":"2500"},{"imprint_cost_general_buying_price":"0","imprint_cost_general_buying_quantity":"5000"}],"imprint_cost_setup_costs":"45","imprint_cost_handling_costs":"0"}]},"aioseo_notices":[],"aioseo_head":"\n\t\t<!-- All in One SEO Pro 4.9.6.2 - aioseo.com -->\n\t<meta name=\"description\" content=\"52 Blatt aus 300 g Karton mit klaren Eckzeichen und niederl\u00e4ndischen Karten - ideal f\u00fcrs Kartenspiel auf Events, Messen und im Club, besonders f\u00fcr 20-40-J\u00e4hrige. Wir drucken dein Logo vollfarbig auf R\u00fcckseite und Schachtel, so wird deine Marke bei jedem Spiel gesehen.\" \/>\n\t<meta name=\"robots\" content=\"max-image-preview:large\" \/>\n\t<link rel=\"canonical\" href=\"https:\/\/hidalgo.nl\/de\/wp-json\/wp\/v2\/product\/126334\" \/>\n\t<meta name=\"generator\" content=\"All in One SEO Pro (AIOSEO) 4.9.6.2\" \/>\n\t\t<meta property=\"og:locale\" content=\"de_DE\" \/>\n\t\t<meta property=\"og:site_name\" content=\"Hidalgo -\" \/>\n\t\t<meta property=\"og:type\" content=\"article\" \/>\n\t\t<meta property=\"og:title\" content=\"Dutch Playing Cards speelkaarten\" \/>\n\t\t<meta property=\"og:description\" content=\"52 Blatt aus 300 g Karton mit klaren Eckzeichen und niederl\u00e4ndischen Karten - ideal f\u00fcrs Kartenspiel auf Events, Messen und im Club, besonders f\u00fcr 20-40-J\u00e4hrige. Wir drucken dein Logo vollfarbig auf R\u00fcckseite und Schachtel, so wird deine Marke bei jedem Spiel gesehen.\" \/>\n\t\t<meta property=\"og:url\" content=\"https:\/\/hidalgo.nl\/de\/wp-json\/wp\/v2\/product\/126334\" \/>\n\t\t<meta property=\"og:image\" content=\"https:\/\/shop.hidalgo.nl\/wp-content\/uploads\/2025\/11\/cropped-Hidalgo-est1993.png\" \/>\n\t\t<meta property=\"og:image:secure_url\" content=\"https:\/\/shop.hidalgo.nl\/wp-content\/uploads\/2025\/11\/cropped-Hidalgo-est1993.png\" \/>\n\t\t<meta property=\"article:published_time\" content=\"2025-07-07T18:44:23+00:00\" \/>\n\t\t<meta property=\"article:modified_time\" content=\"2026-02-28T11:20:41+00:00\" \/>\n\t\t<meta name=\"twitter:card\" content=\"summary_large_image\" \/>\n\t\t<meta name=\"twitter:title\" content=\"Dutch Playing Cards speelkaarten\" \/>\n\t\t<meta name=\"twitter:description\" content=\"52 Blatt aus 300 g Karton mit klaren Eckzeichen und niederl\u00e4ndischen Karten - ideal f\u00fcrs Kartenspiel auf Events, Messen und im Club, besonders f\u00fcr 20-40-J\u00e4hrige. Wir drucken dein Logo vollfarbig auf R\u00fcckseite und Schachtel, so wird deine Marke bei jedem Spiel gesehen.\" \/>\n\t\t<meta name=\"twitter:image\" content=\"https:\/\/shop.hidalgo.nl\/wp-content\/uploads\/2025\/11\/cropped-Hidalgo-est1993.png\" \/>\n\t\t<script type=\"application\/ld+json\" class=\"aioseo-schema\">\n\t\t\t{\"@context\":\"https:\\\/\\\/schema.org\",\"@graph\":[{\"@type\":\"BreadcrumbList\",\"@id\":\"https:\\\/\\\/hidalgo.nl\\\/de\\\/product\\\/dutch-playing-cards-speelkaarten\\\/#breadcrumblist\",\"itemListElement\":[{\"@type\":\"ListItem\",\"@id\":\"https:\\\/\\\/hidalgo.nl\\\/de\\\/#listItem\",\"position\":1,\"name\":\"Home\",\"item\":\"https:\\\/\\\/hidalgo.nl\\\/de\\\/\",\"nextItem\":{\"@type\":\"ListItem\",\"@id\":\"https:\\\/\\\/hidalgo.nl\\\/example\\\/#listItem\",\"name\":\"example\"}},{\"@type\":\"ListItem\",\"@id\":\"https:\\\/\\\/hidalgo.nl\\\/example\\\/#listItem\",\"position\":2,\"name\":\"example\",\"item\":\"https:\\\/\\\/hidalgo.nl\\\/example\\\/\",\"nextItem\":{\"@type\":\"ListItem\",\"@id\":\"https:\\\/\\\/hidalgo.nl\\\/en\\\/product-supplier\\\/a508\\\/#listItem\",\"name\":\"A508\"},\"previousItem\":{\"@type\":\"ListItem\",\"@id\":\"https:\\\/\\\/hidalgo.nl\\\/de\\\/#listItem\",\"name\":\"Home\"}},{\"@type\":\"ListItem\",\"@id\":\"https:\\\/\\\/hidalgo.nl\\\/en\\\/product-supplier\\\/a508\\\/#listItem\",\"position\":3,\"name\":\"A508\",\"item\":\"https:\\\/\\\/hidalgo.nl\\\/en\\\/product-supplier\\\/a508\\\/\",\"nextItem\":{\"@type\":\"ListItem\",\"@id\":\"https:\\\/\\\/hidalgo.nl\\\/de\\\/product\\\/dutch-playing-cards-speelkaarten\\\/#listItem\",\"name\":\"Dutch Playing Cards speelkaarten\"},\"previousItem\":{\"@type\":\"ListItem\",\"@id\":\"https:\\\/\\\/hidalgo.nl\\\/example\\\/#listItem\",\"name\":\"example\"}},{\"@type\":\"ListItem\",\"@id\":\"https:\\\/\\\/hidalgo.nl\\\/de\\\/product\\\/dutch-playing-cards-speelkaarten\\\/#listItem\",\"position\":4,\"name\":\"Dutch Playing Cards speelkaarten\",\"previousItem\":{\"@type\":\"ListItem\",\"@id\":\"https:\\\/\\\/hidalgo.nl\\\/en\\\/product-supplier\\\/a508\\\/#listItem\",\"name\":\"A508\"}}]},{\"@type\":\"Organization\",\"@id\":\"https:\\\/\\\/hidalgo.nl\\\/de\\\/#organization\",\"name\":\"Hidalgo\",\"url\":\"https:\\\/\\\/hidalgo.nl\\\/de\\\/\",\"logo\":{\"@type\":\"ImageObject\",\"url\":\"https:\\\/\\\/shop.hidalgo.nl\\\/wp-content\\\/uploads\\\/2025\\\/11\\\/cropped-Hidalgo-est1993.png\",\"@id\":\"https:\\\/\\\/hidalgo.nl\\\/de\\\/product\\\/dutch-playing-cards-speelkaarten\\\/#organizationLogo\",\"width\":585,\"height\":195},\"image\":{\"@id\":\"https:\\\/\\\/hidalgo.nl\\\/de\\\/product\\\/dutch-playing-cards-speelkaarten\\\/#organizationLogo\"}},{\"@type\":\"ProductGroup\",\"@id\":\"https:\\\/\\\/hidalgo.nl\\\/de\\\/product\\\/dutch-playing-cards-speelkaarten\\\/#wooCommerceProduct\",\"name\":\"Dutch Playing Cards speelkaarten\",\"url\":\"https:\\\/\\\/hidalgo.nl\\\/de\\\/product\\\/dutch-playing-cards-speelkaarten\\\/\",\"sku\":\"A508-1390\",\"image\":{\"@type\":\"ImageObject\",\"url\":\"https:\\\/\\\/shop.hidalgo.nl\\\/wp-content\\\/uploads\\\/2025\\\/07\\\/87bb56cdcdd06de697d7f150db2298b16acad0c686ae7dc878e0386b6a6176a0.jpg\",\"@id\":\"https:\\\/\\\/hidalgo.nl\\\/de\\\/product\\\/dutch-playing-cards-speelkaarten\\\/#productImage\",\"width\":1000,\"height\":1000},\"productGroupID\":126334,\"hasVariant\":[{\"@type\":\"Product\",\"@id\":\"https:\\\/\\\/hidalgo.nl\\\/de\\\/product\\\/dutch-playing-cards-speelkaarten\\\/#wooCommerceProduct\",\"name\":\"Dutch Playing Cards speelkaarten - multicolour\",\"url\":\"https:\\\/\\\/hidalgo.nl\\\/de\\\/product\\\/dutch-playing-cards-speelkaarten\\\/\",\"sku\":\"A508-139099\",\"image\":{\"@type\":\"ImageObject\",\"url\":\"https:\\\/\\\/shop.hidalgo.nl\\\/wp-content\\\/uploads\\\/2025\\\/07\\\/87bb56cdcdd06de697d7f150db2298b16acad0c686ae7dc878e0386b6a6176a0.jpg\",\"@id\":\"https:\\\/\\\/hidalgo.nl\\\/de\\\/product\\\/dutch-playing-cards-speelkaarten\\\/#productImage\",\"width\":1000,\"height\":1000},\"offers\":{\"@type\":\"Offer\",\"url\":\"https:\\\/\\\/hidalgo.nl\\\/de\\\/product\\\/dutch-playing-cards-speelkaarten\\\/#wooCommerceOffer\",\"price\":\"5.175\",\"priceCurrency\":\"EUR\",\"category\":\"Promotionele Artikelen\",\"availability\":\"https:\\\/\\\/schema.org\\\/InStock\",\"priceSpecification\":{\"@type\":\"PriceSpecification\",\"price\":5.175,\"priceCurrency\":\"EUR\",\"valueAddedTaxIncluded\":\"true\"}}}]},{\"@type\":\"WebPage\",\"@id\":\"https:\\\/\\\/hidalgo.nl\\\/de\\\/product\\\/dutch-playing-cards-speelkaarten\\\/#webpage\",\"url\":\"https:\\\/\\\/hidalgo.nl\\\/de\\\/product\\\/dutch-playing-cards-speelkaarten\\\/\",\"name\":\"Dutch Playing Cards speelkaarten\",\"description\":\"52 Blatt aus 300 g Karton mit klaren Eckzeichen und niederl\\u00e4ndischen Karten - ideal f\\u00fcrs Kartenspiel auf Events, Messen und im Club, besonders f\\u00fcr 20-40-J\\u00e4hrige. Wir drucken dein Logo vollfarbig auf R\\u00fcckseite und Schachtel, so wird deine Marke bei jedem Spiel gesehen.\",\"inLanguage\":\"de-DE\",\"isPartOf\":{\"@id\":\"https:\\\/\\\/hidalgo.nl\\\/de\\\/#website\"},\"breadcrumb\":{\"@id\":\"https:\\\/\\\/hidalgo.nl\\\/de\\\/product\\\/dutch-playing-cards-speelkaarten\\\/#breadcrumblist\"},\"image\":{\"@type\":\"ImageObject\",\"url\":\"https:\\\/\\\/shop.hidalgo.nl\\\/wp-content\\\/uploads\\\/2025\\\/07\\\/87bb56cdcdd06de697d7f150db2298b16acad0c686ae7dc878e0386b6a6176a0.jpg\",\"@id\":\"https:\\\/\\\/hidalgo.nl\\\/de\\\/product\\\/dutch-playing-cards-speelkaarten\\\/#mainImage\",\"width\":1000,\"height\":1000},\"primaryImageOfPage\":{\"@id\":\"https:\\\/\\\/hidalgo.nl\\\/de\\\/product\\\/dutch-playing-cards-speelkaarten\\\/#mainImage\"},\"datePublished\":\"2025-07-07T18:44:23+00:00\",\"dateModified\":\"2026-02-28T11:20:41+00:00\"},{\"@type\":\"WebSite\",\"@id\":\"https:\\\/\\\/hidalgo.nl\\\/de\\\/#website\",\"url\":\"https:\\\/\\\/hidalgo.nl\\\/de\\\/\",\"name\":\"Hidalgo\",\"inLanguage\":\"de-DE\",\"publisher\":{\"@id\":\"https:\\\/\\\/hidalgo.nl\\\/de\\\/#organization\"}}]}\n\t\t<\/script>\n\t\t<!-- All in One SEO Pro -->\r\n\t\t<title>Dutch Playing Cards speelkaarten<\/title>\n\n","aioseo_head_json":{"title":"Dutch Playing Cards speelkaarten","description":"52 Blatt aus 300 g Karton mit klaren Eckzeichen und niederl\u00e4ndischen Karten - ideal f\u00fcrs Kartenspiel auf Events, Messen und im Club, besonders f\u00fcr 20-40-J\u00e4hrige. Wir drucken dein Logo vollfarbig auf R\u00fcckseite und Schachtel, so wird deine Marke bei jedem Spiel gesehen.","canonical_url":"https:\/\/hidalgo.nl\/de\/wp-json\/wp\/v2\/product\/126334","robots":"max-image-preview:large","keywords":"","webmasterTools":{"miscellaneous":""},"schema":{"@context":"https:\/\/schema.org","@graph":[{"@type":"BreadcrumbList","@id":"https:\/\/hidalgo.nl\/de\/product\/dutch-playing-cards-speelkaarten\/#breadcrumblist","itemListElement":[{"@type":"ListItem","@id":"https:\/\/hidalgo.nl\/de\/#listItem","position":1,"name":"Home","item":"https:\/\/hidalgo.nl\/de\/","nextItem":{"@type":"ListItem","@id":"https:\/\/hidalgo.nl\/example\/#listItem","name":"example"}},{"@type":"ListItem","@id":"https:\/\/hidalgo.nl\/example\/#listItem","position":2,"name":"example","item":"https:\/\/hidalgo.nl\/example\/","nextItem":{"@type":"ListItem","@id":"https:\/\/hidalgo.nl\/en\/product-supplier\/a508\/#listItem","name":"A508"},"previousItem":{"@type":"ListItem","@id":"https:\/\/hidalgo.nl\/de\/#listItem","name":"Home"}},{"@type":"ListItem","@id":"https:\/\/hidalgo.nl\/en\/product-supplier\/a508\/#listItem","position":3,"name":"A508","item":"https:\/\/hidalgo.nl\/en\/product-supplier\/a508\/","nextItem":{"@type":"ListItem","@id":"https:\/\/hidalgo.nl\/de\/product\/dutch-playing-cards-speelkaarten\/#listItem","name":"Dutch Playing Cards speelkaarten"},"previousItem":{"@type":"ListItem","@id":"https:\/\/hidalgo.nl\/example\/#listItem","name":"example"}},{"@type":"ListItem","@id":"https:\/\/hidalgo.nl\/de\/product\/dutch-playing-cards-speelkaarten\/#listItem","position":4,"name":"Dutch Playing Cards speelkaarten","previousItem":{"@type":"ListItem","@id":"https:\/\/hidalgo.nl\/en\/product-supplier\/a508\/#listItem","name":"A508"}}]},{"@type":"Organization","@id":"https:\/\/hidalgo.nl\/de\/#organization","name":"Hidalgo","url":"https:\/\/hidalgo.nl\/de\/","logo":{"@type":"ImageObject","url":"https:\/\/shop.hidalgo.nl\/wp-content\/uploads\/2025\/11\/cropped-Hidalgo-est1993.png","@id":"https:\/\/hidalgo.nl\/de\/product\/dutch-playing-cards-speelkaarten\/#organizationLogo","width":585,"height":195},"image":{"@id":"https:\/\/hidalgo.nl\/de\/product\/dutch-playing-cards-speelkaarten\/#organizationLogo"}},{"@type":"ProductGroup","@id":"https:\/\/hidalgo.nl\/de\/product\/dutch-playing-cards-speelkaarten\/#wooCommerceProduct","name":"Dutch Playing Cards speelkaarten","url":"https:\/\/hidalgo.nl\/de\/product\/dutch-playing-cards-speelkaarten\/","sku":"A508-1390","image":{"@type":"ImageObject","url":"https:\/\/shop.hidalgo.nl\/wp-content\/uploads\/2025\/07\/87bb56cdcdd06de697d7f150db2298b16acad0c686ae7dc878e0386b6a6176a0.jpg","@id":"https:\/\/hidalgo.nl\/de\/product\/dutch-playing-cards-speelkaarten\/#productImage","width":1000,"height":1000},"productGroupID":126334,"hasVariant":[{"@type":"Product","@id":"https:\/\/hidalgo.nl\/de\/product\/dutch-playing-cards-speelkaarten\/#wooCommerceProduct","name":"Dutch Playing Cards speelkaarten - multicolour","url":"https:\/\/hidalgo.nl\/de\/product\/dutch-playing-cards-speelkaarten\/","sku":"A508-139099","image":{"@type":"ImageObject","url":"https:\/\/shop.hidalgo.nl\/wp-content\/uploads\/2025\/07\/87bb56cdcdd06de697d7f150db2298b16acad0c686ae7dc878e0386b6a6176a0.jpg","@id":"https:\/\/hidalgo.nl\/de\/product\/dutch-playing-cards-speelkaarten\/#productImage","width":1000,"height":1000},"offers":{"@type":"Offer","url":"https:\/\/hidalgo.nl\/de\/product\/dutch-playing-cards-speelkaarten\/#wooCommerceOffer","price":"5.175","priceCurrency":"EUR","category":"Promotionele Artikelen","availability":"https:\/\/schema.org\/InStock","priceSpecification":{"@type":"PriceSpecification","price":5.175,"priceCurrency":"EUR","valueAddedTaxIncluded":"true"}}}]},{"@type":"WebPage","@id":"https:\/\/hidalgo.nl\/de\/product\/dutch-playing-cards-speelkaarten\/#webpage","url":"https:\/\/hidalgo.nl\/de\/product\/dutch-playing-cards-speelkaarten\/","name":"Dutch Playing Cards speelkaarten","description":"52 Blatt aus 300 g Karton mit klaren Eckzeichen und niederl\u00e4ndischen Karten - ideal f\u00fcrs Kartenspiel auf Events, Messen und im Club, besonders f\u00fcr 20-40-J\u00e4hrige. Wir drucken dein Logo vollfarbig auf R\u00fcckseite und Schachtel, so wird deine Marke bei jedem Spiel gesehen.","inLanguage":"de-DE","isPartOf":{"@id":"https:\/\/hidalgo.nl\/de\/#website"},"breadcrumb":{"@id":"https:\/\/hidalgo.nl\/de\/product\/dutch-playing-cards-speelkaarten\/#breadcrumblist"},"image":{"@type":"ImageObject","url":"https:\/\/shop.hidalgo.nl\/wp-content\/uploads\/2025\/07\/87bb56cdcdd06de697d7f150db2298b16acad0c686ae7dc878e0386b6a6176a0.jpg","@id":"https:\/\/hidalgo.nl\/de\/product\/dutch-playing-cards-speelkaarten\/#mainImage","width":1000,"height":1000},"primaryImageOfPage":{"@id":"https:\/\/hidalgo.nl\/de\/product\/dutch-playing-cards-speelkaarten\/#mainImage"},"datePublished":"2025-07-07T18:44:23+00:00","dateModified":"2026-02-28T11:20:41+00:00"},{"@type":"WebSite","@id":"https:\/\/hidalgo.nl\/de\/#website","url":"https:\/\/hidalgo.nl\/de\/","name":"Hidalgo","inLanguage":"de-DE","publisher":{"@id":"https:\/\/hidalgo.nl\/de\/#organization"}}]},"og:locale":"de_DE","og:site_name":"Hidalgo -","og:type":"article","og:title":"Dutch Playing Cards speelkaarten","og:description":"52 Blatt aus 300 g Karton mit klaren Eckzeichen und niederl\u00e4ndischen Karten - ideal f\u00fcrs Kartenspiel auf Events, Messen und im Club, besonders f\u00fcr 20-40-J\u00e4hrige. Wir drucken dein Logo vollfarbig auf R\u00fcckseite und Schachtel, so wird deine Marke bei jedem Spiel gesehen.","og:url":"https:\/\/hidalgo.nl\/de\/wp-json\/wp\/v2\/product\/126334","og:image":"https:\/\/shop.hidalgo.nl\/wp-content\/uploads\/2025\/11\/cropped-Hidalgo-est1993.png","og:image:secure_url":"https:\/\/shop.hidalgo.nl\/wp-content\/uploads\/2025\/11\/cropped-Hidalgo-est1993.png","article:published_time":"2025-07-07T18:44:23+00:00","article:modified_time":"2026-02-28T11:20:41+00:00","twitter:card":"summary_large_image","twitter:title":"Dutch Playing Cards speelkaarten","twitter:description":"52 Blatt aus 300 g Karton mit klaren Eckzeichen und niederl\u00e4ndischen Karten - ideal f\u00fcrs Kartenspiel auf Events, Messen und im Club, besonders f\u00fcr 20-40-J\u00e4hrige. Wir drucken dein Logo vollfarbig auf R\u00fcckseite und Schachtel, so wird deine Marke bei jedem Spiel gesehen.","twitter:image":"https:\/\/shop.hidalgo.nl\/wp-content\/uploads\/2025\/11\/cropped-Hidalgo-est1993.png"},"aioseo_meta_data":{"post_id":"126334","title":null,"description":null,"keywords":null,"keyphrases":null,"primary_term":null,"canonical_url":null,"og_title":null,"og_description":null,"og_object_type":"default","og_image_type":"default","og_image_url":null,"og_image_width":null,"og_image_height":null,"og_image_custom_url":null,"og_image_custom_fields":null,"og_video":null,"og_custom_url":null,"og_article_section":null,"og_article_tags":null,"twitter_use_og":false,"twitter_card":"default","twitter_image_type":"default","twitter_image_url":null,"twitter_image_custom_url":null,"twitter_image_custom_fields":null,"twitter_title":null,"twitter_description":null,"schema":{"blockGraphs":[],"customGraphs":[],"default":{"data":{"Article":[],"Course":[],"Dataset":[],"FAQPage":[],"Movie":[],"Person":[],"Product":[],"ProductReview":[],"Car":[],"Recipe":[],"Service":[],"SoftwareApplication":[],"WebPage":[]},"graphName":"","isEnabled":true},"graphs":[]},"schema_type":"default","schema_type_options":null,"pillar_content":false,"robots_default":true,"robots_noindex":false,"robots_noarchive":false,"robots_nosnippet":false,"robots_nofollow":false,"robots_noimageindex":false,"robots_noodp":false,"robots_notranslate":false,"robots_max_snippet":null,"robots_max_videopreview":null,"robots_max_imagepreview":"large","priority":null,"frequency":null,"local_seo":null,"seo_analyzer_scan_date":"2026-01-22 08:21:20","breadcrumb_settings":null,"limit_modified_date":false,"reviewed_by":null,"open_ai":null,"ai":null,"created":"2026-01-14 06:25:37","updated":"2026-04-22 23:26:48"},"aioseo_breadcrumb":"<div class=\"aioseo-breadcrumbs\"><span class=\"aioseo-breadcrumb\">\n\t<a href=\"https:\/\/hidalgo.nl\/de\/\" title=\"Home\">Home<\/a>\n<\/span><span class=\"aioseo-breadcrumb-separator\">\u00bb<\/span><span class=\"aioseo-breadcrumb\">\n\t<a href=\"https:\/\/hidalgo.nl\/example\/\" title=\"example\">example<\/a>\n<\/span><span class=\"aioseo-breadcrumb-separator\">\u00bb<\/span><span class=\"aioseo-breadcrumb\">\n\t<a href=\"https:\/\/hidalgo.nl\/en\/product-supplier\/a508\/\" title=\"A508\">A508<\/a>\n<\/span><span class=\"aioseo-breadcrumb-separator\">\u00bb<\/span><span class=\"aioseo-breadcrumb\">\n\tDutch Playing Cards speelkaarten\n<\/span><\/div>","aioseo_breadcrumb_json":[{"label":"Home","link":"https:\/\/hidalgo.nl\/de\/"},{"label":"example","link":"https:\/\/hidalgo.nl\/example\/"},{"label":"A508","link":"https:\/\/hidalgo.nl\/en\/product-supplier\/a508\/"},{"label":"Dutch Playing Cards speelkaarten","link":"https:\/\/hidalgo.nl\/de\/product\/dutch-playing-cards-speelkaarten\/"}],"_links":{"self":[{"href":"https:\/\/hidalgo.nl\/de\/wp-json\/wp\/v2\/product\/126334","targetHints":{"allow":["GET"]}}],"collection":[{"href":"https:\/\/hidalgo.nl\/de\/wp-json\/wp\/v2\/product"}],"about":[{"href":"https:\/\/hidalgo.nl\/de\/wp-json\/wp\/v2\/types\/product"}],"wp:featuredmedia":[{"embeddable":true,"href":"https:\/\/hidalgo.nl\/de\/wp-json\/wp\/v2\/media\/126335"}],"wp:attachment":[{"href":"https:\/\/hidalgo.nl\/de\/wp-json\/wp\/v2\/media?parent=126334"}],"wp:term":[{"taxonomy":"product_brand","embeddable":true,"href":"https:\/\/hidalgo.nl\/de\/wp-json\/wp\/v2\/product_brand?post=126334"},{"taxonomy":"product_cat","embeddable":true,"href":"https:\/\/hidalgo.nl\/de\/wp-json\/wp\/v2\/product_cat?post=126334"},{"taxonomy":"product_tag","embeddable":true,"href":"https:\/\/hidalgo.nl\/de\/wp-json\/wp\/v2\/product_tag?post=126334"}],"curies":[{"name":"wp","href":"https:\/\/api.w.org\/{rel}","templated":true}]}}