{"id":125966,"date":"2025-07-07T18:32:44","date_gmt":"2025-07-07T18:32:44","guid":{"rendered":"http:\/\/bidonsenshakers.pim.hidalgo.nl\/product\/seed-paper-lanyard-2-cm-keycord\/"},"modified":"2026-02-28T11:12:01","modified_gmt":"2026-02-28T11:12:01","slug":"seed-paper-lanyard-2-cm-keycord","status":"publish","type":"product","link":"https:\/\/hidalgo.nl\/de\/product\/seed-paper-lanyard-2-cm-keycord\/","title":{"rendered":"Seed Paper Lanyard 2 cm keycord"},"content":{"rendered":"<p>Lanyard gemaakt van 100% gerecycled en recyclebaar, plantbaar zaadpapier. Met metalen karabijnhaak. Inclusief full colour opdruk op 1 zijde. Een perfect item voor onder meer beurzen en congressen. Promotioneel en functioneel. Tussen twee lagen gerecycled oud papier (40 g\/m\u00b2) zit een mix aan bloemzaadjes verlijmd. Na gebruik kun je de biologisch afbreekbare lanyard (m.u.v. de karabijnhaak) in de aarde planten.   De zaadjes groeien uit tot bloemen. De veldbloemenmix bestaat uit: Moederkruid &#8211;  Sluierkruid &#8211; Grote Leeuwenbek &#8211; Schermscheefbloem &#8211; Zilverschildzaad &#8211; Mexicaantje &#8211; Petunia Nana, Salvia Coccinia, Zomerazalea &#8211; IJsbloem. Een milieuvriendelijk product dat bovendien bijdraagt aan het op peil houden van een gezonde bijenpopulatie.<\/p>\n","protected":false},"excerpt":{"rendered":"<p>Lanyard gemaakt van 100% gerecycled en recyclebaar, plantbaar zaadpapier. Met metalen karabijnhaak. Inclusief full colour opdruk op 1 zijde. Een perfect item voor onder meer beurzen en congressen. Promotioneel en functioneel. Tussen twee lagen gerecycled oud papier (40 g\/m\u00b2) zit een mix aan bloemzaadjes verlijmd. Na gebruik kun je de biologisch afbreekbare lanyard (m.u.v. de&hellip; <a class=\"more-link\" href=\"https:\/\/hidalgo.nl\/de\/product\/seed-paper-lanyard-2-cm-keycord\/\"><span class=\"screen-reader-text\">Seed Paper Lanyard 2 cm keycord<\/span> weiterlesen<\/a><\/p>\n","protected":false},"featured_media":125967,"template":"","meta":{"_acf_changed":false,"om_disable_all_campaigns":false,"_monsterinsights_skip_tracking":false,"_monsterinsights_sitenote_active":false,"_monsterinsights_sitenote_note":"","_monsterinsights_sitenote_category":0},"product_brand":[],"product_cat":[4924,4719],"product_tag":[],"class_list":{"0":"post-125966","1":"product","2":"type-product","3":"status-publish","4":"has-post-thumbnail","6":"product_supplier-a508","7":"product_material-zaadpapier","8":"product_cat-promotionele-artikelen-lanyards","9":"product_cat-promotionele-artikelen","10":"entry","12":"first","13":"instock","14":"taxable","15":"shipping-taxable","16":"purchasable","17":"product-type-variable"},"acf":{"imprint_cost":[{"imprint_cost_key":"670b3e8b096e6b537201b6b8e9e5597ec15c9f52","product_quantity_price_range":[{"imprint_cost_recommended_selling_price":"0","imprint_cost_recommended_selling_quantity":"1"},{"imprint_cost_recommended_selling_price":"0","imprint_cost_recommended_selling_quantity":"25"},{"imprint_cost_recommended_selling_price":"0","imprint_cost_recommended_selling_quantity":"50"},{"imprint_cost_recommended_selling_price":"0","imprint_cost_recommended_selling_quantity":"100"},{"imprint_cost_recommended_selling_price":"0","imprint_cost_recommended_selling_quantity":"250"},{"imprint_cost_recommended_selling_price":"0","imprint_cost_recommended_selling_quantity":"500"},{"imprint_cost_recommended_selling_price":"0","imprint_cost_recommended_selling_quantity":"1000"},{"imprint_cost_recommended_selling_price":"0","imprint_cost_recommended_selling_quantity":"2500"},{"imprint_cost_recommended_selling_price":"0","imprint_cost_recommended_selling_quantity":"5000"}],"product_quantity_price_range_buying":[{"imprint_cost_general_buying_price":"0","imprint_cost_general_buying_quantity":"1"},{"imprint_cost_general_buying_price":"0","imprint_cost_general_buying_quantity":"25"},{"imprint_cost_general_buying_price":"0","imprint_cost_general_buying_quantity":"50"},{"imprint_cost_general_buying_price":"0","imprint_cost_general_buying_quantity":"100"},{"imprint_cost_general_buying_price":"0","imprint_cost_general_buying_quantity":"250"},{"imprint_cost_general_buying_price":"0","imprint_cost_general_buying_quantity":"500"},{"imprint_cost_general_buying_price":"0","imprint_cost_general_buying_quantity":"1000"},{"imprint_cost_general_buying_price":"0","imprint_cost_general_buying_quantity":"2500"},{"imprint_cost_general_buying_price":"0","imprint_cost_general_buying_quantity":"5000"}],"imprint_cost_setup_costs":"45","imprint_cost_handling_costs":"0"}]},"aioseo_notices":[],"aioseo_head":"\n\t\t<!-- All in One SEO Pro 4.9.6.2 - aioseo.com -->\n\t<meta name=\"description\" content=\"Trage Ausweis oder Schl\u00fcssel bequem: Dieses wei\u00dfe Schl\u00fcsselband ist nachhaltig, pflanzbar und w\u00e4chst nach dem Einsatz zu bunten Blumen heran, die Bienen unterst\u00fctzen. Hidalgo druckt dein Logo vollfarbig f\u00fcr starke Sichtbarkeit; ideal f\u00fcr Events, mit stabilem Metallkarabiner.\" \/>\n\t<meta name=\"robots\" content=\"max-image-preview:large\" \/>\n\t<link rel=\"canonical\" href=\"https:\/\/hidalgo.nl\/de\/wp-json\/wp\/v2\/product\/125966\" \/>\n\t<meta name=\"generator\" content=\"All in One SEO Pro (AIOSEO) 4.9.6.2\" \/>\n\t\t<meta property=\"og:locale\" content=\"de_DE\" \/>\n\t\t<meta property=\"og:site_name\" content=\"Hidalgo -\" \/>\n\t\t<meta property=\"og:type\" content=\"article\" \/>\n\t\t<meta property=\"og:title\" content=\"Seed Paper Lanyard 2 cm keycord\" \/>\n\t\t<meta property=\"og:description\" content=\"Trage Ausweis oder Schl\u00fcssel bequem: Dieses wei\u00dfe Schl\u00fcsselband ist nachhaltig, pflanzbar und w\u00e4chst nach dem Einsatz zu bunten Blumen heran, die Bienen unterst\u00fctzen. Hidalgo druckt dein Logo vollfarbig f\u00fcr starke Sichtbarkeit; ideal f\u00fcr Events, mit stabilem Metallkarabiner.\" \/>\n\t\t<meta property=\"og:url\" content=\"https:\/\/hidalgo.nl\/de\/wp-json\/wp\/v2\/product\/125966\" \/>\n\t\t<meta property=\"og:image\" content=\"https:\/\/shop.hidalgo.nl\/wp-content\/uploads\/2025\/11\/cropped-Hidalgo-est1993.png\" \/>\n\t\t<meta property=\"og:image:secure_url\" content=\"https:\/\/shop.hidalgo.nl\/wp-content\/uploads\/2025\/11\/cropped-Hidalgo-est1993.png\" \/>\n\t\t<meta property=\"article:published_time\" content=\"2025-07-07T18:32:44+00:00\" \/>\n\t\t<meta property=\"article:modified_time\" content=\"2026-02-28T11:12:01+00:00\" \/>\n\t\t<meta name=\"twitter:card\" content=\"summary_large_image\" \/>\n\t\t<meta name=\"twitter:title\" content=\"Seed Paper Lanyard 2 cm keycord\" \/>\n\t\t<meta name=\"twitter:description\" content=\"Trage Ausweis oder Schl\u00fcssel bequem: Dieses wei\u00dfe Schl\u00fcsselband ist nachhaltig, pflanzbar und w\u00e4chst nach dem Einsatz zu bunten Blumen heran, die Bienen unterst\u00fctzen. Hidalgo druckt dein Logo vollfarbig f\u00fcr starke Sichtbarkeit; ideal f\u00fcr Events, mit stabilem Metallkarabiner.\" \/>\n\t\t<meta name=\"twitter:image\" content=\"https:\/\/shop.hidalgo.nl\/wp-content\/uploads\/2025\/11\/cropped-Hidalgo-est1993.png\" \/>\n\t\t<script type=\"application\/ld+json\" class=\"aioseo-schema\">\n\t\t\t{\"@context\":\"https:\\\/\\\/schema.org\",\"@graph\":[{\"@type\":\"BreadcrumbList\",\"@id\":\"https:\\\/\\\/hidalgo.nl\\\/de\\\/product\\\/seed-paper-lanyard-2-cm-keycord\\\/#breadcrumblist\",\"itemListElement\":[{\"@type\":\"ListItem\",\"@id\":\"https:\\\/\\\/hidalgo.nl\\\/de\\\/#listItem\",\"position\":1,\"name\":\"Home\",\"item\":\"https:\\\/\\\/hidalgo.nl\\\/de\\\/\",\"nextItem\":{\"@type\":\"ListItem\",\"@id\":\"https:\\\/\\\/hidalgo.nl\\\/example\\\/#listItem\",\"name\":\"example\"}},{\"@type\":\"ListItem\",\"@id\":\"https:\\\/\\\/hidalgo.nl\\\/example\\\/#listItem\",\"position\":2,\"name\":\"example\",\"item\":\"https:\\\/\\\/hidalgo.nl\\\/example\\\/\",\"nextItem\":{\"@type\":\"ListItem\",\"@id\":\"https:\\\/\\\/hidalgo.nl\\\/en\\\/product-supplier\\\/a508\\\/#listItem\",\"name\":\"A508\"},\"previousItem\":{\"@type\":\"ListItem\",\"@id\":\"https:\\\/\\\/hidalgo.nl\\\/de\\\/#listItem\",\"name\":\"Home\"}},{\"@type\":\"ListItem\",\"@id\":\"https:\\\/\\\/hidalgo.nl\\\/en\\\/product-supplier\\\/a508\\\/#listItem\",\"position\":3,\"name\":\"A508\",\"item\":\"https:\\\/\\\/hidalgo.nl\\\/en\\\/product-supplier\\\/a508\\\/\",\"nextItem\":{\"@type\":\"ListItem\",\"@id\":\"https:\\\/\\\/hidalgo.nl\\\/de\\\/product\\\/seed-paper-lanyard-2-cm-keycord\\\/#listItem\",\"name\":\"Seed Paper Lanyard 2 cm keycord\"},\"previousItem\":{\"@type\":\"ListItem\",\"@id\":\"https:\\\/\\\/hidalgo.nl\\\/example\\\/#listItem\",\"name\":\"example\"}},{\"@type\":\"ListItem\",\"@id\":\"https:\\\/\\\/hidalgo.nl\\\/de\\\/product\\\/seed-paper-lanyard-2-cm-keycord\\\/#listItem\",\"position\":4,\"name\":\"Seed Paper Lanyard 2 cm keycord\",\"previousItem\":{\"@type\":\"ListItem\",\"@id\":\"https:\\\/\\\/hidalgo.nl\\\/en\\\/product-supplier\\\/a508\\\/#listItem\",\"name\":\"A508\"}}]},{\"@type\":\"Organization\",\"@id\":\"https:\\\/\\\/hidalgo.nl\\\/de\\\/#organization\",\"name\":\"Hidalgo\",\"url\":\"https:\\\/\\\/hidalgo.nl\\\/de\\\/\",\"logo\":{\"@type\":\"ImageObject\",\"url\":\"https:\\\/\\\/shop.hidalgo.nl\\\/wp-content\\\/uploads\\\/2025\\\/11\\\/cropped-Hidalgo-est1993.png\",\"@id\":\"https:\\\/\\\/hidalgo.nl\\\/de\\\/product\\\/seed-paper-lanyard-2-cm-keycord\\\/#organizationLogo\",\"width\":585,\"height\":195},\"image\":{\"@id\":\"https:\\\/\\\/hidalgo.nl\\\/de\\\/product\\\/seed-paper-lanyard-2-cm-keycord\\\/#organizationLogo\"}},{\"@type\":\"ProductGroup\",\"@id\":\"https:\\\/\\\/hidalgo.nl\\\/de\\\/product\\\/seed-paper-lanyard-2-cm-keycord\\\/#wooCommerceProduct\",\"name\":\"Seed Paper Lanyard 2 cm keycord\",\"url\":\"https:\\\/\\\/hidalgo.nl\\\/de\\\/product\\\/seed-paper-lanyard-2-cm-keycord\\\/\",\"sku\":\"A508-1291\",\"image\":{\"@type\":\"ImageObject\",\"url\":\"https:\\\/\\\/shop.hidalgo.nl\\\/wp-content\\\/uploads\\\/2025\\\/07\\\/8ab6be99fa20ca968ec3149705f782087ea8c5ff2b7c407b08aeaa78df07a692.jpg\",\"@id\":\"https:\\\/\\\/hidalgo.nl\\\/de\\\/product\\\/seed-paper-lanyard-2-cm-keycord\\\/#productImage\",\"width\":1000,\"height\":1000},\"productGroupID\":125966,\"hasVariant\":[{\"@type\":\"Product\",\"@id\":\"https:\\\/\\\/hidalgo.nl\\\/de\\\/product\\\/seed-paper-lanyard-2-cm-keycord\\\/#wooCommerceProduct\",\"name\":\"Seed Paper Lanyard 2 cm keycord - wit\",\"url\":\"https:\\\/\\\/hidalgo.nl\\\/de\\\/product\\\/seed-paper-lanyard-2-cm-keycord\\\/\",\"sku\":\"A508-129110\",\"image\":{\"@type\":\"ImageObject\",\"url\":\"https:\\\/\\\/shop.hidalgo.nl\\\/wp-content\\\/uploads\\\/2025\\\/07\\\/8ab6be99fa20ca968ec3149705f782087ea8c5ff2b7c407b08aeaa78df07a692.jpg\",\"@id\":\"https:\\\/\\\/hidalgo.nl\\\/de\\\/product\\\/seed-paper-lanyard-2-cm-keycord\\\/#productImage\",\"width\":1000,\"height\":1000},\"offers\":{\"@type\":\"Offer\",\"url\":\"https:\\\/\\\/hidalgo.nl\\\/de\\\/product\\\/seed-paper-lanyard-2-cm-keycord\\\/#wooCommerceOffer\",\"price\":\"3.735\",\"priceCurrency\":\"EUR\",\"category\":\"Promotionele Artikelen\",\"availability\":\"https:\\\/\\\/schema.org\\\/InStock\",\"priceSpecification\":{\"@type\":\"PriceSpecification\",\"price\":3.735,\"priceCurrency\":\"EUR\",\"valueAddedTaxIncluded\":\"true\"}}}]},{\"@type\":\"WebPage\",\"@id\":\"https:\\\/\\\/hidalgo.nl\\\/de\\\/product\\\/seed-paper-lanyard-2-cm-keycord\\\/#webpage\",\"url\":\"https:\\\/\\\/hidalgo.nl\\\/de\\\/product\\\/seed-paper-lanyard-2-cm-keycord\\\/\",\"name\":\"Seed Paper Lanyard 2 cm keycord\",\"description\":\"Trage Ausweis oder Schl\\u00fcssel bequem: Dieses wei\\u00dfe Schl\\u00fcsselband ist nachhaltig, pflanzbar und w\\u00e4chst nach dem Einsatz zu bunten Blumen heran, die Bienen unterst\\u00fctzen. Hidalgo druckt dein Logo vollfarbig f\\u00fcr starke Sichtbarkeit; ideal f\\u00fcr Events, mit stabilem Metallkarabiner.\",\"inLanguage\":\"de-DE\",\"isPartOf\":{\"@id\":\"https:\\\/\\\/hidalgo.nl\\\/de\\\/#website\"},\"breadcrumb\":{\"@id\":\"https:\\\/\\\/hidalgo.nl\\\/de\\\/product\\\/seed-paper-lanyard-2-cm-keycord\\\/#breadcrumblist\"},\"image\":{\"@type\":\"ImageObject\",\"url\":\"https:\\\/\\\/shop.hidalgo.nl\\\/wp-content\\\/uploads\\\/2025\\\/07\\\/8ab6be99fa20ca968ec3149705f782087ea8c5ff2b7c407b08aeaa78df07a692.jpg\",\"@id\":\"https:\\\/\\\/hidalgo.nl\\\/de\\\/product\\\/seed-paper-lanyard-2-cm-keycord\\\/#mainImage\",\"width\":1000,\"height\":1000},\"primaryImageOfPage\":{\"@id\":\"https:\\\/\\\/hidalgo.nl\\\/de\\\/product\\\/seed-paper-lanyard-2-cm-keycord\\\/#mainImage\"},\"datePublished\":\"2025-07-07T18:32:44+00:00\",\"dateModified\":\"2026-02-28T11:12:01+00:00\"},{\"@type\":\"WebSite\",\"@id\":\"https:\\\/\\\/hidalgo.nl\\\/de\\\/#website\",\"url\":\"https:\\\/\\\/hidalgo.nl\\\/de\\\/\",\"name\":\"Hidalgo\",\"inLanguage\":\"de-DE\",\"publisher\":{\"@id\":\"https:\\\/\\\/hidalgo.nl\\\/de\\\/#organization\"}}]}\n\t\t<\/script>\n\t\t<!-- All in One SEO Pro -->\r\n\t\t<title>Seed Paper Lanyard 2 cm keycord<\/title>\n\n","aioseo_head_json":{"title":"Seed Paper Lanyard 2 cm keycord","description":"Trage Ausweis oder Schl\u00fcssel bequem: Dieses wei\u00dfe Schl\u00fcsselband ist nachhaltig, pflanzbar und w\u00e4chst nach dem Einsatz zu bunten Blumen heran, die Bienen unterst\u00fctzen. Hidalgo druckt dein Logo vollfarbig f\u00fcr starke Sichtbarkeit; ideal f\u00fcr Events, mit stabilem Metallkarabiner.","canonical_url":"https:\/\/hidalgo.nl\/de\/wp-json\/wp\/v2\/product\/125966","robots":"max-image-preview:large","keywords":"","webmasterTools":{"miscellaneous":""},"schema":{"@context":"https:\/\/schema.org","@graph":[{"@type":"BreadcrumbList","@id":"https:\/\/hidalgo.nl\/de\/product\/seed-paper-lanyard-2-cm-keycord\/#breadcrumblist","itemListElement":[{"@type":"ListItem","@id":"https:\/\/hidalgo.nl\/de\/#listItem","position":1,"name":"Home","item":"https:\/\/hidalgo.nl\/de\/","nextItem":{"@type":"ListItem","@id":"https:\/\/hidalgo.nl\/example\/#listItem","name":"example"}},{"@type":"ListItem","@id":"https:\/\/hidalgo.nl\/example\/#listItem","position":2,"name":"example","item":"https:\/\/hidalgo.nl\/example\/","nextItem":{"@type":"ListItem","@id":"https:\/\/hidalgo.nl\/en\/product-supplier\/a508\/#listItem","name":"A508"},"previousItem":{"@type":"ListItem","@id":"https:\/\/hidalgo.nl\/de\/#listItem","name":"Home"}},{"@type":"ListItem","@id":"https:\/\/hidalgo.nl\/en\/product-supplier\/a508\/#listItem","position":3,"name":"A508","item":"https:\/\/hidalgo.nl\/en\/product-supplier\/a508\/","nextItem":{"@type":"ListItem","@id":"https:\/\/hidalgo.nl\/de\/product\/seed-paper-lanyard-2-cm-keycord\/#listItem","name":"Seed Paper Lanyard 2 cm keycord"},"previousItem":{"@type":"ListItem","@id":"https:\/\/hidalgo.nl\/example\/#listItem","name":"example"}},{"@type":"ListItem","@id":"https:\/\/hidalgo.nl\/de\/product\/seed-paper-lanyard-2-cm-keycord\/#listItem","position":4,"name":"Seed Paper Lanyard 2 cm keycord","previousItem":{"@type":"ListItem","@id":"https:\/\/hidalgo.nl\/en\/product-supplier\/a508\/#listItem","name":"A508"}}]},{"@type":"Organization","@id":"https:\/\/hidalgo.nl\/de\/#organization","name":"Hidalgo","url":"https:\/\/hidalgo.nl\/de\/","logo":{"@type":"ImageObject","url":"https:\/\/shop.hidalgo.nl\/wp-content\/uploads\/2025\/11\/cropped-Hidalgo-est1993.png","@id":"https:\/\/hidalgo.nl\/de\/product\/seed-paper-lanyard-2-cm-keycord\/#organizationLogo","width":585,"height":195},"image":{"@id":"https:\/\/hidalgo.nl\/de\/product\/seed-paper-lanyard-2-cm-keycord\/#organizationLogo"}},{"@type":"ProductGroup","@id":"https:\/\/hidalgo.nl\/de\/product\/seed-paper-lanyard-2-cm-keycord\/#wooCommerceProduct","name":"Seed Paper Lanyard 2 cm keycord","url":"https:\/\/hidalgo.nl\/de\/product\/seed-paper-lanyard-2-cm-keycord\/","sku":"A508-1291","image":{"@type":"ImageObject","url":"https:\/\/shop.hidalgo.nl\/wp-content\/uploads\/2025\/07\/8ab6be99fa20ca968ec3149705f782087ea8c5ff2b7c407b08aeaa78df07a692.jpg","@id":"https:\/\/hidalgo.nl\/de\/product\/seed-paper-lanyard-2-cm-keycord\/#productImage","width":1000,"height":1000},"productGroupID":125966,"hasVariant":[{"@type":"Product","@id":"https:\/\/hidalgo.nl\/de\/product\/seed-paper-lanyard-2-cm-keycord\/#wooCommerceProduct","name":"Seed Paper Lanyard 2 cm keycord - wit","url":"https:\/\/hidalgo.nl\/de\/product\/seed-paper-lanyard-2-cm-keycord\/","sku":"A508-129110","image":{"@type":"ImageObject","url":"https:\/\/shop.hidalgo.nl\/wp-content\/uploads\/2025\/07\/8ab6be99fa20ca968ec3149705f782087ea8c5ff2b7c407b08aeaa78df07a692.jpg","@id":"https:\/\/hidalgo.nl\/de\/product\/seed-paper-lanyard-2-cm-keycord\/#productImage","width":1000,"height":1000},"offers":{"@type":"Offer","url":"https:\/\/hidalgo.nl\/de\/product\/seed-paper-lanyard-2-cm-keycord\/#wooCommerceOffer","price":"3.735","priceCurrency":"EUR","category":"Promotionele Artikelen","availability":"https:\/\/schema.org\/InStock","priceSpecification":{"@type":"PriceSpecification","price":3.735,"priceCurrency":"EUR","valueAddedTaxIncluded":"true"}}}]},{"@type":"WebPage","@id":"https:\/\/hidalgo.nl\/de\/product\/seed-paper-lanyard-2-cm-keycord\/#webpage","url":"https:\/\/hidalgo.nl\/de\/product\/seed-paper-lanyard-2-cm-keycord\/","name":"Seed Paper Lanyard 2 cm keycord","description":"Trage Ausweis oder Schl\u00fcssel bequem: Dieses wei\u00dfe Schl\u00fcsselband ist nachhaltig, pflanzbar und w\u00e4chst nach dem Einsatz zu bunten Blumen heran, die Bienen unterst\u00fctzen. Hidalgo druckt dein Logo vollfarbig f\u00fcr starke Sichtbarkeit; ideal f\u00fcr Events, mit stabilem Metallkarabiner.","inLanguage":"de-DE","isPartOf":{"@id":"https:\/\/hidalgo.nl\/de\/#website"},"breadcrumb":{"@id":"https:\/\/hidalgo.nl\/de\/product\/seed-paper-lanyard-2-cm-keycord\/#breadcrumblist"},"image":{"@type":"ImageObject","url":"https:\/\/shop.hidalgo.nl\/wp-content\/uploads\/2025\/07\/8ab6be99fa20ca968ec3149705f782087ea8c5ff2b7c407b08aeaa78df07a692.jpg","@id":"https:\/\/hidalgo.nl\/de\/product\/seed-paper-lanyard-2-cm-keycord\/#mainImage","width":1000,"height":1000},"primaryImageOfPage":{"@id":"https:\/\/hidalgo.nl\/de\/product\/seed-paper-lanyard-2-cm-keycord\/#mainImage"},"datePublished":"2025-07-07T18:32:44+00:00","dateModified":"2026-02-28T11:12:01+00:00"},{"@type":"WebSite","@id":"https:\/\/hidalgo.nl\/de\/#website","url":"https:\/\/hidalgo.nl\/de\/","name":"Hidalgo","inLanguage":"de-DE","publisher":{"@id":"https:\/\/hidalgo.nl\/de\/#organization"}}]},"og:locale":"de_DE","og:site_name":"Hidalgo -","og:type":"article","og:title":"Seed Paper Lanyard 2 cm keycord","og:description":"Trage Ausweis oder Schl\u00fcssel bequem: Dieses wei\u00dfe Schl\u00fcsselband ist nachhaltig, pflanzbar und w\u00e4chst nach dem Einsatz zu bunten Blumen heran, die Bienen unterst\u00fctzen. Hidalgo druckt dein Logo vollfarbig f\u00fcr starke Sichtbarkeit; ideal f\u00fcr Events, mit stabilem Metallkarabiner.","og:url":"https:\/\/hidalgo.nl\/de\/wp-json\/wp\/v2\/product\/125966","og:image":"https:\/\/shop.hidalgo.nl\/wp-content\/uploads\/2025\/11\/cropped-Hidalgo-est1993.png","og:image:secure_url":"https:\/\/shop.hidalgo.nl\/wp-content\/uploads\/2025\/11\/cropped-Hidalgo-est1993.png","article:published_time":"2025-07-07T18:32:44+00:00","article:modified_time":"2026-02-28T11:12:01+00:00","twitter:card":"summary_large_image","twitter:title":"Seed Paper Lanyard 2 cm keycord","twitter:description":"Trage Ausweis oder Schl\u00fcssel bequem: Dieses wei\u00dfe Schl\u00fcsselband ist nachhaltig, pflanzbar und w\u00e4chst nach dem Einsatz zu bunten Blumen heran, die Bienen unterst\u00fctzen. Hidalgo druckt dein Logo vollfarbig f\u00fcr starke Sichtbarkeit; ideal f\u00fcr Events, mit stabilem Metallkarabiner.","twitter:image":"https:\/\/shop.hidalgo.nl\/wp-content\/uploads\/2025\/11\/cropped-Hidalgo-est1993.png"},"aioseo_meta_data":{"post_id":"125966","title":null,"description":null,"keywords":null,"keyphrases":null,"primary_term":null,"canonical_url":null,"og_title":null,"og_description":null,"og_object_type":"default","og_image_type":"default","og_image_url":null,"og_image_width":null,"og_image_height":null,"og_image_custom_url":null,"og_image_custom_fields":null,"og_video":null,"og_custom_url":null,"og_article_section":null,"og_article_tags":null,"twitter_use_og":false,"twitter_card":"default","twitter_image_type":"default","twitter_image_url":null,"twitter_image_custom_url":null,"twitter_image_custom_fields":null,"twitter_title":null,"twitter_description":null,"schema":{"blockGraphs":[],"customGraphs":[],"default":{"data":{"Article":[],"Course":[],"Dataset":[],"FAQPage":[],"Movie":[],"Person":[],"Product":[],"ProductReview":[],"Car":[],"Recipe":[],"Service":[],"SoftwareApplication":[],"WebPage":[]},"graphName":"","isEnabled":true},"graphs":[]},"schema_type":"default","schema_type_options":null,"pillar_content":false,"robots_default":true,"robots_noindex":false,"robots_noarchive":false,"robots_nosnippet":false,"robots_nofollow":false,"robots_noimageindex":false,"robots_noodp":false,"robots_notranslate":false,"robots_max_snippet":null,"robots_max_videopreview":null,"robots_max_imagepreview":"large","priority":null,"frequency":null,"local_seo":null,"seo_analyzer_scan_date":"2026-01-22 08:19:19","breadcrumb_settings":null,"limit_modified_date":false,"reviewed_by":null,"open_ai":null,"ai":null,"created":"2026-01-14 06:25:37","updated":"2026-04-22 23:23:49"},"aioseo_breadcrumb":"<div class=\"aioseo-breadcrumbs\"><span class=\"aioseo-breadcrumb\">\n\t<a href=\"https:\/\/hidalgo.nl\/de\/\" title=\"Home\">Home<\/a>\n<\/span><span class=\"aioseo-breadcrumb-separator\">\u00bb<\/span><span class=\"aioseo-breadcrumb\">\n\t<a href=\"https:\/\/hidalgo.nl\/example\/\" title=\"example\">example<\/a>\n<\/span><span class=\"aioseo-breadcrumb-separator\">\u00bb<\/span><span class=\"aioseo-breadcrumb\">\n\t<a href=\"https:\/\/hidalgo.nl\/en\/product-supplier\/a508\/\" title=\"A508\">A508<\/a>\n<\/span><span class=\"aioseo-breadcrumb-separator\">\u00bb<\/span><span class=\"aioseo-breadcrumb\">\n\tSeed Paper Lanyard 2 cm keycord\n<\/span><\/div>","aioseo_breadcrumb_json":[{"label":"Home","link":"https:\/\/hidalgo.nl\/de\/"},{"label":"example","link":"https:\/\/hidalgo.nl\/example\/"},{"label":"A508","link":"https:\/\/hidalgo.nl\/en\/product-supplier\/a508\/"},{"label":"Seed Paper Lanyard 2 cm keycord","link":"https:\/\/hidalgo.nl\/de\/product\/seed-paper-lanyard-2-cm-keycord\/"}],"_links":{"self":[{"href":"https:\/\/hidalgo.nl\/de\/wp-json\/wp\/v2\/product\/125966","targetHints":{"allow":["GET"]}}],"collection":[{"href":"https:\/\/hidalgo.nl\/de\/wp-json\/wp\/v2\/product"}],"about":[{"href":"https:\/\/hidalgo.nl\/de\/wp-json\/wp\/v2\/types\/product"}],"wp:featuredmedia":[{"embeddable":true,"href":"https:\/\/hidalgo.nl\/de\/wp-json\/wp\/v2\/media\/125967"}],"wp:attachment":[{"href":"https:\/\/hidalgo.nl\/de\/wp-json\/wp\/v2\/media?parent=125966"}],"wp:term":[{"taxonomy":"product_brand","embeddable":true,"href":"https:\/\/hidalgo.nl\/de\/wp-json\/wp\/v2\/product_brand?post=125966"},{"taxonomy":"product_cat","embeddable":true,"href":"https:\/\/hidalgo.nl\/de\/wp-json\/wp\/v2\/product_cat?post=125966"},{"taxonomy":"product_tag","embeddable":true,"href":"https:\/\/hidalgo.nl\/de\/wp-json\/wp\/v2\/product_tag?post=125966"}],"curies":[{"name":"wp","href":"https:\/\/api.w.org\/{rel}","templated":true}]}}