{"id":125960,"date":"2025-07-07T18:32:33","date_gmt":"2025-07-07T18:32:33","guid":{"rendered":"http:\/\/bidonsenshakers.pim.hidalgo.nl\/product\/seed-paper-festival-wristband-festivalbandje\/"},"modified":"2026-02-28T11:11:27","modified_gmt":"2026-02-28T11:11:27","slug":"seed-paper-festival-wristband-festivalbandje","status":"publish","type":"product","link":"https:\/\/hidalgo.nl\/de\/product\/seed-paper-festival-wristband-festivalbandje\/","title":{"rendered":"Seed Paper Festival Wristband festivalbandje"},"content":{"rendered":"<p>Festivalbandje gemaakt van 100% gerecycled en recyclebaar, plantbaar zaadpapier. Met plakstripsluiting. Inclusief full colour opdruk op 1 zijde. Een perfect item voor toegangscontrole op evenementen en festivals. Promotioneel en functioneel. Tussen twee lagen gerecycled oud papier (40 g\/m\u00b2) zit een mix aan bloemzaadjes verlijmd. Wanneer het festival voorbij is kun je het biologisch afbreekbaar bandje in de aarde planten. De zaadjes groeien uit tot bloemen.   De veldbloemenmix bestaat uit: Moederkruid (margriet) &#8211;  Sluierkruid &#8211;  Leeuwenbek &#8211; Schermscheefbloem &#8211; Zilverschildzaad &#8211; Mexicaantje &#8211; Petunia, Salvia, Zomerazalea &#8211; IJsbloem. Een milieuvriendelijk product dat bovendien bijdraagt aan het op peil houden van een gezonde bijenpopulatie.<\/p>\n","protected":false},"excerpt":{"rendered":"<p>Festivalbandje gemaakt van 100% gerecycled en recyclebaar, plantbaar zaadpapier. Met plakstripsluiting. Inclusief full colour opdruk op 1 zijde. Een perfect item voor toegangscontrole op evenementen en festivals. Promotioneel en functioneel. Tussen twee lagen gerecycled oud papier (40 g\/m\u00b2) zit een mix aan bloemzaadjes verlijmd. Wanneer het festival voorbij is kun je het biologisch afbreekbaar bandje&hellip; <a class=\"more-link\" href=\"https:\/\/hidalgo.nl\/de\/product\/seed-paper-festival-wristband-festivalbandje\/\"><span class=\"screen-reader-text\">Seed Paper Festival Wristband festivalbandje<\/span> weiterlesen<\/a><\/p>\n","protected":false},"featured_media":125961,"template":"","meta":{"_acf_changed":false,"om_disable_all_campaigns":false,"_monsterinsights_skip_tracking":false,"_monsterinsights_sitenote_active":false,"_monsterinsights_sitenote_note":"","_monsterinsights_sitenote_category":0},"product_brand":[],"product_cat":[4882,4719,4774],"product_tag":[],"class_list":{"0":"post-125960","1":"product","2":"type-product","3":"status-publish","4":"has-post-thumbnail","6":"product_supplier-a508","7":"product_material-zaadpapierzaadjes","8":"product_cat-festival-artikelen","9":"product_cat-promotionele-artikelen","10":"product_cat-promotionele-artikelen-vrije-tijd","11":"entry","13":"first","14":"instock","15":"taxable","16":"shipping-taxable","17":"purchasable","18":"product-type-variable"},"acf":{"imprint_cost":[{"imprint_cost_key":"5390492ad6e4102721c35c891ef78ae5f00ad059","product_quantity_price_range":[{"imprint_cost_recommended_selling_price":"0","imprint_cost_recommended_selling_quantity":"1"},{"imprint_cost_recommended_selling_price":"0","imprint_cost_recommended_selling_quantity":"25"},{"imprint_cost_recommended_selling_price":"0","imprint_cost_recommended_selling_quantity":"50"},{"imprint_cost_recommended_selling_price":"0","imprint_cost_recommended_selling_quantity":"100"},{"imprint_cost_recommended_selling_price":"0","imprint_cost_recommended_selling_quantity":"250"},{"imprint_cost_recommended_selling_price":"0","imprint_cost_recommended_selling_quantity":"500"},{"imprint_cost_recommended_selling_price":"0","imprint_cost_recommended_selling_quantity":"1000"},{"imprint_cost_recommended_selling_price":"0","imprint_cost_recommended_selling_quantity":"2500"},{"imprint_cost_recommended_selling_price":"0","imprint_cost_recommended_selling_quantity":"5000"}],"product_quantity_price_range_buying":[{"imprint_cost_general_buying_price":"0","imprint_cost_general_buying_quantity":"1"},{"imprint_cost_general_buying_price":"0","imprint_cost_general_buying_quantity":"25"},{"imprint_cost_general_buying_price":"0","imprint_cost_general_buying_quantity":"50"},{"imprint_cost_general_buying_price":"0","imprint_cost_general_buying_quantity":"100"},{"imprint_cost_general_buying_price":"0","imprint_cost_general_buying_quantity":"250"},{"imprint_cost_general_buying_price":"0","imprint_cost_general_buying_quantity":"500"},{"imprint_cost_general_buying_price":"0","imprint_cost_general_buying_quantity":"1000"},{"imprint_cost_general_buying_price":"0","imprint_cost_general_buying_quantity":"2500"},{"imprint_cost_general_buying_price":"0","imprint_cost_general_buying_quantity":"5000"}],"imprint_cost_setup_costs":"45","imprint_cost_handling_costs":"0"}]},"aioseo_notices":[],"aioseo_head":"\n\t\t<!-- All in One SEO Pro 4.9.6.2 - aioseo.com -->\n\t<meta name=\"description\" content=\"Dieses pflanzbare Festivalb\u00e4ndchen aus Samenpapier verbindet Einlassorganisation mit echter Nachhaltigkeit. Wir drucken dein Logo vollfarbig f\u00fcr starke Sichtbarkeit, danach pflanzt du das Armband ein und es bl\u00fcht weiter.\" \/>\n\t<meta name=\"robots\" content=\"max-image-preview:large\" \/>\n\t<link rel=\"canonical\" href=\"https:\/\/hidalgo.nl\/de\/wp-json\/wp\/v2\/product\/125960\" \/>\n\t<meta name=\"generator\" content=\"All in One SEO Pro (AIOSEO) 4.9.6.2\" \/>\n\t\t<meta property=\"og:locale\" content=\"de_DE\" \/>\n\t\t<meta property=\"og:site_name\" content=\"Hidalgo -\" \/>\n\t\t<meta property=\"og:type\" content=\"article\" \/>\n\t\t<meta property=\"og:title\" content=\"Seed Paper Festival Wristband festivalbandje\" \/>\n\t\t<meta property=\"og:description\" content=\"Dieses pflanzbare Festivalb\u00e4ndchen aus Samenpapier verbindet Einlassorganisation mit echter Nachhaltigkeit. Wir drucken dein Logo vollfarbig f\u00fcr starke Sichtbarkeit, danach pflanzt du das Armband ein und es bl\u00fcht weiter.\" \/>\n\t\t<meta property=\"og:url\" content=\"https:\/\/hidalgo.nl\/de\/wp-json\/wp\/v2\/product\/125960\" \/>\n\t\t<meta property=\"og:image\" content=\"https:\/\/shop.hidalgo.nl\/wp-content\/uploads\/2025\/11\/cropped-Hidalgo-est1993.png\" \/>\n\t\t<meta property=\"og:image:secure_url\" content=\"https:\/\/shop.hidalgo.nl\/wp-content\/uploads\/2025\/11\/cropped-Hidalgo-est1993.png\" \/>\n\t\t<meta property=\"article:published_time\" content=\"2025-07-07T18:32:33+00:00\" \/>\n\t\t<meta property=\"article:modified_time\" content=\"2026-02-28T11:11:27+00:00\" \/>\n\t\t<meta name=\"twitter:card\" content=\"summary_large_image\" \/>\n\t\t<meta name=\"twitter:title\" content=\"Seed Paper Festival Wristband festivalbandje\" \/>\n\t\t<meta name=\"twitter:description\" content=\"Dieses pflanzbare Festivalb\u00e4ndchen aus Samenpapier verbindet Einlassorganisation mit echter Nachhaltigkeit. Wir drucken dein Logo vollfarbig f\u00fcr starke Sichtbarkeit, danach pflanzt du das Armband ein und es bl\u00fcht weiter.\" \/>\n\t\t<meta name=\"twitter:image\" content=\"https:\/\/shop.hidalgo.nl\/wp-content\/uploads\/2025\/11\/cropped-Hidalgo-est1993.png\" \/>\n\t\t<script type=\"application\/ld+json\" class=\"aioseo-schema\">\n\t\t\t{\"@context\":\"https:\\\/\\\/schema.org\",\"@graph\":[{\"@type\":\"BreadcrumbList\",\"@id\":\"https:\\\/\\\/hidalgo.nl\\\/de\\\/product\\\/seed-paper-festival-wristband-festivalbandje\\\/#breadcrumblist\",\"itemListElement\":[{\"@type\":\"ListItem\",\"@id\":\"https:\\\/\\\/hidalgo.nl\\\/de\\\/#listItem\",\"position\":1,\"name\":\"Home\",\"item\":\"https:\\\/\\\/hidalgo.nl\\\/de\\\/\",\"nextItem\":{\"@type\":\"ListItem\",\"@id\":\"https:\\\/\\\/hidalgo.nl\\\/example\\\/#listItem\",\"name\":\"example\"}},{\"@type\":\"ListItem\",\"@id\":\"https:\\\/\\\/hidalgo.nl\\\/example\\\/#listItem\",\"position\":2,\"name\":\"example\",\"item\":\"https:\\\/\\\/hidalgo.nl\\\/example\\\/\",\"nextItem\":{\"@type\":\"ListItem\",\"@id\":\"https:\\\/\\\/hidalgo.nl\\\/en\\\/product-supplier\\\/a508\\\/#listItem\",\"name\":\"A508\"},\"previousItem\":{\"@type\":\"ListItem\",\"@id\":\"https:\\\/\\\/hidalgo.nl\\\/de\\\/#listItem\",\"name\":\"Home\"}},{\"@type\":\"ListItem\",\"@id\":\"https:\\\/\\\/hidalgo.nl\\\/en\\\/product-supplier\\\/a508\\\/#listItem\",\"position\":3,\"name\":\"A508\",\"item\":\"https:\\\/\\\/hidalgo.nl\\\/en\\\/product-supplier\\\/a508\\\/\",\"nextItem\":{\"@type\":\"ListItem\",\"@id\":\"https:\\\/\\\/hidalgo.nl\\\/de\\\/product\\\/seed-paper-festival-wristband-festivalbandje\\\/#listItem\",\"name\":\"Seed Paper Festival Wristband festivalbandje\"},\"previousItem\":{\"@type\":\"ListItem\",\"@id\":\"https:\\\/\\\/hidalgo.nl\\\/example\\\/#listItem\",\"name\":\"example\"}},{\"@type\":\"ListItem\",\"@id\":\"https:\\\/\\\/hidalgo.nl\\\/de\\\/product\\\/seed-paper-festival-wristband-festivalbandje\\\/#listItem\",\"position\":4,\"name\":\"Seed Paper Festival Wristband festivalbandje\",\"previousItem\":{\"@type\":\"ListItem\",\"@id\":\"https:\\\/\\\/hidalgo.nl\\\/en\\\/product-supplier\\\/a508\\\/#listItem\",\"name\":\"A508\"}}]},{\"@type\":\"Organization\",\"@id\":\"https:\\\/\\\/hidalgo.nl\\\/de\\\/#organization\",\"name\":\"Hidalgo\",\"url\":\"https:\\\/\\\/hidalgo.nl\\\/de\\\/\",\"logo\":{\"@type\":\"ImageObject\",\"url\":\"https:\\\/\\\/shop.hidalgo.nl\\\/wp-content\\\/uploads\\\/2025\\\/11\\\/cropped-Hidalgo-est1993.png\",\"@id\":\"https:\\\/\\\/hidalgo.nl\\\/de\\\/product\\\/seed-paper-festival-wristband-festivalbandje\\\/#organizationLogo\",\"width\":585,\"height\":195},\"image\":{\"@id\":\"https:\\\/\\\/hidalgo.nl\\\/de\\\/product\\\/seed-paper-festival-wristband-festivalbandje\\\/#organizationLogo\"}},{\"@type\":\"ProductGroup\",\"@id\":\"https:\\\/\\\/hidalgo.nl\\\/de\\\/product\\\/seed-paper-festival-wristband-festivalbandje\\\/#wooCommerceProduct\",\"name\":\"Seed Paper Festival Wristband festivalbandje\",\"url\":\"https:\\\/\\\/hidalgo.nl\\\/de\\\/product\\\/seed-paper-festival-wristband-festivalbandje\\\/\",\"sku\":\"A508-1290\",\"image\":{\"@type\":\"ImageObject\",\"url\":\"https:\\\/\\\/shop.hidalgo.nl\\\/wp-content\\\/uploads\\\/2025\\\/07\\\/c3ae291994d2fee601adeda156f6f3c40d9e18e7249c608b57985d4cf2fbc8ef.jpg\",\"@id\":\"https:\\\/\\\/hidalgo.nl\\\/de\\\/product\\\/seed-paper-festival-wristband-festivalbandje\\\/#productImage\",\"width\":1000,\"height\":1000},\"productGroupID\":125960,\"hasVariant\":[{\"@type\":\"Product\",\"@id\":\"https:\\\/\\\/hidalgo.nl\\\/de\\\/product\\\/seed-paper-festival-wristband-festivalbandje\\\/#wooCommerceProduct\",\"name\":\"Seed Paper Festival Wristband festivalbandje - wit\",\"url\":\"https:\\\/\\\/hidalgo.nl\\\/de\\\/product\\\/seed-paper-festival-wristband-festivalbandje\\\/\",\"sku\":\"A508-129010\",\"image\":{\"@type\":\"ImageObject\",\"url\":\"https:\\\/\\\/shop.hidalgo.nl\\\/wp-content\\\/uploads\\\/2025\\\/07\\\/c3ae291994d2fee601adeda156f6f3c40d9e18e7249c608b57985d4cf2fbc8ef.jpg\",\"@id\":\"https:\\\/\\\/hidalgo.nl\\\/de\\\/product\\\/seed-paper-festival-wristband-festivalbandje\\\/#productImage\",\"width\":1000,\"height\":1000},\"offers\":{\"@type\":\"Offer\",\"url\":\"https:\\\/\\\/hidalgo.nl\\\/de\\\/product\\\/seed-paper-festival-wristband-festivalbandje\\\/#wooCommerceOffer\",\"price\":\"1.635\",\"priceCurrency\":\"EUR\",\"category\":\"Promotionele Artikelen\",\"availability\":\"https:\\\/\\\/schema.org\\\/InStock\",\"priceSpecification\":{\"@type\":\"PriceSpecification\",\"price\":1.635,\"priceCurrency\":\"EUR\",\"valueAddedTaxIncluded\":\"true\"}}}]},{\"@type\":\"WebPage\",\"@id\":\"https:\\\/\\\/hidalgo.nl\\\/de\\\/product\\\/seed-paper-festival-wristband-festivalbandje\\\/#webpage\",\"url\":\"https:\\\/\\\/hidalgo.nl\\\/de\\\/product\\\/seed-paper-festival-wristband-festivalbandje\\\/\",\"name\":\"Seed Paper Festival Wristband festivalbandje\",\"description\":\"Dieses pflanzbare Festivalb\\u00e4ndchen aus Samenpapier verbindet Einlassorganisation mit echter Nachhaltigkeit. Wir drucken dein Logo vollfarbig f\\u00fcr starke Sichtbarkeit, danach pflanzt du das Armband ein und es bl\\u00fcht weiter.\",\"inLanguage\":\"de-DE\",\"isPartOf\":{\"@id\":\"https:\\\/\\\/hidalgo.nl\\\/de\\\/#website\"},\"breadcrumb\":{\"@id\":\"https:\\\/\\\/hidalgo.nl\\\/de\\\/product\\\/seed-paper-festival-wristband-festivalbandje\\\/#breadcrumblist\"},\"image\":{\"@type\":\"ImageObject\",\"url\":\"https:\\\/\\\/shop.hidalgo.nl\\\/wp-content\\\/uploads\\\/2025\\\/07\\\/c3ae291994d2fee601adeda156f6f3c40d9e18e7249c608b57985d4cf2fbc8ef.jpg\",\"@id\":\"https:\\\/\\\/hidalgo.nl\\\/de\\\/product\\\/seed-paper-festival-wristband-festivalbandje\\\/#mainImage\",\"width\":1000,\"height\":1000},\"primaryImageOfPage\":{\"@id\":\"https:\\\/\\\/hidalgo.nl\\\/de\\\/product\\\/seed-paper-festival-wristband-festivalbandje\\\/#mainImage\"},\"datePublished\":\"2025-07-07T18:32:33+00:00\",\"dateModified\":\"2026-02-28T11:11:27+00:00\"},{\"@type\":\"WebSite\",\"@id\":\"https:\\\/\\\/hidalgo.nl\\\/de\\\/#website\",\"url\":\"https:\\\/\\\/hidalgo.nl\\\/de\\\/\",\"name\":\"Hidalgo\",\"inLanguage\":\"de-DE\",\"publisher\":{\"@id\":\"https:\\\/\\\/hidalgo.nl\\\/de\\\/#organization\"}}]}\n\t\t<\/script>\n\t\t<!-- All in One SEO Pro -->\r\n\t\t<title>Seed Paper Festival Wristband festivalbandje<\/title>\n\n","aioseo_head_json":{"title":"Seed Paper Festival Wristband festivalbandje","description":"Dieses pflanzbare Festivalb\u00e4ndchen aus Samenpapier verbindet Einlassorganisation mit echter Nachhaltigkeit. Wir drucken dein Logo vollfarbig f\u00fcr starke Sichtbarkeit, danach pflanzt du das Armband ein und es bl\u00fcht weiter.","canonical_url":"https:\/\/hidalgo.nl\/de\/wp-json\/wp\/v2\/product\/125960","robots":"max-image-preview:large","keywords":"","webmasterTools":{"miscellaneous":""},"schema":{"@context":"https:\/\/schema.org","@graph":[{"@type":"BreadcrumbList","@id":"https:\/\/hidalgo.nl\/de\/product\/seed-paper-festival-wristband-festivalbandje\/#breadcrumblist","itemListElement":[{"@type":"ListItem","@id":"https:\/\/hidalgo.nl\/de\/#listItem","position":1,"name":"Home","item":"https:\/\/hidalgo.nl\/de\/","nextItem":{"@type":"ListItem","@id":"https:\/\/hidalgo.nl\/example\/#listItem","name":"example"}},{"@type":"ListItem","@id":"https:\/\/hidalgo.nl\/example\/#listItem","position":2,"name":"example","item":"https:\/\/hidalgo.nl\/example\/","nextItem":{"@type":"ListItem","@id":"https:\/\/hidalgo.nl\/en\/product-supplier\/a508\/#listItem","name":"A508"},"previousItem":{"@type":"ListItem","@id":"https:\/\/hidalgo.nl\/de\/#listItem","name":"Home"}},{"@type":"ListItem","@id":"https:\/\/hidalgo.nl\/en\/product-supplier\/a508\/#listItem","position":3,"name":"A508","item":"https:\/\/hidalgo.nl\/en\/product-supplier\/a508\/","nextItem":{"@type":"ListItem","@id":"https:\/\/hidalgo.nl\/de\/product\/seed-paper-festival-wristband-festivalbandje\/#listItem","name":"Seed Paper Festival Wristband festivalbandje"},"previousItem":{"@type":"ListItem","@id":"https:\/\/hidalgo.nl\/example\/#listItem","name":"example"}},{"@type":"ListItem","@id":"https:\/\/hidalgo.nl\/de\/product\/seed-paper-festival-wristband-festivalbandje\/#listItem","position":4,"name":"Seed Paper Festival Wristband festivalbandje","previousItem":{"@type":"ListItem","@id":"https:\/\/hidalgo.nl\/en\/product-supplier\/a508\/#listItem","name":"A508"}}]},{"@type":"Organization","@id":"https:\/\/hidalgo.nl\/de\/#organization","name":"Hidalgo","url":"https:\/\/hidalgo.nl\/de\/","logo":{"@type":"ImageObject","url":"https:\/\/shop.hidalgo.nl\/wp-content\/uploads\/2025\/11\/cropped-Hidalgo-est1993.png","@id":"https:\/\/hidalgo.nl\/de\/product\/seed-paper-festival-wristband-festivalbandje\/#organizationLogo","width":585,"height":195},"image":{"@id":"https:\/\/hidalgo.nl\/de\/product\/seed-paper-festival-wristband-festivalbandje\/#organizationLogo"}},{"@type":"ProductGroup","@id":"https:\/\/hidalgo.nl\/de\/product\/seed-paper-festival-wristband-festivalbandje\/#wooCommerceProduct","name":"Seed Paper Festival Wristband festivalbandje","url":"https:\/\/hidalgo.nl\/de\/product\/seed-paper-festival-wristband-festivalbandje\/","sku":"A508-1290","image":{"@type":"ImageObject","url":"https:\/\/shop.hidalgo.nl\/wp-content\/uploads\/2025\/07\/c3ae291994d2fee601adeda156f6f3c40d9e18e7249c608b57985d4cf2fbc8ef.jpg","@id":"https:\/\/hidalgo.nl\/de\/product\/seed-paper-festival-wristband-festivalbandje\/#productImage","width":1000,"height":1000},"productGroupID":125960,"hasVariant":[{"@type":"Product","@id":"https:\/\/hidalgo.nl\/de\/product\/seed-paper-festival-wristband-festivalbandje\/#wooCommerceProduct","name":"Seed Paper Festival Wristband festivalbandje - wit","url":"https:\/\/hidalgo.nl\/de\/product\/seed-paper-festival-wristband-festivalbandje\/","sku":"A508-129010","image":{"@type":"ImageObject","url":"https:\/\/shop.hidalgo.nl\/wp-content\/uploads\/2025\/07\/c3ae291994d2fee601adeda156f6f3c40d9e18e7249c608b57985d4cf2fbc8ef.jpg","@id":"https:\/\/hidalgo.nl\/de\/product\/seed-paper-festival-wristband-festivalbandje\/#productImage","width":1000,"height":1000},"offers":{"@type":"Offer","url":"https:\/\/hidalgo.nl\/de\/product\/seed-paper-festival-wristband-festivalbandje\/#wooCommerceOffer","price":"1.635","priceCurrency":"EUR","category":"Promotionele Artikelen","availability":"https:\/\/schema.org\/InStock","priceSpecification":{"@type":"PriceSpecification","price":1.635,"priceCurrency":"EUR","valueAddedTaxIncluded":"true"}}}]},{"@type":"WebPage","@id":"https:\/\/hidalgo.nl\/de\/product\/seed-paper-festival-wristband-festivalbandje\/#webpage","url":"https:\/\/hidalgo.nl\/de\/product\/seed-paper-festival-wristband-festivalbandje\/","name":"Seed Paper Festival Wristband festivalbandje","description":"Dieses pflanzbare Festivalb\u00e4ndchen aus Samenpapier verbindet Einlassorganisation mit echter Nachhaltigkeit. Wir drucken dein Logo vollfarbig f\u00fcr starke Sichtbarkeit, danach pflanzt du das Armband ein und es bl\u00fcht weiter.","inLanguage":"de-DE","isPartOf":{"@id":"https:\/\/hidalgo.nl\/de\/#website"},"breadcrumb":{"@id":"https:\/\/hidalgo.nl\/de\/product\/seed-paper-festival-wristband-festivalbandje\/#breadcrumblist"},"image":{"@type":"ImageObject","url":"https:\/\/shop.hidalgo.nl\/wp-content\/uploads\/2025\/07\/c3ae291994d2fee601adeda156f6f3c40d9e18e7249c608b57985d4cf2fbc8ef.jpg","@id":"https:\/\/hidalgo.nl\/de\/product\/seed-paper-festival-wristband-festivalbandje\/#mainImage","width":1000,"height":1000},"primaryImageOfPage":{"@id":"https:\/\/hidalgo.nl\/de\/product\/seed-paper-festival-wristband-festivalbandje\/#mainImage"},"datePublished":"2025-07-07T18:32:33+00:00","dateModified":"2026-02-28T11:11:27+00:00"},{"@type":"WebSite","@id":"https:\/\/hidalgo.nl\/de\/#website","url":"https:\/\/hidalgo.nl\/de\/","name":"Hidalgo","inLanguage":"de-DE","publisher":{"@id":"https:\/\/hidalgo.nl\/de\/#organization"}}]},"og:locale":"de_DE","og:site_name":"Hidalgo -","og:type":"article","og:title":"Seed Paper Festival Wristband festivalbandje","og:description":"Dieses pflanzbare Festivalb\u00e4ndchen aus Samenpapier verbindet Einlassorganisation mit echter Nachhaltigkeit. Wir drucken dein Logo vollfarbig f\u00fcr starke Sichtbarkeit, danach pflanzt du das Armband ein und es bl\u00fcht weiter.","og:url":"https:\/\/hidalgo.nl\/de\/wp-json\/wp\/v2\/product\/125960","og:image":"https:\/\/shop.hidalgo.nl\/wp-content\/uploads\/2025\/11\/cropped-Hidalgo-est1993.png","og:image:secure_url":"https:\/\/shop.hidalgo.nl\/wp-content\/uploads\/2025\/11\/cropped-Hidalgo-est1993.png","article:published_time":"2025-07-07T18:32:33+00:00","article:modified_time":"2026-02-28T11:11:27+00:00","twitter:card":"summary_large_image","twitter:title":"Seed Paper Festival Wristband festivalbandje","twitter:description":"Dieses pflanzbare Festivalb\u00e4ndchen aus Samenpapier verbindet Einlassorganisation mit echter Nachhaltigkeit. Wir drucken dein Logo vollfarbig f\u00fcr starke Sichtbarkeit, danach pflanzt du das Armband ein und es bl\u00fcht weiter.","twitter:image":"https:\/\/shop.hidalgo.nl\/wp-content\/uploads\/2025\/11\/cropped-Hidalgo-est1993.png"},"aioseo_meta_data":{"post_id":"125960","title":null,"description":null,"keywords":null,"keyphrases":null,"primary_term":null,"canonical_url":null,"og_title":null,"og_description":null,"og_object_type":"default","og_image_type":"default","og_image_url":null,"og_image_width":null,"og_image_height":null,"og_image_custom_url":null,"og_image_custom_fields":null,"og_video":null,"og_custom_url":null,"og_article_section":null,"og_article_tags":null,"twitter_use_og":false,"twitter_card":"default","twitter_image_type":"default","twitter_image_url":null,"twitter_image_custom_url":null,"twitter_image_custom_fields":null,"twitter_title":null,"twitter_description":null,"schema":{"blockGraphs":[],"customGraphs":[],"default":{"data":{"Article":[],"Course":[],"Dataset":[],"FAQPage":[],"Movie":[],"Person":[],"Product":[],"ProductReview":[],"Car":[],"Recipe":[],"Service":[],"SoftwareApplication":[],"WebPage":[]},"graphName":"","isEnabled":true},"graphs":[]},"schema_type":"default","schema_type_options":null,"pillar_content":false,"robots_default":true,"robots_noindex":false,"robots_noarchive":false,"robots_nosnippet":false,"robots_nofollow":false,"robots_noimageindex":false,"robots_noodp":false,"robots_notranslate":false,"robots_max_snippet":null,"robots_max_videopreview":null,"robots_max_imagepreview":"large","priority":null,"frequency":null,"local_seo":null,"seo_analyzer_scan_date":"2026-01-22 08:19:19","breadcrumb_settings":null,"limit_modified_date":false,"reviewed_by":null,"open_ai":null,"ai":null,"created":"2026-01-14 06:25:37","updated":"2026-04-22 23:23:49"},"aioseo_breadcrumb":"<div class=\"aioseo-breadcrumbs\"><span class=\"aioseo-breadcrumb\">\n\t<a href=\"https:\/\/hidalgo.nl\/de\/\" title=\"Home\">Home<\/a>\n<\/span><span class=\"aioseo-breadcrumb-separator\">\u00bb<\/span><span class=\"aioseo-breadcrumb\">\n\t<a href=\"https:\/\/hidalgo.nl\/example\/\" title=\"example\">example<\/a>\n<\/span><span class=\"aioseo-breadcrumb-separator\">\u00bb<\/span><span class=\"aioseo-breadcrumb\">\n\t<a href=\"https:\/\/hidalgo.nl\/en\/product-supplier\/a508\/\" title=\"A508\">A508<\/a>\n<\/span><span class=\"aioseo-breadcrumb-separator\">\u00bb<\/span><span class=\"aioseo-breadcrumb\">\n\tSeed Paper Festival Wristband festivalbandje\n<\/span><\/div>","aioseo_breadcrumb_json":[{"label":"Home","link":"https:\/\/hidalgo.nl\/de\/"},{"label":"example","link":"https:\/\/hidalgo.nl\/example\/"},{"label":"A508","link":"https:\/\/hidalgo.nl\/en\/product-supplier\/a508\/"},{"label":"Seed Paper Festival Wristband festivalbandje","link":"https:\/\/hidalgo.nl\/de\/product\/seed-paper-festival-wristband-festivalbandje\/"}],"_links":{"self":[{"href":"https:\/\/hidalgo.nl\/de\/wp-json\/wp\/v2\/product\/125960","targetHints":{"allow":["GET"]}}],"collection":[{"href":"https:\/\/hidalgo.nl\/de\/wp-json\/wp\/v2\/product"}],"about":[{"href":"https:\/\/hidalgo.nl\/de\/wp-json\/wp\/v2\/types\/product"}],"wp:featuredmedia":[{"embeddable":true,"href":"https:\/\/hidalgo.nl\/de\/wp-json\/wp\/v2\/media\/125961"}],"wp:attachment":[{"href":"https:\/\/hidalgo.nl\/de\/wp-json\/wp\/v2\/media?parent=125960"}],"wp:term":[{"taxonomy":"product_brand","embeddable":true,"href":"https:\/\/hidalgo.nl\/de\/wp-json\/wp\/v2\/product_brand?post=125960"},{"taxonomy":"product_cat","embeddable":true,"href":"https:\/\/hidalgo.nl\/de\/wp-json\/wp\/v2\/product_cat?post=125960"},{"taxonomy":"product_tag","embeddable":true,"href":"https:\/\/hidalgo.nl\/de\/wp-json\/wp\/v2\/product_tag?post=125960"}],"curies":[{"name":"wp","href":"https:\/\/api.w.org\/{rel}","templated":true}]}}