{"id":125942,"date":"2025-07-07T18:31:48","date_gmt":"2025-07-07T18:31:48","guid":{"rendered":"http:\/\/bidonsenshakers.pim.hidalgo.nl\/product\/coffee-notebook-wire-o-a5-notitieboek\/"},"modified":"2026-02-28T11:09:47","modified_gmt":"2026-02-28T11:09:47","slug":"coffee-notebook-wire-o-a5-notitieboek","status":"publish","type":"product","link":"https:\/\/hidalgo.nl\/de\/product\/coffee-notebook-wire-o-a5-notitieboek\/","title":{"rendered":"Coffee Notebook Wire-O A5 notitieboek"},"content":{"rendered":"<p>Een A5-notitieboek met een omslag gemaakt van koffiedik. Het ruikt zelfs naar koffie. Na het zetten van koffie blijft er koffiedik over. Hiervan is dit product gemaakt. Koffiedik is een organisch materiaal en van nature biologisch afbreekbaar. Dit notitieboekje leent zich uitstekend voor het maken van notities tijdens belangrijke gesprekken en briljante ingevingen. Dankzij de handige wire-o-binding kunnen de pagina\u2019s volledig worden omgeslagen. Dit maakt het gemakkelijker om te schrijven zonder dat het boekje steeds dichtvalt. De 80 vel\/160 pagina&#8217;s gelinieerd papier (80 g\/m\u00b2) in dit notitieboek zijn 100% gerecycled.<\/p>\n","protected":false},"excerpt":{"rendered":"<p>Een A5-notitieboek met een omslag gemaakt van koffiedik. Het ruikt zelfs naar koffie. Na het zetten van koffie blijft er koffiedik over. Hiervan is dit product gemaakt. Koffiedik is een organisch materiaal en van nature biologisch afbreekbaar. Dit notitieboekje leent zich uitstekend voor het maken van notities tijdens belangrijke gesprekken en briljante ingevingen. Dankzij de&hellip; <a class=\"more-link\" href=\"https:\/\/hidalgo.nl\/de\/product\/coffee-notebook-wire-o-a5-notitieboek\/\"><span class=\"screen-reader-text\">Coffee Notebook Wire-O A5 notitieboek<\/span> weiterlesen<\/a><\/p>\n","protected":false},"featured_media":125943,"template":"","meta":{"_acf_changed":false,"om_disable_all_campaigns":false,"_monsterinsights_skip_tracking":false,"_monsterinsights_sitenote_active":false,"_monsterinsights_sitenote_note":"","_monsterinsights_sitenote_category":0},"product_brand":[],"product_cat":[4741,4797,4719],"product_tag":[],"class_list":{"0":"post-125942","1":"product","2":"type-product","3":"status-publish","4":"has-post-thumbnail","6":"product_supplier-a508","7":"product_material-koffiedik","8":"product_cat-promotionele-artikelen-kantoor-artikelen","9":"product_cat-promotionele-artikelen-kantoor-artikelen-notitieboekjes","10":"product_cat-promotionele-artikelen","11":"entry","13":"first","14":"instock","15":"taxable","16":"shipping-taxable","17":"purchasable","18":"product-type-variable"},"acf":{"imprint_cost":[{"imprint_cost_key":"2cd953fd0784f80a4f539343f7e9c265e0718027","product_quantity_price_range":[{"imprint_cost_recommended_selling_price":"2.925","imprint_cost_recommended_selling_quantity":"1"},{"imprint_cost_recommended_selling_price":"2.175","imprint_cost_recommended_selling_quantity":"25"},{"imprint_cost_recommended_selling_price":"1.38","imprint_cost_recommended_selling_quantity":"50"},{"imprint_cost_recommended_selling_price":"1.17","imprint_cost_recommended_selling_quantity":"100"},{"imprint_cost_recommended_selling_price":"1.02","imprint_cost_recommended_selling_quantity":"250"},{"imprint_cost_recommended_selling_price":"0.96","imprint_cost_recommended_selling_quantity":"500"},{"imprint_cost_recommended_selling_price":"0.915","imprint_cost_recommended_selling_quantity":"1000"},{"imprint_cost_recommended_selling_price":"0.885","imprint_cost_recommended_selling_quantity":"2500"},{"imprint_cost_recommended_selling_price":"0.855","imprint_cost_recommended_selling_quantity":"5000"}],"product_quantity_price_range_buying":[{"imprint_cost_general_buying_price":"1.95","imprint_cost_general_buying_quantity":"1"},{"imprint_cost_general_buying_price":"1.45","imprint_cost_general_buying_quantity":"25"},{"imprint_cost_general_buying_price":"0.92","imprint_cost_general_buying_quantity":"50"},{"imprint_cost_general_buying_price":"0.78","imprint_cost_general_buying_quantity":"100"},{"imprint_cost_general_buying_price":"0.68","imprint_cost_general_buying_quantity":"250"},{"imprint_cost_general_buying_price":"0.64","imprint_cost_general_buying_quantity":"500"},{"imprint_cost_general_buying_price":"0.61","imprint_cost_general_buying_quantity":"1000"},{"imprint_cost_general_buying_price":"0.59","imprint_cost_general_buying_quantity":"2500"},{"imprint_cost_general_buying_price":"0.57","imprint_cost_general_buying_quantity":"5000"}],"imprint_cost_setup_costs":"26.25","imprint_cost_handling_costs":"0.06"},{"imprint_cost_key":"924621e746d5ab1b1ead5a257dab6be0a971dfc9","product_quantity_price_range":[{"imprint_cost_recommended_selling_price":"2.625","imprint_cost_recommended_selling_quantity":"1"},{"imprint_cost_recommended_selling_price":"1.875","imprint_cost_recommended_selling_quantity":"25"},{"imprint_cost_recommended_selling_price":"1.08","imprint_cost_recommended_selling_quantity":"50"},{"imprint_cost_recommended_selling_price":"0.87","imprint_cost_recommended_selling_quantity":"100"},{"imprint_cost_recommended_selling_price":"0.72","imprint_cost_recommended_selling_quantity":"250"},{"imprint_cost_recommended_selling_price":"0.66","imprint_cost_recommended_selling_quantity":"500"},{"imprint_cost_recommended_selling_price":"0.615","imprint_cost_recommended_selling_quantity":"1000"},{"imprint_cost_recommended_selling_price":"0.585","imprint_cost_recommended_selling_quantity":"2500"},{"imprint_cost_recommended_selling_price":"0.555","imprint_cost_recommended_selling_quantity":"5000"}],"product_quantity_price_range_buying":[{"imprint_cost_general_buying_price":"1.75","imprint_cost_general_buying_quantity":"1"},{"imprint_cost_general_buying_price":"1.25","imprint_cost_general_buying_quantity":"25"},{"imprint_cost_general_buying_price":"0.72","imprint_cost_general_buying_quantity":"50"},{"imprint_cost_general_buying_price":"0.58","imprint_cost_general_buying_quantity":"100"},{"imprint_cost_general_buying_price":"0.48","imprint_cost_general_buying_quantity":"250"},{"imprint_cost_general_buying_price":"0.44","imprint_cost_general_buying_quantity":"500"},{"imprint_cost_general_buying_price":"0.41","imprint_cost_general_buying_quantity":"1000"},{"imprint_cost_general_buying_price":"0.39","imprint_cost_general_buying_quantity":"2500"},{"imprint_cost_general_buying_price":"0.37","imprint_cost_general_buying_quantity":"5000"}],"imprint_cost_setup_costs":"26.25","imprint_cost_handling_costs":"0.06"}]},"aioseo_notices":[],"aioseo_head":"\n\t\t<!-- All in One SEO Pro 4.9.6.2 - aioseo.com -->\n\t<meta name=\"description\" content=\"Du schreibst deine Notizen nachhaltig: Das A5-Kaffeesatz-Notizbuch mit Wire-O-Bindung liegt flach auf dem Schreibtisch und l\u00e4sst sich leicht umbl\u00e4ttern. Hidalgo bedruckt die braune Umschlagseite mit deinem Logo - ideal f\u00fcr B\u00fcro &amp; Events.\" \/>\n\t<meta name=\"robots\" content=\"max-image-preview:large\" \/>\n\t<link rel=\"canonical\" href=\"https:\/\/hidalgo.nl\/de\/wp-json\/wp\/v2\/product\/125942\" \/>\n\t<meta name=\"generator\" content=\"All in One SEO Pro (AIOSEO) 4.9.6.2\" \/>\n\t\t<meta property=\"og:locale\" content=\"de_DE\" \/>\n\t\t<meta property=\"og:site_name\" content=\"Hidalgo -\" \/>\n\t\t<meta property=\"og:type\" content=\"article\" \/>\n\t\t<meta property=\"og:title\" content=\"Coffee Notebook Wire-O A5 notitieboek\" \/>\n\t\t<meta property=\"og:description\" content=\"Du schreibst deine Notizen nachhaltig: Das A5-Kaffeesatz-Notizbuch mit Wire-O-Bindung liegt flach auf dem Schreibtisch und l\u00e4sst sich leicht umbl\u00e4ttern. Hidalgo bedruckt die braune Umschlagseite mit deinem Logo - ideal f\u00fcr B\u00fcro &amp; Events.\" \/>\n\t\t<meta property=\"og:url\" content=\"https:\/\/hidalgo.nl\/de\/wp-json\/wp\/v2\/product\/125942\" \/>\n\t\t<meta property=\"og:image\" content=\"https:\/\/shop.hidalgo.nl\/wp-content\/uploads\/2025\/11\/cropped-Hidalgo-est1993.png\" \/>\n\t\t<meta property=\"og:image:secure_url\" content=\"https:\/\/shop.hidalgo.nl\/wp-content\/uploads\/2025\/11\/cropped-Hidalgo-est1993.png\" \/>\n\t\t<meta property=\"article:published_time\" content=\"2025-07-07T18:31:48+00:00\" \/>\n\t\t<meta property=\"article:modified_time\" content=\"2026-02-28T11:09:47+00:00\" \/>\n\t\t<meta name=\"twitter:card\" content=\"summary_large_image\" \/>\n\t\t<meta name=\"twitter:title\" content=\"Coffee Notebook Wire-O A5 notitieboek\" \/>\n\t\t<meta name=\"twitter:description\" content=\"Du schreibst deine Notizen nachhaltig: Das A5-Kaffeesatz-Notizbuch mit Wire-O-Bindung liegt flach auf dem Schreibtisch und l\u00e4sst sich leicht umbl\u00e4ttern. Hidalgo bedruckt die braune Umschlagseite mit deinem Logo - ideal f\u00fcr B\u00fcro &amp; Events.\" \/>\n\t\t<meta name=\"twitter:image\" content=\"https:\/\/shop.hidalgo.nl\/wp-content\/uploads\/2025\/11\/cropped-Hidalgo-est1993.png\" \/>\n\t\t<script type=\"application\/ld+json\" class=\"aioseo-schema\">\n\t\t\t{\"@context\":\"https:\\\/\\\/schema.org\",\"@graph\":[{\"@type\":\"BreadcrumbList\",\"@id\":\"https:\\\/\\\/hidalgo.nl\\\/de\\\/product\\\/coffee-notebook-wire-o-a5-notitieboek\\\/#breadcrumblist\",\"itemListElement\":[{\"@type\":\"ListItem\",\"@id\":\"https:\\\/\\\/hidalgo.nl\\\/de\\\/#listItem\",\"position\":1,\"name\":\"Home\",\"item\":\"https:\\\/\\\/hidalgo.nl\\\/de\\\/\",\"nextItem\":{\"@type\":\"ListItem\",\"@id\":\"https:\\\/\\\/hidalgo.nl\\\/example\\\/#listItem\",\"name\":\"example\"}},{\"@type\":\"ListItem\",\"@id\":\"https:\\\/\\\/hidalgo.nl\\\/example\\\/#listItem\",\"position\":2,\"name\":\"example\",\"item\":\"https:\\\/\\\/hidalgo.nl\\\/example\\\/\",\"nextItem\":{\"@type\":\"ListItem\",\"@id\":\"https:\\\/\\\/hidalgo.nl\\\/en\\\/product-supplier\\\/a508\\\/#listItem\",\"name\":\"A508\"},\"previousItem\":{\"@type\":\"ListItem\",\"@id\":\"https:\\\/\\\/hidalgo.nl\\\/de\\\/#listItem\",\"name\":\"Home\"}},{\"@type\":\"ListItem\",\"@id\":\"https:\\\/\\\/hidalgo.nl\\\/en\\\/product-supplier\\\/a508\\\/#listItem\",\"position\":3,\"name\":\"A508\",\"item\":\"https:\\\/\\\/hidalgo.nl\\\/en\\\/product-supplier\\\/a508\\\/\",\"nextItem\":{\"@type\":\"ListItem\",\"@id\":\"https:\\\/\\\/hidalgo.nl\\\/de\\\/product\\\/coffee-notebook-wire-o-a5-notitieboek\\\/#listItem\",\"name\":\"Coffee Notebook Wire-O A5 notitieboek\"},\"previousItem\":{\"@type\":\"ListItem\",\"@id\":\"https:\\\/\\\/hidalgo.nl\\\/example\\\/#listItem\",\"name\":\"example\"}},{\"@type\":\"ListItem\",\"@id\":\"https:\\\/\\\/hidalgo.nl\\\/de\\\/product\\\/coffee-notebook-wire-o-a5-notitieboek\\\/#listItem\",\"position\":4,\"name\":\"Coffee Notebook Wire-O A5 notitieboek\",\"previousItem\":{\"@type\":\"ListItem\",\"@id\":\"https:\\\/\\\/hidalgo.nl\\\/en\\\/product-supplier\\\/a508\\\/#listItem\",\"name\":\"A508\"}}]},{\"@type\":\"Organization\",\"@id\":\"https:\\\/\\\/hidalgo.nl\\\/de\\\/#organization\",\"name\":\"Hidalgo\",\"url\":\"https:\\\/\\\/hidalgo.nl\\\/de\\\/\",\"logo\":{\"@type\":\"ImageObject\",\"url\":\"https:\\\/\\\/shop.hidalgo.nl\\\/wp-content\\\/uploads\\\/2025\\\/11\\\/cropped-Hidalgo-est1993.png\",\"@id\":\"https:\\\/\\\/hidalgo.nl\\\/de\\\/product\\\/coffee-notebook-wire-o-a5-notitieboek\\\/#organizationLogo\",\"width\":585,\"height\":195},\"image\":{\"@id\":\"https:\\\/\\\/hidalgo.nl\\\/de\\\/product\\\/coffee-notebook-wire-o-a5-notitieboek\\\/#organizationLogo\"}},{\"@type\":\"ProductGroup\",\"@id\":\"https:\\\/\\\/hidalgo.nl\\\/de\\\/product\\\/coffee-notebook-wire-o-a5-notitieboek\\\/#wooCommerceProduct\",\"name\":\"Coffee Notebook Wire-O A5 notitieboek\",\"url\":\"https:\\\/\\\/hidalgo.nl\\\/de\\\/product\\\/coffee-notebook-wire-o-a5-notitieboek\\\/\",\"sku\":\"A508-1278\",\"image\":{\"@type\":\"ImageObject\",\"url\":\"https:\\\/\\\/shop.hidalgo.nl\\\/wp-content\\\/uploads\\\/2025\\\/07\\\/d5ac2026f42056aae6a9be011c63a07dcc95f06284452a8b1e8e91598af0521a.jpg\",\"@id\":\"https:\\\/\\\/hidalgo.nl\\\/de\\\/product\\\/coffee-notebook-wire-o-a5-notitieboek\\\/#productImage\",\"width\":1000,\"height\":1000},\"productGroupID\":125942,\"hasVariant\":[{\"@type\":\"Product\",\"@id\":\"https:\\\/\\\/hidalgo.nl\\\/de\\\/product\\\/coffee-notebook-wire-o-a5-notitieboek\\\/#wooCommerceProduct\",\"name\":\"Coffee Notebook Wire-O A5 notitieboek - bruin\",\"url\":\"https:\\\/\\\/hidalgo.nl\\\/de\\\/product\\\/coffee-notebook-wire-o-a5-notitieboek\\\/\",\"sku\":\"A508-127840\",\"image\":{\"@type\":\"ImageObject\",\"url\":\"https:\\\/\\\/shop.hidalgo.nl\\\/wp-content\\\/uploads\\\/2025\\\/07\\\/d5ac2026f42056aae6a9be011c63a07dcc95f06284452a8b1e8e91598af0521a.jpg\",\"@id\":\"https:\\\/\\\/hidalgo.nl\\\/de\\\/product\\\/coffee-notebook-wire-o-a5-notitieboek\\\/#productImage\",\"width\":1000,\"height\":1000},\"offers\":{\"@type\":\"Offer\",\"url\":\"https:\\\/\\\/hidalgo.nl\\\/de\\\/product\\\/coffee-notebook-wire-o-a5-notitieboek\\\/#wooCommerceOffer\",\"price\":\"8.925\",\"priceCurrency\":\"EUR\",\"category\":\"Promotionele Artikelen\",\"availability\":\"https:\\\/\\\/schema.org\\\/InStock\",\"priceSpecification\":{\"@type\":\"PriceSpecification\",\"price\":8.925,\"priceCurrency\":\"EUR\",\"valueAddedTaxIncluded\":\"true\"}}}]},{\"@type\":\"WebPage\",\"@id\":\"https:\\\/\\\/hidalgo.nl\\\/de\\\/product\\\/coffee-notebook-wire-o-a5-notitieboek\\\/#webpage\",\"url\":\"https:\\\/\\\/hidalgo.nl\\\/de\\\/product\\\/coffee-notebook-wire-o-a5-notitieboek\\\/\",\"name\":\"Coffee Notebook Wire-O A5 notitieboek\",\"description\":\"Du schreibst deine Notizen nachhaltig: Das A5-Kaffeesatz-Notizbuch mit Wire-O-Bindung liegt flach auf dem Schreibtisch und l\\u00e4sst sich leicht umbl\\u00e4ttern. Hidalgo bedruckt die braune Umschlagseite mit deinem Logo - ideal f\\u00fcr B\\u00fcro & Events.\",\"inLanguage\":\"de-DE\",\"isPartOf\":{\"@id\":\"https:\\\/\\\/hidalgo.nl\\\/de\\\/#website\"},\"breadcrumb\":{\"@id\":\"https:\\\/\\\/hidalgo.nl\\\/de\\\/product\\\/coffee-notebook-wire-o-a5-notitieboek\\\/#breadcrumblist\"},\"image\":{\"@type\":\"ImageObject\",\"url\":\"https:\\\/\\\/shop.hidalgo.nl\\\/wp-content\\\/uploads\\\/2025\\\/07\\\/d5ac2026f42056aae6a9be011c63a07dcc95f06284452a8b1e8e91598af0521a.jpg\",\"@id\":\"https:\\\/\\\/hidalgo.nl\\\/de\\\/product\\\/coffee-notebook-wire-o-a5-notitieboek\\\/#mainImage\",\"width\":1000,\"height\":1000},\"primaryImageOfPage\":{\"@id\":\"https:\\\/\\\/hidalgo.nl\\\/de\\\/product\\\/coffee-notebook-wire-o-a5-notitieboek\\\/#mainImage\"},\"datePublished\":\"2025-07-07T18:31:48+00:00\",\"dateModified\":\"2026-02-28T11:09:47+00:00\"},{\"@type\":\"WebSite\",\"@id\":\"https:\\\/\\\/hidalgo.nl\\\/de\\\/#website\",\"url\":\"https:\\\/\\\/hidalgo.nl\\\/de\\\/\",\"name\":\"Hidalgo\",\"inLanguage\":\"de-DE\",\"publisher\":{\"@id\":\"https:\\\/\\\/hidalgo.nl\\\/de\\\/#organization\"}}]}\n\t\t<\/script>\n\t\t<!-- All in One SEO Pro -->\r\n\t\t<title>Coffee Notebook Wire-O A5 notitieboek<\/title>\n\n","aioseo_head_json":{"title":"Coffee Notebook Wire-O A5 notitieboek","description":"Du schreibst deine Notizen nachhaltig: Das A5-Kaffeesatz-Notizbuch mit Wire-O-Bindung liegt flach auf dem Schreibtisch und l\u00e4sst sich leicht umbl\u00e4ttern. Hidalgo bedruckt die braune Umschlagseite mit deinem Logo - ideal f\u00fcr B\u00fcro & Events.","canonical_url":"https:\/\/hidalgo.nl\/de\/wp-json\/wp\/v2\/product\/125942","robots":"max-image-preview:large","keywords":"","webmasterTools":{"miscellaneous":""},"schema":{"@context":"https:\/\/schema.org","@graph":[{"@type":"BreadcrumbList","@id":"https:\/\/hidalgo.nl\/de\/product\/coffee-notebook-wire-o-a5-notitieboek\/#breadcrumblist","itemListElement":[{"@type":"ListItem","@id":"https:\/\/hidalgo.nl\/de\/#listItem","position":1,"name":"Home","item":"https:\/\/hidalgo.nl\/de\/","nextItem":{"@type":"ListItem","@id":"https:\/\/hidalgo.nl\/example\/#listItem","name":"example"}},{"@type":"ListItem","@id":"https:\/\/hidalgo.nl\/example\/#listItem","position":2,"name":"example","item":"https:\/\/hidalgo.nl\/example\/","nextItem":{"@type":"ListItem","@id":"https:\/\/hidalgo.nl\/en\/product-supplier\/a508\/#listItem","name":"A508"},"previousItem":{"@type":"ListItem","@id":"https:\/\/hidalgo.nl\/de\/#listItem","name":"Home"}},{"@type":"ListItem","@id":"https:\/\/hidalgo.nl\/en\/product-supplier\/a508\/#listItem","position":3,"name":"A508","item":"https:\/\/hidalgo.nl\/en\/product-supplier\/a508\/","nextItem":{"@type":"ListItem","@id":"https:\/\/hidalgo.nl\/de\/product\/coffee-notebook-wire-o-a5-notitieboek\/#listItem","name":"Coffee Notebook Wire-O A5 notitieboek"},"previousItem":{"@type":"ListItem","@id":"https:\/\/hidalgo.nl\/example\/#listItem","name":"example"}},{"@type":"ListItem","@id":"https:\/\/hidalgo.nl\/de\/product\/coffee-notebook-wire-o-a5-notitieboek\/#listItem","position":4,"name":"Coffee Notebook Wire-O A5 notitieboek","previousItem":{"@type":"ListItem","@id":"https:\/\/hidalgo.nl\/en\/product-supplier\/a508\/#listItem","name":"A508"}}]},{"@type":"Organization","@id":"https:\/\/hidalgo.nl\/de\/#organization","name":"Hidalgo","url":"https:\/\/hidalgo.nl\/de\/","logo":{"@type":"ImageObject","url":"https:\/\/shop.hidalgo.nl\/wp-content\/uploads\/2025\/11\/cropped-Hidalgo-est1993.png","@id":"https:\/\/hidalgo.nl\/de\/product\/coffee-notebook-wire-o-a5-notitieboek\/#organizationLogo","width":585,"height":195},"image":{"@id":"https:\/\/hidalgo.nl\/de\/product\/coffee-notebook-wire-o-a5-notitieboek\/#organizationLogo"}},{"@type":"ProductGroup","@id":"https:\/\/hidalgo.nl\/de\/product\/coffee-notebook-wire-o-a5-notitieboek\/#wooCommerceProduct","name":"Coffee Notebook Wire-O A5 notitieboek","url":"https:\/\/hidalgo.nl\/de\/product\/coffee-notebook-wire-o-a5-notitieboek\/","sku":"A508-1278","image":{"@type":"ImageObject","url":"https:\/\/shop.hidalgo.nl\/wp-content\/uploads\/2025\/07\/d5ac2026f42056aae6a9be011c63a07dcc95f06284452a8b1e8e91598af0521a.jpg","@id":"https:\/\/hidalgo.nl\/de\/product\/coffee-notebook-wire-o-a5-notitieboek\/#productImage","width":1000,"height":1000},"productGroupID":125942,"hasVariant":[{"@type":"Product","@id":"https:\/\/hidalgo.nl\/de\/product\/coffee-notebook-wire-o-a5-notitieboek\/#wooCommerceProduct","name":"Coffee Notebook Wire-O A5 notitieboek - bruin","url":"https:\/\/hidalgo.nl\/de\/product\/coffee-notebook-wire-o-a5-notitieboek\/","sku":"A508-127840","image":{"@type":"ImageObject","url":"https:\/\/shop.hidalgo.nl\/wp-content\/uploads\/2025\/07\/d5ac2026f42056aae6a9be011c63a07dcc95f06284452a8b1e8e91598af0521a.jpg","@id":"https:\/\/hidalgo.nl\/de\/product\/coffee-notebook-wire-o-a5-notitieboek\/#productImage","width":1000,"height":1000},"offers":{"@type":"Offer","url":"https:\/\/hidalgo.nl\/de\/product\/coffee-notebook-wire-o-a5-notitieboek\/#wooCommerceOffer","price":"8.925","priceCurrency":"EUR","category":"Promotionele Artikelen","availability":"https:\/\/schema.org\/InStock","priceSpecification":{"@type":"PriceSpecification","price":8.925,"priceCurrency":"EUR","valueAddedTaxIncluded":"true"}}}]},{"@type":"WebPage","@id":"https:\/\/hidalgo.nl\/de\/product\/coffee-notebook-wire-o-a5-notitieboek\/#webpage","url":"https:\/\/hidalgo.nl\/de\/product\/coffee-notebook-wire-o-a5-notitieboek\/","name":"Coffee Notebook Wire-O A5 notitieboek","description":"Du schreibst deine Notizen nachhaltig: Das A5-Kaffeesatz-Notizbuch mit Wire-O-Bindung liegt flach auf dem Schreibtisch und l\u00e4sst sich leicht umbl\u00e4ttern. Hidalgo bedruckt die braune Umschlagseite mit deinem Logo - ideal f\u00fcr B\u00fcro & Events.","inLanguage":"de-DE","isPartOf":{"@id":"https:\/\/hidalgo.nl\/de\/#website"},"breadcrumb":{"@id":"https:\/\/hidalgo.nl\/de\/product\/coffee-notebook-wire-o-a5-notitieboek\/#breadcrumblist"},"image":{"@type":"ImageObject","url":"https:\/\/shop.hidalgo.nl\/wp-content\/uploads\/2025\/07\/d5ac2026f42056aae6a9be011c63a07dcc95f06284452a8b1e8e91598af0521a.jpg","@id":"https:\/\/hidalgo.nl\/de\/product\/coffee-notebook-wire-o-a5-notitieboek\/#mainImage","width":1000,"height":1000},"primaryImageOfPage":{"@id":"https:\/\/hidalgo.nl\/de\/product\/coffee-notebook-wire-o-a5-notitieboek\/#mainImage"},"datePublished":"2025-07-07T18:31:48+00:00","dateModified":"2026-02-28T11:09:47+00:00"},{"@type":"WebSite","@id":"https:\/\/hidalgo.nl\/de\/#website","url":"https:\/\/hidalgo.nl\/de\/","name":"Hidalgo","inLanguage":"de-DE","publisher":{"@id":"https:\/\/hidalgo.nl\/de\/#organization"}}]},"og:locale":"de_DE","og:site_name":"Hidalgo -","og:type":"article","og:title":"Coffee Notebook Wire-O A5 notitieboek","og:description":"Du schreibst deine Notizen nachhaltig: Das A5-Kaffeesatz-Notizbuch mit Wire-O-Bindung liegt flach auf dem Schreibtisch und l\u00e4sst sich leicht umbl\u00e4ttern. Hidalgo bedruckt die braune Umschlagseite mit deinem Logo - ideal f\u00fcr B\u00fcro &amp; Events.","og:url":"https:\/\/hidalgo.nl\/de\/wp-json\/wp\/v2\/product\/125942","og:image":"https:\/\/shop.hidalgo.nl\/wp-content\/uploads\/2025\/11\/cropped-Hidalgo-est1993.png","og:image:secure_url":"https:\/\/shop.hidalgo.nl\/wp-content\/uploads\/2025\/11\/cropped-Hidalgo-est1993.png","article:published_time":"2025-07-07T18:31:48+00:00","article:modified_time":"2026-02-28T11:09:47+00:00","twitter:card":"summary_large_image","twitter:title":"Coffee Notebook Wire-O A5 notitieboek","twitter:description":"Du schreibst deine Notizen nachhaltig: Das A5-Kaffeesatz-Notizbuch mit Wire-O-Bindung liegt flach auf dem Schreibtisch und l\u00e4sst sich leicht umbl\u00e4ttern. Hidalgo bedruckt die braune Umschlagseite mit deinem Logo - ideal f\u00fcr B\u00fcro &amp; Events.","twitter:image":"https:\/\/shop.hidalgo.nl\/wp-content\/uploads\/2025\/11\/cropped-Hidalgo-est1993.png"},"aioseo_meta_data":{"post_id":"125942","title":null,"description":null,"keywords":null,"keyphrases":null,"primary_term":null,"canonical_url":null,"og_title":null,"og_description":null,"og_object_type":"default","og_image_type":"default","og_image_url":null,"og_image_width":null,"og_image_height":null,"og_image_custom_url":null,"og_image_custom_fields":null,"og_video":null,"og_custom_url":null,"og_article_section":null,"og_article_tags":null,"twitter_use_og":false,"twitter_card":"default","twitter_image_type":"default","twitter_image_url":null,"twitter_image_custom_url":null,"twitter_image_custom_fields":null,"twitter_title":null,"twitter_description":null,"schema":{"blockGraphs":[],"customGraphs":[],"default":{"data":{"Article":[],"Course":[],"Dataset":[],"FAQPage":[],"Movie":[],"Person":[],"Product":[],"ProductReview":[],"Car":[],"Recipe":[],"Service":[],"SoftwareApplication":[],"WebPage":[]},"graphName":"","isEnabled":true},"graphs":[]},"schema_type":"default","schema_type_options":null,"pillar_content":false,"robots_default":true,"robots_noindex":false,"robots_noarchive":false,"robots_nosnippet":false,"robots_nofollow":false,"robots_noimageindex":false,"robots_noodp":false,"robots_notranslate":false,"robots_max_snippet":null,"robots_max_videopreview":null,"robots_max_imagepreview":"large","priority":null,"frequency":null,"local_seo":null,"seo_analyzer_scan_date":"2026-01-22 08:19:18","breadcrumb_settings":null,"limit_modified_date":false,"reviewed_by":null,"open_ai":null,"ai":null,"created":"2026-01-14 06:25:37","updated":"2026-04-22 23:23:49"},"aioseo_breadcrumb":"<div class=\"aioseo-breadcrumbs\"><span class=\"aioseo-breadcrumb\">\n\t<a href=\"https:\/\/hidalgo.nl\/de\/\" title=\"Home\">Home<\/a>\n<\/span><span class=\"aioseo-breadcrumb-separator\">\u00bb<\/span><span class=\"aioseo-breadcrumb\">\n\t<a href=\"https:\/\/hidalgo.nl\/example\/\" title=\"example\">example<\/a>\n<\/span><span class=\"aioseo-breadcrumb-separator\">\u00bb<\/span><span class=\"aioseo-breadcrumb\">\n\t<a href=\"https:\/\/hidalgo.nl\/en\/product-supplier\/a508\/\" title=\"A508\">A508<\/a>\n<\/span><span class=\"aioseo-breadcrumb-separator\">\u00bb<\/span><span class=\"aioseo-breadcrumb\">\n\tCoffee Notebook Wire-O A5 notitieboek\n<\/span><\/div>","aioseo_breadcrumb_json":[{"label":"Home","link":"https:\/\/hidalgo.nl\/de\/"},{"label":"example","link":"https:\/\/hidalgo.nl\/example\/"},{"label":"A508","link":"https:\/\/hidalgo.nl\/en\/product-supplier\/a508\/"},{"label":"Coffee Notebook Wire-O A5 notitieboek","link":"https:\/\/hidalgo.nl\/de\/product\/coffee-notebook-wire-o-a5-notitieboek\/"}],"_links":{"self":[{"href":"https:\/\/hidalgo.nl\/de\/wp-json\/wp\/v2\/product\/125942","targetHints":{"allow":["GET"]}}],"collection":[{"href":"https:\/\/hidalgo.nl\/de\/wp-json\/wp\/v2\/product"}],"about":[{"href":"https:\/\/hidalgo.nl\/de\/wp-json\/wp\/v2\/types\/product"}],"wp:featuredmedia":[{"embeddable":true,"href":"https:\/\/hidalgo.nl\/de\/wp-json\/wp\/v2\/media\/125943"}],"wp:attachment":[{"href":"https:\/\/hidalgo.nl\/de\/wp-json\/wp\/v2\/media?parent=125942"}],"wp:term":[{"taxonomy":"product_brand","embeddable":true,"href":"https:\/\/hidalgo.nl\/de\/wp-json\/wp\/v2\/product_brand?post=125942"},{"taxonomy":"product_cat","embeddable":true,"href":"https:\/\/hidalgo.nl\/de\/wp-json\/wp\/v2\/product_cat?post=125942"},{"taxonomy":"product_tag","embeddable":true,"href":"https:\/\/hidalgo.nl\/de\/wp-json\/wp\/v2\/product_tag?post=125942"}],"curies":[{"name":"wp","href":"https:\/\/api.w.org\/{rel}","templated":true}]}}