{"id":125250,"date":"2025-07-07T18:08:59","date_gmt":"2025-07-07T18:08:59","guid":{"rendered":"http:\/\/bidonsenshakers.pim.hidalgo.nl\/product\/victorinox-swiss-classic-tafelmes\/"},"modified":"2026-02-28T10:43:48","modified_gmt":"2026-02-28T10:43:48","slug":"victorinox-swiss-classic-tafelmes","status":"publish","type":"product","link":"https:\/\/hidalgo.nl\/de\/product\/victorinox-swiss-classic-tafelmes\/","title":{"rendered":"Victorinox Swiss Classic tafelmes"},"content":{"rendered":"<p>Topkwaliteit tafelmes van het merk Victorinox Swiss Classic. Het kwalitatief hoogwaardig RVS lemmet (11 cm) is gekarteld en heeft een ronde punt. Met kunststof heft. Door de ergonomische vormgeving ligt dit mesje zeer fijn in de hand. Te gebruiken bij het eten van een maaltijd of bij tal van klusjes in de keuken. vaatwasserbestendig. Exclusief Victorinox beschermhoes. Deze is los verkrijgbaar (art.nr. 0692).<\/p>\n","protected":false},"excerpt":{"rendered":"<p>Topkwaliteit tafelmes van het merk Victorinox Swiss Classic. Het kwalitatief hoogwaardig RVS lemmet (11 cm) is gekarteld en heeft een ronde punt. Met kunststof heft. Door de ergonomische vormgeving ligt dit mesje zeer fijn in de hand. Te gebruiken bij het eten van een maaltijd of bij tal van klusjes in de keuken. vaatwasserbestendig. Exclusief&hellip; <a class=\"more-link\" href=\"https:\/\/hidalgo.nl\/de\/product\/victorinox-swiss-classic-tafelmes\/\"><span class=\"screen-reader-text\">Victorinox Swiss Classic tafelmes<\/span> weiterlesen<\/a><\/p>\n","protected":false},"featured_media":125251,"template":"","meta":{"_acf_changed":false,"om_disable_all_campaigns":false,"_monsterinsights_skip_tracking":false,"_monsterinsights_sitenote_active":false,"_monsterinsights_sitenote_note":"","_monsterinsights_sitenote_category":0},"product_brand":[295],"product_cat":[5023,4735,4719,4728],"product_tag":[],"class_list":{"0":"post-125250","1":"product","2":"type-product","3":"status-publish","4":"has-post-thumbnail","6":"product_supplier-a508","7":"product_material-rvs","8":"product_brand-victorinox","9":"product_cat-keuken-bestek-rietjes","10":"product_cat-keuken","11":"product_cat-promotionele-artikelen","12":"product_cat-promotionele-artikelen-thuis-keuken-en-tuin","13":"entry","15":"first","16":"instock","17":"taxable","18":"shipping-taxable","19":"purchasable","20":"product-type-variable"},"acf":{"imprint_cost":[{"imprint_cost_key":"2891bad06bd10c912903c5419156d8cf08918368","product_quantity_price_range":[{"imprint_cost_recommended_selling_price":"2.085","imprint_cost_recommended_selling_quantity":"1"},{"imprint_cost_recommended_selling_price":"1.335","imprint_cost_recommended_selling_quantity":"25"},{"imprint_cost_recommended_selling_price":"0.78","imprint_cost_recommended_selling_quantity":"50"},{"imprint_cost_recommended_selling_price":"0.51","imprint_cost_recommended_selling_quantity":"100"},{"imprint_cost_recommended_selling_price":"0.39","imprint_cost_recommended_selling_quantity":"250"},{"imprint_cost_recommended_selling_price":"0.315","imprint_cost_recommended_selling_quantity":"500"},{"imprint_cost_recommended_selling_price":"0.27","imprint_cost_recommended_selling_quantity":"1000"},{"imprint_cost_recommended_selling_price":"0.255","imprint_cost_recommended_selling_quantity":"2500"},{"imprint_cost_recommended_selling_price":"0.24","imprint_cost_recommended_selling_quantity":"5000"}],"product_quantity_price_range_buying":[{"imprint_cost_general_buying_price":"1.39","imprint_cost_general_buying_quantity":"1"},{"imprint_cost_general_buying_price":"0.89","imprint_cost_general_buying_quantity":"25"},{"imprint_cost_general_buying_price":"0.52","imprint_cost_general_buying_quantity":"50"},{"imprint_cost_general_buying_price":"0.34","imprint_cost_general_buying_quantity":"100"},{"imprint_cost_general_buying_price":"0.26","imprint_cost_general_buying_quantity":"250"},{"imprint_cost_general_buying_price":"0.21","imprint_cost_general_buying_quantity":"500"},{"imprint_cost_general_buying_price":"0.18","imprint_cost_general_buying_quantity":"1000"},{"imprint_cost_general_buying_price":"0.17","imprint_cost_general_buying_quantity":"2500"},{"imprint_cost_general_buying_price":"0.16","imprint_cost_general_buying_quantity":"5000"}],"imprint_cost_setup_costs":"26.25","imprint_cost_handling_costs":"0.15"},{"imprint_cost_key":"f2447c7d3556e8230d759791eeee92656d8d502c","product_quantity_price_range":[{"imprint_cost_recommended_selling_price":"2.085","imprint_cost_recommended_selling_quantity":"1"},{"imprint_cost_recommended_selling_price":"1.335","imprint_cost_recommended_selling_quantity":"25"},{"imprint_cost_recommended_selling_price":"0.78","imprint_cost_recommended_selling_quantity":"50"},{"imprint_cost_recommended_selling_price":"0.51","imprint_cost_recommended_selling_quantity":"100"},{"imprint_cost_recommended_selling_price":"0.39","imprint_cost_recommended_selling_quantity":"250"},{"imprint_cost_recommended_selling_price":"0.315","imprint_cost_recommended_selling_quantity":"500"},{"imprint_cost_recommended_selling_price":"0.27","imprint_cost_recommended_selling_quantity":"1000"},{"imprint_cost_recommended_selling_price":"0.255","imprint_cost_recommended_selling_quantity":"2500"},{"imprint_cost_recommended_selling_price":"0.24","imprint_cost_recommended_selling_quantity":"5000"}],"product_quantity_price_range_buying":[{"imprint_cost_general_buying_price":"1.39","imprint_cost_general_buying_quantity":"1"},{"imprint_cost_general_buying_price":"0.89","imprint_cost_general_buying_quantity":"25"},{"imprint_cost_general_buying_price":"0.52","imprint_cost_general_buying_quantity":"50"},{"imprint_cost_general_buying_price":"0.34","imprint_cost_general_buying_quantity":"100"},{"imprint_cost_general_buying_price":"0.26","imprint_cost_general_buying_quantity":"250"},{"imprint_cost_general_buying_price":"0.21","imprint_cost_general_buying_quantity":"500"},{"imprint_cost_general_buying_price":"0.18","imprint_cost_general_buying_quantity":"1000"},{"imprint_cost_general_buying_price":"0.17","imprint_cost_general_buying_quantity":"2500"},{"imprint_cost_general_buying_price":"0.16","imprint_cost_general_buying_quantity":"5000"}],"imprint_cost_setup_costs":"26.25","imprint_cost_handling_costs":"0.15"}]},"aioseo_notices":[],"aioseo_head":"\n\t\t<!-- All in One SEO Pro 4.9.6.2 - aioseo.com -->\n\t<meta name=\"description\" content=\"M\u00fchelos durch Brot und Tomaten dank Wellenschliff und ergonomischem Griff - ideal als vielseitiges K\u00fcchenmesser im Alltag. Als Werbegeschenk personalisierbar: Hidalgo graviert dein Logo pr\u00e4zise auf das Victorinox Swiss Classic Tischmesser.\" \/>\n\t<meta name=\"robots\" content=\"max-image-preview:large\" \/>\n\t<link rel=\"canonical\" href=\"https:\/\/hidalgo.nl\/de\/wp-json\/wp\/v2\/product\/125250\" \/>\n\t<meta name=\"generator\" content=\"All in One SEO Pro (AIOSEO) 4.9.6.2\" \/>\n\t\t<meta property=\"og:locale\" content=\"de_DE\" \/>\n\t\t<meta property=\"og:site_name\" content=\"Hidalgo -\" \/>\n\t\t<meta property=\"og:type\" content=\"article\" \/>\n\t\t<meta property=\"og:title\" content=\"Victorinox Swiss Classic tafelmes\" \/>\n\t\t<meta property=\"og:description\" content=\"M\u00fchelos durch Brot und Tomaten dank Wellenschliff und ergonomischem Griff - ideal als vielseitiges K\u00fcchenmesser im Alltag. Als Werbegeschenk personalisierbar: Hidalgo graviert dein Logo pr\u00e4zise auf das Victorinox Swiss Classic Tischmesser.\" \/>\n\t\t<meta property=\"og:url\" content=\"https:\/\/hidalgo.nl\/de\/wp-json\/wp\/v2\/product\/125250\" \/>\n\t\t<meta property=\"og:image\" content=\"https:\/\/shop.hidalgo.nl\/wp-content\/uploads\/2025\/11\/cropped-Hidalgo-est1993.png\" \/>\n\t\t<meta property=\"og:image:secure_url\" content=\"https:\/\/shop.hidalgo.nl\/wp-content\/uploads\/2025\/11\/cropped-Hidalgo-est1993.png\" \/>\n\t\t<meta property=\"article:published_time\" content=\"2025-07-07T18:08:59+00:00\" \/>\n\t\t<meta property=\"article:modified_time\" content=\"2026-02-28T10:43:48+00:00\" \/>\n\t\t<meta name=\"twitter:card\" content=\"summary_large_image\" \/>\n\t\t<meta name=\"twitter:title\" content=\"Victorinox Swiss Classic tafelmes\" \/>\n\t\t<meta name=\"twitter:description\" content=\"M\u00fchelos durch Brot und Tomaten dank Wellenschliff und ergonomischem Griff - ideal als vielseitiges K\u00fcchenmesser im Alltag. Als Werbegeschenk personalisierbar: Hidalgo graviert dein Logo pr\u00e4zise auf das Victorinox Swiss Classic Tischmesser.\" \/>\n\t\t<meta name=\"twitter:image\" content=\"https:\/\/shop.hidalgo.nl\/wp-content\/uploads\/2025\/11\/cropped-Hidalgo-est1993.png\" \/>\n\t\t<script type=\"application\/ld+json\" class=\"aioseo-schema\">\n\t\t\t{\"@context\":\"https:\\\/\\\/schema.org\",\"@graph\":[{\"@type\":\"BreadcrumbList\",\"@id\":\"https:\\\/\\\/hidalgo.nl\\\/de\\\/product\\\/victorinox-swiss-classic-tafelmes\\\/#breadcrumblist\",\"itemListElement\":[{\"@type\":\"ListItem\",\"@id\":\"https:\\\/\\\/hidalgo.nl\\\/de\\\/#listItem\",\"position\":1,\"name\":\"Home\",\"item\":\"https:\\\/\\\/hidalgo.nl\\\/de\\\/\",\"nextItem\":{\"@type\":\"ListItem\",\"@id\":\"https:\\\/\\\/hidalgo.nl\\\/example\\\/#listItem\",\"name\":\"example\"}},{\"@type\":\"ListItem\",\"@id\":\"https:\\\/\\\/hidalgo.nl\\\/example\\\/#listItem\",\"position\":2,\"name\":\"example\",\"item\":\"https:\\\/\\\/hidalgo.nl\\\/example\\\/\",\"nextItem\":{\"@type\":\"ListItem\",\"@id\":\"https:\\\/\\\/hidalgo.nl\\\/en\\\/product-supplier\\\/a508\\\/#listItem\",\"name\":\"A508\"},\"previousItem\":{\"@type\":\"ListItem\",\"@id\":\"https:\\\/\\\/hidalgo.nl\\\/de\\\/#listItem\",\"name\":\"Home\"}},{\"@type\":\"ListItem\",\"@id\":\"https:\\\/\\\/hidalgo.nl\\\/en\\\/product-supplier\\\/a508\\\/#listItem\",\"position\":3,\"name\":\"A508\",\"item\":\"https:\\\/\\\/hidalgo.nl\\\/en\\\/product-supplier\\\/a508\\\/\",\"nextItem\":{\"@type\":\"ListItem\",\"@id\":\"https:\\\/\\\/hidalgo.nl\\\/de\\\/product\\\/victorinox-swiss-classic-tafelmes\\\/#listItem\",\"name\":\"Victorinox Swiss Classic tafelmes\"},\"previousItem\":{\"@type\":\"ListItem\",\"@id\":\"https:\\\/\\\/hidalgo.nl\\\/example\\\/#listItem\",\"name\":\"example\"}},{\"@type\":\"ListItem\",\"@id\":\"https:\\\/\\\/hidalgo.nl\\\/de\\\/product\\\/victorinox-swiss-classic-tafelmes\\\/#listItem\",\"position\":4,\"name\":\"Victorinox Swiss Classic tafelmes\",\"previousItem\":{\"@type\":\"ListItem\",\"@id\":\"https:\\\/\\\/hidalgo.nl\\\/en\\\/product-supplier\\\/a508\\\/#listItem\",\"name\":\"A508\"}}]},{\"@type\":\"Organization\",\"@id\":\"https:\\\/\\\/hidalgo.nl\\\/de\\\/#organization\",\"name\":\"Hidalgo\",\"url\":\"https:\\\/\\\/hidalgo.nl\\\/de\\\/\",\"logo\":{\"@type\":\"ImageObject\",\"url\":\"https:\\\/\\\/shop.hidalgo.nl\\\/wp-content\\\/uploads\\\/2025\\\/11\\\/cropped-Hidalgo-est1993.png\",\"@id\":\"https:\\\/\\\/hidalgo.nl\\\/de\\\/product\\\/victorinox-swiss-classic-tafelmes\\\/#organizationLogo\",\"width\":585,\"height\":195},\"image\":{\"@id\":\"https:\\\/\\\/hidalgo.nl\\\/de\\\/product\\\/victorinox-swiss-classic-tafelmes\\\/#organizationLogo\"}},{\"@type\":\"ProductGroup\",\"@id\":\"https:\\\/\\\/hidalgo.nl\\\/de\\\/product\\\/victorinox-swiss-classic-tafelmes\\\/#wooCommerceProduct\",\"name\":\"Victorinox Swiss Classic tafelmes\",\"url\":\"https:\\\/\\\/hidalgo.nl\\\/de\\\/product\\\/victorinox-swiss-classic-tafelmes\\\/\",\"brand\":{\"@type\":\"Brand\",\"name\":\"Victorinox\"},\"sku\":\"A508-0679\",\"image\":{\"@type\":\"ImageObject\",\"url\":\"https:\\\/\\\/shop.hidalgo.nl\\\/wp-content\\\/uploads\\\/2025\\\/07\\\/1c7c0999bb0e4e94c38eeb56e4133c1a0e2ff977c1cc6a275f9746d05e3b1c4d.jpg\",\"@id\":\"https:\\\/\\\/hidalgo.nl\\\/de\\\/product\\\/victorinox-swiss-classic-tafelmes\\\/#productImage\",\"width\":1000,\"height\":1000},\"productGroupID\":125250,\"hasVariant\":[{\"@type\":\"Product\",\"@id\":\"https:\\\/\\\/hidalgo.nl\\\/de\\\/product\\\/victorinox-swiss-classic-tafelmes\\\/#wooCommerceProduct\",\"name\":\"Victorinox Swiss Classic tafelmes - zwart\",\"url\":\"https:\\\/\\\/hidalgo.nl\\\/de\\\/product\\\/victorinox-swiss-classic-tafelmes\\\/\",\"sku\":\"A508-067998\",\"image\":{\"@type\":\"ImageObject\",\"url\":\"https:\\\/\\\/shop.hidalgo.nl\\\/wp-content\\\/uploads\\\/2025\\\/07\\\/1c7c0999bb0e4e94c38eeb56e4133c1a0e2ff977c1cc6a275f9746d05e3b1c4d.jpg\",\"@id\":\"https:\\\/\\\/hidalgo.nl\\\/de\\\/product\\\/victorinox-swiss-classic-tafelmes\\\/#productImage\",\"width\":1000,\"height\":1000},\"offers\":{\"@type\":\"Offer\",\"url\":\"https:\\\/\\\/hidalgo.nl\\\/de\\\/product\\\/victorinox-swiss-classic-tafelmes\\\/#wooCommerceOffer\",\"price\":\"7.425\",\"priceCurrency\":\"EUR\",\"category\":\"Promotionele Artikelen\",\"availability\":\"https:\\\/\\\/schema.org\\\/InStock\",\"priceSpecification\":{\"@type\":\"PriceSpecification\",\"price\":7.425,\"priceCurrency\":\"EUR\",\"valueAddedTaxIncluded\":\"true\"}}}]},{\"@type\":\"WebPage\",\"@id\":\"https:\\\/\\\/hidalgo.nl\\\/de\\\/product\\\/victorinox-swiss-classic-tafelmes\\\/#webpage\",\"url\":\"https:\\\/\\\/hidalgo.nl\\\/de\\\/product\\\/victorinox-swiss-classic-tafelmes\\\/\",\"name\":\"Victorinox Swiss Classic tafelmes\",\"description\":\"M\\u00fchelos durch Brot und Tomaten dank Wellenschliff und ergonomischem Griff - ideal als vielseitiges K\\u00fcchenmesser im Alltag. Als Werbegeschenk personalisierbar: Hidalgo graviert dein Logo pr\\u00e4zise auf das Victorinox Swiss Classic Tischmesser.\",\"inLanguage\":\"de-DE\",\"isPartOf\":{\"@id\":\"https:\\\/\\\/hidalgo.nl\\\/de\\\/#website\"},\"breadcrumb\":{\"@id\":\"https:\\\/\\\/hidalgo.nl\\\/de\\\/product\\\/victorinox-swiss-classic-tafelmes\\\/#breadcrumblist\"},\"image\":{\"@type\":\"ImageObject\",\"url\":\"https:\\\/\\\/shop.hidalgo.nl\\\/wp-content\\\/uploads\\\/2025\\\/07\\\/1c7c0999bb0e4e94c38eeb56e4133c1a0e2ff977c1cc6a275f9746d05e3b1c4d.jpg\",\"@id\":\"https:\\\/\\\/hidalgo.nl\\\/de\\\/product\\\/victorinox-swiss-classic-tafelmes\\\/#mainImage\",\"width\":1000,\"height\":1000},\"primaryImageOfPage\":{\"@id\":\"https:\\\/\\\/hidalgo.nl\\\/de\\\/product\\\/victorinox-swiss-classic-tafelmes\\\/#mainImage\"},\"datePublished\":\"2025-07-07T18:08:59+00:00\",\"dateModified\":\"2026-02-28T10:43:48+00:00\"},{\"@type\":\"WebSite\",\"@id\":\"https:\\\/\\\/hidalgo.nl\\\/de\\\/#website\",\"url\":\"https:\\\/\\\/hidalgo.nl\\\/de\\\/\",\"name\":\"Hidalgo\",\"inLanguage\":\"de-DE\",\"publisher\":{\"@id\":\"https:\\\/\\\/hidalgo.nl\\\/de\\\/#organization\"}}]}\n\t\t<\/script>\n\t\t<!-- All in One SEO Pro -->\r\n\t\t<title>Victorinox Swiss Classic tafelmes<\/title>\n\n","aioseo_head_json":{"title":"Victorinox Swiss Classic tafelmes","description":"M\u00fchelos durch Brot und Tomaten dank Wellenschliff und ergonomischem Griff - ideal als vielseitiges K\u00fcchenmesser im Alltag. Als Werbegeschenk personalisierbar: Hidalgo graviert dein Logo pr\u00e4zise auf das Victorinox Swiss Classic Tischmesser.","canonical_url":"https:\/\/hidalgo.nl\/de\/wp-json\/wp\/v2\/product\/125250","robots":"max-image-preview:large","keywords":"","webmasterTools":{"miscellaneous":""},"schema":{"@context":"https:\/\/schema.org","@graph":[{"@type":"BreadcrumbList","@id":"https:\/\/hidalgo.nl\/de\/product\/victorinox-swiss-classic-tafelmes\/#breadcrumblist","itemListElement":[{"@type":"ListItem","@id":"https:\/\/hidalgo.nl\/de\/#listItem","position":1,"name":"Home","item":"https:\/\/hidalgo.nl\/de\/","nextItem":{"@type":"ListItem","@id":"https:\/\/hidalgo.nl\/example\/#listItem","name":"example"}},{"@type":"ListItem","@id":"https:\/\/hidalgo.nl\/example\/#listItem","position":2,"name":"example","item":"https:\/\/hidalgo.nl\/example\/","nextItem":{"@type":"ListItem","@id":"https:\/\/hidalgo.nl\/en\/product-supplier\/a508\/#listItem","name":"A508"},"previousItem":{"@type":"ListItem","@id":"https:\/\/hidalgo.nl\/de\/#listItem","name":"Home"}},{"@type":"ListItem","@id":"https:\/\/hidalgo.nl\/en\/product-supplier\/a508\/#listItem","position":3,"name":"A508","item":"https:\/\/hidalgo.nl\/en\/product-supplier\/a508\/","nextItem":{"@type":"ListItem","@id":"https:\/\/hidalgo.nl\/de\/product\/victorinox-swiss-classic-tafelmes\/#listItem","name":"Victorinox Swiss Classic tafelmes"},"previousItem":{"@type":"ListItem","@id":"https:\/\/hidalgo.nl\/example\/#listItem","name":"example"}},{"@type":"ListItem","@id":"https:\/\/hidalgo.nl\/de\/product\/victorinox-swiss-classic-tafelmes\/#listItem","position":4,"name":"Victorinox Swiss Classic tafelmes","previousItem":{"@type":"ListItem","@id":"https:\/\/hidalgo.nl\/en\/product-supplier\/a508\/#listItem","name":"A508"}}]},{"@type":"Organization","@id":"https:\/\/hidalgo.nl\/de\/#organization","name":"Hidalgo","url":"https:\/\/hidalgo.nl\/de\/","logo":{"@type":"ImageObject","url":"https:\/\/shop.hidalgo.nl\/wp-content\/uploads\/2025\/11\/cropped-Hidalgo-est1993.png","@id":"https:\/\/hidalgo.nl\/de\/product\/victorinox-swiss-classic-tafelmes\/#organizationLogo","width":585,"height":195},"image":{"@id":"https:\/\/hidalgo.nl\/de\/product\/victorinox-swiss-classic-tafelmes\/#organizationLogo"}},{"@type":"ProductGroup","@id":"https:\/\/hidalgo.nl\/de\/product\/victorinox-swiss-classic-tafelmes\/#wooCommerceProduct","name":"Victorinox Swiss Classic tafelmes","url":"https:\/\/hidalgo.nl\/de\/product\/victorinox-swiss-classic-tafelmes\/","brand":{"@type":"Brand","name":"Victorinox"},"sku":"A508-0679","image":{"@type":"ImageObject","url":"https:\/\/shop.hidalgo.nl\/wp-content\/uploads\/2025\/07\/1c7c0999bb0e4e94c38eeb56e4133c1a0e2ff977c1cc6a275f9746d05e3b1c4d.jpg","@id":"https:\/\/hidalgo.nl\/de\/product\/victorinox-swiss-classic-tafelmes\/#productImage","width":1000,"height":1000},"productGroupID":125250,"hasVariant":[{"@type":"Product","@id":"https:\/\/hidalgo.nl\/de\/product\/victorinox-swiss-classic-tafelmes\/#wooCommerceProduct","name":"Victorinox Swiss Classic tafelmes - zwart","url":"https:\/\/hidalgo.nl\/de\/product\/victorinox-swiss-classic-tafelmes\/","sku":"A508-067998","image":{"@type":"ImageObject","url":"https:\/\/shop.hidalgo.nl\/wp-content\/uploads\/2025\/07\/1c7c0999bb0e4e94c38eeb56e4133c1a0e2ff977c1cc6a275f9746d05e3b1c4d.jpg","@id":"https:\/\/hidalgo.nl\/de\/product\/victorinox-swiss-classic-tafelmes\/#productImage","width":1000,"height":1000},"offers":{"@type":"Offer","url":"https:\/\/hidalgo.nl\/de\/product\/victorinox-swiss-classic-tafelmes\/#wooCommerceOffer","price":"7.425","priceCurrency":"EUR","category":"Promotionele Artikelen","availability":"https:\/\/schema.org\/InStock","priceSpecification":{"@type":"PriceSpecification","price":7.425,"priceCurrency":"EUR","valueAddedTaxIncluded":"true"}}}]},{"@type":"WebPage","@id":"https:\/\/hidalgo.nl\/de\/product\/victorinox-swiss-classic-tafelmes\/#webpage","url":"https:\/\/hidalgo.nl\/de\/product\/victorinox-swiss-classic-tafelmes\/","name":"Victorinox Swiss Classic tafelmes","description":"M\u00fchelos durch Brot und Tomaten dank Wellenschliff und ergonomischem Griff - ideal als vielseitiges K\u00fcchenmesser im Alltag. Als Werbegeschenk personalisierbar: Hidalgo graviert dein Logo pr\u00e4zise auf das Victorinox Swiss Classic Tischmesser.","inLanguage":"de-DE","isPartOf":{"@id":"https:\/\/hidalgo.nl\/de\/#website"},"breadcrumb":{"@id":"https:\/\/hidalgo.nl\/de\/product\/victorinox-swiss-classic-tafelmes\/#breadcrumblist"},"image":{"@type":"ImageObject","url":"https:\/\/shop.hidalgo.nl\/wp-content\/uploads\/2025\/07\/1c7c0999bb0e4e94c38eeb56e4133c1a0e2ff977c1cc6a275f9746d05e3b1c4d.jpg","@id":"https:\/\/hidalgo.nl\/de\/product\/victorinox-swiss-classic-tafelmes\/#mainImage","width":1000,"height":1000},"primaryImageOfPage":{"@id":"https:\/\/hidalgo.nl\/de\/product\/victorinox-swiss-classic-tafelmes\/#mainImage"},"datePublished":"2025-07-07T18:08:59+00:00","dateModified":"2026-02-28T10:43:48+00:00"},{"@type":"WebSite","@id":"https:\/\/hidalgo.nl\/de\/#website","url":"https:\/\/hidalgo.nl\/de\/","name":"Hidalgo","inLanguage":"de-DE","publisher":{"@id":"https:\/\/hidalgo.nl\/de\/#organization"}}]},"og:locale":"de_DE","og:site_name":"Hidalgo -","og:type":"article","og:title":"Victorinox Swiss Classic tafelmes","og:description":"M\u00fchelos durch Brot und Tomaten dank Wellenschliff und ergonomischem Griff - ideal als vielseitiges K\u00fcchenmesser im Alltag. Als Werbegeschenk personalisierbar: Hidalgo graviert dein Logo pr\u00e4zise auf das Victorinox Swiss Classic Tischmesser.","og:url":"https:\/\/hidalgo.nl\/de\/wp-json\/wp\/v2\/product\/125250","og:image":"https:\/\/shop.hidalgo.nl\/wp-content\/uploads\/2025\/11\/cropped-Hidalgo-est1993.png","og:image:secure_url":"https:\/\/shop.hidalgo.nl\/wp-content\/uploads\/2025\/11\/cropped-Hidalgo-est1993.png","article:published_time":"2025-07-07T18:08:59+00:00","article:modified_time":"2026-02-28T10:43:48+00:00","twitter:card":"summary_large_image","twitter:title":"Victorinox Swiss Classic tafelmes","twitter:description":"M\u00fchelos durch Brot und Tomaten dank Wellenschliff und ergonomischem Griff - ideal als vielseitiges K\u00fcchenmesser im Alltag. Als Werbegeschenk personalisierbar: Hidalgo graviert dein Logo pr\u00e4zise auf das Victorinox Swiss Classic Tischmesser.","twitter:image":"https:\/\/shop.hidalgo.nl\/wp-content\/uploads\/2025\/11\/cropped-Hidalgo-est1993.png"},"aioseo_meta_data":{"post_id":"125250","title":null,"description":null,"keywords":null,"keyphrases":null,"primary_term":null,"canonical_url":null,"og_title":null,"og_description":null,"og_object_type":"default","og_image_type":"default","og_image_url":null,"og_image_width":null,"og_image_height":null,"og_image_custom_url":null,"og_image_custom_fields":null,"og_video":null,"og_custom_url":null,"og_article_section":null,"og_article_tags":null,"twitter_use_og":false,"twitter_card":"default","twitter_image_type":"default","twitter_image_url":null,"twitter_image_custom_url":null,"twitter_image_custom_fields":null,"twitter_title":null,"twitter_description":null,"schema":{"blockGraphs":[],"customGraphs":[],"default":{"data":{"Article":[],"Course":[],"Dataset":[],"FAQPage":[],"Movie":[],"Person":[],"Product":[],"ProductReview":[],"Car":[],"Recipe":[],"Service":[],"SoftwareApplication":[],"WebPage":[]},"graphName":"","isEnabled":true},"graphs":[]},"schema_type":"default","schema_type_options":null,"pillar_content":false,"robots_default":true,"robots_noindex":false,"robots_noarchive":false,"robots_nosnippet":false,"robots_nofollow":false,"robots_noimageindex":false,"robots_noodp":false,"robots_notranslate":false,"robots_max_snippet":null,"robots_max_videopreview":null,"robots_max_imagepreview":"large","priority":null,"frequency":null,"local_seo":null,"seo_analyzer_scan_date":"2026-01-22 01:31:46","breadcrumb_settings":null,"limit_modified_date":false,"reviewed_by":null,"open_ai":null,"ai":null,"created":"2026-01-14 06:25:37","updated":"2026-04-22 23:15:49"},"aioseo_breadcrumb":"<div class=\"aioseo-breadcrumbs\"><span class=\"aioseo-breadcrumb\">\n\t<a href=\"https:\/\/hidalgo.nl\/de\/\" title=\"Home\">Home<\/a>\n<\/span><span class=\"aioseo-breadcrumb-separator\">\u00bb<\/span><span class=\"aioseo-breadcrumb\">\n\t<a href=\"https:\/\/hidalgo.nl\/example\/\" title=\"example\">example<\/a>\n<\/span><span class=\"aioseo-breadcrumb-separator\">\u00bb<\/span><span class=\"aioseo-breadcrumb\">\n\t<a href=\"https:\/\/hidalgo.nl\/en\/product-supplier\/a508\/\" title=\"A508\">A508<\/a>\n<\/span><span class=\"aioseo-breadcrumb-separator\">\u00bb<\/span><span class=\"aioseo-breadcrumb\">\n\tVictorinox Swiss Classic tafelmes\n<\/span><\/div>","aioseo_breadcrumb_json":[{"label":"Home","link":"https:\/\/hidalgo.nl\/de\/"},{"label":"example","link":"https:\/\/hidalgo.nl\/example\/"},{"label":"A508","link":"https:\/\/hidalgo.nl\/en\/product-supplier\/a508\/"},{"label":"Victorinox Swiss Classic tafelmes","link":"https:\/\/hidalgo.nl\/de\/product\/victorinox-swiss-classic-tafelmes\/"}],"_links":{"self":[{"href":"https:\/\/hidalgo.nl\/de\/wp-json\/wp\/v2\/product\/125250","targetHints":{"allow":["GET"]}}],"collection":[{"href":"https:\/\/hidalgo.nl\/de\/wp-json\/wp\/v2\/product"}],"about":[{"href":"https:\/\/hidalgo.nl\/de\/wp-json\/wp\/v2\/types\/product"}],"wp:featuredmedia":[{"embeddable":true,"href":"https:\/\/hidalgo.nl\/de\/wp-json\/wp\/v2\/media\/125251"}],"wp:attachment":[{"href":"https:\/\/hidalgo.nl\/de\/wp-json\/wp\/v2\/media?parent=125250"}],"wp:term":[{"taxonomy":"product_brand","embeddable":true,"href":"https:\/\/hidalgo.nl\/de\/wp-json\/wp\/v2\/product_brand?post=125250"},{"taxonomy":"product_cat","embeddable":true,"href":"https:\/\/hidalgo.nl\/de\/wp-json\/wp\/v2\/product_cat?post=125250"},{"taxonomy":"product_tag","embeddable":true,"href":"https:\/\/hidalgo.nl\/de\/wp-json\/wp\/v2\/product_tag?post=125250"}],"curies":[{"name":"wp","href":"https:\/\/api.w.org\/{rel}","templated":true}]}}