{"id":12524,"date":"2025-07-03T10:39:12","date_gmt":"2025-07-03T10:39:12","guid":{"rendered":"http:\/\/bidonsenshakers.pim.hidalgo.nl\/product\/abs-balpen-martin\/"},"modified":"2026-03-15T13:33:43","modified_gmt":"2026-03-15T13:33:43","slug":"abs-balpen-martin","status":"publish","type":"product","link":"https:\/\/hidalgo.nl\/de\/product\/12524\/abs-kugelschreiber-martin-bedrucken-blau-schreibend-schlank\/","title":{"rendered":"ABS balpen Martin"},"content":{"rendered":"<p>Kunststof balpen, blauwschrijvend, model &#8218;lipstick&#8216;.<\/p>\n","protected":false},"excerpt":{"rendered":"<p>Kunststof balpen, blauwschrijvend, model &#8218;lipstick&#8216;.<\/p>\n","protected":false},"featured_media":12525,"template":"","meta":{"_acf_changed":false,"om_disable_all_campaigns":false,"_monsterinsights_skip_tracking":false,"_monsterinsights_sitenote_active":false,"_monsterinsights_sitenote_note":"","_monsterinsights_sitenote_category":0},"product_brand":[49],"product_cat":[4785,4719,4756],"product_tag":[],"class_list":{"0":"post-12524","1":"product","2":"type-product","3":"status-publish","4":"has-post-thumbnail","6":"product_supplier-a58","7":"product_material-abs","8":"product_brand-impression","9":"product_cat-pennen","10":"product_cat-promotionele-artikelen","11":"product_cat-schrijfwaren","12":"entry","14":"first","15":"instock","16":"taxable","17":"shipping-taxable","18":"purchasable","19":"product-type-variable"},"acf":{"imprint_cost":[{"imprint_cost_key":"72ba1ef0affd2fc4840be9182cea8b5986d9a1b4","product_quantity_price_range":[{"imprint_cost_recommended_selling_price":"5.43","imprint_cost_recommended_selling_quantity":"1"},{"imprint_cost_recommended_selling_price":"2.83","imprint_cost_recommended_selling_quantity":"25"},{"imprint_cost_recommended_selling_price":"1.29","imprint_cost_recommended_selling_quantity":"50"},{"imprint_cost_recommended_selling_price":"0.49","imprint_cost_recommended_selling_quantity":"100"},{"imprint_cost_recommended_selling_price":"0.35","imprint_cost_recommended_selling_quantity":"250"},{"imprint_cost_recommended_selling_price":"0.28","imprint_cost_recommended_selling_quantity":"500"},{"imprint_cost_recommended_selling_price":"0.2","imprint_cost_recommended_selling_quantity":"1000"},{"imprint_cost_recommended_selling_price":"0.18","imprint_cost_recommended_selling_quantity":"5000"}],"product_quantity_price_range_buying":false,"imprint_cost_setup_costs":"52.31","imprint_cost_handling_costs":"0.2"},{"imprint_cost_key":"802f34048ba5900703c32398eebd67b4cd26a3d3","product_quantity_price_range":[{"imprint_cost_recommended_selling_price":"10.26","imprint_cost_recommended_selling_quantity":"1"},{"imprint_cost_recommended_selling_price":"5.35","imprint_cost_recommended_selling_quantity":"25"},{"imprint_cost_recommended_selling_price":"2.4","imprint_cost_recommended_selling_quantity":"50"},{"imprint_cost_recommended_selling_price":"0.84","imprint_cost_recommended_selling_quantity":"100"},{"imprint_cost_recommended_selling_price":"0.63","imprint_cost_recommended_selling_quantity":"250"},{"imprint_cost_recommended_selling_price":"0.53","imprint_cost_recommended_selling_quantity":"500"},{"imprint_cost_recommended_selling_price":"0.38","imprint_cost_recommended_selling_quantity":"1000"},{"imprint_cost_recommended_selling_price":"0.35","imprint_cost_recommended_selling_quantity":"5000"},{"imprint_cost_recommended_selling_price":"0.32","imprint_cost_recommended_selling_quantity":"10000"}],"product_quantity_price_range_buying":false,"imprint_cost_setup_costs":"104.62","imprint_cost_handling_costs":"0.2"},{"imprint_cost_key":"cb7d64ae9d5759ee9badd610d31cc57ce1d0d3a8","product_quantity_price_range":[{"imprint_cost_recommended_selling_price":"15.09","imprint_cost_recommended_selling_quantity":"1"},{"imprint_cost_recommended_selling_price":"7.87","imprint_cost_recommended_selling_quantity":"25"},{"imprint_cost_recommended_selling_price":"3.51","imprint_cost_recommended_selling_quantity":"50"},{"imprint_cost_recommended_selling_price":"1.19","imprint_cost_recommended_selling_quantity":"100"},{"imprint_cost_recommended_selling_price":"0.91","imprint_cost_recommended_selling_quantity":"250"},{"imprint_cost_recommended_selling_price":"0.78","imprint_cost_recommended_selling_quantity":"500"},{"imprint_cost_recommended_selling_price":"0.56","imprint_cost_recommended_selling_quantity":"1000"},{"imprint_cost_recommended_selling_price":"0.52","imprint_cost_recommended_selling_quantity":"5000"},{"imprint_cost_recommended_selling_price":"0.46","imprint_cost_recommended_selling_quantity":"10000"}],"product_quantity_price_range_buying":false,"imprint_cost_setup_costs":"156.93","imprint_cost_handling_costs":"0.2"},{"imprint_cost_key":"7de7a1d74a48af5dc218af4fbb7fafd22db4d016","product_quantity_price_range":[{"imprint_cost_recommended_selling_price":"19.92","imprint_cost_recommended_selling_quantity":"1"},{"imprint_cost_recommended_selling_price":"10.39","imprint_cost_recommended_selling_quantity":"25"},{"imprint_cost_recommended_selling_price":"4.62","imprint_cost_recommended_selling_quantity":"50"},{"imprint_cost_recommended_selling_price":"1.54","imprint_cost_recommended_selling_quantity":"100"},{"imprint_cost_recommended_selling_price":"1.19","imprint_cost_recommended_selling_quantity":"250"},{"imprint_cost_recommended_selling_price":"1.03","imprint_cost_recommended_selling_quantity":"500"},{"imprint_cost_recommended_selling_price":"0.74","imprint_cost_recommended_selling_quantity":"1000"},{"imprint_cost_recommended_selling_price":"0.69","imprint_cost_recommended_selling_quantity":"5000"},{"imprint_cost_recommended_selling_price":"0.6","imprint_cost_recommended_selling_quantity":"10000"}],"product_quantity_price_range_buying":false,"imprint_cost_setup_costs":"209.24","imprint_cost_handling_costs":"0.2"},{"imprint_cost_key":"455e1e2c4aa6fde213ee54f2496be3639c528a8d","product_quantity_price_range":[{"imprint_cost_recommended_selling_price":"24.75","imprint_cost_recommended_selling_quantity":"1"},{"imprint_cost_recommended_selling_price":"12.91","imprint_cost_recommended_selling_quantity":"25"},{"imprint_cost_recommended_selling_price":"5.73","imprint_cost_recommended_selling_quantity":"50"},{"imprint_cost_recommended_selling_price":"1.89","imprint_cost_recommended_selling_quantity":"100"},{"imprint_cost_recommended_selling_price":"1.47","imprint_cost_recommended_selling_quantity":"250"},{"imprint_cost_recommended_selling_price":"1.28","imprint_cost_recommended_selling_quantity":"500"},{"imprint_cost_recommended_selling_price":"0.92","imprint_cost_recommended_selling_quantity":"1000"},{"imprint_cost_recommended_selling_price":"0.86","imprint_cost_recommended_selling_quantity":"5000"},{"imprint_cost_recommended_selling_price":"0.74","imprint_cost_recommended_selling_quantity":"10000"}],"product_quantity_price_range_buying":false,"imprint_cost_setup_costs":"261.55","imprint_cost_handling_costs":"0.2"}]},"aioseo_notices":[],"aioseo_head":"\n\t\t<!-- All in One SEO Pro 4.9.6.2 - aioseo.com -->\n\t<meta name=\"description\" content=\"Verleihe deinem Branding Ausdruck, indem du diesen schlanken ABS Kugelschreiber Martin bedrucken l\u00e4sst. Die blau schreibende Mine und das moderne Design \u00fcberzeugen deine Kunden auf jedem Event. Profitiere von der Logo-Anbringung durch Hidalgo &amp; bestelle deine Werbeartikel Kugelschreiber jetzt f\u00fcr deinen n\u00e4chsten gro\u00dfen Auftritt.\" \/>\n\t<meta name=\"robots\" content=\"max-image-preview:large\" \/>\n\t<link rel=\"canonical\" href=\"https:\/\/hidalgo.nl\/de\/wp-json\/wp\/v2\/product\/12524\" \/>\n\t<meta name=\"generator\" content=\"All in One SEO Pro (AIOSEO) 4.9.6.2\" \/>\n\t\t<meta property=\"og:locale\" content=\"de_DE\" \/>\n\t\t<meta property=\"og:site_name\" content=\"Hidalgo -\" \/>\n\t\t<meta property=\"og:type\" content=\"article\" \/>\n\t\t<meta property=\"og:title\" content=\"ABS-Kugelschreiber Martin bedrucken Blau schreibend Schlank\" \/>\n\t\t<meta property=\"og:description\" content=\"Verleihe deinem Branding Ausdruck, indem du diesen schlanken ABS Kugelschreiber Martin bedrucken l\u00e4sst. Die blau schreibende Mine und das moderne Design \u00fcberzeugen deine Kunden auf jedem Event. Profitiere von der Logo-Anbringung durch Hidalgo &amp; bestelle deine Werbeartikel Kugelschreiber jetzt f\u00fcr deinen n\u00e4chsten gro\u00dfen Auftritt.\" \/>\n\t\t<meta property=\"og:url\" content=\"https:\/\/hidalgo.nl\/de\/wp-json\/wp\/v2\/product\/12524\" \/>\n\t\t<meta property=\"og:image\" content=\"https:\/\/shop.hidalgo.nl\/wp-content\/uploads\/2025\/11\/cropped-Hidalgo-est1993.png\" \/>\n\t\t<meta property=\"og:image:secure_url\" content=\"https:\/\/shop.hidalgo.nl\/wp-content\/uploads\/2025\/11\/cropped-Hidalgo-est1993.png\" \/>\n\t\t<meta property=\"article:published_time\" content=\"2025-07-03T10:39:12+00:00\" \/>\n\t\t<meta property=\"article:modified_time\" content=\"2026-03-15T13:33:43+00:00\" \/>\n\t\t<meta name=\"twitter:card\" content=\"summary_large_image\" \/>\n\t\t<meta name=\"twitter:title\" content=\"ABS-Kugelschreiber Martin bedrucken Blau schreibend Schlank\" \/>\n\t\t<meta name=\"twitter:description\" content=\"Verleihe deinem Branding Ausdruck, indem du diesen schlanken ABS Kugelschreiber Martin bedrucken l\u00e4sst. Die blau schreibende Mine und das moderne Design \u00fcberzeugen deine Kunden auf jedem Event. Profitiere von der Logo-Anbringung durch Hidalgo &amp; bestelle deine Werbeartikel Kugelschreiber jetzt f\u00fcr deinen n\u00e4chsten gro\u00dfen Auftritt.\" \/>\n\t\t<meta name=\"twitter:image\" content=\"https:\/\/shop.hidalgo.nl\/wp-content\/uploads\/2025\/11\/cropped-Hidalgo-est1993.png\" \/>\n\t\t<script type=\"application\/ld+json\" class=\"aioseo-schema\">\n\t\t\t{\"@context\":\"https:\\\/\\\/schema.org\",\"@graph\":[{\"@type\":\"BreadcrumbList\",\"@id\":\"https:\\\/\\\/hidalgo.nl\\\/de\\\/product\\\/12524\\\/abs-kugelschreiber-martin-bedrucken-blau-schreibend-schlank\\\/#breadcrumblist\",\"itemListElement\":[{\"@type\":\"ListItem\",\"@id\":\"https:\\\/\\\/hidalgo.nl\\\/de\\\/#listItem\",\"position\":1,\"name\":\"Home\",\"item\":\"https:\\\/\\\/hidalgo.nl\\\/de\\\/\",\"nextItem\":{\"@type\":\"ListItem\",\"@id\":\"https:\\\/\\\/hidalgo.nl\\\/example\\\/#listItem\",\"name\":\"example\"}},{\"@type\":\"ListItem\",\"@id\":\"https:\\\/\\\/hidalgo.nl\\\/example\\\/#listItem\",\"position\":2,\"name\":\"example\",\"item\":\"https:\\\/\\\/hidalgo.nl\\\/example\\\/\",\"nextItem\":{\"@type\":\"ListItem\",\"@id\":\"https:\\\/\\\/hidalgo.nl\\\/en\\\/product-supplier\\\/a58\\\/#listItem\",\"name\":\"A58\"},\"previousItem\":{\"@type\":\"ListItem\",\"@id\":\"https:\\\/\\\/hidalgo.nl\\\/de\\\/#listItem\",\"name\":\"Home\"}},{\"@type\":\"ListItem\",\"@id\":\"https:\\\/\\\/hidalgo.nl\\\/en\\\/product-supplier\\\/a58\\\/#listItem\",\"position\":3,\"name\":\"A58\",\"item\":\"https:\\\/\\\/hidalgo.nl\\\/en\\\/product-supplier\\\/a58\\\/\",\"nextItem\":{\"@type\":\"ListItem\",\"@id\":\"https:\\\/\\\/hidalgo.nl\\\/de\\\/product\\\/12524\\\/abs-kugelschreiber-martin-bedrucken-blau-schreibend-schlank\\\/#listItem\",\"name\":\"ABS balpen Martin\"},\"previousItem\":{\"@type\":\"ListItem\",\"@id\":\"https:\\\/\\\/hidalgo.nl\\\/example\\\/#listItem\",\"name\":\"example\"}},{\"@type\":\"ListItem\",\"@id\":\"https:\\\/\\\/hidalgo.nl\\\/de\\\/product\\\/12524\\\/abs-kugelschreiber-martin-bedrucken-blau-schreibend-schlank\\\/#listItem\",\"position\":4,\"name\":\"ABS balpen Martin\",\"previousItem\":{\"@type\":\"ListItem\",\"@id\":\"https:\\\/\\\/hidalgo.nl\\\/en\\\/product-supplier\\\/a58\\\/#listItem\",\"name\":\"A58\"}}]},{\"@type\":\"Organization\",\"@id\":\"https:\\\/\\\/hidalgo.nl\\\/de\\\/#organization\",\"name\":\"Hidalgo\",\"url\":\"https:\\\/\\\/hidalgo.nl\\\/de\\\/\",\"logo\":{\"@type\":\"ImageObject\",\"url\":\"https:\\\/\\\/shop.hidalgo.nl\\\/wp-content\\\/uploads\\\/2025\\\/11\\\/cropped-Hidalgo-est1993.png\",\"@id\":\"https:\\\/\\\/hidalgo.nl\\\/de\\\/product\\\/12524\\\/abs-kugelschreiber-martin-bedrucken-blau-schreibend-schlank\\\/#organizationLogo\",\"width\":585,\"height\":195},\"image\":{\"@id\":\"https:\\\/\\\/hidalgo.nl\\\/de\\\/product\\\/12524\\\/abs-kugelschreiber-martin-bedrucken-blau-schreibend-schlank\\\/#organizationLogo\"}},{\"@type\":\"ProductGroup\",\"@id\":\"https:\\\/\\\/hidalgo.nl\\\/de\\\/product\\\/12524\\\/abs-kugelschreiber-martin-bedrucken-blau-schreibend-schlank\\\/#wooCommerceProduct\",\"name\":\"ABS-Kugelschreiber Martin bedrucken Blau schreibend Schlank\",\"url\":\"https:\\\/\\\/hidalgo.nl\\\/de\\\/product\\\/12524\\\/abs-kugelschreiber-martin-bedrucken-blau-schreibend-schlank\\\/\",\"brand\":{\"@type\":\"Brand\",\"name\":\"IMPRESSION\"},\"sku\":\"A58-2691\",\"image\":{\"@type\":\"ImageObject\",\"url\":\"https:\\\/\\\/shop.hidalgo.nl\\\/wp-content\\\/uploads\\\/2025\\\/05\\\/23dda7458f3fb3ee6b1ab2c0ea658cff7926e83ab659fe38775a60a6ca00b076.jpg\",\"@id\":\"https:\\\/\\\/hidalgo.nl\\\/de\\\/product\\\/12524\\\/abs-kugelschreiber-martin-bedrucken-blau-schreibend-schlank\\\/#productImage\",\"width\":191,\"height\":1000},\"productGroupID\":12524,\"hasVariant\":[{\"@type\":\"Product\",\"@id\":\"https:\\\/\\\/hidalgo.nl\\\/de\\\/product\\\/12524\\\/abs-kugelschreiber-martin-bedrucken-blau-schreibend-schlank\\\/#wooCommerceProduct\",\"name\":\"ABS balpen Martin - rood, , blauwschrijvend\",\"url\":\"https:\\\/\\\/hidalgo.nl\\\/de\\\/product\\\/12524\\\/abs-kugelschreiber-martin-bedrucken-blau-schreibend-schlank\\\/\",\"sku\":\"A58-2691-083999999\",\"gtin\":\"8719446001701\",\"image\":{\"@type\":\"ImageObject\",\"url\":\"https:\\\/\\\/shop.hidalgo.nl\\\/wp-content\\\/uploads\\\/2025\\\/05\\\/23dda7458f3fb3ee6b1ab2c0ea658cff7926e83ab659fe38775a60a6ca00b076.jpg\",\"@id\":\"https:\\\/\\\/hidalgo.nl\\\/de\\\/product\\\/12524\\\/abs-kugelschreiber-martin-bedrucken-blau-schreibend-schlank\\\/#productImage\",\"width\":191,\"height\":1000},\"offers\":{\"@type\":\"Offer\",\"url\":\"https:\\\/\\\/hidalgo.nl\\\/de\\\/product\\\/12524\\\/abs-kugelschreiber-martin-bedrucken-blau-schreibend-schlank\\\/#wooCommerceOffer\",\"price\":\"0.27\",\"priceCurrency\":\"EUR\",\"category\":\"Promotionele Artikelen\",\"availability\":\"https:\\\/\\\/schema.org\\\/InStock\",\"priceSpecification\":{\"@type\":\"PriceSpecification\",\"price\":0.27,\"priceCurrency\":\"EUR\",\"valueAddedTaxIncluded\":\"true\"}}}]},{\"@type\":\"WebPage\",\"@id\":\"https:\\\/\\\/hidalgo.nl\\\/de\\\/product\\\/12524\\\/abs-kugelschreiber-martin-bedrucken-blau-schreibend-schlank\\\/#webpage\",\"url\":\"https:\\\/\\\/hidalgo.nl\\\/de\\\/product\\\/12524\\\/abs-kugelschreiber-martin-bedrucken-blau-schreibend-schlank\\\/\",\"name\":\"ABS-Kugelschreiber Martin bedrucken Blau schreibend Schlank\",\"description\":\"Verleihe deinem Branding Ausdruck, indem du diesen schlanken ABS Kugelschreiber Martin bedrucken l\\u00e4sst. Die blau schreibende Mine und das moderne Design \\u00fcberzeugen deine Kunden auf jedem Event. Profitiere von der Logo-Anbringung durch Hidalgo & bestelle deine Werbeartikel Kugelschreiber jetzt f\\u00fcr deinen n\\u00e4chsten gro\\u00dfen Auftritt.\",\"inLanguage\":\"de-DE\",\"isPartOf\":{\"@id\":\"https:\\\/\\\/hidalgo.nl\\\/de\\\/#website\"},\"breadcrumb\":{\"@id\":\"https:\\\/\\\/hidalgo.nl\\\/de\\\/product\\\/12524\\\/abs-kugelschreiber-martin-bedrucken-blau-schreibend-schlank\\\/#breadcrumblist\"},\"image\":{\"@type\":\"ImageObject\",\"url\":\"https:\\\/\\\/shop.hidalgo.nl\\\/wp-content\\\/uploads\\\/2025\\\/05\\\/23dda7458f3fb3ee6b1ab2c0ea658cff7926e83ab659fe38775a60a6ca00b076.jpg\",\"@id\":\"https:\\\/\\\/hidalgo.nl\\\/de\\\/product\\\/12524\\\/abs-kugelschreiber-martin-bedrucken-blau-schreibend-schlank\\\/#mainImage\",\"width\":191,\"height\":1000},\"primaryImageOfPage\":{\"@id\":\"https:\\\/\\\/hidalgo.nl\\\/de\\\/product\\\/12524\\\/abs-kugelschreiber-martin-bedrucken-blau-schreibend-schlank\\\/#mainImage\"},\"datePublished\":\"2025-07-03T10:39:12+00:00\",\"dateModified\":\"2026-03-15T13:33:43+00:00\"},{\"@type\":\"WebSite\",\"@id\":\"https:\\\/\\\/hidalgo.nl\\\/de\\\/#website\",\"url\":\"https:\\\/\\\/hidalgo.nl\\\/de\\\/\",\"name\":\"Hidalgo\",\"inLanguage\":\"de-DE\",\"publisher\":{\"@id\":\"https:\\\/\\\/hidalgo.nl\\\/de\\\/#organization\"}}]}\n\t\t<\/script>\n\t\t<!-- All in One SEO Pro -->\r\n\t\t<title>ABS-Kugelschreiber Martin bedrucken Blau schreibend Schlank<\/title>\n\n","aioseo_head_json":{"title":"ABS-Kugelschreiber Martin bedrucken Blau schreibend Schlank","description":"Verleihe deinem Branding Ausdruck, indem du diesen schlanken ABS Kugelschreiber Martin bedrucken l\u00e4sst. Die blau schreibende Mine und das moderne Design \u00fcberzeugen deine Kunden auf jedem Event. Profitiere von der Logo-Anbringung durch Hidalgo & bestelle deine Werbeartikel Kugelschreiber jetzt f\u00fcr deinen n\u00e4chsten gro\u00dfen Auftritt.","canonical_url":"https:\/\/hidalgo.nl\/de\/wp-json\/wp\/v2\/product\/12524","robots":"max-image-preview:large","keywords":"","webmasterTools":{"miscellaneous":""},"schema":{"@context":"https:\/\/schema.org","@graph":[{"@type":"BreadcrumbList","@id":"https:\/\/hidalgo.nl\/de\/product\/12524\/abs-kugelschreiber-martin-bedrucken-blau-schreibend-schlank\/#breadcrumblist","itemListElement":[{"@type":"ListItem","@id":"https:\/\/hidalgo.nl\/de\/#listItem","position":1,"name":"Home","item":"https:\/\/hidalgo.nl\/de\/","nextItem":{"@type":"ListItem","@id":"https:\/\/hidalgo.nl\/example\/#listItem","name":"example"}},{"@type":"ListItem","@id":"https:\/\/hidalgo.nl\/example\/#listItem","position":2,"name":"example","item":"https:\/\/hidalgo.nl\/example\/","nextItem":{"@type":"ListItem","@id":"https:\/\/hidalgo.nl\/en\/product-supplier\/a58\/#listItem","name":"A58"},"previousItem":{"@type":"ListItem","@id":"https:\/\/hidalgo.nl\/de\/#listItem","name":"Home"}},{"@type":"ListItem","@id":"https:\/\/hidalgo.nl\/en\/product-supplier\/a58\/#listItem","position":3,"name":"A58","item":"https:\/\/hidalgo.nl\/en\/product-supplier\/a58\/","nextItem":{"@type":"ListItem","@id":"https:\/\/hidalgo.nl\/de\/product\/12524\/abs-kugelschreiber-martin-bedrucken-blau-schreibend-schlank\/#listItem","name":"ABS balpen Martin"},"previousItem":{"@type":"ListItem","@id":"https:\/\/hidalgo.nl\/example\/#listItem","name":"example"}},{"@type":"ListItem","@id":"https:\/\/hidalgo.nl\/de\/product\/12524\/abs-kugelschreiber-martin-bedrucken-blau-schreibend-schlank\/#listItem","position":4,"name":"ABS balpen Martin","previousItem":{"@type":"ListItem","@id":"https:\/\/hidalgo.nl\/en\/product-supplier\/a58\/#listItem","name":"A58"}}]},{"@type":"Organization","@id":"https:\/\/hidalgo.nl\/de\/#organization","name":"Hidalgo","url":"https:\/\/hidalgo.nl\/de\/","logo":{"@type":"ImageObject","url":"https:\/\/shop.hidalgo.nl\/wp-content\/uploads\/2025\/11\/cropped-Hidalgo-est1993.png","@id":"https:\/\/hidalgo.nl\/de\/product\/12524\/abs-kugelschreiber-martin-bedrucken-blau-schreibend-schlank\/#organizationLogo","width":585,"height":195},"image":{"@id":"https:\/\/hidalgo.nl\/de\/product\/12524\/abs-kugelschreiber-martin-bedrucken-blau-schreibend-schlank\/#organizationLogo"}},{"@type":"ProductGroup","@id":"https:\/\/hidalgo.nl\/de\/product\/12524\/abs-kugelschreiber-martin-bedrucken-blau-schreibend-schlank\/#wooCommerceProduct","name":"ABS-Kugelschreiber Martin bedrucken Blau schreibend Schlank","url":"https:\/\/hidalgo.nl\/de\/product\/12524\/abs-kugelschreiber-martin-bedrucken-blau-schreibend-schlank\/","brand":{"@type":"Brand","name":"IMPRESSION"},"sku":"A58-2691","image":{"@type":"ImageObject","url":"https:\/\/shop.hidalgo.nl\/wp-content\/uploads\/2025\/05\/23dda7458f3fb3ee6b1ab2c0ea658cff7926e83ab659fe38775a60a6ca00b076.jpg","@id":"https:\/\/hidalgo.nl\/de\/product\/12524\/abs-kugelschreiber-martin-bedrucken-blau-schreibend-schlank\/#productImage","width":191,"height":1000},"productGroupID":12524,"hasVariant":[{"@type":"Product","@id":"https:\/\/hidalgo.nl\/de\/product\/12524\/abs-kugelschreiber-martin-bedrucken-blau-schreibend-schlank\/#wooCommerceProduct","name":"ABS balpen Martin - rood, , blauwschrijvend","url":"https:\/\/hidalgo.nl\/de\/product\/12524\/abs-kugelschreiber-martin-bedrucken-blau-schreibend-schlank\/","sku":"A58-2691-083999999","gtin":"8719446001701","image":{"@type":"ImageObject","url":"https:\/\/shop.hidalgo.nl\/wp-content\/uploads\/2025\/05\/23dda7458f3fb3ee6b1ab2c0ea658cff7926e83ab659fe38775a60a6ca00b076.jpg","@id":"https:\/\/hidalgo.nl\/de\/product\/12524\/abs-kugelschreiber-martin-bedrucken-blau-schreibend-schlank\/#productImage","width":191,"height":1000},"offers":{"@type":"Offer","url":"https:\/\/hidalgo.nl\/de\/product\/12524\/abs-kugelschreiber-martin-bedrucken-blau-schreibend-schlank\/#wooCommerceOffer","price":"0.27","priceCurrency":"EUR","category":"Promotionele Artikelen","availability":"https:\/\/schema.org\/InStock","priceSpecification":{"@type":"PriceSpecification","price":0.27,"priceCurrency":"EUR","valueAddedTaxIncluded":"true"}}}]},{"@type":"WebPage","@id":"https:\/\/hidalgo.nl\/de\/product\/12524\/abs-kugelschreiber-martin-bedrucken-blau-schreibend-schlank\/#webpage","url":"https:\/\/hidalgo.nl\/de\/product\/12524\/abs-kugelschreiber-martin-bedrucken-blau-schreibend-schlank\/","name":"ABS-Kugelschreiber Martin bedrucken Blau schreibend Schlank","description":"Verleihe deinem Branding Ausdruck, indem du diesen schlanken ABS Kugelschreiber Martin bedrucken l\u00e4sst. Die blau schreibende Mine und das moderne Design \u00fcberzeugen deine Kunden auf jedem Event. Profitiere von der Logo-Anbringung durch Hidalgo & bestelle deine Werbeartikel Kugelschreiber jetzt f\u00fcr deinen n\u00e4chsten gro\u00dfen Auftritt.","inLanguage":"de-DE","isPartOf":{"@id":"https:\/\/hidalgo.nl\/de\/#website"},"breadcrumb":{"@id":"https:\/\/hidalgo.nl\/de\/product\/12524\/abs-kugelschreiber-martin-bedrucken-blau-schreibend-schlank\/#breadcrumblist"},"image":{"@type":"ImageObject","url":"https:\/\/shop.hidalgo.nl\/wp-content\/uploads\/2025\/05\/23dda7458f3fb3ee6b1ab2c0ea658cff7926e83ab659fe38775a60a6ca00b076.jpg","@id":"https:\/\/hidalgo.nl\/de\/product\/12524\/abs-kugelschreiber-martin-bedrucken-blau-schreibend-schlank\/#mainImage","width":191,"height":1000},"primaryImageOfPage":{"@id":"https:\/\/hidalgo.nl\/de\/product\/12524\/abs-kugelschreiber-martin-bedrucken-blau-schreibend-schlank\/#mainImage"},"datePublished":"2025-07-03T10:39:12+00:00","dateModified":"2026-03-15T13:33:43+00:00"},{"@type":"WebSite","@id":"https:\/\/hidalgo.nl\/de\/#website","url":"https:\/\/hidalgo.nl\/de\/","name":"Hidalgo","inLanguage":"de-DE","publisher":{"@id":"https:\/\/hidalgo.nl\/de\/#organization"}}]},"og:locale":"de_DE","og:site_name":"Hidalgo -","og:type":"article","og:title":"ABS-Kugelschreiber Martin bedrucken Blau schreibend Schlank","og:description":"Verleihe deinem Branding Ausdruck, indem du diesen schlanken ABS Kugelschreiber Martin bedrucken l\u00e4sst. Die blau schreibende Mine und das moderne Design \u00fcberzeugen deine Kunden auf jedem Event. Profitiere von der Logo-Anbringung durch Hidalgo &amp; bestelle deine Werbeartikel Kugelschreiber jetzt f\u00fcr deinen n\u00e4chsten gro\u00dfen Auftritt.","og:url":"https:\/\/hidalgo.nl\/de\/wp-json\/wp\/v2\/product\/12524","og:image":"https:\/\/shop.hidalgo.nl\/wp-content\/uploads\/2025\/11\/cropped-Hidalgo-est1993.png","og:image:secure_url":"https:\/\/shop.hidalgo.nl\/wp-content\/uploads\/2025\/11\/cropped-Hidalgo-est1993.png","article:published_time":"2025-07-03T10:39:12+00:00","article:modified_time":"2026-03-15T13:33:43+00:00","twitter:card":"summary_large_image","twitter:title":"ABS-Kugelschreiber Martin bedrucken Blau schreibend Schlank","twitter:description":"Verleihe deinem Branding Ausdruck, indem du diesen schlanken ABS Kugelschreiber Martin bedrucken l\u00e4sst. Die blau schreibende Mine und das moderne Design \u00fcberzeugen deine Kunden auf jedem Event. Profitiere von der Logo-Anbringung durch Hidalgo &amp; bestelle deine Werbeartikel Kugelschreiber jetzt f\u00fcr deinen n\u00e4chsten gro\u00dfen Auftritt.","twitter:image":"https:\/\/shop.hidalgo.nl\/wp-content\/uploads\/2025\/11\/cropped-Hidalgo-est1993.png"},"aioseo_meta_data":{"post_id":"12524","title":null,"description":null,"keywords":null,"keyphrases":null,"primary_term":null,"canonical_url":null,"og_title":null,"og_description":null,"og_object_type":"default","og_image_type":"default","og_image_url":null,"og_image_width":null,"og_image_height":null,"og_image_custom_url":null,"og_image_custom_fields":null,"og_video":null,"og_custom_url":null,"og_article_section":null,"og_article_tags":null,"twitter_use_og":false,"twitter_card":"default","twitter_image_type":"default","twitter_image_url":null,"twitter_image_custom_url":null,"twitter_image_custom_fields":null,"twitter_title":null,"twitter_description":null,"schema":{"blockGraphs":[],"customGraphs":[],"default":{"data":{"Article":[],"Course":[],"Dataset":[],"FAQPage":[],"Movie":[],"Person":[],"Product":[],"ProductReview":[],"Car":[],"Recipe":[],"Service":[],"SoftwareApplication":[],"WebPage":[]},"graphName":"","isEnabled":true},"graphs":[]},"schema_type":"default","schema_type_options":null,"pillar_content":false,"robots_default":true,"robots_noindex":false,"robots_noarchive":false,"robots_nosnippet":false,"robots_nofollow":false,"robots_noimageindex":false,"robots_noodp":false,"robots_notranslate":false,"robots_max_snippet":null,"robots_max_videopreview":null,"robots_max_imagepreview":"large","priority":null,"frequency":null,"local_seo":null,"seo_analyzer_scan_date":"2026-01-20 10:22:17","breadcrumb_settings":null,"limit_modified_date":false,"reviewed_by":null,"open_ai":null,"ai":null,"created":"2026-01-14 06:17:37","updated":"2026-04-22 16:26:52"},"aioseo_breadcrumb":"<div class=\"aioseo-breadcrumbs\"><span class=\"aioseo-breadcrumb\">\n\t<a href=\"https:\/\/hidalgo.nl\/de\/\" title=\"Home\">Home<\/a>\n<\/span><span class=\"aioseo-breadcrumb-separator\">\u00bb<\/span><span class=\"aioseo-breadcrumb\">\n\t<a href=\"https:\/\/hidalgo.nl\/example\/\" title=\"example\">example<\/a>\n<\/span><span class=\"aioseo-breadcrumb-separator\">\u00bb<\/span><span class=\"aioseo-breadcrumb\">\n\t<a href=\"https:\/\/hidalgo.nl\/en\/product-supplier\/a58\/\" title=\"A58\">A58<\/a>\n<\/span><span class=\"aioseo-breadcrumb-separator\">\u00bb<\/span><span class=\"aioseo-breadcrumb\">\n\tABS balpen Martin\n<\/span><\/div>","aioseo_breadcrumb_json":[{"label":"Home","link":"https:\/\/hidalgo.nl\/de\/"},{"label":"example","link":"https:\/\/hidalgo.nl\/example\/"},{"label":"A58","link":"https:\/\/hidalgo.nl\/en\/product-supplier\/a58\/"},{"label":"ABS balpen Martin","link":"https:\/\/hidalgo.nl\/de\/product\/12524\/abs-kugelschreiber-martin-bedrucken-blau-schreibend-schlank\/"}],"_links":{"self":[{"href":"https:\/\/hidalgo.nl\/de\/wp-json\/wp\/v2\/product\/12524","targetHints":{"allow":["GET"]}}],"collection":[{"href":"https:\/\/hidalgo.nl\/de\/wp-json\/wp\/v2\/product"}],"about":[{"href":"https:\/\/hidalgo.nl\/de\/wp-json\/wp\/v2\/types\/product"}],"wp:featuredmedia":[{"embeddable":true,"href":"https:\/\/hidalgo.nl\/de\/wp-json\/wp\/v2\/media\/12525"}],"wp:attachment":[{"href":"https:\/\/hidalgo.nl\/de\/wp-json\/wp\/v2\/media?parent=12524"}],"wp:term":[{"taxonomy":"product_brand","embeddable":true,"href":"https:\/\/hidalgo.nl\/de\/wp-json\/wp\/v2\/product_brand?post=12524"},{"taxonomy":"product_cat","embeddable":true,"href":"https:\/\/hidalgo.nl\/de\/wp-json\/wp\/v2\/product_cat?post=12524"},{"taxonomy":"product_tag","embeddable":true,"href":"https:\/\/hidalgo.nl\/de\/wp-json\/wp\/v2\/product_tag?post=12524"}],"curies":[{"name":"wp","href":"https:\/\/api.w.org\/{rel}","templated":true}]}}