{"id":122718,"date":"2025-07-07T17:03:17","date_gmt":"2025-07-07T17:03:17","guid":{"rendered":"http:\/\/bidonsenshakers.pim.hidalgo.nl\/product\/wki0601-gereedschaptas-met-plastic-bodem\/"},"modified":"2026-03-19T20:25:53","modified_gmt":"2026-03-19T20:25:53","slug":"wki0601-gereedschaptas-met-plastic-bodem","status":"publish","type":"product","link":"https:\/\/hidalgo.nl\/de\/product\/122718\/werkzeugtasche-kunststoffboden-bedrucken-abriebfest-one-size\/","title":{"rendered":"WKI0601 &#8211; Gereedschaptas met plastic bodem"},"content":{"rendered":"<p>100% polyester. Gereedschaptas in polyester met plastic bodem. E\u00e9n grote opening aan de bovenkant, om het gereedschap gemakkelijk te vinden. Riemen opzij voor een stabiele structuur, zelfs met een relatief gewicht, en om de waterpas in te steken. Verstelbare schouderriem.<\/p>\n","protected":false},"excerpt":{"rendered":"<p>100% polyester. Gereedschaptas in polyester met plastic bodem. E\u00e9n grote opening aan de bovenkant, om het gereedschap gemakkelijk te vinden. Riemen opzij voor een stabiele structuur, zelfs met een relatief gewicht, en om de waterpas in te steken. Verstelbare schouderriem.<\/p>\n","protected":false},"featured_media":122721,"template":"","meta":{"_acf_changed":false,"om_disable_all_campaigns":false,"_monsterinsights_skip_tracking":false,"_monsterinsights_sitenote_active":false,"_monsterinsights_sitenote_note":"","_monsterinsights_sitenote_category":0},"product_brand":[1784],"product_cat":[4988,4713],"product_tag":[],"class_list":{"0":"post-122718","1":"product","2":"type-product","3":"status-publish","4":"has-post-thumbnail","6":"product_supplier-a403","7":"product_brand-wk-designed-to-work","8":"product_cat-tassen-gereedschaps-tassen","9":"product_cat-tassen","10":"entry","12":"first","13":"instock","14":"taxable","15":"shipping-taxable","16":"purchasable","17":"product-type-variable"},"acf":{"imprint_cost":[{"imprint_cost_key":"33483b79de35c41f6a5968127e3727b83ce2fe0b","product_quantity_price_range":[{"imprint_cost_recommended_selling_price":"0","imprint_cost_recommended_selling_quantity":"1"}],"product_quantity_price_range_buying":false,"imprint_cost_setup_costs":"","imprint_cost_handling_costs":""}]},"aioseo_notices":[],"aioseo_head":"\n\t\t<!-- All in One SEO Pro 4.9.6.2 - aioseo.com -->\n\t<meta name=\"description\" content=\"Lass deine Werkzeugtasche bedrucken und mit Logo gestalten - ideal f\u00fcr 20-40-j\u00e4hrige Handwerker, Elektriker und Montagepersonal. Der abriebfeste Korpus mit stabilem Kunststoffboden h\u00e4lt Werkzeug trocken &amp; sicher. One Size, schnell konfiguriert und bestellt.\" \/>\n\t<meta name=\"robots\" content=\"max-image-preview:large\" \/>\n\t<link rel=\"canonical\" href=\"https:\/\/hidalgo.nl\/de\/wp-json\/wp\/v2\/product\/122718\" \/>\n\t<meta name=\"generator\" content=\"All in One SEO Pro (AIOSEO) 4.9.6.2\" \/>\n\t\t<meta property=\"og:locale\" content=\"de_DE\" \/>\n\t\t<meta property=\"og:site_name\" content=\"Hidalgo -\" \/>\n\t\t<meta property=\"og:type\" content=\"article\" \/>\n\t\t<meta property=\"og:title\" content=\"Werkzeugtasche Kunststoffboden bedrucken abriebfest One-size\" \/>\n\t\t<meta property=\"og:description\" content=\"Lass deine Werkzeugtasche bedrucken und mit Logo gestalten - ideal f\u00fcr 20-40-j\u00e4hrige Handwerker, Elektriker und Montagepersonal. Der abriebfeste Korpus mit stabilem Kunststoffboden h\u00e4lt Werkzeug trocken &amp; sicher. One Size, schnell konfiguriert und bestellt.\" \/>\n\t\t<meta property=\"og:url\" content=\"https:\/\/hidalgo.nl\/de\/wp-json\/wp\/v2\/product\/122718\" \/>\n\t\t<meta property=\"og:image\" content=\"https:\/\/shop.hidalgo.nl\/wp-content\/uploads\/2025\/11\/cropped-Hidalgo-est1993.png\" \/>\n\t\t<meta property=\"og:image:secure_url\" content=\"https:\/\/shop.hidalgo.nl\/wp-content\/uploads\/2025\/11\/cropped-Hidalgo-est1993.png\" \/>\n\t\t<meta property=\"article:published_time\" content=\"2025-07-07T17:03:17+00:00\" \/>\n\t\t<meta property=\"article:modified_time\" content=\"2026-03-19T20:25:53+00:00\" \/>\n\t\t<meta name=\"twitter:card\" content=\"summary_large_image\" \/>\n\t\t<meta name=\"twitter:title\" content=\"Werkzeugtasche Kunststoffboden bedrucken abriebfest One-size\" \/>\n\t\t<meta name=\"twitter:description\" content=\"Lass deine Werkzeugtasche bedrucken und mit Logo gestalten - ideal f\u00fcr 20-40-j\u00e4hrige Handwerker, Elektriker und Montagepersonal. Der abriebfeste Korpus mit stabilem Kunststoffboden h\u00e4lt Werkzeug trocken &amp; sicher. One Size, schnell konfiguriert und bestellt.\" \/>\n\t\t<meta name=\"twitter:image\" content=\"https:\/\/shop.hidalgo.nl\/wp-content\/uploads\/2025\/11\/cropped-Hidalgo-est1993.png\" \/>\n\t\t<script type=\"application\/ld+json\" class=\"aioseo-schema\">\n\t\t\t{\"@context\":\"https:\\\/\\\/schema.org\",\"@graph\":[{\"@type\":\"BreadcrumbList\",\"@id\":\"https:\\\/\\\/hidalgo.nl\\\/de\\\/product\\\/122718\\\/werkzeugtasche-kunststoffboden-bedrucken-abriebfest-one-size\\\/#breadcrumblist\",\"itemListElement\":[{\"@type\":\"ListItem\",\"@id\":\"https:\\\/\\\/hidalgo.nl\\\/de\\\/#listItem\",\"position\":1,\"name\":\"Home\",\"item\":\"https:\\\/\\\/hidalgo.nl\\\/de\\\/\",\"nextItem\":{\"@type\":\"ListItem\",\"@id\":\"https:\\\/\\\/hidalgo.nl\\\/example\\\/#listItem\",\"name\":\"example\"}},{\"@type\":\"ListItem\",\"@id\":\"https:\\\/\\\/hidalgo.nl\\\/example\\\/#listItem\",\"position\":2,\"name\":\"example\",\"item\":\"https:\\\/\\\/hidalgo.nl\\\/example\\\/\",\"nextItem\":{\"@type\":\"ListItem\",\"@id\":\"https:\\\/\\\/hidalgo.nl\\\/en\\\/product-supplier\\\/a403\\\/#listItem\",\"name\":\"A403\"},\"previousItem\":{\"@type\":\"ListItem\",\"@id\":\"https:\\\/\\\/hidalgo.nl\\\/de\\\/#listItem\",\"name\":\"Home\"}},{\"@type\":\"ListItem\",\"@id\":\"https:\\\/\\\/hidalgo.nl\\\/en\\\/product-supplier\\\/a403\\\/#listItem\",\"position\":3,\"name\":\"A403\",\"item\":\"https:\\\/\\\/hidalgo.nl\\\/en\\\/product-supplier\\\/a403\\\/\",\"nextItem\":{\"@type\":\"ListItem\",\"@id\":\"https:\\\/\\\/hidalgo.nl\\\/de\\\/product\\\/122718\\\/werkzeugtasche-kunststoffboden-bedrucken-abriebfest-one-size\\\/#listItem\",\"name\":\"WKI0601 &#8211; Gereedschaptas met plastic bodem\"},\"previousItem\":{\"@type\":\"ListItem\",\"@id\":\"https:\\\/\\\/hidalgo.nl\\\/example\\\/#listItem\",\"name\":\"example\"}},{\"@type\":\"ListItem\",\"@id\":\"https:\\\/\\\/hidalgo.nl\\\/de\\\/product\\\/122718\\\/werkzeugtasche-kunststoffboden-bedrucken-abriebfest-one-size\\\/#listItem\",\"position\":4,\"name\":\"WKI0601 &#8211; Gereedschaptas met plastic bodem\",\"previousItem\":{\"@type\":\"ListItem\",\"@id\":\"https:\\\/\\\/hidalgo.nl\\\/en\\\/product-supplier\\\/a403\\\/#listItem\",\"name\":\"A403\"}}]},{\"@type\":\"Organization\",\"@id\":\"https:\\\/\\\/hidalgo.nl\\\/de\\\/#organization\",\"name\":\"Hidalgo\",\"url\":\"https:\\\/\\\/hidalgo.nl\\\/de\\\/\",\"logo\":{\"@type\":\"ImageObject\",\"url\":\"https:\\\/\\\/shop.hidalgo.nl\\\/wp-content\\\/uploads\\\/2025\\\/11\\\/cropped-Hidalgo-est1993.png\",\"@id\":\"https:\\\/\\\/hidalgo.nl\\\/de\\\/product\\\/122718\\\/werkzeugtasche-kunststoffboden-bedrucken-abriebfest-one-size\\\/#organizationLogo\",\"width\":585,\"height\":195},\"image\":{\"@id\":\"https:\\\/\\\/hidalgo.nl\\\/de\\\/product\\\/122718\\\/werkzeugtasche-kunststoffboden-bedrucken-abriebfest-one-size\\\/#organizationLogo\"}},{\"@type\":\"ProductGroup\",\"@id\":\"https:\\\/\\\/hidalgo.nl\\\/de\\\/product\\\/122718\\\/werkzeugtasche-kunststoffboden-bedrucken-abriebfest-one-size\\\/#wooCommerceProduct\",\"name\":\"Werkzeugtasche Kunststoffboden bedrucken abriebfest One-size\",\"url\":\"https:\\\/\\\/hidalgo.nl\\\/de\\\/product\\\/122718\\\/werkzeugtasche-kunststoffboden-bedrucken-abriebfest-one-size\\\/\",\"brand\":{\"@type\":\"Brand\",\"name\":\"WK Designed To Work\"},\"sku\":\"A403-WKI0601\",\"image\":{\"@type\":\"ImageObject\",\"url\":\"https:\\\/\\\/shop.hidalgo.nl\\\/wp-content\\\/uploads\\\/2025\\\/07\\\/1f9404b32a57d1c926390a6d981a7a9cd1fe4bb03472862e952067be87e4bbba.png\",\"@id\":\"https:\\\/\\\/hidalgo.nl\\\/de\\\/product\\\/122718\\\/werkzeugtasche-kunststoffboden-bedrucken-abriebfest-one-size\\\/#productImage\",\"width\":1000,\"height\":934},\"productGroupID\":122718,\"hasVariant\":[{\"@type\":\"Product\",\"@id\":\"https:\\\/\\\/hidalgo.nl\\\/de\\\/product\\\/122718\\\/werkzeugtasche-kunststoffboden-bedrucken-abriebfest-one-size\\\/#wooCommerceProduct\",\"name\":\"WKI0601 - Gereedschaptas met plastic bodem - , navy\",\"url\":\"https:\\\/\\\/hidalgo.nl\\\/de\\\/product\\\/122718\\\/werkzeugtasche-kunststoffboden-bedrucken-abriebfest-one-size\\\/\",\"sku\":\"A403-WKI0601_76563_76562\",\"gtin\":\"3663938276922\",\"image\":{\"@type\":\"ImageObject\",\"url\":\"https:\\\/\\\/shop.hidalgo.nl\\\/wp-content\\\/uploads\\\/2025\\\/07\\\/1f9404b32a57d1c926390a6d981a7a9cd1fe4bb03472862e952067be87e4bbba.png\",\"@id\":\"https:\\\/\\\/hidalgo.nl\\\/de\\\/product\\\/122718\\\/werkzeugtasche-kunststoffboden-bedrucken-abriebfest-one-size\\\/#productImage\",\"width\":1000,\"height\":934},\"offers\":{\"@type\":\"Offer\",\"url\":\"https:\\\/\\\/hidalgo.nl\\\/de\\\/product\\\/122718\\\/werkzeugtasche-kunststoffboden-bedrucken-abriebfest-one-size\\\/#wooCommerceOffer\",\"price\":\"35.02\",\"priceCurrency\":\"EUR\",\"category\":\"Tassen\",\"availability\":\"https:\\\/\\\/schema.org\\\/InStock\",\"priceSpecification\":{\"@type\":\"PriceSpecification\",\"price\":35.02,\"priceCurrency\":\"EUR\",\"valueAddedTaxIncluded\":\"true\"}}}]},{\"@type\":\"WebPage\",\"@id\":\"https:\\\/\\\/hidalgo.nl\\\/de\\\/product\\\/122718\\\/werkzeugtasche-kunststoffboden-bedrucken-abriebfest-one-size\\\/#webpage\",\"url\":\"https:\\\/\\\/hidalgo.nl\\\/de\\\/product\\\/122718\\\/werkzeugtasche-kunststoffboden-bedrucken-abriebfest-one-size\\\/\",\"name\":\"Werkzeugtasche Kunststoffboden bedrucken abriebfest One-size\",\"description\":\"Lass deine Werkzeugtasche bedrucken und mit Logo gestalten - ideal f\\u00fcr 20-40-j\\u00e4hrige Handwerker, Elektriker und Montagepersonal. Der abriebfeste Korpus mit stabilem Kunststoffboden h\\u00e4lt Werkzeug trocken & sicher. One Size, schnell konfiguriert und bestellt.\",\"inLanguage\":\"de-DE\",\"isPartOf\":{\"@id\":\"https:\\\/\\\/hidalgo.nl\\\/de\\\/#website\"},\"breadcrumb\":{\"@id\":\"https:\\\/\\\/hidalgo.nl\\\/de\\\/product\\\/122718\\\/werkzeugtasche-kunststoffboden-bedrucken-abriebfest-one-size\\\/#breadcrumblist\"},\"image\":{\"@type\":\"ImageObject\",\"url\":\"https:\\\/\\\/shop.hidalgo.nl\\\/wp-content\\\/uploads\\\/2025\\\/07\\\/1f9404b32a57d1c926390a6d981a7a9cd1fe4bb03472862e952067be87e4bbba.png\",\"@id\":\"https:\\\/\\\/hidalgo.nl\\\/de\\\/product\\\/122718\\\/werkzeugtasche-kunststoffboden-bedrucken-abriebfest-one-size\\\/#mainImage\",\"width\":1000,\"height\":934},\"primaryImageOfPage\":{\"@id\":\"https:\\\/\\\/hidalgo.nl\\\/de\\\/product\\\/122718\\\/werkzeugtasche-kunststoffboden-bedrucken-abriebfest-one-size\\\/#mainImage\"},\"datePublished\":\"2025-07-07T17:03:17+00:00\",\"dateModified\":\"2026-03-19T20:25:53+00:00\"},{\"@type\":\"WebSite\",\"@id\":\"https:\\\/\\\/hidalgo.nl\\\/de\\\/#website\",\"url\":\"https:\\\/\\\/hidalgo.nl\\\/de\\\/\",\"name\":\"Hidalgo\",\"inLanguage\":\"de-DE\",\"publisher\":{\"@id\":\"https:\\\/\\\/hidalgo.nl\\\/de\\\/#organization\"}}]}\n\t\t<\/script>\n\t\t<!-- All in One SEO Pro -->\r\n\t\t<title>Werkzeugtasche Kunststoffboden bedrucken abriebfest One-size<\/title>\n\n","aioseo_head_json":{"title":"Werkzeugtasche Kunststoffboden bedrucken abriebfest One-size","description":"Lass deine Werkzeugtasche bedrucken und mit Logo gestalten - ideal f\u00fcr 20-40-j\u00e4hrige Handwerker, Elektriker und Montagepersonal. Der abriebfeste Korpus mit stabilem Kunststoffboden h\u00e4lt Werkzeug trocken & sicher. One Size, schnell konfiguriert und bestellt.","canonical_url":"https:\/\/hidalgo.nl\/de\/wp-json\/wp\/v2\/product\/122718","robots":"max-image-preview:large","keywords":"","webmasterTools":{"miscellaneous":""},"schema":{"@context":"https:\/\/schema.org","@graph":[{"@type":"BreadcrumbList","@id":"https:\/\/hidalgo.nl\/de\/product\/122718\/werkzeugtasche-kunststoffboden-bedrucken-abriebfest-one-size\/#breadcrumblist","itemListElement":[{"@type":"ListItem","@id":"https:\/\/hidalgo.nl\/de\/#listItem","position":1,"name":"Home","item":"https:\/\/hidalgo.nl\/de\/","nextItem":{"@type":"ListItem","@id":"https:\/\/hidalgo.nl\/example\/#listItem","name":"example"}},{"@type":"ListItem","@id":"https:\/\/hidalgo.nl\/example\/#listItem","position":2,"name":"example","item":"https:\/\/hidalgo.nl\/example\/","nextItem":{"@type":"ListItem","@id":"https:\/\/hidalgo.nl\/en\/product-supplier\/a403\/#listItem","name":"A403"},"previousItem":{"@type":"ListItem","@id":"https:\/\/hidalgo.nl\/de\/#listItem","name":"Home"}},{"@type":"ListItem","@id":"https:\/\/hidalgo.nl\/en\/product-supplier\/a403\/#listItem","position":3,"name":"A403","item":"https:\/\/hidalgo.nl\/en\/product-supplier\/a403\/","nextItem":{"@type":"ListItem","@id":"https:\/\/hidalgo.nl\/de\/product\/122718\/werkzeugtasche-kunststoffboden-bedrucken-abriebfest-one-size\/#listItem","name":"WKI0601 &#8211; Gereedschaptas met plastic bodem"},"previousItem":{"@type":"ListItem","@id":"https:\/\/hidalgo.nl\/example\/#listItem","name":"example"}},{"@type":"ListItem","@id":"https:\/\/hidalgo.nl\/de\/product\/122718\/werkzeugtasche-kunststoffboden-bedrucken-abriebfest-one-size\/#listItem","position":4,"name":"WKI0601 &#8211; Gereedschaptas met plastic bodem","previousItem":{"@type":"ListItem","@id":"https:\/\/hidalgo.nl\/en\/product-supplier\/a403\/#listItem","name":"A403"}}]},{"@type":"Organization","@id":"https:\/\/hidalgo.nl\/de\/#organization","name":"Hidalgo","url":"https:\/\/hidalgo.nl\/de\/","logo":{"@type":"ImageObject","url":"https:\/\/shop.hidalgo.nl\/wp-content\/uploads\/2025\/11\/cropped-Hidalgo-est1993.png","@id":"https:\/\/hidalgo.nl\/de\/product\/122718\/werkzeugtasche-kunststoffboden-bedrucken-abriebfest-one-size\/#organizationLogo","width":585,"height":195},"image":{"@id":"https:\/\/hidalgo.nl\/de\/product\/122718\/werkzeugtasche-kunststoffboden-bedrucken-abriebfest-one-size\/#organizationLogo"}},{"@type":"ProductGroup","@id":"https:\/\/hidalgo.nl\/de\/product\/122718\/werkzeugtasche-kunststoffboden-bedrucken-abriebfest-one-size\/#wooCommerceProduct","name":"Werkzeugtasche Kunststoffboden bedrucken abriebfest One-size","url":"https:\/\/hidalgo.nl\/de\/product\/122718\/werkzeugtasche-kunststoffboden-bedrucken-abriebfest-one-size\/","brand":{"@type":"Brand","name":"WK Designed To Work"},"sku":"A403-WKI0601","image":{"@type":"ImageObject","url":"https:\/\/shop.hidalgo.nl\/wp-content\/uploads\/2025\/07\/1f9404b32a57d1c926390a6d981a7a9cd1fe4bb03472862e952067be87e4bbba.png","@id":"https:\/\/hidalgo.nl\/de\/product\/122718\/werkzeugtasche-kunststoffboden-bedrucken-abriebfest-one-size\/#productImage","width":1000,"height":934},"productGroupID":122718,"hasVariant":[{"@type":"Product","@id":"https:\/\/hidalgo.nl\/de\/product\/122718\/werkzeugtasche-kunststoffboden-bedrucken-abriebfest-one-size\/#wooCommerceProduct","name":"WKI0601 - Gereedschaptas met plastic bodem - , navy","url":"https:\/\/hidalgo.nl\/de\/product\/122718\/werkzeugtasche-kunststoffboden-bedrucken-abriebfest-one-size\/","sku":"A403-WKI0601_76563_76562","gtin":"3663938276922","image":{"@type":"ImageObject","url":"https:\/\/shop.hidalgo.nl\/wp-content\/uploads\/2025\/07\/1f9404b32a57d1c926390a6d981a7a9cd1fe4bb03472862e952067be87e4bbba.png","@id":"https:\/\/hidalgo.nl\/de\/product\/122718\/werkzeugtasche-kunststoffboden-bedrucken-abriebfest-one-size\/#productImage","width":1000,"height":934},"offers":{"@type":"Offer","url":"https:\/\/hidalgo.nl\/de\/product\/122718\/werkzeugtasche-kunststoffboden-bedrucken-abriebfest-one-size\/#wooCommerceOffer","price":"35.02","priceCurrency":"EUR","category":"Tassen","availability":"https:\/\/schema.org\/InStock","priceSpecification":{"@type":"PriceSpecification","price":35.02,"priceCurrency":"EUR","valueAddedTaxIncluded":"true"}}}]},{"@type":"WebPage","@id":"https:\/\/hidalgo.nl\/de\/product\/122718\/werkzeugtasche-kunststoffboden-bedrucken-abriebfest-one-size\/#webpage","url":"https:\/\/hidalgo.nl\/de\/product\/122718\/werkzeugtasche-kunststoffboden-bedrucken-abriebfest-one-size\/","name":"Werkzeugtasche Kunststoffboden bedrucken abriebfest One-size","description":"Lass deine Werkzeugtasche bedrucken und mit Logo gestalten - ideal f\u00fcr 20-40-j\u00e4hrige Handwerker, Elektriker und Montagepersonal. Der abriebfeste Korpus mit stabilem Kunststoffboden h\u00e4lt Werkzeug trocken & sicher. One Size, schnell konfiguriert und bestellt.","inLanguage":"de-DE","isPartOf":{"@id":"https:\/\/hidalgo.nl\/de\/#website"},"breadcrumb":{"@id":"https:\/\/hidalgo.nl\/de\/product\/122718\/werkzeugtasche-kunststoffboden-bedrucken-abriebfest-one-size\/#breadcrumblist"},"image":{"@type":"ImageObject","url":"https:\/\/shop.hidalgo.nl\/wp-content\/uploads\/2025\/07\/1f9404b32a57d1c926390a6d981a7a9cd1fe4bb03472862e952067be87e4bbba.png","@id":"https:\/\/hidalgo.nl\/de\/product\/122718\/werkzeugtasche-kunststoffboden-bedrucken-abriebfest-one-size\/#mainImage","width":1000,"height":934},"primaryImageOfPage":{"@id":"https:\/\/hidalgo.nl\/de\/product\/122718\/werkzeugtasche-kunststoffboden-bedrucken-abriebfest-one-size\/#mainImage"},"datePublished":"2025-07-07T17:03:17+00:00","dateModified":"2026-03-19T20:25:53+00:00"},{"@type":"WebSite","@id":"https:\/\/hidalgo.nl\/de\/#website","url":"https:\/\/hidalgo.nl\/de\/","name":"Hidalgo","inLanguage":"de-DE","publisher":{"@id":"https:\/\/hidalgo.nl\/de\/#organization"}}]},"og:locale":"de_DE","og:site_name":"Hidalgo -","og:type":"article","og:title":"Werkzeugtasche Kunststoffboden bedrucken abriebfest One-size","og:description":"Lass deine Werkzeugtasche bedrucken und mit Logo gestalten - ideal f\u00fcr 20-40-j\u00e4hrige Handwerker, Elektriker und Montagepersonal. Der abriebfeste Korpus mit stabilem Kunststoffboden h\u00e4lt Werkzeug trocken &amp; sicher. One Size, schnell konfiguriert und bestellt.","og:url":"https:\/\/hidalgo.nl\/de\/wp-json\/wp\/v2\/product\/122718","og:image":"https:\/\/shop.hidalgo.nl\/wp-content\/uploads\/2025\/11\/cropped-Hidalgo-est1993.png","og:image:secure_url":"https:\/\/shop.hidalgo.nl\/wp-content\/uploads\/2025\/11\/cropped-Hidalgo-est1993.png","article:published_time":"2025-07-07T17:03:17+00:00","article:modified_time":"2026-03-19T20:25:53+00:00","twitter:card":"summary_large_image","twitter:title":"Werkzeugtasche Kunststoffboden bedrucken abriebfest One-size","twitter:description":"Lass deine Werkzeugtasche bedrucken und mit Logo gestalten - ideal f\u00fcr 20-40-j\u00e4hrige Handwerker, Elektriker und Montagepersonal. Der abriebfeste Korpus mit stabilem Kunststoffboden h\u00e4lt Werkzeug trocken &amp; sicher. One Size, schnell konfiguriert und bestellt.","twitter:image":"https:\/\/shop.hidalgo.nl\/wp-content\/uploads\/2025\/11\/cropped-Hidalgo-est1993.png"},"aioseo_meta_data":{"post_id":"122718","title":null,"description":null,"keywords":null,"keyphrases":null,"primary_term":null,"canonical_url":null,"og_title":null,"og_description":null,"og_object_type":"default","og_image_type":"default","og_image_url":null,"og_image_width":null,"og_image_height":null,"og_image_custom_url":null,"og_image_custom_fields":null,"og_video":null,"og_custom_url":null,"og_article_section":null,"og_article_tags":null,"twitter_use_og":false,"twitter_card":"default","twitter_image_type":"default","twitter_image_url":null,"twitter_image_custom_url":null,"twitter_image_custom_fields":null,"twitter_title":null,"twitter_description":null,"schema":{"blockGraphs":[],"customGraphs":[],"default":{"data":{"Article":[],"Course":[],"Dataset":[],"FAQPage":[],"Movie":[],"Person":[],"Product":[],"ProductReview":[],"Car":[],"Recipe":[],"Service":[],"SoftwareApplication":[],"WebPage":[]},"graphName":"","isEnabled":true},"graphs":[]},"schema_type":"default","schema_type_options":null,"pillar_content":false,"robots_default":true,"robots_noindex":false,"robots_noarchive":false,"robots_nosnippet":false,"robots_nofollow":false,"robots_noimageindex":false,"robots_noodp":false,"robots_notranslate":false,"robots_max_snippet":null,"robots_max_videopreview":null,"robots_max_imagepreview":"large","priority":null,"frequency":null,"local_seo":null,"seo_analyzer_scan_date":"2026-01-21 15:29:14","breadcrumb_settings":null,"limit_modified_date":false,"reviewed_by":null,"open_ai":null,"ai":null,"created":"2026-01-14 06:25:37","updated":"2026-04-22 23:01:49"},"aioseo_breadcrumb":"<div class=\"aioseo-breadcrumbs\"><span class=\"aioseo-breadcrumb\">\n\t<a href=\"https:\/\/hidalgo.nl\/de\/\" title=\"Home\">Home<\/a>\n<\/span><span class=\"aioseo-breadcrumb-separator\">\u00bb<\/span><span class=\"aioseo-breadcrumb\">\n\t<a href=\"https:\/\/hidalgo.nl\/example\/\" title=\"example\">example<\/a>\n<\/span><span class=\"aioseo-breadcrumb-separator\">\u00bb<\/span><span class=\"aioseo-breadcrumb\">\n\t<a href=\"https:\/\/hidalgo.nl\/en\/product-supplier\/a403\/\" title=\"A403\">A403<\/a>\n<\/span><span class=\"aioseo-breadcrumb-separator\">\u00bb<\/span><span class=\"aioseo-breadcrumb\">\n\tWKI0601 \u2013 Gereedschaptas met plastic bodem\n<\/span><\/div>","aioseo_breadcrumb_json":[{"label":"Home","link":"https:\/\/hidalgo.nl\/de\/"},{"label":"example","link":"https:\/\/hidalgo.nl\/example\/"},{"label":"A403","link":"https:\/\/hidalgo.nl\/en\/product-supplier\/a403\/"},{"label":"WKI0601 &#8211; Gereedschaptas met plastic bodem","link":"https:\/\/hidalgo.nl\/de\/product\/122718\/werkzeugtasche-kunststoffboden-bedrucken-abriebfest-one-size\/"}],"_links":{"self":[{"href":"https:\/\/hidalgo.nl\/de\/wp-json\/wp\/v2\/product\/122718","targetHints":{"allow":["GET"]}}],"collection":[{"href":"https:\/\/hidalgo.nl\/de\/wp-json\/wp\/v2\/product"}],"about":[{"href":"https:\/\/hidalgo.nl\/de\/wp-json\/wp\/v2\/types\/product"}],"wp:featuredmedia":[{"embeddable":true,"href":"https:\/\/hidalgo.nl\/de\/wp-json\/wp\/v2\/media\/122721"}],"wp:attachment":[{"href":"https:\/\/hidalgo.nl\/de\/wp-json\/wp\/v2\/media?parent=122718"}],"wp:term":[{"taxonomy":"product_brand","embeddable":true,"href":"https:\/\/hidalgo.nl\/de\/wp-json\/wp\/v2\/product_brand?post=122718"},{"taxonomy":"product_cat","embeddable":true,"href":"https:\/\/hidalgo.nl\/de\/wp-json\/wp\/v2\/product_cat?post=122718"},{"taxonomy":"product_tag","embeddable":true,"href":"https:\/\/hidalgo.nl\/de\/wp-json\/wp\/v2\/product_tag?post=122718"}],"curies":[{"name":"wp","href":"https:\/\/api.w.org\/{rel}","templated":true}]}}