{"id":122698,"date":"2025-07-07T17:02:43","date_gmt":"2025-07-07T17:02:43","guid":{"rendered":"http:\/\/bidonsenshakers.pim.hidalgo.nl\/product\/wki0401-schoudertas-voor-gereedschap-en-laptop\/"},"modified":"2026-03-19T16:11:14","modified_gmt":"2026-03-19T16:11:14","slug":"wki0401-schoudertas-voor-gereedschap-en-laptop","status":"publish","type":"product","link":"https:\/\/hidalgo.nl\/de\/product\/122698\/werkzeugtasche-bedrucken-laptop-verstaerkt-15-zoll-one-size\/","title":{"rendered":"WKI0401 &#8211; Schoudertas voor gereedschap en laptop"},"content":{"rendered":"<p>100% polyester. Tas met verstelbare schouderriem. Georganiseerd vak met ruimte voor divers gereedschap. Klep met zak aan de voorkant, voor eenvoudige personalisatie. Groot hoofdvak voor documenten en een laptop tot 15 inch. De tas is verstevigd om het gewicht van een aangepaste inhoud te kunnen dragen.<\/p>\n","protected":false},"excerpt":{"rendered":"<p>100% polyester. Tas met verstelbare schouderriem. Georganiseerd vak met ruimte voor divers gereedschap. Klep met zak aan de voorkant, voor eenvoudige personalisatie. Groot hoofdvak voor documenten en een laptop tot 15 inch. De tas is verstevigd om het gewicht van een aangepaste inhoud te kunnen dragen.<\/p>\n","protected":false},"featured_media":122701,"template":"","meta":{"_acf_changed":false,"om_disable_all_campaigns":false,"_monsterinsights_skip_tracking":false,"_monsterinsights_sitenote_active":false,"_monsterinsights_sitenote_note":"","_monsterinsights_sitenote_category":0},"product_brand":[1784],"product_cat":[4988,4713],"product_tag":[],"class_list":{"0":"post-122698","1":"product","2":"type-product","3":"status-publish","4":"has-post-thumbnail","6":"product_supplier-a403","7":"product_material-polyester","8":"product_brand-wk-designed-to-work","9":"product_cat-tassen-gereedschaps-tassen","10":"product_cat-tassen","11":"entry","13":"first","14":"instock","15":"taxable","16":"shipping-taxable","17":"purchasable","18":"product-type-variable"},"acf":{"imprint_cost":[{"imprint_cost_key":"33483b79de35c41f6a5968127e3727b83ce2fe0b","product_quantity_price_range":[{"imprint_cost_recommended_selling_price":"0","imprint_cost_recommended_selling_quantity":"1"}],"product_quantity_price_range_buying":false,"imprint_cost_setup_costs":"","imprint_cost_handling_costs":""}]},"aioseo_notices":[],"aioseo_head":"\n\t\t<!-- All in One SEO Pro 4.9.6.2 - aioseo.com -->\n\t<meta name=\"description\" content=\"Du transportierst Werkzeug &amp; Laptop getrennt und gesch\u00fctzt: Werkzeugtasche mit 15-Zoll-Fach, gepolstert und verst\u00e4rkt f\u00fcr den Einsatz unterwegs. Bei Hidalgo kannst du die Werkzeugtasche bedrucken lassen f\u00fcr ein klares Firmenprofil; Navy, One-size.\" \/>\n\t<meta name=\"robots\" content=\"max-image-preview:large\" \/>\n\t<link rel=\"canonical\" href=\"https:\/\/hidalgo.nl\/de\/wp-json\/wp\/v2\/product\/122698\" \/>\n\t<meta name=\"generator\" content=\"All in One SEO Pro (AIOSEO) 4.9.6.2\" \/>\n\t\t<meta property=\"og:locale\" content=\"de_DE\" \/>\n\t\t<meta property=\"og:site_name\" content=\"Hidalgo -\" \/>\n\t\t<meta property=\"og:type\" content=\"article\" \/>\n\t\t<meta property=\"og:title\" content=\"Werkzeugtasche bedrucken Laptop verst\u00e4rkt 15 Zoll One-size\" \/>\n\t\t<meta property=\"og:description\" content=\"Du transportierst Werkzeug &amp; Laptop getrennt und gesch\u00fctzt: Werkzeugtasche mit 15-Zoll-Fach, gepolstert und verst\u00e4rkt f\u00fcr den Einsatz unterwegs. Bei Hidalgo kannst du die Werkzeugtasche bedrucken lassen f\u00fcr ein klares Firmenprofil; Navy, One-size.\" \/>\n\t\t<meta property=\"og:url\" content=\"https:\/\/hidalgo.nl\/de\/wp-json\/wp\/v2\/product\/122698\" \/>\n\t\t<meta property=\"og:image\" content=\"https:\/\/shop.hidalgo.nl\/wp-content\/uploads\/2025\/11\/cropped-Hidalgo-est1993.png\" \/>\n\t\t<meta property=\"og:image:secure_url\" content=\"https:\/\/shop.hidalgo.nl\/wp-content\/uploads\/2025\/11\/cropped-Hidalgo-est1993.png\" \/>\n\t\t<meta property=\"article:published_time\" content=\"2025-07-07T17:02:43+00:00\" \/>\n\t\t<meta property=\"article:modified_time\" content=\"2026-03-19T16:11:14+00:00\" \/>\n\t\t<meta name=\"twitter:card\" content=\"summary_large_image\" \/>\n\t\t<meta name=\"twitter:title\" content=\"Werkzeugtasche bedrucken Laptop verst\u00e4rkt 15 Zoll One-size\" \/>\n\t\t<meta name=\"twitter:description\" content=\"Du transportierst Werkzeug &amp; Laptop getrennt und gesch\u00fctzt: Werkzeugtasche mit 15-Zoll-Fach, gepolstert und verst\u00e4rkt f\u00fcr den Einsatz unterwegs. Bei Hidalgo kannst du die Werkzeugtasche bedrucken lassen f\u00fcr ein klares Firmenprofil; Navy, One-size.\" \/>\n\t\t<meta name=\"twitter:image\" content=\"https:\/\/shop.hidalgo.nl\/wp-content\/uploads\/2025\/11\/cropped-Hidalgo-est1993.png\" \/>\n\t\t<script type=\"application\/ld+json\" class=\"aioseo-schema\">\n\t\t\t{\"@context\":\"https:\\\/\\\/schema.org\",\"@graph\":[{\"@type\":\"BreadcrumbList\",\"@id\":\"https:\\\/\\\/hidalgo.nl\\\/de\\\/product\\\/122698\\\/werkzeugtasche-bedrucken-laptop-verstaerkt-15-zoll-one-size\\\/#breadcrumblist\",\"itemListElement\":[{\"@type\":\"ListItem\",\"@id\":\"https:\\\/\\\/hidalgo.nl\\\/de\\\/#listItem\",\"position\":1,\"name\":\"Home\",\"item\":\"https:\\\/\\\/hidalgo.nl\\\/de\\\/\",\"nextItem\":{\"@type\":\"ListItem\",\"@id\":\"https:\\\/\\\/hidalgo.nl\\\/example\\\/#listItem\",\"name\":\"example\"}},{\"@type\":\"ListItem\",\"@id\":\"https:\\\/\\\/hidalgo.nl\\\/example\\\/#listItem\",\"position\":2,\"name\":\"example\",\"item\":\"https:\\\/\\\/hidalgo.nl\\\/example\\\/\",\"nextItem\":{\"@type\":\"ListItem\",\"@id\":\"https:\\\/\\\/hidalgo.nl\\\/en\\\/product-supplier\\\/a403\\\/#listItem\",\"name\":\"A403\"},\"previousItem\":{\"@type\":\"ListItem\",\"@id\":\"https:\\\/\\\/hidalgo.nl\\\/de\\\/#listItem\",\"name\":\"Home\"}},{\"@type\":\"ListItem\",\"@id\":\"https:\\\/\\\/hidalgo.nl\\\/en\\\/product-supplier\\\/a403\\\/#listItem\",\"position\":3,\"name\":\"A403\",\"item\":\"https:\\\/\\\/hidalgo.nl\\\/en\\\/product-supplier\\\/a403\\\/\",\"nextItem\":{\"@type\":\"ListItem\",\"@id\":\"https:\\\/\\\/hidalgo.nl\\\/de\\\/product\\\/122698\\\/werkzeugtasche-bedrucken-laptop-verstaerkt-15-zoll-one-size\\\/#listItem\",\"name\":\"WKI0401 &#8211; Schoudertas voor gereedschap en laptop\"},\"previousItem\":{\"@type\":\"ListItem\",\"@id\":\"https:\\\/\\\/hidalgo.nl\\\/example\\\/#listItem\",\"name\":\"example\"}},{\"@type\":\"ListItem\",\"@id\":\"https:\\\/\\\/hidalgo.nl\\\/de\\\/product\\\/122698\\\/werkzeugtasche-bedrucken-laptop-verstaerkt-15-zoll-one-size\\\/#listItem\",\"position\":4,\"name\":\"WKI0401 &#8211; Schoudertas voor gereedschap en laptop\",\"previousItem\":{\"@type\":\"ListItem\",\"@id\":\"https:\\\/\\\/hidalgo.nl\\\/en\\\/product-supplier\\\/a403\\\/#listItem\",\"name\":\"A403\"}}]},{\"@type\":\"Organization\",\"@id\":\"https:\\\/\\\/hidalgo.nl\\\/de\\\/#organization\",\"name\":\"Hidalgo\",\"url\":\"https:\\\/\\\/hidalgo.nl\\\/de\\\/\",\"logo\":{\"@type\":\"ImageObject\",\"url\":\"https:\\\/\\\/shop.hidalgo.nl\\\/wp-content\\\/uploads\\\/2025\\\/11\\\/cropped-Hidalgo-est1993.png\",\"@id\":\"https:\\\/\\\/hidalgo.nl\\\/de\\\/product\\\/122698\\\/werkzeugtasche-bedrucken-laptop-verstaerkt-15-zoll-one-size\\\/#organizationLogo\",\"width\":585,\"height\":195},\"image\":{\"@id\":\"https:\\\/\\\/hidalgo.nl\\\/de\\\/product\\\/122698\\\/werkzeugtasche-bedrucken-laptop-verstaerkt-15-zoll-one-size\\\/#organizationLogo\"}},{\"@type\":\"ProductGroup\",\"@id\":\"https:\\\/\\\/hidalgo.nl\\\/de\\\/product\\\/122698\\\/werkzeugtasche-bedrucken-laptop-verstaerkt-15-zoll-one-size\\\/#wooCommerceProduct\",\"name\":\"Werkzeugtasche bedrucken Laptop verst\\u00e4rkt 15 Zoll One-size\",\"url\":\"https:\\\/\\\/hidalgo.nl\\\/de\\\/product\\\/122698\\\/werkzeugtasche-bedrucken-laptop-verstaerkt-15-zoll-one-size\\\/\",\"brand\":{\"@type\":\"Brand\",\"name\":\"WK Designed To Work\"},\"sku\":\"A403-WKI0401\",\"image\":{\"@type\":\"ImageObject\",\"url\":\"https:\\\/\\\/shop.hidalgo.nl\\\/wp-content\\\/uploads\\\/2025\\\/07\\\/01c415b957d2913c2b8f5ff349410ad6d0bb352d546b37f4a6fac52ec777081f.png\",\"@id\":\"https:\\\/\\\/hidalgo.nl\\\/de\\\/product\\\/122698\\\/werkzeugtasche-bedrucken-laptop-verstaerkt-15-zoll-one-size\\\/#productImage\",\"width\":1000,\"height\":934},\"productGroupID\":122698,\"hasVariant\":[{\"@type\":\"Product\",\"@id\":\"https:\\\/\\\/hidalgo.nl\\\/de\\\/product\\\/122698\\\/werkzeugtasche-bedrucken-laptop-verstaerkt-15-zoll-one-size\\\/#wooCommerceProduct\",\"name\":\"WKI0401 - Schoudertas voor gereedschap en laptop - , navy\",\"url\":\"https:\\\/\\\/hidalgo.nl\\\/de\\\/product\\\/122698\\\/werkzeugtasche-bedrucken-laptop-verstaerkt-15-zoll-one-size\\\/\",\"sku\":\"A403-WKI0401_76561_76560\",\"gtin\":\"3663938276915\",\"image\":{\"@type\":\"ImageObject\",\"url\":\"https:\\\/\\\/shop.hidalgo.nl\\\/wp-content\\\/uploads\\\/2025\\\/07\\\/01c415b957d2913c2b8f5ff349410ad6d0bb352d546b37f4a6fac52ec777081f.png\",\"@id\":\"https:\\\/\\\/hidalgo.nl\\\/de\\\/product\\\/122698\\\/werkzeugtasche-bedrucken-laptop-verstaerkt-15-zoll-one-size\\\/#productImage\",\"width\":1000,\"height\":934},\"offers\":{\"@type\":\"Offer\",\"url\":\"https:\\\/\\\/hidalgo.nl\\\/de\\\/product\\\/122698\\\/werkzeugtasche-bedrucken-laptop-verstaerkt-15-zoll-one-size\\\/#wooCommerceOffer\",\"price\":\"24.35\",\"priceCurrency\":\"EUR\",\"category\":\"Tassen\",\"availability\":\"https:\\\/\\\/schema.org\\\/InStock\",\"priceSpecification\":{\"@type\":\"PriceSpecification\",\"price\":24.35,\"priceCurrency\":\"EUR\",\"valueAddedTaxIncluded\":\"true\"}}}]},{\"@type\":\"WebPage\",\"@id\":\"https:\\\/\\\/hidalgo.nl\\\/de\\\/product\\\/122698\\\/werkzeugtasche-bedrucken-laptop-verstaerkt-15-zoll-one-size\\\/#webpage\",\"url\":\"https:\\\/\\\/hidalgo.nl\\\/de\\\/product\\\/122698\\\/werkzeugtasche-bedrucken-laptop-verstaerkt-15-zoll-one-size\\\/\",\"name\":\"Werkzeugtasche bedrucken Laptop verst\\u00e4rkt 15 Zoll One-size\",\"description\":\"Du transportierst Werkzeug & Laptop getrennt und gesch\\u00fctzt: Werkzeugtasche mit 15-Zoll-Fach, gepolstert und verst\\u00e4rkt f\\u00fcr den Einsatz unterwegs. Bei Hidalgo kannst du die Werkzeugtasche bedrucken lassen f\\u00fcr ein klares Firmenprofil; Navy, One-size.\",\"inLanguage\":\"de-DE\",\"isPartOf\":{\"@id\":\"https:\\\/\\\/hidalgo.nl\\\/de\\\/#website\"},\"breadcrumb\":{\"@id\":\"https:\\\/\\\/hidalgo.nl\\\/de\\\/product\\\/122698\\\/werkzeugtasche-bedrucken-laptop-verstaerkt-15-zoll-one-size\\\/#breadcrumblist\"},\"image\":{\"@type\":\"ImageObject\",\"url\":\"https:\\\/\\\/shop.hidalgo.nl\\\/wp-content\\\/uploads\\\/2025\\\/07\\\/01c415b957d2913c2b8f5ff349410ad6d0bb352d546b37f4a6fac52ec777081f.png\",\"@id\":\"https:\\\/\\\/hidalgo.nl\\\/de\\\/product\\\/122698\\\/werkzeugtasche-bedrucken-laptop-verstaerkt-15-zoll-one-size\\\/#mainImage\",\"width\":1000,\"height\":934},\"primaryImageOfPage\":{\"@id\":\"https:\\\/\\\/hidalgo.nl\\\/de\\\/product\\\/122698\\\/werkzeugtasche-bedrucken-laptop-verstaerkt-15-zoll-one-size\\\/#mainImage\"},\"datePublished\":\"2025-07-07T17:02:43+00:00\",\"dateModified\":\"2026-03-19T16:11:14+00:00\"},{\"@type\":\"WebSite\",\"@id\":\"https:\\\/\\\/hidalgo.nl\\\/de\\\/#website\",\"url\":\"https:\\\/\\\/hidalgo.nl\\\/de\\\/\",\"name\":\"Hidalgo\",\"inLanguage\":\"de-DE\",\"publisher\":{\"@id\":\"https:\\\/\\\/hidalgo.nl\\\/de\\\/#organization\"}}]}\n\t\t<\/script>\n\t\t<!-- All in One SEO Pro -->\r\n\t\t<title>Werkzeugtasche bedrucken Laptop verst\u00e4rkt 15 Zoll One-size<\/title>\n\n","aioseo_head_json":{"title":"Werkzeugtasche bedrucken Laptop verst\u00e4rkt 15 Zoll One-size","description":"Du transportierst Werkzeug & Laptop getrennt und gesch\u00fctzt: Werkzeugtasche mit 15-Zoll-Fach, gepolstert und verst\u00e4rkt f\u00fcr den Einsatz unterwegs. Bei Hidalgo kannst du die Werkzeugtasche bedrucken lassen f\u00fcr ein klares Firmenprofil; Navy, One-size.","canonical_url":"https:\/\/hidalgo.nl\/de\/wp-json\/wp\/v2\/product\/122698","robots":"max-image-preview:large","keywords":"","webmasterTools":{"miscellaneous":""},"schema":{"@context":"https:\/\/schema.org","@graph":[{"@type":"BreadcrumbList","@id":"https:\/\/hidalgo.nl\/de\/product\/122698\/werkzeugtasche-bedrucken-laptop-verstaerkt-15-zoll-one-size\/#breadcrumblist","itemListElement":[{"@type":"ListItem","@id":"https:\/\/hidalgo.nl\/de\/#listItem","position":1,"name":"Home","item":"https:\/\/hidalgo.nl\/de\/","nextItem":{"@type":"ListItem","@id":"https:\/\/hidalgo.nl\/example\/#listItem","name":"example"}},{"@type":"ListItem","@id":"https:\/\/hidalgo.nl\/example\/#listItem","position":2,"name":"example","item":"https:\/\/hidalgo.nl\/example\/","nextItem":{"@type":"ListItem","@id":"https:\/\/hidalgo.nl\/en\/product-supplier\/a403\/#listItem","name":"A403"},"previousItem":{"@type":"ListItem","@id":"https:\/\/hidalgo.nl\/de\/#listItem","name":"Home"}},{"@type":"ListItem","@id":"https:\/\/hidalgo.nl\/en\/product-supplier\/a403\/#listItem","position":3,"name":"A403","item":"https:\/\/hidalgo.nl\/en\/product-supplier\/a403\/","nextItem":{"@type":"ListItem","@id":"https:\/\/hidalgo.nl\/de\/product\/122698\/werkzeugtasche-bedrucken-laptop-verstaerkt-15-zoll-one-size\/#listItem","name":"WKI0401 &#8211; Schoudertas voor gereedschap en laptop"},"previousItem":{"@type":"ListItem","@id":"https:\/\/hidalgo.nl\/example\/#listItem","name":"example"}},{"@type":"ListItem","@id":"https:\/\/hidalgo.nl\/de\/product\/122698\/werkzeugtasche-bedrucken-laptop-verstaerkt-15-zoll-one-size\/#listItem","position":4,"name":"WKI0401 &#8211; Schoudertas voor gereedschap en laptop","previousItem":{"@type":"ListItem","@id":"https:\/\/hidalgo.nl\/en\/product-supplier\/a403\/#listItem","name":"A403"}}]},{"@type":"Organization","@id":"https:\/\/hidalgo.nl\/de\/#organization","name":"Hidalgo","url":"https:\/\/hidalgo.nl\/de\/","logo":{"@type":"ImageObject","url":"https:\/\/shop.hidalgo.nl\/wp-content\/uploads\/2025\/11\/cropped-Hidalgo-est1993.png","@id":"https:\/\/hidalgo.nl\/de\/product\/122698\/werkzeugtasche-bedrucken-laptop-verstaerkt-15-zoll-one-size\/#organizationLogo","width":585,"height":195},"image":{"@id":"https:\/\/hidalgo.nl\/de\/product\/122698\/werkzeugtasche-bedrucken-laptop-verstaerkt-15-zoll-one-size\/#organizationLogo"}},{"@type":"ProductGroup","@id":"https:\/\/hidalgo.nl\/de\/product\/122698\/werkzeugtasche-bedrucken-laptop-verstaerkt-15-zoll-one-size\/#wooCommerceProduct","name":"Werkzeugtasche bedrucken Laptop verst\u00e4rkt 15 Zoll One-size","url":"https:\/\/hidalgo.nl\/de\/product\/122698\/werkzeugtasche-bedrucken-laptop-verstaerkt-15-zoll-one-size\/","brand":{"@type":"Brand","name":"WK Designed To Work"},"sku":"A403-WKI0401","image":{"@type":"ImageObject","url":"https:\/\/shop.hidalgo.nl\/wp-content\/uploads\/2025\/07\/01c415b957d2913c2b8f5ff349410ad6d0bb352d546b37f4a6fac52ec777081f.png","@id":"https:\/\/hidalgo.nl\/de\/product\/122698\/werkzeugtasche-bedrucken-laptop-verstaerkt-15-zoll-one-size\/#productImage","width":1000,"height":934},"productGroupID":122698,"hasVariant":[{"@type":"Product","@id":"https:\/\/hidalgo.nl\/de\/product\/122698\/werkzeugtasche-bedrucken-laptop-verstaerkt-15-zoll-one-size\/#wooCommerceProduct","name":"WKI0401 - Schoudertas voor gereedschap en laptop - , navy","url":"https:\/\/hidalgo.nl\/de\/product\/122698\/werkzeugtasche-bedrucken-laptop-verstaerkt-15-zoll-one-size\/","sku":"A403-WKI0401_76561_76560","gtin":"3663938276915","image":{"@type":"ImageObject","url":"https:\/\/shop.hidalgo.nl\/wp-content\/uploads\/2025\/07\/01c415b957d2913c2b8f5ff349410ad6d0bb352d546b37f4a6fac52ec777081f.png","@id":"https:\/\/hidalgo.nl\/de\/product\/122698\/werkzeugtasche-bedrucken-laptop-verstaerkt-15-zoll-one-size\/#productImage","width":1000,"height":934},"offers":{"@type":"Offer","url":"https:\/\/hidalgo.nl\/de\/product\/122698\/werkzeugtasche-bedrucken-laptop-verstaerkt-15-zoll-one-size\/#wooCommerceOffer","price":"24.35","priceCurrency":"EUR","category":"Tassen","availability":"https:\/\/schema.org\/InStock","priceSpecification":{"@type":"PriceSpecification","price":24.35,"priceCurrency":"EUR","valueAddedTaxIncluded":"true"}}}]},{"@type":"WebPage","@id":"https:\/\/hidalgo.nl\/de\/product\/122698\/werkzeugtasche-bedrucken-laptop-verstaerkt-15-zoll-one-size\/#webpage","url":"https:\/\/hidalgo.nl\/de\/product\/122698\/werkzeugtasche-bedrucken-laptop-verstaerkt-15-zoll-one-size\/","name":"Werkzeugtasche bedrucken Laptop verst\u00e4rkt 15 Zoll One-size","description":"Du transportierst Werkzeug & Laptop getrennt und gesch\u00fctzt: Werkzeugtasche mit 15-Zoll-Fach, gepolstert und verst\u00e4rkt f\u00fcr den Einsatz unterwegs. Bei Hidalgo kannst du die Werkzeugtasche bedrucken lassen f\u00fcr ein klares Firmenprofil; Navy, One-size.","inLanguage":"de-DE","isPartOf":{"@id":"https:\/\/hidalgo.nl\/de\/#website"},"breadcrumb":{"@id":"https:\/\/hidalgo.nl\/de\/product\/122698\/werkzeugtasche-bedrucken-laptop-verstaerkt-15-zoll-one-size\/#breadcrumblist"},"image":{"@type":"ImageObject","url":"https:\/\/shop.hidalgo.nl\/wp-content\/uploads\/2025\/07\/01c415b957d2913c2b8f5ff349410ad6d0bb352d546b37f4a6fac52ec777081f.png","@id":"https:\/\/hidalgo.nl\/de\/product\/122698\/werkzeugtasche-bedrucken-laptop-verstaerkt-15-zoll-one-size\/#mainImage","width":1000,"height":934},"primaryImageOfPage":{"@id":"https:\/\/hidalgo.nl\/de\/product\/122698\/werkzeugtasche-bedrucken-laptop-verstaerkt-15-zoll-one-size\/#mainImage"},"datePublished":"2025-07-07T17:02:43+00:00","dateModified":"2026-03-19T16:11:14+00:00"},{"@type":"WebSite","@id":"https:\/\/hidalgo.nl\/de\/#website","url":"https:\/\/hidalgo.nl\/de\/","name":"Hidalgo","inLanguage":"de-DE","publisher":{"@id":"https:\/\/hidalgo.nl\/de\/#organization"}}]},"og:locale":"de_DE","og:site_name":"Hidalgo -","og:type":"article","og:title":"Werkzeugtasche bedrucken Laptop verst\u00e4rkt 15 Zoll One-size","og:description":"Du transportierst Werkzeug &amp; Laptop getrennt und gesch\u00fctzt: Werkzeugtasche mit 15-Zoll-Fach, gepolstert und verst\u00e4rkt f\u00fcr den Einsatz unterwegs. Bei Hidalgo kannst du die Werkzeugtasche bedrucken lassen f\u00fcr ein klares Firmenprofil; Navy, One-size.","og:url":"https:\/\/hidalgo.nl\/de\/wp-json\/wp\/v2\/product\/122698","og:image":"https:\/\/shop.hidalgo.nl\/wp-content\/uploads\/2025\/11\/cropped-Hidalgo-est1993.png","og:image:secure_url":"https:\/\/shop.hidalgo.nl\/wp-content\/uploads\/2025\/11\/cropped-Hidalgo-est1993.png","article:published_time":"2025-07-07T17:02:43+00:00","article:modified_time":"2026-03-19T16:11:14+00:00","twitter:card":"summary_large_image","twitter:title":"Werkzeugtasche bedrucken Laptop verst\u00e4rkt 15 Zoll One-size","twitter:description":"Du transportierst Werkzeug &amp; Laptop getrennt und gesch\u00fctzt: Werkzeugtasche mit 15-Zoll-Fach, gepolstert und verst\u00e4rkt f\u00fcr den Einsatz unterwegs. Bei Hidalgo kannst du die Werkzeugtasche bedrucken lassen f\u00fcr ein klares Firmenprofil; Navy, One-size.","twitter:image":"https:\/\/shop.hidalgo.nl\/wp-content\/uploads\/2025\/11\/cropped-Hidalgo-est1993.png"},"aioseo_meta_data":{"post_id":"122698","title":null,"description":null,"keywords":null,"keyphrases":null,"primary_term":null,"canonical_url":null,"og_title":null,"og_description":null,"og_object_type":"default","og_image_type":"default","og_image_url":null,"og_image_width":null,"og_image_height":null,"og_image_custom_url":null,"og_image_custom_fields":null,"og_video":null,"og_custom_url":null,"og_article_section":null,"og_article_tags":null,"twitter_use_og":false,"twitter_card":"default","twitter_image_type":"default","twitter_image_url":null,"twitter_image_custom_url":null,"twitter_image_custom_fields":null,"twitter_title":null,"twitter_description":null,"schema":{"blockGraphs":[],"customGraphs":[],"default":{"data":{"Article":[],"Course":[],"Dataset":[],"FAQPage":[],"Movie":[],"Person":[],"Product":[],"ProductReview":[],"Car":[],"Recipe":[],"Service":[],"SoftwareApplication":[],"WebPage":[]},"graphName":"","isEnabled":true},"graphs":[]},"schema_type":"default","schema_type_options":null,"pillar_content":false,"robots_default":true,"robots_noindex":false,"robots_noarchive":false,"robots_nosnippet":false,"robots_nofollow":false,"robots_noimageindex":false,"robots_noodp":false,"robots_notranslate":false,"robots_max_snippet":null,"robots_max_videopreview":null,"robots_max_imagepreview":"large","priority":null,"frequency":null,"local_seo":null,"seo_analyzer_scan_date":"2026-01-21 15:28:12","breadcrumb_settings":null,"limit_modified_date":false,"reviewed_by":null,"open_ai":null,"ai":null,"created":"2026-01-14 06:25:37","updated":"2026-04-22 23:01:49"},"aioseo_breadcrumb":"<div class=\"aioseo-breadcrumbs\"><span class=\"aioseo-breadcrumb\">\n\t<a href=\"https:\/\/hidalgo.nl\/de\/\" title=\"Home\">Home<\/a>\n<\/span><span class=\"aioseo-breadcrumb-separator\">\u00bb<\/span><span class=\"aioseo-breadcrumb\">\n\t<a href=\"https:\/\/hidalgo.nl\/example\/\" title=\"example\">example<\/a>\n<\/span><span class=\"aioseo-breadcrumb-separator\">\u00bb<\/span><span class=\"aioseo-breadcrumb\">\n\t<a href=\"https:\/\/hidalgo.nl\/en\/product-supplier\/a403\/\" title=\"A403\">A403<\/a>\n<\/span><span class=\"aioseo-breadcrumb-separator\">\u00bb<\/span><span class=\"aioseo-breadcrumb\">\n\tWKI0401 \u2013 Schoudertas voor gereedschap en laptop\n<\/span><\/div>","aioseo_breadcrumb_json":[{"label":"Home","link":"https:\/\/hidalgo.nl\/de\/"},{"label":"example","link":"https:\/\/hidalgo.nl\/example\/"},{"label":"A403","link":"https:\/\/hidalgo.nl\/en\/product-supplier\/a403\/"},{"label":"WKI0401 &#8211; Schoudertas voor gereedschap en laptop","link":"https:\/\/hidalgo.nl\/de\/product\/122698\/werkzeugtasche-bedrucken-laptop-verstaerkt-15-zoll-one-size\/"}],"_links":{"self":[{"href":"https:\/\/hidalgo.nl\/de\/wp-json\/wp\/v2\/product\/122698","targetHints":{"allow":["GET"]}}],"collection":[{"href":"https:\/\/hidalgo.nl\/de\/wp-json\/wp\/v2\/product"}],"about":[{"href":"https:\/\/hidalgo.nl\/de\/wp-json\/wp\/v2\/types\/product"}],"wp:featuredmedia":[{"embeddable":true,"href":"https:\/\/hidalgo.nl\/de\/wp-json\/wp\/v2\/media\/122701"}],"wp:attachment":[{"href":"https:\/\/hidalgo.nl\/de\/wp-json\/wp\/v2\/media?parent=122698"}],"wp:term":[{"taxonomy":"product_brand","embeddable":true,"href":"https:\/\/hidalgo.nl\/de\/wp-json\/wp\/v2\/product_brand?post=122698"},{"taxonomy":"product_cat","embeddable":true,"href":"https:\/\/hidalgo.nl\/de\/wp-json\/wp\/v2\/product_cat?post=122698"},{"taxonomy":"product_tag","embeddable":true,"href":"https:\/\/hidalgo.nl\/de\/wp-json\/wp\/v2\/product_tag?post=122698"}],"curies":[{"name":"wp","href":"https:\/\/api.w.org\/{rel}","templated":true}]}}