{"id":122664,"date":"2025-07-07T17:01:41","date_gmt":"2025-07-07T17:01:41","guid":{"rendered":"http:\/\/bidonsenshakers.pim.hidalgo.nl\/product\/wki0301-gereedschapstas-aanpasbaar-aan-draagbare-ladders\/"},"modified":"2026-03-19T20:23:39","modified_gmt":"2026-03-19T20:23:39","slug":"wki0301-gereedschapstas-aanpasbaar-aan-draagbare-ladders","status":"publish","type":"product","link":"https:\/\/hidalgo.nl\/de\/product\/122664\/werkzeugtasche-wki0301-bedrucken-fuer-leitern-robust-one-size\/","title":{"rendered":"WKI0301 &#8211; Gereedschapstas, aanpasbaar aan draagbare ladders"},"content":{"rendered":"<p>100% polyester. In deze tas kunt u elk gereedschap vervoeren, maar dankzij de vorm met platte rug en de speciale handgrepen is hij ideaal voor werk op een stelling. De tas is geschikt voor gebruik op een klassieke, dubbele ladder, zodat u uw gereedschap altijd bij de hand heeft. In het brede middenvak steekt u groot gereedschap zoals een boor. In de panelen met vakken passen dan weer sleutels en schroevendraaiers. Eenvoudig personaliseerbare spullenzak aan de voorkant.<\/p>\n","protected":false},"excerpt":{"rendered":"<p>100% polyester. In deze tas kunt u elk gereedschap vervoeren, maar dankzij de vorm met platte rug en de speciale handgrepen is hij ideaal voor werk op een stelling. De tas is geschikt voor gebruik op een klassieke, dubbele ladder, zodat u uw gereedschap altijd bij de hand heeft. In het brede middenvak steekt u&hellip; <a class=\"more-link\" href=\"https:\/\/hidalgo.nl\/de\/product\/122664\/werkzeugtasche-wki0301-bedrucken-fuer-leitern-robust-one-size\/\"><span class=\"screen-reader-text\">WKI0301 &#8211; Gereedschapstas, aanpasbaar aan draagbare ladders<\/span> weiterlesen<\/a><\/p>\n","protected":false},"featured_media":122667,"template":"","meta":{"_acf_changed":false,"om_disable_all_campaigns":false,"_monsterinsights_skip_tracking":false,"_monsterinsights_sitenote_active":false,"_monsterinsights_sitenote_note":"","_monsterinsights_sitenote_category":0},"product_brand":[1784],"product_cat":[4988,4713],"product_tag":[],"class_list":{"0":"post-122664","1":"product","2":"type-product","3":"status-publish","4":"has-post-thumbnail","6":"product_supplier-a403","7":"product_material-polyester","8":"product_brand-wk-designed-to-work","9":"product_cat-tassen-gereedschaps-tassen","10":"product_cat-tassen","11":"entry","13":"first","14":"instock","15":"taxable","16":"shipping-taxable","17":"purchasable","18":"product-type-variable"},"acf":{"imprint_cost":[{"imprint_cost_key":"33483b79de35c41f6a5968127e3727b83ce2fe0b","product_quantity_price_range":[{"imprint_cost_recommended_selling_price":"0","imprint_cost_recommended_selling_quantity":"1"}],"product_quantity_price_range_buying":false,"imprint_cost_setup_costs":"","imprint_cost_handling_costs":""}]},"aioseo_notices":[],"aioseo_head":"\n\t\t<!-- All in One SEO Pro 4.9.6.2 - aioseo.com -->\n\t<meta name=\"description\" content=\"Mit dem Modell WKI0301 hast du dein Werkzeug auf der Leiter sicher griffbereit: One-size, in Light Grey, mit flacher R\u00fcckseite &amp; stabiler Befestigung zum Anh\u00e4ngen. Lass deine robuste Werkzeugtasche bedrucken - ideal f\u00fcr Handwerker und Ger\u00fcstbau.\" \/>\n\t<meta name=\"robots\" content=\"max-image-preview:large\" \/>\n\t<link rel=\"canonical\" href=\"https:\/\/hidalgo.nl\/de\/wp-json\/wp\/v2\/product\/122664\" \/>\n\t<meta name=\"generator\" content=\"All in One SEO Pro (AIOSEO) 4.9.6.2\" \/>\n\t\t<meta property=\"og:locale\" content=\"de_DE\" \/>\n\t\t<meta property=\"og:site_name\" content=\"Hidalgo -\" \/>\n\t\t<meta property=\"og:type\" content=\"article\" \/>\n\t\t<meta property=\"og:title\" content=\"Werkzeugtasche WKI0301 bedrucken f\u00fcr Leitern robust One-size\" \/>\n\t\t<meta property=\"og:description\" content=\"Mit dem Modell WKI0301 hast du dein Werkzeug auf der Leiter sicher griffbereit: One-size, in Light Grey, mit flacher R\u00fcckseite &amp; stabiler Befestigung zum Anh\u00e4ngen. Lass deine robuste Werkzeugtasche bedrucken - ideal f\u00fcr Handwerker und Ger\u00fcstbau.\" \/>\n\t\t<meta property=\"og:url\" content=\"https:\/\/hidalgo.nl\/de\/wp-json\/wp\/v2\/product\/122664\" \/>\n\t\t<meta property=\"og:image\" content=\"https:\/\/shop.hidalgo.nl\/wp-content\/uploads\/2025\/11\/cropped-Hidalgo-est1993.png\" \/>\n\t\t<meta property=\"og:image:secure_url\" content=\"https:\/\/shop.hidalgo.nl\/wp-content\/uploads\/2025\/11\/cropped-Hidalgo-est1993.png\" \/>\n\t\t<meta property=\"article:published_time\" content=\"2025-07-07T17:01:41+00:00\" \/>\n\t\t<meta property=\"article:modified_time\" content=\"2026-03-19T20:23:39+00:00\" \/>\n\t\t<meta name=\"twitter:card\" content=\"summary_large_image\" \/>\n\t\t<meta name=\"twitter:title\" content=\"Werkzeugtasche WKI0301 bedrucken f\u00fcr Leitern robust One-size\" \/>\n\t\t<meta name=\"twitter:description\" content=\"Mit dem Modell WKI0301 hast du dein Werkzeug auf der Leiter sicher griffbereit: One-size, in Light Grey, mit flacher R\u00fcckseite &amp; stabiler Befestigung zum Anh\u00e4ngen. Lass deine robuste Werkzeugtasche bedrucken - ideal f\u00fcr Handwerker und Ger\u00fcstbau.\" \/>\n\t\t<meta name=\"twitter:image\" content=\"https:\/\/shop.hidalgo.nl\/wp-content\/uploads\/2025\/11\/cropped-Hidalgo-est1993.png\" \/>\n\t\t<script type=\"application\/ld+json\" class=\"aioseo-schema\">\n\t\t\t{\"@context\":\"https:\\\/\\\/schema.org\",\"@graph\":[{\"@type\":\"BreadcrumbList\",\"@id\":\"https:\\\/\\\/hidalgo.nl\\\/de\\\/product\\\/122664\\\/werkzeugtasche-wki0301-bedrucken-fuer-leitern-robust-one-size\\\/#breadcrumblist\",\"itemListElement\":[{\"@type\":\"ListItem\",\"@id\":\"https:\\\/\\\/hidalgo.nl\\\/de\\\/#listItem\",\"position\":1,\"name\":\"Home\",\"item\":\"https:\\\/\\\/hidalgo.nl\\\/de\\\/\",\"nextItem\":{\"@type\":\"ListItem\",\"@id\":\"https:\\\/\\\/hidalgo.nl\\\/example\\\/#listItem\",\"name\":\"example\"}},{\"@type\":\"ListItem\",\"@id\":\"https:\\\/\\\/hidalgo.nl\\\/example\\\/#listItem\",\"position\":2,\"name\":\"example\",\"item\":\"https:\\\/\\\/hidalgo.nl\\\/example\\\/\",\"nextItem\":{\"@type\":\"ListItem\",\"@id\":\"https:\\\/\\\/hidalgo.nl\\\/en\\\/product-supplier\\\/a403\\\/#listItem\",\"name\":\"A403\"},\"previousItem\":{\"@type\":\"ListItem\",\"@id\":\"https:\\\/\\\/hidalgo.nl\\\/de\\\/#listItem\",\"name\":\"Home\"}},{\"@type\":\"ListItem\",\"@id\":\"https:\\\/\\\/hidalgo.nl\\\/en\\\/product-supplier\\\/a403\\\/#listItem\",\"position\":3,\"name\":\"A403\",\"item\":\"https:\\\/\\\/hidalgo.nl\\\/en\\\/product-supplier\\\/a403\\\/\",\"nextItem\":{\"@type\":\"ListItem\",\"@id\":\"https:\\\/\\\/hidalgo.nl\\\/de\\\/product\\\/122664\\\/werkzeugtasche-wki0301-bedrucken-fuer-leitern-robust-one-size\\\/#listItem\",\"name\":\"WKI0301 &#8211; Gereedschapstas, aanpasbaar aan draagbare ladders\"},\"previousItem\":{\"@type\":\"ListItem\",\"@id\":\"https:\\\/\\\/hidalgo.nl\\\/example\\\/#listItem\",\"name\":\"example\"}},{\"@type\":\"ListItem\",\"@id\":\"https:\\\/\\\/hidalgo.nl\\\/de\\\/product\\\/122664\\\/werkzeugtasche-wki0301-bedrucken-fuer-leitern-robust-one-size\\\/#listItem\",\"position\":4,\"name\":\"WKI0301 &#8211; Gereedschapstas, aanpasbaar aan draagbare ladders\",\"previousItem\":{\"@type\":\"ListItem\",\"@id\":\"https:\\\/\\\/hidalgo.nl\\\/en\\\/product-supplier\\\/a403\\\/#listItem\",\"name\":\"A403\"}}]},{\"@type\":\"Organization\",\"@id\":\"https:\\\/\\\/hidalgo.nl\\\/de\\\/#organization\",\"name\":\"Hidalgo\",\"url\":\"https:\\\/\\\/hidalgo.nl\\\/de\\\/\",\"logo\":{\"@type\":\"ImageObject\",\"url\":\"https:\\\/\\\/shop.hidalgo.nl\\\/wp-content\\\/uploads\\\/2025\\\/11\\\/cropped-Hidalgo-est1993.png\",\"@id\":\"https:\\\/\\\/hidalgo.nl\\\/de\\\/product\\\/122664\\\/werkzeugtasche-wki0301-bedrucken-fuer-leitern-robust-one-size\\\/#organizationLogo\",\"width\":585,\"height\":195},\"image\":{\"@id\":\"https:\\\/\\\/hidalgo.nl\\\/de\\\/product\\\/122664\\\/werkzeugtasche-wki0301-bedrucken-fuer-leitern-robust-one-size\\\/#organizationLogo\"}},{\"@type\":\"ProductGroup\",\"@id\":\"https:\\\/\\\/hidalgo.nl\\\/de\\\/product\\\/122664\\\/werkzeugtasche-wki0301-bedrucken-fuer-leitern-robust-one-size\\\/#wooCommerceProduct\",\"name\":\"Werkzeugtasche WKI0301 bedrucken f\\u00fcr Leitern robust One-size\",\"url\":\"https:\\\/\\\/hidalgo.nl\\\/de\\\/product\\\/122664\\\/werkzeugtasche-wki0301-bedrucken-fuer-leitern-robust-one-size\\\/\",\"brand\":{\"@type\":\"Brand\",\"name\":\"WK Designed To Work\"},\"sku\":\"A403-WKI0301\",\"image\":{\"@type\":\"ImageObject\",\"url\":\"https:\\\/\\\/shop.hidalgo.nl\\\/wp-content\\\/uploads\\\/2025\\\/07\\\/8ce63f2c977d0f9a21dd5d7e3eca680f9c112d61959949de3542cb08bbb73714.png\",\"@id\":\"https:\\\/\\\/hidalgo.nl\\\/de\\\/product\\\/122664\\\/werkzeugtasche-wki0301-bedrucken-fuer-leitern-robust-one-size\\\/#productImage\",\"width\":1000,\"height\":934},\"productGroupID\":122664,\"hasVariant\":[{\"@type\":\"Product\",\"@id\":\"https:\\\/\\\/hidalgo.nl\\\/de\\\/product\\\/122664\\\/werkzeugtasche-wki0301-bedrucken-fuer-leitern-robust-one-size\\\/#wooCommerceProduct\",\"name\":\"WKI0301 - Gereedschapstas, aanpasbaar aan draagbare ladders - , light-grey\",\"url\":\"https:\\\/\\\/hidalgo.nl\\\/de\\\/product\\\/122664\\\/werkzeugtasche-wki0301-bedrucken-fuer-leitern-robust-one-size\\\/\",\"sku\":\"A403-WKI0301_76551_76550\",\"gtin\":\"3663938276861\",\"image\":{\"@type\":\"ImageObject\",\"url\":\"https:\\\/\\\/shop.hidalgo.nl\\\/wp-content\\\/uploads\\\/2025\\\/07\\\/8ce63f2c977d0f9a21dd5d7e3eca680f9c112d61959949de3542cb08bbb73714.png\",\"@id\":\"https:\\\/\\\/hidalgo.nl\\\/de\\\/product\\\/122664\\\/werkzeugtasche-wki0301-bedrucken-fuer-leitern-robust-one-size\\\/#productImage\",\"width\":1000,\"height\":934},\"offers\":{\"@type\":\"Offer\",\"url\":\"https:\\\/\\\/hidalgo.nl\\\/de\\\/product\\\/122664\\\/werkzeugtasche-wki0301-bedrucken-fuer-leitern-robust-one-size\\\/#wooCommerceOffer\",\"price\":\"15\",\"priceCurrency\":\"EUR\",\"category\":\"Tassen\",\"availability\":\"https:\\\/\\\/schema.org\\\/InStock\",\"priceSpecification\":{\"@type\":\"PriceSpecification\",\"price\":15,\"priceCurrency\":\"EUR\",\"valueAddedTaxIncluded\":\"true\"}}}]},{\"@type\":\"WebPage\",\"@id\":\"https:\\\/\\\/hidalgo.nl\\\/de\\\/product\\\/122664\\\/werkzeugtasche-wki0301-bedrucken-fuer-leitern-robust-one-size\\\/#webpage\",\"url\":\"https:\\\/\\\/hidalgo.nl\\\/de\\\/product\\\/122664\\\/werkzeugtasche-wki0301-bedrucken-fuer-leitern-robust-one-size\\\/\",\"name\":\"Werkzeugtasche WKI0301 bedrucken f\\u00fcr Leitern robust One-size\",\"description\":\"Mit dem Modell WKI0301 hast du dein Werkzeug auf der Leiter sicher griffbereit: One-size, in Light Grey, mit flacher R\\u00fcckseite & stabiler Befestigung zum Anh\\u00e4ngen. Lass deine robuste Werkzeugtasche bedrucken - ideal f\\u00fcr Handwerker und Ger\\u00fcstbau.\",\"inLanguage\":\"de-DE\",\"isPartOf\":{\"@id\":\"https:\\\/\\\/hidalgo.nl\\\/de\\\/#website\"},\"breadcrumb\":{\"@id\":\"https:\\\/\\\/hidalgo.nl\\\/de\\\/product\\\/122664\\\/werkzeugtasche-wki0301-bedrucken-fuer-leitern-robust-one-size\\\/#breadcrumblist\"},\"image\":{\"@type\":\"ImageObject\",\"url\":\"https:\\\/\\\/shop.hidalgo.nl\\\/wp-content\\\/uploads\\\/2025\\\/07\\\/8ce63f2c977d0f9a21dd5d7e3eca680f9c112d61959949de3542cb08bbb73714.png\",\"@id\":\"https:\\\/\\\/hidalgo.nl\\\/de\\\/product\\\/122664\\\/werkzeugtasche-wki0301-bedrucken-fuer-leitern-robust-one-size\\\/#mainImage\",\"width\":1000,\"height\":934},\"primaryImageOfPage\":{\"@id\":\"https:\\\/\\\/hidalgo.nl\\\/de\\\/product\\\/122664\\\/werkzeugtasche-wki0301-bedrucken-fuer-leitern-robust-one-size\\\/#mainImage\"},\"datePublished\":\"2025-07-07T17:01:41+00:00\",\"dateModified\":\"2026-03-19T20:23:39+00:00\"},{\"@type\":\"WebSite\",\"@id\":\"https:\\\/\\\/hidalgo.nl\\\/de\\\/#website\",\"url\":\"https:\\\/\\\/hidalgo.nl\\\/de\\\/\",\"name\":\"Hidalgo\",\"inLanguage\":\"de-DE\",\"publisher\":{\"@id\":\"https:\\\/\\\/hidalgo.nl\\\/de\\\/#organization\"}}]}\n\t\t<\/script>\n\t\t<!-- All in One SEO Pro -->\r\n\t\t<title>Werkzeugtasche WKI0301 bedrucken f\u00fcr Leitern robust One-size<\/title>\n\n","aioseo_head_json":{"title":"Werkzeugtasche WKI0301 bedrucken f\u00fcr Leitern robust One-size","description":"Mit dem Modell WKI0301 hast du dein Werkzeug auf der Leiter sicher griffbereit: One-size, in Light Grey, mit flacher R\u00fcckseite & stabiler Befestigung zum Anh\u00e4ngen. Lass deine robuste Werkzeugtasche bedrucken - ideal f\u00fcr Handwerker und Ger\u00fcstbau.","canonical_url":"https:\/\/hidalgo.nl\/de\/wp-json\/wp\/v2\/product\/122664","robots":"max-image-preview:large","keywords":"","webmasterTools":{"miscellaneous":""},"schema":{"@context":"https:\/\/schema.org","@graph":[{"@type":"BreadcrumbList","@id":"https:\/\/hidalgo.nl\/de\/product\/122664\/werkzeugtasche-wki0301-bedrucken-fuer-leitern-robust-one-size\/#breadcrumblist","itemListElement":[{"@type":"ListItem","@id":"https:\/\/hidalgo.nl\/de\/#listItem","position":1,"name":"Home","item":"https:\/\/hidalgo.nl\/de\/","nextItem":{"@type":"ListItem","@id":"https:\/\/hidalgo.nl\/example\/#listItem","name":"example"}},{"@type":"ListItem","@id":"https:\/\/hidalgo.nl\/example\/#listItem","position":2,"name":"example","item":"https:\/\/hidalgo.nl\/example\/","nextItem":{"@type":"ListItem","@id":"https:\/\/hidalgo.nl\/en\/product-supplier\/a403\/#listItem","name":"A403"},"previousItem":{"@type":"ListItem","@id":"https:\/\/hidalgo.nl\/de\/#listItem","name":"Home"}},{"@type":"ListItem","@id":"https:\/\/hidalgo.nl\/en\/product-supplier\/a403\/#listItem","position":3,"name":"A403","item":"https:\/\/hidalgo.nl\/en\/product-supplier\/a403\/","nextItem":{"@type":"ListItem","@id":"https:\/\/hidalgo.nl\/de\/product\/122664\/werkzeugtasche-wki0301-bedrucken-fuer-leitern-robust-one-size\/#listItem","name":"WKI0301 &#8211; Gereedschapstas, aanpasbaar aan draagbare ladders"},"previousItem":{"@type":"ListItem","@id":"https:\/\/hidalgo.nl\/example\/#listItem","name":"example"}},{"@type":"ListItem","@id":"https:\/\/hidalgo.nl\/de\/product\/122664\/werkzeugtasche-wki0301-bedrucken-fuer-leitern-robust-one-size\/#listItem","position":4,"name":"WKI0301 &#8211; Gereedschapstas, aanpasbaar aan draagbare ladders","previousItem":{"@type":"ListItem","@id":"https:\/\/hidalgo.nl\/en\/product-supplier\/a403\/#listItem","name":"A403"}}]},{"@type":"Organization","@id":"https:\/\/hidalgo.nl\/de\/#organization","name":"Hidalgo","url":"https:\/\/hidalgo.nl\/de\/","logo":{"@type":"ImageObject","url":"https:\/\/shop.hidalgo.nl\/wp-content\/uploads\/2025\/11\/cropped-Hidalgo-est1993.png","@id":"https:\/\/hidalgo.nl\/de\/product\/122664\/werkzeugtasche-wki0301-bedrucken-fuer-leitern-robust-one-size\/#organizationLogo","width":585,"height":195},"image":{"@id":"https:\/\/hidalgo.nl\/de\/product\/122664\/werkzeugtasche-wki0301-bedrucken-fuer-leitern-robust-one-size\/#organizationLogo"}},{"@type":"ProductGroup","@id":"https:\/\/hidalgo.nl\/de\/product\/122664\/werkzeugtasche-wki0301-bedrucken-fuer-leitern-robust-one-size\/#wooCommerceProduct","name":"Werkzeugtasche WKI0301 bedrucken f\u00fcr Leitern robust One-size","url":"https:\/\/hidalgo.nl\/de\/product\/122664\/werkzeugtasche-wki0301-bedrucken-fuer-leitern-robust-one-size\/","brand":{"@type":"Brand","name":"WK Designed To Work"},"sku":"A403-WKI0301","image":{"@type":"ImageObject","url":"https:\/\/shop.hidalgo.nl\/wp-content\/uploads\/2025\/07\/8ce63f2c977d0f9a21dd5d7e3eca680f9c112d61959949de3542cb08bbb73714.png","@id":"https:\/\/hidalgo.nl\/de\/product\/122664\/werkzeugtasche-wki0301-bedrucken-fuer-leitern-robust-one-size\/#productImage","width":1000,"height":934},"productGroupID":122664,"hasVariant":[{"@type":"Product","@id":"https:\/\/hidalgo.nl\/de\/product\/122664\/werkzeugtasche-wki0301-bedrucken-fuer-leitern-robust-one-size\/#wooCommerceProduct","name":"WKI0301 - Gereedschapstas, aanpasbaar aan draagbare ladders - , light-grey","url":"https:\/\/hidalgo.nl\/de\/product\/122664\/werkzeugtasche-wki0301-bedrucken-fuer-leitern-robust-one-size\/","sku":"A403-WKI0301_76551_76550","gtin":"3663938276861","image":{"@type":"ImageObject","url":"https:\/\/shop.hidalgo.nl\/wp-content\/uploads\/2025\/07\/8ce63f2c977d0f9a21dd5d7e3eca680f9c112d61959949de3542cb08bbb73714.png","@id":"https:\/\/hidalgo.nl\/de\/product\/122664\/werkzeugtasche-wki0301-bedrucken-fuer-leitern-robust-one-size\/#productImage","width":1000,"height":934},"offers":{"@type":"Offer","url":"https:\/\/hidalgo.nl\/de\/product\/122664\/werkzeugtasche-wki0301-bedrucken-fuer-leitern-robust-one-size\/#wooCommerceOffer","price":"15","priceCurrency":"EUR","category":"Tassen","availability":"https:\/\/schema.org\/InStock","priceSpecification":{"@type":"PriceSpecification","price":15,"priceCurrency":"EUR","valueAddedTaxIncluded":"true"}}}]},{"@type":"WebPage","@id":"https:\/\/hidalgo.nl\/de\/product\/122664\/werkzeugtasche-wki0301-bedrucken-fuer-leitern-robust-one-size\/#webpage","url":"https:\/\/hidalgo.nl\/de\/product\/122664\/werkzeugtasche-wki0301-bedrucken-fuer-leitern-robust-one-size\/","name":"Werkzeugtasche WKI0301 bedrucken f\u00fcr Leitern robust One-size","description":"Mit dem Modell WKI0301 hast du dein Werkzeug auf der Leiter sicher griffbereit: One-size, in Light Grey, mit flacher R\u00fcckseite & stabiler Befestigung zum Anh\u00e4ngen. Lass deine robuste Werkzeugtasche bedrucken - ideal f\u00fcr Handwerker und Ger\u00fcstbau.","inLanguage":"de-DE","isPartOf":{"@id":"https:\/\/hidalgo.nl\/de\/#website"},"breadcrumb":{"@id":"https:\/\/hidalgo.nl\/de\/product\/122664\/werkzeugtasche-wki0301-bedrucken-fuer-leitern-robust-one-size\/#breadcrumblist"},"image":{"@type":"ImageObject","url":"https:\/\/shop.hidalgo.nl\/wp-content\/uploads\/2025\/07\/8ce63f2c977d0f9a21dd5d7e3eca680f9c112d61959949de3542cb08bbb73714.png","@id":"https:\/\/hidalgo.nl\/de\/product\/122664\/werkzeugtasche-wki0301-bedrucken-fuer-leitern-robust-one-size\/#mainImage","width":1000,"height":934},"primaryImageOfPage":{"@id":"https:\/\/hidalgo.nl\/de\/product\/122664\/werkzeugtasche-wki0301-bedrucken-fuer-leitern-robust-one-size\/#mainImage"},"datePublished":"2025-07-07T17:01:41+00:00","dateModified":"2026-03-19T20:23:39+00:00"},{"@type":"WebSite","@id":"https:\/\/hidalgo.nl\/de\/#website","url":"https:\/\/hidalgo.nl\/de\/","name":"Hidalgo","inLanguage":"de-DE","publisher":{"@id":"https:\/\/hidalgo.nl\/de\/#organization"}}]},"og:locale":"de_DE","og:site_name":"Hidalgo -","og:type":"article","og:title":"Werkzeugtasche WKI0301 bedrucken f\u00fcr Leitern robust One-size","og:description":"Mit dem Modell WKI0301 hast du dein Werkzeug auf der Leiter sicher griffbereit: One-size, in Light Grey, mit flacher R\u00fcckseite &amp; stabiler Befestigung zum Anh\u00e4ngen. Lass deine robuste Werkzeugtasche bedrucken - ideal f\u00fcr Handwerker und Ger\u00fcstbau.","og:url":"https:\/\/hidalgo.nl\/de\/wp-json\/wp\/v2\/product\/122664","og:image":"https:\/\/shop.hidalgo.nl\/wp-content\/uploads\/2025\/11\/cropped-Hidalgo-est1993.png","og:image:secure_url":"https:\/\/shop.hidalgo.nl\/wp-content\/uploads\/2025\/11\/cropped-Hidalgo-est1993.png","article:published_time":"2025-07-07T17:01:41+00:00","article:modified_time":"2026-03-19T20:23:39+00:00","twitter:card":"summary_large_image","twitter:title":"Werkzeugtasche WKI0301 bedrucken f\u00fcr Leitern robust One-size","twitter:description":"Mit dem Modell WKI0301 hast du dein Werkzeug auf der Leiter sicher griffbereit: One-size, in Light Grey, mit flacher R\u00fcckseite &amp; stabiler Befestigung zum Anh\u00e4ngen. Lass deine robuste Werkzeugtasche bedrucken - ideal f\u00fcr Handwerker und Ger\u00fcstbau.","twitter:image":"https:\/\/shop.hidalgo.nl\/wp-content\/uploads\/2025\/11\/cropped-Hidalgo-est1993.png"},"aioseo_meta_data":{"post_id":"122664","title":null,"description":null,"keywords":null,"keyphrases":null,"primary_term":null,"canonical_url":null,"og_title":null,"og_description":null,"og_object_type":"default","og_image_type":"default","og_image_url":null,"og_image_width":null,"og_image_height":null,"og_image_custom_url":null,"og_image_custom_fields":null,"og_video":null,"og_custom_url":null,"og_article_section":null,"og_article_tags":null,"twitter_use_og":false,"twitter_card":"default","twitter_image_type":"default","twitter_image_url":null,"twitter_image_custom_url":null,"twitter_image_custom_fields":null,"twitter_title":null,"twitter_description":null,"schema":{"blockGraphs":[],"customGraphs":[],"default":{"data":{"Article":[],"Course":[],"Dataset":[],"FAQPage":[],"Movie":[],"Person":[],"Product":[],"ProductReview":[],"Car":[],"Recipe":[],"Service":[],"SoftwareApplication":[],"WebPage":[]},"graphName":"","isEnabled":true},"graphs":[]},"schema_type":"default","schema_type_options":null,"pillar_content":false,"robots_default":true,"robots_noindex":false,"robots_noarchive":false,"robots_nosnippet":false,"robots_nofollow":false,"robots_noimageindex":false,"robots_noodp":false,"robots_notranslate":false,"robots_max_snippet":null,"robots_max_videopreview":null,"robots_max_imagepreview":"large","priority":null,"frequency":null,"local_seo":null,"seo_analyzer_scan_date":"2026-01-21 15:28:11","breadcrumb_settings":null,"limit_modified_date":false,"reviewed_by":null,"open_ai":null,"ai":null,"created":"2026-01-14 06:25:37","updated":"2026-04-22 22:59:50"},"aioseo_breadcrumb":"<div class=\"aioseo-breadcrumbs\"><span class=\"aioseo-breadcrumb\">\n\t<a href=\"https:\/\/hidalgo.nl\/de\/\" title=\"Home\">Home<\/a>\n<\/span><span class=\"aioseo-breadcrumb-separator\">\u00bb<\/span><span class=\"aioseo-breadcrumb\">\n\t<a href=\"https:\/\/hidalgo.nl\/example\/\" title=\"example\">example<\/a>\n<\/span><span class=\"aioseo-breadcrumb-separator\">\u00bb<\/span><span class=\"aioseo-breadcrumb\">\n\t<a href=\"https:\/\/hidalgo.nl\/en\/product-supplier\/a403\/\" title=\"A403\">A403<\/a>\n<\/span><span class=\"aioseo-breadcrumb-separator\">\u00bb<\/span><span class=\"aioseo-breadcrumb\">\n\tWKI0301 \u2013 Gereedschapstas, aanpasbaar aan draagbare ladders\n<\/span><\/div>","aioseo_breadcrumb_json":[{"label":"Home","link":"https:\/\/hidalgo.nl\/de\/"},{"label":"example","link":"https:\/\/hidalgo.nl\/example\/"},{"label":"A403","link":"https:\/\/hidalgo.nl\/en\/product-supplier\/a403\/"},{"label":"WKI0301 &#8211; Gereedschapstas, aanpasbaar aan draagbare ladders","link":"https:\/\/hidalgo.nl\/de\/product\/122664\/werkzeugtasche-wki0301-bedrucken-fuer-leitern-robust-one-size\/"}],"_links":{"self":[{"href":"https:\/\/hidalgo.nl\/de\/wp-json\/wp\/v2\/product\/122664","targetHints":{"allow":["GET"]}}],"collection":[{"href":"https:\/\/hidalgo.nl\/de\/wp-json\/wp\/v2\/product"}],"about":[{"href":"https:\/\/hidalgo.nl\/de\/wp-json\/wp\/v2\/types\/product"}],"wp:featuredmedia":[{"embeddable":true,"href":"https:\/\/hidalgo.nl\/de\/wp-json\/wp\/v2\/media\/122667"}],"wp:attachment":[{"href":"https:\/\/hidalgo.nl\/de\/wp-json\/wp\/v2\/media?parent=122664"}],"wp:term":[{"taxonomy":"product_brand","embeddable":true,"href":"https:\/\/hidalgo.nl\/de\/wp-json\/wp\/v2\/product_brand?post=122664"},{"taxonomy":"product_cat","embeddable":true,"href":"https:\/\/hidalgo.nl\/de\/wp-json\/wp\/v2\/product_cat?post=122664"},{"taxonomy":"product_tag","embeddable":true,"href":"https:\/\/hidalgo.nl\/de\/wp-json\/wp\/v2\/product_tag?post=122664"}],"curies":[{"name":"wp","href":"https:\/\/api.w.org\/{rel}","templated":true}]}}