{"id":122652,"date":"2025-07-07T17:01:21","date_gmt":"2025-07-07T17:01:21","guid":{"rendered":"http:\/\/bidonsenshakers.pim.hidalgo.nl\/product\/wki0101-rugzak-voor-gereedschap-en-laptop\/"},"modified":"2026-03-19T20:23:07","modified_gmt":"2026-03-19T20:23:07","slug":"wki0101-rugzak-voor-gereedschap-en-laptop","status":"publish","type":"product","link":"https:\/\/hidalgo.nl\/de\/product\/122652\/werkzeugrucksack-bedrucken-wasserdicht-laptopfach-one-size\/","title":{"rendered":"WKI0101 &#8211; Rugzak voor gereedschap en laptop"},"content":{"rendered":"<p>100% polyester. Rugzak met verstevigde structuur om gereedschap overal mee naartoe te nemen. In waterdicht materiaal. Gewatteerd laptopvak met verstevigde zijstructuur. Gewatteerde schouderbanden, verstevigd met een harde band, om het gewicht van het gereedschap te kunnen dragen. Binnenpaneel met vakken voor het gereedschap. Binnenzak van materiaal dat werd versterkt met een tricotstructuur om kwetsbaar maar scherp gereedschap in te vervoeren. Grote, 100% personaliseerbare zak aan de voorkant. Bovenaan een handgreep met veiligheidsnaden om de volle rugzak probleemloos aan op te tillen. Zijzakken<\/p>\n","protected":false},"excerpt":{"rendered":"<p>100% polyester. Rugzak met verstevigde structuur om gereedschap overal mee naartoe te nemen. In waterdicht materiaal. Gewatteerd laptopvak met verstevigde zijstructuur. Gewatteerde schouderbanden, verstevigd met een harde band, om het gewicht van het gereedschap te kunnen dragen. Binnenpaneel met vakken voor het gereedschap. Binnenzak van materiaal dat werd versterkt met een tricotstructuur om kwetsbaar maar&hellip; <a class=\"more-link\" href=\"https:\/\/hidalgo.nl\/de\/product\/122652\/werkzeugrucksack-bedrucken-wasserdicht-laptopfach-one-size\/\"><span class=\"screen-reader-text\">WKI0101 &#8211; Rugzak voor gereedschap en laptop<\/span> weiterlesen<\/a><\/p>\n","protected":false},"featured_media":122655,"template":"","meta":{"_acf_changed":false,"om_disable_all_campaigns":false,"_monsterinsights_skip_tracking":false,"_monsterinsights_sitenote_active":false,"_monsterinsights_sitenote_note":"","_monsterinsights_sitenote_category":0},"product_brand":[1784],"product_cat":[4988,4713],"product_tag":[],"class_list":{"0":"post-122652","1":"product","2":"type-product","3":"status-publish","4":"has-post-thumbnail","6":"product_supplier-a403","7":"product_material-polyester","8":"product_brand-wk-designed-to-work","9":"product_cat-tassen-gereedschaps-tassen","10":"product_cat-tassen","11":"entry","13":"first","14":"instock","15":"taxable","16":"shipping-taxable","17":"purchasable","18":"product-type-variable"},"acf":{"imprint_cost":[{"imprint_cost_key":"33483b79de35c41f6a5968127e3727b83ce2fe0b","product_quantity_price_range":[{"imprint_cost_recommended_selling_price":"0","imprint_cost_recommended_selling_quantity":"1"}],"product_quantity_price_range_buying":false,"imprint_cost_setup_costs":"","imprint_cost_handling_costs":""}]},"aioseo_notices":[],"aioseo_head":"\n\t\t<!-- All in One SEO Pro 4.9.6.2 - aioseo.com -->\n\t<meta name=\"description\" content=\"F\u00fcr Au\u00dfendienst und Baustelle: ein Werkzeugrucksack wasserdicht mit Laptopfach, stabil, mit viel Stauraum und gepolsterten Tr\u00e4gern in One-size. Bei Hidalgo kannst du den Rucksack mit deinem Firmenlogo bedrucken lassen - ideal f\u00fcr Techniker und Handwerker, die t\u00e4glich Ordnung &amp; Schutz brauchen.\" \/>\n\t<meta name=\"robots\" content=\"max-image-preview:large\" \/>\n\t<link rel=\"canonical\" href=\"https:\/\/hidalgo.nl\/de\/wp-json\/wp\/v2\/product\/122652\" \/>\n\t<meta name=\"generator\" content=\"All in One SEO Pro (AIOSEO) 4.9.6.2\" \/>\n\t\t<meta property=\"og:locale\" content=\"de_DE\" \/>\n\t\t<meta property=\"og:site_name\" content=\"Hidalgo -\" \/>\n\t\t<meta property=\"og:type\" content=\"article\" \/>\n\t\t<meta property=\"og:title\" content=\"Werkzeugrucksack bedrucken wasserdicht Laptopfach One-size\" \/>\n\t\t<meta property=\"og:description\" content=\"F\u00fcr Au\u00dfendienst und Baustelle: ein Werkzeugrucksack wasserdicht mit Laptopfach, stabil, mit viel Stauraum und gepolsterten Tr\u00e4gern in One-size. Bei Hidalgo kannst du den Rucksack mit deinem Firmenlogo bedrucken lassen - ideal f\u00fcr Techniker und Handwerker, die t\u00e4glich Ordnung &amp; Schutz brauchen.\" \/>\n\t\t<meta property=\"og:url\" content=\"https:\/\/hidalgo.nl\/de\/wp-json\/wp\/v2\/product\/122652\" \/>\n\t\t<meta property=\"og:image\" content=\"https:\/\/shop.hidalgo.nl\/wp-content\/uploads\/2025\/11\/cropped-Hidalgo-est1993.png\" \/>\n\t\t<meta property=\"og:image:secure_url\" content=\"https:\/\/shop.hidalgo.nl\/wp-content\/uploads\/2025\/11\/cropped-Hidalgo-est1993.png\" \/>\n\t\t<meta property=\"article:published_time\" content=\"2025-07-07T17:01:21+00:00\" \/>\n\t\t<meta property=\"article:modified_time\" content=\"2026-03-19T20:23:07+00:00\" \/>\n\t\t<meta name=\"twitter:card\" content=\"summary_large_image\" \/>\n\t\t<meta name=\"twitter:title\" content=\"Werkzeugrucksack bedrucken wasserdicht Laptopfach One-size\" \/>\n\t\t<meta name=\"twitter:description\" content=\"F\u00fcr Au\u00dfendienst und Baustelle: ein Werkzeugrucksack wasserdicht mit Laptopfach, stabil, mit viel Stauraum und gepolsterten Tr\u00e4gern in One-size. Bei Hidalgo kannst du den Rucksack mit deinem Firmenlogo bedrucken lassen - ideal f\u00fcr Techniker und Handwerker, die t\u00e4glich Ordnung &amp; Schutz brauchen.\" \/>\n\t\t<meta name=\"twitter:image\" content=\"https:\/\/shop.hidalgo.nl\/wp-content\/uploads\/2025\/11\/cropped-Hidalgo-est1993.png\" \/>\n\t\t<script type=\"application\/ld+json\" class=\"aioseo-schema\">\n\t\t\t{\"@context\":\"https:\\\/\\\/schema.org\",\"@graph\":[{\"@type\":\"BreadcrumbList\",\"@id\":\"https:\\\/\\\/hidalgo.nl\\\/de\\\/product\\\/122652\\\/werkzeugrucksack-bedrucken-wasserdicht-laptopfach-one-size\\\/#breadcrumblist\",\"itemListElement\":[{\"@type\":\"ListItem\",\"@id\":\"https:\\\/\\\/hidalgo.nl\\\/de\\\/#listItem\",\"position\":1,\"name\":\"Home\",\"item\":\"https:\\\/\\\/hidalgo.nl\\\/de\\\/\",\"nextItem\":{\"@type\":\"ListItem\",\"@id\":\"https:\\\/\\\/hidalgo.nl\\\/example\\\/#listItem\",\"name\":\"example\"}},{\"@type\":\"ListItem\",\"@id\":\"https:\\\/\\\/hidalgo.nl\\\/example\\\/#listItem\",\"position\":2,\"name\":\"example\",\"item\":\"https:\\\/\\\/hidalgo.nl\\\/example\\\/\",\"nextItem\":{\"@type\":\"ListItem\",\"@id\":\"https:\\\/\\\/hidalgo.nl\\\/en\\\/product-supplier\\\/a403\\\/#listItem\",\"name\":\"A403\"},\"previousItem\":{\"@type\":\"ListItem\",\"@id\":\"https:\\\/\\\/hidalgo.nl\\\/de\\\/#listItem\",\"name\":\"Home\"}},{\"@type\":\"ListItem\",\"@id\":\"https:\\\/\\\/hidalgo.nl\\\/en\\\/product-supplier\\\/a403\\\/#listItem\",\"position\":3,\"name\":\"A403\",\"item\":\"https:\\\/\\\/hidalgo.nl\\\/en\\\/product-supplier\\\/a403\\\/\",\"nextItem\":{\"@type\":\"ListItem\",\"@id\":\"https:\\\/\\\/hidalgo.nl\\\/de\\\/product\\\/122652\\\/werkzeugrucksack-bedrucken-wasserdicht-laptopfach-one-size\\\/#listItem\",\"name\":\"WKI0101 &#8211; Rugzak voor gereedschap en laptop\"},\"previousItem\":{\"@type\":\"ListItem\",\"@id\":\"https:\\\/\\\/hidalgo.nl\\\/example\\\/#listItem\",\"name\":\"example\"}},{\"@type\":\"ListItem\",\"@id\":\"https:\\\/\\\/hidalgo.nl\\\/de\\\/product\\\/122652\\\/werkzeugrucksack-bedrucken-wasserdicht-laptopfach-one-size\\\/#listItem\",\"position\":4,\"name\":\"WKI0101 &#8211; Rugzak voor gereedschap en laptop\",\"previousItem\":{\"@type\":\"ListItem\",\"@id\":\"https:\\\/\\\/hidalgo.nl\\\/en\\\/product-supplier\\\/a403\\\/#listItem\",\"name\":\"A403\"}}]},{\"@type\":\"Organization\",\"@id\":\"https:\\\/\\\/hidalgo.nl\\\/de\\\/#organization\",\"name\":\"Hidalgo\",\"url\":\"https:\\\/\\\/hidalgo.nl\\\/de\\\/\",\"logo\":{\"@type\":\"ImageObject\",\"url\":\"https:\\\/\\\/shop.hidalgo.nl\\\/wp-content\\\/uploads\\\/2025\\\/11\\\/cropped-Hidalgo-est1993.png\",\"@id\":\"https:\\\/\\\/hidalgo.nl\\\/de\\\/product\\\/122652\\\/werkzeugrucksack-bedrucken-wasserdicht-laptopfach-one-size\\\/#organizationLogo\",\"width\":585,\"height\":195},\"image\":{\"@id\":\"https:\\\/\\\/hidalgo.nl\\\/de\\\/product\\\/122652\\\/werkzeugrucksack-bedrucken-wasserdicht-laptopfach-one-size\\\/#organizationLogo\"}},{\"@type\":\"ProductGroup\",\"@id\":\"https:\\\/\\\/hidalgo.nl\\\/de\\\/product\\\/122652\\\/werkzeugrucksack-bedrucken-wasserdicht-laptopfach-one-size\\\/#wooCommerceProduct\",\"name\":\"Werkzeugrucksack bedrucken wasserdicht Laptopfach One-size\",\"url\":\"https:\\\/\\\/hidalgo.nl\\\/de\\\/product\\\/122652\\\/werkzeugrucksack-bedrucken-wasserdicht-laptopfach-one-size\\\/\",\"brand\":{\"@type\":\"Brand\",\"name\":\"WK Designed To Work\"},\"sku\":\"A403-WKI0101\",\"image\":{\"@type\":\"ImageObject\",\"url\":\"https:\\\/\\\/shop.hidalgo.nl\\\/wp-content\\\/uploads\\\/2025\\\/07\\\/c4f26e48a09c009e9f8230b3d3637631f8ce9be95cc12034285fe82e1999b2cb.png\",\"@id\":\"https:\\\/\\\/hidalgo.nl\\\/de\\\/product\\\/122652\\\/werkzeugrucksack-bedrucken-wasserdicht-laptopfach-one-size\\\/#productImage\",\"width\":1000,\"height\":934},\"productGroupID\":122652,\"hasVariant\":[{\"@type\":\"Product\",\"@id\":\"https:\\\/\\\/hidalgo.nl\\\/de\\\/product\\\/122652\\\/werkzeugrucksack-bedrucken-wasserdicht-laptopfach-one-size\\\/#wooCommerceProduct\",\"name\":\"WKI0101 - Rugzak voor gereedschap en laptop - , red\",\"url\":\"https:\\\/\\\/hidalgo.nl\\\/de\\\/product\\\/122652\\\/werkzeugrucksack-bedrucken-wasserdicht-laptopfach-one-size\\\/\",\"sku\":\"A403-WKI0101_76549_76548\",\"gtin\":\"3663938276854\",\"image\":{\"@type\":\"ImageObject\",\"url\":\"https:\\\/\\\/shop.hidalgo.nl\\\/wp-content\\\/uploads\\\/2025\\\/07\\\/c4f26e48a09c009e9f8230b3d3637631f8ce9be95cc12034285fe82e1999b2cb.png\",\"@id\":\"https:\\\/\\\/hidalgo.nl\\\/de\\\/product\\\/122652\\\/werkzeugrucksack-bedrucken-wasserdicht-laptopfach-one-size\\\/#productImage\",\"width\":1000,\"height\":934},\"offers\":{\"@type\":\"Offer\",\"url\":\"https:\\\/\\\/hidalgo.nl\\\/de\\\/product\\\/122652\\\/werkzeugrucksack-bedrucken-wasserdicht-laptopfach-one-size\\\/#wooCommerceOffer\",\"price\":\"49.08\",\"priceCurrency\":\"EUR\",\"category\":\"Tassen\",\"availability\":\"https:\\\/\\\/schema.org\\\/InStock\",\"priceSpecification\":{\"@type\":\"PriceSpecification\",\"price\":49.08,\"priceCurrency\":\"EUR\",\"valueAddedTaxIncluded\":\"true\"}}}]},{\"@type\":\"WebPage\",\"@id\":\"https:\\\/\\\/hidalgo.nl\\\/de\\\/product\\\/122652\\\/werkzeugrucksack-bedrucken-wasserdicht-laptopfach-one-size\\\/#webpage\",\"url\":\"https:\\\/\\\/hidalgo.nl\\\/de\\\/product\\\/122652\\\/werkzeugrucksack-bedrucken-wasserdicht-laptopfach-one-size\\\/\",\"name\":\"Werkzeugrucksack bedrucken wasserdicht Laptopfach One-size\",\"description\":\"F\\u00fcr Au\\u00dfendienst und Baustelle: ein Werkzeugrucksack wasserdicht mit Laptopfach, stabil, mit viel Stauraum und gepolsterten Tr\\u00e4gern in One-size. Bei Hidalgo kannst du den Rucksack mit deinem Firmenlogo bedrucken lassen - ideal f\\u00fcr Techniker und Handwerker, die t\\u00e4glich Ordnung & Schutz brauchen.\",\"inLanguage\":\"de-DE\",\"isPartOf\":{\"@id\":\"https:\\\/\\\/hidalgo.nl\\\/de\\\/#website\"},\"breadcrumb\":{\"@id\":\"https:\\\/\\\/hidalgo.nl\\\/de\\\/product\\\/122652\\\/werkzeugrucksack-bedrucken-wasserdicht-laptopfach-one-size\\\/#breadcrumblist\"},\"image\":{\"@type\":\"ImageObject\",\"url\":\"https:\\\/\\\/shop.hidalgo.nl\\\/wp-content\\\/uploads\\\/2025\\\/07\\\/c4f26e48a09c009e9f8230b3d3637631f8ce9be95cc12034285fe82e1999b2cb.png\",\"@id\":\"https:\\\/\\\/hidalgo.nl\\\/de\\\/product\\\/122652\\\/werkzeugrucksack-bedrucken-wasserdicht-laptopfach-one-size\\\/#mainImage\",\"width\":1000,\"height\":934},\"primaryImageOfPage\":{\"@id\":\"https:\\\/\\\/hidalgo.nl\\\/de\\\/product\\\/122652\\\/werkzeugrucksack-bedrucken-wasserdicht-laptopfach-one-size\\\/#mainImage\"},\"datePublished\":\"2025-07-07T17:01:21+00:00\",\"dateModified\":\"2026-03-19T20:23:07+00:00\"},{\"@type\":\"WebSite\",\"@id\":\"https:\\\/\\\/hidalgo.nl\\\/de\\\/#website\",\"url\":\"https:\\\/\\\/hidalgo.nl\\\/de\\\/\",\"name\":\"Hidalgo\",\"inLanguage\":\"de-DE\",\"publisher\":{\"@id\":\"https:\\\/\\\/hidalgo.nl\\\/de\\\/#organization\"}}]}\n\t\t<\/script>\n\t\t<!-- All in One SEO Pro -->\r\n\t\t<title>Werkzeugrucksack bedrucken wasserdicht Laptopfach One-size<\/title>\n\n","aioseo_head_json":{"title":"Werkzeugrucksack bedrucken wasserdicht Laptopfach One-size","description":"F\u00fcr Au\u00dfendienst und Baustelle: ein Werkzeugrucksack wasserdicht mit Laptopfach, stabil, mit viel Stauraum und gepolsterten Tr\u00e4gern in One-size. Bei Hidalgo kannst du den Rucksack mit deinem Firmenlogo bedrucken lassen - ideal f\u00fcr Techniker und Handwerker, die t\u00e4glich Ordnung & Schutz brauchen.","canonical_url":"https:\/\/hidalgo.nl\/de\/wp-json\/wp\/v2\/product\/122652","robots":"max-image-preview:large","keywords":"","webmasterTools":{"miscellaneous":""},"schema":{"@context":"https:\/\/schema.org","@graph":[{"@type":"BreadcrumbList","@id":"https:\/\/hidalgo.nl\/de\/product\/122652\/werkzeugrucksack-bedrucken-wasserdicht-laptopfach-one-size\/#breadcrumblist","itemListElement":[{"@type":"ListItem","@id":"https:\/\/hidalgo.nl\/de\/#listItem","position":1,"name":"Home","item":"https:\/\/hidalgo.nl\/de\/","nextItem":{"@type":"ListItem","@id":"https:\/\/hidalgo.nl\/example\/#listItem","name":"example"}},{"@type":"ListItem","@id":"https:\/\/hidalgo.nl\/example\/#listItem","position":2,"name":"example","item":"https:\/\/hidalgo.nl\/example\/","nextItem":{"@type":"ListItem","@id":"https:\/\/hidalgo.nl\/en\/product-supplier\/a403\/#listItem","name":"A403"},"previousItem":{"@type":"ListItem","@id":"https:\/\/hidalgo.nl\/de\/#listItem","name":"Home"}},{"@type":"ListItem","@id":"https:\/\/hidalgo.nl\/en\/product-supplier\/a403\/#listItem","position":3,"name":"A403","item":"https:\/\/hidalgo.nl\/en\/product-supplier\/a403\/","nextItem":{"@type":"ListItem","@id":"https:\/\/hidalgo.nl\/de\/product\/122652\/werkzeugrucksack-bedrucken-wasserdicht-laptopfach-one-size\/#listItem","name":"WKI0101 &#8211; Rugzak voor gereedschap en laptop"},"previousItem":{"@type":"ListItem","@id":"https:\/\/hidalgo.nl\/example\/#listItem","name":"example"}},{"@type":"ListItem","@id":"https:\/\/hidalgo.nl\/de\/product\/122652\/werkzeugrucksack-bedrucken-wasserdicht-laptopfach-one-size\/#listItem","position":4,"name":"WKI0101 &#8211; Rugzak voor gereedschap en laptop","previousItem":{"@type":"ListItem","@id":"https:\/\/hidalgo.nl\/en\/product-supplier\/a403\/#listItem","name":"A403"}}]},{"@type":"Organization","@id":"https:\/\/hidalgo.nl\/de\/#organization","name":"Hidalgo","url":"https:\/\/hidalgo.nl\/de\/","logo":{"@type":"ImageObject","url":"https:\/\/shop.hidalgo.nl\/wp-content\/uploads\/2025\/11\/cropped-Hidalgo-est1993.png","@id":"https:\/\/hidalgo.nl\/de\/product\/122652\/werkzeugrucksack-bedrucken-wasserdicht-laptopfach-one-size\/#organizationLogo","width":585,"height":195},"image":{"@id":"https:\/\/hidalgo.nl\/de\/product\/122652\/werkzeugrucksack-bedrucken-wasserdicht-laptopfach-one-size\/#organizationLogo"}},{"@type":"ProductGroup","@id":"https:\/\/hidalgo.nl\/de\/product\/122652\/werkzeugrucksack-bedrucken-wasserdicht-laptopfach-one-size\/#wooCommerceProduct","name":"Werkzeugrucksack bedrucken wasserdicht Laptopfach One-size","url":"https:\/\/hidalgo.nl\/de\/product\/122652\/werkzeugrucksack-bedrucken-wasserdicht-laptopfach-one-size\/","brand":{"@type":"Brand","name":"WK Designed To Work"},"sku":"A403-WKI0101","image":{"@type":"ImageObject","url":"https:\/\/shop.hidalgo.nl\/wp-content\/uploads\/2025\/07\/c4f26e48a09c009e9f8230b3d3637631f8ce9be95cc12034285fe82e1999b2cb.png","@id":"https:\/\/hidalgo.nl\/de\/product\/122652\/werkzeugrucksack-bedrucken-wasserdicht-laptopfach-one-size\/#productImage","width":1000,"height":934},"productGroupID":122652,"hasVariant":[{"@type":"Product","@id":"https:\/\/hidalgo.nl\/de\/product\/122652\/werkzeugrucksack-bedrucken-wasserdicht-laptopfach-one-size\/#wooCommerceProduct","name":"WKI0101 - Rugzak voor gereedschap en laptop - , red","url":"https:\/\/hidalgo.nl\/de\/product\/122652\/werkzeugrucksack-bedrucken-wasserdicht-laptopfach-one-size\/","sku":"A403-WKI0101_76549_76548","gtin":"3663938276854","image":{"@type":"ImageObject","url":"https:\/\/shop.hidalgo.nl\/wp-content\/uploads\/2025\/07\/c4f26e48a09c009e9f8230b3d3637631f8ce9be95cc12034285fe82e1999b2cb.png","@id":"https:\/\/hidalgo.nl\/de\/product\/122652\/werkzeugrucksack-bedrucken-wasserdicht-laptopfach-one-size\/#productImage","width":1000,"height":934},"offers":{"@type":"Offer","url":"https:\/\/hidalgo.nl\/de\/product\/122652\/werkzeugrucksack-bedrucken-wasserdicht-laptopfach-one-size\/#wooCommerceOffer","price":"49.08","priceCurrency":"EUR","category":"Tassen","availability":"https:\/\/schema.org\/InStock","priceSpecification":{"@type":"PriceSpecification","price":49.08,"priceCurrency":"EUR","valueAddedTaxIncluded":"true"}}}]},{"@type":"WebPage","@id":"https:\/\/hidalgo.nl\/de\/product\/122652\/werkzeugrucksack-bedrucken-wasserdicht-laptopfach-one-size\/#webpage","url":"https:\/\/hidalgo.nl\/de\/product\/122652\/werkzeugrucksack-bedrucken-wasserdicht-laptopfach-one-size\/","name":"Werkzeugrucksack bedrucken wasserdicht Laptopfach One-size","description":"F\u00fcr Au\u00dfendienst und Baustelle: ein Werkzeugrucksack wasserdicht mit Laptopfach, stabil, mit viel Stauraum und gepolsterten Tr\u00e4gern in One-size. Bei Hidalgo kannst du den Rucksack mit deinem Firmenlogo bedrucken lassen - ideal f\u00fcr Techniker und Handwerker, die t\u00e4glich Ordnung & Schutz brauchen.","inLanguage":"de-DE","isPartOf":{"@id":"https:\/\/hidalgo.nl\/de\/#website"},"breadcrumb":{"@id":"https:\/\/hidalgo.nl\/de\/product\/122652\/werkzeugrucksack-bedrucken-wasserdicht-laptopfach-one-size\/#breadcrumblist"},"image":{"@type":"ImageObject","url":"https:\/\/shop.hidalgo.nl\/wp-content\/uploads\/2025\/07\/c4f26e48a09c009e9f8230b3d3637631f8ce9be95cc12034285fe82e1999b2cb.png","@id":"https:\/\/hidalgo.nl\/de\/product\/122652\/werkzeugrucksack-bedrucken-wasserdicht-laptopfach-one-size\/#mainImage","width":1000,"height":934},"primaryImageOfPage":{"@id":"https:\/\/hidalgo.nl\/de\/product\/122652\/werkzeugrucksack-bedrucken-wasserdicht-laptopfach-one-size\/#mainImage"},"datePublished":"2025-07-07T17:01:21+00:00","dateModified":"2026-03-19T20:23:07+00:00"},{"@type":"WebSite","@id":"https:\/\/hidalgo.nl\/de\/#website","url":"https:\/\/hidalgo.nl\/de\/","name":"Hidalgo","inLanguage":"de-DE","publisher":{"@id":"https:\/\/hidalgo.nl\/de\/#organization"}}]},"og:locale":"de_DE","og:site_name":"Hidalgo -","og:type":"article","og:title":"Werkzeugrucksack bedrucken wasserdicht Laptopfach One-size","og:description":"F\u00fcr Au\u00dfendienst und Baustelle: ein Werkzeugrucksack wasserdicht mit Laptopfach, stabil, mit viel Stauraum und gepolsterten Tr\u00e4gern in One-size. Bei Hidalgo kannst du den Rucksack mit deinem Firmenlogo bedrucken lassen - ideal f\u00fcr Techniker und Handwerker, die t\u00e4glich Ordnung &amp; Schutz brauchen.","og:url":"https:\/\/hidalgo.nl\/de\/wp-json\/wp\/v2\/product\/122652","og:image":"https:\/\/shop.hidalgo.nl\/wp-content\/uploads\/2025\/11\/cropped-Hidalgo-est1993.png","og:image:secure_url":"https:\/\/shop.hidalgo.nl\/wp-content\/uploads\/2025\/11\/cropped-Hidalgo-est1993.png","article:published_time":"2025-07-07T17:01:21+00:00","article:modified_time":"2026-03-19T20:23:07+00:00","twitter:card":"summary_large_image","twitter:title":"Werkzeugrucksack bedrucken wasserdicht Laptopfach One-size","twitter:description":"F\u00fcr Au\u00dfendienst und Baustelle: ein Werkzeugrucksack wasserdicht mit Laptopfach, stabil, mit viel Stauraum und gepolsterten Tr\u00e4gern in One-size. Bei Hidalgo kannst du den Rucksack mit deinem Firmenlogo bedrucken lassen - ideal f\u00fcr Techniker und Handwerker, die t\u00e4glich Ordnung &amp; Schutz brauchen.","twitter:image":"https:\/\/shop.hidalgo.nl\/wp-content\/uploads\/2025\/11\/cropped-Hidalgo-est1993.png"},"aioseo_meta_data":{"post_id":"122652","title":null,"description":null,"keywords":null,"keyphrases":null,"primary_term":null,"canonical_url":null,"og_title":null,"og_description":null,"og_object_type":"default","og_image_type":"default","og_image_url":null,"og_image_width":null,"og_image_height":null,"og_image_custom_url":null,"og_image_custom_fields":null,"og_video":null,"og_custom_url":null,"og_article_section":null,"og_article_tags":null,"twitter_use_og":false,"twitter_card":"default","twitter_image_type":"default","twitter_image_url":null,"twitter_image_custom_url":null,"twitter_image_custom_fields":null,"twitter_title":null,"twitter_description":null,"schema":{"blockGraphs":[],"customGraphs":[],"default":{"data":{"Article":[],"Course":[],"Dataset":[],"FAQPage":[],"Movie":[],"Person":[],"Product":[],"ProductReview":[],"Car":[],"Recipe":[],"Service":[],"SoftwareApplication":[],"WebPage":[]},"graphName":"","isEnabled":true},"graphs":[]},"schema_type":"default","schema_type_options":null,"pillar_content":false,"robots_default":true,"robots_noindex":false,"robots_noarchive":false,"robots_nosnippet":false,"robots_nofollow":false,"robots_noimageindex":false,"robots_noodp":false,"robots_notranslate":false,"robots_max_snippet":null,"robots_max_videopreview":null,"robots_max_imagepreview":"large","priority":null,"frequency":null,"local_seo":null,"seo_analyzer_scan_date":"2026-01-21 15:28:11","breadcrumb_settings":null,"limit_modified_date":false,"reviewed_by":null,"open_ai":null,"ai":null,"created":"2026-01-14 06:25:37","updated":"2026-04-22 22:59:50"},"aioseo_breadcrumb":"<div class=\"aioseo-breadcrumbs\"><span class=\"aioseo-breadcrumb\">\n\t<a href=\"https:\/\/hidalgo.nl\/de\/\" title=\"Home\">Home<\/a>\n<\/span><span class=\"aioseo-breadcrumb-separator\">\u00bb<\/span><span class=\"aioseo-breadcrumb\">\n\t<a href=\"https:\/\/hidalgo.nl\/example\/\" title=\"example\">example<\/a>\n<\/span><span class=\"aioseo-breadcrumb-separator\">\u00bb<\/span><span class=\"aioseo-breadcrumb\">\n\t<a href=\"https:\/\/hidalgo.nl\/en\/product-supplier\/a403\/\" title=\"A403\">A403<\/a>\n<\/span><span class=\"aioseo-breadcrumb-separator\">\u00bb<\/span><span class=\"aioseo-breadcrumb\">\n\tWKI0101 \u2013 Rugzak voor gereedschap en laptop\n<\/span><\/div>","aioseo_breadcrumb_json":[{"label":"Home","link":"https:\/\/hidalgo.nl\/de\/"},{"label":"example","link":"https:\/\/hidalgo.nl\/example\/"},{"label":"A403","link":"https:\/\/hidalgo.nl\/en\/product-supplier\/a403\/"},{"label":"WKI0101 &#8211; Rugzak voor gereedschap en laptop","link":"https:\/\/hidalgo.nl\/de\/product\/122652\/werkzeugrucksack-bedrucken-wasserdicht-laptopfach-one-size\/"}],"_links":{"self":[{"href":"https:\/\/hidalgo.nl\/de\/wp-json\/wp\/v2\/product\/122652","targetHints":{"allow":["GET"]}}],"collection":[{"href":"https:\/\/hidalgo.nl\/de\/wp-json\/wp\/v2\/product"}],"about":[{"href":"https:\/\/hidalgo.nl\/de\/wp-json\/wp\/v2\/types\/product"}],"wp:featuredmedia":[{"embeddable":true,"href":"https:\/\/hidalgo.nl\/de\/wp-json\/wp\/v2\/media\/122655"}],"wp:attachment":[{"href":"https:\/\/hidalgo.nl\/de\/wp-json\/wp\/v2\/media?parent=122652"}],"wp:term":[{"taxonomy":"product_brand","embeddable":true,"href":"https:\/\/hidalgo.nl\/de\/wp-json\/wp\/v2\/product_brand?post=122652"},{"taxonomy":"product_cat","embeddable":true,"href":"https:\/\/hidalgo.nl\/de\/wp-json\/wp\/v2\/product_cat?post=122652"},{"taxonomy":"product_tag","embeddable":true,"href":"https:\/\/hidalgo.nl\/de\/wp-json\/wp\/v2\/product_tag?post=122652"}],"curies":[{"name":"wp","href":"https:\/\/api.w.org\/{rel}","templated":true}]}}