{"id":11963,"date":"2025-07-03T10:32:09","date_gmt":"2025-07-03T10:32:09","guid":{"rendered":"http:\/\/bidonsenshakers.pim.hidalgo.nl\/product\/metalen-balpen-malika\/"},"modified":"2026-03-15T16:10:27","modified_gmt":"2026-03-15T16:10:27","slug":"metalen-balpen-malika","status":"publish","type":"product","link":"https:\/\/hidalgo.nl\/de\/product\/11963\/metallkugelschreiber-malika-bedrucken-schwarz-silber-14cm\/","title":{"rendered":"Metalen balpen Malika"},"content":{"rendered":"<p>Metalen balpen, zwartschrijvend, (incl. extra vulling), verpakt in een luxe geschenkverpakking.<\/p>\n","protected":false},"excerpt":{"rendered":"<p>Metalen balpen, zwartschrijvend, (incl. extra vulling), verpakt in een luxe geschenkverpakking.<\/p>\n","protected":false},"featured_media":11964,"template":"","meta":{"_acf_changed":false,"om_disable_all_campaigns":false,"_monsterinsights_skip_tracking":false,"_monsterinsights_sitenote_active":false,"_monsterinsights_sitenote_note":"","_monsterinsights_sitenote_category":0},"product_brand":[49],"product_cat":[4785,4719,4756],"product_tag":[],"class_list":{"0":"post-11963","1":"product","2":"type-product","3":"status-publish","4":"has-post-thumbnail","6":"product_supplier-a58","7":"product_material-eva","8":"product_material-karton","9":"product_material-koper","10":"product_material-metaal","11":"product_brand-impression","12":"product_cat-pennen","13":"product_cat-promotionele-artikelen","14":"product_cat-schrijfwaren","15":"entry","17":"first","18":"instock","19":"taxable","20":"shipping-taxable","21":"purchasable","22":"product-type-variable"},"acf":{"imprint_cost":[{"imprint_cost_key":"b259df694da5020171a409439bb80774d2bc65ea","product_quantity_price_range":[{"imprint_cost_recommended_selling_price":"7.86","imprint_cost_recommended_selling_quantity":"1"},{"imprint_cost_recommended_selling_price":"5.05","imprint_cost_recommended_selling_quantity":"25"},{"imprint_cost_recommended_selling_price":"2.32","imprint_cost_recommended_selling_quantity":"50"},{"imprint_cost_recommended_selling_price":"1.82","imprint_cost_recommended_selling_quantity":"100"},{"imprint_cost_recommended_selling_price":"1.42","imprint_cost_recommended_selling_quantity":"250"},{"imprint_cost_recommended_selling_price":"1.22","imprint_cost_recommended_selling_quantity":"500"},{"imprint_cost_recommended_selling_price":"1.17","imprint_cost_recommended_selling_quantity":"1000"},{"imprint_cost_recommended_selling_price":"1.14","imprint_cost_recommended_selling_quantity":"2500"},{"imprint_cost_recommended_selling_price":"1.09","imprint_cost_recommended_selling_quantity":"5000"},{"imprint_cost_recommended_selling_price":"1.08","imprint_cost_recommended_selling_quantity":"10000"}],"product_quantity_price_range_buying":false,"imprint_cost_setup_costs":"71.54","imprint_cost_handling_costs":"0.26"},{"imprint_cost_key":"49e11202ad04ddfcd09225455a02236d5c5905cd","product_quantity_price_range":[{"imprint_cost_recommended_selling_price":"2.66","imprint_cost_recommended_selling_quantity":"1"},{"imprint_cost_recommended_selling_price":"1.63","imprint_cost_recommended_selling_quantity":"25"},{"imprint_cost_recommended_selling_price":"1.22","imprint_cost_recommended_selling_quantity":"50"},{"imprint_cost_recommended_selling_price":"0.88","imprint_cost_recommended_selling_quantity":"100"},{"imprint_cost_recommended_selling_price":"0.52","imprint_cost_recommended_selling_quantity":"250"},{"imprint_cost_recommended_selling_price":"0.43","imprint_cost_recommended_selling_quantity":"500"},{"imprint_cost_recommended_selling_price":"0.37","imprint_cost_recommended_selling_quantity":"1000"},{"imprint_cost_recommended_selling_price":"0.29","imprint_cost_recommended_selling_quantity":"2500"}],"product_quantity_price_range_buying":false,"imprint_cost_setup_costs":"30.77","imprint_cost_handling_costs":"0.26"},{"imprint_cost_key":"a8d959980272e2819b14d76ee87ac7dea5f2f805","product_quantity_price_range":[{"imprint_cost_recommended_selling_price":"1.45","imprint_cost_recommended_selling_quantity":"1"},{"imprint_cost_recommended_selling_price":"0.91","imprint_cost_recommended_selling_quantity":"25"},{"imprint_cost_recommended_selling_price":"0.62","imprint_cost_recommended_selling_quantity":"50"},{"imprint_cost_recommended_selling_price":"0.43","imprint_cost_recommended_selling_quantity":"100"},{"imprint_cost_recommended_selling_price":"0.29","imprint_cost_recommended_selling_quantity":"250"},{"imprint_cost_recommended_selling_price":"0.25","imprint_cost_recommended_selling_quantity":"1000"},{"imprint_cost_recommended_selling_price":"0.23","imprint_cost_recommended_selling_quantity":"2500"},{"imprint_cost_recommended_selling_price":"0.22","imprint_cost_recommended_selling_quantity":"25000"}],"product_quantity_price_range_buying":false,"imprint_cost_setup_costs":"51.54","imprint_cost_handling_costs":"0.04"}]},"aioseo_notices":[],"aioseo_head":"\n\t\t<!-- All in One SEO Pro 4.9.6.2 - aioseo.com -->\n\t<meta name=\"description\" content=\"Lass diesen Metallkugelschreiber Malika bestellen &amp; mit deinem Logo bedrucken, um bei Kunden einen bleibenden Eindruck zu hinterlassen. Das Set in der edlen Geschenkbox enth\u00e4lt eine praktische Ersatzmine und ist der ideale Werbeartikel f\u00fcr deine professionellen Gesch\u00e4ftstermine.\" \/>\n\t<meta name=\"robots\" content=\"max-image-preview:large\" \/>\n\t<link rel=\"canonical\" href=\"https:\/\/hidalgo.nl\/de\/wp-json\/wp\/v2\/product\/11963\" \/>\n\t<meta name=\"generator\" content=\"All in One SEO Pro (AIOSEO) 4.9.6.2\" \/>\n\t\t<meta property=\"og:locale\" content=\"de_DE\" \/>\n\t\t<meta property=\"og:site_name\" content=\"Hidalgo -\" \/>\n\t\t<meta property=\"og:type\" content=\"article\" \/>\n\t\t<meta property=\"og:title\" content=\"Metallkugelschreiber Malika bedrucken schwarz Silber 14cm\" \/>\n\t\t<meta property=\"og:description\" content=\"Lass diesen Metallkugelschreiber Malika bestellen &amp; mit deinem Logo bedrucken, um bei Kunden einen bleibenden Eindruck zu hinterlassen. Das Set in der edlen Geschenkbox enth\u00e4lt eine praktische Ersatzmine und ist der ideale Werbeartikel f\u00fcr deine professionellen Gesch\u00e4ftstermine.\" \/>\n\t\t<meta property=\"og:url\" content=\"https:\/\/hidalgo.nl\/de\/wp-json\/wp\/v2\/product\/11963\" \/>\n\t\t<meta property=\"og:image\" content=\"https:\/\/shop.hidalgo.nl\/wp-content\/uploads\/2025\/11\/cropped-Hidalgo-est1993.png\" \/>\n\t\t<meta property=\"og:image:secure_url\" content=\"https:\/\/shop.hidalgo.nl\/wp-content\/uploads\/2025\/11\/cropped-Hidalgo-est1993.png\" \/>\n\t\t<meta property=\"article:published_time\" content=\"2025-07-03T10:32:09+00:00\" \/>\n\t\t<meta property=\"article:modified_time\" content=\"2026-03-15T16:10:27+00:00\" \/>\n\t\t<meta name=\"twitter:card\" content=\"summary_large_image\" \/>\n\t\t<meta name=\"twitter:title\" content=\"Metallkugelschreiber Malika bedrucken schwarz Silber 14cm\" \/>\n\t\t<meta name=\"twitter:description\" content=\"Lass diesen Metallkugelschreiber Malika bestellen &amp; mit deinem Logo bedrucken, um bei Kunden einen bleibenden Eindruck zu hinterlassen. Das Set in der edlen Geschenkbox enth\u00e4lt eine praktische Ersatzmine und ist der ideale Werbeartikel f\u00fcr deine professionellen Gesch\u00e4ftstermine.\" \/>\n\t\t<meta name=\"twitter:image\" content=\"https:\/\/shop.hidalgo.nl\/wp-content\/uploads\/2025\/11\/cropped-Hidalgo-est1993.png\" \/>\n\t\t<script type=\"application\/ld+json\" class=\"aioseo-schema\">\n\t\t\t{\"@context\":\"https:\\\/\\\/schema.org\",\"@graph\":[{\"@type\":\"BreadcrumbList\",\"@id\":\"https:\\\/\\\/hidalgo.nl\\\/de\\\/product\\\/11963\\\/metallkugelschreiber-malika-bedrucken-schwarz-silber-14cm\\\/#breadcrumblist\",\"itemListElement\":[{\"@type\":\"ListItem\",\"@id\":\"https:\\\/\\\/hidalgo.nl\\\/de\\\/#listItem\",\"position\":1,\"name\":\"Home\",\"item\":\"https:\\\/\\\/hidalgo.nl\\\/de\\\/\",\"nextItem\":{\"@type\":\"ListItem\",\"@id\":\"https:\\\/\\\/hidalgo.nl\\\/example\\\/#listItem\",\"name\":\"example\"}},{\"@type\":\"ListItem\",\"@id\":\"https:\\\/\\\/hidalgo.nl\\\/example\\\/#listItem\",\"position\":2,\"name\":\"example\",\"item\":\"https:\\\/\\\/hidalgo.nl\\\/example\\\/\",\"nextItem\":{\"@type\":\"ListItem\",\"@id\":\"https:\\\/\\\/hidalgo.nl\\\/en\\\/product-supplier\\\/a58\\\/#listItem\",\"name\":\"A58\"},\"previousItem\":{\"@type\":\"ListItem\",\"@id\":\"https:\\\/\\\/hidalgo.nl\\\/de\\\/#listItem\",\"name\":\"Home\"}},{\"@type\":\"ListItem\",\"@id\":\"https:\\\/\\\/hidalgo.nl\\\/en\\\/product-supplier\\\/a58\\\/#listItem\",\"position\":3,\"name\":\"A58\",\"item\":\"https:\\\/\\\/hidalgo.nl\\\/en\\\/product-supplier\\\/a58\\\/\",\"nextItem\":{\"@type\":\"ListItem\",\"@id\":\"https:\\\/\\\/hidalgo.nl\\\/de\\\/product\\\/11963\\\/metallkugelschreiber-malika-bedrucken-schwarz-silber-14cm\\\/#listItem\",\"name\":\"Metalen balpen Malika\"},\"previousItem\":{\"@type\":\"ListItem\",\"@id\":\"https:\\\/\\\/hidalgo.nl\\\/example\\\/#listItem\",\"name\":\"example\"}},{\"@type\":\"ListItem\",\"@id\":\"https:\\\/\\\/hidalgo.nl\\\/de\\\/product\\\/11963\\\/metallkugelschreiber-malika-bedrucken-schwarz-silber-14cm\\\/#listItem\",\"position\":4,\"name\":\"Metalen balpen Malika\",\"previousItem\":{\"@type\":\"ListItem\",\"@id\":\"https:\\\/\\\/hidalgo.nl\\\/en\\\/product-supplier\\\/a58\\\/#listItem\",\"name\":\"A58\"}}]},{\"@type\":\"Organization\",\"@id\":\"https:\\\/\\\/hidalgo.nl\\\/de\\\/#organization\",\"name\":\"Hidalgo\",\"url\":\"https:\\\/\\\/hidalgo.nl\\\/de\\\/\",\"logo\":{\"@type\":\"ImageObject\",\"url\":\"https:\\\/\\\/shop.hidalgo.nl\\\/wp-content\\\/uploads\\\/2025\\\/11\\\/cropped-Hidalgo-est1993.png\",\"@id\":\"https:\\\/\\\/hidalgo.nl\\\/de\\\/product\\\/11963\\\/metallkugelschreiber-malika-bedrucken-schwarz-silber-14cm\\\/#organizationLogo\",\"width\":585,\"height\":195},\"image\":{\"@id\":\"https:\\\/\\\/hidalgo.nl\\\/de\\\/product\\\/11963\\\/metallkugelschreiber-malika-bedrucken-schwarz-silber-14cm\\\/#organizationLogo\"}},{\"@type\":\"ProductGroup\",\"@id\":\"https:\\\/\\\/hidalgo.nl\\\/de\\\/product\\\/11963\\\/metallkugelschreiber-malika-bedrucken-schwarz-silber-14cm\\\/#wooCommerceProduct\",\"name\":\"Metallkugelschreiber Malika bedrucken schwarz Silber 14cm\",\"url\":\"https:\\\/\\\/hidalgo.nl\\\/de\\\/product\\\/11963\\\/metallkugelschreiber-malika-bedrucken-schwarz-silber-14cm\\\/\",\"brand\":{\"@type\":\"Brand\",\"name\":\"IMPRESSION\"},\"sku\":\"A58-2055\",\"image\":{\"@type\":\"ImageObject\",\"url\":\"https:\\\/\\\/shop.hidalgo.nl\\\/wp-content\\\/uploads\\\/2025\\\/05\\\/24efddcc89c7905c168c9d5f2805d170ba6781228fd4d7ad630584571c443f65.jpg\",\"@id\":\"https:\\\/\\\/hidalgo.nl\\\/de\\\/product\\\/11963\\\/metallkugelschreiber-malika-bedrucken-schwarz-silber-14cm\\\/#productImage\",\"width\":1000,\"height\":847},\"productGroupID\":11963,\"hasVariant\":[{\"@type\":\"Product\",\"@id\":\"https:\\\/\\\/hidalgo.nl\\\/de\\\/product\\\/11963\\\/metallkugelschreiber-malika-bedrucken-schwarz-silber-14cm\\\/#wooCommerceProduct\",\"name\":\"Metalen balpen Malika - zilver, , zwartschrijvend\",\"url\":\"https:\\\/\\\/hidalgo.nl\\\/de\\\/product\\\/11963\\\/metallkugelschreiber-malika-bedrucken-schwarz-silber-14cm\\\/\",\"sku\":\"A58-2055-050999999\",\"gtin\":\"8717568948584\",\"image\":{\"@type\":\"ImageObject\",\"url\":\"https:\\\/\\\/shop.hidalgo.nl\\\/wp-content\\\/uploads\\\/2025\\\/05\\\/a90156a22c0fb8d319575b87e5168c668543d8696f75ac9bb5161f355db27107.jpg\",\"@id\":\"https:\\\/\\\/hidalgo.nl\\\/de\\\/product\\\/11963\\\/metallkugelschreiber-malika-bedrucken-schwarz-silber-14cm\\\/#productImage\",\"width\":1000,\"height\":632},\"offers\":{\"@type\":\"Offer\",\"url\":\"https:\\\/\\\/hidalgo.nl\\\/de\\\/product\\\/11963\\\/metallkugelschreiber-malika-bedrucken-schwarz-silber-14cm\\\/#wooCommerceOffer\",\"price\":\"6.7\",\"priceCurrency\":\"EUR\",\"category\":\"Promotionele Artikelen\",\"availability\":\"https:\\\/\\\/schema.org\\\/InStock\",\"priceSpecification\":{\"@type\":\"PriceSpecification\",\"price\":6.7,\"priceCurrency\":\"EUR\",\"valueAddedTaxIncluded\":\"true\"}}}]},{\"@type\":\"WebPage\",\"@id\":\"https:\\\/\\\/hidalgo.nl\\\/de\\\/product\\\/11963\\\/metallkugelschreiber-malika-bedrucken-schwarz-silber-14cm\\\/#webpage\",\"url\":\"https:\\\/\\\/hidalgo.nl\\\/de\\\/product\\\/11963\\\/metallkugelschreiber-malika-bedrucken-schwarz-silber-14cm\\\/\",\"name\":\"Metallkugelschreiber Malika bedrucken schwarz Silber 14cm\",\"description\":\"Lass diesen Metallkugelschreiber Malika bestellen & mit deinem Logo bedrucken, um bei Kunden einen bleibenden Eindruck zu hinterlassen. Das Set in der edlen Geschenkbox enth\\u00e4lt eine praktische Ersatzmine und ist der ideale Werbeartikel f\\u00fcr deine professionellen Gesch\\u00e4ftstermine.\",\"inLanguage\":\"de-DE\",\"isPartOf\":{\"@id\":\"https:\\\/\\\/hidalgo.nl\\\/de\\\/#website\"},\"breadcrumb\":{\"@id\":\"https:\\\/\\\/hidalgo.nl\\\/de\\\/product\\\/11963\\\/metallkugelschreiber-malika-bedrucken-schwarz-silber-14cm\\\/#breadcrumblist\"},\"image\":{\"@type\":\"ImageObject\",\"url\":\"https:\\\/\\\/shop.hidalgo.nl\\\/wp-content\\\/uploads\\\/2025\\\/05\\\/24efddcc89c7905c168c9d5f2805d170ba6781228fd4d7ad630584571c443f65.jpg\",\"@id\":\"https:\\\/\\\/hidalgo.nl\\\/de\\\/product\\\/11963\\\/metallkugelschreiber-malika-bedrucken-schwarz-silber-14cm\\\/#mainImage\",\"width\":1000,\"height\":847},\"primaryImageOfPage\":{\"@id\":\"https:\\\/\\\/hidalgo.nl\\\/de\\\/product\\\/11963\\\/metallkugelschreiber-malika-bedrucken-schwarz-silber-14cm\\\/#mainImage\"},\"datePublished\":\"2025-07-03T10:32:09+00:00\",\"dateModified\":\"2026-03-15T16:10:27+00:00\"},{\"@type\":\"WebSite\",\"@id\":\"https:\\\/\\\/hidalgo.nl\\\/de\\\/#website\",\"url\":\"https:\\\/\\\/hidalgo.nl\\\/de\\\/\",\"name\":\"Hidalgo\",\"inLanguage\":\"de-DE\",\"publisher\":{\"@id\":\"https:\\\/\\\/hidalgo.nl\\\/de\\\/#organization\"}}]}\n\t\t<\/script>\n\t\t<!-- All in One SEO Pro -->\r\n\t\t<title>Metallkugelschreiber Malika bedrucken schwarz Silber 14cm<\/title>\n\n","aioseo_head_json":{"title":"Metallkugelschreiber Malika bedrucken schwarz Silber 14cm","description":"Lass diesen Metallkugelschreiber Malika bestellen & mit deinem Logo bedrucken, um bei Kunden einen bleibenden Eindruck zu hinterlassen. Das Set in der edlen Geschenkbox enth\u00e4lt eine praktische Ersatzmine und ist der ideale Werbeartikel f\u00fcr deine professionellen Gesch\u00e4ftstermine.","canonical_url":"https:\/\/hidalgo.nl\/de\/wp-json\/wp\/v2\/product\/11963","robots":"max-image-preview:large","keywords":"","webmasterTools":{"miscellaneous":""},"schema":{"@context":"https:\/\/schema.org","@graph":[{"@type":"BreadcrumbList","@id":"https:\/\/hidalgo.nl\/de\/product\/11963\/metallkugelschreiber-malika-bedrucken-schwarz-silber-14cm\/#breadcrumblist","itemListElement":[{"@type":"ListItem","@id":"https:\/\/hidalgo.nl\/de\/#listItem","position":1,"name":"Home","item":"https:\/\/hidalgo.nl\/de\/","nextItem":{"@type":"ListItem","@id":"https:\/\/hidalgo.nl\/example\/#listItem","name":"example"}},{"@type":"ListItem","@id":"https:\/\/hidalgo.nl\/example\/#listItem","position":2,"name":"example","item":"https:\/\/hidalgo.nl\/example\/","nextItem":{"@type":"ListItem","@id":"https:\/\/hidalgo.nl\/en\/product-supplier\/a58\/#listItem","name":"A58"},"previousItem":{"@type":"ListItem","@id":"https:\/\/hidalgo.nl\/de\/#listItem","name":"Home"}},{"@type":"ListItem","@id":"https:\/\/hidalgo.nl\/en\/product-supplier\/a58\/#listItem","position":3,"name":"A58","item":"https:\/\/hidalgo.nl\/en\/product-supplier\/a58\/","nextItem":{"@type":"ListItem","@id":"https:\/\/hidalgo.nl\/de\/product\/11963\/metallkugelschreiber-malika-bedrucken-schwarz-silber-14cm\/#listItem","name":"Metalen balpen Malika"},"previousItem":{"@type":"ListItem","@id":"https:\/\/hidalgo.nl\/example\/#listItem","name":"example"}},{"@type":"ListItem","@id":"https:\/\/hidalgo.nl\/de\/product\/11963\/metallkugelschreiber-malika-bedrucken-schwarz-silber-14cm\/#listItem","position":4,"name":"Metalen balpen Malika","previousItem":{"@type":"ListItem","@id":"https:\/\/hidalgo.nl\/en\/product-supplier\/a58\/#listItem","name":"A58"}}]},{"@type":"Organization","@id":"https:\/\/hidalgo.nl\/de\/#organization","name":"Hidalgo","url":"https:\/\/hidalgo.nl\/de\/","logo":{"@type":"ImageObject","url":"https:\/\/shop.hidalgo.nl\/wp-content\/uploads\/2025\/11\/cropped-Hidalgo-est1993.png","@id":"https:\/\/hidalgo.nl\/de\/product\/11963\/metallkugelschreiber-malika-bedrucken-schwarz-silber-14cm\/#organizationLogo","width":585,"height":195},"image":{"@id":"https:\/\/hidalgo.nl\/de\/product\/11963\/metallkugelschreiber-malika-bedrucken-schwarz-silber-14cm\/#organizationLogo"}},{"@type":"ProductGroup","@id":"https:\/\/hidalgo.nl\/de\/product\/11963\/metallkugelschreiber-malika-bedrucken-schwarz-silber-14cm\/#wooCommerceProduct","name":"Metallkugelschreiber Malika bedrucken schwarz Silber 14cm","url":"https:\/\/hidalgo.nl\/de\/product\/11963\/metallkugelschreiber-malika-bedrucken-schwarz-silber-14cm\/","brand":{"@type":"Brand","name":"IMPRESSION"},"sku":"A58-2055","image":{"@type":"ImageObject","url":"https:\/\/shop.hidalgo.nl\/wp-content\/uploads\/2025\/05\/24efddcc89c7905c168c9d5f2805d170ba6781228fd4d7ad630584571c443f65.jpg","@id":"https:\/\/hidalgo.nl\/de\/product\/11963\/metallkugelschreiber-malika-bedrucken-schwarz-silber-14cm\/#productImage","width":1000,"height":847},"productGroupID":11963,"hasVariant":[{"@type":"Product","@id":"https:\/\/hidalgo.nl\/de\/product\/11963\/metallkugelschreiber-malika-bedrucken-schwarz-silber-14cm\/#wooCommerceProduct","name":"Metalen balpen Malika - zilver, , zwartschrijvend","url":"https:\/\/hidalgo.nl\/de\/product\/11963\/metallkugelschreiber-malika-bedrucken-schwarz-silber-14cm\/","sku":"A58-2055-050999999","gtin":"8717568948584","image":{"@type":"ImageObject","url":"https:\/\/shop.hidalgo.nl\/wp-content\/uploads\/2025\/05\/a90156a22c0fb8d319575b87e5168c668543d8696f75ac9bb5161f355db27107.jpg","@id":"https:\/\/hidalgo.nl\/de\/product\/11963\/metallkugelschreiber-malika-bedrucken-schwarz-silber-14cm\/#productImage","width":1000,"height":632},"offers":{"@type":"Offer","url":"https:\/\/hidalgo.nl\/de\/product\/11963\/metallkugelschreiber-malika-bedrucken-schwarz-silber-14cm\/#wooCommerceOffer","price":"6.7","priceCurrency":"EUR","category":"Promotionele Artikelen","availability":"https:\/\/schema.org\/InStock","priceSpecification":{"@type":"PriceSpecification","price":6.7,"priceCurrency":"EUR","valueAddedTaxIncluded":"true"}}}]},{"@type":"WebPage","@id":"https:\/\/hidalgo.nl\/de\/product\/11963\/metallkugelschreiber-malika-bedrucken-schwarz-silber-14cm\/#webpage","url":"https:\/\/hidalgo.nl\/de\/product\/11963\/metallkugelschreiber-malika-bedrucken-schwarz-silber-14cm\/","name":"Metallkugelschreiber Malika bedrucken schwarz Silber 14cm","description":"Lass diesen Metallkugelschreiber Malika bestellen & mit deinem Logo bedrucken, um bei Kunden einen bleibenden Eindruck zu hinterlassen. Das Set in der edlen Geschenkbox enth\u00e4lt eine praktische Ersatzmine und ist der ideale Werbeartikel f\u00fcr deine professionellen Gesch\u00e4ftstermine.","inLanguage":"de-DE","isPartOf":{"@id":"https:\/\/hidalgo.nl\/de\/#website"},"breadcrumb":{"@id":"https:\/\/hidalgo.nl\/de\/product\/11963\/metallkugelschreiber-malika-bedrucken-schwarz-silber-14cm\/#breadcrumblist"},"image":{"@type":"ImageObject","url":"https:\/\/shop.hidalgo.nl\/wp-content\/uploads\/2025\/05\/24efddcc89c7905c168c9d5f2805d170ba6781228fd4d7ad630584571c443f65.jpg","@id":"https:\/\/hidalgo.nl\/de\/product\/11963\/metallkugelschreiber-malika-bedrucken-schwarz-silber-14cm\/#mainImage","width":1000,"height":847},"primaryImageOfPage":{"@id":"https:\/\/hidalgo.nl\/de\/product\/11963\/metallkugelschreiber-malika-bedrucken-schwarz-silber-14cm\/#mainImage"},"datePublished":"2025-07-03T10:32:09+00:00","dateModified":"2026-03-15T16:10:27+00:00"},{"@type":"WebSite","@id":"https:\/\/hidalgo.nl\/de\/#website","url":"https:\/\/hidalgo.nl\/de\/","name":"Hidalgo","inLanguage":"de-DE","publisher":{"@id":"https:\/\/hidalgo.nl\/de\/#organization"}}]},"og:locale":"de_DE","og:site_name":"Hidalgo -","og:type":"article","og:title":"Metallkugelschreiber Malika bedrucken schwarz Silber 14cm","og:description":"Lass diesen Metallkugelschreiber Malika bestellen &amp; mit deinem Logo bedrucken, um bei Kunden einen bleibenden Eindruck zu hinterlassen. Das Set in der edlen Geschenkbox enth\u00e4lt eine praktische Ersatzmine und ist der ideale Werbeartikel f\u00fcr deine professionellen Gesch\u00e4ftstermine.","og:url":"https:\/\/hidalgo.nl\/de\/wp-json\/wp\/v2\/product\/11963","og:image":"https:\/\/shop.hidalgo.nl\/wp-content\/uploads\/2025\/11\/cropped-Hidalgo-est1993.png","og:image:secure_url":"https:\/\/shop.hidalgo.nl\/wp-content\/uploads\/2025\/11\/cropped-Hidalgo-est1993.png","article:published_time":"2025-07-03T10:32:09+00:00","article:modified_time":"2026-03-15T16:10:27+00:00","twitter:card":"summary_large_image","twitter:title":"Metallkugelschreiber Malika bedrucken schwarz Silber 14cm","twitter:description":"Lass diesen Metallkugelschreiber Malika bestellen &amp; mit deinem Logo bedrucken, um bei Kunden einen bleibenden Eindruck zu hinterlassen. Das Set in der edlen Geschenkbox enth\u00e4lt eine praktische Ersatzmine und ist der ideale Werbeartikel f\u00fcr deine professionellen Gesch\u00e4ftstermine.","twitter:image":"https:\/\/shop.hidalgo.nl\/wp-content\/uploads\/2025\/11\/cropped-Hidalgo-est1993.png"},"aioseo_meta_data":{"post_id":"11963","title":null,"description":null,"keywords":null,"keyphrases":null,"primary_term":null,"canonical_url":null,"og_title":null,"og_description":null,"og_object_type":"default","og_image_type":"default","og_image_url":null,"og_image_width":null,"og_image_height":null,"og_image_custom_url":null,"og_image_custom_fields":null,"og_video":null,"og_custom_url":null,"og_article_section":null,"og_article_tags":null,"twitter_use_og":false,"twitter_card":"default","twitter_image_type":"default","twitter_image_url":null,"twitter_image_custom_url":null,"twitter_image_custom_fields":null,"twitter_title":null,"twitter_description":null,"schema":{"blockGraphs":[],"customGraphs":[],"default":{"data":{"Article":[],"Course":[],"Dataset":[],"FAQPage":[],"Movie":[],"Person":[],"Product":[],"ProductReview":[],"Car":[],"Recipe":[],"Service":[],"SoftwareApplication":[],"WebPage":[]},"graphName":"","isEnabled":true},"graphs":[]},"schema_type":"default","schema_type_options":null,"pillar_content":false,"robots_default":true,"robots_noindex":false,"robots_noarchive":false,"robots_nosnippet":false,"robots_nofollow":false,"robots_noimageindex":false,"robots_noodp":false,"robots_notranslate":false,"robots_max_snippet":null,"robots_max_videopreview":null,"robots_max_imagepreview":"large","priority":null,"frequency":null,"local_seo":null,"seo_analyzer_scan_date":"2026-01-22 11:03:15","breadcrumb_settings":null,"limit_modified_date":false,"reviewed_by":null,"open_ai":null,"ai":null,"created":"2026-01-14 06:17:37","updated":"2026-04-23 12:28:35"},"aioseo_breadcrumb":"<div class=\"aioseo-breadcrumbs\"><span class=\"aioseo-breadcrumb\">\n\t<a href=\"https:\/\/hidalgo.nl\/de\/\" title=\"Home\">Home<\/a>\n<\/span><span class=\"aioseo-breadcrumb-separator\">\u00bb<\/span><span class=\"aioseo-breadcrumb\">\n\t<a href=\"https:\/\/hidalgo.nl\/example\/\" title=\"example\">example<\/a>\n<\/span><span class=\"aioseo-breadcrumb-separator\">\u00bb<\/span><span class=\"aioseo-breadcrumb\">\n\t<a href=\"https:\/\/hidalgo.nl\/en\/product-supplier\/a58\/\" title=\"A58\">A58<\/a>\n<\/span><span class=\"aioseo-breadcrumb-separator\">\u00bb<\/span><span class=\"aioseo-breadcrumb\">\n\tMetalen balpen Malika\n<\/span><\/div>","aioseo_breadcrumb_json":[{"label":"Home","link":"https:\/\/hidalgo.nl\/de\/"},{"label":"example","link":"https:\/\/hidalgo.nl\/example\/"},{"label":"A58","link":"https:\/\/hidalgo.nl\/en\/product-supplier\/a58\/"},{"label":"Metalen balpen Malika","link":"https:\/\/hidalgo.nl\/de\/product\/11963\/metallkugelschreiber-malika-bedrucken-schwarz-silber-14cm\/"}],"_links":{"self":[{"href":"https:\/\/hidalgo.nl\/de\/wp-json\/wp\/v2\/product\/11963","targetHints":{"allow":["GET"]}}],"collection":[{"href":"https:\/\/hidalgo.nl\/de\/wp-json\/wp\/v2\/product"}],"about":[{"href":"https:\/\/hidalgo.nl\/de\/wp-json\/wp\/v2\/types\/product"}],"wp:featuredmedia":[{"embeddable":true,"href":"https:\/\/hidalgo.nl\/de\/wp-json\/wp\/v2\/media\/11964"}],"wp:attachment":[{"href":"https:\/\/hidalgo.nl\/de\/wp-json\/wp\/v2\/media?parent=11963"}],"wp:term":[{"taxonomy":"product_brand","embeddable":true,"href":"https:\/\/hidalgo.nl\/de\/wp-json\/wp\/v2\/product_brand?post=11963"},{"taxonomy":"product_cat","embeddable":true,"href":"https:\/\/hidalgo.nl\/de\/wp-json\/wp\/v2\/product_cat?post=11963"},{"taxonomy":"product_tag","embeddable":true,"href":"https:\/\/hidalgo.nl\/de\/wp-json\/wp\/v2\/product_tag?post=11963"}],"curies":[{"name":"wp","href":"https:\/\/api.w.org\/{rel}","templated":true}]}}