{"id":114785,"date":"2025-07-07T12:36:06","date_gmt":"2025-07-07T12:36:06","guid":{"rendered":"http:\/\/bidonsenshakers.pim.hidalgo.nl\/product\/upsk218-sokken-giady-pak-van-2-paar\/"},"modified":"2026-03-19T19:53:10","modified_gmt":"2026-03-19T19:53:10","slug":"upsk218-sokken-giady-pak-van-2-paar","status":"publish","type":"product","link":"https:\/\/hidalgo.nl\/de\/product\/114785\/socken-bedrucken-giady-atmungsaktiv-2er-pack-one-size\/","title":{"rendered":"UPSK218 &#8211; Sokken Giady &#8211; pak van 2 paar"},"content":{"rendered":"<p>Technische kous ontwikkeld in one-size-fits-all met &#8222;Memory size&#8220; technologie. Deze technologie wordt verkregen door het gebruik van elastomeren met &#8222;geheugen&#8220;, zodat de kous zich vanaf het eerste gebruik aanpast aan de vorm van de voet en dit na verloop van tijd behoudt, zelfs na het wassen. Gemaakt van ademend materiaal dat continu gebruik in dynamische werksituaties mogelijk maakt. Katoenen voetbed met dempende eigenschappen met buffer effect. Platte naden onder de tenen voor meer comfort en voor vermindering van het risico op huidbeschadiging. Anti-twist kraag met enkele laag en anti-sluiting om altijd een goede pasvorm te garanderen. Partij van twee stuks.<\/p>\n","protected":false},"excerpt":{"rendered":"<p>Technische kous ontwikkeld in one-size-fits-all met &#8222;Memory size&#8220; technologie. Deze technologie wordt verkregen door het gebruik van elastomeren met &#8222;geheugen&#8220;, zodat de kous zich vanaf het eerste gebruik aanpast aan de vorm van de voet en dit na verloop van tijd behoudt, zelfs na het wassen. Gemaakt van ademend materiaal dat continu gebruik in dynamische&hellip; <a class=\"more-link\" href=\"https:\/\/hidalgo.nl\/de\/product\/114785\/socken-bedrucken-giady-atmungsaktiv-2er-pack-one-size\/\"><span class=\"screen-reader-text\">UPSK218 &#8211; Sokken Giady &#8211; pak van 2 paar<\/span> weiterlesen<\/a><\/p>\n","protected":false},"featured_media":114786,"template":"","meta":{"_acf_changed":false,"om_disable_all_campaigns":false,"_monsterinsights_skip_tracking":false,"_monsterinsights_sitenote_active":false,"_monsterinsights_sitenote_note":"","_monsterinsights_sitenote_category":0},"product_brand":[1748],"product_cat":[4716,4757,4777],"product_tag":[],"class_list":{"0":"post-114785","1":"product","2":"type-product","3":"status-publish","4":"has-post-thumbnail","6":"product_supplier-a403","7":"product_brand-u-power","8":"product_cat-kleding","9":"product_cat-kleding-kleding-accessoires","10":"product_cat-kleding-kleding-accessoires-sokken-schoenen","11":"entry","13":"first","14":"instock","15":"taxable","16":"shipping-taxable","17":"purchasable","18":"product-type-variable"},"acf":{"imprint_cost":[{"imprint_cost_key":"33483b79de35c41f6a5968127e3727b83ce2fe0b","product_quantity_price_range":[{"imprint_cost_recommended_selling_price":"0","imprint_cost_recommended_selling_quantity":"1"}],"product_quantity_price_range_buying":false,"imprint_cost_setup_costs":"","imprint_cost_handling_costs":""}]},"aioseo_notices":[],"aioseo_head":"\n\t\t<!-- All in One SEO Pro 4.9.6.2 - aioseo.com -->\n\t<meta name=\"description\" content=\"Atmungsaktive Giady Funktionssocken im 2er Pack in Orange Fluo &amp; Yellow Fluo, One-size f\u00fcr sicheren Halt und komfortables Fu\u00dfbett. Du kannst Socken mit Logo individuell gestalten und Socken bedrucken lassen f\u00fcr Events, Vereine &amp; Promotion.\" \/>\n\t<meta name=\"robots\" content=\"max-image-preview:large\" \/>\n\t<link rel=\"canonical\" href=\"https:\/\/hidalgo.nl\/de\/wp-json\/wp\/v2\/product\/114785\" \/>\n\t<meta name=\"generator\" content=\"All in One SEO Pro (AIOSEO) 4.9.6.2\" \/>\n\t\t<meta property=\"og:locale\" content=\"de_DE\" \/>\n\t\t<meta property=\"og:site_name\" content=\"Hidalgo -\" \/>\n\t\t<meta property=\"og:type\" content=\"article\" \/>\n\t\t<meta property=\"og:title\" content=\"Socken bedrucken Giady atmungsaktiv 2er-Pack One-Size\" \/>\n\t\t<meta property=\"og:description\" content=\"Atmungsaktive Giady Funktionssocken im 2er Pack in Orange Fluo &amp; Yellow Fluo, One-size f\u00fcr sicheren Halt und komfortables Fu\u00dfbett. Du kannst Socken mit Logo individuell gestalten und Socken bedrucken lassen f\u00fcr Events, Vereine &amp; Promotion.\" \/>\n\t\t<meta property=\"og:url\" content=\"https:\/\/hidalgo.nl\/de\/wp-json\/wp\/v2\/product\/114785\" \/>\n\t\t<meta property=\"og:image\" content=\"https:\/\/shop.hidalgo.nl\/wp-content\/uploads\/2025\/11\/cropped-Hidalgo-est1993.png\" \/>\n\t\t<meta property=\"og:image:secure_url\" content=\"https:\/\/shop.hidalgo.nl\/wp-content\/uploads\/2025\/11\/cropped-Hidalgo-est1993.png\" \/>\n\t\t<meta property=\"article:published_time\" content=\"2025-07-07T12:36:06+00:00\" \/>\n\t\t<meta property=\"article:modified_time\" content=\"2026-03-19T19:53:10+00:00\" \/>\n\t\t<meta name=\"twitter:card\" content=\"summary_large_image\" \/>\n\t\t<meta name=\"twitter:title\" content=\"Socken bedrucken Giady atmungsaktiv 2er-Pack One-Size\" \/>\n\t\t<meta name=\"twitter:description\" content=\"Atmungsaktive Giady Funktionssocken im 2er Pack in Orange Fluo &amp; Yellow Fluo, One-size f\u00fcr sicheren Halt und komfortables Fu\u00dfbett. Du kannst Socken mit Logo individuell gestalten und Socken bedrucken lassen f\u00fcr Events, Vereine &amp; Promotion.\" \/>\n\t\t<meta name=\"twitter:image\" content=\"https:\/\/shop.hidalgo.nl\/wp-content\/uploads\/2025\/11\/cropped-Hidalgo-est1993.png\" \/>\n\t\t<script type=\"application\/ld+json\" class=\"aioseo-schema\">\n\t\t\t{\"@context\":\"https:\\\/\\\/schema.org\",\"@graph\":[{\"@type\":\"BreadcrumbList\",\"@id\":\"https:\\\/\\\/hidalgo.nl\\\/de\\\/product\\\/114785\\\/socken-bedrucken-giady-atmungsaktiv-2er-pack-one-size\\\/#breadcrumblist\",\"itemListElement\":[{\"@type\":\"ListItem\",\"@id\":\"https:\\\/\\\/hidalgo.nl\\\/de\\\/#listItem\",\"position\":1,\"name\":\"Home\",\"item\":\"https:\\\/\\\/hidalgo.nl\\\/de\\\/\",\"nextItem\":{\"@type\":\"ListItem\",\"@id\":\"https:\\\/\\\/hidalgo.nl\\\/example\\\/#listItem\",\"name\":\"example\"}},{\"@type\":\"ListItem\",\"@id\":\"https:\\\/\\\/hidalgo.nl\\\/example\\\/#listItem\",\"position\":2,\"name\":\"example\",\"item\":\"https:\\\/\\\/hidalgo.nl\\\/example\\\/\",\"nextItem\":{\"@type\":\"ListItem\",\"@id\":\"https:\\\/\\\/hidalgo.nl\\\/en\\\/product-supplier\\\/a403\\\/#listItem\",\"name\":\"A403\"},\"previousItem\":{\"@type\":\"ListItem\",\"@id\":\"https:\\\/\\\/hidalgo.nl\\\/de\\\/#listItem\",\"name\":\"Home\"}},{\"@type\":\"ListItem\",\"@id\":\"https:\\\/\\\/hidalgo.nl\\\/en\\\/product-supplier\\\/a403\\\/#listItem\",\"position\":3,\"name\":\"A403\",\"item\":\"https:\\\/\\\/hidalgo.nl\\\/en\\\/product-supplier\\\/a403\\\/\",\"nextItem\":{\"@type\":\"ListItem\",\"@id\":\"https:\\\/\\\/hidalgo.nl\\\/de\\\/product\\\/114785\\\/socken-bedrucken-giady-atmungsaktiv-2er-pack-one-size\\\/#listItem\",\"name\":\"UPSK218 &#8211; Sokken Giady &#8211; pak van 2 paar\"},\"previousItem\":{\"@type\":\"ListItem\",\"@id\":\"https:\\\/\\\/hidalgo.nl\\\/example\\\/#listItem\",\"name\":\"example\"}},{\"@type\":\"ListItem\",\"@id\":\"https:\\\/\\\/hidalgo.nl\\\/de\\\/product\\\/114785\\\/socken-bedrucken-giady-atmungsaktiv-2er-pack-one-size\\\/#listItem\",\"position\":4,\"name\":\"UPSK218 &#8211; Sokken Giady &#8211; pak van 2 paar\",\"previousItem\":{\"@type\":\"ListItem\",\"@id\":\"https:\\\/\\\/hidalgo.nl\\\/en\\\/product-supplier\\\/a403\\\/#listItem\",\"name\":\"A403\"}}]},{\"@type\":\"Organization\",\"@id\":\"https:\\\/\\\/hidalgo.nl\\\/de\\\/#organization\",\"name\":\"Hidalgo\",\"url\":\"https:\\\/\\\/hidalgo.nl\\\/de\\\/\",\"logo\":{\"@type\":\"ImageObject\",\"url\":\"https:\\\/\\\/shop.hidalgo.nl\\\/wp-content\\\/uploads\\\/2025\\\/11\\\/cropped-Hidalgo-est1993.png\",\"@id\":\"https:\\\/\\\/hidalgo.nl\\\/de\\\/product\\\/114785\\\/socken-bedrucken-giady-atmungsaktiv-2er-pack-one-size\\\/#organizationLogo\",\"width\":585,\"height\":195},\"image\":{\"@id\":\"https:\\\/\\\/hidalgo.nl\\\/de\\\/product\\\/114785\\\/socken-bedrucken-giady-atmungsaktiv-2er-pack-one-size\\\/#organizationLogo\"}},{\"@type\":\"ProductGroup\",\"@id\":\"https:\\\/\\\/hidalgo.nl\\\/de\\\/product\\\/114785\\\/socken-bedrucken-giady-atmungsaktiv-2er-pack-one-size\\\/#wooCommerceProduct\",\"name\":\"Socken bedrucken Giady atmungsaktiv 2er-Pack One-Size\",\"url\":\"https:\\\/\\\/hidalgo.nl\\\/de\\\/product\\\/114785\\\/socken-bedrucken-giady-atmungsaktiv-2er-pack-one-size\\\/\",\"brand\":{\"@type\":\"Brand\",\"name\":\"U-Power\"},\"sku\":\"A403-UPSK218\",\"image\":{\"@type\":\"ImageObject\",\"url\":\"https:\\\/\\\/shop.hidalgo.nl\\\/wp-content\\\/uploads\\\/2025\\\/07\\\/22e45efc9483f8a3b919f8789afc393ff5331086f5a314bbeb24aebc43f0e25f.png\",\"@id\":\"https:\\\/\\\/hidalgo.nl\\\/de\\\/product\\\/114785\\\/socken-bedrucken-giady-atmungsaktiv-2er-pack-one-size\\\/#productImage\",\"width\":667,\"height\":1000},\"productGroupID\":114785,\"hasVariant\":[{\"@type\":\"Product\",\"@id\":\"https:\\\/\\\/hidalgo.nl\\\/de\\\/product\\\/114785\\\/socken-bedrucken-giady-atmungsaktiv-2er-pack-one-size\\\/#wooCommerceProduct\",\"name\":\"UPSK218 - Sokken Giady - pak van 2 paar - , orange-fluo\",\"url\":\"https:\\\/\\\/hidalgo.nl\\\/de\\\/product\\\/114785\\\/socken-bedrucken-giady-atmungsaktiv-2er-pack-one-size\\\/\",\"sku\":\"A403-UPSK218_84050_84049\",\"gtin\":\"8033546461532\",\"image\":{\"@type\":\"ImageObject\",\"url\":\"https:\\\/\\\/shop.hidalgo.nl\\\/wp-content\\\/uploads\\\/2025\\\/07\\\/22e45efc9483f8a3b919f8789afc393ff5331086f5a314bbeb24aebc43f0e25f.png\",\"@id\":\"https:\\\/\\\/hidalgo.nl\\\/de\\\/product\\\/114785\\\/socken-bedrucken-giady-atmungsaktiv-2er-pack-one-size\\\/#productImage\",\"width\":667,\"height\":1000},\"offers\":{\"@type\":\"Offer\",\"url\":\"https:\\\/\\\/hidalgo.nl\\\/de\\\/product\\\/114785\\\/socken-bedrucken-giady-atmungsaktiv-2er-pack-one-size\\\/#wooCommerceOffer\",\"price\":\"11.11\",\"priceCurrency\":\"EUR\",\"category\":\"Kleding\",\"availability\":\"https:\\\/\\\/schema.org\\\/InStock\",\"priceSpecification\":{\"@type\":\"PriceSpecification\",\"price\":11.11,\"priceCurrency\":\"EUR\",\"valueAddedTaxIncluded\":\"true\"}}},{\"@type\":\"Product\",\"@id\":\"https:\\\/\\\/hidalgo.nl\\\/de\\\/product\\\/114785\\\/socken-bedrucken-giady-atmungsaktiv-2er-pack-one-size\\\/#wooCommerceProduct\",\"name\":\"UPSK218 - Sokken Giady - pak van 2 paar - , yellow-fluo\",\"url\":\"https:\\\/\\\/hidalgo.nl\\\/de\\\/product\\\/114785\\\/socken-bedrucken-giady-atmungsaktiv-2er-pack-one-size\\\/\",\"sku\":\"A403-UPSK218_84051_84049\",\"gtin\":\"8033546461518\",\"image\":{\"@type\":\"ImageObject\",\"url\":\"https:\\\/\\\/shop.hidalgo.nl\\\/wp-content\\\/uploads\\\/2025\\\/07\\\/8ed196ff4ce50026e6876613d9756049e33c35d5c203808bae6835ff1f6cf24e.png\",\"@id\":\"https:\\\/\\\/hidalgo.nl\\\/de\\\/product\\\/114785\\\/socken-bedrucken-giady-atmungsaktiv-2er-pack-one-size\\\/#productImage\",\"width\":667,\"height\":1000},\"offers\":{\"@type\":\"Offer\",\"url\":\"https:\\\/\\\/hidalgo.nl\\\/de\\\/product\\\/114785\\\/socken-bedrucken-giady-atmungsaktiv-2er-pack-one-size\\\/#wooCommerceOffer\",\"price\":\"11.11\",\"priceCurrency\":\"EUR\",\"category\":\"Kleding\",\"availability\":\"https:\\\/\\\/schema.org\\\/InStock\",\"priceSpecification\":{\"@type\":\"PriceSpecification\",\"price\":11.11,\"priceCurrency\":\"EUR\",\"valueAddedTaxIncluded\":\"true\"}}}]},{\"@type\":\"WebPage\",\"@id\":\"https:\\\/\\\/hidalgo.nl\\\/de\\\/product\\\/114785\\\/socken-bedrucken-giady-atmungsaktiv-2er-pack-one-size\\\/#webpage\",\"url\":\"https:\\\/\\\/hidalgo.nl\\\/de\\\/product\\\/114785\\\/socken-bedrucken-giady-atmungsaktiv-2er-pack-one-size\\\/\",\"name\":\"Socken bedrucken Giady atmungsaktiv 2er-Pack One-Size\",\"description\":\"Atmungsaktive Giady Funktionssocken im 2er Pack in Orange Fluo & Yellow Fluo, One-size f\\u00fcr sicheren Halt und komfortables Fu\\u00dfbett. Du kannst Socken mit Logo individuell gestalten und Socken bedrucken lassen f\\u00fcr Events, Vereine & Promotion.\",\"inLanguage\":\"de-DE\",\"isPartOf\":{\"@id\":\"https:\\\/\\\/hidalgo.nl\\\/de\\\/#website\"},\"breadcrumb\":{\"@id\":\"https:\\\/\\\/hidalgo.nl\\\/de\\\/product\\\/114785\\\/socken-bedrucken-giady-atmungsaktiv-2er-pack-one-size\\\/#breadcrumblist\"},\"image\":{\"@type\":\"ImageObject\",\"url\":\"https:\\\/\\\/shop.hidalgo.nl\\\/wp-content\\\/uploads\\\/2025\\\/07\\\/22e45efc9483f8a3b919f8789afc393ff5331086f5a314bbeb24aebc43f0e25f.png\",\"@id\":\"https:\\\/\\\/hidalgo.nl\\\/de\\\/product\\\/114785\\\/socken-bedrucken-giady-atmungsaktiv-2er-pack-one-size\\\/#mainImage\",\"width\":667,\"height\":1000},\"primaryImageOfPage\":{\"@id\":\"https:\\\/\\\/hidalgo.nl\\\/de\\\/product\\\/114785\\\/socken-bedrucken-giady-atmungsaktiv-2er-pack-one-size\\\/#mainImage\"},\"datePublished\":\"2025-07-07T12:36:06+00:00\",\"dateModified\":\"2026-03-19T19:53:10+00:00\"},{\"@type\":\"WebSite\",\"@id\":\"https:\\\/\\\/hidalgo.nl\\\/de\\\/#website\",\"url\":\"https:\\\/\\\/hidalgo.nl\\\/de\\\/\",\"name\":\"Hidalgo\",\"inLanguage\":\"de-DE\",\"publisher\":{\"@id\":\"https:\\\/\\\/hidalgo.nl\\\/de\\\/#organization\"}}]}\n\t\t<\/script>\n\t\t<!-- All in One SEO Pro -->\r\n\t\t<title>Socken bedrucken Giady atmungsaktiv 2er-Pack One-Size<\/title>\n\n","aioseo_head_json":{"title":"Socken bedrucken Giady atmungsaktiv 2er-Pack One-Size","description":"Atmungsaktive Giady Funktionssocken im 2er Pack in Orange Fluo & Yellow Fluo, One-size f\u00fcr sicheren Halt und komfortables Fu\u00dfbett. Du kannst Socken mit Logo individuell gestalten und Socken bedrucken lassen f\u00fcr Events, Vereine & Promotion.","canonical_url":"https:\/\/hidalgo.nl\/de\/wp-json\/wp\/v2\/product\/114785","robots":"max-image-preview:large","keywords":"","webmasterTools":{"miscellaneous":""},"schema":{"@context":"https:\/\/schema.org","@graph":[{"@type":"BreadcrumbList","@id":"https:\/\/hidalgo.nl\/de\/product\/114785\/socken-bedrucken-giady-atmungsaktiv-2er-pack-one-size\/#breadcrumblist","itemListElement":[{"@type":"ListItem","@id":"https:\/\/hidalgo.nl\/de\/#listItem","position":1,"name":"Home","item":"https:\/\/hidalgo.nl\/de\/","nextItem":{"@type":"ListItem","@id":"https:\/\/hidalgo.nl\/example\/#listItem","name":"example"}},{"@type":"ListItem","@id":"https:\/\/hidalgo.nl\/example\/#listItem","position":2,"name":"example","item":"https:\/\/hidalgo.nl\/example\/","nextItem":{"@type":"ListItem","@id":"https:\/\/hidalgo.nl\/en\/product-supplier\/a403\/#listItem","name":"A403"},"previousItem":{"@type":"ListItem","@id":"https:\/\/hidalgo.nl\/de\/#listItem","name":"Home"}},{"@type":"ListItem","@id":"https:\/\/hidalgo.nl\/en\/product-supplier\/a403\/#listItem","position":3,"name":"A403","item":"https:\/\/hidalgo.nl\/en\/product-supplier\/a403\/","nextItem":{"@type":"ListItem","@id":"https:\/\/hidalgo.nl\/de\/product\/114785\/socken-bedrucken-giady-atmungsaktiv-2er-pack-one-size\/#listItem","name":"UPSK218 &#8211; Sokken Giady &#8211; pak van 2 paar"},"previousItem":{"@type":"ListItem","@id":"https:\/\/hidalgo.nl\/example\/#listItem","name":"example"}},{"@type":"ListItem","@id":"https:\/\/hidalgo.nl\/de\/product\/114785\/socken-bedrucken-giady-atmungsaktiv-2er-pack-one-size\/#listItem","position":4,"name":"UPSK218 &#8211; Sokken Giady &#8211; pak van 2 paar","previousItem":{"@type":"ListItem","@id":"https:\/\/hidalgo.nl\/en\/product-supplier\/a403\/#listItem","name":"A403"}}]},{"@type":"Organization","@id":"https:\/\/hidalgo.nl\/de\/#organization","name":"Hidalgo","url":"https:\/\/hidalgo.nl\/de\/","logo":{"@type":"ImageObject","url":"https:\/\/shop.hidalgo.nl\/wp-content\/uploads\/2025\/11\/cropped-Hidalgo-est1993.png","@id":"https:\/\/hidalgo.nl\/de\/product\/114785\/socken-bedrucken-giady-atmungsaktiv-2er-pack-one-size\/#organizationLogo","width":585,"height":195},"image":{"@id":"https:\/\/hidalgo.nl\/de\/product\/114785\/socken-bedrucken-giady-atmungsaktiv-2er-pack-one-size\/#organizationLogo"}},{"@type":"ProductGroup","@id":"https:\/\/hidalgo.nl\/de\/product\/114785\/socken-bedrucken-giady-atmungsaktiv-2er-pack-one-size\/#wooCommerceProduct","name":"Socken bedrucken Giady atmungsaktiv 2er-Pack One-Size","url":"https:\/\/hidalgo.nl\/de\/product\/114785\/socken-bedrucken-giady-atmungsaktiv-2er-pack-one-size\/","brand":{"@type":"Brand","name":"U-Power"},"sku":"A403-UPSK218","image":{"@type":"ImageObject","url":"https:\/\/shop.hidalgo.nl\/wp-content\/uploads\/2025\/07\/22e45efc9483f8a3b919f8789afc393ff5331086f5a314bbeb24aebc43f0e25f.png","@id":"https:\/\/hidalgo.nl\/de\/product\/114785\/socken-bedrucken-giady-atmungsaktiv-2er-pack-one-size\/#productImage","width":667,"height":1000},"productGroupID":114785,"hasVariant":[{"@type":"Product","@id":"https:\/\/hidalgo.nl\/de\/product\/114785\/socken-bedrucken-giady-atmungsaktiv-2er-pack-one-size\/#wooCommerceProduct","name":"UPSK218 - Sokken Giady - pak van 2 paar - , orange-fluo","url":"https:\/\/hidalgo.nl\/de\/product\/114785\/socken-bedrucken-giady-atmungsaktiv-2er-pack-one-size\/","sku":"A403-UPSK218_84050_84049","gtin":"8033546461532","image":{"@type":"ImageObject","url":"https:\/\/shop.hidalgo.nl\/wp-content\/uploads\/2025\/07\/22e45efc9483f8a3b919f8789afc393ff5331086f5a314bbeb24aebc43f0e25f.png","@id":"https:\/\/hidalgo.nl\/de\/product\/114785\/socken-bedrucken-giady-atmungsaktiv-2er-pack-one-size\/#productImage","width":667,"height":1000},"offers":{"@type":"Offer","url":"https:\/\/hidalgo.nl\/de\/product\/114785\/socken-bedrucken-giady-atmungsaktiv-2er-pack-one-size\/#wooCommerceOffer","price":"11.11","priceCurrency":"EUR","category":"Kleding","availability":"https:\/\/schema.org\/InStock","priceSpecification":{"@type":"PriceSpecification","price":11.11,"priceCurrency":"EUR","valueAddedTaxIncluded":"true"}}},{"@type":"Product","@id":"https:\/\/hidalgo.nl\/de\/product\/114785\/socken-bedrucken-giady-atmungsaktiv-2er-pack-one-size\/#wooCommerceProduct","name":"UPSK218 - Sokken Giady - pak van 2 paar - , yellow-fluo","url":"https:\/\/hidalgo.nl\/de\/product\/114785\/socken-bedrucken-giady-atmungsaktiv-2er-pack-one-size\/","sku":"A403-UPSK218_84051_84049","gtin":"8033546461518","image":{"@type":"ImageObject","url":"https:\/\/shop.hidalgo.nl\/wp-content\/uploads\/2025\/07\/8ed196ff4ce50026e6876613d9756049e33c35d5c203808bae6835ff1f6cf24e.png","@id":"https:\/\/hidalgo.nl\/de\/product\/114785\/socken-bedrucken-giady-atmungsaktiv-2er-pack-one-size\/#productImage","width":667,"height":1000},"offers":{"@type":"Offer","url":"https:\/\/hidalgo.nl\/de\/product\/114785\/socken-bedrucken-giady-atmungsaktiv-2er-pack-one-size\/#wooCommerceOffer","price":"11.11","priceCurrency":"EUR","category":"Kleding","availability":"https:\/\/schema.org\/InStock","priceSpecification":{"@type":"PriceSpecification","price":11.11,"priceCurrency":"EUR","valueAddedTaxIncluded":"true"}}}]},{"@type":"WebPage","@id":"https:\/\/hidalgo.nl\/de\/product\/114785\/socken-bedrucken-giady-atmungsaktiv-2er-pack-one-size\/#webpage","url":"https:\/\/hidalgo.nl\/de\/product\/114785\/socken-bedrucken-giady-atmungsaktiv-2er-pack-one-size\/","name":"Socken bedrucken Giady atmungsaktiv 2er-Pack One-Size","description":"Atmungsaktive Giady Funktionssocken im 2er Pack in Orange Fluo & Yellow Fluo, One-size f\u00fcr sicheren Halt und komfortables Fu\u00dfbett. Du kannst Socken mit Logo individuell gestalten und Socken bedrucken lassen f\u00fcr Events, Vereine & Promotion.","inLanguage":"de-DE","isPartOf":{"@id":"https:\/\/hidalgo.nl\/de\/#website"},"breadcrumb":{"@id":"https:\/\/hidalgo.nl\/de\/product\/114785\/socken-bedrucken-giady-atmungsaktiv-2er-pack-one-size\/#breadcrumblist"},"image":{"@type":"ImageObject","url":"https:\/\/shop.hidalgo.nl\/wp-content\/uploads\/2025\/07\/22e45efc9483f8a3b919f8789afc393ff5331086f5a314bbeb24aebc43f0e25f.png","@id":"https:\/\/hidalgo.nl\/de\/product\/114785\/socken-bedrucken-giady-atmungsaktiv-2er-pack-one-size\/#mainImage","width":667,"height":1000},"primaryImageOfPage":{"@id":"https:\/\/hidalgo.nl\/de\/product\/114785\/socken-bedrucken-giady-atmungsaktiv-2er-pack-one-size\/#mainImage"},"datePublished":"2025-07-07T12:36:06+00:00","dateModified":"2026-03-19T19:53:10+00:00"},{"@type":"WebSite","@id":"https:\/\/hidalgo.nl\/de\/#website","url":"https:\/\/hidalgo.nl\/de\/","name":"Hidalgo","inLanguage":"de-DE","publisher":{"@id":"https:\/\/hidalgo.nl\/de\/#organization"}}]},"og:locale":"de_DE","og:site_name":"Hidalgo -","og:type":"article","og:title":"Socken bedrucken Giady atmungsaktiv 2er-Pack One-Size","og:description":"Atmungsaktive Giady Funktionssocken im 2er Pack in Orange Fluo &amp; Yellow Fluo, One-size f\u00fcr sicheren Halt und komfortables Fu\u00dfbett. Du kannst Socken mit Logo individuell gestalten und Socken bedrucken lassen f\u00fcr Events, Vereine &amp; Promotion.","og:url":"https:\/\/hidalgo.nl\/de\/wp-json\/wp\/v2\/product\/114785","og:image":"https:\/\/shop.hidalgo.nl\/wp-content\/uploads\/2025\/11\/cropped-Hidalgo-est1993.png","og:image:secure_url":"https:\/\/shop.hidalgo.nl\/wp-content\/uploads\/2025\/11\/cropped-Hidalgo-est1993.png","article:published_time":"2025-07-07T12:36:06+00:00","article:modified_time":"2026-03-19T19:53:10+00:00","twitter:card":"summary_large_image","twitter:title":"Socken bedrucken Giady atmungsaktiv 2er-Pack One-Size","twitter:description":"Atmungsaktive Giady Funktionssocken im 2er Pack in Orange Fluo &amp; Yellow Fluo, One-size f\u00fcr sicheren Halt und komfortables Fu\u00dfbett. Du kannst Socken mit Logo individuell gestalten und Socken bedrucken lassen f\u00fcr Events, Vereine &amp; Promotion.","twitter:image":"https:\/\/shop.hidalgo.nl\/wp-content\/uploads\/2025\/11\/cropped-Hidalgo-est1993.png"},"aioseo_meta_data":{"post_id":"114785","title":null,"description":null,"keywords":null,"keyphrases":null,"primary_term":null,"canonical_url":null,"og_title":null,"og_description":null,"og_object_type":"default","og_image_type":"default","og_image_url":null,"og_image_width":null,"og_image_height":null,"og_image_custom_url":null,"og_image_custom_fields":null,"og_video":null,"og_custom_url":null,"og_article_section":null,"og_article_tags":null,"twitter_use_og":false,"twitter_card":"default","twitter_image_type":"default","twitter_image_url":null,"twitter_image_custom_url":null,"twitter_image_custom_fields":null,"twitter_title":null,"twitter_description":null,"schema":{"blockGraphs":[],"customGraphs":[],"default":{"data":{"Article":[],"Course":[],"Dataset":[],"FAQPage":[],"Movie":[],"Person":[],"Product":[],"ProductReview":[],"Car":[],"Recipe":[],"Service":[],"SoftwareApplication":[],"WebPage":[]},"graphName":"","isEnabled":true},"graphs":[]},"schema_type":"default","schema_type_options":null,"pillar_content":false,"robots_default":true,"robots_noindex":false,"robots_noarchive":false,"robots_nosnippet":false,"robots_nofollow":false,"robots_noimageindex":false,"robots_noodp":false,"robots_notranslate":false,"robots_max_snippet":null,"robots_max_videopreview":null,"robots_max_imagepreview":"large","priority":null,"frequency":null,"local_seo":null,"seo_analyzer_scan_date":"2026-01-21 14:51:26","breadcrumb_settings":null,"limit_modified_date":false,"reviewed_by":null,"open_ai":null,"ai":null,"created":"2026-01-14 06:25:37","updated":"2026-04-22 22:40:49"},"aioseo_breadcrumb":"<div class=\"aioseo-breadcrumbs\"><span class=\"aioseo-breadcrumb\">\n\t<a href=\"https:\/\/hidalgo.nl\/de\/\" title=\"Home\">Home<\/a>\n<\/span><span class=\"aioseo-breadcrumb-separator\">\u00bb<\/span><span class=\"aioseo-breadcrumb\">\n\t<a href=\"https:\/\/hidalgo.nl\/example\/\" title=\"example\">example<\/a>\n<\/span><span class=\"aioseo-breadcrumb-separator\">\u00bb<\/span><span class=\"aioseo-breadcrumb\">\n\t<a href=\"https:\/\/hidalgo.nl\/en\/product-supplier\/a403\/\" title=\"A403\">A403<\/a>\n<\/span><span class=\"aioseo-breadcrumb-separator\">\u00bb<\/span><span class=\"aioseo-breadcrumb\">\n\tUPSK218 \u2013 Sokken Giady \u2013 pak van 2 paar\n<\/span><\/div>","aioseo_breadcrumb_json":[{"label":"Home","link":"https:\/\/hidalgo.nl\/de\/"},{"label":"example","link":"https:\/\/hidalgo.nl\/example\/"},{"label":"A403","link":"https:\/\/hidalgo.nl\/en\/product-supplier\/a403\/"},{"label":"UPSK218 &#8211; Sokken Giady &#8211; pak van 2 paar","link":"https:\/\/hidalgo.nl\/de\/product\/114785\/socken-bedrucken-giady-atmungsaktiv-2er-pack-one-size\/"}],"_links":{"self":[{"href":"https:\/\/hidalgo.nl\/de\/wp-json\/wp\/v2\/product\/114785","targetHints":{"allow":["GET"]}}],"collection":[{"href":"https:\/\/hidalgo.nl\/de\/wp-json\/wp\/v2\/product"}],"about":[{"href":"https:\/\/hidalgo.nl\/de\/wp-json\/wp\/v2\/types\/product"}],"wp:featuredmedia":[{"embeddable":true,"href":"https:\/\/hidalgo.nl\/de\/wp-json\/wp\/v2\/media\/114786"}],"wp:attachment":[{"href":"https:\/\/hidalgo.nl\/de\/wp-json\/wp\/v2\/media?parent=114785"}],"wp:term":[{"taxonomy":"product_brand","embeddable":true,"href":"https:\/\/hidalgo.nl\/de\/wp-json\/wp\/v2\/product_brand?post=114785"},{"taxonomy":"product_cat","embeddable":true,"href":"https:\/\/hidalgo.nl\/de\/wp-json\/wp\/v2\/product_cat?post=114785"},{"taxonomy":"product_tag","embeddable":true,"href":"https:\/\/hidalgo.nl\/de\/wp-json\/wp\/v2\/product_tag?post=114785"}],"curies":[{"name":"wp","href":"https:\/\/api.w.org\/{rel}","templated":true}]}}