{"id":114780,"date":"2025-07-07T12:35:58","date_gmt":"2025-07-07T12:35:58","guid":{"rendered":"http:\/\/bidonsenshakers.pim.hidalgo.nl\/product\/upsk140-thermische-onderbroek-chamonix\/"},"modified":"2026-03-19T16:14:30","modified_gmt":"2026-03-19T16:14:30","slug":"upsk140-thermische-onderbroek-chamonix","status":"publish","type":"product","link":"https:\/\/hidalgo.nl\/de\/product\/114780\/thermounterhose-bedrucken-isolierend-arbeitskleidung-m-xl-3xl\/","title":{"rendered":"UPSK140 &#8211; Thermische onderbroek Chamonix"},"content":{"rendered":"<p>57% polypropyleen, 34% polyamide, 9% elasthan. Thermische\/technische onderbroek ge\u00efnspireerd op de sportwereld. Het grote gehalte aan polypropyleen maakt dit hemdje licht en ademend. Tegelijk belooft het ook een optimale thermische isolatie. Polypropyleen is van nature antibacterieel. In combinatie met polyamide krijg je een stevige en vormvaste stof. Omdat deze onderbroek zo elastisch is, zit ze als een tweede huid rond het lichaam. Perfect voor wie in koude of ongunstige weersomstandigheden moet werken.<\/p>\n","protected":false},"excerpt":{"rendered":"<p>57% polypropyleen, 34% polyamide, 9% elasthan. Thermische\/technische onderbroek ge\u00efnspireerd op de sportwereld. Het grote gehalte aan polypropyleen maakt dit hemdje licht en ademend. Tegelijk belooft het ook een optimale thermische isolatie. Polypropyleen is van nature antibacterieel. In combinatie met polyamide krijg je een stevige en vormvaste stof. Omdat deze onderbroek zo elastisch is, zit ze&hellip; <a class=\"more-link\" href=\"https:\/\/hidalgo.nl\/de\/product\/114780\/thermounterhose-bedrucken-isolierend-arbeitskleidung-m-xl-3xl\/\"><span class=\"screen-reader-text\">UPSK140 &#8211; Thermische onderbroek Chamonix<\/span> weiterlesen<\/a><\/p>\n","protected":false},"featured_media":114781,"template":"","meta":{"_acf_changed":false,"om_disable_all_campaigns":false,"_monsterinsights_skip_tracking":false,"_monsterinsights_sitenote_active":false,"_monsterinsights_sitenote_note":"","_monsterinsights_sitenote_category":0},"product_brand":[1748],"product_cat":[4865,4716,4850],"product_tag":[],"class_list":{"0":"post-114780","1":"product","2":"type-product","3":"status-publish","4":"has-post-thumbnail","6":"product_supplier-a403","7":"product_brand-u-power","8":"product_cat-kleding-werkkleding-aannemers-kleding","9":"product_cat-kleding","10":"product_cat-kleding-werkkleding","11":"entry","13":"first","14":"instock","15":"taxable","16":"shipping-taxable","17":"purchasable","18":"product-type-variable"},"acf":{"imprint_cost":[{"imprint_cost_key":"33483b79de35c41f6a5968127e3727b83ce2fe0b","product_quantity_price_range":[{"imprint_cost_recommended_selling_price":"0","imprint_cost_recommended_selling_quantity":"1"}],"product_quantity_price_range_buying":false,"imprint_cost_setup_costs":"","imprint_cost_handling_costs":""}]},"aioseo_notices":[],"aioseo_head":"\n\t\t<!-- All in One SEO Pro 4.9.6.2 - aioseo.com -->\n\t<meta name=\"description\" content=\"F\u00fcr kalte Eins\u00e4tze h\u00e4lt die lange, isolierende Basislage in Black Carbon dich trocken und beweglich. Verf\u00fcgbar in M, XL, 3XL, M. Du kannst Thermounterw\u00e4sche bedrucken lassen und Thermounterhosen M bis 3XL kaufen - ideal f\u00fcr Teams im Bau und Handwerk.\" \/>\n\t<meta name=\"robots\" content=\"max-image-preview:large\" \/>\n\t<link rel=\"canonical\" href=\"https:\/\/hidalgo.nl\/de\/wp-json\/wp\/v2\/product\/114780\" \/>\n\t<meta name=\"generator\" content=\"All in One SEO Pro (AIOSEO) 4.9.6.2\" \/>\n\t\t<meta property=\"og:locale\" content=\"de_DE\" \/>\n\t\t<meta property=\"og:site_name\" content=\"Hidalgo -\" \/>\n\t\t<meta property=\"og:type\" content=\"article\" \/>\n\t\t<meta property=\"og:title\" content=\"Thermounterhose bedrucken Isolierend Arbeitskleidung M XL 3XL\" \/>\n\t\t<meta property=\"og:description\" content=\"F\u00fcr kalte Eins\u00e4tze h\u00e4lt die lange, isolierende Basislage in Black Carbon dich trocken und beweglich. Verf\u00fcgbar in M, XL, 3XL, M. Du kannst Thermounterw\u00e4sche bedrucken lassen und Thermounterhosen M bis 3XL kaufen - ideal f\u00fcr Teams im Bau und Handwerk.\" \/>\n\t\t<meta property=\"og:url\" content=\"https:\/\/hidalgo.nl\/de\/wp-json\/wp\/v2\/product\/114780\" \/>\n\t\t<meta property=\"og:image\" content=\"https:\/\/shop.hidalgo.nl\/wp-content\/uploads\/2025\/11\/cropped-Hidalgo-est1993.png\" \/>\n\t\t<meta property=\"og:image:secure_url\" content=\"https:\/\/shop.hidalgo.nl\/wp-content\/uploads\/2025\/11\/cropped-Hidalgo-est1993.png\" \/>\n\t\t<meta property=\"article:published_time\" content=\"2025-07-07T12:35:58+00:00\" \/>\n\t\t<meta property=\"article:modified_time\" content=\"2026-03-19T16:14:30+00:00\" \/>\n\t\t<meta name=\"twitter:card\" content=\"summary_large_image\" \/>\n\t\t<meta name=\"twitter:title\" content=\"Thermounterhose bedrucken Isolierend Arbeitskleidung M XL 3XL\" \/>\n\t\t<meta name=\"twitter:description\" content=\"F\u00fcr kalte Eins\u00e4tze h\u00e4lt die lange, isolierende Basislage in Black Carbon dich trocken und beweglich. Verf\u00fcgbar in M, XL, 3XL, M. Du kannst Thermounterw\u00e4sche bedrucken lassen und Thermounterhosen M bis 3XL kaufen - ideal f\u00fcr Teams im Bau und Handwerk.\" \/>\n\t\t<meta name=\"twitter:image\" content=\"https:\/\/shop.hidalgo.nl\/wp-content\/uploads\/2025\/11\/cropped-Hidalgo-est1993.png\" \/>\n\t\t<script type=\"application\/ld+json\" class=\"aioseo-schema\">\n\t\t\t{\"@context\":\"https:\\\/\\\/schema.org\",\"@graph\":[{\"@type\":\"BreadcrumbList\",\"@id\":\"https:\\\/\\\/hidalgo.nl\\\/de\\\/product\\\/114780\\\/thermounterhose-bedrucken-isolierend-arbeitskleidung-m-xl-3xl\\\/#breadcrumblist\",\"itemListElement\":[{\"@type\":\"ListItem\",\"@id\":\"https:\\\/\\\/hidalgo.nl\\\/de\\\/#listItem\",\"position\":1,\"name\":\"Home\",\"item\":\"https:\\\/\\\/hidalgo.nl\\\/de\\\/\",\"nextItem\":{\"@type\":\"ListItem\",\"@id\":\"https:\\\/\\\/hidalgo.nl\\\/example\\\/#listItem\",\"name\":\"example\"}},{\"@type\":\"ListItem\",\"@id\":\"https:\\\/\\\/hidalgo.nl\\\/example\\\/#listItem\",\"position\":2,\"name\":\"example\",\"item\":\"https:\\\/\\\/hidalgo.nl\\\/example\\\/\",\"nextItem\":{\"@type\":\"ListItem\",\"@id\":\"https:\\\/\\\/hidalgo.nl\\\/en\\\/product-supplier\\\/a403\\\/#listItem\",\"name\":\"A403\"},\"previousItem\":{\"@type\":\"ListItem\",\"@id\":\"https:\\\/\\\/hidalgo.nl\\\/de\\\/#listItem\",\"name\":\"Home\"}},{\"@type\":\"ListItem\",\"@id\":\"https:\\\/\\\/hidalgo.nl\\\/en\\\/product-supplier\\\/a403\\\/#listItem\",\"position\":3,\"name\":\"A403\",\"item\":\"https:\\\/\\\/hidalgo.nl\\\/en\\\/product-supplier\\\/a403\\\/\",\"nextItem\":{\"@type\":\"ListItem\",\"@id\":\"https:\\\/\\\/hidalgo.nl\\\/de\\\/product\\\/114780\\\/thermounterhose-bedrucken-isolierend-arbeitskleidung-m-xl-3xl\\\/#listItem\",\"name\":\"UPSK140 &#8211; Thermische onderbroek Chamonix\"},\"previousItem\":{\"@type\":\"ListItem\",\"@id\":\"https:\\\/\\\/hidalgo.nl\\\/example\\\/#listItem\",\"name\":\"example\"}},{\"@type\":\"ListItem\",\"@id\":\"https:\\\/\\\/hidalgo.nl\\\/de\\\/product\\\/114780\\\/thermounterhose-bedrucken-isolierend-arbeitskleidung-m-xl-3xl\\\/#listItem\",\"position\":4,\"name\":\"UPSK140 &#8211; Thermische onderbroek Chamonix\",\"previousItem\":{\"@type\":\"ListItem\",\"@id\":\"https:\\\/\\\/hidalgo.nl\\\/en\\\/product-supplier\\\/a403\\\/#listItem\",\"name\":\"A403\"}}]},{\"@type\":\"Organization\",\"@id\":\"https:\\\/\\\/hidalgo.nl\\\/de\\\/#organization\",\"name\":\"Hidalgo\",\"url\":\"https:\\\/\\\/hidalgo.nl\\\/de\\\/\",\"logo\":{\"@type\":\"ImageObject\",\"url\":\"https:\\\/\\\/shop.hidalgo.nl\\\/wp-content\\\/uploads\\\/2025\\\/11\\\/cropped-Hidalgo-est1993.png\",\"@id\":\"https:\\\/\\\/hidalgo.nl\\\/de\\\/product\\\/114780\\\/thermounterhose-bedrucken-isolierend-arbeitskleidung-m-xl-3xl\\\/#organizationLogo\",\"width\":585,\"height\":195},\"image\":{\"@id\":\"https:\\\/\\\/hidalgo.nl\\\/de\\\/product\\\/114780\\\/thermounterhose-bedrucken-isolierend-arbeitskleidung-m-xl-3xl\\\/#organizationLogo\"}},{\"@type\":\"ProductGroup\",\"@id\":\"https:\\\/\\\/hidalgo.nl\\\/de\\\/product\\\/114780\\\/thermounterhose-bedrucken-isolierend-arbeitskleidung-m-xl-3xl\\\/#wooCommerceProduct\",\"name\":\"Thermounterhose bedrucken Isolierend Arbeitskleidung M XL 3XL\",\"url\":\"https:\\\/\\\/hidalgo.nl\\\/de\\\/product\\\/114780\\\/thermounterhose-bedrucken-isolierend-arbeitskleidung-m-xl-3xl\\\/\",\"brand\":{\"@type\":\"Brand\",\"name\":\"U-Power\"},\"sku\":\"A403-UPSK140\",\"image\":{\"@type\":\"ImageObject\",\"url\":\"https:\\\/\\\/shop.hidalgo.nl\\\/wp-content\\\/uploads\\\/2025\\\/07\\\/e160e1ab5469a900f91fe63e65f399ceca7a640a215ba06ae5e354db6539c08d.png\",\"@id\":\"https:\\\/\\\/hidalgo.nl\\\/de\\\/product\\\/114780\\\/thermounterhose-bedrucken-isolierend-arbeitskleidung-m-xl-3xl\\\/#productImage\",\"width\":617,\"height\":1000},\"productGroupID\":114780,\"hasVariant\":[{\"@type\":\"Product\",\"@id\":\"https:\\\/\\\/hidalgo.nl\\\/de\\\/product\\\/114780\\\/thermounterhose-bedrucken-isolierend-arbeitskleidung-m-xl-3xl\\\/#wooCommerceProduct\",\"name\":\"UPSK140 - Thermische onderbroek Chamonix - m, black-carbon\",\"url\":\"https:\\\/\\\/hidalgo.nl\\\/de\\\/product\\\/114780\\\/thermounterhose-bedrucken-isolierend-arbeitskleidung-m-xl-3xl\\\/\",\"sku\":\"A403-UPSK140_87170_87167\",\"gtin\":\"8033546373590\",\"image\":{\"@type\":\"ImageObject\",\"url\":\"https:\\\/\\\/shop.hidalgo.nl\\\/wp-content\\\/uploads\\\/2025\\\/07\\\/e160e1ab5469a900f91fe63e65f399ceca7a640a215ba06ae5e354db6539c08d.png\",\"@id\":\"https:\\\/\\\/hidalgo.nl\\\/de\\\/product\\\/114780\\\/thermounterhose-bedrucken-isolierend-arbeitskleidung-m-xl-3xl\\\/#productImage\",\"width\":617,\"height\":1000},\"offers\":{\"@type\":\"Offer\",\"url\":\"https:\\\/\\\/hidalgo.nl\\\/de\\\/product\\\/114780\\\/thermounterhose-bedrucken-isolierend-arbeitskleidung-m-xl-3xl\\\/#wooCommerceOffer\",\"price\":\"15.14\",\"priceCurrency\":\"EUR\",\"category\":\"Kleding\",\"availability\":\"https:\\\/\\\/schema.org\\\/InStock\",\"priceSpecification\":{\"@type\":\"PriceSpecification\",\"price\":15.14,\"priceCurrency\":\"EUR\",\"valueAddedTaxIncluded\":\"true\"}}},{\"@type\":\"Product\",\"@id\":\"https:\\\/\\\/hidalgo.nl\\\/de\\\/product\\\/114780\\\/thermounterhose-bedrucken-isolierend-arbeitskleidung-m-xl-3xl\\\/#wooCommerceProduct\",\"name\":\"UPSK140 - Thermische onderbroek Chamonix - xl, black-carbon\",\"url\":\"https:\\\/\\\/hidalgo.nl\\\/de\\\/product\\\/114780\\\/thermounterhose-bedrucken-isolierend-arbeitskleidung-m-xl-3xl\\\/\",\"sku\":\"A403-UPSK140_87170_87168\",\"gtin\":\"8033546373606\",\"image\":{\"@type\":\"ImageObject\",\"url\":\"https:\\\/\\\/shop.hidalgo.nl\\\/wp-content\\\/uploads\\\/2025\\\/07\\\/e160e1ab5469a900f91fe63e65f399ceca7a640a215ba06ae5e354db6539c08d.png\",\"@id\":\"https:\\\/\\\/hidalgo.nl\\\/de\\\/product\\\/114780\\\/thermounterhose-bedrucken-isolierend-arbeitskleidung-m-xl-3xl\\\/#productImage\",\"width\":617,\"height\":1000},\"offers\":{\"@type\":\"Offer\",\"url\":\"https:\\\/\\\/hidalgo.nl\\\/de\\\/product\\\/114780\\\/thermounterhose-bedrucken-isolierend-arbeitskleidung-m-xl-3xl\\\/#wooCommerceOffer\",\"price\":\"15.14\",\"priceCurrency\":\"EUR\",\"category\":\"Kleding\",\"availability\":\"https:\\\/\\\/schema.org\\\/InStock\",\"priceSpecification\":{\"@type\":\"PriceSpecification\",\"price\":15.14,\"priceCurrency\":\"EUR\",\"valueAddedTaxIncluded\":\"true\"}}},{\"@type\":\"Product\",\"@id\":\"https:\\\/\\\/hidalgo.nl\\\/de\\\/product\\\/114780\\\/thermounterhose-bedrucken-isolierend-arbeitskleidung-m-xl-3xl\\\/#wooCommerceProduct\",\"name\":\"UPSK140 - Thermische onderbroek Chamonix - 3xl, black-carbon\",\"url\":\"https:\\\/\\\/hidalgo.nl\\\/de\\\/product\\\/114780\\\/thermounterhose-bedrucken-isolierend-arbeitskleidung-m-xl-3xl\\\/\",\"sku\":\"A403-UPSK140_87170_87169\",\"gtin\":\"8033546373613\",\"image\":{\"@type\":\"ImageObject\",\"url\":\"https:\\\/\\\/shop.hidalgo.nl\\\/wp-content\\\/uploads\\\/2025\\\/07\\\/e160e1ab5469a900f91fe63e65f399ceca7a640a215ba06ae5e354db6539c08d.png\",\"@id\":\"https:\\\/\\\/hidalgo.nl\\\/de\\\/product\\\/114780\\\/thermounterhose-bedrucken-isolierend-arbeitskleidung-m-xl-3xl\\\/#productImage\",\"width\":617,\"height\":1000},\"offers\":{\"@type\":\"Offer\",\"url\":\"https:\\\/\\\/hidalgo.nl\\\/de\\\/product\\\/114780\\\/thermounterhose-bedrucken-isolierend-arbeitskleidung-m-xl-3xl\\\/#wooCommerceOffer\",\"price\":\"15.14\",\"priceCurrency\":\"EUR\",\"category\":\"Kleding\",\"availability\":\"https:\\\/\\\/schema.org\\\/InStock\",\"priceSpecification\":{\"@type\":\"PriceSpecification\",\"price\":15.14,\"priceCurrency\":\"EUR\",\"valueAddedTaxIncluded\":\"true\"}}}]},{\"@type\":\"WebPage\",\"@id\":\"https:\\\/\\\/hidalgo.nl\\\/de\\\/product\\\/114780\\\/thermounterhose-bedrucken-isolierend-arbeitskleidung-m-xl-3xl\\\/#webpage\",\"url\":\"https:\\\/\\\/hidalgo.nl\\\/de\\\/product\\\/114780\\\/thermounterhose-bedrucken-isolierend-arbeitskleidung-m-xl-3xl\\\/\",\"name\":\"Thermounterhose bedrucken Isolierend Arbeitskleidung M XL 3XL\",\"description\":\"F\\u00fcr kalte Eins\\u00e4tze h\\u00e4lt die lange, isolierende Basislage in Black Carbon dich trocken und beweglich. Verf\\u00fcgbar in M, XL, 3XL, M. Du kannst Thermounterw\\u00e4sche bedrucken lassen und Thermounterhosen M bis 3XL kaufen - ideal f\\u00fcr Teams im Bau und Handwerk.\",\"inLanguage\":\"de-DE\",\"isPartOf\":{\"@id\":\"https:\\\/\\\/hidalgo.nl\\\/de\\\/#website\"},\"breadcrumb\":{\"@id\":\"https:\\\/\\\/hidalgo.nl\\\/de\\\/product\\\/114780\\\/thermounterhose-bedrucken-isolierend-arbeitskleidung-m-xl-3xl\\\/#breadcrumblist\"},\"image\":{\"@type\":\"ImageObject\",\"url\":\"https:\\\/\\\/shop.hidalgo.nl\\\/wp-content\\\/uploads\\\/2025\\\/07\\\/e160e1ab5469a900f91fe63e65f399ceca7a640a215ba06ae5e354db6539c08d.png\",\"@id\":\"https:\\\/\\\/hidalgo.nl\\\/de\\\/product\\\/114780\\\/thermounterhose-bedrucken-isolierend-arbeitskleidung-m-xl-3xl\\\/#mainImage\",\"width\":617,\"height\":1000},\"primaryImageOfPage\":{\"@id\":\"https:\\\/\\\/hidalgo.nl\\\/de\\\/product\\\/114780\\\/thermounterhose-bedrucken-isolierend-arbeitskleidung-m-xl-3xl\\\/#mainImage\"},\"datePublished\":\"2025-07-07T12:35:58+00:00\",\"dateModified\":\"2026-03-19T16:14:30+00:00\"},{\"@type\":\"WebSite\",\"@id\":\"https:\\\/\\\/hidalgo.nl\\\/de\\\/#website\",\"url\":\"https:\\\/\\\/hidalgo.nl\\\/de\\\/\",\"name\":\"Hidalgo\",\"inLanguage\":\"de-DE\",\"publisher\":{\"@id\":\"https:\\\/\\\/hidalgo.nl\\\/de\\\/#organization\"}}]}\n\t\t<\/script>\n\t\t<!-- All in One SEO Pro -->\r\n\t\t<title>Thermounterhose bedrucken Isolierend Arbeitskleidung M XL 3XL<\/title>\n\n","aioseo_head_json":{"title":"Thermounterhose bedrucken Isolierend Arbeitskleidung M XL 3XL","description":"F\u00fcr kalte Eins\u00e4tze h\u00e4lt die lange, isolierende Basislage in Black Carbon dich trocken und beweglich. Verf\u00fcgbar in M, XL, 3XL, M. Du kannst Thermounterw\u00e4sche bedrucken lassen und Thermounterhosen M bis 3XL kaufen - ideal f\u00fcr Teams im Bau und Handwerk.","canonical_url":"https:\/\/hidalgo.nl\/de\/wp-json\/wp\/v2\/product\/114780","robots":"max-image-preview:large","keywords":"","webmasterTools":{"miscellaneous":""},"schema":{"@context":"https:\/\/schema.org","@graph":[{"@type":"BreadcrumbList","@id":"https:\/\/hidalgo.nl\/de\/product\/114780\/thermounterhose-bedrucken-isolierend-arbeitskleidung-m-xl-3xl\/#breadcrumblist","itemListElement":[{"@type":"ListItem","@id":"https:\/\/hidalgo.nl\/de\/#listItem","position":1,"name":"Home","item":"https:\/\/hidalgo.nl\/de\/","nextItem":{"@type":"ListItem","@id":"https:\/\/hidalgo.nl\/example\/#listItem","name":"example"}},{"@type":"ListItem","@id":"https:\/\/hidalgo.nl\/example\/#listItem","position":2,"name":"example","item":"https:\/\/hidalgo.nl\/example\/","nextItem":{"@type":"ListItem","@id":"https:\/\/hidalgo.nl\/en\/product-supplier\/a403\/#listItem","name":"A403"},"previousItem":{"@type":"ListItem","@id":"https:\/\/hidalgo.nl\/de\/#listItem","name":"Home"}},{"@type":"ListItem","@id":"https:\/\/hidalgo.nl\/en\/product-supplier\/a403\/#listItem","position":3,"name":"A403","item":"https:\/\/hidalgo.nl\/en\/product-supplier\/a403\/","nextItem":{"@type":"ListItem","@id":"https:\/\/hidalgo.nl\/de\/product\/114780\/thermounterhose-bedrucken-isolierend-arbeitskleidung-m-xl-3xl\/#listItem","name":"UPSK140 &#8211; Thermische onderbroek Chamonix"},"previousItem":{"@type":"ListItem","@id":"https:\/\/hidalgo.nl\/example\/#listItem","name":"example"}},{"@type":"ListItem","@id":"https:\/\/hidalgo.nl\/de\/product\/114780\/thermounterhose-bedrucken-isolierend-arbeitskleidung-m-xl-3xl\/#listItem","position":4,"name":"UPSK140 &#8211; Thermische onderbroek Chamonix","previousItem":{"@type":"ListItem","@id":"https:\/\/hidalgo.nl\/en\/product-supplier\/a403\/#listItem","name":"A403"}}]},{"@type":"Organization","@id":"https:\/\/hidalgo.nl\/de\/#organization","name":"Hidalgo","url":"https:\/\/hidalgo.nl\/de\/","logo":{"@type":"ImageObject","url":"https:\/\/shop.hidalgo.nl\/wp-content\/uploads\/2025\/11\/cropped-Hidalgo-est1993.png","@id":"https:\/\/hidalgo.nl\/de\/product\/114780\/thermounterhose-bedrucken-isolierend-arbeitskleidung-m-xl-3xl\/#organizationLogo","width":585,"height":195},"image":{"@id":"https:\/\/hidalgo.nl\/de\/product\/114780\/thermounterhose-bedrucken-isolierend-arbeitskleidung-m-xl-3xl\/#organizationLogo"}},{"@type":"ProductGroup","@id":"https:\/\/hidalgo.nl\/de\/product\/114780\/thermounterhose-bedrucken-isolierend-arbeitskleidung-m-xl-3xl\/#wooCommerceProduct","name":"Thermounterhose bedrucken Isolierend Arbeitskleidung M XL 3XL","url":"https:\/\/hidalgo.nl\/de\/product\/114780\/thermounterhose-bedrucken-isolierend-arbeitskleidung-m-xl-3xl\/","brand":{"@type":"Brand","name":"U-Power"},"sku":"A403-UPSK140","image":{"@type":"ImageObject","url":"https:\/\/shop.hidalgo.nl\/wp-content\/uploads\/2025\/07\/e160e1ab5469a900f91fe63e65f399ceca7a640a215ba06ae5e354db6539c08d.png","@id":"https:\/\/hidalgo.nl\/de\/product\/114780\/thermounterhose-bedrucken-isolierend-arbeitskleidung-m-xl-3xl\/#productImage","width":617,"height":1000},"productGroupID":114780,"hasVariant":[{"@type":"Product","@id":"https:\/\/hidalgo.nl\/de\/product\/114780\/thermounterhose-bedrucken-isolierend-arbeitskleidung-m-xl-3xl\/#wooCommerceProduct","name":"UPSK140 - Thermische onderbroek Chamonix - m, black-carbon","url":"https:\/\/hidalgo.nl\/de\/product\/114780\/thermounterhose-bedrucken-isolierend-arbeitskleidung-m-xl-3xl\/","sku":"A403-UPSK140_87170_87167","gtin":"8033546373590","image":{"@type":"ImageObject","url":"https:\/\/shop.hidalgo.nl\/wp-content\/uploads\/2025\/07\/e160e1ab5469a900f91fe63e65f399ceca7a640a215ba06ae5e354db6539c08d.png","@id":"https:\/\/hidalgo.nl\/de\/product\/114780\/thermounterhose-bedrucken-isolierend-arbeitskleidung-m-xl-3xl\/#productImage","width":617,"height":1000},"offers":{"@type":"Offer","url":"https:\/\/hidalgo.nl\/de\/product\/114780\/thermounterhose-bedrucken-isolierend-arbeitskleidung-m-xl-3xl\/#wooCommerceOffer","price":"15.14","priceCurrency":"EUR","category":"Kleding","availability":"https:\/\/schema.org\/InStock","priceSpecification":{"@type":"PriceSpecification","price":15.14,"priceCurrency":"EUR","valueAddedTaxIncluded":"true"}}},{"@type":"Product","@id":"https:\/\/hidalgo.nl\/de\/product\/114780\/thermounterhose-bedrucken-isolierend-arbeitskleidung-m-xl-3xl\/#wooCommerceProduct","name":"UPSK140 - Thermische onderbroek Chamonix - xl, black-carbon","url":"https:\/\/hidalgo.nl\/de\/product\/114780\/thermounterhose-bedrucken-isolierend-arbeitskleidung-m-xl-3xl\/","sku":"A403-UPSK140_87170_87168","gtin":"8033546373606","image":{"@type":"ImageObject","url":"https:\/\/shop.hidalgo.nl\/wp-content\/uploads\/2025\/07\/e160e1ab5469a900f91fe63e65f399ceca7a640a215ba06ae5e354db6539c08d.png","@id":"https:\/\/hidalgo.nl\/de\/product\/114780\/thermounterhose-bedrucken-isolierend-arbeitskleidung-m-xl-3xl\/#productImage","width":617,"height":1000},"offers":{"@type":"Offer","url":"https:\/\/hidalgo.nl\/de\/product\/114780\/thermounterhose-bedrucken-isolierend-arbeitskleidung-m-xl-3xl\/#wooCommerceOffer","price":"15.14","priceCurrency":"EUR","category":"Kleding","availability":"https:\/\/schema.org\/InStock","priceSpecification":{"@type":"PriceSpecification","price":15.14,"priceCurrency":"EUR","valueAddedTaxIncluded":"true"}}},{"@type":"Product","@id":"https:\/\/hidalgo.nl\/de\/product\/114780\/thermounterhose-bedrucken-isolierend-arbeitskleidung-m-xl-3xl\/#wooCommerceProduct","name":"UPSK140 - Thermische onderbroek Chamonix - 3xl, black-carbon","url":"https:\/\/hidalgo.nl\/de\/product\/114780\/thermounterhose-bedrucken-isolierend-arbeitskleidung-m-xl-3xl\/","sku":"A403-UPSK140_87170_87169","gtin":"8033546373613","image":{"@type":"ImageObject","url":"https:\/\/shop.hidalgo.nl\/wp-content\/uploads\/2025\/07\/e160e1ab5469a900f91fe63e65f399ceca7a640a215ba06ae5e354db6539c08d.png","@id":"https:\/\/hidalgo.nl\/de\/product\/114780\/thermounterhose-bedrucken-isolierend-arbeitskleidung-m-xl-3xl\/#productImage","width":617,"height":1000},"offers":{"@type":"Offer","url":"https:\/\/hidalgo.nl\/de\/product\/114780\/thermounterhose-bedrucken-isolierend-arbeitskleidung-m-xl-3xl\/#wooCommerceOffer","price":"15.14","priceCurrency":"EUR","category":"Kleding","availability":"https:\/\/schema.org\/InStock","priceSpecification":{"@type":"PriceSpecification","price":15.14,"priceCurrency":"EUR","valueAddedTaxIncluded":"true"}}}]},{"@type":"WebPage","@id":"https:\/\/hidalgo.nl\/de\/product\/114780\/thermounterhose-bedrucken-isolierend-arbeitskleidung-m-xl-3xl\/#webpage","url":"https:\/\/hidalgo.nl\/de\/product\/114780\/thermounterhose-bedrucken-isolierend-arbeitskleidung-m-xl-3xl\/","name":"Thermounterhose bedrucken Isolierend Arbeitskleidung M XL 3XL","description":"F\u00fcr kalte Eins\u00e4tze h\u00e4lt die lange, isolierende Basislage in Black Carbon dich trocken und beweglich. Verf\u00fcgbar in M, XL, 3XL, M. Du kannst Thermounterw\u00e4sche bedrucken lassen und Thermounterhosen M bis 3XL kaufen - ideal f\u00fcr Teams im Bau und Handwerk.","inLanguage":"de-DE","isPartOf":{"@id":"https:\/\/hidalgo.nl\/de\/#website"},"breadcrumb":{"@id":"https:\/\/hidalgo.nl\/de\/product\/114780\/thermounterhose-bedrucken-isolierend-arbeitskleidung-m-xl-3xl\/#breadcrumblist"},"image":{"@type":"ImageObject","url":"https:\/\/shop.hidalgo.nl\/wp-content\/uploads\/2025\/07\/e160e1ab5469a900f91fe63e65f399ceca7a640a215ba06ae5e354db6539c08d.png","@id":"https:\/\/hidalgo.nl\/de\/product\/114780\/thermounterhose-bedrucken-isolierend-arbeitskleidung-m-xl-3xl\/#mainImage","width":617,"height":1000},"primaryImageOfPage":{"@id":"https:\/\/hidalgo.nl\/de\/product\/114780\/thermounterhose-bedrucken-isolierend-arbeitskleidung-m-xl-3xl\/#mainImage"},"datePublished":"2025-07-07T12:35:58+00:00","dateModified":"2026-03-19T16:14:30+00:00"},{"@type":"WebSite","@id":"https:\/\/hidalgo.nl\/de\/#website","url":"https:\/\/hidalgo.nl\/de\/","name":"Hidalgo","inLanguage":"de-DE","publisher":{"@id":"https:\/\/hidalgo.nl\/de\/#organization"}}]},"og:locale":"de_DE","og:site_name":"Hidalgo -","og:type":"article","og:title":"Thermounterhose bedrucken Isolierend Arbeitskleidung M XL 3XL","og:description":"F\u00fcr kalte Eins\u00e4tze h\u00e4lt die lange, isolierende Basislage in Black Carbon dich trocken und beweglich. Verf\u00fcgbar in M, XL, 3XL, M. Du kannst Thermounterw\u00e4sche bedrucken lassen und Thermounterhosen M bis 3XL kaufen - ideal f\u00fcr Teams im Bau und Handwerk.","og:url":"https:\/\/hidalgo.nl\/de\/wp-json\/wp\/v2\/product\/114780","og:image":"https:\/\/shop.hidalgo.nl\/wp-content\/uploads\/2025\/11\/cropped-Hidalgo-est1993.png","og:image:secure_url":"https:\/\/shop.hidalgo.nl\/wp-content\/uploads\/2025\/11\/cropped-Hidalgo-est1993.png","article:published_time":"2025-07-07T12:35:58+00:00","article:modified_time":"2026-03-19T16:14:30+00:00","twitter:card":"summary_large_image","twitter:title":"Thermounterhose bedrucken Isolierend Arbeitskleidung M XL 3XL","twitter:description":"F\u00fcr kalte Eins\u00e4tze h\u00e4lt die lange, isolierende Basislage in Black Carbon dich trocken und beweglich. Verf\u00fcgbar in M, XL, 3XL, M. Du kannst Thermounterw\u00e4sche bedrucken lassen und Thermounterhosen M bis 3XL kaufen - ideal f\u00fcr Teams im Bau und Handwerk.","twitter:image":"https:\/\/shop.hidalgo.nl\/wp-content\/uploads\/2025\/11\/cropped-Hidalgo-est1993.png"},"aioseo_meta_data":{"post_id":"114780","title":null,"description":null,"keywords":null,"keyphrases":null,"primary_term":null,"canonical_url":null,"og_title":null,"og_description":null,"og_object_type":"default","og_image_type":"default","og_image_url":null,"og_image_width":null,"og_image_height":null,"og_image_custom_url":null,"og_image_custom_fields":null,"og_video":null,"og_custom_url":null,"og_article_section":null,"og_article_tags":null,"twitter_use_og":false,"twitter_card":"default","twitter_image_type":"default","twitter_image_url":null,"twitter_image_custom_url":null,"twitter_image_custom_fields":null,"twitter_title":null,"twitter_description":null,"schema":{"blockGraphs":[],"customGraphs":[],"default":{"data":{"Article":[],"Course":[],"Dataset":[],"FAQPage":[],"Movie":[],"Person":[],"Product":[],"ProductReview":[],"Car":[],"Recipe":[],"Service":[],"SoftwareApplication":[],"WebPage":[]},"graphName":"","isEnabled":true},"graphs":[]},"schema_type":"default","schema_type_options":null,"pillar_content":false,"robots_default":true,"robots_noindex":false,"robots_noarchive":false,"robots_nosnippet":false,"robots_nofollow":false,"robots_noimageindex":false,"robots_noodp":false,"robots_notranslate":false,"robots_max_snippet":null,"robots_max_videopreview":null,"robots_max_imagepreview":"large","priority":null,"frequency":null,"local_seo":null,"seo_analyzer_scan_date":"2026-01-21 14:49:27","breadcrumb_settings":null,"limit_modified_date":false,"reviewed_by":null,"open_ai":null,"ai":null,"created":"2026-01-14 06:25:37","updated":"2026-04-22 22:40:49"},"aioseo_breadcrumb":"<div class=\"aioseo-breadcrumbs\"><span class=\"aioseo-breadcrumb\">\n\t<a href=\"https:\/\/hidalgo.nl\/de\/\" title=\"Home\">Home<\/a>\n<\/span><span class=\"aioseo-breadcrumb-separator\">\u00bb<\/span><span class=\"aioseo-breadcrumb\">\n\t<a href=\"https:\/\/hidalgo.nl\/example\/\" title=\"example\">example<\/a>\n<\/span><span class=\"aioseo-breadcrumb-separator\">\u00bb<\/span><span class=\"aioseo-breadcrumb\">\n\t<a href=\"https:\/\/hidalgo.nl\/en\/product-supplier\/a403\/\" title=\"A403\">A403<\/a>\n<\/span><span class=\"aioseo-breadcrumb-separator\">\u00bb<\/span><span class=\"aioseo-breadcrumb\">\n\tUPSK140 \u2013 Thermische onderbroek Chamonix\n<\/span><\/div>","aioseo_breadcrumb_json":[{"label":"Home","link":"https:\/\/hidalgo.nl\/de\/"},{"label":"example","link":"https:\/\/hidalgo.nl\/example\/"},{"label":"A403","link":"https:\/\/hidalgo.nl\/en\/product-supplier\/a403\/"},{"label":"UPSK140 &#8211; Thermische onderbroek Chamonix","link":"https:\/\/hidalgo.nl\/de\/product\/114780\/thermounterhose-bedrucken-isolierend-arbeitskleidung-m-xl-3xl\/"}],"_links":{"self":[{"href":"https:\/\/hidalgo.nl\/de\/wp-json\/wp\/v2\/product\/114780","targetHints":{"allow":["GET"]}}],"collection":[{"href":"https:\/\/hidalgo.nl\/de\/wp-json\/wp\/v2\/product"}],"about":[{"href":"https:\/\/hidalgo.nl\/de\/wp-json\/wp\/v2\/types\/product"}],"wp:featuredmedia":[{"embeddable":true,"href":"https:\/\/hidalgo.nl\/de\/wp-json\/wp\/v2\/media\/114781"}],"wp:attachment":[{"href":"https:\/\/hidalgo.nl\/de\/wp-json\/wp\/v2\/media?parent=114780"}],"wp:term":[{"taxonomy":"product_brand","embeddable":true,"href":"https:\/\/hidalgo.nl\/de\/wp-json\/wp\/v2\/product_brand?post=114780"},{"taxonomy":"product_cat","embeddable":true,"href":"https:\/\/hidalgo.nl\/de\/wp-json\/wp\/v2\/product_cat?post=114780"},{"taxonomy":"product_tag","embeddable":true,"href":"https:\/\/hidalgo.nl\/de\/wp-json\/wp\/v2\/product_tag?post=114780"}],"curies":[{"name":"wp","href":"https:\/\/api.w.org\/{rel}","templated":true}]}}