{"id":113443,"date":"2025-07-07T12:12:13","date_gmt":"2025-07-07T12:12:13","guid":{"rendered":"http:\/\/bidonsenshakers.pim.hidalgo.nl\/product\/tc810-badstof-poncho\/"},"modified":"2026-03-19T16:16:37","modified_gmt":"2026-03-19T16:16:37","slug":"tc810-badstof-poncho","status":"publish","type":"product","link":"https:\/\/hidalgo.nl\/de\/product\/113443\/mikrofaser-poncho-bedrucken-frottier-kaengurutasche-one-size\/","title":{"rendered":"TC810 &#8211; Badstof poncho"},"content":{"rendered":"<p>100% polyester. Polyester microvezel. Poncho met ingewerkte capuchon. Kangoeroezak met binnenin een gsm-zakje. Zijsplitten.<\/p>\n","protected":false},"excerpt":{"rendered":"<p>100% polyester. Polyester microvezel. Poncho met ingewerkte capuchon. Kangoeroezak met binnenin een gsm-zakje. Zijsplitten.<\/p>\n","protected":false},"featured_media":113446,"template":"","meta":{"_acf_changed":false,"om_disable_all_campaigns":false,"_monsterinsights_skip_tracking":false,"_monsterinsights_sitenote_active":false,"_monsterinsights_sitenote_note":"","_monsterinsights_sitenote_category":0},"product_brand":[1738],"product_cat":[4753,4752],"product_tag":[],"class_list":{"0":"post-113443","1":"product","2":"type-product","3":"status-publish","4":"has-post-thumbnail","6":"product_supplier-a403","7":"product_brand-towel-city","8":"product_cat-handdoeken-badhanddoeken","9":"product_cat-handdoeken","10":"entry","12":"first","13":"instock","14":"taxable","15":"shipping-taxable","16":"purchasable","17":"product-type-variable"},"acf":{"imprint_cost":[{"imprint_cost_key":"33483b79de35c41f6a5968127e3727b83ce2fe0b","product_quantity_price_range":[{"imprint_cost_recommended_selling_price":"0","imprint_cost_recommended_selling_quantity":"1"}],"product_quantity_price_range_buying":false,"imprint_cost_setup_costs":"","imprint_cost_handling_costs":""}]},"aioseo_notices":[],"aioseo_head":"\n\t\t<!-- All in One SEO Pro 4.9.6.2 - aioseo.com -->\n\t<meta name=\"description\" content=\"F\u00fcr Events, Vereine und Strandtage: Hier kannst du deinen Badeponcho bedrucken und als Mikrofaser Poncho kaufen. Schnelltrocknend mit Kapuze und K\u00e4ngurutasche in Black oder Royal; passt in Einheitsgr\u00f6\u00dfe One-size. Hidalgo druckt dein Logo pr\u00e4zise.\" \/>\n\t<meta name=\"robots\" content=\"max-image-preview:large\" \/>\n\t<link rel=\"canonical\" href=\"https:\/\/hidalgo.nl\/de\/wp-json\/wp\/v2\/product\/113443\" \/>\n\t<meta name=\"generator\" content=\"All in One SEO Pro (AIOSEO) 4.9.6.2\" \/>\n\t\t<meta property=\"og:locale\" content=\"de_DE\" \/>\n\t\t<meta property=\"og:site_name\" content=\"Hidalgo -\" \/>\n\t\t<meta property=\"og:type\" content=\"article\" \/>\n\t\t<meta property=\"og:title\" content=\"Mikrofaser Poncho bedrucken Frottier K\u00e4ngurutasche One-size\" \/>\n\t\t<meta property=\"og:description\" content=\"F\u00fcr Events, Vereine und Strandtage: Hier kannst du deinen Badeponcho bedrucken und als Mikrofaser Poncho kaufen. Schnelltrocknend mit Kapuze und K\u00e4ngurutasche in Black oder Royal; passt in Einheitsgr\u00f6\u00dfe One-size. Hidalgo druckt dein Logo pr\u00e4zise.\" \/>\n\t\t<meta property=\"og:url\" content=\"https:\/\/hidalgo.nl\/de\/wp-json\/wp\/v2\/product\/113443\" \/>\n\t\t<meta property=\"og:image\" content=\"https:\/\/shop.hidalgo.nl\/wp-content\/uploads\/2025\/11\/cropped-Hidalgo-est1993.png\" \/>\n\t\t<meta property=\"og:image:secure_url\" content=\"https:\/\/shop.hidalgo.nl\/wp-content\/uploads\/2025\/11\/cropped-Hidalgo-est1993.png\" \/>\n\t\t<meta property=\"article:published_time\" content=\"2025-07-07T12:12:13+00:00\" \/>\n\t\t<meta property=\"article:modified_time\" content=\"2026-03-19T16:16:37+00:00\" \/>\n\t\t<meta name=\"twitter:card\" content=\"summary_large_image\" \/>\n\t\t<meta name=\"twitter:title\" content=\"Mikrofaser Poncho bedrucken Frottier K\u00e4ngurutasche One-size\" \/>\n\t\t<meta name=\"twitter:description\" content=\"F\u00fcr Events, Vereine und Strandtage: Hier kannst du deinen Badeponcho bedrucken und als Mikrofaser Poncho kaufen. Schnelltrocknend mit Kapuze und K\u00e4ngurutasche in Black oder Royal; passt in Einheitsgr\u00f6\u00dfe One-size. Hidalgo druckt dein Logo pr\u00e4zise.\" \/>\n\t\t<meta name=\"twitter:image\" content=\"https:\/\/shop.hidalgo.nl\/wp-content\/uploads\/2025\/11\/cropped-Hidalgo-est1993.png\" \/>\n\t\t<script type=\"application\/ld+json\" class=\"aioseo-schema\">\n\t\t\t{\"@context\":\"https:\\\/\\\/schema.org\",\"@graph\":[{\"@type\":\"BreadcrumbList\",\"@id\":\"https:\\\/\\\/hidalgo.nl\\\/de\\\/product\\\/113443\\\/mikrofaser-poncho-bedrucken-frottier-kaengurutasche-one-size\\\/#breadcrumblist\",\"itemListElement\":[{\"@type\":\"ListItem\",\"@id\":\"https:\\\/\\\/hidalgo.nl\\\/de\\\/#listItem\",\"position\":1,\"name\":\"Home\",\"item\":\"https:\\\/\\\/hidalgo.nl\\\/de\\\/\",\"nextItem\":{\"@type\":\"ListItem\",\"@id\":\"https:\\\/\\\/hidalgo.nl\\\/example\\\/#listItem\",\"name\":\"example\"}},{\"@type\":\"ListItem\",\"@id\":\"https:\\\/\\\/hidalgo.nl\\\/example\\\/#listItem\",\"position\":2,\"name\":\"example\",\"item\":\"https:\\\/\\\/hidalgo.nl\\\/example\\\/\",\"nextItem\":{\"@type\":\"ListItem\",\"@id\":\"https:\\\/\\\/hidalgo.nl\\\/en\\\/product-supplier\\\/a403\\\/#listItem\",\"name\":\"A403\"},\"previousItem\":{\"@type\":\"ListItem\",\"@id\":\"https:\\\/\\\/hidalgo.nl\\\/de\\\/#listItem\",\"name\":\"Home\"}},{\"@type\":\"ListItem\",\"@id\":\"https:\\\/\\\/hidalgo.nl\\\/en\\\/product-supplier\\\/a403\\\/#listItem\",\"position\":3,\"name\":\"A403\",\"item\":\"https:\\\/\\\/hidalgo.nl\\\/en\\\/product-supplier\\\/a403\\\/\",\"nextItem\":{\"@type\":\"ListItem\",\"@id\":\"https:\\\/\\\/hidalgo.nl\\\/de\\\/product\\\/113443\\\/mikrofaser-poncho-bedrucken-frottier-kaengurutasche-one-size\\\/#listItem\",\"name\":\"TC810 &#8211; Badstof poncho\"},\"previousItem\":{\"@type\":\"ListItem\",\"@id\":\"https:\\\/\\\/hidalgo.nl\\\/example\\\/#listItem\",\"name\":\"example\"}},{\"@type\":\"ListItem\",\"@id\":\"https:\\\/\\\/hidalgo.nl\\\/de\\\/product\\\/113443\\\/mikrofaser-poncho-bedrucken-frottier-kaengurutasche-one-size\\\/#listItem\",\"position\":4,\"name\":\"TC810 &#8211; Badstof poncho\",\"previousItem\":{\"@type\":\"ListItem\",\"@id\":\"https:\\\/\\\/hidalgo.nl\\\/en\\\/product-supplier\\\/a403\\\/#listItem\",\"name\":\"A403\"}}]},{\"@type\":\"Organization\",\"@id\":\"https:\\\/\\\/hidalgo.nl\\\/de\\\/#organization\",\"name\":\"Hidalgo\",\"url\":\"https:\\\/\\\/hidalgo.nl\\\/de\\\/\",\"logo\":{\"@type\":\"ImageObject\",\"url\":\"https:\\\/\\\/shop.hidalgo.nl\\\/wp-content\\\/uploads\\\/2025\\\/11\\\/cropped-Hidalgo-est1993.png\",\"@id\":\"https:\\\/\\\/hidalgo.nl\\\/de\\\/product\\\/113443\\\/mikrofaser-poncho-bedrucken-frottier-kaengurutasche-one-size\\\/#organizationLogo\",\"width\":585,\"height\":195},\"image\":{\"@id\":\"https:\\\/\\\/hidalgo.nl\\\/de\\\/product\\\/113443\\\/mikrofaser-poncho-bedrucken-frottier-kaengurutasche-one-size\\\/#organizationLogo\"}},{\"@type\":\"ProductGroup\",\"@id\":\"https:\\\/\\\/hidalgo.nl\\\/de\\\/product\\\/113443\\\/mikrofaser-poncho-bedrucken-frottier-kaengurutasche-one-size\\\/#wooCommerceProduct\",\"name\":\"Mikrofaser Poncho bedrucken Frottier K\\u00e4ngurutasche One-size\",\"url\":\"https:\\\/\\\/hidalgo.nl\\\/de\\\/product\\\/113443\\\/mikrofaser-poncho-bedrucken-frottier-kaengurutasche-one-size\\\/\",\"brand\":{\"@type\":\"Brand\",\"name\":\"Towel City\"},\"sku\":\"A403-TC810\",\"image\":{\"@type\":\"ImageObject\",\"url\":\"https:\\\/\\\/shop.hidalgo.nl\\\/wp-content\\\/uploads\\\/2025\\\/07\\\/f75d507be09904ce8948f5baca39671997c927877fa680f8c1df5e4c81cb742b.png\",\"@id\":\"https:\\\/\\\/hidalgo.nl\\\/de\\\/product\\\/113443\\\/mikrofaser-poncho-bedrucken-frottier-kaengurutasche-one-size\\\/#productImage\",\"width\":744,\"height\":1000},\"productGroupID\":113443,\"hasVariant\":[{\"@type\":\"Product\",\"@id\":\"https:\\\/\\\/hidalgo.nl\\\/de\\\/product\\\/113443\\\/mikrofaser-poncho-bedrucken-frottier-kaengurutasche-one-size\\\/#wooCommerceProduct\",\"name\":\"TC810 - Badstof poncho - , black\",\"url\":\"https:\\\/\\\/hidalgo.nl\\\/de\\\/product\\\/113443\\\/mikrofaser-poncho-bedrucken-frottier-kaengurutasche-one-size\\\/\",\"sku\":\"A403-TC810_77736_77735\",\"gtin\":\"5056375818004\",\"image\":{\"@type\":\"ImageObject\",\"url\":\"https:\\\/\\\/shop.hidalgo.nl\\\/wp-content\\\/uploads\\\/2025\\\/07\\\/f75d507be09904ce8948f5baca39671997c927877fa680f8c1df5e4c81cb742b.png\",\"@id\":\"https:\\\/\\\/hidalgo.nl\\\/de\\\/product\\\/113443\\\/mikrofaser-poncho-bedrucken-frottier-kaengurutasche-one-size\\\/#productImage\",\"width\":744,\"height\":1000},\"offers\":{\"@type\":\"Offer\",\"url\":\"https:\\\/\\\/hidalgo.nl\\\/de\\\/product\\\/113443\\\/mikrofaser-poncho-bedrucken-frottier-kaengurutasche-one-size\\\/#wooCommerceOffer\",\"price\":\"23.28\",\"priceCurrency\":\"EUR\",\"category\":\"Handdoeken\",\"availability\":\"https:\\\/\\\/schema.org\\\/InStock\",\"priceSpecification\":{\"@type\":\"PriceSpecification\",\"price\":23.28,\"priceCurrency\":\"EUR\",\"valueAddedTaxIncluded\":\"true\"}}},{\"@type\":\"Product\",\"@id\":\"https:\\\/\\\/hidalgo.nl\\\/de\\\/product\\\/113443\\\/mikrofaser-poncho-bedrucken-frottier-kaengurutasche-one-size\\\/#wooCommerceProduct\",\"name\":\"TC810 - Badstof poncho - , royal\",\"url\":\"https:\\\/\\\/hidalgo.nl\\\/de\\\/product\\\/113443\\\/mikrofaser-poncho-bedrucken-frottier-kaengurutasche-one-size\\\/\",\"sku\":\"A403-TC810_77738_77735\",\"gtin\":\"5056375818028\",\"image\":{\"@type\":\"ImageObject\",\"url\":\"https:\\\/\\\/shop.hidalgo.nl\\\/wp-content\\\/uploads\\\/2025\\\/07\\\/4c1d59c3f27987b579b5c9ce12e1f1642e2bbb37a6cbe286053bc9c635353bb7.png\",\"@id\":\"https:\\\/\\\/hidalgo.nl\\\/de\\\/product\\\/113443\\\/mikrofaser-poncho-bedrucken-frottier-kaengurutasche-one-size\\\/#productImage\",\"width\":744,\"height\":1000},\"offers\":{\"@type\":\"Offer\",\"url\":\"https:\\\/\\\/hidalgo.nl\\\/de\\\/product\\\/113443\\\/mikrofaser-poncho-bedrucken-frottier-kaengurutasche-one-size\\\/#wooCommerceOffer\",\"price\":\"23.28\",\"priceCurrency\":\"EUR\",\"category\":\"Handdoeken\",\"availability\":\"https:\\\/\\\/schema.org\\\/InStock\",\"priceSpecification\":{\"@type\":\"PriceSpecification\",\"price\":23.28,\"priceCurrency\":\"EUR\",\"valueAddedTaxIncluded\":\"true\"}}}]},{\"@type\":\"WebPage\",\"@id\":\"https:\\\/\\\/hidalgo.nl\\\/de\\\/product\\\/113443\\\/mikrofaser-poncho-bedrucken-frottier-kaengurutasche-one-size\\\/#webpage\",\"url\":\"https:\\\/\\\/hidalgo.nl\\\/de\\\/product\\\/113443\\\/mikrofaser-poncho-bedrucken-frottier-kaengurutasche-one-size\\\/\",\"name\":\"Mikrofaser Poncho bedrucken Frottier K\\u00e4ngurutasche One-size\",\"description\":\"F\\u00fcr Events, Vereine und Strandtage: Hier kannst du deinen Badeponcho bedrucken und als Mikrofaser Poncho kaufen. Schnelltrocknend mit Kapuze und K\\u00e4ngurutasche in Black oder Royal; passt in Einheitsgr\\u00f6\\u00dfe One-size. Hidalgo druckt dein Logo pr\\u00e4zise.\",\"inLanguage\":\"de-DE\",\"isPartOf\":{\"@id\":\"https:\\\/\\\/hidalgo.nl\\\/de\\\/#website\"},\"breadcrumb\":{\"@id\":\"https:\\\/\\\/hidalgo.nl\\\/de\\\/product\\\/113443\\\/mikrofaser-poncho-bedrucken-frottier-kaengurutasche-one-size\\\/#breadcrumblist\"},\"image\":{\"@type\":\"ImageObject\",\"url\":\"https:\\\/\\\/shop.hidalgo.nl\\\/wp-content\\\/uploads\\\/2025\\\/07\\\/f75d507be09904ce8948f5baca39671997c927877fa680f8c1df5e4c81cb742b.png\",\"@id\":\"https:\\\/\\\/hidalgo.nl\\\/de\\\/product\\\/113443\\\/mikrofaser-poncho-bedrucken-frottier-kaengurutasche-one-size\\\/#mainImage\",\"width\":744,\"height\":1000},\"primaryImageOfPage\":{\"@id\":\"https:\\\/\\\/hidalgo.nl\\\/de\\\/product\\\/113443\\\/mikrofaser-poncho-bedrucken-frottier-kaengurutasche-one-size\\\/#mainImage\"},\"datePublished\":\"2025-07-07T12:12:13+00:00\",\"dateModified\":\"2026-03-19T16:16:37+00:00\"},{\"@type\":\"WebSite\",\"@id\":\"https:\\\/\\\/hidalgo.nl\\\/de\\\/#website\",\"url\":\"https:\\\/\\\/hidalgo.nl\\\/de\\\/\",\"name\":\"Hidalgo\",\"inLanguage\":\"de-DE\",\"publisher\":{\"@id\":\"https:\\\/\\\/hidalgo.nl\\\/de\\\/#organization\"}}]}\n\t\t<\/script>\n\t\t<!-- All in One SEO Pro -->\r\n\t\t<title>Mikrofaser Poncho bedrucken Frottier K\u00e4ngurutasche One-size<\/title>\n\n","aioseo_head_json":{"title":"Mikrofaser Poncho bedrucken Frottier K\u00e4ngurutasche One-size","description":"F\u00fcr Events, Vereine und Strandtage: Hier kannst du deinen Badeponcho bedrucken und als Mikrofaser Poncho kaufen. Schnelltrocknend mit Kapuze und K\u00e4ngurutasche in Black oder Royal; passt in Einheitsgr\u00f6\u00dfe One-size. Hidalgo druckt dein Logo pr\u00e4zise.","canonical_url":"https:\/\/hidalgo.nl\/de\/wp-json\/wp\/v2\/product\/113443","robots":"max-image-preview:large","keywords":"","webmasterTools":{"miscellaneous":""},"schema":{"@context":"https:\/\/schema.org","@graph":[{"@type":"BreadcrumbList","@id":"https:\/\/hidalgo.nl\/de\/product\/113443\/mikrofaser-poncho-bedrucken-frottier-kaengurutasche-one-size\/#breadcrumblist","itemListElement":[{"@type":"ListItem","@id":"https:\/\/hidalgo.nl\/de\/#listItem","position":1,"name":"Home","item":"https:\/\/hidalgo.nl\/de\/","nextItem":{"@type":"ListItem","@id":"https:\/\/hidalgo.nl\/example\/#listItem","name":"example"}},{"@type":"ListItem","@id":"https:\/\/hidalgo.nl\/example\/#listItem","position":2,"name":"example","item":"https:\/\/hidalgo.nl\/example\/","nextItem":{"@type":"ListItem","@id":"https:\/\/hidalgo.nl\/en\/product-supplier\/a403\/#listItem","name":"A403"},"previousItem":{"@type":"ListItem","@id":"https:\/\/hidalgo.nl\/de\/#listItem","name":"Home"}},{"@type":"ListItem","@id":"https:\/\/hidalgo.nl\/en\/product-supplier\/a403\/#listItem","position":3,"name":"A403","item":"https:\/\/hidalgo.nl\/en\/product-supplier\/a403\/","nextItem":{"@type":"ListItem","@id":"https:\/\/hidalgo.nl\/de\/product\/113443\/mikrofaser-poncho-bedrucken-frottier-kaengurutasche-one-size\/#listItem","name":"TC810 &#8211; Badstof poncho"},"previousItem":{"@type":"ListItem","@id":"https:\/\/hidalgo.nl\/example\/#listItem","name":"example"}},{"@type":"ListItem","@id":"https:\/\/hidalgo.nl\/de\/product\/113443\/mikrofaser-poncho-bedrucken-frottier-kaengurutasche-one-size\/#listItem","position":4,"name":"TC810 &#8211; Badstof poncho","previousItem":{"@type":"ListItem","@id":"https:\/\/hidalgo.nl\/en\/product-supplier\/a403\/#listItem","name":"A403"}}]},{"@type":"Organization","@id":"https:\/\/hidalgo.nl\/de\/#organization","name":"Hidalgo","url":"https:\/\/hidalgo.nl\/de\/","logo":{"@type":"ImageObject","url":"https:\/\/shop.hidalgo.nl\/wp-content\/uploads\/2025\/11\/cropped-Hidalgo-est1993.png","@id":"https:\/\/hidalgo.nl\/de\/product\/113443\/mikrofaser-poncho-bedrucken-frottier-kaengurutasche-one-size\/#organizationLogo","width":585,"height":195},"image":{"@id":"https:\/\/hidalgo.nl\/de\/product\/113443\/mikrofaser-poncho-bedrucken-frottier-kaengurutasche-one-size\/#organizationLogo"}},{"@type":"ProductGroup","@id":"https:\/\/hidalgo.nl\/de\/product\/113443\/mikrofaser-poncho-bedrucken-frottier-kaengurutasche-one-size\/#wooCommerceProduct","name":"Mikrofaser Poncho bedrucken Frottier K\u00e4ngurutasche One-size","url":"https:\/\/hidalgo.nl\/de\/product\/113443\/mikrofaser-poncho-bedrucken-frottier-kaengurutasche-one-size\/","brand":{"@type":"Brand","name":"Towel City"},"sku":"A403-TC810","image":{"@type":"ImageObject","url":"https:\/\/shop.hidalgo.nl\/wp-content\/uploads\/2025\/07\/f75d507be09904ce8948f5baca39671997c927877fa680f8c1df5e4c81cb742b.png","@id":"https:\/\/hidalgo.nl\/de\/product\/113443\/mikrofaser-poncho-bedrucken-frottier-kaengurutasche-one-size\/#productImage","width":744,"height":1000},"productGroupID":113443,"hasVariant":[{"@type":"Product","@id":"https:\/\/hidalgo.nl\/de\/product\/113443\/mikrofaser-poncho-bedrucken-frottier-kaengurutasche-one-size\/#wooCommerceProduct","name":"TC810 - Badstof poncho - , black","url":"https:\/\/hidalgo.nl\/de\/product\/113443\/mikrofaser-poncho-bedrucken-frottier-kaengurutasche-one-size\/","sku":"A403-TC810_77736_77735","gtin":"5056375818004","image":{"@type":"ImageObject","url":"https:\/\/shop.hidalgo.nl\/wp-content\/uploads\/2025\/07\/f75d507be09904ce8948f5baca39671997c927877fa680f8c1df5e4c81cb742b.png","@id":"https:\/\/hidalgo.nl\/de\/product\/113443\/mikrofaser-poncho-bedrucken-frottier-kaengurutasche-one-size\/#productImage","width":744,"height":1000},"offers":{"@type":"Offer","url":"https:\/\/hidalgo.nl\/de\/product\/113443\/mikrofaser-poncho-bedrucken-frottier-kaengurutasche-one-size\/#wooCommerceOffer","price":"23.28","priceCurrency":"EUR","category":"Handdoeken","availability":"https:\/\/schema.org\/InStock","priceSpecification":{"@type":"PriceSpecification","price":23.28,"priceCurrency":"EUR","valueAddedTaxIncluded":"true"}}},{"@type":"Product","@id":"https:\/\/hidalgo.nl\/de\/product\/113443\/mikrofaser-poncho-bedrucken-frottier-kaengurutasche-one-size\/#wooCommerceProduct","name":"TC810 - Badstof poncho - , royal","url":"https:\/\/hidalgo.nl\/de\/product\/113443\/mikrofaser-poncho-bedrucken-frottier-kaengurutasche-one-size\/","sku":"A403-TC810_77738_77735","gtin":"5056375818028","image":{"@type":"ImageObject","url":"https:\/\/shop.hidalgo.nl\/wp-content\/uploads\/2025\/07\/4c1d59c3f27987b579b5c9ce12e1f1642e2bbb37a6cbe286053bc9c635353bb7.png","@id":"https:\/\/hidalgo.nl\/de\/product\/113443\/mikrofaser-poncho-bedrucken-frottier-kaengurutasche-one-size\/#productImage","width":744,"height":1000},"offers":{"@type":"Offer","url":"https:\/\/hidalgo.nl\/de\/product\/113443\/mikrofaser-poncho-bedrucken-frottier-kaengurutasche-one-size\/#wooCommerceOffer","price":"23.28","priceCurrency":"EUR","category":"Handdoeken","availability":"https:\/\/schema.org\/InStock","priceSpecification":{"@type":"PriceSpecification","price":23.28,"priceCurrency":"EUR","valueAddedTaxIncluded":"true"}}}]},{"@type":"WebPage","@id":"https:\/\/hidalgo.nl\/de\/product\/113443\/mikrofaser-poncho-bedrucken-frottier-kaengurutasche-one-size\/#webpage","url":"https:\/\/hidalgo.nl\/de\/product\/113443\/mikrofaser-poncho-bedrucken-frottier-kaengurutasche-one-size\/","name":"Mikrofaser Poncho bedrucken Frottier K\u00e4ngurutasche One-size","description":"F\u00fcr Events, Vereine und Strandtage: Hier kannst du deinen Badeponcho bedrucken und als Mikrofaser Poncho kaufen. Schnelltrocknend mit Kapuze und K\u00e4ngurutasche in Black oder Royal; passt in Einheitsgr\u00f6\u00dfe One-size. Hidalgo druckt dein Logo pr\u00e4zise.","inLanguage":"de-DE","isPartOf":{"@id":"https:\/\/hidalgo.nl\/de\/#website"},"breadcrumb":{"@id":"https:\/\/hidalgo.nl\/de\/product\/113443\/mikrofaser-poncho-bedrucken-frottier-kaengurutasche-one-size\/#breadcrumblist"},"image":{"@type":"ImageObject","url":"https:\/\/shop.hidalgo.nl\/wp-content\/uploads\/2025\/07\/f75d507be09904ce8948f5baca39671997c927877fa680f8c1df5e4c81cb742b.png","@id":"https:\/\/hidalgo.nl\/de\/product\/113443\/mikrofaser-poncho-bedrucken-frottier-kaengurutasche-one-size\/#mainImage","width":744,"height":1000},"primaryImageOfPage":{"@id":"https:\/\/hidalgo.nl\/de\/product\/113443\/mikrofaser-poncho-bedrucken-frottier-kaengurutasche-one-size\/#mainImage"},"datePublished":"2025-07-07T12:12:13+00:00","dateModified":"2026-03-19T16:16:37+00:00"},{"@type":"WebSite","@id":"https:\/\/hidalgo.nl\/de\/#website","url":"https:\/\/hidalgo.nl\/de\/","name":"Hidalgo","inLanguage":"de-DE","publisher":{"@id":"https:\/\/hidalgo.nl\/de\/#organization"}}]},"og:locale":"de_DE","og:site_name":"Hidalgo -","og:type":"article","og:title":"Mikrofaser Poncho bedrucken Frottier K\u00e4ngurutasche One-size","og:description":"F\u00fcr Events, Vereine und Strandtage: Hier kannst du deinen Badeponcho bedrucken und als Mikrofaser Poncho kaufen. Schnelltrocknend mit Kapuze und K\u00e4ngurutasche in Black oder Royal; passt in Einheitsgr\u00f6\u00dfe One-size. Hidalgo druckt dein Logo pr\u00e4zise.","og:url":"https:\/\/hidalgo.nl\/de\/wp-json\/wp\/v2\/product\/113443","og:image":"https:\/\/shop.hidalgo.nl\/wp-content\/uploads\/2025\/11\/cropped-Hidalgo-est1993.png","og:image:secure_url":"https:\/\/shop.hidalgo.nl\/wp-content\/uploads\/2025\/11\/cropped-Hidalgo-est1993.png","article:published_time":"2025-07-07T12:12:13+00:00","article:modified_time":"2026-03-19T16:16:37+00:00","twitter:card":"summary_large_image","twitter:title":"Mikrofaser Poncho bedrucken Frottier K\u00e4ngurutasche One-size","twitter:description":"F\u00fcr Events, Vereine und Strandtage: Hier kannst du deinen Badeponcho bedrucken und als Mikrofaser Poncho kaufen. Schnelltrocknend mit Kapuze und K\u00e4ngurutasche in Black oder Royal; passt in Einheitsgr\u00f6\u00dfe One-size. Hidalgo druckt dein Logo pr\u00e4zise.","twitter:image":"https:\/\/shop.hidalgo.nl\/wp-content\/uploads\/2025\/11\/cropped-Hidalgo-est1993.png"},"aioseo_meta_data":{"post_id":"113443","title":null,"description":null,"keywords":null,"keyphrases":null,"primary_term":null,"canonical_url":null,"og_title":null,"og_description":null,"og_object_type":"default","og_image_type":"default","og_image_url":null,"og_image_width":null,"og_image_height":null,"og_image_custom_url":null,"og_image_custom_fields":null,"og_video":null,"og_custom_url":null,"og_article_section":null,"og_article_tags":null,"twitter_use_og":false,"twitter_card":"default","twitter_image_type":"default","twitter_image_url":null,"twitter_image_custom_url":null,"twitter_image_custom_fields":null,"twitter_title":null,"twitter_description":null,"schema":{"blockGraphs":[],"customGraphs":[],"default":{"data":{"Article":[],"Course":[],"Dataset":[],"FAQPage":[],"Movie":[],"Person":[],"Product":[],"ProductReview":[],"Car":[],"Recipe":[],"Service":[],"SoftwareApplication":[],"WebPage":[]},"graphName":"","isEnabled":true},"graphs":[]},"schema_type":"default","schema_type_options":null,"pillar_content":false,"robots_default":true,"robots_noindex":false,"robots_noarchive":false,"robots_nosnippet":false,"robots_nofollow":false,"robots_noimageindex":false,"robots_noodp":false,"robots_notranslate":false,"robots_max_snippet":null,"robots_max_videopreview":null,"robots_max_imagepreview":"large","priority":null,"frequency":null,"local_seo":null,"seo_analyzer_scan_date":"2026-01-21 14:35:19","breadcrumb_settings":null,"limit_modified_date":false,"reviewed_by":null,"open_ai":null,"ai":null,"created":"2026-01-14 06:25:37","updated":"2026-04-22 22:26:51"},"aioseo_breadcrumb":"<div class=\"aioseo-breadcrumbs\"><span class=\"aioseo-breadcrumb\">\n\t<a href=\"https:\/\/hidalgo.nl\/de\/\" title=\"Home\">Home<\/a>\n<\/span><span class=\"aioseo-breadcrumb-separator\">\u00bb<\/span><span class=\"aioseo-breadcrumb\">\n\t<a href=\"https:\/\/hidalgo.nl\/example\/\" title=\"example\">example<\/a>\n<\/span><span class=\"aioseo-breadcrumb-separator\">\u00bb<\/span><span class=\"aioseo-breadcrumb\">\n\t<a href=\"https:\/\/hidalgo.nl\/en\/product-supplier\/a403\/\" title=\"A403\">A403<\/a>\n<\/span><span class=\"aioseo-breadcrumb-separator\">\u00bb<\/span><span class=\"aioseo-breadcrumb\">\n\tTC810 \u2013 Badstof poncho\n<\/span><\/div>","aioseo_breadcrumb_json":[{"label":"Home","link":"https:\/\/hidalgo.nl\/de\/"},{"label":"example","link":"https:\/\/hidalgo.nl\/example\/"},{"label":"A403","link":"https:\/\/hidalgo.nl\/en\/product-supplier\/a403\/"},{"label":"TC810 &#8211; Badstof poncho","link":"https:\/\/hidalgo.nl\/de\/product\/113443\/mikrofaser-poncho-bedrucken-frottier-kaengurutasche-one-size\/"}],"_links":{"self":[{"href":"https:\/\/hidalgo.nl\/de\/wp-json\/wp\/v2\/product\/113443","targetHints":{"allow":["GET"]}}],"collection":[{"href":"https:\/\/hidalgo.nl\/de\/wp-json\/wp\/v2\/product"}],"about":[{"href":"https:\/\/hidalgo.nl\/de\/wp-json\/wp\/v2\/types\/product"}],"wp:featuredmedia":[{"embeddable":true,"href":"https:\/\/hidalgo.nl\/de\/wp-json\/wp\/v2\/media\/113446"}],"wp:attachment":[{"href":"https:\/\/hidalgo.nl\/de\/wp-json\/wp\/v2\/media?parent=113443"}],"wp:term":[{"taxonomy":"product_brand","embeddable":true,"href":"https:\/\/hidalgo.nl\/de\/wp-json\/wp\/v2\/product_brand?post=113443"},{"taxonomy":"product_cat","embeddable":true,"href":"https:\/\/hidalgo.nl\/de\/wp-json\/wp\/v2\/product_cat?post=113443"},{"taxonomy":"product_tag","embeddable":true,"href":"https:\/\/hidalgo.nl\/de\/wp-json\/wp\/v2\/product_tag?post=113443"}],"curies":[{"name":"wp","href":"https:\/\/api.w.org\/{rel}","templated":true}]}}