{"id":113410,"date":"2025-07-07T12:11:22","date_gmt":"2025-07-07T12:11:22","guid":{"rendered":"http:\/\/bidonsenshakers.pim.hidalgo.nl\/product\/tc062-beauty-hairband\/"},"modified":"2026-03-19T16:16:53","modified_gmt":"2026-03-19T16:16:53","slug":"tc062-beauty-hairband","status":"publish","type":"product","link":"https:\/\/hidalgo.nl\/de\/product\/113410\/spa-salon-stirnband-bedrucken-verstellbar-baumwolle-one-size\/","title":{"rendered":"TC062 &#8211; Beauty Hairband"},"content":{"rendered":"<p>80% katoen \/ 20% polyester. Verstelbaar door middel van klittenband.<\/p>\n","protected":false},"excerpt":{"rendered":"<p>80% katoen \/ 20% polyester. Verstelbaar door middel van klittenband.<\/p>\n","protected":false},"featured_media":113413,"template":"","meta":{"_acf_changed":false,"om_disable_all_campaigns":false,"_monsterinsights_skip_tracking":false,"_monsterinsights_sitenote_active":false,"_monsterinsights_sitenote_note":"","_monsterinsights_sitenote_category":0},"product_brand":[1738],"product_cat":[4716,4867,4850],"product_tag":[],"class_list":{"0":"post-113410","1":"product","2":"type-product","3":"status-publish","4":"has-post-thumbnail","6":"product_supplier-a403","7":"product_brand-towel-city","8":"product_cat-kleding","9":"product_cat-kleding-werkkleding-spa-en-salon-kleding","10":"product_cat-kleding-werkkleding","11":"entry","13":"first","14":"instock","15":"taxable","16":"shipping-taxable","17":"purchasable","18":"product-type-variable"},"acf":{"imprint_cost":[{"imprint_cost_key":"33483b79de35c41f6a5968127e3727b83ce2fe0b","product_quantity_price_range":[{"imprint_cost_recommended_selling_price":"0","imprint_cost_recommended_selling_quantity":"1"}],"product_quantity_price_range_buying":false,"imprint_cost_setup_costs":"","imprint_cost_handling_costs":""}]},"aioseo_notices":[],"aioseo_head":"\n\t\t<!-- All in One SEO Pro 4.9.6.2 - aioseo.com -->\n\t<meta name=\"description\" content=\"F\u00fcr Studio, Spa und Hotelalltag geeignet, weich und per Klett verstellbar in Wei\u00df. Bei Hidalgo kannst du dein Logo auf Frottier setzen Haarband bedrucken und so dein Branding st\u00e4rken. One Size sitzt sicher; Kosmetik Haarband kaufen ohne Gr\u00f6\u00dfenstress.\" \/>\n\t<meta name=\"robots\" content=\"max-image-preview:large\" \/>\n\t<link rel=\"canonical\" href=\"https:\/\/hidalgo.nl\/de\/wp-json\/wp\/v2\/product\/113410\" \/>\n\t<meta name=\"generator\" content=\"All in One SEO Pro (AIOSEO) 4.9.6.2\" \/>\n\t\t<meta property=\"og:locale\" content=\"de_DE\" \/>\n\t\t<meta property=\"og:site_name\" content=\"Hidalgo -\" \/>\n\t\t<meta property=\"og:type\" content=\"article\" \/>\n\t\t<meta property=\"og:title\" content=\"Spa Salon Stirnband bedrucken verstellbar Baumwolle One-size\" \/>\n\t\t<meta property=\"og:description\" content=\"F\u00fcr Studio, Spa und Hotelalltag geeignet, weich und per Klett verstellbar in Wei\u00df. Bei Hidalgo kannst du dein Logo auf Frottier setzen Haarband bedrucken und so dein Branding st\u00e4rken. One Size sitzt sicher; Kosmetik Haarband kaufen ohne Gr\u00f6\u00dfenstress.\" \/>\n\t\t<meta property=\"og:url\" content=\"https:\/\/hidalgo.nl\/de\/wp-json\/wp\/v2\/product\/113410\" \/>\n\t\t<meta property=\"og:image\" content=\"https:\/\/shop.hidalgo.nl\/wp-content\/uploads\/2025\/11\/cropped-Hidalgo-est1993.png\" \/>\n\t\t<meta property=\"og:image:secure_url\" content=\"https:\/\/shop.hidalgo.nl\/wp-content\/uploads\/2025\/11\/cropped-Hidalgo-est1993.png\" \/>\n\t\t<meta property=\"article:published_time\" content=\"2025-07-07T12:11:22+00:00\" \/>\n\t\t<meta property=\"article:modified_time\" content=\"2026-03-19T16:16:53+00:00\" \/>\n\t\t<meta name=\"twitter:card\" content=\"summary_large_image\" \/>\n\t\t<meta name=\"twitter:title\" content=\"Spa Salon Stirnband bedrucken verstellbar Baumwolle One-size\" \/>\n\t\t<meta name=\"twitter:description\" content=\"F\u00fcr Studio, Spa und Hotelalltag geeignet, weich und per Klett verstellbar in Wei\u00df. Bei Hidalgo kannst du dein Logo auf Frottier setzen Haarband bedrucken und so dein Branding st\u00e4rken. One Size sitzt sicher; Kosmetik Haarband kaufen ohne Gr\u00f6\u00dfenstress.\" \/>\n\t\t<meta name=\"twitter:image\" content=\"https:\/\/shop.hidalgo.nl\/wp-content\/uploads\/2025\/11\/cropped-Hidalgo-est1993.png\" \/>\n\t\t<script type=\"application\/ld+json\" class=\"aioseo-schema\">\n\t\t\t{\"@context\":\"https:\\\/\\\/schema.org\",\"@graph\":[{\"@type\":\"BreadcrumbList\",\"@id\":\"https:\\\/\\\/hidalgo.nl\\\/de\\\/product\\\/113410\\\/spa-salon-stirnband-bedrucken-verstellbar-baumwolle-one-size\\\/#breadcrumblist\",\"itemListElement\":[{\"@type\":\"ListItem\",\"@id\":\"https:\\\/\\\/hidalgo.nl\\\/de\\\/#listItem\",\"position\":1,\"name\":\"Home\",\"item\":\"https:\\\/\\\/hidalgo.nl\\\/de\\\/\",\"nextItem\":{\"@type\":\"ListItem\",\"@id\":\"https:\\\/\\\/hidalgo.nl\\\/example\\\/#listItem\",\"name\":\"example\"}},{\"@type\":\"ListItem\",\"@id\":\"https:\\\/\\\/hidalgo.nl\\\/example\\\/#listItem\",\"position\":2,\"name\":\"example\",\"item\":\"https:\\\/\\\/hidalgo.nl\\\/example\\\/\",\"nextItem\":{\"@type\":\"ListItem\",\"@id\":\"https:\\\/\\\/hidalgo.nl\\\/en\\\/product-supplier\\\/a403\\\/#listItem\",\"name\":\"A403\"},\"previousItem\":{\"@type\":\"ListItem\",\"@id\":\"https:\\\/\\\/hidalgo.nl\\\/de\\\/#listItem\",\"name\":\"Home\"}},{\"@type\":\"ListItem\",\"@id\":\"https:\\\/\\\/hidalgo.nl\\\/en\\\/product-supplier\\\/a403\\\/#listItem\",\"position\":3,\"name\":\"A403\",\"item\":\"https:\\\/\\\/hidalgo.nl\\\/en\\\/product-supplier\\\/a403\\\/\",\"nextItem\":{\"@type\":\"ListItem\",\"@id\":\"https:\\\/\\\/hidalgo.nl\\\/de\\\/product\\\/113410\\\/spa-salon-stirnband-bedrucken-verstellbar-baumwolle-one-size\\\/#listItem\",\"name\":\"TC062 &#8211; Beauty Hairband\"},\"previousItem\":{\"@type\":\"ListItem\",\"@id\":\"https:\\\/\\\/hidalgo.nl\\\/example\\\/#listItem\",\"name\":\"example\"}},{\"@type\":\"ListItem\",\"@id\":\"https:\\\/\\\/hidalgo.nl\\\/de\\\/product\\\/113410\\\/spa-salon-stirnband-bedrucken-verstellbar-baumwolle-one-size\\\/#listItem\",\"position\":4,\"name\":\"TC062 &#8211; Beauty Hairband\",\"previousItem\":{\"@type\":\"ListItem\",\"@id\":\"https:\\\/\\\/hidalgo.nl\\\/en\\\/product-supplier\\\/a403\\\/#listItem\",\"name\":\"A403\"}}]},{\"@type\":\"Organization\",\"@id\":\"https:\\\/\\\/hidalgo.nl\\\/de\\\/#organization\",\"name\":\"Hidalgo\",\"url\":\"https:\\\/\\\/hidalgo.nl\\\/de\\\/\",\"logo\":{\"@type\":\"ImageObject\",\"url\":\"https:\\\/\\\/shop.hidalgo.nl\\\/wp-content\\\/uploads\\\/2025\\\/11\\\/cropped-Hidalgo-est1993.png\",\"@id\":\"https:\\\/\\\/hidalgo.nl\\\/de\\\/product\\\/113410\\\/spa-salon-stirnband-bedrucken-verstellbar-baumwolle-one-size\\\/#organizationLogo\",\"width\":585,\"height\":195},\"image\":{\"@id\":\"https:\\\/\\\/hidalgo.nl\\\/de\\\/product\\\/113410\\\/spa-salon-stirnband-bedrucken-verstellbar-baumwolle-one-size\\\/#organizationLogo\"}},{\"@type\":\"ProductGroup\",\"@id\":\"https:\\\/\\\/hidalgo.nl\\\/de\\\/product\\\/113410\\\/spa-salon-stirnband-bedrucken-verstellbar-baumwolle-one-size\\\/#wooCommerceProduct\",\"name\":\"Spa Salon Stirnband bedrucken verstellbar Baumwolle One-size\",\"url\":\"https:\\\/\\\/hidalgo.nl\\\/de\\\/product\\\/113410\\\/spa-salon-stirnband-bedrucken-verstellbar-baumwolle-one-size\\\/\",\"brand\":{\"@type\":\"Brand\",\"name\":\"Towel City\"},\"sku\":\"A403-TC062\",\"image\":{\"@type\":\"ImageObject\",\"url\":\"https:\\\/\\\/shop.hidalgo.nl\\\/wp-content\\\/uploads\\\/2025\\\/07\\\/18e9249c0ffb09d4a150eb5d7060c50e8dad61faa3aeb053fcf1797ac1c419b8.png\",\"@id\":\"https:\\\/\\\/hidalgo.nl\\\/de\\\/product\\\/113410\\\/spa-salon-stirnband-bedrucken-verstellbar-baumwolle-one-size\\\/#productImage\",\"width\":1000,\"height\":452},\"productGroupID\":113410,\"hasVariant\":[{\"@type\":\"Product\",\"@id\":\"https:\\\/\\\/hidalgo.nl\\\/de\\\/product\\\/113410\\\/spa-salon-stirnband-bedrucken-verstellbar-baumwolle-one-size\\\/#wooCommerceProduct\",\"name\":\"TC062 - Beauty Hairband - , white\",\"url\":\"https:\\\/\\\/hidalgo.nl\\\/de\\\/product\\\/113410\\\/spa-salon-stirnband-bedrucken-verstellbar-baumwolle-one-size\\\/\",\"sku\":\"A403-TC062_19615_19614\",\"gtin\":\"5056160771477\",\"image\":{\"@type\":\"ImageObject\",\"url\":\"https:\\\/\\\/shop.hidalgo.nl\\\/wp-content\\\/uploads\\\/2025\\\/07\\\/18e9249c0ffb09d4a150eb5d7060c50e8dad61faa3aeb053fcf1797ac1c419b8.png\",\"@id\":\"https:\\\/\\\/hidalgo.nl\\\/de\\\/product\\\/113410\\\/spa-salon-stirnband-bedrucken-verstellbar-baumwolle-one-size\\\/#productImage\",\"width\":1000,\"height\":452},\"offers\":{\"@type\":\"Offer\",\"url\":\"https:\\\/\\\/hidalgo.nl\\\/de\\\/product\\\/113410\\\/spa-salon-stirnband-bedrucken-verstellbar-baumwolle-one-size\\\/#wooCommerceOffer\",\"price\":\"2.42\",\"priceCurrency\":\"EUR\",\"category\":\"Kleding\",\"availability\":\"https:\\\/\\\/schema.org\\\/InStock\",\"priceSpecification\":{\"@type\":\"PriceSpecification\",\"price\":2.42,\"priceCurrency\":\"EUR\",\"valueAddedTaxIncluded\":\"true\"}}}]},{\"@type\":\"WebPage\",\"@id\":\"https:\\\/\\\/hidalgo.nl\\\/de\\\/product\\\/113410\\\/spa-salon-stirnband-bedrucken-verstellbar-baumwolle-one-size\\\/#webpage\",\"url\":\"https:\\\/\\\/hidalgo.nl\\\/de\\\/product\\\/113410\\\/spa-salon-stirnband-bedrucken-verstellbar-baumwolle-one-size\\\/\",\"name\":\"Spa Salon Stirnband bedrucken verstellbar Baumwolle One-size\",\"description\":\"F\\u00fcr Studio, Spa und Hotelalltag geeignet, weich und per Klett verstellbar in Wei\\u00df. Bei Hidalgo kannst du dein Logo auf Frottier setzen Haarband bedrucken und so dein Branding st\\u00e4rken. One Size sitzt sicher; Kosmetik Haarband kaufen ohne Gr\\u00f6\\u00dfenstress.\",\"inLanguage\":\"de-DE\",\"isPartOf\":{\"@id\":\"https:\\\/\\\/hidalgo.nl\\\/de\\\/#website\"},\"breadcrumb\":{\"@id\":\"https:\\\/\\\/hidalgo.nl\\\/de\\\/product\\\/113410\\\/spa-salon-stirnband-bedrucken-verstellbar-baumwolle-one-size\\\/#breadcrumblist\"},\"image\":{\"@type\":\"ImageObject\",\"url\":\"https:\\\/\\\/shop.hidalgo.nl\\\/wp-content\\\/uploads\\\/2025\\\/07\\\/18e9249c0ffb09d4a150eb5d7060c50e8dad61faa3aeb053fcf1797ac1c419b8.png\",\"@id\":\"https:\\\/\\\/hidalgo.nl\\\/de\\\/product\\\/113410\\\/spa-salon-stirnband-bedrucken-verstellbar-baumwolle-one-size\\\/#mainImage\",\"width\":1000,\"height\":452},\"primaryImageOfPage\":{\"@id\":\"https:\\\/\\\/hidalgo.nl\\\/de\\\/product\\\/113410\\\/spa-salon-stirnband-bedrucken-verstellbar-baumwolle-one-size\\\/#mainImage\"},\"datePublished\":\"2025-07-07T12:11:22+00:00\",\"dateModified\":\"2026-03-19T16:16:53+00:00\"},{\"@type\":\"WebSite\",\"@id\":\"https:\\\/\\\/hidalgo.nl\\\/de\\\/#website\",\"url\":\"https:\\\/\\\/hidalgo.nl\\\/de\\\/\",\"name\":\"Hidalgo\",\"inLanguage\":\"de-DE\",\"publisher\":{\"@id\":\"https:\\\/\\\/hidalgo.nl\\\/de\\\/#organization\"}}]}\n\t\t<\/script>\n\t\t<!-- All in One SEO Pro -->\r\n\t\t<title>Spa Salon Stirnband bedrucken verstellbar Baumwolle One-size<\/title>\n\n","aioseo_head_json":{"title":"Spa Salon Stirnband bedrucken verstellbar Baumwolle One-size","description":"F\u00fcr Studio, Spa und Hotelalltag geeignet, weich und per Klett verstellbar in Wei\u00df. Bei Hidalgo kannst du dein Logo auf Frottier setzen Haarband bedrucken und so dein Branding st\u00e4rken. One Size sitzt sicher; Kosmetik Haarband kaufen ohne Gr\u00f6\u00dfenstress.","canonical_url":"https:\/\/hidalgo.nl\/de\/wp-json\/wp\/v2\/product\/113410","robots":"max-image-preview:large","keywords":"","webmasterTools":{"miscellaneous":""},"schema":{"@context":"https:\/\/schema.org","@graph":[{"@type":"BreadcrumbList","@id":"https:\/\/hidalgo.nl\/de\/product\/113410\/spa-salon-stirnband-bedrucken-verstellbar-baumwolle-one-size\/#breadcrumblist","itemListElement":[{"@type":"ListItem","@id":"https:\/\/hidalgo.nl\/de\/#listItem","position":1,"name":"Home","item":"https:\/\/hidalgo.nl\/de\/","nextItem":{"@type":"ListItem","@id":"https:\/\/hidalgo.nl\/example\/#listItem","name":"example"}},{"@type":"ListItem","@id":"https:\/\/hidalgo.nl\/example\/#listItem","position":2,"name":"example","item":"https:\/\/hidalgo.nl\/example\/","nextItem":{"@type":"ListItem","@id":"https:\/\/hidalgo.nl\/en\/product-supplier\/a403\/#listItem","name":"A403"},"previousItem":{"@type":"ListItem","@id":"https:\/\/hidalgo.nl\/de\/#listItem","name":"Home"}},{"@type":"ListItem","@id":"https:\/\/hidalgo.nl\/en\/product-supplier\/a403\/#listItem","position":3,"name":"A403","item":"https:\/\/hidalgo.nl\/en\/product-supplier\/a403\/","nextItem":{"@type":"ListItem","@id":"https:\/\/hidalgo.nl\/de\/product\/113410\/spa-salon-stirnband-bedrucken-verstellbar-baumwolle-one-size\/#listItem","name":"TC062 &#8211; Beauty Hairband"},"previousItem":{"@type":"ListItem","@id":"https:\/\/hidalgo.nl\/example\/#listItem","name":"example"}},{"@type":"ListItem","@id":"https:\/\/hidalgo.nl\/de\/product\/113410\/spa-salon-stirnband-bedrucken-verstellbar-baumwolle-one-size\/#listItem","position":4,"name":"TC062 &#8211; Beauty Hairband","previousItem":{"@type":"ListItem","@id":"https:\/\/hidalgo.nl\/en\/product-supplier\/a403\/#listItem","name":"A403"}}]},{"@type":"Organization","@id":"https:\/\/hidalgo.nl\/de\/#organization","name":"Hidalgo","url":"https:\/\/hidalgo.nl\/de\/","logo":{"@type":"ImageObject","url":"https:\/\/shop.hidalgo.nl\/wp-content\/uploads\/2025\/11\/cropped-Hidalgo-est1993.png","@id":"https:\/\/hidalgo.nl\/de\/product\/113410\/spa-salon-stirnband-bedrucken-verstellbar-baumwolle-one-size\/#organizationLogo","width":585,"height":195},"image":{"@id":"https:\/\/hidalgo.nl\/de\/product\/113410\/spa-salon-stirnband-bedrucken-verstellbar-baumwolle-one-size\/#organizationLogo"}},{"@type":"ProductGroup","@id":"https:\/\/hidalgo.nl\/de\/product\/113410\/spa-salon-stirnband-bedrucken-verstellbar-baumwolle-one-size\/#wooCommerceProduct","name":"Spa Salon Stirnband bedrucken verstellbar Baumwolle One-size","url":"https:\/\/hidalgo.nl\/de\/product\/113410\/spa-salon-stirnband-bedrucken-verstellbar-baumwolle-one-size\/","brand":{"@type":"Brand","name":"Towel City"},"sku":"A403-TC062","image":{"@type":"ImageObject","url":"https:\/\/shop.hidalgo.nl\/wp-content\/uploads\/2025\/07\/18e9249c0ffb09d4a150eb5d7060c50e8dad61faa3aeb053fcf1797ac1c419b8.png","@id":"https:\/\/hidalgo.nl\/de\/product\/113410\/spa-salon-stirnband-bedrucken-verstellbar-baumwolle-one-size\/#productImage","width":1000,"height":452},"productGroupID":113410,"hasVariant":[{"@type":"Product","@id":"https:\/\/hidalgo.nl\/de\/product\/113410\/spa-salon-stirnband-bedrucken-verstellbar-baumwolle-one-size\/#wooCommerceProduct","name":"TC062 - Beauty Hairband - , white","url":"https:\/\/hidalgo.nl\/de\/product\/113410\/spa-salon-stirnband-bedrucken-verstellbar-baumwolle-one-size\/","sku":"A403-TC062_19615_19614","gtin":"5056160771477","image":{"@type":"ImageObject","url":"https:\/\/shop.hidalgo.nl\/wp-content\/uploads\/2025\/07\/18e9249c0ffb09d4a150eb5d7060c50e8dad61faa3aeb053fcf1797ac1c419b8.png","@id":"https:\/\/hidalgo.nl\/de\/product\/113410\/spa-salon-stirnband-bedrucken-verstellbar-baumwolle-one-size\/#productImage","width":1000,"height":452},"offers":{"@type":"Offer","url":"https:\/\/hidalgo.nl\/de\/product\/113410\/spa-salon-stirnband-bedrucken-verstellbar-baumwolle-one-size\/#wooCommerceOffer","price":"2.42","priceCurrency":"EUR","category":"Kleding","availability":"https:\/\/schema.org\/InStock","priceSpecification":{"@type":"PriceSpecification","price":2.42,"priceCurrency":"EUR","valueAddedTaxIncluded":"true"}}}]},{"@type":"WebPage","@id":"https:\/\/hidalgo.nl\/de\/product\/113410\/spa-salon-stirnband-bedrucken-verstellbar-baumwolle-one-size\/#webpage","url":"https:\/\/hidalgo.nl\/de\/product\/113410\/spa-salon-stirnband-bedrucken-verstellbar-baumwolle-one-size\/","name":"Spa Salon Stirnband bedrucken verstellbar Baumwolle One-size","description":"F\u00fcr Studio, Spa und Hotelalltag geeignet, weich und per Klett verstellbar in Wei\u00df. Bei Hidalgo kannst du dein Logo auf Frottier setzen Haarband bedrucken und so dein Branding st\u00e4rken. One Size sitzt sicher; Kosmetik Haarband kaufen ohne Gr\u00f6\u00dfenstress.","inLanguage":"de-DE","isPartOf":{"@id":"https:\/\/hidalgo.nl\/de\/#website"},"breadcrumb":{"@id":"https:\/\/hidalgo.nl\/de\/product\/113410\/spa-salon-stirnband-bedrucken-verstellbar-baumwolle-one-size\/#breadcrumblist"},"image":{"@type":"ImageObject","url":"https:\/\/shop.hidalgo.nl\/wp-content\/uploads\/2025\/07\/18e9249c0ffb09d4a150eb5d7060c50e8dad61faa3aeb053fcf1797ac1c419b8.png","@id":"https:\/\/hidalgo.nl\/de\/product\/113410\/spa-salon-stirnband-bedrucken-verstellbar-baumwolle-one-size\/#mainImage","width":1000,"height":452},"primaryImageOfPage":{"@id":"https:\/\/hidalgo.nl\/de\/product\/113410\/spa-salon-stirnband-bedrucken-verstellbar-baumwolle-one-size\/#mainImage"},"datePublished":"2025-07-07T12:11:22+00:00","dateModified":"2026-03-19T16:16:53+00:00"},{"@type":"WebSite","@id":"https:\/\/hidalgo.nl\/de\/#website","url":"https:\/\/hidalgo.nl\/de\/","name":"Hidalgo","inLanguage":"de-DE","publisher":{"@id":"https:\/\/hidalgo.nl\/de\/#organization"}}]},"og:locale":"de_DE","og:site_name":"Hidalgo -","og:type":"article","og:title":"Spa Salon Stirnband bedrucken verstellbar Baumwolle One-size","og:description":"F\u00fcr Studio, Spa und Hotelalltag geeignet, weich und per Klett verstellbar in Wei\u00df. Bei Hidalgo kannst du dein Logo auf Frottier setzen Haarband bedrucken und so dein Branding st\u00e4rken. One Size sitzt sicher; Kosmetik Haarband kaufen ohne Gr\u00f6\u00dfenstress.","og:url":"https:\/\/hidalgo.nl\/de\/wp-json\/wp\/v2\/product\/113410","og:image":"https:\/\/shop.hidalgo.nl\/wp-content\/uploads\/2025\/11\/cropped-Hidalgo-est1993.png","og:image:secure_url":"https:\/\/shop.hidalgo.nl\/wp-content\/uploads\/2025\/11\/cropped-Hidalgo-est1993.png","article:published_time":"2025-07-07T12:11:22+00:00","article:modified_time":"2026-03-19T16:16:53+00:00","twitter:card":"summary_large_image","twitter:title":"Spa Salon Stirnband bedrucken verstellbar Baumwolle One-size","twitter:description":"F\u00fcr Studio, Spa und Hotelalltag geeignet, weich und per Klett verstellbar in Wei\u00df. Bei Hidalgo kannst du dein Logo auf Frottier setzen Haarband bedrucken und so dein Branding st\u00e4rken. One Size sitzt sicher; Kosmetik Haarband kaufen ohne Gr\u00f6\u00dfenstress.","twitter:image":"https:\/\/shop.hidalgo.nl\/wp-content\/uploads\/2025\/11\/cropped-Hidalgo-est1993.png"},"aioseo_meta_data":{"post_id":"113410","title":null,"description":null,"keywords":null,"keyphrases":null,"primary_term":null,"canonical_url":null,"og_title":null,"og_description":null,"og_object_type":"default","og_image_type":"default","og_image_url":null,"og_image_width":null,"og_image_height":null,"og_image_custom_url":null,"og_image_custom_fields":null,"og_video":null,"og_custom_url":null,"og_article_section":null,"og_article_tags":null,"twitter_use_og":false,"twitter_card":"default","twitter_image_type":"default","twitter_image_url":null,"twitter_image_custom_url":null,"twitter_image_custom_fields":null,"twitter_title":null,"twitter_description":null,"schema":{"blockGraphs":[],"customGraphs":[],"default":{"data":{"Article":[],"Course":[],"Dataset":[],"FAQPage":[],"Movie":[],"Person":[],"Product":[],"ProductReview":[],"Car":[],"Recipe":[],"Service":[],"SoftwareApplication":[],"WebPage":[]},"graphName":"","isEnabled":true},"graphs":[]},"schema_type":"default","schema_type_options":null,"pillar_content":false,"robots_default":true,"robots_noindex":false,"robots_noarchive":false,"robots_nosnippet":false,"robots_nofollow":false,"robots_noimageindex":false,"robots_noodp":false,"robots_notranslate":false,"robots_max_snippet":null,"robots_max_videopreview":null,"robots_max_imagepreview":"large","priority":null,"frequency":null,"local_seo":null,"seo_analyzer_scan_date":"2026-01-21 14:33:18","breadcrumb_settings":null,"limit_modified_date":false,"reviewed_by":null,"open_ai":null,"ai":null,"created":"2026-01-14 06:25:36","updated":"2026-04-22 22:26:51"},"aioseo_breadcrumb":"<div class=\"aioseo-breadcrumbs\"><span class=\"aioseo-breadcrumb\">\n\t<a href=\"https:\/\/hidalgo.nl\/de\/\" title=\"Home\">Home<\/a>\n<\/span><span class=\"aioseo-breadcrumb-separator\">\u00bb<\/span><span class=\"aioseo-breadcrumb\">\n\t<a href=\"https:\/\/hidalgo.nl\/example\/\" title=\"example\">example<\/a>\n<\/span><span class=\"aioseo-breadcrumb-separator\">\u00bb<\/span><span class=\"aioseo-breadcrumb\">\n\t<a href=\"https:\/\/hidalgo.nl\/en\/product-supplier\/a403\/\" title=\"A403\">A403<\/a>\n<\/span><span class=\"aioseo-breadcrumb-separator\">\u00bb<\/span><span class=\"aioseo-breadcrumb\">\n\tTC062 \u2013 Beauty Hairband\n<\/span><\/div>","aioseo_breadcrumb_json":[{"label":"Home","link":"https:\/\/hidalgo.nl\/de\/"},{"label":"example","link":"https:\/\/hidalgo.nl\/example\/"},{"label":"A403","link":"https:\/\/hidalgo.nl\/en\/product-supplier\/a403\/"},{"label":"TC062 &#8211; Beauty Hairband","link":"https:\/\/hidalgo.nl\/de\/product\/113410\/spa-salon-stirnband-bedrucken-verstellbar-baumwolle-one-size\/"}],"_links":{"self":[{"href":"https:\/\/hidalgo.nl\/de\/wp-json\/wp\/v2\/product\/113410","targetHints":{"allow":["GET"]}}],"collection":[{"href":"https:\/\/hidalgo.nl\/de\/wp-json\/wp\/v2\/product"}],"about":[{"href":"https:\/\/hidalgo.nl\/de\/wp-json\/wp\/v2\/types\/product"}],"wp:featuredmedia":[{"embeddable":true,"href":"https:\/\/hidalgo.nl\/de\/wp-json\/wp\/v2\/media\/113413"}],"wp:attachment":[{"href":"https:\/\/hidalgo.nl\/de\/wp-json\/wp\/v2\/media?parent=113410"}],"wp:term":[{"taxonomy":"product_brand","embeddable":true,"href":"https:\/\/hidalgo.nl\/de\/wp-json\/wp\/v2\/product_brand?post=113410"},{"taxonomy":"product_cat","embeddable":true,"href":"https:\/\/hidalgo.nl\/de\/wp-json\/wp\/v2\/product_cat?post=113410"},{"taxonomy":"product_tag","embeddable":true,"href":"https:\/\/hidalgo.nl\/de\/wp-json\/wp\/v2\/product_tag?post=113410"}],"curies":[{"name":"wp","href":"https:\/\/api.w.org\/{rel}","templated":true}]}}