{"id":11341,"date":"2025-07-03T10:23:53","date_gmt":"2025-07-03T10:23:53","guid":{"rendered":"http:\/\/bidonsenshakers.pim.hidalgo.nl\/product\/houten-golftees-set-nyssa\/"},"modified":"2026-03-15T15:47:40","modified_gmt":"2026-03-15T15:47:40","slug":"houten-golftees-set-nyssa","status":"publish","type":"product","link":"https:\/\/hidalgo.nl\/de\/product\/11341\/holz-golftee-set-nyssa-bedrucken-nachhaltig-bambus-9-teilig\/","title":{"rendered":"Houten golftees-set Nyssa"},"content":{"rendered":"<p>Houten golftees-set, inclusief 6 houten tees, 1 bamboe pitchfork en 2 houten markers. Verpakt in een katoenen trekkoordzak met een label aan de binnenzijde.<\/p>\n","protected":false},"excerpt":{"rendered":"<p>Houten golftees-set, inclusief 6 houten tees, 1 bamboe pitchfork en 2 houten markers. Verpakt in een katoenen trekkoordzak met een label aan de binnenzijde.<\/p>\n","protected":false},"featured_media":11342,"template":"","meta":{"_acf_changed":false,"om_disable_all_campaigns":false,"_monsterinsights_skip_tracking":false,"_monsterinsights_sitenote_active":false,"_monsterinsights_sitenote_note":"","_monsterinsights_sitenote_category":0},"product_brand":[49],"product_cat":[4820,4719,4774],"product_tag":[],"class_list":{"0":"post-11341","1":"product","2":"type-product","3":"status-publish","4":"has-post-thumbnail","6":"product_supplier-a58","7":"product_material-bamboe","8":"product_material-hout","9":"product_material-katoen","10":"product_brand-impression","11":"product_cat-promotionele-artikelen-vrije-tijd-buitenspellen","12":"product_cat-promotionele-artikelen","13":"product_cat-promotionele-artikelen-vrije-tijd","14":"entry","16":"first","17":"instock","18":"taxable","19":"shipping-taxable","20":"purchasable","21":"product-type-variable"},"acf":{"imprint_cost":[{"imprint_cost_key":"501b4e661260f722405ad3a16cdc8939ca70af70","product_quantity_price_range":[{"imprint_cost_recommended_selling_price":"1.54","imprint_cost_recommended_selling_quantity":"1"},{"imprint_cost_recommended_selling_price":"1.31","imprint_cost_recommended_selling_quantity":"25"},{"imprint_cost_recommended_selling_price":"1.11","imprint_cost_recommended_selling_quantity":"50"},{"imprint_cost_recommended_selling_price":"0.88","imprint_cost_recommended_selling_quantity":"100"},{"imprint_cost_recommended_selling_price":"0.66","imprint_cost_recommended_selling_quantity":"250"},{"imprint_cost_recommended_selling_price":"0.58","imprint_cost_recommended_selling_quantity":"500"},{"imprint_cost_recommended_selling_price":"0.57","imprint_cost_recommended_selling_quantity":"1000"},{"imprint_cost_recommended_selling_price":"0.55","imprint_cost_recommended_selling_quantity":"2500"},{"imprint_cost_recommended_selling_price":"0.52","imprint_cost_recommended_selling_quantity":"5000"}],"product_quantity_price_range_buying":false,"imprint_cost_setup_costs":"60.77","imprint_cost_handling_costs":"0.32"},{"imprint_cost_key":"6e7419d10ec8215231903eaac3731b453204b3d1","product_quantity_price_range":[{"imprint_cost_recommended_selling_price":"3.02","imprint_cost_recommended_selling_quantity":"1"},{"imprint_cost_recommended_selling_price":"2.42","imprint_cost_recommended_selling_quantity":"25"},{"imprint_cost_recommended_selling_price":"1.42","imprint_cost_recommended_selling_quantity":"50"},{"imprint_cost_recommended_selling_price":"0.95","imprint_cost_recommended_selling_quantity":"100"},{"imprint_cost_recommended_selling_price":"0.8","imprint_cost_recommended_selling_quantity":"250"},{"imprint_cost_recommended_selling_price":"0.52","imprint_cost_recommended_selling_quantity":"500"},{"imprint_cost_recommended_selling_price":"0.43","imprint_cost_recommended_selling_quantity":"1000"},{"imprint_cost_recommended_selling_price":"0.4","imprint_cost_recommended_selling_quantity":"2500"},{"imprint_cost_recommended_selling_price":"0.38","imprint_cost_recommended_selling_quantity":"10000"}],"product_quantity_price_range_buying":false,"imprint_cost_setup_costs":"60.77","imprint_cost_handling_costs":"0.32"},{"imprint_cost_key":"6139b92dce9a86f539d7c25df3098b132664d985","product_quantity_price_range":[{"imprint_cost_recommended_selling_price":"4.33","imprint_cost_recommended_selling_quantity":"1"},{"imprint_cost_recommended_selling_price":"3.4","imprint_cost_recommended_selling_quantity":"25"},{"imprint_cost_recommended_selling_price":"2","imprint_cost_recommended_selling_quantity":"50"},{"imprint_cost_recommended_selling_price":"1.38","imprint_cost_recommended_selling_quantity":"100"},{"imprint_cost_recommended_selling_price":"1.2","imprint_cost_recommended_selling_quantity":"250"},{"imprint_cost_recommended_selling_price":"0.87","imprint_cost_recommended_selling_quantity":"500"},{"imprint_cost_recommended_selling_price":"0.75","imprint_cost_recommended_selling_quantity":"1000"},{"imprint_cost_recommended_selling_price":"0.72","imprint_cost_recommended_selling_quantity":"2500"},{"imprint_cost_recommended_selling_price":"0.71","imprint_cost_recommended_selling_quantity":"5000"},{"imprint_cost_recommended_selling_price":"0.69","imprint_cost_recommended_selling_quantity":"10000"}],"product_quantity_price_range_buying":false,"imprint_cost_setup_costs":"121.54","imprint_cost_handling_costs":"0.32"},{"imprint_cost_key":"2e04125be0ef98a2e08b1a32298951188d755701","product_quantity_price_range":[{"imprint_cost_recommended_selling_price":"3.83","imprint_cost_recommended_selling_quantity":"1"},{"imprint_cost_recommended_selling_price":"2.08","imprint_cost_recommended_selling_quantity":"25"},{"imprint_cost_recommended_selling_price":"1.48","imprint_cost_recommended_selling_quantity":"50"},{"imprint_cost_recommended_selling_price":"0.86","imprint_cost_recommended_selling_quantity":"100"},{"imprint_cost_recommended_selling_price":"0.66","imprint_cost_recommended_selling_quantity":"250"},{"imprint_cost_recommended_selling_price":"0.57","imprint_cost_recommended_selling_quantity":"500"},{"imprint_cost_recommended_selling_price":"0.4","imprint_cost_recommended_selling_quantity":"1000"},{"imprint_cost_recommended_selling_price":"0.37","imprint_cost_recommended_selling_quantity":"2500"},{"imprint_cost_recommended_selling_price":"0.34","imprint_cost_recommended_selling_quantity":"5000"}],"product_quantity_price_range_buying":false,"imprint_cost_setup_costs":"52.31","imprint_cost_handling_costs":"0.26"}]},"aioseo_notices":[],"aioseo_head":"\n\t\t<!-- All in One SEO Pro 4.9.6.2 - aioseo.com -->\n\t<meta name=\"description\" content=\"Mit dem Set Nyssa erh\u00e4ltst du ein praktisches Golf Zubeh\u00f6r Set Holz, das Hidalgo pr\u00e4zise mit deinem Logo veredelt. Du kannst die Golf Tees bedrucken lassen und profitierst von einer inkludierten Pitchgabel im nachhaltigen Baumwollbeutel. Perfekt als moderner Werbeartikel Golf f\u00fcr deine Kunden.\" \/>\n\t<meta name=\"robots\" content=\"max-image-preview:large\" \/>\n\t<link rel=\"canonical\" href=\"https:\/\/hidalgo.nl\/de\/wp-json\/wp\/v2\/product\/11341\" \/>\n\t<meta name=\"generator\" content=\"All in One SEO Pro (AIOSEO) 4.9.6.2\" \/>\n\t\t<meta property=\"og:locale\" content=\"de_DE\" \/>\n\t\t<meta property=\"og:site_name\" content=\"Hidalgo -\" \/>\n\t\t<meta property=\"og:type\" content=\"article\" \/>\n\t\t<meta property=\"og:title\" content=\"Holz Golftee-Set Nyssa Bedrucken Nachhaltig Bambus 9-teilig\" \/>\n\t\t<meta property=\"og:description\" content=\"Mit dem Set Nyssa erh\u00e4ltst du ein praktisches Golf Zubeh\u00f6r Set Holz, das Hidalgo pr\u00e4zise mit deinem Logo veredelt. Du kannst die Golf Tees bedrucken lassen und profitierst von einer inkludierten Pitchgabel im nachhaltigen Baumwollbeutel. Perfekt als moderner Werbeartikel Golf f\u00fcr deine Kunden.\" \/>\n\t\t<meta property=\"og:url\" content=\"https:\/\/hidalgo.nl\/de\/wp-json\/wp\/v2\/product\/11341\" \/>\n\t\t<meta property=\"og:image\" content=\"https:\/\/shop.hidalgo.nl\/wp-content\/uploads\/2025\/11\/cropped-Hidalgo-est1993.png\" \/>\n\t\t<meta property=\"og:image:secure_url\" content=\"https:\/\/shop.hidalgo.nl\/wp-content\/uploads\/2025\/11\/cropped-Hidalgo-est1993.png\" \/>\n\t\t<meta property=\"article:published_time\" content=\"2025-07-03T10:23:53+00:00\" \/>\n\t\t<meta property=\"article:modified_time\" content=\"2026-03-15T15:47:40+00:00\" \/>\n\t\t<meta name=\"twitter:card\" content=\"summary_large_image\" \/>\n\t\t<meta name=\"twitter:title\" content=\"Holz Golftee-Set Nyssa Bedrucken Nachhaltig Bambus 9-teilig\" \/>\n\t\t<meta name=\"twitter:description\" content=\"Mit dem Set Nyssa erh\u00e4ltst du ein praktisches Golf Zubeh\u00f6r Set Holz, das Hidalgo pr\u00e4zise mit deinem Logo veredelt. Du kannst die Golf Tees bedrucken lassen und profitierst von einer inkludierten Pitchgabel im nachhaltigen Baumwollbeutel. Perfekt als moderner Werbeartikel Golf f\u00fcr deine Kunden.\" \/>\n\t\t<meta name=\"twitter:image\" content=\"https:\/\/shop.hidalgo.nl\/wp-content\/uploads\/2025\/11\/cropped-Hidalgo-est1993.png\" \/>\n\t\t<script type=\"application\/ld+json\" class=\"aioseo-schema\">\n\t\t\t{\"@context\":\"https:\\\/\\\/schema.org\",\"@graph\":[{\"@type\":\"BreadcrumbList\",\"@id\":\"https:\\\/\\\/hidalgo.nl\\\/de\\\/product\\\/11341\\\/holz-golftee-set-nyssa-bedrucken-nachhaltig-bambus-9-teilig\\\/#breadcrumblist\",\"itemListElement\":[{\"@type\":\"ListItem\",\"@id\":\"https:\\\/\\\/hidalgo.nl\\\/de\\\/#listItem\",\"position\":1,\"name\":\"Home\",\"item\":\"https:\\\/\\\/hidalgo.nl\\\/de\\\/\",\"nextItem\":{\"@type\":\"ListItem\",\"@id\":\"https:\\\/\\\/hidalgo.nl\\\/example\\\/#listItem\",\"name\":\"example\"}},{\"@type\":\"ListItem\",\"@id\":\"https:\\\/\\\/hidalgo.nl\\\/example\\\/#listItem\",\"position\":2,\"name\":\"example\",\"item\":\"https:\\\/\\\/hidalgo.nl\\\/example\\\/\",\"nextItem\":{\"@type\":\"ListItem\",\"@id\":\"https:\\\/\\\/hidalgo.nl\\\/en\\\/product-supplier\\\/a58\\\/#listItem\",\"name\":\"A58\"},\"previousItem\":{\"@type\":\"ListItem\",\"@id\":\"https:\\\/\\\/hidalgo.nl\\\/de\\\/#listItem\",\"name\":\"Home\"}},{\"@type\":\"ListItem\",\"@id\":\"https:\\\/\\\/hidalgo.nl\\\/en\\\/product-supplier\\\/a58\\\/#listItem\",\"position\":3,\"name\":\"A58\",\"item\":\"https:\\\/\\\/hidalgo.nl\\\/en\\\/product-supplier\\\/a58\\\/\",\"nextItem\":{\"@type\":\"ListItem\",\"@id\":\"https:\\\/\\\/hidalgo.nl\\\/de\\\/product\\\/11341\\\/holz-golftee-set-nyssa-bedrucken-nachhaltig-bambus-9-teilig\\\/#listItem\",\"name\":\"Houten golftees-set Nyssa\"},\"previousItem\":{\"@type\":\"ListItem\",\"@id\":\"https:\\\/\\\/hidalgo.nl\\\/example\\\/#listItem\",\"name\":\"example\"}},{\"@type\":\"ListItem\",\"@id\":\"https:\\\/\\\/hidalgo.nl\\\/de\\\/product\\\/11341\\\/holz-golftee-set-nyssa-bedrucken-nachhaltig-bambus-9-teilig\\\/#listItem\",\"position\":4,\"name\":\"Houten golftees-set Nyssa\",\"previousItem\":{\"@type\":\"ListItem\",\"@id\":\"https:\\\/\\\/hidalgo.nl\\\/en\\\/product-supplier\\\/a58\\\/#listItem\",\"name\":\"A58\"}}]},{\"@type\":\"Organization\",\"@id\":\"https:\\\/\\\/hidalgo.nl\\\/de\\\/#organization\",\"name\":\"Hidalgo\",\"url\":\"https:\\\/\\\/hidalgo.nl\\\/de\\\/\",\"logo\":{\"@type\":\"ImageObject\",\"url\":\"https:\\\/\\\/shop.hidalgo.nl\\\/wp-content\\\/uploads\\\/2025\\\/11\\\/cropped-Hidalgo-est1993.png\",\"@id\":\"https:\\\/\\\/hidalgo.nl\\\/de\\\/product\\\/11341\\\/holz-golftee-set-nyssa-bedrucken-nachhaltig-bambus-9-teilig\\\/#organizationLogo\",\"width\":585,\"height\":195},\"image\":{\"@id\":\"https:\\\/\\\/hidalgo.nl\\\/de\\\/product\\\/11341\\\/holz-golftee-set-nyssa-bedrucken-nachhaltig-bambus-9-teilig\\\/#organizationLogo\"}},{\"@type\":\"ProductGroup\",\"@id\":\"https:\\\/\\\/hidalgo.nl\\\/de\\\/product\\\/11341\\\/holz-golftee-set-nyssa-bedrucken-nachhaltig-bambus-9-teilig\\\/#wooCommerceProduct\",\"name\":\"Holz Golftee-Set Nyssa Bedrucken Nachhaltig Bambus 9-teilig\",\"url\":\"https:\\\/\\\/hidalgo.nl\\\/de\\\/product\\\/11341\\\/holz-golftee-set-nyssa-bedrucken-nachhaltig-bambus-9-teilig\\\/\",\"brand\":{\"@type\":\"Brand\",\"name\":\"IMPRESSION\"},\"sku\":\"A58-1206642\",\"image\":{\"@type\":\"ImageObject\",\"url\":\"https:\\\/\\\/shop.hidalgo.nl\\\/wp-content\\\/uploads\\\/2025\\\/05\\\/e4fffb962dea36dca9de4962043b0b2f6b00e5752e19a35b6a9f33d7b00486f1.jpg\",\"@id\":\"https:\\\/\\\/hidalgo.nl\\\/de\\\/product\\\/11341\\\/holz-golftee-set-nyssa-bedrucken-nachhaltig-bambus-9-teilig\\\/#productImage\",\"width\":1000,\"height\":555},\"productGroupID\":11341,\"hasVariant\":[{\"@type\":\"Product\",\"@id\":\"https:\\\/\\\/hidalgo.nl\\\/de\\\/product\\\/11341\\\/holz-golftee-set-nyssa-bedrucken-nachhaltig-bambus-9-teilig\\\/#wooCommerceProduct\",\"name\":\"Houten golftees-set Nyssa - bruin,\",\"url\":\"https:\\\/\\\/hidalgo.nl\\\/de\\\/product\\\/11341\\\/holz-golftee-set-nyssa-bedrucken-nachhaltig-bambus-9-teilig\\\/\",\"sku\":\"A58-1206642-011999999\",\"image\":{\"@type\":\"ImageObject\",\"url\":\"https:\\\/\\\/shop.hidalgo.nl\\\/wp-content\\\/uploads\\\/2025\\\/05\\\/18f46e72b449873f3198a3e791d29d7cb41c6d92b6bf249751d45917d77fe56e.jpg\",\"@id\":\"https:\\\/\\\/hidalgo.nl\\\/de\\\/product\\\/11341\\\/holz-golftee-set-nyssa-bedrucken-nachhaltig-bambus-9-teilig\\\/#productImage\",\"width\":1000,\"height\":852},\"offers\":{\"@type\":\"Offer\",\"url\":\"https:\\\/\\\/hidalgo.nl\\\/de\\\/product\\\/11341\\\/holz-golftee-set-nyssa-bedrucken-nachhaltig-bambus-9-teilig\\\/#wooCommerceOffer\",\"price\":\"0.99\",\"priceCurrency\":\"EUR\",\"category\":\"Promotionele Artikelen\",\"availability\":\"https:\\\/\\\/schema.org\\\/InStock\",\"priceSpecification\":{\"@type\":\"PriceSpecification\",\"price\":0.99,\"priceCurrency\":\"EUR\",\"valueAddedTaxIncluded\":\"true\"}}}]},{\"@type\":\"WebPage\",\"@id\":\"https:\\\/\\\/hidalgo.nl\\\/de\\\/product\\\/11341\\\/holz-golftee-set-nyssa-bedrucken-nachhaltig-bambus-9-teilig\\\/#webpage\",\"url\":\"https:\\\/\\\/hidalgo.nl\\\/de\\\/product\\\/11341\\\/holz-golftee-set-nyssa-bedrucken-nachhaltig-bambus-9-teilig\\\/\",\"name\":\"Holz Golftee-Set Nyssa Bedrucken Nachhaltig Bambus 9-teilig\",\"description\":\"Mit dem Set Nyssa erh\\u00e4ltst du ein praktisches Golf Zubeh\\u00f6r Set Holz, das Hidalgo pr\\u00e4zise mit deinem Logo veredelt. Du kannst die Golf Tees bedrucken lassen und profitierst von einer inkludierten Pitchgabel im nachhaltigen Baumwollbeutel. Perfekt als moderner Werbeartikel Golf f\\u00fcr deine Kunden.\",\"inLanguage\":\"de-DE\",\"isPartOf\":{\"@id\":\"https:\\\/\\\/hidalgo.nl\\\/de\\\/#website\"},\"breadcrumb\":{\"@id\":\"https:\\\/\\\/hidalgo.nl\\\/de\\\/product\\\/11341\\\/holz-golftee-set-nyssa-bedrucken-nachhaltig-bambus-9-teilig\\\/#breadcrumblist\"},\"image\":{\"@type\":\"ImageObject\",\"url\":\"https:\\\/\\\/shop.hidalgo.nl\\\/wp-content\\\/uploads\\\/2025\\\/05\\\/e4fffb962dea36dca9de4962043b0b2f6b00e5752e19a35b6a9f33d7b00486f1.jpg\",\"@id\":\"https:\\\/\\\/hidalgo.nl\\\/de\\\/product\\\/11341\\\/holz-golftee-set-nyssa-bedrucken-nachhaltig-bambus-9-teilig\\\/#mainImage\",\"width\":1000,\"height\":555},\"primaryImageOfPage\":{\"@id\":\"https:\\\/\\\/hidalgo.nl\\\/de\\\/product\\\/11341\\\/holz-golftee-set-nyssa-bedrucken-nachhaltig-bambus-9-teilig\\\/#mainImage\"},\"datePublished\":\"2025-07-03T10:23:53+00:00\",\"dateModified\":\"2026-03-15T15:47:40+00:00\"},{\"@type\":\"WebSite\",\"@id\":\"https:\\\/\\\/hidalgo.nl\\\/de\\\/#website\",\"url\":\"https:\\\/\\\/hidalgo.nl\\\/de\\\/\",\"name\":\"Hidalgo\",\"inLanguage\":\"de-DE\",\"publisher\":{\"@id\":\"https:\\\/\\\/hidalgo.nl\\\/de\\\/#organization\"}}]}\n\t\t<\/script>\n\t\t<!-- All in One SEO Pro -->\r\n\t\t<title>Holz Golftee-Set Nyssa Bedrucken Nachhaltig Bambus 9-teilig<\/title>\n\n","aioseo_head_json":{"title":"Holz Golftee-Set Nyssa Bedrucken Nachhaltig Bambus 9-teilig","description":"Mit dem Set Nyssa erh\u00e4ltst du ein praktisches Golf Zubeh\u00f6r Set Holz, das Hidalgo pr\u00e4zise mit deinem Logo veredelt. Du kannst die Golf Tees bedrucken lassen und profitierst von einer inkludierten Pitchgabel im nachhaltigen Baumwollbeutel. Perfekt als moderner Werbeartikel Golf f\u00fcr deine Kunden.","canonical_url":"https:\/\/hidalgo.nl\/de\/wp-json\/wp\/v2\/product\/11341","robots":"max-image-preview:large","keywords":"","webmasterTools":{"miscellaneous":""},"schema":{"@context":"https:\/\/schema.org","@graph":[{"@type":"BreadcrumbList","@id":"https:\/\/hidalgo.nl\/de\/product\/11341\/holz-golftee-set-nyssa-bedrucken-nachhaltig-bambus-9-teilig\/#breadcrumblist","itemListElement":[{"@type":"ListItem","@id":"https:\/\/hidalgo.nl\/de\/#listItem","position":1,"name":"Home","item":"https:\/\/hidalgo.nl\/de\/","nextItem":{"@type":"ListItem","@id":"https:\/\/hidalgo.nl\/example\/#listItem","name":"example"}},{"@type":"ListItem","@id":"https:\/\/hidalgo.nl\/example\/#listItem","position":2,"name":"example","item":"https:\/\/hidalgo.nl\/example\/","nextItem":{"@type":"ListItem","@id":"https:\/\/hidalgo.nl\/en\/product-supplier\/a58\/#listItem","name":"A58"},"previousItem":{"@type":"ListItem","@id":"https:\/\/hidalgo.nl\/de\/#listItem","name":"Home"}},{"@type":"ListItem","@id":"https:\/\/hidalgo.nl\/en\/product-supplier\/a58\/#listItem","position":3,"name":"A58","item":"https:\/\/hidalgo.nl\/en\/product-supplier\/a58\/","nextItem":{"@type":"ListItem","@id":"https:\/\/hidalgo.nl\/de\/product\/11341\/holz-golftee-set-nyssa-bedrucken-nachhaltig-bambus-9-teilig\/#listItem","name":"Houten golftees-set Nyssa"},"previousItem":{"@type":"ListItem","@id":"https:\/\/hidalgo.nl\/example\/#listItem","name":"example"}},{"@type":"ListItem","@id":"https:\/\/hidalgo.nl\/de\/product\/11341\/holz-golftee-set-nyssa-bedrucken-nachhaltig-bambus-9-teilig\/#listItem","position":4,"name":"Houten golftees-set Nyssa","previousItem":{"@type":"ListItem","@id":"https:\/\/hidalgo.nl\/en\/product-supplier\/a58\/#listItem","name":"A58"}}]},{"@type":"Organization","@id":"https:\/\/hidalgo.nl\/de\/#organization","name":"Hidalgo","url":"https:\/\/hidalgo.nl\/de\/","logo":{"@type":"ImageObject","url":"https:\/\/shop.hidalgo.nl\/wp-content\/uploads\/2025\/11\/cropped-Hidalgo-est1993.png","@id":"https:\/\/hidalgo.nl\/de\/product\/11341\/holz-golftee-set-nyssa-bedrucken-nachhaltig-bambus-9-teilig\/#organizationLogo","width":585,"height":195},"image":{"@id":"https:\/\/hidalgo.nl\/de\/product\/11341\/holz-golftee-set-nyssa-bedrucken-nachhaltig-bambus-9-teilig\/#organizationLogo"}},{"@type":"ProductGroup","@id":"https:\/\/hidalgo.nl\/de\/product\/11341\/holz-golftee-set-nyssa-bedrucken-nachhaltig-bambus-9-teilig\/#wooCommerceProduct","name":"Holz Golftee-Set Nyssa Bedrucken Nachhaltig Bambus 9-teilig","url":"https:\/\/hidalgo.nl\/de\/product\/11341\/holz-golftee-set-nyssa-bedrucken-nachhaltig-bambus-9-teilig\/","brand":{"@type":"Brand","name":"IMPRESSION"},"sku":"A58-1206642","image":{"@type":"ImageObject","url":"https:\/\/shop.hidalgo.nl\/wp-content\/uploads\/2025\/05\/e4fffb962dea36dca9de4962043b0b2f6b00e5752e19a35b6a9f33d7b00486f1.jpg","@id":"https:\/\/hidalgo.nl\/de\/product\/11341\/holz-golftee-set-nyssa-bedrucken-nachhaltig-bambus-9-teilig\/#productImage","width":1000,"height":555},"productGroupID":11341,"hasVariant":[{"@type":"Product","@id":"https:\/\/hidalgo.nl\/de\/product\/11341\/holz-golftee-set-nyssa-bedrucken-nachhaltig-bambus-9-teilig\/#wooCommerceProduct","name":"Houten golftees-set Nyssa - bruin,","url":"https:\/\/hidalgo.nl\/de\/product\/11341\/holz-golftee-set-nyssa-bedrucken-nachhaltig-bambus-9-teilig\/","sku":"A58-1206642-011999999","image":{"@type":"ImageObject","url":"https:\/\/shop.hidalgo.nl\/wp-content\/uploads\/2025\/05\/18f46e72b449873f3198a3e791d29d7cb41c6d92b6bf249751d45917d77fe56e.jpg","@id":"https:\/\/hidalgo.nl\/de\/product\/11341\/holz-golftee-set-nyssa-bedrucken-nachhaltig-bambus-9-teilig\/#productImage","width":1000,"height":852},"offers":{"@type":"Offer","url":"https:\/\/hidalgo.nl\/de\/product\/11341\/holz-golftee-set-nyssa-bedrucken-nachhaltig-bambus-9-teilig\/#wooCommerceOffer","price":"0.99","priceCurrency":"EUR","category":"Promotionele Artikelen","availability":"https:\/\/schema.org\/InStock","priceSpecification":{"@type":"PriceSpecification","price":0.99,"priceCurrency":"EUR","valueAddedTaxIncluded":"true"}}}]},{"@type":"WebPage","@id":"https:\/\/hidalgo.nl\/de\/product\/11341\/holz-golftee-set-nyssa-bedrucken-nachhaltig-bambus-9-teilig\/#webpage","url":"https:\/\/hidalgo.nl\/de\/product\/11341\/holz-golftee-set-nyssa-bedrucken-nachhaltig-bambus-9-teilig\/","name":"Holz Golftee-Set Nyssa Bedrucken Nachhaltig Bambus 9-teilig","description":"Mit dem Set Nyssa erh\u00e4ltst du ein praktisches Golf Zubeh\u00f6r Set Holz, das Hidalgo pr\u00e4zise mit deinem Logo veredelt. Du kannst die Golf Tees bedrucken lassen und profitierst von einer inkludierten Pitchgabel im nachhaltigen Baumwollbeutel. Perfekt als moderner Werbeartikel Golf f\u00fcr deine Kunden.","inLanguage":"de-DE","isPartOf":{"@id":"https:\/\/hidalgo.nl\/de\/#website"},"breadcrumb":{"@id":"https:\/\/hidalgo.nl\/de\/product\/11341\/holz-golftee-set-nyssa-bedrucken-nachhaltig-bambus-9-teilig\/#breadcrumblist"},"image":{"@type":"ImageObject","url":"https:\/\/shop.hidalgo.nl\/wp-content\/uploads\/2025\/05\/e4fffb962dea36dca9de4962043b0b2f6b00e5752e19a35b6a9f33d7b00486f1.jpg","@id":"https:\/\/hidalgo.nl\/de\/product\/11341\/holz-golftee-set-nyssa-bedrucken-nachhaltig-bambus-9-teilig\/#mainImage","width":1000,"height":555},"primaryImageOfPage":{"@id":"https:\/\/hidalgo.nl\/de\/product\/11341\/holz-golftee-set-nyssa-bedrucken-nachhaltig-bambus-9-teilig\/#mainImage"},"datePublished":"2025-07-03T10:23:53+00:00","dateModified":"2026-03-15T15:47:40+00:00"},{"@type":"WebSite","@id":"https:\/\/hidalgo.nl\/de\/#website","url":"https:\/\/hidalgo.nl\/de\/","name":"Hidalgo","inLanguage":"de-DE","publisher":{"@id":"https:\/\/hidalgo.nl\/de\/#organization"}}]},"og:locale":"de_DE","og:site_name":"Hidalgo -","og:type":"article","og:title":"Holz Golftee-Set Nyssa Bedrucken Nachhaltig Bambus 9-teilig","og:description":"Mit dem Set Nyssa erh\u00e4ltst du ein praktisches Golf Zubeh\u00f6r Set Holz, das Hidalgo pr\u00e4zise mit deinem Logo veredelt. Du kannst die Golf Tees bedrucken lassen und profitierst von einer inkludierten Pitchgabel im nachhaltigen Baumwollbeutel. Perfekt als moderner Werbeartikel Golf f\u00fcr deine Kunden.","og:url":"https:\/\/hidalgo.nl\/de\/wp-json\/wp\/v2\/product\/11341","og:image":"https:\/\/shop.hidalgo.nl\/wp-content\/uploads\/2025\/11\/cropped-Hidalgo-est1993.png","og:image:secure_url":"https:\/\/shop.hidalgo.nl\/wp-content\/uploads\/2025\/11\/cropped-Hidalgo-est1993.png","article:published_time":"2025-07-03T10:23:53+00:00","article:modified_time":"2026-03-15T15:47:40+00:00","twitter:card":"summary_large_image","twitter:title":"Holz Golftee-Set Nyssa Bedrucken Nachhaltig Bambus 9-teilig","twitter:description":"Mit dem Set Nyssa erh\u00e4ltst du ein praktisches Golf Zubeh\u00f6r Set Holz, das Hidalgo pr\u00e4zise mit deinem Logo veredelt. Du kannst die Golf Tees bedrucken lassen und profitierst von einer inkludierten Pitchgabel im nachhaltigen Baumwollbeutel. Perfekt als moderner Werbeartikel Golf f\u00fcr deine Kunden.","twitter:image":"https:\/\/shop.hidalgo.nl\/wp-content\/uploads\/2025\/11\/cropped-Hidalgo-est1993.png"},"aioseo_meta_data":{"post_id":"11341","title":null,"description":null,"keywords":null,"keyphrases":null,"primary_term":null,"canonical_url":null,"og_title":null,"og_description":null,"og_object_type":"default","og_image_type":"default","og_image_url":null,"og_image_width":null,"og_image_height":null,"og_image_custom_url":null,"og_image_custom_fields":null,"og_video":null,"og_custom_url":null,"og_article_section":null,"og_article_tags":null,"twitter_use_og":false,"twitter_card":"default","twitter_image_type":"default","twitter_image_url":null,"twitter_image_custom_url":null,"twitter_image_custom_fields":null,"twitter_title":null,"twitter_description":null,"schema":{"blockGraphs":[],"customGraphs":[],"default":{"data":{"Article":[],"Course":[],"Dataset":[],"FAQPage":[],"Movie":[],"Person":[],"Product":[],"ProductReview":[],"Car":[],"Recipe":[],"Service":[],"SoftwareApplication":[],"WebPage":[]},"graphName":"","isEnabled":true},"graphs":[]},"schema_type":"default","schema_type_options":null,"pillar_content":false,"robots_default":true,"robots_noindex":false,"robots_noarchive":false,"robots_nosnippet":false,"robots_nofollow":false,"robots_noimageindex":false,"robots_noodp":false,"robots_notranslate":false,"robots_max_snippet":null,"robots_max_videopreview":null,"robots_max_imagepreview":"large","priority":null,"frequency":null,"local_seo":null,"seo_analyzer_scan_date":"2026-01-20 10:10:47","breadcrumb_settings":null,"limit_modified_date":false,"reviewed_by":null,"open_ai":null,"ai":null,"created":"2026-01-14 06:17:37","updated":"2026-04-22 16:16:57"},"aioseo_breadcrumb":"<div class=\"aioseo-breadcrumbs\"><span class=\"aioseo-breadcrumb\">\n\t<a href=\"https:\/\/hidalgo.nl\/de\/\" title=\"Home\">Home<\/a>\n<\/span><span class=\"aioseo-breadcrumb-separator\">\u00bb<\/span><span class=\"aioseo-breadcrumb\">\n\t<a href=\"https:\/\/hidalgo.nl\/example\/\" title=\"example\">example<\/a>\n<\/span><span class=\"aioseo-breadcrumb-separator\">\u00bb<\/span><span class=\"aioseo-breadcrumb\">\n\t<a href=\"https:\/\/hidalgo.nl\/en\/product-supplier\/a58\/\" title=\"A58\">A58<\/a>\n<\/span><span class=\"aioseo-breadcrumb-separator\">\u00bb<\/span><span class=\"aioseo-breadcrumb\">\n\tHouten golftees-set Nyssa\n<\/span><\/div>","aioseo_breadcrumb_json":[{"label":"Home","link":"https:\/\/hidalgo.nl\/de\/"},{"label":"example","link":"https:\/\/hidalgo.nl\/example\/"},{"label":"A58","link":"https:\/\/hidalgo.nl\/en\/product-supplier\/a58\/"},{"label":"Houten golftees-set Nyssa","link":"https:\/\/hidalgo.nl\/de\/product\/11341\/holz-golftee-set-nyssa-bedrucken-nachhaltig-bambus-9-teilig\/"}],"_links":{"self":[{"href":"https:\/\/hidalgo.nl\/de\/wp-json\/wp\/v2\/product\/11341","targetHints":{"allow":["GET"]}}],"collection":[{"href":"https:\/\/hidalgo.nl\/de\/wp-json\/wp\/v2\/product"}],"about":[{"href":"https:\/\/hidalgo.nl\/de\/wp-json\/wp\/v2\/types\/product"}],"wp:featuredmedia":[{"embeddable":true,"href":"https:\/\/hidalgo.nl\/de\/wp-json\/wp\/v2\/media\/11342"}],"wp:attachment":[{"href":"https:\/\/hidalgo.nl\/de\/wp-json\/wp\/v2\/media?parent=11341"}],"wp:term":[{"taxonomy":"product_brand","embeddable":true,"href":"https:\/\/hidalgo.nl\/de\/wp-json\/wp\/v2\/product_brand?post=11341"},{"taxonomy":"product_cat","embeddable":true,"href":"https:\/\/hidalgo.nl\/de\/wp-json\/wp\/v2\/product_cat?post=11341"},{"taxonomy":"product_tag","embeddable":true,"href":"https:\/\/hidalgo.nl\/de\/wp-json\/wp\/v2\/product_tag?post=11341"}],"curies":[{"name":"wp","href":"https:\/\/api.w.org\/{rel}","templated":true}]}}