{"id":11314,"date":"2025-07-03T10:23:36","date_gmt":"2025-07-03T10:23:36","guid":{"rendered":"http:\/\/bidonsenshakers.pim.hidalgo.nl\/product\/houten-rasp-morwenna\/"},"modified":"2026-03-15T15:46:33","modified_gmt":"2026-03-15T15:46:33","slug":"houten-rasp-morwenna","status":"publish","type":"product","link":"https:\/\/hidalgo.nl\/de\/product\/11314\/kaesereibe-morwenna-bedrucken-edelstahl-holzgriff-kompakt\/","title":{"rendered":"Houten rasp Morwenna"},"content":{"rendered":"<p>Houten rasp met roestvrijstalen onderdelen (430-grade rasp en 410-grade houder). Voorzien van een opening in het handvat voor ophangen. Verpakt in bulk met tissuepapier rond het metalen deel.<\/p>\n","protected":false},"excerpt":{"rendered":"<p>Houten rasp met roestvrijstalen onderdelen (430-grade rasp en 410-grade houder). Voorzien van een opening in het handvat voor ophangen. Verpakt in bulk met tissuepapier rond het metalen deel.<\/p>\n","protected":false},"featured_media":11315,"template":"","meta":{"_acf_changed":false,"om_disable_all_campaigns":false,"_monsterinsights_skip_tracking":false,"_monsterinsights_sitenote_active":false,"_monsterinsights_sitenote_note":"","_monsterinsights_sitenote_category":0},"product_brand":[49],"product_cat":[4735,5024,4719,4728],"product_tag":[],"class_list":{"0":"post-11314","1":"product","2":"type-product","3":"status-publish","4":"has-post-thumbnail","6":"product_supplier-a58","7":"product_material-hout","8":"product_material-rvs-430","9":"product_brand-impression","10":"product_cat-keuken","11":"product_cat-promotionele-artikelen-thuis-keuken-en-tuin-keuken-keuken-accessoires","12":"product_cat-promotionele-artikelen","13":"product_cat-promotionele-artikelen-thuis-keuken-en-tuin","14":"entry","16":"first","17":"instock","18":"taxable","19":"shipping-taxable","20":"purchasable","21":"product-type-variable"},"acf":{"imprint_cost":[{"imprint_cost_key":"92e84772a5a91a164bc03b7edbe6c0165961c9a9","product_quantity_price_range":[{"imprint_cost_recommended_selling_price":"2.66","imprint_cost_recommended_selling_quantity":"1"},{"imprint_cost_recommended_selling_price":"1.63","imprint_cost_recommended_selling_quantity":"25"},{"imprint_cost_recommended_selling_price":"1.22","imprint_cost_recommended_selling_quantity":"50"},{"imprint_cost_recommended_selling_price":"0.88","imprint_cost_recommended_selling_quantity":"100"},{"imprint_cost_recommended_selling_price":"0.52","imprint_cost_recommended_selling_quantity":"250"},{"imprint_cost_recommended_selling_price":"0.43","imprint_cost_recommended_selling_quantity":"500"},{"imprint_cost_recommended_selling_price":"0.37","imprint_cost_recommended_selling_quantity":"1000"},{"imprint_cost_recommended_selling_price":"0.29","imprint_cost_recommended_selling_quantity":"2500"}],"product_quantity_price_range_buying":false,"imprint_cost_setup_costs":"30.77","imprint_cost_handling_costs":"0.08"}]},"aioseo_notices":[],"aioseo_head":"\n\t\t<!-- All in One SEO Pro 4.9.6.2 - aioseo.com -->\n\t<meta name=\"description\" content=\"Mit diesem funktionalen K\u00fcchenwerkzeug aus Holz und Edelstahl verleihst du deiner Marke t\u00e4gliche Sichtbarkeit direkt beim Kochen. Du kannst die Morwenna bei uns individuell mit deinem Logo bedrucken lassen. Dank der integrierten Aufh\u00e4nge\u00f6se bleibt dieses nachhaltige Werbegeschenk in jeder K\u00fcche stets griffbereit.\" \/>\n\t<meta name=\"robots\" content=\"max-image-preview:large\" \/>\n\t<link rel=\"canonical\" href=\"https:\/\/hidalgo.nl\/de\/wp-json\/wp\/v2\/product\/11314\" \/>\n\t<meta name=\"generator\" content=\"All in One SEO Pro (AIOSEO) 4.9.6.2\" \/>\n\t\t<meta property=\"og:locale\" content=\"de_DE\" \/>\n\t\t<meta property=\"og:site_name\" content=\"Hidalgo -\" \/>\n\t\t<meta property=\"og:type\" content=\"article\" \/>\n\t\t<meta property=\"og:title\" content=\"K\u00e4sereibe Morwenna bedrucken Edelstahl Holzgriff kompakt\" \/>\n\t\t<meta property=\"og:description\" content=\"Mit diesem funktionalen K\u00fcchenwerkzeug aus Holz und Edelstahl verleihst du deiner Marke t\u00e4gliche Sichtbarkeit direkt beim Kochen. Du kannst die Morwenna bei uns individuell mit deinem Logo bedrucken lassen. Dank der integrierten Aufh\u00e4nge\u00f6se bleibt dieses nachhaltige Werbegeschenk in jeder K\u00fcche stets griffbereit.\" \/>\n\t\t<meta property=\"og:url\" content=\"https:\/\/hidalgo.nl\/de\/wp-json\/wp\/v2\/product\/11314\" \/>\n\t\t<meta property=\"og:image\" content=\"https:\/\/shop.hidalgo.nl\/wp-content\/uploads\/2025\/11\/cropped-Hidalgo-est1993.png\" \/>\n\t\t<meta property=\"og:image:secure_url\" content=\"https:\/\/shop.hidalgo.nl\/wp-content\/uploads\/2025\/11\/cropped-Hidalgo-est1993.png\" \/>\n\t\t<meta property=\"article:published_time\" content=\"2025-07-03T10:23:36+00:00\" \/>\n\t\t<meta property=\"article:modified_time\" content=\"2026-03-15T15:46:33+00:00\" \/>\n\t\t<meta name=\"twitter:card\" content=\"summary_large_image\" \/>\n\t\t<meta name=\"twitter:title\" content=\"K\u00e4sereibe Morwenna bedrucken Edelstahl Holzgriff kompakt\" \/>\n\t\t<meta name=\"twitter:description\" content=\"Mit diesem funktionalen K\u00fcchenwerkzeug aus Holz und Edelstahl verleihst du deiner Marke t\u00e4gliche Sichtbarkeit direkt beim Kochen. Du kannst die Morwenna bei uns individuell mit deinem Logo bedrucken lassen. Dank der integrierten Aufh\u00e4nge\u00f6se bleibt dieses nachhaltige Werbegeschenk in jeder K\u00fcche stets griffbereit.\" \/>\n\t\t<meta name=\"twitter:image\" content=\"https:\/\/shop.hidalgo.nl\/wp-content\/uploads\/2025\/11\/cropped-Hidalgo-est1993.png\" \/>\n\t\t<script type=\"application\/ld+json\" class=\"aioseo-schema\">\n\t\t\t{\"@context\":\"https:\\\/\\\/schema.org\",\"@graph\":[{\"@type\":\"BreadcrumbList\",\"@id\":\"https:\\\/\\\/hidalgo.nl\\\/de\\\/product\\\/11314\\\/kaesereibe-morwenna-bedrucken-edelstahl-holzgriff-kompakt\\\/#breadcrumblist\",\"itemListElement\":[{\"@type\":\"ListItem\",\"@id\":\"https:\\\/\\\/hidalgo.nl\\\/de\\\/#listItem\",\"position\":1,\"name\":\"Home\",\"item\":\"https:\\\/\\\/hidalgo.nl\\\/de\\\/\",\"nextItem\":{\"@type\":\"ListItem\",\"@id\":\"https:\\\/\\\/hidalgo.nl\\\/example\\\/#listItem\",\"name\":\"example\"}},{\"@type\":\"ListItem\",\"@id\":\"https:\\\/\\\/hidalgo.nl\\\/example\\\/#listItem\",\"position\":2,\"name\":\"example\",\"item\":\"https:\\\/\\\/hidalgo.nl\\\/example\\\/\",\"nextItem\":{\"@type\":\"ListItem\",\"@id\":\"https:\\\/\\\/hidalgo.nl\\\/en\\\/product-supplier\\\/a58\\\/#listItem\",\"name\":\"A58\"},\"previousItem\":{\"@type\":\"ListItem\",\"@id\":\"https:\\\/\\\/hidalgo.nl\\\/de\\\/#listItem\",\"name\":\"Home\"}},{\"@type\":\"ListItem\",\"@id\":\"https:\\\/\\\/hidalgo.nl\\\/en\\\/product-supplier\\\/a58\\\/#listItem\",\"position\":3,\"name\":\"A58\",\"item\":\"https:\\\/\\\/hidalgo.nl\\\/en\\\/product-supplier\\\/a58\\\/\",\"nextItem\":{\"@type\":\"ListItem\",\"@id\":\"https:\\\/\\\/hidalgo.nl\\\/de\\\/product\\\/11314\\\/kaesereibe-morwenna-bedrucken-edelstahl-holzgriff-kompakt\\\/#listItem\",\"name\":\"Houten rasp Morwenna\"},\"previousItem\":{\"@type\":\"ListItem\",\"@id\":\"https:\\\/\\\/hidalgo.nl\\\/example\\\/#listItem\",\"name\":\"example\"}},{\"@type\":\"ListItem\",\"@id\":\"https:\\\/\\\/hidalgo.nl\\\/de\\\/product\\\/11314\\\/kaesereibe-morwenna-bedrucken-edelstahl-holzgriff-kompakt\\\/#listItem\",\"position\":4,\"name\":\"Houten rasp Morwenna\",\"previousItem\":{\"@type\":\"ListItem\",\"@id\":\"https:\\\/\\\/hidalgo.nl\\\/en\\\/product-supplier\\\/a58\\\/#listItem\",\"name\":\"A58\"}}]},{\"@type\":\"Organization\",\"@id\":\"https:\\\/\\\/hidalgo.nl\\\/de\\\/#organization\",\"name\":\"Hidalgo\",\"url\":\"https:\\\/\\\/hidalgo.nl\\\/de\\\/\",\"logo\":{\"@type\":\"ImageObject\",\"url\":\"https:\\\/\\\/shop.hidalgo.nl\\\/wp-content\\\/uploads\\\/2025\\\/11\\\/cropped-Hidalgo-est1993.png\",\"@id\":\"https:\\\/\\\/hidalgo.nl\\\/de\\\/product\\\/11314\\\/kaesereibe-morwenna-bedrucken-edelstahl-holzgriff-kompakt\\\/#organizationLogo\",\"width\":585,\"height\":195},\"image\":{\"@id\":\"https:\\\/\\\/hidalgo.nl\\\/de\\\/product\\\/11314\\\/kaesereibe-morwenna-bedrucken-edelstahl-holzgriff-kompakt\\\/#organizationLogo\"}},{\"@type\":\"ProductGroup\",\"@id\":\"https:\\\/\\\/hidalgo.nl\\\/de\\\/product\\\/11314\\\/kaesereibe-morwenna-bedrucken-edelstahl-holzgriff-kompakt\\\/#wooCommerceProduct\",\"name\":\"K\\u00e4sereibe Morwenna bedrucken Edelstahl Holzgriff kompakt\",\"url\":\"https:\\\/\\\/hidalgo.nl\\\/de\\\/product\\\/11314\\\/kaesereibe-morwenna-bedrucken-edelstahl-holzgriff-kompakt\\\/\",\"brand\":{\"@type\":\"Brand\",\"name\":\"IMPRESSION\"},\"sku\":\"A58-1206640\",\"image\":{\"@type\":\"ImageObject\",\"url\":\"https:\\\/\\\/shop.hidalgo.nl\\\/wp-content\\\/uploads\\\/2025\\\/05\\\/14a5d2418e2ee996623cad16026b624124735c5d244b7c227db7816409a076d8.jpg\",\"@id\":\"https:\\\/\\\/hidalgo.nl\\\/de\\\/product\\\/11314\\\/kaesereibe-morwenna-bedrucken-edelstahl-holzgriff-kompakt\\\/#productImage\",\"width\":734,\"height\":1000},\"productGroupID\":11314,\"hasVariant\":[{\"@type\":\"Product\",\"@id\":\"https:\\\/\\\/hidalgo.nl\\\/de\\\/product\\\/11314\\\/kaesereibe-morwenna-bedrucken-edelstahl-holzgriff-kompakt\\\/#wooCommerceProduct\",\"name\":\"Houten rasp Morwenna - bruin,\",\"url\":\"https:\\\/\\\/hidalgo.nl\\\/de\\\/product\\\/11314\\\/kaesereibe-morwenna-bedrucken-edelstahl-holzgriff-kompakt\\\/\",\"sku\":\"A58-1206640-011999999\",\"gtin\":\"8719446072152\",\"image\":{\"@type\":\"ImageObject\",\"url\":\"https:\\\/\\\/shop.hidalgo.nl\\\/wp-content\\\/uploads\\\/2025\\\/05\\\/a73f7604e5e19106de5e2e1897e69e49d2d6d3663877c8945ec676400b1742fe.jpg\",\"@id\":\"https:\\\/\\\/hidalgo.nl\\\/de\\\/product\\\/11314\\\/kaesereibe-morwenna-bedrucken-edelstahl-holzgriff-kompakt\\\/#productImage\",\"width\":258,\"height\":1000},\"offers\":{\"@type\":\"Offer\",\"url\":\"https:\\\/\\\/hidalgo.nl\\\/de\\\/product\\\/11314\\\/kaesereibe-morwenna-bedrucken-edelstahl-holzgriff-kompakt\\\/#wooCommerceOffer\",\"price\":\"2.07\",\"priceCurrency\":\"EUR\",\"category\":\"Promotionele Artikelen\",\"availability\":\"https:\\\/\\\/schema.org\\\/InStock\",\"priceSpecification\":{\"@type\":\"PriceSpecification\",\"price\":2.07,\"priceCurrency\":\"EUR\",\"valueAddedTaxIncluded\":\"true\"}}}]},{\"@type\":\"WebPage\",\"@id\":\"https:\\\/\\\/hidalgo.nl\\\/de\\\/product\\\/11314\\\/kaesereibe-morwenna-bedrucken-edelstahl-holzgriff-kompakt\\\/#webpage\",\"url\":\"https:\\\/\\\/hidalgo.nl\\\/de\\\/product\\\/11314\\\/kaesereibe-morwenna-bedrucken-edelstahl-holzgriff-kompakt\\\/\",\"name\":\"K\\u00e4sereibe Morwenna bedrucken Edelstahl Holzgriff kompakt\",\"description\":\"Mit diesem funktionalen K\\u00fcchenwerkzeug aus Holz und Edelstahl verleihst du deiner Marke t\\u00e4gliche Sichtbarkeit direkt beim Kochen. Du kannst die Morwenna bei uns individuell mit deinem Logo bedrucken lassen. Dank der integrierten Aufh\\u00e4nge\\u00f6se bleibt dieses nachhaltige Werbegeschenk in jeder K\\u00fcche stets griffbereit.\",\"inLanguage\":\"de-DE\",\"isPartOf\":{\"@id\":\"https:\\\/\\\/hidalgo.nl\\\/de\\\/#website\"},\"breadcrumb\":{\"@id\":\"https:\\\/\\\/hidalgo.nl\\\/de\\\/product\\\/11314\\\/kaesereibe-morwenna-bedrucken-edelstahl-holzgriff-kompakt\\\/#breadcrumblist\"},\"image\":{\"@type\":\"ImageObject\",\"url\":\"https:\\\/\\\/shop.hidalgo.nl\\\/wp-content\\\/uploads\\\/2025\\\/05\\\/14a5d2418e2ee996623cad16026b624124735c5d244b7c227db7816409a076d8.jpg\",\"@id\":\"https:\\\/\\\/hidalgo.nl\\\/de\\\/product\\\/11314\\\/kaesereibe-morwenna-bedrucken-edelstahl-holzgriff-kompakt\\\/#mainImage\",\"width\":734,\"height\":1000},\"primaryImageOfPage\":{\"@id\":\"https:\\\/\\\/hidalgo.nl\\\/de\\\/product\\\/11314\\\/kaesereibe-morwenna-bedrucken-edelstahl-holzgriff-kompakt\\\/#mainImage\"},\"datePublished\":\"2025-07-03T10:23:36+00:00\",\"dateModified\":\"2026-03-15T15:46:33+00:00\"},{\"@type\":\"WebSite\",\"@id\":\"https:\\\/\\\/hidalgo.nl\\\/de\\\/#website\",\"url\":\"https:\\\/\\\/hidalgo.nl\\\/de\\\/\",\"name\":\"Hidalgo\",\"inLanguage\":\"de-DE\",\"publisher\":{\"@id\":\"https:\\\/\\\/hidalgo.nl\\\/de\\\/#organization\"}}]}\n\t\t<\/script>\n\t\t<!-- All in One SEO Pro -->\r\n\t\t<title>K\u00e4sereibe Morwenna bedrucken Edelstahl Holzgriff kompakt<\/title>\n\n","aioseo_head_json":{"title":"K\u00e4sereibe Morwenna bedrucken Edelstahl Holzgriff kompakt","description":"Mit diesem funktionalen K\u00fcchenwerkzeug aus Holz und Edelstahl verleihst du deiner Marke t\u00e4gliche Sichtbarkeit direkt beim Kochen. Du kannst die Morwenna bei uns individuell mit deinem Logo bedrucken lassen. Dank der integrierten Aufh\u00e4nge\u00f6se bleibt dieses nachhaltige Werbegeschenk in jeder K\u00fcche stets griffbereit.","canonical_url":"https:\/\/hidalgo.nl\/de\/wp-json\/wp\/v2\/product\/11314","robots":"max-image-preview:large","keywords":"","webmasterTools":{"miscellaneous":""},"schema":{"@context":"https:\/\/schema.org","@graph":[{"@type":"BreadcrumbList","@id":"https:\/\/hidalgo.nl\/de\/product\/11314\/kaesereibe-morwenna-bedrucken-edelstahl-holzgriff-kompakt\/#breadcrumblist","itemListElement":[{"@type":"ListItem","@id":"https:\/\/hidalgo.nl\/de\/#listItem","position":1,"name":"Home","item":"https:\/\/hidalgo.nl\/de\/","nextItem":{"@type":"ListItem","@id":"https:\/\/hidalgo.nl\/example\/#listItem","name":"example"}},{"@type":"ListItem","@id":"https:\/\/hidalgo.nl\/example\/#listItem","position":2,"name":"example","item":"https:\/\/hidalgo.nl\/example\/","nextItem":{"@type":"ListItem","@id":"https:\/\/hidalgo.nl\/en\/product-supplier\/a58\/#listItem","name":"A58"},"previousItem":{"@type":"ListItem","@id":"https:\/\/hidalgo.nl\/de\/#listItem","name":"Home"}},{"@type":"ListItem","@id":"https:\/\/hidalgo.nl\/en\/product-supplier\/a58\/#listItem","position":3,"name":"A58","item":"https:\/\/hidalgo.nl\/en\/product-supplier\/a58\/","nextItem":{"@type":"ListItem","@id":"https:\/\/hidalgo.nl\/de\/product\/11314\/kaesereibe-morwenna-bedrucken-edelstahl-holzgriff-kompakt\/#listItem","name":"Houten rasp Morwenna"},"previousItem":{"@type":"ListItem","@id":"https:\/\/hidalgo.nl\/example\/#listItem","name":"example"}},{"@type":"ListItem","@id":"https:\/\/hidalgo.nl\/de\/product\/11314\/kaesereibe-morwenna-bedrucken-edelstahl-holzgriff-kompakt\/#listItem","position":4,"name":"Houten rasp Morwenna","previousItem":{"@type":"ListItem","@id":"https:\/\/hidalgo.nl\/en\/product-supplier\/a58\/#listItem","name":"A58"}}]},{"@type":"Organization","@id":"https:\/\/hidalgo.nl\/de\/#organization","name":"Hidalgo","url":"https:\/\/hidalgo.nl\/de\/","logo":{"@type":"ImageObject","url":"https:\/\/shop.hidalgo.nl\/wp-content\/uploads\/2025\/11\/cropped-Hidalgo-est1993.png","@id":"https:\/\/hidalgo.nl\/de\/product\/11314\/kaesereibe-morwenna-bedrucken-edelstahl-holzgriff-kompakt\/#organizationLogo","width":585,"height":195},"image":{"@id":"https:\/\/hidalgo.nl\/de\/product\/11314\/kaesereibe-morwenna-bedrucken-edelstahl-holzgriff-kompakt\/#organizationLogo"}},{"@type":"ProductGroup","@id":"https:\/\/hidalgo.nl\/de\/product\/11314\/kaesereibe-morwenna-bedrucken-edelstahl-holzgriff-kompakt\/#wooCommerceProduct","name":"K\u00e4sereibe Morwenna bedrucken Edelstahl Holzgriff kompakt","url":"https:\/\/hidalgo.nl\/de\/product\/11314\/kaesereibe-morwenna-bedrucken-edelstahl-holzgriff-kompakt\/","brand":{"@type":"Brand","name":"IMPRESSION"},"sku":"A58-1206640","image":{"@type":"ImageObject","url":"https:\/\/shop.hidalgo.nl\/wp-content\/uploads\/2025\/05\/14a5d2418e2ee996623cad16026b624124735c5d244b7c227db7816409a076d8.jpg","@id":"https:\/\/hidalgo.nl\/de\/product\/11314\/kaesereibe-morwenna-bedrucken-edelstahl-holzgriff-kompakt\/#productImage","width":734,"height":1000},"productGroupID":11314,"hasVariant":[{"@type":"Product","@id":"https:\/\/hidalgo.nl\/de\/product\/11314\/kaesereibe-morwenna-bedrucken-edelstahl-holzgriff-kompakt\/#wooCommerceProduct","name":"Houten rasp Morwenna - bruin,","url":"https:\/\/hidalgo.nl\/de\/product\/11314\/kaesereibe-morwenna-bedrucken-edelstahl-holzgriff-kompakt\/","sku":"A58-1206640-011999999","gtin":"8719446072152","image":{"@type":"ImageObject","url":"https:\/\/shop.hidalgo.nl\/wp-content\/uploads\/2025\/05\/a73f7604e5e19106de5e2e1897e69e49d2d6d3663877c8945ec676400b1742fe.jpg","@id":"https:\/\/hidalgo.nl\/de\/product\/11314\/kaesereibe-morwenna-bedrucken-edelstahl-holzgriff-kompakt\/#productImage","width":258,"height":1000},"offers":{"@type":"Offer","url":"https:\/\/hidalgo.nl\/de\/product\/11314\/kaesereibe-morwenna-bedrucken-edelstahl-holzgriff-kompakt\/#wooCommerceOffer","price":"2.07","priceCurrency":"EUR","category":"Promotionele Artikelen","availability":"https:\/\/schema.org\/InStock","priceSpecification":{"@type":"PriceSpecification","price":2.07,"priceCurrency":"EUR","valueAddedTaxIncluded":"true"}}}]},{"@type":"WebPage","@id":"https:\/\/hidalgo.nl\/de\/product\/11314\/kaesereibe-morwenna-bedrucken-edelstahl-holzgriff-kompakt\/#webpage","url":"https:\/\/hidalgo.nl\/de\/product\/11314\/kaesereibe-morwenna-bedrucken-edelstahl-holzgriff-kompakt\/","name":"K\u00e4sereibe Morwenna bedrucken Edelstahl Holzgriff kompakt","description":"Mit diesem funktionalen K\u00fcchenwerkzeug aus Holz und Edelstahl verleihst du deiner Marke t\u00e4gliche Sichtbarkeit direkt beim Kochen. Du kannst die Morwenna bei uns individuell mit deinem Logo bedrucken lassen. Dank der integrierten Aufh\u00e4nge\u00f6se bleibt dieses nachhaltige Werbegeschenk in jeder K\u00fcche stets griffbereit.","inLanguage":"de-DE","isPartOf":{"@id":"https:\/\/hidalgo.nl\/de\/#website"},"breadcrumb":{"@id":"https:\/\/hidalgo.nl\/de\/product\/11314\/kaesereibe-morwenna-bedrucken-edelstahl-holzgriff-kompakt\/#breadcrumblist"},"image":{"@type":"ImageObject","url":"https:\/\/shop.hidalgo.nl\/wp-content\/uploads\/2025\/05\/14a5d2418e2ee996623cad16026b624124735c5d244b7c227db7816409a076d8.jpg","@id":"https:\/\/hidalgo.nl\/de\/product\/11314\/kaesereibe-morwenna-bedrucken-edelstahl-holzgriff-kompakt\/#mainImage","width":734,"height":1000},"primaryImageOfPage":{"@id":"https:\/\/hidalgo.nl\/de\/product\/11314\/kaesereibe-morwenna-bedrucken-edelstahl-holzgriff-kompakt\/#mainImage"},"datePublished":"2025-07-03T10:23:36+00:00","dateModified":"2026-03-15T15:46:33+00:00"},{"@type":"WebSite","@id":"https:\/\/hidalgo.nl\/de\/#website","url":"https:\/\/hidalgo.nl\/de\/","name":"Hidalgo","inLanguage":"de-DE","publisher":{"@id":"https:\/\/hidalgo.nl\/de\/#organization"}}]},"og:locale":"de_DE","og:site_name":"Hidalgo -","og:type":"article","og:title":"K\u00e4sereibe Morwenna bedrucken Edelstahl Holzgriff kompakt","og:description":"Mit diesem funktionalen K\u00fcchenwerkzeug aus Holz und Edelstahl verleihst du deiner Marke t\u00e4gliche Sichtbarkeit direkt beim Kochen. Du kannst die Morwenna bei uns individuell mit deinem Logo bedrucken lassen. Dank der integrierten Aufh\u00e4nge\u00f6se bleibt dieses nachhaltige Werbegeschenk in jeder K\u00fcche stets griffbereit.","og:url":"https:\/\/hidalgo.nl\/de\/wp-json\/wp\/v2\/product\/11314","og:image":"https:\/\/shop.hidalgo.nl\/wp-content\/uploads\/2025\/11\/cropped-Hidalgo-est1993.png","og:image:secure_url":"https:\/\/shop.hidalgo.nl\/wp-content\/uploads\/2025\/11\/cropped-Hidalgo-est1993.png","article:published_time":"2025-07-03T10:23:36+00:00","article:modified_time":"2026-03-15T15:46:33+00:00","twitter:card":"summary_large_image","twitter:title":"K\u00e4sereibe Morwenna bedrucken Edelstahl Holzgriff kompakt","twitter:description":"Mit diesem funktionalen K\u00fcchenwerkzeug aus Holz und Edelstahl verleihst du deiner Marke t\u00e4gliche Sichtbarkeit direkt beim Kochen. Du kannst die Morwenna bei uns individuell mit deinem Logo bedrucken lassen. Dank der integrierten Aufh\u00e4nge\u00f6se bleibt dieses nachhaltige Werbegeschenk in jeder K\u00fcche stets griffbereit.","twitter:image":"https:\/\/shop.hidalgo.nl\/wp-content\/uploads\/2025\/11\/cropped-Hidalgo-est1993.png"},"aioseo_meta_data":{"post_id":"11314","title":null,"description":null,"keywords":null,"keyphrases":null,"primary_term":null,"canonical_url":null,"og_title":null,"og_description":null,"og_object_type":"default","og_image_type":"default","og_image_url":null,"og_image_width":null,"og_image_height":null,"og_image_custom_url":null,"og_image_custom_fields":null,"og_video":null,"og_custom_url":null,"og_article_section":null,"og_article_tags":null,"twitter_use_og":false,"twitter_card":"default","twitter_image_type":"default","twitter_image_url":null,"twitter_image_custom_url":null,"twitter_image_custom_fields":null,"twitter_title":null,"twitter_description":null,"schema":{"blockGraphs":[],"customGraphs":[],"default":{"data":{"Article":[],"Course":[],"Dataset":[],"FAQPage":[],"Movie":[],"Person":[],"Product":[],"ProductReview":[],"Car":[],"Recipe":[],"Service":[],"SoftwareApplication":[],"WebPage":[]},"graphName":"","isEnabled":true},"graphs":[]},"schema_type":"default","schema_type_options":null,"pillar_content":false,"robots_default":true,"robots_noindex":false,"robots_noarchive":false,"robots_nosnippet":false,"robots_nofollow":false,"robots_noimageindex":false,"robots_noodp":false,"robots_notranslate":false,"robots_max_snippet":null,"robots_max_videopreview":null,"robots_max_imagepreview":"large","priority":null,"frequency":null,"local_seo":null,"seo_analyzer_scan_date":"2026-01-20 10:09:45","breadcrumb_settings":null,"limit_modified_date":false,"reviewed_by":null,"open_ai":null,"ai":null,"created":"2026-01-14 06:17:37","updated":"2026-04-22 16:16:57"},"aioseo_breadcrumb":"<div class=\"aioseo-breadcrumbs\"><span class=\"aioseo-breadcrumb\">\n\t<a href=\"https:\/\/hidalgo.nl\/de\/\" title=\"Home\">Home<\/a>\n<\/span><span class=\"aioseo-breadcrumb-separator\">\u00bb<\/span><span class=\"aioseo-breadcrumb\">\n\t<a href=\"https:\/\/hidalgo.nl\/example\/\" title=\"example\">example<\/a>\n<\/span><span class=\"aioseo-breadcrumb-separator\">\u00bb<\/span><span class=\"aioseo-breadcrumb\">\n\t<a href=\"https:\/\/hidalgo.nl\/en\/product-supplier\/a58\/\" title=\"A58\">A58<\/a>\n<\/span><span class=\"aioseo-breadcrumb-separator\">\u00bb<\/span><span class=\"aioseo-breadcrumb\">\n\tHouten rasp Morwenna\n<\/span><\/div>","aioseo_breadcrumb_json":[{"label":"Home","link":"https:\/\/hidalgo.nl\/de\/"},{"label":"example","link":"https:\/\/hidalgo.nl\/example\/"},{"label":"A58","link":"https:\/\/hidalgo.nl\/en\/product-supplier\/a58\/"},{"label":"Houten rasp Morwenna","link":"https:\/\/hidalgo.nl\/de\/product\/11314\/kaesereibe-morwenna-bedrucken-edelstahl-holzgriff-kompakt\/"}],"_links":{"self":[{"href":"https:\/\/hidalgo.nl\/de\/wp-json\/wp\/v2\/product\/11314","targetHints":{"allow":["GET"]}}],"collection":[{"href":"https:\/\/hidalgo.nl\/de\/wp-json\/wp\/v2\/product"}],"about":[{"href":"https:\/\/hidalgo.nl\/de\/wp-json\/wp\/v2\/types\/product"}],"wp:featuredmedia":[{"embeddable":true,"href":"https:\/\/hidalgo.nl\/de\/wp-json\/wp\/v2\/media\/11315"}],"wp:attachment":[{"href":"https:\/\/hidalgo.nl\/de\/wp-json\/wp\/v2\/media?parent=11314"}],"wp:term":[{"taxonomy":"product_brand","embeddable":true,"href":"https:\/\/hidalgo.nl\/de\/wp-json\/wp\/v2\/product_brand?post=11314"},{"taxonomy":"product_cat","embeddable":true,"href":"https:\/\/hidalgo.nl\/de\/wp-json\/wp\/v2\/product_cat?post=11314"},{"taxonomy":"product_tag","embeddable":true,"href":"https:\/\/hidalgo.nl\/de\/wp-json\/wp\/v2\/product_tag?post=11314"}],"curies":[{"name":"wp","href":"https:\/\/api.w.org\/{rel}","templated":true}]}}