{"id":111577,"date":"2025-07-07T11:31:07","date_gmt":"2025-07-07T11:31:07","guid":{"rendered":"http:\/\/bidonsenshakers.pim.hidalgo.nl\/product\/sp325-ecologisch-uniseks-t-shirt-in-biokatoen-en-linnen\/"},"modified":"2026-03-19T19:21:03","modified_gmt":"2026-03-19T19:21:03","slug":"sp325-ecologisch-uniseks-t-shirt-in-biokatoen-en-linnen","status":"publish","type":"product","link":"https:\/\/hidalgo.nl\/de\/product\/111577\/t-shirt-bedrucken-bio-baumwolle-leinen-sp325-unisex-xs-3xl\/","title":{"rendered":"SP325 &#8211; Ecologisch uniseks T-shirt in biokatoen en linnen"},"content":{"rendered":"<p>70 % Biologisch Katoen \/ 30 % Linnen. Tricot. Gekamd en ringgesponnen katoen. Rechte snit. Zijnaden. Enzymgewassen. 1 x 1 ribboord. Nektape in de hoofdstof in de kraag. Zoom met enkel stiksel aan de mouwuiteinden en onderkant.<\/p>\n","protected":false},"excerpt":{"rendered":"<p>70 % Biologisch Katoen \/ 30 % Linnen. Tricot. Gekamd en ringgesponnen katoen. Rechte snit. Zijnaden. Enzymgewassen. 1 x 1 ribboord. Nektape in de hoofdstof in de kraag. Zoom met enkel stiksel aan de mouwuiteinden en onderkant.<\/p>\n","protected":false},"featured_media":111580,"template":"","meta":{"_acf_changed":false,"om_disable_all_campaigns":false,"_monsterinsights_skip_tracking":false,"_monsterinsights_sitenote_active":false,"_monsterinsights_sitenote_note":"","_monsterinsights_sitenote_category":0},"product_brand":[1670],"product_cat":[4716,5001,4999],"product_tag":[],"class_list":{"0":"post-111577","1":"product","2":"type-product","3":"status-publish","4":"has-post-thumbnail","6":"product_supplier-a403","7":"product_brand-spasso","8":"product_cat-kleding","9":"product_cat-kleding-t-shirts-shirts-korte-mouwen","10":"product_cat-kleding-t-shirts","11":"entry","13":"first","14":"instock","15":"taxable","16":"shipping-taxable","17":"purchasable","18":"product-type-variable"},"acf":{"imprint_cost":[{"imprint_cost_key":"33483b79de35c41f6a5968127e3727b83ce2fe0b","product_quantity_price_range":[{"imprint_cost_recommended_selling_price":"0","imprint_cost_recommended_selling_quantity":"1"}],"product_quantity_price_range_buying":false,"imprint_cost_setup_costs":"","imprint_cost_handling_costs":""}]},"aioseo_notices":[],"aioseo_head":"\n\t\t<!-- All in One SEO Pro 4.9.6.2 - aioseo.com -->\n\t<meta name=\"description\" content=\"Unisex Shirt aus 70 Prozent Bio-Baumwolle und 30 Prozent Leinen, ideal f\u00fcr dein Logo im Textildruck online - atmungsaktiv und langlebig. Farben: Navy Blue, Almond Green, Ivory. Gr\u00f6\u00dfen: XS, S, M, L, XL, XXL, 3XL. Jetzt T-Shirt bedrucken lassen f\u00fcr Teams, Events &amp; Firmen.\" \/>\n\t<meta name=\"robots\" content=\"max-image-preview:large\" \/>\n\t<link rel=\"canonical\" href=\"https:\/\/hidalgo.nl\/de\/wp-json\/wp\/v2\/product\/111577\" \/>\n\t<meta name=\"generator\" content=\"All in One SEO Pro (AIOSEO) 4.9.6.2\" \/>\n\t\t<meta property=\"og:locale\" content=\"de_DE\" \/>\n\t\t<meta property=\"og:site_name\" content=\"Hidalgo -\" \/>\n\t\t<meta property=\"og:type\" content=\"article\" \/>\n\t\t<meta property=\"og:title\" content=\"T-Shirt bedrucken Bio-Baumwolle Leinen SP325 Unisex XS-3XL\" \/>\n\t\t<meta property=\"og:description\" content=\"Unisex Shirt aus 70 Prozent Bio-Baumwolle und 30 Prozent Leinen, ideal f\u00fcr dein Logo im Textildruck online - atmungsaktiv und langlebig. Farben: Navy Blue, Almond Green, Ivory. Gr\u00f6\u00dfen: XS, S, M, L, XL, XXL, 3XL. Jetzt T-Shirt bedrucken lassen f\u00fcr Teams, Events &amp; Firmen.\" \/>\n\t\t<meta property=\"og:url\" content=\"https:\/\/hidalgo.nl\/de\/wp-json\/wp\/v2\/product\/111577\" \/>\n\t\t<meta property=\"og:image\" content=\"https:\/\/shop.hidalgo.nl\/wp-content\/uploads\/2025\/11\/cropped-Hidalgo-est1993.png\" \/>\n\t\t<meta property=\"og:image:secure_url\" content=\"https:\/\/shop.hidalgo.nl\/wp-content\/uploads\/2025\/11\/cropped-Hidalgo-est1993.png\" \/>\n\t\t<meta property=\"article:published_time\" content=\"2025-07-07T11:31:07+00:00\" \/>\n\t\t<meta property=\"article:modified_time\" content=\"2026-03-19T19:21:03+00:00\" \/>\n\t\t<meta name=\"twitter:card\" content=\"summary_large_image\" \/>\n\t\t<meta name=\"twitter:title\" content=\"T-Shirt bedrucken Bio-Baumwolle Leinen SP325 Unisex XS-3XL\" \/>\n\t\t<meta name=\"twitter:description\" content=\"Unisex Shirt aus 70 Prozent Bio-Baumwolle und 30 Prozent Leinen, ideal f\u00fcr dein Logo im Textildruck online - atmungsaktiv und langlebig. Farben: Navy Blue, Almond Green, Ivory. Gr\u00f6\u00dfen: XS, S, M, L, XL, XXL, 3XL. Jetzt T-Shirt bedrucken lassen f\u00fcr Teams, Events &amp; Firmen.\" \/>\n\t\t<meta name=\"twitter:image\" content=\"https:\/\/shop.hidalgo.nl\/wp-content\/uploads\/2025\/11\/cropped-Hidalgo-est1993.png\" \/>\n\t\t<script type=\"application\/ld+json\" class=\"aioseo-schema\">\n\t\t\t{\"@context\":\"https:\\\/\\\/schema.org\",\"@graph\":[{\"@type\":\"BreadcrumbList\",\"@id\":\"https:\\\/\\\/hidalgo.nl\\\/de\\\/product\\\/111577\\\/t-shirt-bedrucken-bio-baumwolle-leinen-sp325-unisex-xs-3xl\\\/#breadcrumblist\",\"itemListElement\":[{\"@type\":\"ListItem\",\"@id\":\"https:\\\/\\\/hidalgo.nl\\\/de\\\/#listItem\",\"position\":1,\"name\":\"Home\",\"item\":\"https:\\\/\\\/hidalgo.nl\\\/de\\\/\",\"nextItem\":{\"@type\":\"ListItem\",\"@id\":\"https:\\\/\\\/hidalgo.nl\\\/example\\\/#listItem\",\"name\":\"example\"}},{\"@type\":\"ListItem\",\"@id\":\"https:\\\/\\\/hidalgo.nl\\\/example\\\/#listItem\",\"position\":2,\"name\":\"example\",\"item\":\"https:\\\/\\\/hidalgo.nl\\\/example\\\/\",\"nextItem\":{\"@type\":\"ListItem\",\"@id\":\"https:\\\/\\\/hidalgo.nl\\\/en\\\/product-supplier\\\/a403\\\/#listItem\",\"name\":\"A403\"},\"previousItem\":{\"@type\":\"ListItem\",\"@id\":\"https:\\\/\\\/hidalgo.nl\\\/de\\\/#listItem\",\"name\":\"Home\"}},{\"@type\":\"ListItem\",\"@id\":\"https:\\\/\\\/hidalgo.nl\\\/en\\\/product-supplier\\\/a403\\\/#listItem\",\"position\":3,\"name\":\"A403\",\"item\":\"https:\\\/\\\/hidalgo.nl\\\/en\\\/product-supplier\\\/a403\\\/\",\"nextItem\":{\"@type\":\"ListItem\",\"@id\":\"https:\\\/\\\/hidalgo.nl\\\/de\\\/product\\\/111577\\\/t-shirt-bedrucken-bio-baumwolle-leinen-sp325-unisex-xs-3xl\\\/#listItem\",\"name\":\"SP325 &#8211; Ecologisch uniseks T-shirt in biokatoen en linnen\"},\"previousItem\":{\"@type\":\"ListItem\",\"@id\":\"https:\\\/\\\/hidalgo.nl\\\/example\\\/#listItem\",\"name\":\"example\"}},{\"@type\":\"ListItem\",\"@id\":\"https:\\\/\\\/hidalgo.nl\\\/de\\\/product\\\/111577\\\/t-shirt-bedrucken-bio-baumwolle-leinen-sp325-unisex-xs-3xl\\\/#listItem\",\"position\":4,\"name\":\"SP325 &#8211; Ecologisch uniseks T-shirt in biokatoen en linnen\",\"previousItem\":{\"@type\":\"ListItem\",\"@id\":\"https:\\\/\\\/hidalgo.nl\\\/en\\\/product-supplier\\\/a403\\\/#listItem\",\"name\":\"A403\"}}]},{\"@type\":\"ItemPage\",\"@id\":\"https:\\\/\\\/hidalgo.nl\\\/de\\\/product\\\/111577\\\/t-shirt-bedrucken-bio-baumwolle-leinen-sp325-unisex-xs-3xl\\\/#itempage\",\"url\":\"https:\\\/\\\/hidalgo.nl\\\/de\\\/product\\\/111577\\\/t-shirt-bedrucken-bio-baumwolle-leinen-sp325-unisex-xs-3xl\\\/\",\"name\":\"T-Shirt bedrucken Bio-Baumwolle Leinen SP325 Unisex XS-3XL\",\"description\":\"Unisex Shirt aus 70 Prozent Bio-Baumwolle und 30 Prozent Leinen, ideal f\\u00fcr dein Logo im Textildruck online - atmungsaktiv und langlebig. Farben: Navy Blue, Almond Green, Ivory. Gr\\u00f6\\u00dfen: XS, S, M, L, XL, XXL, 3XL. Jetzt T-Shirt bedrucken lassen f\\u00fcr Teams, Events & Firmen.\",\"inLanguage\":\"de-DE\",\"isPartOf\":{\"@id\":\"https:\\\/\\\/hidalgo.nl\\\/de\\\/#website\"},\"breadcrumb\":{\"@id\":\"https:\\\/\\\/hidalgo.nl\\\/de\\\/product\\\/111577\\\/t-shirt-bedrucken-bio-baumwolle-leinen-sp325-unisex-xs-3xl\\\/#breadcrumblist\"},\"image\":{\"@type\":\"ImageObject\",\"url\":\"https:\\\/\\\/shop.hidalgo.nl\\\/wp-content\\\/uploads\\\/2025\\\/07\\\/40cd8de5e2b0b8a9652275328f32d2b30ae94b99ecc0898ed76216e4092195b7.png\",\"@id\":\"https:\\\/\\\/hidalgo.nl\\\/de\\\/product\\\/111577\\\/t-shirt-bedrucken-bio-baumwolle-leinen-sp325-unisex-xs-3xl\\\/#mainImage\",\"width\":1000,\"height\":1000},\"primaryImageOfPage\":{\"@id\":\"https:\\\/\\\/hidalgo.nl\\\/de\\\/product\\\/111577\\\/t-shirt-bedrucken-bio-baumwolle-leinen-sp325-unisex-xs-3xl\\\/#mainImage\"},\"datePublished\":\"2025-07-07T11:31:07+00:00\",\"dateModified\":\"2026-03-19T19:21:03+00:00\"},{\"@type\":\"Organization\",\"@id\":\"https:\\\/\\\/hidalgo.nl\\\/de\\\/#organization\",\"name\":\"Hidalgo\",\"url\":\"https:\\\/\\\/hidalgo.nl\\\/de\\\/\",\"logo\":{\"@type\":\"ImageObject\",\"url\":\"https:\\\/\\\/shop.hidalgo.nl\\\/wp-content\\\/uploads\\\/2025\\\/11\\\/cropped-Hidalgo-est1993.png\",\"@id\":\"https:\\\/\\\/hidalgo.nl\\\/de\\\/product\\\/111577\\\/t-shirt-bedrucken-bio-baumwolle-leinen-sp325-unisex-xs-3xl\\\/#organizationLogo\",\"width\":585,\"height\":195},\"image\":{\"@id\":\"https:\\\/\\\/hidalgo.nl\\\/de\\\/product\\\/111577\\\/t-shirt-bedrucken-bio-baumwolle-leinen-sp325-unisex-xs-3xl\\\/#organizationLogo\"}},{\"@type\":\"WebPage\",\"@id\":\"https:\\\/\\\/hidalgo.nl\\\/de\\\/product\\\/111577\\\/t-shirt-bedrucken-bio-baumwolle-leinen-sp325-unisex-xs-3xl\\\/#webpage\",\"url\":\"https:\\\/\\\/hidalgo.nl\\\/de\\\/product\\\/111577\\\/t-shirt-bedrucken-bio-baumwolle-leinen-sp325-unisex-xs-3xl\\\/\",\"name\":\"T-Shirt bedrucken Bio-Baumwolle Leinen SP325 Unisex XS-3XL\",\"description\":\"Unisex Shirt aus 70 Prozent Bio-Baumwolle und 30 Prozent Leinen, ideal f\\u00fcr dein Logo im Textildruck online - atmungsaktiv und langlebig. Farben: Navy Blue, Almond Green, Ivory. Gr\\u00f6\\u00dfen: XS, S, M, L, XL, XXL, 3XL. Jetzt T-Shirt bedrucken lassen f\\u00fcr Teams, Events & Firmen.\",\"inLanguage\":\"de-DE\",\"isPartOf\":{\"@id\":\"https:\\\/\\\/hidalgo.nl\\\/de\\\/#website\"},\"breadcrumb\":{\"@id\":\"https:\\\/\\\/hidalgo.nl\\\/de\\\/product\\\/111577\\\/t-shirt-bedrucken-bio-baumwolle-leinen-sp325-unisex-xs-3xl\\\/#breadcrumblist\"},\"image\":{\"@type\":\"ImageObject\",\"url\":\"https:\\\/\\\/shop.hidalgo.nl\\\/wp-content\\\/uploads\\\/2025\\\/07\\\/40cd8de5e2b0b8a9652275328f32d2b30ae94b99ecc0898ed76216e4092195b7.png\",\"@id\":\"https:\\\/\\\/hidalgo.nl\\\/de\\\/product\\\/111577\\\/t-shirt-bedrucken-bio-baumwolle-leinen-sp325-unisex-xs-3xl\\\/#mainImage\",\"width\":1000,\"height\":1000},\"primaryImageOfPage\":{\"@id\":\"https:\\\/\\\/hidalgo.nl\\\/de\\\/product\\\/111577\\\/t-shirt-bedrucken-bio-baumwolle-leinen-sp325-unisex-xs-3xl\\\/#mainImage\"},\"datePublished\":\"2025-07-07T11:31:07+00:00\",\"dateModified\":\"2026-03-19T19:21:03+00:00\"},{\"@type\":\"WebSite\",\"@id\":\"https:\\\/\\\/hidalgo.nl\\\/de\\\/#website\",\"url\":\"https:\\\/\\\/hidalgo.nl\\\/de\\\/\",\"name\":\"Hidalgo\",\"inLanguage\":\"de-DE\",\"publisher\":{\"@id\":\"https:\\\/\\\/hidalgo.nl\\\/de\\\/#organization\"}}]}\n\t\t<\/script>\n\t\t<!-- All in One SEO Pro -->\r\n\t\t<title>T-Shirt bedrucken Bio-Baumwolle Leinen SP325 Unisex XS-3XL<\/title>\n\n","aioseo_head_json":{"title":"T-Shirt bedrucken Bio-Baumwolle Leinen SP325 Unisex XS-3XL","description":"Unisex Shirt aus 70 Prozent Bio-Baumwolle und 30 Prozent Leinen, ideal f\u00fcr dein Logo im Textildruck online - atmungsaktiv und langlebig. Farben: Navy Blue, Almond Green, Ivory. Gr\u00f6\u00dfen: XS, S, M, L, XL, XXL, 3XL. Jetzt T-Shirt bedrucken lassen f\u00fcr Teams, Events & Firmen.","canonical_url":"https:\/\/hidalgo.nl\/de\/wp-json\/wp\/v2\/product\/111577","robots":"max-image-preview:large","keywords":"","webmasterTools":{"miscellaneous":""},"schema":{"@context":"https:\/\/schema.org","@graph":[{"@type":"BreadcrumbList","@id":"https:\/\/hidalgo.nl\/de\/product\/111577\/t-shirt-bedrucken-bio-baumwolle-leinen-sp325-unisex-xs-3xl\/#breadcrumblist","itemListElement":[{"@type":"ListItem","@id":"https:\/\/hidalgo.nl\/de\/#listItem","position":1,"name":"Home","item":"https:\/\/hidalgo.nl\/de\/","nextItem":{"@type":"ListItem","@id":"https:\/\/hidalgo.nl\/example\/#listItem","name":"example"}},{"@type":"ListItem","@id":"https:\/\/hidalgo.nl\/example\/#listItem","position":2,"name":"example","item":"https:\/\/hidalgo.nl\/example\/","nextItem":{"@type":"ListItem","@id":"https:\/\/hidalgo.nl\/en\/product-supplier\/a403\/#listItem","name":"A403"},"previousItem":{"@type":"ListItem","@id":"https:\/\/hidalgo.nl\/de\/#listItem","name":"Home"}},{"@type":"ListItem","@id":"https:\/\/hidalgo.nl\/en\/product-supplier\/a403\/#listItem","position":3,"name":"A403","item":"https:\/\/hidalgo.nl\/en\/product-supplier\/a403\/","nextItem":{"@type":"ListItem","@id":"https:\/\/hidalgo.nl\/de\/product\/111577\/t-shirt-bedrucken-bio-baumwolle-leinen-sp325-unisex-xs-3xl\/#listItem","name":"SP325 &#8211; Ecologisch uniseks T-shirt in biokatoen en linnen"},"previousItem":{"@type":"ListItem","@id":"https:\/\/hidalgo.nl\/example\/#listItem","name":"example"}},{"@type":"ListItem","@id":"https:\/\/hidalgo.nl\/de\/product\/111577\/t-shirt-bedrucken-bio-baumwolle-leinen-sp325-unisex-xs-3xl\/#listItem","position":4,"name":"SP325 &#8211; Ecologisch uniseks T-shirt in biokatoen en linnen","previousItem":{"@type":"ListItem","@id":"https:\/\/hidalgo.nl\/en\/product-supplier\/a403\/#listItem","name":"A403"}}]},{"@type":"ItemPage","@id":"https:\/\/hidalgo.nl\/de\/product\/111577\/t-shirt-bedrucken-bio-baumwolle-leinen-sp325-unisex-xs-3xl\/#itempage","url":"https:\/\/hidalgo.nl\/de\/product\/111577\/t-shirt-bedrucken-bio-baumwolle-leinen-sp325-unisex-xs-3xl\/","name":"T-Shirt bedrucken Bio-Baumwolle Leinen SP325 Unisex XS-3XL","description":"Unisex Shirt aus 70 Prozent Bio-Baumwolle und 30 Prozent Leinen, ideal f\u00fcr dein Logo im Textildruck online - atmungsaktiv und langlebig. Farben: Navy Blue, Almond Green, Ivory. Gr\u00f6\u00dfen: XS, S, M, L, XL, XXL, 3XL. Jetzt T-Shirt bedrucken lassen f\u00fcr Teams, Events & Firmen.","inLanguage":"de-DE","isPartOf":{"@id":"https:\/\/hidalgo.nl\/de\/#website"},"breadcrumb":{"@id":"https:\/\/hidalgo.nl\/de\/product\/111577\/t-shirt-bedrucken-bio-baumwolle-leinen-sp325-unisex-xs-3xl\/#breadcrumblist"},"image":{"@type":"ImageObject","url":"https:\/\/shop.hidalgo.nl\/wp-content\/uploads\/2025\/07\/40cd8de5e2b0b8a9652275328f32d2b30ae94b99ecc0898ed76216e4092195b7.png","@id":"https:\/\/hidalgo.nl\/de\/product\/111577\/t-shirt-bedrucken-bio-baumwolle-leinen-sp325-unisex-xs-3xl\/#mainImage","width":1000,"height":1000},"primaryImageOfPage":{"@id":"https:\/\/hidalgo.nl\/de\/product\/111577\/t-shirt-bedrucken-bio-baumwolle-leinen-sp325-unisex-xs-3xl\/#mainImage"},"datePublished":"2025-07-07T11:31:07+00:00","dateModified":"2026-03-19T19:21:03+00:00"},{"@type":"Organization","@id":"https:\/\/hidalgo.nl\/de\/#organization","name":"Hidalgo","url":"https:\/\/hidalgo.nl\/de\/","logo":{"@type":"ImageObject","url":"https:\/\/shop.hidalgo.nl\/wp-content\/uploads\/2025\/11\/cropped-Hidalgo-est1993.png","@id":"https:\/\/hidalgo.nl\/de\/product\/111577\/t-shirt-bedrucken-bio-baumwolle-leinen-sp325-unisex-xs-3xl\/#organizationLogo","width":585,"height":195},"image":{"@id":"https:\/\/hidalgo.nl\/de\/product\/111577\/t-shirt-bedrucken-bio-baumwolle-leinen-sp325-unisex-xs-3xl\/#organizationLogo"}},{"@type":"WebPage","@id":"https:\/\/hidalgo.nl\/de\/product\/111577\/t-shirt-bedrucken-bio-baumwolle-leinen-sp325-unisex-xs-3xl\/#webpage","url":"https:\/\/hidalgo.nl\/de\/product\/111577\/t-shirt-bedrucken-bio-baumwolle-leinen-sp325-unisex-xs-3xl\/","name":"T-Shirt bedrucken Bio-Baumwolle Leinen SP325 Unisex XS-3XL","description":"Unisex Shirt aus 70 Prozent Bio-Baumwolle und 30 Prozent Leinen, ideal f\u00fcr dein Logo im Textildruck online - atmungsaktiv und langlebig. Farben: Navy Blue, Almond Green, Ivory. Gr\u00f6\u00dfen: XS, S, M, L, XL, XXL, 3XL. Jetzt T-Shirt bedrucken lassen f\u00fcr Teams, Events & Firmen.","inLanguage":"de-DE","isPartOf":{"@id":"https:\/\/hidalgo.nl\/de\/#website"},"breadcrumb":{"@id":"https:\/\/hidalgo.nl\/de\/product\/111577\/t-shirt-bedrucken-bio-baumwolle-leinen-sp325-unisex-xs-3xl\/#breadcrumblist"},"image":{"@type":"ImageObject","url":"https:\/\/shop.hidalgo.nl\/wp-content\/uploads\/2025\/07\/40cd8de5e2b0b8a9652275328f32d2b30ae94b99ecc0898ed76216e4092195b7.png","@id":"https:\/\/hidalgo.nl\/de\/product\/111577\/t-shirt-bedrucken-bio-baumwolle-leinen-sp325-unisex-xs-3xl\/#mainImage","width":1000,"height":1000},"primaryImageOfPage":{"@id":"https:\/\/hidalgo.nl\/de\/product\/111577\/t-shirt-bedrucken-bio-baumwolle-leinen-sp325-unisex-xs-3xl\/#mainImage"},"datePublished":"2025-07-07T11:31:07+00:00","dateModified":"2026-03-19T19:21:03+00:00"},{"@type":"WebSite","@id":"https:\/\/hidalgo.nl\/de\/#website","url":"https:\/\/hidalgo.nl\/de\/","name":"Hidalgo","inLanguage":"de-DE","publisher":{"@id":"https:\/\/hidalgo.nl\/de\/#organization"}}]},"og:locale":"de_DE","og:site_name":"Hidalgo -","og:type":"article","og:title":"T-Shirt bedrucken Bio-Baumwolle Leinen SP325 Unisex XS-3XL","og:description":"Unisex Shirt aus 70 Prozent Bio-Baumwolle und 30 Prozent Leinen, ideal f\u00fcr dein Logo im Textildruck online - atmungsaktiv und langlebig. Farben: Navy Blue, Almond Green, Ivory. Gr\u00f6\u00dfen: XS, S, M, L, XL, XXL, 3XL. Jetzt T-Shirt bedrucken lassen f\u00fcr Teams, Events &amp; Firmen.","og:url":"https:\/\/hidalgo.nl\/de\/wp-json\/wp\/v2\/product\/111577","og:image":"https:\/\/shop.hidalgo.nl\/wp-content\/uploads\/2025\/11\/cropped-Hidalgo-est1993.png","og:image:secure_url":"https:\/\/shop.hidalgo.nl\/wp-content\/uploads\/2025\/11\/cropped-Hidalgo-est1993.png","article:published_time":"2025-07-07T11:31:07+00:00","article:modified_time":"2026-03-19T19:21:03+00:00","twitter:card":"summary_large_image","twitter:title":"T-Shirt bedrucken Bio-Baumwolle Leinen SP325 Unisex XS-3XL","twitter:description":"Unisex Shirt aus 70 Prozent Bio-Baumwolle und 30 Prozent Leinen, ideal f\u00fcr dein Logo im Textildruck online - atmungsaktiv und langlebig. Farben: Navy Blue, Almond Green, Ivory. Gr\u00f6\u00dfen: XS, S, M, L, XL, XXL, 3XL. Jetzt T-Shirt bedrucken lassen f\u00fcr Teams, Events &amp; Firmen.","twitter:image":"https:\/\/shop.hidalgo.nl\/wp-content\/uploads\/2025\/11\/cropped-Hidalgo-est1993.png"},"aioseo_meta_data":{"post_id":"111577","title":null,"description":null,"keywords":null,"keyphrases":null,"primary_term":null,"canonical_url":null,"og_title":null,"og_description":null,"og_object_type":"default","og_image_type":"default","og_image_url":null,"og_image_width":null,"og_image_height":null,"og_image_custom_url":null,"og_image_custom_fields":null,"og_video":null,"og_custom_url":null,"og_article_section":null,"og_article_tags":null,"twitter_use_og":false,"twitter_card":"default","twitter_image_type":"default","twitter_image_url":null,"twitter_image_custom_url":null,"twitter_image_custom_fields":null,"twitter_title":null,"twitter_description":null,"schema":{"blockGraphs":[],"customGraphs":[],"default":{"data":{"Article":[],"Course":[],"Dataset":[],"FAQPage":[],"Movie":[],"Person":[],"Product":[],"ProductReview":[],"Car":[],"Recipe":[],"Service":[],"SoftwareApplication":[],"WebPage":[]},"graphName":"","isEnabled":true},"graphs":[]},"schema_type":"default","schema_type_options":null,"pillar_content":false,"robots_default":true,"robots_noindex":false,"robots_noarchive":false,"robots_nosnippet":false,"robots_nofollow":false,"robots_noimageindex":false,"robots_noodp":false,"robots_notranslate":false,"robots_max_snippet":null,"robots_max_videopreview":null,"robots_max_imagepreview":"large","priority":null,"frequency":null,"local_seo":null,"seo_analyzer_scan_date":"2026-01-21 14:19:11","breadcrumb_settings":null,"limit_modified_date":false,"reviewed_by":null,"open_ai":null,"ai":null,"created":"2026-01-14 06:25:31","updated":"2026-03-19 20:23:17"},"aioseo_breadcrumb":"<div class=\"aioseo-breadcrumbs\"><span class=\"aioseo-breadcrumb\">\n\t<a href=\"https:\/\/hidalgo.nl\/de\/\" title=\"Home\">Home<\/a>\n<\/span><span class=\"aioseo-breadcrumb-separator\">\u00bb<\/span><span class=\"aioseo-breadcrumb\">\n\t<a href=\"https:\/\/hidalgo.nl\/example\/\" title=\"example\">example<\/a>\n<\/span><span class=\"aioseo-breadcrumb-separator\">\u00bb<\/span><span class=\"aioseo-breadcrumb\">\n\t<a href=\"https:\/\/hidalgo.nl\/en\/product-supplier\/a403\/\" title=\"A403\">A403<\/a>\n<\/span><span class=\"aioseo-breadcrumb-separator\">\u00bb<\/span><span class=\"aioseo-breadcrumb\">\n\tSP325 \u2013 Ecologisch uniseks T-shirt in biokatoen en linnen\n<\/span><\/div>","aioseo_breadcrumb_json":[{"label":"Home","link":"https:\/\/hidalgo.nl\/de\/"},{"label":"example","link":"https:\/\/hidalgo.nl\/example\/"},{"label":"A403","link":"https:\/\/hidalgo.nl\/en\/product-supplier\/a403\/"},{"label":"SP325 &#8211; Ecologisch uniseks T-shirt in biokatoen en linnen","link":"https:\/\/hidalgo.nl\/de\/product\/111577\/t-shirt-bedrucken-bio-baumwolle-leinen-sp325-unisex-xs-3xl\/"}],"_links":{"self":[{"href":"https:\/\/hidalgo.nl\/de\/wp-json\/wp\/v2\/product\/111577","targetHints":{"allow":["GET"]}}],"collection":[{"href":"https:\/\/hidalgo.nl\/de\/wp-json\/wp\/v2\/product"}],"about":[{"href":"https:\/\/hidalgo.nl\/de\/wp-json\/wp\/v2\/types\/product"}],"wp:featuredmedia":[{"embeddable":true,"href":"https:\/\/hidalgo.nl\/de\/wp-json\/wp\/v2\/media\/111580"}],"wp:attachment":[{"href":"https:\/\/hidalgo.nl\/de\/wp-json\/wp\/v2\/media?parent=111577"}],"wp:term":[{"taxonomy":"product_brand","embeddable":true,"href":"https:\/\/hidalgo.nl\/de\/wp-json\/wp\/v2\/product_brand?post=111577"},{"taxonomy":"product_cat","embeddable":true,"href":"https:\/\/hidalgo.nl\/de\/wp-json\/wp\/v2\/product_cat?post=111577"},{"taxonomy":"product_tag","embeddable":true,"href":"https:\/\/hidalgo.nl\/de\/wp-json\/wp\/v2\/product_tag?post=111577"}],"curies":[{"name":"wp","href":"https:\/\/api.w.org\/{rel}","templated":true}]}}