{"id":111194,"date":"2025-07-07T11:22:03","date_gmt":"2025-07-07T11:22:03","guid":{"rendered":"http:\/\/bidonsenshakers.pim.hidalgo.nl\/product\/sp132-jute-shopper\/"},"modified":"2026-03-19T16:18:45","modified_gmt":"2026-03-19T16:18:45","slug":"sp132-jute-shopper","status":"publish","type":"product","link":"https:\/\/hidalgo.nl\/de\/product\/111194\/juteshopper-bedrucken-nachhaltig-31-liter-one-size\/","title":{"rendered":"SP132 &#8211; Jute shopper"},"content":{"rendered":"<p>100 % jute. 1 FORMAAT (51 x 16 x 39cm). Inhoud: 31L. Afgeronde tas met brede hengsels. Inzet aan de zijkant. Hoogte: 23 cm. Breedte: 5,5 cm.<\/p>\n","protected":false},"excerpt":{"rendered":"<p>100 % jute. 1 FORMAAT (51 x 16 x 39cm). Inhoud: 31L. Afgeronde tas met brede hengsels. Inzet aan de zijkant. Hoogte: 23 cm. Breedte: 5,5 cm.<\/p>\n","protected":false},"featured_media":111195,"template":"","meta":{"_acf_changed":false,"om_disable_all_campaigns":false,"_monsterinsights_skip_tracking":false,"_monsterinsights_sitenote_active":false,"_monsterinsights_sitenote_note":"","_monsterinsights_sitenote_category":0},"product_brand":[1670],"product_cat":[4726,4858,4713],"product_tag":[],"class_list":{"0":"post-111194","1":"product","2":"type-product","3":"status-publish","4":"has-post-thumbnail","6":"product_supplier-a403","7":"product_material-jute","8":"product_brand-spasso","9":"product_cat-draagtassen","10":"product_cat-jute-tassen","11":"product_cat-tassen","12":"entry","14":"first","15":"instock","16":"taxable","17":"shipping-taxable","18":"purchasable","19":"product-type-variable"},"acf":{"imprint_cost":[{"imprint_cost_key":"33483b79de35c41f6a5968127e3727b83ce2fe0b","product_quantity_price_range":[{"imprint_cost_recommended_selling_price":"0","imprint_cost_recommended_selling_quantity":"1"}],"product_quantity_price_range_buying":false,"imprint_cost_setup_costs":"","imprint_cost_handling_costs":""}]},"aioseo_notices":[],"aioseo_head":"\n\t\t<!-- All in One SEO Pro 4.9.6.2 - aioseo.com -->\n\t<meta name=\"description\" content=\"Nachhaltiger Shopper aus Naturjute in One Size: ideal f\u00fcr Events, Messen &amp; t\u00e4gliche Eink\u00e4ufe. Bei Hidalgo kannst du Jute Taschen bedrucken und Einkaufstaschen mit Logo gestalten - inklusive digitalem Korrekturabzug, damit dein Design sitzt.\" \/>\n\t<meta name=\"robots\" content=\"max-image-preview:large\" \/>\n\t<link rel=\"canonical\" href=\"https:\/\/hidalgo.nl\/de\/wp-json\/wp\/v2\/product\/111194\" \/>\n\t<meta name=\"generator\" content=\"All in One SEO Pro (AIOSEO) 4.9.6.2\" \/>\n\t\t<meta property=\"og:locale\" content=\"de_DE\" \/>\n\t\t<meta property=\"og:site_name\" content=\"Hidalgo -\" \/>\n\t\t<meta property=\"og:type\" content=\"article\" \/>\n\t\t<meta property=\"og:title\" content=\"Juteshopper bedrucken nachhaltig 31 Liter One-size\" \/>\n\t\t<meta property=\"og:description\" content=\"Nachhaltiger Shopper aus Naturjute in One Size: ideal f\u00fcr Events, Messen &amp; t\u00e4gliche Eink\u00e4ufe. Bei Hidalgo kannst du Jute Taschen bedrucken und Einkaufstaschen mit Logo gestalten - inklusive digitalem Korrekturabzug, damit dein Design sitzt.\" \/>\n\t\t<meta property=\"og:url\" content=\"https:\/\/hidalgo.nl\/de\/wp-json\/wp\/v2\/product\/111194\" \/>\n\t\t<meta property=\"og:image\" content=\"https:\/\/shop.hidalgo.nl\/wp-content\/uploads\/2025\/11\/cropped-Hidalgo-est1993.png\" \/>\n\t\t<meta property=\"og:image:secure_url\" content=\"https:\/\/shop.hidalgo.nl\/wp-content\/uploads\/2025\/11\/cropped-Hidalgo-est1993.png\" \/>\n\t\t<meta property=\"article:published_time\" content=\"2025-07-07T11:22:03+00:00\" \/>\n\t\t<meta property=\"article:modified_time\" content=\"2026-03-19T16:18:45+00:00\" \/>\n\t\t<meta name=\"twitter:card\" content=\"summary_large_image\" \/>\n\t\t<meta name=\"twitter:title\" content=\"Juteshopper bedrucken nachhaltig 31 Liter One-size\" \/>\n\t\t<meta name=\"twitter:description\" content=\"Nachhaltiger Shopper aus Naturjute in One Size: ideal f\u00fcr Events, Messen &amp; t\u00e4gliche Eink\u00e4ufe. Bei Hidalgo kannst du Jute Taschen bedrucken und Einkaufstaschen mit Logo gestalten - inklusive digitalem Korrekturabzug, damit dein Design sitzt.\" \/>\n\t\t<meta name=\"twitter:image\" content=\"https:\/\/shop.hidalgo.nl\/wp-content\/uploads\/2025\/11\/cropped-Hidalgo-est1993.png\" \/>\n\t\t<script type=\"application\/ld+json\" class=\"aioseo-schema\">\n\t\t\t{\"@context\":\"https:\\\/\\\/schema.org\",\"@graph\":[{\"@type\":\"BreadcrumbList\",\"@id\":\"https:\\\/\\\/hidalgo.nl\\\/de\\\/product\\\/111194\\\/juteshopper-bedrucken-nachhaltig-31-liter-one-size\\\/#breadcrumblist\",\"itemListElement\":[{\"@type\":\"ListItem\",\"@id\":\"https:\\\/\\\/hidalgo.nl\\\/de\\\/#listItem\",\"position\":1,\"name\":\"Home\",\"item\":\"https:\\\/\\\/hidalgo.nl\\\/de\\\/\",\"nextItem\":{\"@type\":\"ListItem\",\"@id\":\"https:\\\/\\\/hidalgo.nl\\\/example\\\/#listItem\",\"name\":\"example\"}},{\"@type\":\"ListItem\",\"@id\":\"https:\\\/\\\/hidalgo.nl\\\/example\\\/#listItem\",\"position\":2,\"name\":\"example\",\"item\":\"https:\\\/\\\/hidalgo.nl\\\/example\\\/\",\"nextItem\":{\"@type\":\"ListItem\",\"@id\":\"https:\\\/\\\/hidalgo.nl\\\/en\\\/product-supplier\\\/a403\\\/#listItem\",\"name\":\"A403\"},\"previousItem\":{\"@type\":\"ListItem\",\"@id\":\"https:\\\/\\\/hidalgo.nl\\\/de\\\/#listItem\",\"name\":\"Home\"}},{\"@type\":\"ListItem\",\"@id\":\"https:\\\/\\\/hidalgo.nl\\\/en\\\/product-supplier\\\/a403\\\/#listItem\",\"position\":3,\"name\":\"A403\",\"item\":\"https:\\\/\\\/hidalgo.nl\\\/en\\\/product-supplier\\\/a403\\\/\",\"nextItem\":{\"@type\":\"ListItem\",\"@id\":\"https:\\\/\\\/hidalgo.nl\\\/de\\\/product\\\/111194\\\/juteshopper-bedrucken-nachhaltig-31-liter-one-size\\\/#listItem\",\"name\":\"SP132 &#8211; Jute shopper\"},\"previousItem\":{\"@type\":\"ListItem\",\"@id\":\"https:\\\/\\\/hidalgo.nl\\\/example\\\/#listItem\",\"name\":\"example\"}},{\"@type\":\"ListItem\",\"@id\":\"https:\\\/\\\/hidalgo.nl\\\/de\\\/product\\\/111194\\\/juteshopper-bedrucken-nachhaltig-31-liter-one-size\\\/#listItem\",\"position\":4,\"name\":\"SP132 &#8211; Jute shopper\",\"previousItem\":{\"@type\":\"ListItem\",\"@id\":\"https:\\\/\\\/hidalgo.nl\\\/en\\\/product-supplier\\\/a403\\\/#listItem\",\"name\":\"A403\"}}]},{\"@type\":\"Organization\",\"@id\":\"https:\\\/\\\/hidalgo.nl\\\/de\\\/#organization\",\"name\":\"Hidalgo\",\"url\":\"https:\\\/\\\/hidalgo.nl\\\/de\\\/\",\"logo\":{\"@type\":\"ImageObject\",\"url\":\"https:\\\/\\\/shop.hidalgo.nl\\\/wp-content\\\/uploads\\\/2025\\\/11\\\/cropped-Hidalgo-est1993.png\",\"@id\":\"https:\\\/\\\/hidalgo.nl\\\/de\\\/product\\\/111194\\\/juteshopper-bedrucken-nachhaltig-31-liter-one-size\\\/#organizationLogo\",\"width\":585,\"height\":195},\"image\":{\"@id\":\"https:\\\/\\\/hidalgo.nl\\\/de\\\/product\\\/111194\\\/juteshopper-bedrucken-nachhaltig-31-liter-one-size\\\/#organizationLogo\"}},{\"@type\":\"ProductGroup\",\"@id\":\"https:\\\/\\\/hidalgo.nl\\\/de\\\/product\\\/111194\\\/juteshopper-bedrucken-nachhaltig-31-liter-one-size\\\/#wooCommerceProduct\",\"name\":\"Juteshopper bedrucken nachhaltig 31 Liter One-size\",\"url\":\"https:\\\/\\\/hidalgo.nl\\\/de\\\/product\\\/111194\\\/juteshopper-bedrucken-nachhaltig-31-liter-one-size\\\/\",\"brand\":{\"@type\":\"Brand\",\"name\":\"Spasso\"},\"sku\":\"A403-SP132\",\"image\":{\"@type\":\"ImageObject\",\"url\":\"https:\\\/\\\/shop.hidalgo.nl\\\/wp-content\\\/uploads\\\/2025\\\/07\\\/50c0f3e1658e8f495393c3c43fabd8655fefeb49501138b5af1e67691ca73cbc.png\",\"@id\":\"https:\\\/\\\/hidalgo.nl\\\/de\\\/product\\\/111194\\\/juteshopper-bedrucken-nachhaltig-31-liter-one-size\\\/#productImage\",\"width\":857,\"height\":1000},\"productGroupID\":111194,\"hasVariant\":[{\"@type\":\"Product\",\"@id\":\"https:\\\/\\\/hidalgo.nl\\\/de\\\/product\\\/111194\\\/juteshopper-bedrucken-nachhaltig-31-liter-one-size\\\/#wooCommerceProduct\",\"name\":\"SP132 - Jute shopper - , natural\",\"url\":\"https:\\\/\\\/hidalgo.nl\\\/de\\\/product\\\/111194\\\/juteshopper-bedrucken-nachhaltig-31-liter-one-size\\\/\",\"sku\":\"A403-SP132_91638_91637\",\"gtin\":\"3663938365428\",\"image\":{\"@type\":\"ImageObject\",\"url\":\"https:\\\/\\\/shop.hidalgo.nl\\\/wp-content\\\/uploads\\\/2025\\\/07\\\/50c0f3e1658e8f495393c3c43fabd8655fefeb49501138b5af1e67691ca73cbc.png\",\"@id\":\"https:\\\/\\\/hidalgo.nl\\\/de\\\/product\\\/111194\\\/juteshopper-bedrucken-nachhaltig-31-liter-one-size\\\/#productImage\",\"width\":857,\"height\":1000},\"offers\":{\"@type\":\"Offer\",\"url\":\"https:\\\/\\\/hidalgo.nl\\\/de\\\/product\\\/111194\\\/juteshopper-bedrucken-nachhaltig-31-liter-one-size\\\/#wooCommerceOffer\",\"price\":\"16.9\",\"priceCurrency\":\"EUR\",\"category\":\"Tassen\",\"availability\":\"https:\\\/\\\/schema.org\\\/InStock\",\"priceSpecification\":{\"@type\":\"PriceSpecification\",\"price\":16.9,\"priceCurrency\":\"EUR\",\"valueAddedTaxIncluded\":\"true\"}}}]},{\"@type\":\"WebPage\",\"@id\":\"https:\\\/\\\/hidalgo.nl\\\/de\\\/product\\\/111194\\\/juteshopper-bedrucken-nachhaltig-31-liter-one-size\\\/#webpage\",\"url\":\"https:\\\/\\\/hidalgo.nl\\\/de\\\/product\\\/111194\\\/juteshopper-bedrucken-nachhaltig-31-liter-one-size\\\/\",\"name\":\"Juteshopper bedrucken nachhaltig 31 Liter One-size\",\"description\":\"Nachhaltiger Shopper aus Naturjute in One Size: ideal f\\u00fcr Events, Messen & t\\u00e4gliche Eink\\u00e4ufe. Bei Hidalgo kannst du Jute Taschen bedrucken und Einkaufstaschen mit Logo gestalten - inklusive digitalem Korrekturabzug, damit dein Design sitzt.\",\"inLanguage\":\"de-DE\",\"isPartOf\":{\"@id\":\"https:\\\/\\\/hidalgo.nl\\\/de\\\/#website\"},\"breadcrumb\":{\"@id\":\"https:\\\/\\\/hidalgo.nl\\\/de\\\/product\\\/111194\\\/juteshopper-bedrucken-nachhaltig-31-liter-one-size\\\/#breadcrumblist\"},\"image\":{\"@type\":\"ImageObject\",\"url\":\"https:\\\/\\\/shop.hidalgo.nl\\\/wp-content\\\/uploads\\\/2025\\\/07\\\/50c0f3e1658e8f495393c3c43fabd8655fefeb49501138b5af1e67691ca73cbc.png\",\"@id\":\"https:\\\/\\\/hidalgo.nl\\\/de\\\/product\\\/111194\\\/juteshopper-bedrucken-nachhaltig-31-liter-one-size\\\/#mainImage\",\"width\":857,\"height\":1000},\"primaryImageOfPage\":{\"@id\":\"https:\\\/\\\/hidalgo.nl\\\/de\\\/product\\\/111194\\\/juteshopper-bedrucken-nachhaltig-31-liter-one-size\\\/#mainImage\"},\"datePublished\":\"2025-07-07T11:22:03+00:00\",\"dateModified\":\"2026-03-19T16:18:45+00:00\"},{\"@type\":\"WebSite\",\"@id\":\"https:\\\/\\\/hidalgo.nl\\\/de\\\/#website\",\"url\":\"https:\\\/\\\/hidalgo.nl\\\/de\\\/\",\"name\":\"Hidalgo\",\"inLanguage\":\"de-DE\",\"publisher\":{\"@id\":\"https:\\\/\\\/hidalgo.nl\\\/de\\\/#organization\"}}]}\n\t\t<\/script>\n\t\t<!-- All in One SEO Pro -->\r\n\t\t<title>Juteshopper bedrucken nachhaltig 31 Liter One-size<\/title>\n\n","aioseo_head_json":{"title":"Juteshopper bedrucken nachhaltig 31 Liter One-size","description":"Nachhaltiger Shopper aus Naturjute in One Size: ideal f\u00fcr Events, Messen & t\u00e4gliche Eink\u00e4ufe. Bei Hidalgo kannst du Jute Taschen bedrucken und Einkaufstaschen mit Logo gestalten - inklusive digitalem Korrekturabzug, damit dein Design sitzt.","canonical_url":"https:\/\/hidalgo.nl\/de\/wp-json\/wp\/v2\/product\/111194","robots":"max-image-preview:large","keywords":"","webmasterTools":{"miscellaneous":""},"schema":{"@context":"https:\/\/schema.org","@graph":[{"@type":"BreadcrumbList","@id":"https:\/\/hidalgo.nl\/de\/product\/111194\/juteshopper-bedrucken-nachhaltig-31-liter-one-size\/#breadcrumblist","itemListElement":[{"@type":"ListItem","@id":"https:\/\/hidalgo.nl\/de\/#listItem","position":1,"name":"Home","item":"https:\/\/hidalgo.nl\/de\/","nextItem":{"@type":"ListItem","@id":"https:\/\/hidalgo.nl\/example\/#listItem","name":"example"}},{"@type":"ListItem","@id":"https:\/\/hidalgo.nl\/example\/#listItem","position":2,"name":"example","item":"https:\/\/hidalgo.nl\/example\/","nextItem":{"@type":"ListItem","@id":"https:\/\/hidalgo.nl\/en\/product-supplier\/a403\/#listItem","name":"A403"},"previousItem":{"@type":"ListItem","@id":"https:\/\/hidalgo.nl\/de\/#listItem","name":"Home"}},{"@type":"ListItem","@id":"https:\/\/hidalgo.nl\/en\/product-supplier\/a403\/#listItem","position":3,"name":"A403","item":"https:\/\/hidalgo.nl\/en\/product-supplier\/a403\/","nextItem":{"@type":"ListItem","@id":"https:\/\/hidalgo.nl\/de\/product\/111194\/juteshopper-bedrucken-nachhaltig-31-liter-one-size\/#listItem","name":"SP132 &#8211; Jute shopper"},"previousItem":{"@type":"ListItem","@id":"https:\/\/hidalgo.nl\/example\/#listItem","name":"example"}},{"@type":"ListItem","@id":"https:\/\/hidalgo.nl\/de\/product\/111194\/juteshopper-bedrucken-nachhaltig-31-liter-one-size\/#listItem","position":4,"name":"SP132 &#8211; Jute shopper","previousItem":{"@type":"ListItem","@id":"https:\/\/hidalgo.nl\/en\/product-supplier\/a403\/#listItem","name":"A403"}}]},{"@type":"Organization","@id":"https:\/\/hidalgo.nl\/de\/#organization","name":"Hidalgo","url":"https:\/\/hidalgo.nl\/de\/","logo":{"@type":"ImageObject","url":"https:\/\/shop.hidalgo.nl\/wp-content\/uploads\/2025\/11\/cropped-Hidalgo-est1993.png","@id":"https:\/\/hidalgo.nl\/de\/product\/111194\/juteshopper-bedrucken-nachhaltig-31-liter-one-size\/#organizationLogo","width":585,"height":195},"image":{"@id":"https:\/\/hidalgo.nl\/de\/product\/111194\/juteshopper-bedrucken-nachhaltig-31-liter-one-size\/#organizationLogo"}},{"@type":"ProductGroup","@id":"https:\/\/hidalgo.nl\/de\/product\/111194\/juteshopper-bedrucken-nachhaltig-31-liter-one-size\/#wooCommerceProduct","name":"Juteshopper bedrucken nachhaltig 31 Liter One-size","url":"https:\/\/hidalgo.nl\/de\/product\/111194\/juteshopper-bedrucken-nachhaltig-31-liter-one-size\/","brand":{"@type":"Brand","name":"Spasso"},"sku":"A403-SP132","image":{"@type":"ImageObject","url":"https:\/\/shop.hidalgo.nl\/wp-content\/uploads\/2025\/07\/50c0f3e1658e8f495393c3c43fabd8655fefeb49501138b5af1e67691ca73cbc.png","@id":"https:\/\/hidalgo.nl\/de\/product\/111194\/juteshopper-bedrucken-nachhaltig-31-liter-one-size\/#productImage","width":857,"height":1000},"productGroupID":111194,"hasVariant":[{"@type":"Product","@id":"https:\/\/hidalgo.nl\/de\/product\/111194\/juteshopper-bedrucken-nachhaltig-31-liter-one-size\/#wooCommerceProduct","name":"SP132 - Jute shopper - , natural","url":"https:\/\/hidalgo.nl\/de\/product\/111194\/juteshopper-bedrucken-nachhaltig-31-liter-one-size\/","sku":"A403-SP132_91638_91637","gtin":"3663938365428","image":{"@type":"ImageObject","url":"https:\/\/shop.hidalgo.nl\/wp-content\/uploads\/2025\/07\/50c0f3e1658e8f495393c3c43fabd8655fefeb49501138b5af1e67691ca73cbc.png","@id":"https:\/\/hidalgo.nl\/de\/product\/111194\/juteshopper-bedrucken-nachhaltig-31-liter-one-size\/#productImage","width":857,"height":1000},"offers":{"@type":"Offer","url":"https:\/\/hidalgo.nl\/de\/product\/111194\/juteshopper-bedrucken-nachhaltig-31-liter-one-size\/#wooCommerceOffer","price":"16.9","priceCurrency":"EUR","category":"Tassen","availability":"https:\/\/schema.org\/InStock","priceSpecification":{"@type":"PriceSpecification","price":16.9,"priceCurrency":"EUR","valueAddedTaxIncluded":"true"}}}]},{"@type":"WebPage","@id":"https:\/\/hidalgo.nl\/de\/product\/111194\/juteshopper-bedrucken-nachhaltig-31-liter-one-size\/#webpage","url":"https:\/\/hidalgo.nl\/de\/product\/111194\/juteshopper-bedrucken-nachhaltig-31-liter-one-size\/","name":"Juteshopper bedrucken nachhaltig 31 Liter One-size","description":"Nachhaltiger Shopper aus Naturjute in One Size: ideal f\u00fcr Events, Messen & t\u00e4gliche Eink\u00e4ufe. Bei Hidalgo kannst du Jute Taschen bedrucken und Einkaufstaschen mit Logo gestalten - inklusive digitalem Korrekturabzug, damit dein Design sitzt.","inLanguage":"de-DE","isPartOf":{"@id":"https:\/\/hidalgo.nl\/de\/#website"},"breadcrumb":{"@id":"https:\/\/hidalgo.nl\/de\/product\/111194\/juteshopper-bedrucken-nachhaltig-31-liter-one-size\/#breadcrumblist"},"image":{"@type":"ImageObject","url":"https:\/\/shop.hidalgo.nl\/wp-content\/uploads\/2025\/07\/50c0f3e1658e8f495393c3c43fabd8655fefeb49501138b5af1e67691ca73cbc.png","@id":"https:\/\/hidalgo.nl\/de\/product\/111194\/juteshopper-bedrucken-nachhaltig-31-liter-one-size\/#mainImage","width":857,"height":1000},"primaryImageOfPage":{"@id":"https:\/\/hidalgo.nl\/de\/product\/111194\/juteshopper-bedrucken-nachhaltig-31-liter-one-size\/#mainImage"},"datePublished":"2025-07-07T11:22:03+00:00","dateModified":"2026-03-19T16:18:45+00:00"},{"@type":"WebSite","@id":"https:\/\/hidalgo.nl\/de\/#website","url":"https:\/\/hidalgo.nl\/de\/","name":"Hidalgo","inLanguage":"de-DE","publisher":{"@id":"https:\/\/hidalgo.nl\/de\/#organization"}}]},"og:locale":"de_DE","og:site_name":"Hidalgo -","og:type":"article","og:title":"Juteshopper bedrucken nachhaltig 31 Liter One-size","og:description":"Nachhaltiger Shopper aus Naturjute in One Size: ideal f\u00fcr Events, Messen &amp; t\u00e4gliche Eink\u00e4ufe. Bei Hidalgo kannst du Jute Taschen bedrucken und Einkaufstaschen mit Logo gestalten - inklusive digitalem Korrekturabzug, damit dein Design sitzt.","og:url":"https:\/\/hidalgo.nl\/de\/wp-json\/wp\/v2\/product\/111194","og:image":"https:\/\/shop.hidalgo.nl\/wp-content\/uploads\/2025\/11\/cropped-Hidalgo-est1993.png","og:image:secure_url":"https:\/\/shop.hidalgo.nl\/wp-content\/uploads\/2025\/11\/cropped-Hidalgo-est1993.png","article:published_time":"2025-07-07T11:22:03+00:00","article:modified_time":"2026-03-19T16:18:45+00:00","twitter:card":"summary_large_image","twitter:title":"Juteshopper bedrucken nachhaltig 31 Liter One-size","twitter:description":"Nachhaltiger Shopper aus Naturjute in One Size: ideal f\u00fcr Events, Messen &amp; t\u00e4gliche Eink\u00e4ufe. Bei Hidalgo kannst du Jute Taschen bedrucken und Einkaufstaschen mit Logo gestalten - inklusive digitalem Korrekturabzug, damit dein Design sitzt.","twitter:image":"https:\/\/shop.hidalgo.nl\/wp-content\/uploads\/2025\/11\/cropped-Hidalgo-est1993.png"},"aioseo_meta_data":{"post_id":"111194","title":null,"description":null,"keywords":null,"keyphrases":null,"primary_term":null,"canonical_url":null,"og_title":null,"og_description":null,"og_object_type":"default","og_image_type":"default","og_image_url":null,"og_image_width":null,"og_image_height":null,"og_image_custom_url":null,"og_image_custom_fields":null,"og_video":null,"og_custom_url":null,"og_article_section":null,"og_article_tags":null,"twitter_use_og":false,"twitter_card":"default","twitter_image_type":"default","twitter_image_url":null,"twitter_image_custom_url":null,"twitter_image_custom_fields":null,"twitter_title":null,"twitter_description":null,"schema":{"blockGraphs":[],"customGraphs":[],"default":{"data":{"Article":[],"Course":[],"Dataset":[],"FAQPage":[],"Movie":[],"Person":[],"Product":[],"ProductReview":[],"Car":[],"Recipe":[],"Service":[],"SoftwareApplication":[],"WebPage":[]},"graphName":"","isEnabled":true},"graphs":[]},"schema_type":"default","schema_type_options":null,"pillar_content":false,"robots_default":true,"robots_noindex":false,"robots_noarchive":false,"robots_nosnippet":false,"robots_nofollow":false,"robots_noimageindex":false,"robots_noodp":false,"robots_notranslate":false,"robots_max_snippet":null,"robots_max_videopreview":null,"robots_max_imagepreview":"large","priority":null,"frequency":null,"local_seo":null,"seo_analyzer_scan_date":"2026-01-21 14:19:10","breadcrumb_settings":null,"limit_modified_date":false,"reviewed_by":null,"open_ai":null,"ai":null,"created":"2026-01-14 06:25:31","updated":"2026-04-22 22:14:47"},"aioseo_breadcrumb":"<div class=\"aioseo-breadcrumbs\"><span class=\"aioseo-breadcrumb\">\n\t<a href=\"https:\/\/hidalgo.nl\/de\/\" title=\"Home\">Home<\/a>\n<\/span><span class=\"aioseo-breadcrumb-separator\">\u00bb<\/span><span class=\"aioseo-breadcrumb\">\n\t<a href=\"https:\/\/hidalgo.nl\/example\/\" title=\"example\">example<\/a>\n<\/span><span class=\"aioseo-breadcrumb-separator\">\u00bb<\/span><span class=\"aioseo-breadcrumb\">\n\t<a href=\"https:\/\/hidalgo.nl\/en\/product-supplier\/a403\/\" title=\"A403\">A403<\/a>\n<\/span><span class=\"aioseo-breadcrumb-separator\">\u00bb<\/span><span class=\"aioseo-breadcrumb\">\n\tSP132 \u2013 Jute shopper\n<\/span><\/div>","aioseo_breadcrumb_json":[{"label":"Home","link":"https:\/\/hidalgo.nl\/de\/"},{"label":"example","link":"https:\/\/hidalgo.nl\/example\/"},{"label":"A403","link":"https:\/\/hidalgo.nl\/en\/product-supplier\/a403\/"},{"label":"SP132 &#8211; Jute shopper","link":"https:\/\/hidalgo.nl\/de\/product\/111194\/juteshopper-bedrucken-nachhaltig-31-liter-one-size\/"}],"_links":{"self":[{"href":"https:\/\/hidalgo.nl\/de\/wp-json\/wp\/v2\/product\/111194","targetHints":{"allow":["GET"]}}],"collection":[{"href":"https:\/\/hidalgo.nl\/de\/wp-json\/wp\/v2\/product"}],"about":[{"href":"https:\/\/hidalgo.nl\/de\/wp-json\/wp\/v2\/types\/product"}],"wp:featuredmedia":[{"embeddable":true,"href":"https:\/\/hidalgo.nl\/de\/wp-json\/wp\/v2\/media\/111195"}],"wp:attachment":[{"href":"https:\/\/hidalgo.nl\/de\/wp-json\/wp\/v2\/media?parent=111194"}],"wp:term":[{"taxonomy":"product_brand","embeddable":true,"href":"https:\/\/hidalgo.nl\/de\/wp-json\/wp\/v2\/product_brand?post=111194"},{"taxonomy":"product_cat","embeddable":true,"href":"https:\/\/hidalgo.nl\/de\/wp-json\/wp\/v2\/product_cat?post=111194"},{"taxonomy":"product_tag","embeddable":true,"href":"https:\/\/hidalgo.nl\/de\/wp-json\/wp\/v2\/product_tag?post=111194"}],"curies":[{"name":"wp","href":"https:\/\/api.w.org\/{rel}","templated":true}]}}