{"id":110717,"date":"2025-07-07T11:14:03","date_gmt":"2025-07-07T11:14:03","guid":{"rendered":"http:\/\/bidonsenshakers.pim.hidalgo.nl\/product\/sjnitro-volwassen-mondstukken-nitro-series\/"},"modified":"2026-03-19T16:19:40","modified_gmt":"2026-03-19T16:19:40","slug":"sjnitro-volwassen-mondstukken-nitro-series","status":"publish","type":"product","link":"https:\/\/hidalgo.nl\/de\/product\/110717\/zahnschutz-bedrucken-sjnitro-fluid-fit-antimikrobiell-adult\/","title":{"rendered":"SJNITRO &#8211; Volwassen mondstukken Nitro Series"},"content":{"rendered":"<p>De mondstukken Safejawz\u00ae Nintro zijn superslank. Ze beloven een perfecte afstelling en optimale bescherming. Dankzij de technologie FLUID FIT volgen onze mondstukken de contouren van je tanden perfect. De antimicrobi\u00eble behandeling Biomaster garandeert dan weer een optimale hygi\u00ebne.<\/p>\n","protected":false},"excerpt":{"rendered":"<p>De mondstukken Safejawz\u00ae Nintro zijn superslank. Ze beloven een perfecte afstelling en optimale bescherming. Dankzij de technologie FLUID FIT volgen onze mondstukken de contouren van je tanden perfect. De antimicrobi\u00eble behandeling Biomaster garandeert dan weer een optimale hygi\u00ebne.<\/p>\n","protected":false},"featured_media":110718,"template":"","meta":{"_acf_changed":false,"om_disable_all_campaigns":false,"_monsterinsights_skip_tracking":false,"_monsterinsights_sitenote_active":false,"_monsterinsights_sitenote_note":"","_monsterinsights_sitenote_category":0},"product_brand":[1653],"product_cat":[4719,4755,4754],"product_tag":[],"class_list":{"0":"post-110717","1":"product","2":"type-product","3":"status-publish","4":"has-post-thumbnail","6":"product_supplier-a403","7":"product_brand-safejawz","8":"product_cat-promotionele-artikelen","9":"product_cat-sport-accessoires","10":"product_cat-sport-artikelen","11":"entry","13":"first","14":"instock","15":"taxable","16":"shipping-taxable","17":"purchasable","18":"product-type-variable"},"acf":{"imprint_cost":[{"imprint_cost_key":"33483b79de35c41f6a5968127e3727b83ce2fe0b","product_quantity_price_range":[{"imprint_cost_recommended_selling_price":"0","imprint_cost_recommended_selling_quantity":"1"}],"product_quantity_price_range_buying":false,"imprint_cost_setup_costs":"","imprint_cost_handling_costs":""}]},"aioseo_notices":[],"aioseo_head":"\n\t\t<!-- All in One SEO Pro 4.9.6.2 - aioseo.com -->\n\t<meta name=\"description\" content=\"SJNITRO in Adult-Gr\u00f6\u00dfe sch\u00fctzt deine Z\u00e4hne bei Kontaktsport und l\u00e4sst sich mit deinem Logo veredeln. Du kannst deinen Zahnschutz personalisieren &amp; Mundschutz mit Logo bedrucken, ideal f\u00fcr Teams und Aktive von 20-40. Farben: Yellow, Red, Blue.\" \/>\n\t<meta name=\"robots\" content=\"max-image-preview:large\" \/>\n\t<link rel=\"canonical\" href=\"https:\/\/hidalgo.nl\/de\/wp-json\/wp\/v2\/product\/110717\" \/>\n\t<meta name=\"generator\" content=\"All in One SEO Pro (AIOSEO) 4.9.6.2\" \/>\n\t\t<meta property=\"og:locale\" content=\"de_DE\" \/>\n\t\t<meta property=\"og:site_name\" content=\"Hidalgo -\" \/>\n\t\t<meta property=\"og:type\" content=\"article\" \/>\n\t\t<meta property=\"og:title\" content=\"Zahnschutz bedrucken SJNITRO Fluid Fit Antimikrobiell Adult\" \/>\n\t\t<meta property=\"og:description\" content=\"SJNITRO in Adult-Gr\u00f6\u00dfe sch\u00fctzt deine Z\u00e4hne bei Kontaktsport und l\u00e4sst sich mit deinem Logo veredeln. Du kannst deinen Zahnschutz personalisieren &amp; Mundschutz mit Logo bedrucken, ideal f\u00fcr Teams und Aktive von 20-40. Farben: Yellow, Red, Blue.\" \/>\n\t\t<meta property=\"og:url\" content=\"https:\/\/hidalgo.nl\/de\/wp-json\/wp\/v2\/product\/110717\" \/>\n\t\t<meta property=\"og:image\" content=\"https:\/\/shop.hidalgo.nl\/wp-content\/uploads\/2025\/11\/cropped-Hidalgo-est1993.png\" \/>\n\t\t<meta property=\"og:image:secure_url\" content=\"https:\/\/shop.hidalgo.nl\/wp-content\/uploads\/2025\/11\/cropped-Hidalgo-est1993.png\" \/>\n\t\t<meta property=\"article:published_time\" content=\"2025-07-07T11:14:03+00:00\" \/>\n\t\t<meta property=\"article:modified_time\" content=\"2026-03-19T16:19:40+00:00\" \/>\n\t\t<meta name=\"twitter:card\" content=\"summary_large_image\" \/>\n\t\t<meta name=\"twitter:title\" content=\"Zahnschutz bedrucken SJNITRO Fluid Fit Antimikrobiell Adult\" \/>\n\t\t<meta name=\"twitter:description\" content=\"SJNITRO in Adult-Gr\u00f6\u00dfe sch\u00fctzt deine Z\u00e4hne bei Kontaktsport und l\u00e4sst sich mit deinem Logo veredeln. Du kannst deinen Zahnschutz personalisieren &amp; Mundschutz mit Logo bedrucken, ideal f\u00fcr Teams und Aktive von 20-40. Farben: Yellow, Red, Blue.\" \/>\n\t\t<meta name=\"twitter:image\" content=\"https:\/\/shop.hidalgo.nl\/wp-content\/uploads\/2025\/11\/cropped-Hidalgo-est1993.png\" \/>\n\t\t<script type=\"application\/ld+json\" class=\"aioseo-schema\">\n\t\t\t{\"@context\":\"https:\\\/\\\/schema.org\",\"@graph\":[{\"@type\":\"BreadcrumbList\",\"@id\":\"https:\\\/\\\/hidalgo.nl\\\/de\\\/product\\\/110717\\\/zahnschutz-bedrucken-sjnitro-fluid-fit-antimikrobiell-adult\\\/#breadcrumblist\",\"itemListElement\":[{\"@type\":\"ListItem\",\"@id\":\"https:\\\/\\\/hidalgo.nl\\\/de\\\/#listItem\",\"position\":1,\"name\":\"Home\",\"item\":\"https:\\\/\\\/hidalgo.nl\\\/de\\\/\",\"nextItem\":{\"@type\":\"ListItem\",\"@id\":\"https:\\\/\\\/hidalgo.nl\\\/example\\\/#listItem\",\"name\":\"example\"}},{\"@type\":\"ListItem\",\"@id\":\"https:\\\/\\\/hidalgo.nl\\\/example\\\/#listItem\",\"position\":2,\"name\":\"example\",\"item\":\"https:\\\/\\\/hidalgo.nl\\\/example\\\/\",\"nextItem\":{\"@type\":\"ListItem\",\"@id\":\"https:\\\/\\\/hidalgo.nl\\\/en\\\/product-supplier\\\/a403\\\/#listItem\",\"name\":\"A403\"},\"previousItem\":{\"@type\":\"ListItem\",\"@id\":\"https:\\\/\\\/hidalgo.nl\\\/de\\\/#listItem\",\"name\":\"Home\"}},{\"@type\":\"ListItem\",\"@id\":\"https:\\\/\\\/hidalgo.nl\\\/en\\\/product-supplier\\\/a403\\\/#listItem\",\"position\":3,\"name\":\"A403\",\"item\":\"https:\\\/\\\/hidalgo.nl\\\/en\\\/product-supplier\\\/a403\\\/\",\"nextItem\":{\"@type\":\"ListItem\",\"@id\":\"https:\\\/\\\/hidalgo.nl\\\/de\\\/product\\\/110717\\\/zahnschutz-bedrucken-sjnitro-fluid-fit-antimikrobiell-adult\\\/#listItem\",\"name\":\"SJNITRO &#8211; Volwassen mondstukken Nitro Series\"},\"previousItem\":{\"@type\":\"ListItem\",\"@id\":\"https:\\\/\\\/hidalgo.nl\\\/example\\\/#listItem\",\"name\":\"example\"}},{\"@type\":\"ListItem\",\"@id\":\"https:\\\/\\\/hidalgo.nl\\\/de\\\/product\\\/110717\\\/zahnschutz-bedrucken-sjnitro-fluid-fit-antimikrobiell-adult\\\/#listItem\",\"position\":4,\"name\":\"SJNITRO &#8211; Volwassen mondstukken Nitro Series\",\"previousItem\":{\"@type\":\"ListItem\",\"@id\":\"https:\\\/\\\/hidalgo.nl\\\/en\\\/product-supplier\\\/a403\\\/#listItem\",\"name\":\"A403\"}}]},{\"@type\":\"Organization\",\"@id\":\"https:\\\/\\\/hidalgo.nl\\\/de\\\/#organization\",\"name\":\"Hidalgo\",\"url\":\"https:\\\/\\\/hidalgo.nl\\\/de\\\/\",\"logo\":{\"@type\":\"ImageObject\",\"url\":\"https:\\\/\\\/shop.hidalgo.nl\\\/wp-content\\\/uploads\\\/2025\\\/11\\\/cropped-Hidalgo-est1993.png\",\"@id\":\"https:\\\/\\\/hidalgo.nl\\\/de\\\/product\\\/110717\\\/zahnschutz-bedrucken-sjnitro-fluid-fit-antimikrobiell-adult\\\/#organizationLogo\",\"width\":585,\"height\":195},\"image\":{\"@id\":\"https:\\\/\\\/hidalgo.nl\\\/de\\\/product\\\/110717\\\/zahnschutz-bedrucken-sjnitro-fluid-fit-antimikrobiell-adult\\\/#organizationLogo\"}},{\"@type\":\"ProductGroup\",\"@id\":\"https:\\\/\\\/hidalgo.nl\\\/de\\\/product\\\/110717\\\/zahnschutz-bedrucken-sjnitro-fluid-fit-antimikrobiell-adult\\\/#wooCommerceProduct\",\"name\":\"Zahnschutz bedrucken SJNITRO Fluid Fit Antimikrobiell Adult\",\"url\":\"https:\\\/\\\/hidalgo.nl\\\/de\\\/product\\\/110717\\\/zahnschutz-bedrucken-sjnitro-fluid-fit-antimikrobiell-adult\\\/\",\"brand\":{\"@type\":\"Brand\",\"name\":\"Safejawz\"},\"sku\":\"A403-SJNITRO\",\"image\":{\"@type\":\"ImageObject\",\"url\":\"https:\\\/\\\/shop.hidalgo.nl\\\/wp-content\\\/uploads\\\/2025\\\/07\\\/b89a0ab06103e42230d183c9aa1778ccc05fca36f651b701b884a1a029eb32e8.png\",\"@id\":\"https:\\\/\\\/hidalgo.nl\\\/de\\\/product\\\/110717\\\/zahnschutz-bedrucken-sjnitro-fluid-fit-antimikrobiell-adult\\\/#productImage\",\"width\":1000,\"height\":1000},\"productGroupID\":110717,\"hasVariant\":[{\"@type\":\"Product\",\"@id\":\"https:\\\/\\\/hidalgo.nl\\\/de\\\/product\\\/110717\\\/zahnschutz-bedrucken-sjnitro-fluid-fit-antimikrobiell-adult\\\/#wooCommerceProduct\",\"name\":\"SJNITRO - Volwassen mondstukken Nitro Series - adult, red\",\"url\":\"https:\\\/\\\/hidalgo.nl\\\/de\\\/product\\\/110717\\\/zahnschutz-bedrucken-sjnitro-fluid-fit-antimikrobiell-adult\\\/\",\"sku\":\"A403-SJNITRO_91170_91169\",\"gtin\":\"5060801231404\",\"image\":{\"@type\":\"ImageObject\",\"url\":\"https:\\\/\\\/shop.hidalgo.nl\\\/wp-content\\\/uploads\\\/2025\\\/07\\\/b89a0ab06103e42230d183c9aa1778ccc05fca36f651b701b884a1a029eb32e8.png\",\"@id\":\"https:\\\/\\\/hidalgo.nl\\\/de\\\/product\\\/110717\\\/zahnschutz-bedrucken-sjnitro-fluid-fit-antimikrobiell-adult\\\/#productImage\",\"width\":1000,\"height\":1000},\"offers\":{\"@type\":\"Offer\",\"url\":\"https:\\\/\\\/hidalgo.nl\\\/de\\\/product\\\/110717\\\/zahnschutz-bedrucken-sjnitro-fluid-fit-antimikrobiell-adult\\\/#wooCommerceOffer\",\"price\":\"11.75\",\"priceCurrency\":\"EUR\",\"category\":\"Promotionele Artikelen\",\"availability\":\"https:\\\/\\\/schema.org\\\/InStock\",\"priceSpecification\":{\"@type\":\"PriceSpecification\",\"price\":11.75,\"priceCurrency\":\"EUR\",\"valueAddedTaxIncluded\":\"true\"}}},{\"@type\":\"Product\",\"@id\":\"https:\\\/\\\/hidalgo.nl\\\/de\\\/product\\\/110717\\\/zahnschutz-bedrucken-sjnitro-fluid-fit-antimikrobiell-adult\\\/#wooCommerceProduct\",\"name\":\"SJNITRO - Volwassen mondstukken Nitro Series - adult, yellow\",\"url\":\"https:\\\/\\\/hidalgo.nl\\\/de\\\/product\\\/110717\\\/zahnschutz-bedrucken-sjnitro-fluid-fit-antimikrobiell-adult\\\/\",\"sku\":\"A403-SJNITRO_91171_91169\",\"gtin\":\"5060801231428\",\"image\":{\"@type\":\"ImageObject\",\"url\":\"https:\\\/\\\/shop.hidalgo.nl\\\/wp-content\\\/uploads\\\/2025\\\/07\\\/e018fe746725fd776b2119d3f3a9813ff3b2289b83675af92d00d74dc5c13e54.png\",\"@id\":\"https:\\\/\\\/hidalgo.nl\\\/de\\\/product\\\/110717\\\/zahnschutz-bedrucken-sjnitro-fluid-fit-antimikrobiell-adult\\\/#productImage\",\"width\":1000,\"height\":1000},\"offers\":{\"@type\":\"Offer\",\"url\":\"https:\\\/\\\/hidalgo.nl\\\/de\\\/product\\\/110717\\\/zahnschutz-bedrucken-sjnitro-fluid-fit-antimikrobiell-adult\\\/#wooCommerceOffer\",\"price\":\"11.75\",\"priceCurrency\":\"EUR\",\"category\":\"Promotionele Artikelen\",\"availability\":\"https:\\\/\\\/schema.org\\\/InStock\",\"priceSpecification\":{\"@type\":\"PriceSpecification\",\"price\":11.75,\"priceCurrency\":\"EUR\",\"valueAddedTaxIncluded\":\"true\"}}},{\"@type\":\"Product\",\"@id\":\"https:\\\/\\\/hidalgo.nl\\\/de\\\/product\\\/110717\\\/zahnschutz-bedrucken-sjnitro-fluid-fit-antimikrobiell-adult\\\/#wooCommerceProduct\",\"name\":\"SJNITRO - Volwassen mondstukken Nitro Series - adult, blue\",\"url\":\"https:\\\/\\\/hidalgo.nl\\\/de\\\/product\\\/110717\\\/zahnschutz-bedrucken-sjnitro-fluid-fit-antimikrobiell-adult\\\/\",\"sku\":\"A403-SJNITRO_91172_91169\",\"gtin\":\"5060801231411\",\"image\":{\"@type\":\"ImageObject\",\"url\":\"https:\\\/\\\/shop.hidalgo.nl\\\/wp-content\\\/uploads\\\/2025\\\/07\\\/3704329db1c38e1a1ba7cb74d98c552f4eade74be18d2d7c0dd31e7cc9d8c813.png\",\"@id\":\"https:\\\/\\\/hidalgo.nl\\\/de\\\/product\\\/110717\\\/zahnschutz-bedrucken-sjnitro-fluid-fit-antimikrobiell-adult\\\/#productImage\",\"width\":1000,\"height\":1000},\"offers\":{\"@type\":\"Offer\",\"url\":\"https:\\\/\\\/hidalgo.nl\\\/de\\\/product\\\/110717\\\/zahnschutz-bedrucken-sjnitro-fluid-fit-antimikrobiell-adult\\\/#wooCommerceOffer\",\"price\":\"11.75\",\"priceCurrency\":\"EUR\",\"category\":\"Promotionele Artikelen\",\"availability\":\"https:\\\/\\\/schema.org\\\/InStock\",\"priceSpecification\":{\"@type\":\"PriceSpecification\",\"price\":11.75,\"priceCurrency\":\"EUR\",\"valueAddedTaxIncluded\":\"true\"}}}]},{\"@type\":\"WebPage\",\"@id\":\"https:\\\/\\\/hidalgo.nl\\\/de\\\/product\\\/110717\\\/zahnschutz-bedrucken-sjnitro-fluid-fit-antimikrobiell-adult\\\/#webpage\",\"url\":\"https:\\\/\\\/hidalgo.nl\\\/de\\\/product\\\/110717\\\/zahnschutz-bedrucken-sjnitro-fluid-fit-antimikrobiell-adult\\\/\",\"name\":\"Zahnschutz bedrucken SJNITRO Fluid Fit Antimikrobiell Adult\",\"description\":\"SJNITRO in Adult-Gr\\u00f6\\u00dfe sch\\u00fctzt deine Z\\u00e4hne bei Kontaktsport und l\\u00e4sst sich mit deinem Logo veredeln. Du kannst deinen Zahnschutz personalisieren & Mundschutz mit Logo bedrucken, ideal f\\u00fcr Teams und Aktive von 20-40. Farben: Yellow, Red, Blue.\",\"inLanguage\":\"de-DE\",\"isPartOf\":{\"@id\":\"https:\\\/\\\/hidalgo.nl\\\/de\\\/#website\"},\"breadcrumb\":{\"@id\":\"https:\\\/\\\/hidalgo.nl\\\/de\\\/product\\\/110717\\\/zahnschutz-bedrucken-sjnitro-fluid-fit-antimikrobiell-adult\\\/#breadcrumblist\"},\"image\":{\"@type\":\"ImageObject\",\"url\":\"https:\\\/\\\/shop.hidalgo.nl\\\/wp-content\\\/uploads\\\/2025\\\/07\\\/b89a0ab06103e42230d183c9aa1778ccc05fca36f651b701b884a1a029eb32e8.png\",\"@id\":\"https:\\\/\\\/hidalgo.nl\\\/de\\\/product\\\/110717\\\/zahnschutz-bedrucken-sjnitro-fluid-fit-antimikrobiell-adult\\\/#mainImage\",\"width\":1000,\"height\":1000},\"primaryImageOfPage\":{\"@id\":\"https:\\\/\\\/hidalgo.nl\\\/de\\\/product\\\/110717\\\/zahnschutz-bedrucken-sjnitro-fluid-fit-antimikrobiell-adult\\\/#mainImage\"},\"datePublished\":\"2025-07-07T11:14:03+00:00\",\"dateModified\":\"2026-03-19T16:19:40+00:00\"},{\"@type\":\"WebSite\",\"@id\":\"https:\\\/\\\/hidalgo.nl\\\/de\\\/#website\",\"url\":\"https:\\\/\\\/hidalgo.nl\\\/de\\\/\",\"name\":\"Hidalgo\",\"inLanguage\":\"de-DE\",\"publisher\":{\"@id\":\"https:\\\/\\\/hidalgo.nl\\\/de\\\/#organization\"}}]}\n\t\t<\/script>\n\t\t<!-- All in One SEO Pro -->\r\n\t\t<title>Zahnschutz bedrucken SJNITRO Fluid Fit Antimikrobiell Adult<\/title>\n\n","aioseo_head_json":{"title":"Zahnschutz bedrucken SJNITRO Fluid Fit Antimikrobiell Adult","description":"SJNITRO in Adult-Gr\u00f6\u00dfe sch\u00fctzt deine Z\u00e4hne bei Kontaktsport und l\u00e4sst sich mit deinem Logo veredeln. Du kannst deinen Zahnschutz personalisieren & Mundschutz mit Logo bedrucken, ideal f\u00fcr Teams und Aktive von 20-40. Farben: Yellow, Red, Blue.","canonical_url":"https:\/\/hidalgo.nl\/de\/wp-json\/wp\/v2\/product\/110717","robots":"max-image-preview:large","keywords":"","webmasterTools":{"miscellaneous":""},"schema":{"@context":"https:\/\/schema.org","@graph":[{"@type":"BreadcrumbList","@id":"https:\/\/hidalgo.nl\/de\/product\/110717\/zahnschutz-bedrucken-sjnitro-fluid-fit-antimikrobiell-adult\/#breadcrumblist","itemListElement":[{"@type":"ListItem","@id":"https:\/\/hidalgo.nl\/de\/#listItem","position":1,"name":"Home","item":"https:\/\/hidalgo.nl\/de\/","nextItem":{"@type":"ListItem","@id":"https:\/\/hidalgo.nl\/example\/#listItem","name":"example"}},{"@type":"ListItem","@id":"https:\/\/hidalgo.nl\/example\/#listItem","position":2,"name":"example","item":"https:\/\/hidalgo.nl\/example\/","nextItem":{"@type":"ListItem","@id":"https:\/\/hidalgo.nl\/en\/product-supplier\/a403\/#listItem","name":"A403"},"previousItem":{"@type":"ListItem","@id":"https:\/\/hidalgo.nl\/de\/#listItem","name":"Home"}},{"@type":"ListItem","@id":"https:\/\/hidalgo.nl\/en\/product-supplier\/a403\/#listItem","position":3,"name":"A403","item":"https:\/\/hidalgo.nl\/en\/product-supplier\/a403\/","nextItem":{"@type":"ListItem","@id":"https:\/\/hidalgo.nl\/de\/product\/110717\/zahnschutz-bedrucken-sjnitro-fluid-fit-antimikrobiell-adult\/#listItem","name":"SJNITRO &#8211; Volwassen mondstukken Nitro Series"},"previousItem":{"@type":"ListItem","@id":"https:\/\/hidalgo.nl\/example\/#listItem","name":"example"}},{"@type":"ListItem","@id":"https:\/\/hidalgo.nl\/de\/product\/110717\/zahnschutz-bedrucken-sjnitro-fluid-fit-antimikrobiell-adult\/#listItem","position":4,"name":"SJNITRO &#8211; Volwassen mondstukken Nitro Series","previousItem":{"@type":"ListItem","@id":"https:\/\/hidalgo.nl\/en\/product-supplier\/a403\/#listItem","name":"A403"}}]},{"@type":"Organization","@id":"https:\/\/hidalgo.nl\/de\/#organization","name":"Hidalgo","url":"https:\/\/hidalgo.nl\/de\/","logo":{"@type":"ImageObject","url":"https:\/\/shop.hidalgo.nl\/wp-content\/uploads\/2025\/11\/cropped-Hidalgo-est1993.png","@id":"https:\/\/hidalgo.nl\/de\/product\/110717\/zahnschutz-bedrucken-sjnitro-fluid-fit-antimikrobiell-adult\/#organizationLogo","width":585,"height":195},"image":{"@id":"https:\/\/hidalgo.nl\/de\/product\/110717\/zahnschutz-bedrucken-sjnitro-fluid-fit-antimikrobiell-adult\/#organizationLogo"}},{"@type":"ProductGroup","@id":"https:\/\/hidalgo.nl\/de\/product\/110717\/zahnschutz-bedrucken-sjnitro-fluid-fit-antimikrobiell-adult\/#wooCommerceProduct","name":"Zahnschutz bedrucken SJNITRO Fluid Fit Antimikrobiell Adult","url":"https:\/\/hidalgo.nl\/de\/product\/110717\/zahnschutz-bedrucken-sjnitro-fluid-fit-antimikrobiell-adult\/","brand":{"@type":"Brand","name":"Safejawz"},"sku":"A403-SJNITRO","image":{"@type":"ImageObject","url":"https:\/\/shop.hidalgo.nl\/wp-content\/uploads\/2025\/07\/b89a0ab06103e42230d183c9aa1778ccc05fca36f651b701b884a1a029eb32e8.png","@id":"https:\/\/hidalgo.nl\/de\/product\/110717\/zahnschutz-bedrucken-sjnitro-fluid-fit-antimikrobiell-adult\/#productImage","width":1000,"height":1000},"productGroupID":110717,"hasVariant":[{"@type":"Product","@id":"https:\/\/hidalgo.nl\/de\/product\/110717\/zahnschutz-bedrucken-sjnitro-fluid-fit-antimikrobiell-adult\/#wooCommerceProduct","name":"SJNITRO - Volwassen mondstukken Nitro Series - adult, red","url":"https:\/\/hidalgo.nl\/de\/product\/110717\/zahnschutz-bedrucken-sjnitro-fluid-fit-antimikrobiell-adult\/","sku":"A403-SJNITRO_91170_91169","gtin":"5060801231404","image":{"@type":"ImageObject","url":"https:\/\/shop.hidalgo.nl\/wp-content\/uploads\/2025\/07\/b89a0ab06103e42230d183c9aa1778ccc05fca36f651b701b884a1a029eb32e8.png","@id":"https:\/\/hidalgo.nl\/de\/product\/110717\/zahnschutz-bedrucken-sjnitro-fluid-fit-antimikrobiell-adult\/#productImage","width":1000,"height":1000},"offers":{"@type":"Offer","url":"https:\/\/hidalgo.nl\/de\/product\/110717\/zahnschutz-bedrucken-sjnitro-fluid-fit-antimikrobiell-adult\/#wooCommerceOffer","price":"11.75","priceCurrency":"EUR","category":"Promotionele Artikelen","availability":"https:\/\/schema.org\/InStock","priceSpecification":{"@type":"PriceSpecification","price":11.75,"priceCurrency":"EUR","valueAddedTaxIncluded":"true"}}},{"@type":"Product","@id":"https:\/\/hidalgo.nl\/de\/product\/110717\/zahnschutz-bedrucken-sjnitro-fluid-fit-antimikrobiell-adult\/#wooCommerceProduct","name":"SJNITRO - Volwassen mondstukken Nitro Series - adult, yellow","url":"https:\/\/hidalgo.nl\/de\/product\/110717\/zahnschutz-bedrucken-sjnitro-fluid-fit-antimikrobiell-adult\/","sku":"A403-SJNITRO_91171_91169","gtin":"5060801231428","image":{"@type":"ImageObject","url":"https:\/\/shop.hidalgo.nl\/wp-content\/uploads\/2025\/07\/e018fe746725fd776b2119d3f3a9813ff3b2289b83675af92d00d74dc5c13e54.png","@id":"https:\/\/hidalgo.nl\/de\/product\/110717\/zahnschutz-bedrucken-sjnitro-fluid-fit-antimikrobiell-adult\/#productImage","width":1000,"height":1000},"offers":{"@type":"Offer","url":"https:\/\/hidalgo.nl\/de\/product\/110717\/zahnschutz-bedrucken-sjnitro-fluid-fit-antimikrobiell-adult\/#wooCommerceOffer","price":"11.75","priceCurrency":"EUR","category":"Promotionele Artikelen","availability":"https:\/\/schema.org\/InStock","priceSpecification":{"@type":"PriceSpecification","price":11.75,"priceCurrency":"EUR","valueAddedTaxIncluded":"true"}}},{"@type":"Product","@id":"https:\/\/hidalgo.nl\/de\/product\/110717\/zahnschutz-bedrucken-sjnitro-fluid-fit-antimikrobiell-adult\/#wooCommerceProduct","name":"SJNITRO - Volwassen mondstukken Nitro Series - adult, blue","url":"https:\/\/hidalgo.nl\/de\/product\/110717\/zahnschutz-bedrucken-sjnitro-fluid-fit-antimikrobiell-adult\/","sku":"A403-SJNITRO_91172_91169","gtin":"5060801231411","image":{"@type":"ImageObject","url":"https:\/\/shop.hidalgo.nl\/wp-content\/uploads\/2025\/07\/3704329db1c38e1a1ba7cb74d98c552f4eade74be18d2d7c0dd31e7cc9d8c813.png","@id":"https:\/\/hidalgo.nl\/de\/product\/110717\/zahnschutz-bedrucken-sjnitro-fluid-fit-antimikrobiell-adult\/#productImage","width":1000,"height":1000},"offers":{"@type":"Offer","url":"https:\/\/hidalgo.nl\/de\/product\/110717\/zahnschutz-bedrucken-sjnitro-fluid-fit-antimikrobiell-adult\/#wooCommerceOffer","price":"11.75","priceCurrency":"EUR","category":"Promotionele Artikelen","availability":"https:\/\/schema.org\/InStock","priceSpecification":{"@type":"PriceSpecification","price":11.75,"priceCurrency":"EUR","valueAddedTaxIncluded":"true"}}}]},{"@type":"WebPage","@id":"https:\/\/hidalgo.nl\/de\/product\/110717\/zahnschutz-bedrucken-sjnitro-fluid-fit-antimikrobiell-adult\/#webpage","url":"https:\/\/hidalgo.nl\/de\/product\/110717\/zahnschutz-bedrucken-sjnitro-fluid-fit-antimikrobiell-adult\/","name":"Zahnschutz bedrucken SJNITRO Fluid Fit Antimikrobiell Adult","description":"SJNITRO in Adult-Gr\u00f6\u00dfe sch\u00fctzt deine Z\u00e4hne bei Kontaktsport und l\u00e4sst sich mit deinem Logo veredeln. Du kannst deinen Zahnschutz personalisieren & Mundschutz mit Logo bedrucken, ideal f\u00fcr Teams und Aktive von 20-40. Farben: Yellow, Red, Blue.","inLanguage":"de-DE","isPartOf":{"@id":"https:\/\/hidalgo.nl\/de\/#website"},"breadcrumb":{"@id":"https:\/\/hidalgo.nl\/de\/product\/110717\/zahnschutz-bedrucken-sjnitro-fluid-fit-antimikrobiell-adult\/#breadcrumblist"},"image":{"@type":"ImageObject","url":"https:\/\/shop.hidalgo.nl\/wp-content\/uploads\/2025\/07\/b89a0ab06103e42230d183c9aa1778ccc05fca36f651b701b884a1a029eb32e8.png","@id":"https:\/\/hidalgo.nl\/de\/product\/110717\/zahnschutz-bedrucken-sjnitro-fluid-fit-antimikrobiell-adult\/#mainImage","width":1000,"height":1000},"primaryImageOfPage":{"@id":"https:\/\/hidalgo.nl\/de\/product\/110717\/zahnschutz-bedrucken-sjnitro-fluid-fit-antimikrobiell-adult\/#mainImage"},"datePublished":"2025-07-07T11:14:03+00:00","dateModified":"2026-03-19T16:19:40+00:00"},{"@type":"WebSite","@id":"https:\/\/hidalgo.nl\/de\/#website","url":"https:\/\/hidalgo.nl\/de\/","name":"Hidalgo","inLanguage":"de-DE","publisher":{"@id":"https:\/\/hidalgo.nl\/de\/#organization"}}]},"og:locale":"de_DE","og:site_name":"Hidalgo -","og:type":"article","og:title":"Zahnschutz bedrucken SJNITRO Fluid Fit Antimikrobiell Adult","og:description":"SJNITRO in Adult-Gr\u00f6\u00dfe sch\u00fctzt deine Z\u00e4hne bei Kontaktsport und l\u00e4sst sich mit deinem Logo veredeln. Du kannst deinen Zahnschutz personalisieren &amp; Mundschutz mit Logo bedrucken, ideal f\u00fcr Teams und Aktive von 20-40. Farben: Yellow, Red, Blue.","og:url":"https:\/\/hidalgo.nl\/de\/wp-json\/wp\/v2\/product\/110717","og:image":"https:\/\/shop.hidalgo.nl\/wp-content\/uploads\/2025\/11\/cropped-Hidalgo-est1993.png","og:image:secure_url":"https:\/\/shop.hidalgo.nl\/wp-content\/uploads\/2025\/11\/cropped-Hidalgo-est1993.png","article:published_time":"2025-07-07T11:14:03+00:00","article:modified_time":"2026-03-19T16:19:40+00:00","twitter:card":"summary_large_image","twitter:title":"Zahnschutz bedrucken SJNITRO Fluid Fit Antimikrobiell Adult","twitter:description":"SJNITRO in Adult-Gr\u00f6\u00dfe sch\u00fctzt deine Z\u00e4hne bei Kontaktsport und l\u00e4sst sich mit deinem Logo veredeln. Du kannst deinen Zahnschutz personalisieren &amp; Mundschutz mit Logo bedrucken, ideal f\u00fcr Teams und Aktive von 20-40. Farben: Yellow, Red, Blue.","twitter:image":"https:\/\/shop.hidalgo.nl\/wp-content\/uploads\/2025\/11\/cropped-Hidalgo-est1993.png"},"aioseo_meta_data":{"post_id":"110717","title":null,"description":null,"keywords":null,"keyphrases":null,"primary_term":null,"canonical_url":null,"og_title":null,"og_description":null,"og_object_type":"default","og_image_type":"default","og_image_url":null,"og_image_width":null,"og_image_height":null,"og_image_custom_url":null,"og_image_custom_fields":null,"og_video":null,"og_custom_url":null,"og_article_section":null,"og_article_tags":null,"twitter_use_og":false,"twitter_card":"default","twitter_image_type":"default","twitter_image_url":null,"twitter_image_custom_url":null,"twitter_image_custom_fields":null,"twitter_title":null,"twitter_description":null,"schema":{"blockGraphs":[],"customGraphs":[],"default":{"data":{"Article":[],"Course":[],"Dataset":[],"FAQPage":[],"Movie":[],"Person":[],"Product":[],"ProductReview":[],"Car":[],"Recipe":[],"Service":[],"SoftwareApplication":[],"WebPage":[]},"graphName":"","isEnabled":true},"graphs":[]},"schema_type":"default","schema_type_options":null,"pillar_content":false,"robots_default":true,"robots_noindex":false,"robots_noarchive":false,"robots_nosnippet":false,"robots_nofollow":false,"robots_noimageindex":false,"robots_noodp":false,"robots_notranslate":false,"robots_max_snippet":null,"robots_max_videopreview":null,"robots_max_imagepreview":"large","priority":null,"frequency":null,"local_seo":null,"seo_analyzer_scan_date":"2026-01-21 14:13:07","breadcrumb_settings":null,"limit_modified_date":false,"reviewed_by":null,"open_ai":null,"ai":null,"created":"2026-01-14 06:25:31","updated":"2026-04-22 22:08:53"},"aioseo_breadcrumb":"<div class=\"aioseo-breadcrumbs\"><span class=\"aioseo-breadcrumb\">\n\t<a href=\"https:\/\/hidalgo.nl\/de\/\" title=\"Home\">Home<\/a>\n<\/span><span class=\"aioseo-breadcrumb-separator\">\u00bb<\/span><span class=\"aioseo-breadcrumb\">\n\t<a href=\"https:\/\/hidalgo.nl\/example\/\" title=\"example\">example<\/a>\n<\/span><span class=\"aioseo-breadcrumb-separator\">\u00bb<\/span><span class=\"aioseo-breadcrumb\">\n\t<a href=\"https:\/\/hidalgo.nl\/en\/product-supplier\/a403\/\" title=\"A403\">A403<\/a>\n<\/span><span class=\"aioseo-breadcrumb-separator\">\u00bb<\/span><span class=\"aioseo-breadcrumb\">\n\tSJNITRO \u2013 Volwassen mondstukken Nitro Series\n<\/span><\/div>","aioseo_breadcrumb_json":[{"label":"Home","link":"https:\/\/hidalgo.nl\/de\/"},{"label":"example","link":"https:\/\/hidalgo.nl\/example\/"},{"label":"A403","link":"https:\/\/hidalgo.nl\/en\/product-supplier\/a403\/"},{"label":"SJNITRO &#8211; Volwassen mondstukken Nitro Series","link":"https:\/\/hidalgo.nl\/de\/product\/110717\/zahnschutz-bedrucken-sjnitro-fluid-fit-antimikrobiell-adult\/"}],"_links":{"self":[{"href":"https:\/\/hidalgo.nl\/de\/wp-json\/wp\/v2\/product\/110717","targetHints":{"allow":["GET"]}}],"collection":[{"href":"https:\/\/hidalgo.nl\/de\/wp-json\/wp\/v2\/product"}],"about":[{"href":"https:\/\/hidalgo.nl\/de\/wp-json\/wp\/v2\/types\/product"}],"wp:featuredmedia":[{"embeddable":true,"href":"https:\/\/hidalgo.nl\/de\/wp-json\/wp\/v2\/media\/110718"}],"wp:attachment":[{"href":"https:\/\/hidalgo.nl\/de\/wp-json\/wp\/v2\/media?parent=110717"}],"wp:term":[{"taxonomy":"product_brand","embeddable":true,"href":"https:\/\/hidalgo.nl\/de\/wp-json\/wp\/v2\/product_brand?post=110717"},{"taxonomy":"product_cat","embeddable":true,"href":"https:\/\/hidalgo.nl\/de\/wp-json\/wp\/v2\/product_cat?post=110717"},{"taxonomy":"product_tag","embeddable":true,"href":"https:\/\/hidalgo.nl\/de\/wp-json\/wp\/v2\/product_tag?post=110717"}],"curies":[{"name":"wp","href":"https:\/\/api.w.org\/{rel}","templated":true}]}}