{"id":11041,"date":"2025-07-03T10:20:57","date_gmt":"2025-07-03T10:20:57","guid":{"rendered":"http:\/\/bidonsenshakers.pim.hidalgo.nl\/product\/pp-zonne-energie-lamp-briony\/"},"modified":"2026-03-15T15:38:24","modified_gmt":"2026-03-15T15:38:24","slug":"pp-zonne-energie-lamp-briony","status":"publish","type":"product","link":"https:\/\/hidalgo.nl\/de\/product\/11041\/solarleuchte-briony-bedrucken-bewegungsmelder-20-led-schwarz\/","title":{"rendered":"PP zonne-energie lamp Briony"},"content":{"rendered":"<p>PP zonne-energie lamp met 20-COB LED. Voorzien van een nachtsensor (CDS) en een bewegingssensor (PIR). Inclusief een 800 mAh-batterij, een oplaadkabel, IP44-classificatie en een constante of knipperende lichtfunctie. Per stuk verpakt in een bruine kartonnen doos.<\/p>\n","protected":false},"excerpt":{"rendered":"<p>PP zonne-energie lamp met 20-COB LED. Voorzien van een nachtsensor (CDS) en een bewegingssensor (PIR). Inclusief een 800 mAh-batterij, een oplaadkabel, IP44-classificatie en een constante of knipperende lichtfunctie. Per stuk verpakt in een bruine kartonnen doos.<\/p>\n","protected":false},"featured_media":11042,"template":"","meta":{"_acf_changed":false,"om_disable_all_campaigns":false,"_monsterinsights_skip_tracking":false,"_monsterinsights_sitenote_active":false,"_monsterinsights_sitenote_note":"","_monsterinsights_sitenote_category":0},"product_brand":[49],"product_cat":[4808,4719],"product_tag":[],"class_list":{"0":"post-11041","1":"product","2":"type-product","3":"status-publish","4":"has-post-thumbnail","6":"product_supplier-a58","7":"product_material-abs","8":"product_material-ijzer","9":"product_material-pp","10":"product_material-pvc","11":"product_material-silicone","12":"product_brand-impression","13":"product_cat-gereedschap","14":"product_cat-promotionele-artikelen","15":"entry","17":"first","18":"instock","19":"taxable","20":"shipping-taxable","21":"purchasable","22":"product-type-variable"},"acf":{"imprint_cost":[{"imprint_cost_key":"52b9f9485c4bd7298be8bafb6aa5dc91c1c55752","product_quantity_price_range":[{"imprint_cost_recommended_selling_price":"5.65","imprint_cost_recommended_selling_quantity":"1"},{"imprint_cost_recommended_selling_price":"4.03","imprint_cost_recommended_selling_quantity":"25"},{"imprint_cost_recommended_selling_price":"1.91","imprint_cost_recommended_selling_quantity":"50"},{"imprint_cost_recommended_selling_price":"1.51","imprint_cost_recommended_selling_quantity":"100"},{"imprint_cost_recommended_selling_price":"1.11","imprint_cost_recommended_selling_quantity":"250"},{"imprint_cost_recommended_selling_price":"0.85","imprint_cost_recommended_selling_quantity":"500"},{"imprint_cost_recommended_selling_price":"0.82","imprint_cost_recommended_selling_quantity":"1000"},{"imprint_cost_recommended_selling_price":"0.77","imprint_cost_recommended_selling_quantity":"2500"},{"imprint_cost_recommended_selling_price":"0.72","imprint_cost_recommended_selling_quantity":"5000"},{"imprint_cost_recommended_selling_price":"0.69","imprint_cost_recommended_selling_quantity":"10000"}],"product_quantity_price_range_buying":false,"imprint_cost_setup_costs":"71.54","imprint_cost_handling_costs":"0.26"},{"imprint_cost_key":"e81cfeb4596993c8a895a699f607a89dceae6894","product_quantity_price_range":[{"imprint_cost_recommended_selling_price":"0.97","imprint_cost_recommended_selling_quantity":"1"},{"imprint_cost_recommended_selling_price":"0.82","imprint_cost_recommended_selling_quantity":"25"},{"imprint_cost_recommended_selling_price":"0.75","imprint_cost_recommended_selling_quantity":"50"},{"imprint_cost_recommended_selling_price":"0.68","imprint_cost_recommended_selling_quantity":"100"},{"imprint_cost_recommended_selling_price":"0.62","imprint_cost_recommended_selling_quantity":"250"},{"imprint_cost_recommended_selling_price":"0.55","imprint_cost_recommended_selling_quantity":"500"},{"imprint_cost_recommended_selling_price":"0.51","imprint_cost_recommended_selling_quantity":"1000"},{"imprint_cost_recommended_selling_price":"0.48","imprint_cost_recommended_selling_quantity":"2500"},{"imprint_cost_recommended_selling_price":"0.43","imprint_cost_recommended_selling_quantity":"5000"}],"product_quantity_price_range_buying":false,"imprint_cost_setup_costs":"60.77","imprint_cost_handling_costs":"0.26"},{"imprint_cost_key":"21f6f262471ee449c3c687758005b9b5a4f7431e","product_quantity_price_range":[{"imprint_cost_recommended_selling_price":"5.91","imprint_cost_recommended_selling_quantity":"1"},{"imprint_cost_recommended_selling_price":"2.97","imprint_cost_recommended_selling_quantity":"25"},{"imprint_cost_recommended_selling_price":"1.49","imprint_cost_recommended_selling_quantity":"50"},{"imprint_cost_recommended_selling_price":"0.69","imprint_cost_recommended_selling_quantity":"100"},{"imprint_cost_recommended_selling_price":"0.55","imprint_cost_recommended_selling_quantity":"250"},{"imprint_cost_recommended_selling_price":"0.43","imprint_cost_recommended_selling_quantity":"500"},{"imprint_cost_recommended_selling_price":"0.4","imprint_cost_recommended_selling_quantity":"1000"},{"imprint_cost_recommended_selling_price":"0.35","imprint_cost_recommended_selling_quantity":"2500"},{"imprint_cost_recommended_selling_price":"0.34","imprint_cost_recommended_selling_quantity":"5000"},{"imprint_cost_recommended_selling_price":"0.32","imprint_cost_recommended_selling_quantity":"10000"}],"product_quantity_price_range_buying":false,"imprint_cost_setup_costs":"52.31","imprint_cost_handling_costs":"0.2"},{"imprint_cost_key":"8a2ec0e5ac8cbf0ae5cbc4f54482bab14ade11b6","product_quantity_price_range":[{"imprint_cost_recommended_selling_price":"11.6","imprint_cost_recommended_selling_quantity":"1"},{"imprint_cost_recommended_selling_price":"5.83","imprint_cost_recommended_selling_quantity":"25"},{"imprint_cost_recommended_selling_price":"2.92","imprint_cost_recommended_selling_quantity":"50"},{"imprint_cost_recommended_selling_price":"1.35","imprint_cost_recommended_selling_quantity":"100"},{"imprint_cost_recommended_selling_price":"1.07","imprint_cost_recommended_selling_quantity":"250"},{"imprint_cost_recommended_selling_price":"0.85","imprint_cost_recommended_selling_quantity":"500"},{"imprint_cost_recommended_selling_price":"0.78","imprint_cost_recommended_selling_quantity":"1000"},{"imprint_cost_recommended_selling_price":"0.69","imprint_cost_recommended_selling_quantity":"2500"},{"imprint_cost_recommended_selling_price":"0.66","imprint_cost_recommended_selling_quantity":"5000"},{"imprint_cost_recommended_selling_price":"0.63","imprint_cost_recommended_selling_quantity":"10000"}],"product_quantity_price_range_buying":false,"imprint_cost_setup_costs":"104.62","imprint_cost_handling_costs":"0.2"}]},"aioseo_notices":[],"aioseo_head":"\n\t\t<!-- All in One SEO Pro 4.9.6.2 - aioseo.com -->\n\t<meta name=\"description\" content=\"Mit dieser Solarlampe mit Bewegungsmelder setzt du auf nachhaltige Beleuchtung &amp; l\u00e4sst die Briony einfach mit deinem Logo bedrucken. Dieser wetterfeste Werbeartikel eignet sich dank IP44-Schutz ideal f\u00fcr deine Kunden, die Wert auf Funktionalit\u00e4t und modernes Design im Au\u00dfenbereich legen.\" \/>\n\t<meta name=\"robots\" content=\"max-image-preview:large\" \/>\n\t<link rel=\"canonical\" href=\"https:\/\/hidalgo.nl\/de\/wp-json\/wp\/v2\/product\/11041\" \/>\n\t<meta name=\"generator\" content=\"All in One SEO Pro (AIOSEO) 4.9.6.2\" \/>\n\t\t<meta property=\"og:locale\" content=\"de_DE\" \/>\n\t\t<meta property=\"og:site_name\" content=\"Hidalgo -\" \/>\n\t\t<meta property=\"og:type\" content=\"article\" \/>\n\t\t<meta property=\"og:title\" content=\"Solarleuchte Briony bedrucken Bewegungsmelder 20 LED schwarz\" \/>\n\t\t<meta property=\"og:description\" content=\"Mit dieser Solarlampe mit Bewegungsmelder setzt du auf nachhaltige Beleuchtung &amp; l\u00e4sst die Briony einfach mit deinem Logo bedrucken. Dieser wetterfeste Werbeartikel eignet sich dank IP44-Schutz ideal f\u00fcr deine Kunden, die Wert auf Funktionalit\u00e4t und modernes Design im Au\u00dfenbereich legen.\" \/>\n\t\t<meta property=\"og:url\" content=\"https:\/\/hidalgo.nl\/de\/wp-json\/wp\/v2\/product\/11041\" \/>\n\t\t<meta property=\"og:image\" content=\"https:\/\/shop.hidalgo.nl\/wp-content\/uploads\/2025\/11\/cropped-Hidalgo-est1993.png\" \/>\n\t\t<meta property=\"og:image:secure_url\" content=\"https:\/\/shop.hidalgo.nl\/wp-content\/uploads\/2025\/11\/cropped-Hidalgo-est1993.png\" \/>\n\t\t<meta property=\"article:published_time\" content=\"2025-07-03T10:20:57+00:00\" \/>\n\t\t<meta property=\"article:modified_time\" content=\"2026-03-15T15:38:24+00:00\" \/>\n\t\t<meta name=\"twitter:card\" content=\"summary_large_image\" \/>\n\t\t<meta name=\"twitter:title\" content=\"Solarleuchte Briony bedrucken Bewegungsmelder 20 LED schwarz\" \/>\n\t\t<meta name=\"twitter:description\" content=\"Mit dieser Solarlampe mit Bewegungsmelder setzt du auf nachhaltige Beleuchtung &amp; l\u00e4sst die Briony einfach mit deinem Logo bedrucken. Dieser wetterfeste Werbeartikel eignet sich dank IP44-Schutz ideal f\u00fcr deine Kunden, die Wert auf Funktionalit\u00e4t und modernes Design im Au\u00dfenbereich legen.\" \/>\n\t\t<meta name=\"twitter:image\" content=\"https:\/\/shop.hidalgo.nl\/wp-content\/uploads\/2025\/11\/cropped-Hidalgo-est1993.png\" \/>\n\t\t<script type=\"application\/ld+json\" class=\"aioseo-schema\">\n\t\t\t{\"@context\":\"https:\\\/\\\/schema.org\",\"@graph\":[{\"@type\":\"BreadcrumbList\",\"@id\":\"https:\\\/\\\/hidalgo.nl\\\/de\\\/product\\\/11041\\\/solarleuchte-briony-bedrucken-bewegungsmelder-20-led-schwarz\\\/#breadcrumblist\",\"itemListElement\":[{\"@type\":\"ListItem\",\"@id\":\"https:\\\/\\\/hidalgo.nl\\\/de\\\/#listItem\",\"position\":1,\"name\":\"Home\",\"item\":\"https:\\\/\\\/hidalgo.nl\\\/de\\\/\",\"nextItem\":{\"@type\":\"ListItem\",\"@id\":\"https:\\\/\\\/hidalgo.nl\\\/example\\\/#listItem\",\"name\":\"example\"}},{\"@type\":\"ListItem\",\"@id\":\"https:\\\/\\\/hidalgo.nl\\\/example\\\/#listItem\",\"position\":2,\"name\":\"example\",\"item\":\"https:\\\/\\\/hidalgo.nl\\\/example\\\/\",\"nextItem\":{\"@type\":\"ListItem\",\"@id\":\"https:\\\/\\\/hidalgo.nl\\\/en\\\/product-supplier\\\/a58\\\/#listItem\",\"name\":\"A58\"},\"previousItem\":{\"@type\":\"ListItem\",\"@id\":\"https:\\\/\\\/hidalgo.nl\\\/de\\\/#listItem\",\"name\":\"Home\"}},{\"@type\":\"ListItem\",\"@id\":\"https:\\\/\\\/hidalgo.nl\\\/en\\\/product-supplier\\\/a58\\\/#listItem\",\"position\":3,\"name\":\"A58\",\"item\":\"https:\\\/\\\/hidalgo.nl\\\/en\\\/product-supplier\\\/a58\\\/\",\"nextItem\":{\"@type\":\"ListItem\",\"@id\":\"https:\\\/\\\/hidalgo.nl\\\/de\\\/product\\\/11041\\\/solarleuchte-briony-bedrucken-bewegungsmelder-20-led-schwarz\\\/#listItem\",\"name\":\"PP zonne-energie lamp Briony\"},\"previousItem\":{\"@type\":\"ListItem\",\"@id\":\"https:\\\/\\\/hidalgo.nl\\\/example\\\/#listItem\",\"name\":\"example\"}},{\"@type\":\"ListItem\",\"@id\":\"https:\\\/\\\/hidalgo.nl\\\/de\\\/product\\\/11041\\\/solarleuchte-briony-bedrucken-bewegungsmelder-20-led-schwarz\\\/#listItem\",\"position\":4,\"name\":\"PP zonne-energie lamp Briony\",\"previousItem\":{\"@type\":\"ListItem\",\"@id\":\"https:\\\/\\\/hidalgo.nl\\\/en\\\/product-supplier\\\/a58\\\/#listItem\",\"name\":\"A58\"}}]},{\"@type\":\"Organization\",\"@id\":\"https:\\\/\\\/hidalgo.nl\\\/de\\\/#organization\",\"name\":\"Hidalgo\",\"url\":\"https:\\\/\\\/hidalgo.nl\\\/de\\\/\",\"logo\":{\"@type\":\"ImageObject\",\"url\":\"https:\\\/\\\/shop.hidalgo.nl\\\/wp-content\\\/uploads\\\/2025\\\/11\\\/cropped-Hidalgo-est1993.png\",\"@id\":\"https:\\\/\\\/hidalgo.nl\\\/de\\\/product\\\/11041\\\/solarleuchte-briony-bedrucken-bewegungsmelder-20-led-schwarz\\\/#organizationLogo\",\"width\":585,\"height\":195},\"image\":{\"@id\":\"https:\\\/\\\/hidalgo.nl\\\/de\\\/product\\\/11041\\\/solarleuchte-briony-bedrucken-bewegungsmelder-20-led-schwarz\\\/#organizationLogo\"}},{\"@type\":\"ProductGroup\",\"@id\":\"https:\\\/\\\/hidalgo.nl\\\/de\\\/product\\\/11041\\\/solarleuchte-briony-bedrucken-bewegungsmelder-20-led-schwarz\\\/#wooCommerceProduct\",\"name\":\"Solarleuchte Briony bedrucken Bewegungsmelder 20 LED schwarz\",\"url\":\"https:\\\/\\\/hidalgo.nl\\\/de\\\/product\\\/11041\\\/solarleuchte-briony-bedrucken-bewegungsmelder-20-led-schwarz\\\/\",\"brand\":{\"@type\":\"Brand\",\"name\":\"IMPRESSION\"},\"sku\":\"A58-1204134\",\"image\":{\"@type\":\"ImageObject\",\"url\":\"https:\\\/\\\/shop.hidalgo.nl\\\/wp-content\\\/uploads\\\/2025\\\/05\\\/1a7992a6e767315476cfe98acf09ca75968d1a7b55d8f20445be4133a21932ad.jpg\",\"@id\":\"https:\\\/\\\/hidalgo.nl\\\/de\\\/product\\\/11041\\\/solarleuchte-briony-bedrucken-bewegungsmelder-20-led-schwarz\\\/#productImage\",\"width\":842,\"height\":1000},\"productGroupID\":11041,\"hasVariant\":[{\"@type\":\"Product\",\"@id\":\"https:\\\/\\\/hidalgo.nl\\\/de\\\/product\\\/11041\\\/solarleuchte-briony-bedrucken-bewegungsmelder-20-led-schwarz\\\/#wooCommerceProduct\",\"name\":\"PP zonne-energie lamp Briony - zwart,\",\"url\":\"https:\\\/\\\/hidalgo.nl\\\/de\\\/product\\\/11041\\\/solarleuchte-briony-bedrucken-bewegungsmelder-20-led-schwarz\\\/\",\"sku\":\"A58-1204134-001999999\",\"image\":{\"@type\":\"ImageObject\",\"url\":\"https:\\\/\\\/shop.hidalgo.nl\\\/wp-content\\\/uploads\\\/2025\\\/05\\\/0ca6626b5b0ab6b09c31a70ce5b21be7e4054868bdbcaebb1728cdc174a15499.jpg\",\"@id\":\"https:\\\/\\\/hidalgo.nl\\\/de\\\/product\\\/11041\\\/solarleuchte-briony-bedrucken-bewegungsmelder-20-led-schwarz\\\/#productImage\",\"width\":762,\"height\":1000},\"offers\":{\"@type\":\"Offer\",\"url\":\"https:\\\/\\\/hidalgo.nl\\\/de\\\/product\\\/11041\\\/solarleuchte-briony-bedrucken-bewegungsmelder-20-led-schwarz\\\/#wooCommerceOffer\",\"price\":\"4.11\",\"priceCurrency\":\"EUR\",\"category\":\"Promotionele Artikelen\",\"availability\":\"https:\\\/\\\/schema.org\\\/InStock\",\"priceSpecification\":{\"@type\":\"PriceSpecification\",\"price\":4.11,\"priceCurrency\":\"EUR\",\"valueAddedTaxIncluded\":\"true\"}}}]},{\"@type\":\"WebPage\",\"@id\":\"https:\\\/\\\/hidalgo.nl\\\/de\\\/product\\\/11041\\\/solarleuchte-briony-bedrucken-bewegungsmelder-20-led-schwarz\\\/#webpage\",\"url\":\"https:\\\/\\\/hidalgo.nl\\\/de\\\/product\\\/11041\\\/solarleuchte-briony-bedrucken-bewegungsmelder-20-led-schwarz\\\/\",\"name\":\"Solarleuchte Briony bedrucken Bewegungsmelder 20 LED schwarz\",\"description\":\"Mit dieser Solarlampe mit Bewegungsmelder setzt du auf nachhaltige Beleuchtung & l\\u00e4sst die Briony einfach mit deinem Logo bedrucken. Dieser wetterfeste Werbeartikel eignet sich dank IP44-Schutz ideal f\\u00fcr deine Kunden, die Wert auf Funktionalit\\u00e4t und modernes Design im Au\\u00dfenbereich legen.\",\"inLanguage\":\"de-DE\",\"isPartOf\":{\"@id\":\"https:\\\/\\\/hidalgo.nl\\\/de\\\/#website\"},\"breadcrumb\":{\"@id\":\"https:\\\/\\\/hidalgo.nl\\\/de\\\/product\\\/11041\\\/solarleuchte-briony-bedrucken-bewegungsmelder-20-led-schwarz\\\/#breadcrumblist\"},\"image\":{\"@type\":\"ImageObject\",\"url\":\"https:\\\/\\\/shop.hidalgo.nl\\\/wp-content\\\/uploads\\\/2025\\\/05\\\/1a7992a6e767315476cfe98acf09ca75968d1a7b55d8f20445be4133a21932ad.jpg\",\"@id\":\"https:\\\/\\\/hidalgo.nl\\\/de\\\/product\\\/11041\\\/solarleuchte-briony-bedrucken-bewegungsmelder-20-led-schwarz\\\/#mainImage\",\"width\":842,\"height\":1000},\"primaryImageOfPage\":{\"@id\":\"https:\\\/\\\/hidalgo.nl\\\/de\\\/product\\\/11041\\\/solarleuchte-briony-bedrucken-bewegungsmelder-20-led-schwarz\\\/#mainImage\"},\"datePublished\":\"2025-07-03T10:20:57+00:00\",\"dateModified\":\"2026-03-15T15:38:24+00:00\"},{\"@type\":\"WebSite\",\"@id\":\"https:\\\/\\\/hidalgo.nl\\\/de\\\/#website\",\"url\":\"https:\\\/\\\/hidalgo.nl\\\/de\\\/\",\"name\":\"Hidalgo\",\"inLanguage\":\"de-DE\",\"publisher\":{\"@id\":\"https:\\\/\\\/hidalgo.nl\\\/de\\\/#organization\"}}]}\n\t\t<\/script>\n\t\t<!-- All in One SEO Pro -->\r\n\t\t<title>Solarleuchte Briony bedrucken Bewegungsmelder 20 LED schwarz<\/title>\n\n","aioseo_head_json":{"title":"Solarleuchte Briony bedrucken Bewegungsmelder 20 LED schwarz","description":"Mit dieser Solarlampe mit Bewegungsmelder setzt du auf nachhaltige Beleuchtung & l\u00e4sst die Briony einfach mit deinem Logo bedrucken. Dieser wetterfeste Werbeartikel eignet sich dank IP44-Schutz ideal f\u00fcr deine Kunden, die Wert auf Funktionalit\u00e4t und modernes Design im Au\u00dfenbereich legen.","canonical_url":"https:\/\/hidalgo.nl\/de\/wp-json\/wp\/v2\/product\/11041","robots":"max-image-preview:large","keywords":"","webmasterTools":{"miscellaneous":""},"schema":{"@context":"https:\/\/schema.org","@graph":[{"@type":"BreadcrumbList","@id":"https:\/\/hidalgo.nl\/de\/product\/11041\/solarleuchte-briony-bedrucken-bewegungsmelder-20-led-schwarz\/#breadcrumblist","itemListElement":[{"@type":"ListItem","@id":"https:\/\/hidalgo.nl\/de\/#listItem","position":1,"name":"Home","item":"https:\/\/hidalgo.nl\/de\/","nextItem":{"@type":"ListItem","@id":"https:\/\/hidalgo.nl\/example\/#listItem","name":"example"}},{"@type":"ListItem","@id":"https:\/\/hidalgo.nl\/example\/#listItem","position":2,"name":"example","item":"https:\/\/hidalgo.nl\/example\/","nextItem":{"@type":"ListItem","@id":"https:\/\/hidalgo.nl\/en\/product-supplier\/a58\/#listItem","name":"A58"},"previousItem":{"@type":"ListItem","@id":"https:\/\/hidalgo.nl\/de\/#listItem","name":"Home"}},{"@type":"ListItem","@id":"https:\/\/hidalgo.nl\/en\/product-supplier\/a58\/#listItem","position":3,"name":"A58","item":"https:\/\/hidalgo.nl\/en\/product-supplier\/a58\/","nextItem":{"@type":"ListItem","@id":"https:\/\/hidalgo.nl\/de\/product\/11041\/solarleuchte-briony-bedrucken-bewegungsmelder-20-led-schwarz\/#listItem","name":"PP zonne-energie lamp Briony"},"previousItem":{"@type":"ListItem","@id":"https:\/\/hidalgo.nl\/example\/#listItem","name":"example"}},{"@type":"ListItem","@id":"https:\/\/hidalgo.nl\/de\/product\/11041\/solarleuchte-briony-bedrucken-bewegungsmelder-20-led-schwarz\/#listItem","position":4,"name":"PP zonne-energie lamp Briony","previousItem":{"@type":"ListItem","@id":"https:\/\/hidalgo.nl\/en\/product-supplier\/a58\/#listItem","name":"A58"}}]},{"@type":"Organization","@id":"https:\/\/hidalgo.nl\/de\/#organization","name":"Hidalgo","url":"https:\/\/hidalgo.nl\/de\/","logo":{"@type":"ImageObject","url":"https:\/\/shop.hidalgo.nl\/wp-content\/uploads\/2025\/11\/cropped-Hidalgo-est1993.png","@id":"https:\/\/hidalgo.nl\/de\/product\/11041\/solarleuchte-briony-bedrucken-bewegungsmelder-20-led-schwarz\/#organizationLogo","width":585,"height":195},"image":{"@id":"https:\/\/hidalgo.nl\/de\/product\/11041\/solarleuchte-briony-bedrucken-bewegungsmelder-20-led-schwarz\/#organizationLogo"}},{"@type":"ProductGroup","@id":"https:\/\/hidalgo.nl\/de\/product\/11041\/solarleuchte-briony-bedrucken-bewegungsmelder-20-led-schwarz\/#wooCommerceProduct","name":"Solarleuchte Briony bedrucken Bewegungsmelder 20 LED schwarz","url":"https:\/\/hidalgo.nl\/de\/product\/11041\/solarleuchte-briony-bedrucken-bewegungsmelder-20-led-schwarz\/","brand":{"@type":"Brand","name":"IMPRESSION"},"sku":"A58-1204134","image":{"@type":"ImageObject","url":"https:\/\/shop.hidalgo.nl\/wp-content\/uploads\/2025\/05\/1a7992a6e767315476cfe98acf09ca75968d1a7b55d8f20445be4133a21932ad.jpg","@id":"https:\/\/hidalgo.nl\/de\/product\/11041\/solarleuchte-briony-bedrucken-bewegungsmelder-20-led-schwarz\/#productImage","width":842,"height":1000},"productGroupID":11041,"hasVariant":[{"@type":"Product","@id":"https:\/\/hidalgo.nl\/de\/product\/11041\/solarleuchte-briony-bedrucken-bewegungsmelder-20-led-schwarz\/#wooCommerceProduct","name":"PP zonne-energie lamp Briony - zwart,","url":"https:\/\/hidalgo.nl\/de\/product\/11041\/solarleuchte-briony-bedrucken-bewegungsmelder-20-led-schwarz\/","sku":"A58-1204134-001999999","image":{"@type":"ImageObject","url":"https:\/\/shop.hidalgo.nl\/wp-content\/uploads\/2025\/05\/0ca6626b5b0ab6b09c31a70ce5b21be7e4054868bdbcaebb1728cdc174a15499.jpg","@id":"https:\/\/hidalgo.nl\/de\/product\/11041\/solarleuchte-briony-bedrucken-bewegungsmelder-20-led-schwarz\/#productImage","width":762,"height":1000},"offers":{"@type":"Offer","url":"https:\/\/hidalgo.nl\/de\/product\/11041\/solarleuchte-briony-bedrucken-bewegungsmelder-20-led-schwarz\/#wooCommerceOffer","price":"4.11","priceCurrency":"EUR","category":"Promotionele Artikelen","availability":"https:\/\/schema.org\/InStock","priceSpecification":{"@type":"PriceSpecification","price":4.11,"priceCurrency":"EUR","valueAddedTaxIncluded":"true"}}}]},{"@type":"WebPage","@id":"https:\/\/hidalgo.nl\/de\/product\/11041\/solarleuchte-briony-bedrucken-bewegungsmelder-20-led-schwarz\/#webpage","url":"https:\/\/hidalgo.nl\/de\/product\/11041\/solarleuchte-briony-bedrucken-bewegungsmelder-20-led-schwarz\/","name":"Solarleuchte Briony bedrucken Bewegungsmelder 20 LED schwarz","description":"Mit dieser Solarlampe mit Bewegungsmelder setzt du auf nachhaltige Beleuchtung & l\u00e4sst die Briony einfach mit deinem Logo bedrucken. Dieser wetterfeste Werbeartikel eignet sich dank IP44-Schutz ideal f\u00fcr deine Kunden, die Wert auf Funktionalit\u00e4t und modernes Design im Au\u00dfenbereich legen.","inLanguage":"de-DE","isPartOf":{"@id":"https:\/\/hidalgo.nl\/de\/#website"},"breadcrumb":{"@id":"https:\/\/hidalgo.nl\/de\/product\/11041\/solarleuchte-briony-bedrucken-bewegungsmelder-20-led-schwarz\/#breadcrumblist"},"image":{"@type":"ImageObject","url":"https:\/\/shop.hidalgo.nl\/wp-content\/uploads\/2025\/05\/1a7992a6e767315476cfe98acf09ca75968d1a7b55d8f20445be4133a21932ad.jpg","@id":"https:\/\/hidalgo.nl\/de\/product\/11041\/solarleuchte-briony-bedrucken-bewegungsmelder-20-led-schwarz\/#mainImage","width":842,"height":1000},"primaryImageOfPage":{"@id":"https:\/\/hidalgo.nl\/de\/product\/11041\/solarleuchte-briony-bedrucken-bewegungsmelder-20-led-schwarz\/#mainImage"},"datePublished":"2025-07-03T10:20:57+00:00","dateModified":"2026-03-15T15:38:24+00:00"},{"@type":"WebSite","@id":"https:\/\/hidalgo.nl\/de\/#website","url":"https:\/\/hidalgo.nl\/de\/","name":"Hidalgo","inLanguage":"de-DE","publisher":{"@id":"https:\/\/hidalgo.nl\/de\/#organization"}}]},"og:locale":"de_DE","og:site_name":"Hidalgo -","og:type":"article","og:title":"Solarleuchte Briony bedrucken Bewegungsmelder 20 LED schwarz","og:description":"Mit dieser Solarlampe mit Bewegungsmelder setzt du auf nachhaltige Beleuchtung &amp; l\u00e4sst die Briony einfach mit deinem Logo bedrucken. Dieser wetterfeste Werbeartikel eignet sich dank IP44-Schutz ideal f\u00fcr deine Kunden, die Wert auf Funktionalit\u00e4t und modernes Design im Au\u00dfenbereich legen.","og:url":"https:\/\/hidalgo.nl\/de\/wp-json\/wp\/v2\/product\/11041","og:image":"https:\/\/shop.hidalgo.nl\/wp-content\/uploads\/2025\/11\/cropped-Hidalgo-est1993.png","og:image:secure_url":"https:\/\/shop.hidalgo.nl\/wp-content\/uploads\/2025\/11\/cropped-Hidalgo-est1993.png","article:published_time":"2025-07-03T10:20:57+00:00","article:modified_time":"2026-03-15T15:38:24+00:00","twitter:card":"summary_large_image","twitter:title":"Solarleuchte Briony bedrucken Bewegungsmelder 20 LED schwarz","twitter:description":"Mit dieser Solarlampe mit Bewegungsmelder setzt du auf nachhaltige Beleuchtung &amp; l\u00e4sst die Briony einfach mit deinem Logo bedrucken. Dieser wetterfeste Werbeartikel eignet sich dank IP44-Schutz ideal f\u00fcr deine Kunden, die Wert auf Funktionalit\u00e4t und modernes Design im Au\u00dfenbereich legen.","twitter:image":"https:\/\/shop.hidalgo.nl\/wp-content\/uploads\/2025\/11\/cropped-Hidalgo-est1993.png"},"aioseo_meta_data":{"post_id":"11041","title":null,"description":null,"keywords":null,"keyphrases":null,"primary_term":null,"canonical_url":null,"og_title":null,"og_description":null,"og_object_type":"default","og_image_type":"default","og_image_url":null,"og_image_width":null,"og_image_height":null,"og_image_custom_url":null,"og_image_custom_fields":null,"og_video":null,"og_custom_url":null,"og_article_section":null,"og_article_tags":null,"twitter_use_og":false,"twitter_card":"default","twitter_image_type":"default","twitter_image_url":null,"twitter_image_custom_url":null,"twitter_image_custom_fields":null,"twitter_title":null,"twitter_description":null,"schema":{"blockGraphs":[],"customGraphs":[],"default":{"data":{"Article":[],"Course":[],"Dataset":[],"FAQPage":[],"Movie":[],"Person":[],"Product":[],"ProductReview":[],"Car":[],"Recipe":[],"Service":[],"SoftwareApplication":[],"WebPage":[]},"graphName":"","isEnabled":true},"graphs":[]},"schema_type":"default","schema_type_options":null,"pillar_content":false,"robots_default":true,"robots_noindex":false,"robots_noarchive":false,"robots_nosnippet":false,"robots_nofollow":false,"robots_noimageindex":false,"robots_noodp":false,"robots_notranslate":false,"robots_max_snippet":null,"robots_max_videopreview":null,"robots_max_imagepreview":"large","priority":null,"frequency":null,"local_seo":null,"seo_analyzer_scan_date":"2026-01-20 10:08:36","breadcrumb_settings":null,"limit_modified_date":false,"reviewed_by":null,"open_ai":null,"ai":null,"created":"2026-01-14 06:17:37","updated":"2026-04-22 16:15:54"},"aioseo_breadcrumb":"<div class=\"aioseo-breadcrumbs\"><span class=\"aioseo-breadcrumb\">\n\t<a href=\"https:\/\/hidalgo.nl\/de\/\" title=\"Home\">Home<\/a>\n<\/span><span class=\"aioseo-breadcrumb-separator\">\u00bb<\/span><span class=\"aioseo-breadcrumb\">\n\t<a href=\"https:\/\/hidalgo.nl\/example\/\" title=\"example\">example<\/a>\n<\/span><span class=\"aioseo-breadcrumb-separator\">\u00bb<\/span><span class=\"aioseo-breadcrumb\">\n\t<a href=\"https:\/\/hidalgo.nl\/en\/product-supplier\/a58\/\" title=\"A58\">A58<\/a>\n<\/span><span class=\"aioseo-breadcrumb-separator\">\u00bb<\/span><span class=\"aioseo-breadcrumb\">\n\tPP zonne-energie lamp Briony\n<\/span><\/div>","aioseo_breadcrumb_json":[{"label":"Home","link":"https:\/\/hidalgo.nl\/de\/"},{"label":"example","link":"https:\/\/hidalgo.nl\/example\/"},{"label":"A58","link":"https:\/\/hidalgo.nl\/en\/product-supplier\/a58\/"},{"label":"PP zonne-energie lamp Briony","link":"https:\/\/hidalgo.nl\/de\/product\/11041\/solarleuchte-briony-bedrucken-bewegungsmelder-20-led-schwarz\/"}],"_links":{"self":[{"href":"https:\/\/hidalgo.nl\/de\/wp-json\/wp\/v2\/product\/11041","targetHints":{"allow":["GET"]}}],"collection":[{"href":"https:\/\/hidalgo.nl\/de\/wp-json\/wp\/v2\/product"}],"about":[{"href":"https:\/\/hidalgo.nl\/de\/wp-json\/wp\/v2\/types\/product"}],"wp:featuredmedia":[{"embeddable":true,"href":"https:\/\/hidalgo.nl\/de\/wp-json\/wp\/v2\/media\/11042"}],"wp:attachment":[{"href":"https:\/\/hidalgo.nl\/de\/wp-json\/wp\/v2\/media?parent=11041"}],"wp:term":[{"taxonomy":"product_brand","embeddable":true,"href":"https:\/\/hidalgo.nl\/de\/wp-json\/wp\/v2\/product_brand?post=11041"},{"taxonomy":"product_cat","embeddable":true,"href":"https:\/\/hidalgo.nl\/de\/wp-json\/wp\/v2\/product_cat?post=11041"},{"taxonomy":"product_tag","embeddable":true,"href":"https:\/\/hidalgo.nl\/de\/wp-json\/wp\/v2\/product_tag?post=11041"}],"curies":[{"name":"wp","href":"https:\/\/api.w.org\/{rel}","templated":true}]}}