{"id":10861,"date":"2025-07-03T10:18:38","date_gmt":"2025-07-03T10:18:38","guid":{"rendered":"http:\/\/bidonsenshakers.pim.hidalgo.nl\/product\/abs-outdoor-luidspreker-lynette\/"},"modified":"2026-03-15T15:33:52","modified_gmt":"2026-03-15T15:33:52","slug":"abs-outdoor-luidspreker-lynette","status":"publish","type":"product","link":"https:\/\/hidalgo.nl\/de\/product\/10861\/abs-outdoor-lautsprecher-lynette-bedrucken-ipx6-rgb-5w\/","title":{"rendered":"ABS outdoor luidspreker Lynette"},"content":{"rendered":"<p>ABS en PS outdoor luidspreker met meerdere RGB-lichtmodi. IPX6-gecertificeerd. 5W output, DC 5V input, 1.200mAh ingebouwde oplaadbare batterij, en 3,5 uur speeltijd. Werkafstand van 15-20 meter, signaal-ruisverhouding van 87 dB. Frequentiebereik: 100 Hz tot 20 kHz. Inclusief 30 cm Type-C oplaadkabel. Draadloze verbindingstechnologie: 4.2. Per stuk verpakt in een bruin kartonnen doos.<\/p>\n","protected":false},"excerpt":{"rendered":"<p>ABS en PS outdoor luidspreker met meerdere RGB-lichtmodi. IPX6-gecertificeerd. 5W output, DC 5V input, 1.200mAh ingebouwde oplaadbare batterij, en 3,5 uur speeltijd. Werkafstand van 15-20 meter, signaal-ruisverhouding van 87 dB. Frequentiebereik: 100 Hz tot 20 kHz. Inclusief 30 cm Type-C oplaadkabel. Draadloze verbindingstechnologie: 4.2. Per stuk verpakt in een bruin kartonnen doos.<\/p>\n","protected":false},"featured_media":10862,"template":"","meta":{"_acf_changed":false,"om_disable_all_campaigns":false,"_monsterinsights_skip_tracking":false,"_monsterinsights_sitenote_active":false,"_monsterinsights_sitenote_note":"","_monsterinsights_sitenote_category":0},"product_brand":[49],"product_cat":[4720,4719,2846],"product_tag":[],"class_list":{"0":"post-10861","1":"product","2":"type-product","3":"status-publish","4":"has-post-thumbnail","6":"product_supplier-a58","7":"product_material-abs","8":"product_material-ps","9":"product_brand-impression","10":"product_cat-promotionele-artikelen-elektronica-en-gadgets","11":"product_cat-promotionele-artikelen","12":"product_cat-promotionele-artikelen-elektronica-en-gadgets-speakers","13":"entry","15":"first","16":"instock","17":"taxable","18":"shipping-taxable","19":"purchasable","20":"product-type-variable"},"acf":{"imprint_cost":[{"imprint_cost_key":"7efb816730189a2d0bd51e429da09c00f9cae5e5","product_quantity_price_range":[{"imprint_cost_recommended_selling_price":"1.46","imprint_cost_recommended_selling_quantity":"1"},{"imprint_cost_recommended_selling_price":"1.29","imprint_cost_recommended_selling_quantity":"25"},{"imprint_cost_recommended_selling_price":"1.14","imprint_cost_recommended_selling_quantity":"50"},{"imprint_cost_recommended_selling_price":"0.97","imprint_cost_recommended_selling_quantity":"100"},{"imprint_cost_recommended_selling_price":"0.82","imprint_cost_recommended_selling_quantity":"250"},{"imprint_cost_recommended_selling_price":"0.75","imprint_cost_recommended_selling_quantity":"500"},{"imprint_cost_recommended_selling_price":"0.68","imprint_cost_recommended_selling_quantity":"1000"},{"imprint_cost_recommended_selling_price":"0.63","imprint_cost_recommended_selling_quantity":"2500"},{"imprint_cost_recommended_selling_price":"0.58","imprint_cost_recommended_selling_quantity":"5000"}],"product_quantity_price_range_buying":false,"imprint_cost_setup_costs":"60.77","imprint_cost_handling_costs":"0.2"},{"imprint_cost_key":"ef197f297df5917e151c53dcb413a838dae6ba74","product_quantity_price_range":[{"imprint_cost_recommended_selling_price":"5.91","imprint_cost_recommended_selling_quantity":"1"},{"imprint_cost_recommended_selling_price":"2.97","imprint_cost_recommended_selling_quantity":"25"},{"imprint_cost_recommended_selling_price":"1.49","imprint_cost_recommended_selling_quantity":"50"},{"imprint_cost_recommended_selling_price":"0.69","imprint_cost_recommended_selling_quantity":"100"},{"imprint_cost_recommended_selling_price":"0.55","imprint_cost_recommended_selling_quantity":"250"},{"imprint_cost_recommended_selling_price":"0.43","imprint_cost_recommended_selling_quantity":"500"},{"imprint_cost_recommended_selling_price":"0.4","imprint_cost_recommended_selling_quantity":"1000"},{"imprint_cost_recommended_selling_price":"0.35","imprint_cost_recommended_selling_quantity":"2500"},{"imprint_cost_recommended_selling_price":"0.34","imprint_cost_recommended_selling_quantity":"5000"},{"imprint_cost_recommended_selling_price":"0.32","imprint_cost_recommended_selling_quantity":"10000"}],"product_quantity_price_range_buying":false,"imprint_cost_setup_costs":"52.31","imprint_cost_handling_costs":"0.2"},{"imprint_cost_key":"5ddf82e5acfbee0ef337227be5d1cb92d0a1d111","product_quantity_price_range":[{"imprint_cost_recommended_selling_price":"2.6","imprint_cost_recommended_selling_quantity":"1"},{"imprint_cost_recommended_selling_price":"2.28","imprint_cost_recommended_selling_quantity":"25"},{"imprint_cost_recommended_selling_price":"1.95","imprint_cost_recommended_selling_quantity":"50"},{"imprint_cost_recommended_selling_price":"1.63","imprint_cost_recommended_selling_quantity":"100"},{"imprint_cost_recommended_selling_price":"1.38","imprint_cost_recommended_selling_quantity":"250"},{"imprint_cost_recommended_selling_price":"1.14","imprint_cost_recommended_selling_quantity":"500"},{"imprint_cost_recommended_selling_price":"1.06","imprint_cost_recommended_selling_quantity":"1000"},{"imprint_cost_recommended_selling_price":"0.98","imprint_cost_recommended_selling_quantity":"2500"},{"imprint_cost_recommended_selling_price":"0.92","imprint_cost_recommended_selling_quantity":"5000"}],"product_quantity_price_range_buying":false,"imprint_cost_setup_costs":"60.77","imprint_cost_handling_costs":"0.2"}]},"aioseo_notices":[],"aioseo_head":"\n\t\t<!-- All in One SEO Pro 4.9.6.2 - aioseo.com -->\n\t<meta name=\"description\" content=\"Mit dieser Bluetooth Box mit RGB Licht bedrucken wir dein Logo direkt auf das robuste Geh\u00e4use f\u00fcr einen auff\u00e4lligen Markenauftritt. Du erh\u00e4ltst bei Hidalgo wasserdichte Lautsprecher IPX6 f\u00fcr Events, die durch satten Sound und dynamische Farbeffekte deine Zielgruppe begeistern.\" \/>\n\t<meta name=\"robots\" content=\"max-image-preview:large\" \/>\n\t<link rel=\"canonical\" href=\"https:\/\/hidalgo.nl\/de\/wp-json\/wp\/v2\/product\/10861\" \/>\n\t<meta name=\"generator\" content=\"All in One SEO Pro (AIOSEO) 4.9.6.2\" \/>\n\t\t<meta property=\"og:locale\" content=\"de_DE\" \/>\n\t\t<meta property=\"og:site_name\" content=\"Hidalgo -\" \/>\n\t\t<meta property=\"og:type\" content=\"article\" \/>\n\t\t<meta property=\"og:title\" content=\"ABS Outdoor Lautsprecher Lynette bedrucken IPX6 RGB 5W\" \/>\n\t\t<meta property=\"og:description\" content=\"Mit dieser Bluetooth Box mit RGB Licht bedrucken wir dein Logo direkt auf das robuste Geh\u00e4use f\u00fcr einen auff\u00e4lligen Markenauftritt. Du erh\u00e4ltst bei Hidalgo wasserdichte Lautsprecher IPX6 f\u00fcr Events, die durch satten Sound und dynamische Farbeffekte deine Zielgruppe begeistern.\" \/>\n\t\t<meta property=\"og:url\" content=\"https:\/\/hidalgo.nl\/de\/wp-json\/wp\/v2\/product\/10861\" \/>\n\t\t<meta property=\"og:image\" content=\"https:\/\/shop.hidalgo.nl\/wp-content\/uploads\/2025\/11\/cropped-Hidalgo-est1993.png\" \/>\n\t\t<meta property=\"og:image:secure_url\" content=\"https:\/\/shop.hidalgo.nl\/wp-content\/uploads\/2025\/11\/cropped-Hidalgo-est1993.png\" \/>\n\t\t<meta property=\"article:published_time\" content=\"2025-07-03T10:18:38+00:00\" \/>\n\t\t<meta property=\"article:modified_time\" content=\"2026-03-15T15:33:52+00:00\" \/>\n\t\t<meta name=\"twitter:card\" content=\"summary_large_image\" \/>\n\t\t<meta name=\"twitter:title\" content=\"ABS Outdoor Lautsprecher Lynette bedrucken IPX6 RGB 5W\" \/>\n\t\t<meta name=\"twitter:description\" content=\"Mit dieser Bluetooth Box mit RGB Licht bedrucken wir dein Logo direkt auf das robuste Geh\u00e4use f\u00fcr einen auff\u00e4lligen Markenauftritt. Du erh\u00e4ltst bei Hidalgo wasserdichte Lautsprecher IPX6 f\u00fcr Events, die durch satten Sound und dynamische Farbeffekte deine Zielgruppe begeistern.\" \/>\n\t\t<meta name=\"twitter:image\" content=\"https:\/\/shop.hidalgo.nl\/wp-content\/uploads\/2025\/11\/cropped-Hidalgo-est1993.png\" \/>\n\t\t<script type=\"application\/ld+json\" class=\"aioseo-schema\">\n\t\t\t{\"@context\":\"https:\\\/\\\/schema.org\",\"@graph\":[{\"@type\":\"BreadcrumbList\",\"@id\":\"https:\\\/\\\/hidalgo.nl\\\/de\\\/product\\\/10861\\\/abs-outdoor-lautsprecher-lynette-bedrucken-ipx6-rgb-5w\\\/#breadcrumblist\",\"itemListElement\":[{\"@type\":\"ListItem\",\"@id\":\"https:\\\/\\\/hidalgo.nl\\\/de\\\/#listItem\",\"position\":1,\"name\":\"Home\",\"item\":\"https:\\\/\\\/hidalgo.nl\\\/de\\\/\",\"nextItem\":{\"@type\":\"ListItem\",\"@id\":\"https:\\\/\\\/hidalgo.nl\\\/example\\\/#listItem\",\"name\":\"example\"}},{\"@type\":\"ListItem\",\"@id\":\"https:\\\/\\\/hidalgo.nl\\\/example\\\/#listItem\",\"position\":2,\"name\":\"example\",\"item\":\"https:\\\/\\\/hidalgo.nl\\\/example\\\/\",\"nextItem\":{\"@type\":\"ListItem\",\"@id\":\"https:\\\/\\\/hidalgo.nl\\\/en\\\/product-supplier\\\/a58\\\/#listItem\",\"name\":\"A58\"},\"previousItem\":{\"@type\":\"ListItem\",\"@id\":\"https:\\\/\\\/hidalgo.nl\\\/de\\\/#listItem\",\"name\":\"Home\"}},{\"@type\":\"ListItem\",\"@id\":\"https:\\\/\\\/hidalgo.nl\\\/en\\\/product-supplier\\\/a58\\\/#listItem\",\"position\":3,\"name\":\"A58\",\"item\":\"https:\\\/\\\/hidalgo.nl\\\/en\\\/product-supplier\\\/a58\\\/\",\"nextItem\":{\"@type\":\"ListItem\",\"@id\":\"https:\\\/\\\/hidalgo.nl\\\/de\\\/product\\\/10861\\\/abs-outdoor-lautsprecher-lynette-bedrucken-ipx6-rgb-5w\\\/#listItem\",\"name\":\"ABS outdoor luidspreker Lynette\"},\"previousItem\":{\"@type\":\"ListItem\",\"@id\":\"https:\\\/\\\/hidalgo.nl\\\/example\\\/#listItem\",\"name\":\"example\"}},{\"@type\":\"ListItem\",\"@id\":\"https:\\\/\\\/hidalgo.nl\\\/de\\\/product\\\/10861\\\/abs-outdoor-lautsprecher-lynette-bedrucken-ipx6-rgb-5w\\\/#listItem\",\"position\":4,\"name\":\"ABS outdoor luidspreker Lynette\",\"previousItem\":{\"@type\":\"ListItem\",\"@id\":\"https:\\\/\\\/hidalgo.nl\\\/en\\\/product-supplier\\\/a58\\\/#listItem\",\"name\":\"A58\"}}]},{\"@type\":\"Organization\",\"@id\":\"https:\\\/\\\/hidalgo.nl\\\/de\\\/#organization\",\"name\":\"Hidalgo\",\"url\":\"https:\\\/\\\/hidalgo.nl\\\/de\\\/\",\"logo\":{\"@type\":\"ImageObject\",\"url\":\"https:\\\/\\\/shop.hidalgo.nl\\\/wp-content\\\/uploads\\\/2025\\\/11\\\/cropped-Hidalgo-est1993.png\",\"@id\":\"https:\\\/\\\/hidalgo.nl\\\/de\\\/product\\\/10861\\\/abs-outdoor-lautsprecher-lynette-bedrucken-ipx6-rgb-5w\\\/#organizationLogo\",\"width\":585,\"height\":195},\"image\":{\"@id\":\"https:\\\/\\\/hidalgo.nl\\\/de\\\/product\\\/10861\\\/abs-outdoor-lautsprecher-lynette-bedrucken-ipx6-rgb-5w\\\/#organizationLogo\"}},{\"@type\":\"ProductGroup\",\"@id\":\"https:\\\/\\\/hidalgo.nl\\\/de\\\/product\\\/10861\\\/abs-outdoor-lautsprecher-lynette-bedrucken-ipx6-rgb-5w\\\/#wooCommerceProduct\",\"name\":\"ABS Outdoor Lautsprecher Lynette bedrucken IPX6 RGB 5W\",\"url\":\"https:\\\/\\\/hidalgo.nl\\\/de\\\/product\\\/10861\\\/abs-outdoor-lautsprecher-lynette-bedrucken-ipx6-rgb-5w\\\/\",\"brand\":{\"@type\":\"Brand\",\"name\":\"IMPRESSION\"},\"sku\":\"A58-1172691\",\"image\":{\"@type\":\"ImageObject\",\"url\":\"https:\\\/\\\/shop.hidalgo.nl\\\/wp-content\\\/uploads\\\/2025\\\/05\\\/6af5ec1dd61ce4a16199fa81e19ea7dbf7c178eda528592e318fd7983a210410.jpg\",\"@id\":\"https:\\\/\\\/hidalgo.nl\\\/de\\\/product\\\/10861\\\/abs-outdoor-lautsprecher-lynette-bedrucken-ipx6-rgb-5w\\\/#productImage\",\"width\":473,\"height\":1000},\"productGroupID\":10861,\"hasVariant\":[{\"@type\":\"Product\",\"@id\":\"https:\\\/\\\/hidalgo.nl\\\/de\\\/product\\\/10861\\\/abs-outdoor-lautsprecher-lynette-bedrucken-ipx6-rgb-5w\\\/#wooCommerceProduct\",\"name\":\"ABS outdoor luidspreker Lynette - multicolor,\",\"url\":\"https:\\\/\\\/hidalgo.nl\\\/de\\\/product\\\/10861\\\/abs-outdoor-lautsprecher-lynette-bedrucken-ipx6-rgb-5w\\\/\",\"sku\":\"A58-1172691-009999999\",\"gtin\":\"8719446070929\",\"image\":{\"@type\":\"ImageObject\",\"url\":\"https:\\\/\\\/shop.hidalgo.nl\\\/wp-content\\\/uploads\\\/2025\\\/05\\\/a2be3e118fcf0f3ddf7f4995a078b13385062358bf63edcfffada051d7b4a3f8.jpg\",\"@id\":\"https:\\\/\\\/hidalgo.nl\\\/de\\\/product\\\/10861\\\/abs-outdoor-lautsprecher-lynette-bedrucken-ipx6-rgb-5w\\\/#productImage\",\"width\":486,\"height\":1000},\"offers\":{\"@type\":\"Offer\",\"url\":\"https:\\\/\\\/hidalgo.nl\\\/de\\\/product\\\/10861\\\/abs-outdoor-lautsprecher-lynette-bedrucken-ipx6-rgb-5w\\\/#wooCommerceOffer\",\"price\":\"22.64\",\"priceCurrency\":\"EUR\",\"category\":\"Promotionele Artikelen\",\"availability\":\"https:\\\/\\\/schema.org\\\/InStock\",\"priceSpecification\":{\"@type\":\"PriceSpecification\",\"price\":22.64,\"priceCurrency\":\"EUR\",\"valueAddedTaxIncluded\":\"true\"}}}]},{\"@type\":\"WebPage\",\"@id\":\"https:\\\/\\\/hidalgo.nl\\\/de\\\/product\\\/10861\\\/abs-outdoor-lautsprecher-lynette-bedrucken-ipx6-rgb-5w\\\/#webpage\",\"url\":\"https:\\\/\\\/hidalgo.nl\\\/de\\\/product\\\/10861\\\/abs-outdoor-lautsprecher-lynette-bedrucken-ipx6-rgb-5w\\\/\",\"name\":\"ABS Outdoor Lautsprecher Lynette bedrucken IPX6 RGB 5W\",\"description\":\"Mit dieser Bluetooth Box mit RGB Licht bedrucken wir dein Logo direkt auf das robuste Geh\\u00e4use f\\u00fcr einen auff\\u00e4lligen Markenauftritt. Du erh\\u00e4ltst bei Hidalgo wasserdichte Lautsprecher IPX6 f\\u00fcr Events, die durch satten Sound und dynamische Farbeffekte deine Zielgruppe begeistern.\",\"inLanguage\":\"de-DE\",\"isPartOf\":{\"@id\":\"https:\\\/\\\/hidalgo.nl\\\/de\\\/#website\"},\"breadcrumb\":{\"@id\":\"https:\\\/\\\/hidalgo.nl\\\/de\\\/product\\\/10861\\\/abs-outdoor-lautsprecher-lynette-bedrucken-ipx6-rgb-5w\\\/#breadcrumblist\"},\"image\":{\"@type\":\"ImageObject\",\"url\":\"https:\\\/\\\/shop.hidalgo.nl\\\/wp-content\\\/uploads\\\/2025\\\/05\\\/6af5ec1dd61ce4a16199fa81e19ea7dbf7c178eda528592e318fd7983a210410.jpg\",\"@id\":\"https:\\\/\\\/hidalgo.nl\\\/de\\\/product\\\/10861\\\/abs-outdoor-lautsprecher-lynette-bedrucken-ipx6-rgb-5w\\\/#mainImage\",\"width\":473,\"height\":1000},\"primaryImageOfPage\":{\"@id\":\"https:\\\/\\\/hidalgo.nl\\\/de\\\/product\\\/10861\\\/abs-outdoor-lautsprecher-lynette-bedrucken-ipx6-rgb-5w\\\/#mainImage\"},\"datePublished\":\"2025-07-03T10:18:38+00:00\",\"dateModified\":\"2026-03-15T15:33:52+00:00\"},{\"@type\":\"WebSite\",\"@id\":\"https:\\\/\\\/hidalgo.nl\\\/de\\\/#website\",\"url\":\"https:\\\/\\\/hidalgo.nl\\\/de\\\/\",\"name\":\"Hidalgo\",\"inLanguage\":\"de-DE\",\"publisher\":{\"@id\":\"https:\\\/\\\/hidalgo.nl\\\/de\\\/#organization\"}}]}\n\t\t<\/script>\n\t\t<!-- All in One SEO Pro -->\r\n\t\t<title>ABS Outdoor Lautsprecher Lynette bedrucken IPX6 RGB 5W<\/title>\n\n","aioseo_head_json":{"title":"ABS Outdoor Lautsprecher Lynette bedrucken IPX6 RGB 5W","description":"Mit dieser Bluetooth Box mit RGB Licht bedrucken wir dein Logo direkt auf das robuste Geh\u00e4use f\u00fcr einen auff\u00e4lligen Markenauftritt. Du erh\u00e4ltst bei Hidalgo wasserdichte Lautsprecher IPX6 f\u00fcr Events, die durch satten Sound und dynamische Farbeffekte deine Zielgruppe begeistern.","canonical_url":"https:\/\/hidalgo.nl\/de\/wp-json\/wp\/v2\/product\/10861","robots":"max-image-preview:large","keywords":"","webmasterTools":{"miscellaneous":""},"schema":{"@context":"https:\/\/schema.org","@graph":[{"@type":"BreadcrumbList","@id":"https:\/\/hidalgo.nl\/de\/product\/10861\/abs-outdoor-lautsprecher-lynette-bedrucken-ipx6-rgb-5w\/#breadcrumblist","itemListElement":[{"@type":"ListItem","@id":"https:\/\/hidalgo.nl\/de\/#listItem","position":1,"name":"Home","item":"https:\/\/hidalgo.nl\/de\/","nextItem":{"@type":"ListItem","@id":"https:\/\/hidalgo.nl\/example\/#listItem","name":"example"}},{"@type":"ListItem","@id":"https:\/\/hidalgo.nl\/example\/#listItem","position":2,"name":"example","item":"https:\/\/hidalgo.nl\/example\/","nextItem":{"@type":"ListItem","@id":"https:\/\/hidalgo.nl\/en\/product-supplier\/a58\/#listItem","name":"A58"},"previousItem":{"@type":"ListItem","@id":"https:\/\/hidalgo.nl\/de\/#listItem","name":"Home"}},{"@type":"ListItem","@id":"https:\/\/hidalgo.nl\/en\/product-supplier\/a58\/#listItem","position":3,"name":"A58","item":"https:\/\/hidalgo.nl\/en\/product-supplier\/a58\/","nextItem":{"@type":"ListItem","@id":"https:\/\/hidalgo.nl\/de\/product\/10861\/abs-outdoor-lautsprecher-lynette-bedrucken-ipx6-rgb-5w\/#listItem","name":"ABS outdoor luidspreker Lynette"},"previousItem":{"@type":"ListItem","@id":"https:\/\/hidalgo.nl\/example\/#listItem","name":"example"}},{"@type":"ListItem","@id":"https:\/\/hidalgo.nl\/de\/product\/10861\/abs-outdoor-lautsprecher-lynette-bedrucken-ipx6-rgb-5w\/#listItem","position":4,"name":"ABS outdoor luidspreker Lynette","previousItem":{"@type":"ListItem","@id":"https:\/\/hidalgo.nl\/en\/product-supplier\/a58\/#listItem","name":"A58"}}]},{"@type":"Organization","@id":"https:\/\/hidalgo.nl\/de\/#organization","name":"Hidalgo","url":"https:\/\/hidalgo.nl\/de\/","logo":{"@type":"ImageObject","url":"https:\/\/shop.hidalgo.nl\/wp-content\/uploads\/2025\/11\/cropped-Hidalgo-est1993.png","@id":"https:\/\/hidalgo.nl\/de\/product\/10861\/abs-outdoor-lautsprecher-lynette-bedrucken-ipx6-rgb-5w\/#organizationLogo","width":585,"height":195},"image":{"@id":"https:\/\/hidalgo.nl\/de\/product\/10861\/abs-outdoor-lautsprecher-lynette-bedrucken-ipx6-rgb-5w\/#organizationLogo"}},{"@type":"ProductGroup","@id":"https:\/\/hidalgo.nl\/de\/product\/10861\/abs-outdoor-lautsprecher-lynette-bedrucken-ipx6-rgb-5w\/#wooCommerceProduct","name":"ABS Outdoor Lautsprecher Lynette bedrucken IPX6 RGB 5W","url":"https:\/\/hidalgo.nl\/de\/product\/10861\/abs-outdoor-lautsprecher-lynette-bedrucken-ipx6-rgb-5w\/","brand":{"@type":"Brand","name":"IMPRESSION"},"sku":"A58-1172691","image":{"@type":"ImageObject","url":"https:\/\/shop.hidalgo.nl\/wp-content\/uploads\/2025\/05\/6af5ec1dd61ce4a16199fa81e19ea7dbf7c178eda528592e318fd7983a210410.jpg","@id":"https:\/\/hidalgo.nl\/de\/product\/10861\/abs-outdoor-lautsprecher-lynette-bedrucken-ipx6-rgb-5w\/#productImage","width":473,"height":1000},"productGroupID":10861,"hasVariant":[{"@type":"Product","@id":"https:\/\/hidalgo.nl\/de\/product\/10861\/abs-outdoor-lautsprecher-lynette-bedrucken-ipx6-rgb-5w\/#wooCommerceProduct","name":"ABS outdoor luidspreker Lynette - multicolor,","url":"https:\/\/hidalgo.nl\/de\/product\/10861\/abs-outdoor-lautsprecher-lynette-bedrucken-ipx6-rgb-5w\/","sku":"A58-1172691-009999999","gtin":"8719446070929","image":{"@type":"ImageObject","url":"https:\/\/shop.hidalgo.nl\/wp-content\/uploads\/2025\/05\/a2be3e118fcf0f3ddf7f4995a078b13385062358bf63edcfffada051d7b4a3f8.jpg","@id":"https:\/\/hidalgo.nl\/de\/product\/10861\/abs-outdoor-lautsprecher-lynette-bedrucken-ipx6-rgb-5w\/#productImage","width":486,"height":1000},"offers":{"@type":"Offer","url":"https:\/\/hidalgo.nl\/de\/product\/10861\/abs-outdoor-lautsprecher-lynette-bedrucken-ipx6-rgb-5w\/#wooCommerceOffer","price":"22.64","priceCurrency":"EUR","category":"Promotionele Artikelen","availability":"https:\/\/schema.org\/InStock","priceSpecification":{"@type":"PriceSpecification","price":22.64,"priceCurrency":"EUR","valueAddedTaxIncluded":"true"}}}]},{"@type":"WebPage","@id":"https:\/\/hidalgo.nl\/de\/product\/10861\/abs-outdoor-lautsprecher-lynette-bedrucken-ipx6-rgb-5w\/#webpage","url":"https:\/\/hidalgo.nl\/de\/product\/10861\/abs-outdoor-lautsprecher-lynette-bedrucken-ipx6-rgb-5w\/","name":"ABS Outdoor Lautsprecher Lynette bedrucken IPX6 RGB 5W","description":"Mit dieser Bluetooth Box mit RGB Licht bedrucken wir dein Logo direkt auf das robuste Geh\u00e4use f\u00fcr einen auff\u00e4lligen Markenauftritt. Du erh\u00e4ltst bei Hidalgo wasserdichte Lautsprecher IPX6 f\u00fcr Events, die durch satten Sound und dynamische Farbeffekte deine Zielgruppe begeistern.","inLanguage":"de-DE","isPartOf":{"@id":"https:\/\/hidalgo.nl\/de\/#website"},"breadcrumb":{"@id":"https:\/\/hidalgo.nl\/de\/product\/10861\/abs-outdoor-lautsprecher-lynette-bedrucken-ipx6-rgb-5w\/#breadcrumblist"},"image":{"@type":"ImageObject","url":"https:\/\/shop.hidalgo.nl\/wp-content\/uploads\/2025\/05\/6af5ec1dd61ce4a16199fa81e19ea7dbf7c178eda528592e318fd7983a210410.jpg","@id":"https:\/\/hidalgo.nl\/de\/product\/10861\/abs-outdoor-lautsprecher-lynette-bedrucken-ipx6-rgb-5w\/#mainImage","width":473,"height":1000},"primaryImageOfPage":{"@id":"https:\/\/hidalgo.nl\/de\/product\/10861\/abs-outdoor-lautsprecher-lynette-bedrucken-ipx6-rgb-5w\/#mainImage"},"datePublished":"2025-07-03T10:18:38+00:00","dateModified":"2026-03-15T15:33:52+00:00"},{"@type":"WebSite","@id":"https:\/\/hidalgo.nl\/de\/#website","url":"https:\/\/hidalgo.nl\/de\/","name":"Hidalgo","inLanguage":"de-DE","publisher":{"@id":"https:\/\/hidalgo.nl\/de\/#organization"}}]},"og:locale":"de_DE","og:site_name":"Hidalgo -","og:type":"article","og:title":"ABS Outdoor Lautsprecher Lynette bedrucken IPX6 RGB 5W","og:description":"Mit dieser Bluetooth Box mit RGB Licht bedrucken wir dein Logo direkt auf das robuste Geh\u00e4use f\u00fcr einen auff\u00e4lligen Markenauftritt. Du erh\u00e4ltst bei Hidalgo wasserdichte Lautsprecher IPX6 f\u00fcr Events, die durch satten Sound und dynamische Farbeffekte deine Zielgruppe begeistern.","og:url":"https:\/\/hidalgo.nl\/de\/wp-json\/wp\/v2\/product\/10861","og:image":"https:\/\/shop.hidalgo.nl\/wp-content\/uploads\/2025\/11\/cropped-Hidalgo-est1993.png","og:image:secure_url":"https:\/\/shop.hidalgo.nl\/wp-content\/uploads\/2025\/11\/cropped-Hidalgo-est1993.png","article:published_time":"2025-07-03T10:18:38+00:00","article:modified_time":"2026-03-15T15:33:52+00:00","twitter:card":"summary_large_image","twitter:title":"ABS Outdoor Lautsprecher Lynette bedrucken IPX6 RGB 5W","twitter:description":"Mit dieser Bluetooth Box mit RGB Licht bedrucken wir dein Logo direkt auf das robuste Geh\u00e4use f\u00fcr einen auff\u00e4lligen Markenauftritt. Du erh\u00e4ltst bei Hidalgo wasserdichte Lautsprecher IPX6 f\u00fcr Events, die durch satten Sound und dynamische Farbeffekte deine Zielgruppe begeistern.","twitter:image":"https:\/\/shop.hidalgo.nl\/wp-content\/uploads\/2025\/11\/cropped-Hidalgo-est1993.png"},"aioseo_meta_data":{"post_id":"10861","title":null,"description":null,"keywords":null,"keyphrases":null,"primary_term":null,"canonical_url":null,"og_title":null,"og_description":null,"og_object_type":"default","og_image_type":"default","og_image_url":null,"og_image_width":null,"og_image_height":null,"og_image_custom_url":null,"og_image_custom_fields":null,"og_video":null,"og_custom_url":null,"og_article_section":null,"og_article_tags":null,"twitter_use_og":false,"twitter_card":"default","twitter_image_type":"default","twitter_image_url":null,"twitter_image_custom_url":null,"twitter_image_custom_fields":null,"twitter_title":null,"twitter_description":null,"schema":{"blockGraphs":[],"customGraphs":[],"default":{"data":{"Article":[],"Course":[],"Dataset":[],"FAQPage":[],"Movie":[],"Person":[],"Product":[],"ProductReview":[],"Car":[],"Recipe":[],"Service":[],"SoftwareApplication":[],"WebPage":[]},"graphName":"","isEnabled":true},"graphs":[]},"schema_type":"default","schema_type_options":null,"pillar_content":false,"robots_default":true,"robots_noindex":false,"robots_noarchive":false,"robots_nosnippet":false,"robots_nofollow":false,"robots_noimageindex":false,"robots_noodp":false,"robots_notranslate":false,"robots_max_snippet":null,"robots_max_videopreview":null,"robots_max_imagepreview":"large","priority":null,"frequency":null,"local_seo":null,"seo_analyzer_scan_date":"2026-01-23 14:59:05","breadcrumb_settings":null,"limit_modified_date":false,"reviewed_by":null,"open_ai":null,"ai":null,"created":"2026-01-14 06:17:37","updated":"2026-04-23 12:26:28"},"aioseo_breadcrumb":"<div class=\"aioseo-breadcrumbs\"><span class=\"aioseo-breadcrumb\">\n\t<a href=\"https:\/\/hidalgo.nl\/de\/\" title=\"Home\">Home<\/a>\n<\/span><span class=\"aioseo-breadcrumb-separator\">\u00bb<\/span><span class=\"aioseo-breadcrumb\">\n\t<a href=\"https:\/\/hidalgo.nl\/example\/\" title=\"example\">example<\/a>\n<\/span><span class=\"aioseo-breadcrumb-separator\">\u00bb<\/span><span class=\"aioseo-breadcrumb\">\n\t<a href=\"https:\/\/hidalgo.nl\/en\/product-supplier\/a58\/\" title=\"A58\">A58<\/a>\n<\/span><span class=\"aioseo-breadcrumb-separator\">\u00bb<\/span><span class=\"aioseo-breadcrumb\">\n\tABS outdoor luidspreker Lynette\n<\/span><\/div>","aioseo_breadcrumb_json":[{"label":"Home","link":"https:\/\/hidalgo.nl\/de\/"},{"label":"example","link":"https:\/\/hidalgo.nl\/example\/"},{"label":"A58","link":"https:\/\/hidalgo.nl\/en\/product-supplier\/a58\/"},{"label":"ABS outdoor luidspreker Lynette","link":"https:\/\/hidalgo.nl\/de\/product\/10861\/abs-outdoor-lautsprecher-lynette-bedrucken-ipx6-rgb-5w\/"}],"_links":{"self":[{"href":"https:\/\/hidalgo.nl\/de\/wp-json\/wp\/v2\/product\/10861","targetHints":{"allow":["GET"]}}],"collection":[{"href":"https:\/\/hidalgo.nl\/de\/wp-json\/wp\/v2\/product"}],"about":[{"href":"https:\/\/hidalgo.nl\/de\/wp-json\/wp\/v2\/types\/product"}],"wp:featuredmedia":[{"embeddable":true,"href":"https:\/\/hidalgo.nl\/de\/wp-json\/wp\/v2\/media\/10862"}],"wp:attachment":[{"href":"https:\/\/hidalgo.nl\/de\/wp-json\/wp\/v2\/media?parent=10861"}],"wp:term":[{"taxonomy":"product_brand","embeddable":true,"href":"https:\/\/hidalgo.nl\/de\/wp-json\/wp\/v2\/product_brand?post=10861"},{"taxonomy":"product_cat","embeddable":true,"href":"https:\/\/hidalgo.nl\/de\/wp-json\/wp\/v2\/product_cat?post=10861"},{"taxonomy":"product_tag","embeddable":true,"href":"https:\/\/hidalgo.nl\/de\/wp-json\/wp\/v2\/product_tag?post=10861"}],"curies":[{"name":"wp","href":"https:\/\/api.w.org\/{rel}","templated":true}]}}