{"id":1077,"date":"2025-05-16T13:05:59","date_gmt":"2025-05-16T13:05:59","guid":{"rendered":"https:\/\/bidonsenshakers.pim.hidalgo.nl\/product\/case-logic-jaunt-backpack-156-inch-laptoprugzak\/"},"modified":"2026-02-28T10:40:42","modified_gmt":"2026-02-28T10:40:42","slug":"case-logic-jaunt-backpack-156-inch-laptoprugzak","status":"publish","type":"product","link":"https:\/\/hidalgo.nl\/de\/product\/case-logic-jaunt-backpack-156-inch-laptoprugzak\/","title":{"rendered":"Case Logic Jaunt Backpack 15,6 inch laptoprugzak"},"content":{"rendered":"<p>Complete 15,6 inch laptoprugzak van het merk Case Logic. Deze rugzak is gemaakt van 100% gerecycled polyester en gerecyclede dobbymaterialen. De rugzak kan nagenoeg helemaal opengeritst worden, zodat je alles effici\u00ebnt kunt inpakken. Het aparte laptopvak is geschikt voor laptops tot maximaal 15,6 inch en voorzien van beschermend foam. Het ruime hoofdvak biedt ruimte aan boeken, documenten en mappen. Met meerdere vakken voor bijvoorbeeld het opbergen van kabels. Het ritsvak aan de voorzijde is gemakkelijk voor spullen die je snel bij de hand wilt hebben en in de handige gaasvakken aan de zijkant past met gemak een drinkfles. Met verstelbare, comfortabele schouderriemen en gevoerd handvat. De tas heeft stevige ritsen. Het volledig gevoerde achterpaneel staat garant voor extra draagcomfort. Inhoud ca. 23 liter.<\/p>\n","protected":false},"excerpt":{"rendered":"<p>Complete 15,6 inch laptoprugzak van het merk Case Logic. Deze rugzak is gemaakt van 100% gerecycled polyester en gerecyclede dobbymaterialen. De rugzak kan nagenoeg helemaal opengeritst worden, zodat je alles effici\u00ebnt kunt inpakken. Het aparte laptopvak is geschikt voor laptops tot maximaal 15,6 inch en voorzien van beschermend foam. Het ruime hoofdvak biedt ruimte aan&hellip; <a class=\"more-link\" href=\"https:\/\/hidalgo.nl\/de\/product\/case-logic-jaunt-backpack-156-inch-laptoprugzak\/\"><span class=\"screen-reader-text\">Case Logic Jaunt Backpack 15,6 inch laptoprugzak<\/span> weiterlesen<\/a><\/p>\n","protected":false},"featured_media":594628,"template":"","meta":{"_acf_changed":false,"om_disable_all_campaigns":false,"_monsterinsights_skip_tracking":false,"_monsterinsights_sitenote_active":false,"_monsterinsights_sitenote_note":"","_monsterinsights_sitenote_category":0},"product_brand":[80],"product_cat":[4760,4932,4713],"product_tag":[],"class_list":{"0":"post-1077","1":"product","2":"type-product","3":"status-publish","4":"has-post-thumbnail","6":"product_supplier-a508","7":"product_material-gerecycled-polyester","8":"product_brand-case-logic","9":"product_cat-document-tassen","10":"product_cat-document-tassen-laptop-rugtassen","11":"product_cat-tassen","12":"entry","14":"first","15":"instock","16":"taxable","17":"shipping-taxable","18":"purchasable","19":"product-type-variable"},"acf":{"imprint_cost":[{"imprint_cost_key":"0a05d1a32c01c80dc80a4178acb634e224892b89","product_quantity_price_range":[{"imprint_cost_recommended_selling_price":"2.46","imprint_cost_recommended_selling_quantity":"1"},{"imprint_cost_recommended_selling_price":"2.145","imprint_cost_recommended_selling_quantity":"25"},{"imprint_cost_recommended_selling_price":"1.125","imprint_cost_recommended_selling_quantity":"50"},{"imprint_cost_recommended_selling_price":"0.87","imprint_cost_recommended_selling_quantity":"100"},{"imprint_cost_recommended_selling_price":"0.63","imprint_cost_recommended_selling_quantity":"250"},{"imprint_cost_recommended_selling_price":"0.495","imprint_cost_recommended_selling_quantity":"500"},{"imprint_cost_recommended_selling_price":"0.45","imprint_cost_recommended_selling_quantity":"1000"},{"imprint_cost_recommended_selling_price":"0.42","imprint_cost_recommended_selling_quantity":"2500"},{"imprint_cost_recommended_selling_price":"0.405","imprint_cost_recommended_selling_quantity":"5000"}],"product_quantity_price_range_buying":[{"imprint_cost_general_buying_price":"1.64","imprint_cost_general_buying_quantity":"1"},{"imprint_cost_general_buying_price":"1.43","imprint_cost_general_buying_quantity":"25"},{"imprint_cost_general_buying_price":"0.75","imprint_cost_general_buying_quantity":"50"},{"imprint_cost_general_buying_price":"0.58","imprint_cost_general_buying_quantity":"100"},{"imprint_cost_general_buying_price":"0.42","imprint_cost_general_buying_quantity":"250"},{"imprint_cost_general_buying_price":"0.33","imprint_cost_general_buying_quantity":"500"},{"imprint_cost_general_buying_price":"0.3","imprint_cost_general_buying_quantity":"1000"},{"imprint_cost_general_buying_price":"0.28","imprint_cost_general_buying_quantity":"2500"},{"imprint_cost_general_buying_price":"0.27","imprint_cost_general_buying_quantity":"5000"}],"imprint_cost_setup_costs":"45","imprint_cost_handling_costs":"0.15"},{"imprint_cost_key":"4b6cd23fece7cd177de6a233c316beca1f65249f","product_quantity_price_range":[{"imprint_cost_recommended_selling_price":"2.625","imprint_cost_recommended_selling_quantity":"1"},{"imprint_cost_recommended_selling_price":"2.475","imprint_cost_recommended_selling_quantity":"25"},{"imprint_cost_recommended_selling_price":"2.325","imprint_cost_recommended_selling_quantity":"50"},{"imprint_cost_recommended_selling_price":"2.175","imprint_cost_recommended_selling_quantity":"100"},{"imprint_cost_recommended_selling_price":"2.025","imprint_cost_recommended_selling_quantity":"250"},{"imprint_cost_recommended_selling_price":"1.875","imprint_cost_recommended_selling_quantity":"500"},{"imprint_cost_recommended_selling_price":"1.725","imprint_cost_recommended_selling_quantity":"1000"},{"imprint_cost_recommended_selling_price":"1.65","imprint_cost_recommended_selling_quantity":"2500"},{"imprint_cost_recommended_selling_price":"1.5","imprint_cost_recommended_selling_quantity":"5000"}],"product_quantity_price_range_buying":[{"imprint_cost_general_buying_price":"1.75","imprint_cost_general_buying_quantity":"1"},{"imprint_cost_general_buying_price":"1.65","imprint_cost_general_buying_quantity":"25"},{"imprint_cost_general_buying_price":"1.55","imprint_cost_general_buying_quantity":"50"},{"imprint_cost_general_buying_price":"1.45","imprint_cost_general_buying_quantity":"100"},{"imprint_cost_general_buying_price":"1.35","imprint_cost_general_buying_quantity":"250"},{"imprint_cost_general_buying_price":"1.25","imprint_cost_general_buying_quantity":"500"},{"imprint_cost_general_buying_price":"1.15","imprint_cost_general_buying_quantity":"1000"},{"imprint_cost_general_buying_price":"1.1","imprint_cost_general_buying_quantity":"2500"},{"imprint_cost_general_buying_price":"1","imprint_cost_general_buying_quantity":"5000"}],"imprint_cost_setup_costs":"52.5","imprint_cost_handling_costs":"0"}]},"aioseo_notices":[],"aioseo_head":"\n\t\t<!-- All in One SEO Pro 4.9.5.2 - aioseo.com -->\n\t<meta name=\"description\" content=\"Der Case Logic Jaunt Laptop-Rucksack begleitet dich im Alltag, in B\u00fcro und Studium. Gepolsterte Schutzf\u00e4cher sichern dein Notebook bis 15,6 Zoll, und Hidalgo bedruckt ihn auf Wunsch mit deinem Logo f\u00fcr sichtbare Markenpr\u00e4senz.\" \/>\n\t<meta name=\"robots\" content=\"max-image-preview:large\" \/>\n\t<link rel=\"canonical\" href=\"https:\/\/hidalgo.nl\/de\/wp-json\/wp\/v2\/product\/1077\" \/>\n\t<meta name=\"generator\" content=\"All in One SEO Pro (AIOSEO) 4.9.5.2\" \/>\n\t\t<meta property=\"og:locale\" content=\"de_DE\" \/>\n\t\t<meta property=\"og:site_name\" content=\"Hidalgo -\" \/>\n\t\t<meta property=\"og:type\" content=\"article\" \/>\n\t\t<meta property=\"og:title\" content=\"Case Logic Jaunt Backpack 15,6 inch laptoprugzak\" \/>\n\t\t<meta property=\"og:description\" content=\"Der Case Logic Jaunt Laptop-Rucksack begleitet dich im Alltag, in B\u00fcro und Studium. Gepolsterte Schutzf\u00e4cher sichern dein Notebook bis 15,6 Zoll, und Hidalgo bedruckt ihn auf Wunsch mit deinem Logo f\u00fcr sichtbare Markenpr\u00e4senz.\" \/>\n\t\t<meta property=\"og:url\" content=\"https:\/\/hidalgo.nl\/de\/wp-json\/wp\/v2\/product\/1077\" \/>\n\t\t<meta property=\"og:image\" content=\"https:\/\/shop.hidalgo.nl\/wp-content\/uploads\/2025\/11\/cropped-Hidalgo-est1993.png\" \/>\n\t\t<meta property=\"og:image:secure_url\" content=\"https:\/\/shop.hidalgo.nl\/wp-content\/uploads\/2025\/11\/cropped-Hidalgo-est1993.png\" \/>\n\t\t<meta property=\"article:published_time\" content=\"2025-05-16T13:05:59+00:00\" \/>\n\t\t<meta property=\"article:modified_time\" content=\"2026-02-28T10:40:42+00:00\" \/>\n\t\t<meta name=\"twitter:card\" content=\"summary_large_image\" \/>\n\t\t<meta name=\"twitter:title\" content=\"Case Logic Jaunt Backpack 15,6 inch laptoprugzak\" \/>\n\t\t<meta name=\"twitter:description\" content=\"Der Case Logic Jaunt Laptop-Rucksack begleitet dich im Alltag, in B\u00fcro und Studium. Gepolsterte Schutzf\u00e4cher sichern dein Notebook bis 15,6 Zoll, und Hidalgo bedruckt ihn auf Wunsch mit deinem Logo f\u00fcr sichtbare Markenpr\u00e4senz.\" \/>\n\t\t<meta name=\"twitter:image\" content=\"https:\/\/shop.hidalgo.nl\/wp-content\/uploads\/2025\/11\/cropped-Hidalgo-est1993.png\" \/>\n\t\t<script type=\"application\/ld+json\" class=\"aioseo-schema\">\n\t\t\t{\"@context\":\"https:\\\/\\\/schema.org\",\"@graph\":[{\"@type\":\"BreadcrumbList\",\"@id\":\"https:\\\/\\\/hidalgo.nl\\\/de\\\/product\\\/case-logic-jaunt-backpack-156-inch-laptoprugzak\\\/#breadcrumblist\",\"itemListElement\":[{\"@type\":\"ListItem\",\"@id\":\"https:\\\/\\\/hidalgo.nl\\\/de\\\/#listItem\",\"position\":1,\"name\":\"Home\",\"item\":\"https:\\\/\\\/hidalgo.nl\\\/de\\\/\",\"nextItem\":{\"@type\":\"ListItem\",\"@id\":\"https:\\\/\\\/hidalgo.nl\\\/example\\\/#listItem\",\"name\":\"example\"}},{\"@type\":\"ListItem\",\"@id\":\"https:\\\/\\\/hidalgo.nl\\\/example\\\/#listItem\",\"position\":2,\"name\":\"example\",\"item\":\"https:\\\/\\\/hidalgo.nl\\\/example\\\/\",\"nextItem\":{\"@type\":\"ListItem\",\"@id\":\"https:\\\/\\\/hidalgo.nl\\\/en\\\/product-supplier\\\/a508\\\/#listItem\",\"name\":\"A508\"},\"previousItem\":{\"@type\":\"ListItem\",\"@id\":\"https:\\\/\\\/hidalgo.nl\\\/de\\\/#listItem\",\"name\":\"Home\"}},{\"@type\":\"ListItem\",\"@id\":\"https:\\\/\\\/hidalgo.nl\\\/en\\\/product-supplier\\\/a508\\\/#listItem\",\"position\":3,\"name\":\"A508\",\"item\":\"https:\\\/\\\/hidalgo.nl\\\/en\\\/product-supplier\\\/a508\\\/\",\"nextItem\":{\"@type\":\"ListItem\",\"@id\":\"https:\\\/\\\/hidalgo.nl\\\/de\\\/product\\\/case-logic-jaunt-backpack-156-inch-laptoprugzak\\\/#listItem\",\"name\":\"Case Logic Jaunt Backpack 15,6 inch laptoprugzak\"},\"previousItem\":{\"@type\":\"ListItem\",\"@id\":\"https:\\\/\\\/hidalgo.nl\\\/example\\\/#listItem\",\"name\":\"example\"}},{\"@type\":\"ListItem\",\"@id\":\"https:\\\/\\\/hidalgo.nl\\\/de\\\/product\\\/case-logic-jaunt-backpack-156-inch-laptoprugzak\\\/#listItem\",\"position\":4,\"name\":\"Case Logic Jaunt Backpack 15,6 inch laptoprugzak\",\"previousItem\":{\"@type\":\"ListItem\",\"@id\":\"https:\\\/\\\/hidalgo.nl\\\/en\\\/product-supplier\\\/a508\\\/#listItem\",\"name\":\"A508\"}}]},{\"@type\":\"ItemPage\",\"@id\":\"https:\\\/\\\/hidalgo.nl\\\/de\\\/product\\\/case-logic-jaunt-backpack-156-inch-laptoprugzak\\\/#itempage\",\"url\":\"https:\\\/\\\/hidalgo.nl\\\/de\\\/product\\\/case-logic-jaunt-backpack-156-inch-laptoprugzak\\\/\",\"name\":\"Case Logic Jaunt Backpack 15,6 inch laptoprugzak\",\"description\":\"Der Case Logic Jaunt Laptop-Rucksack begleitet dich im Alltag, in B\\u00fcro und Studium. Gepolsterte Schutzf\\u00e4cher sichern dein Notebook bis 15,6 Zoll, und Hidalgo bedruckt ihn auf Wunsch mit deinem Logo f\\u00fcr sichtbare Markenpr\\u00e4senz.\",\"inLanguage\":\"de-DE\",\"isPartOf\":{\"@id\":\"https:\\\/\\\/hidalgo.nl\\\/de\\\/#website\"},\"breadcrumb\":{\"@id\":\"https:\\\/\\\/hidalgo.nl\\\/de\\\/product\\\/case-logic-jaunt-backpack-156-inch-laptoprugzak\\\/#breadcrumblist\"},\"image\":{\"@type\":\"ImageObject\",\"url\":\"https:\\\/\\\/shop.hidalgo.nl\\\/wp-content\\\/uploads\\\/2025\\\/04\\\/94b478a2f18a780db61a8e4d68620eb39751c07b12cc9c119e56f93f3aca76f4.jpg\",\"@id\":\"https:\\\/\\\/hidalgo.nl\\\/de\\\/product\\\/case-logic-jaunt-backpack-156-inch-laptoprugzak\\\/#mainImage\"},\"primaryImageOfPage\":{\"@id\":\"https:\\\/\\\/hidalgo.nl\\\/de\\\/product\\\/case-logic-jaunt-backpack-156-inch-laptoprugzak\\\/#mainImage\"},\"datePublished\":\"2025-05-16T13:05:59+00:00\",\"dateModified\":\"2026-02-28T10:40:42+00:00\"},{\"@type\":\"Organization\",\"@id\":\"https:\\\/\\\/hidalgo.nl\\\/de\\\/#organization\",\"name\":\"Hidalgo\",\"url\":\"https:\\\/\\\/hidalgo.nl\\\/de\\\/\",\"logo\":{\"@type\":\"ImageObject\",\"url\":\"https:\\\/\\\/shop.hidalgo.nl\\\/wp-content\\\/uploads\\\/2025\\\/11\\\/cropped-Hidalgo-est1993.png\",\"@id\":\"https:\\\/\\\/hidalgo.nl\\\/de\\\/product\\\/case-logic-jaunt-backpack-156-inch-laptoprugzak\\\/#organizationLogo\",\"width\":585,\"height\":195},\"image\":{\"@id\":\"https:\\\/\\\/hidalgo.nl\\\/de\\\/product\\\/case-logic-jaunt-backpack-156-inch-laptoprugzak\\\/#organizationLogo\"}},{\"@type\":\"WebPage\",\"@id\":\"https:\\\/\\\/hidalgo.nl\\\/de\\\/product\\\/case-logic-jaunt-backpack-156-inch-laptoprugzak\\\/#webpage\",\"url\":\"https:\\\/\\\/hidalgo.nl\\\/de\\\/product\\\/case-logic-jaunt-backpack-156-inch-laptoprugzak\\\/\",\"name\":\"Case Logic Jaunt Backpack 15,6 inch laptoprugzak\",\"description\":\"Der Case Logic Jaunt Laptop-Rucksack begleitet dich im Alltag, in B\\u00fcro und Studium. Gepolsterte Schutzf\\u00e4cher sichern dein Notebook bis 15,6 Zoll, und Hidalgo bedruckt ihn auf Wunsch mit deinem Logo f\\u00fcr sichtbare Markenpr\\u00e4senz.\",\"inLanguage\":\"de-DE\",\"isPartOf\":{\"@id\":\"https:\\\/\\\/hidalgo.nl\\\/de\\\/#website\"},\"breadcrumb\":{\"@id\":\"https:\\\/\\\/hidalgo.nl\\\/de\\\/product\\\/case-logic-jaunt-backpack-156-inch-laptoprugzak\\\/#breadcrumblist\"},\"image\":{\"@type\":\"ImageObject\",\"url\":\"https:\\\/\\\/shop.hidalgo.nl\\\/wp-content\\\/uploads\\\/2025\\\/04\\\/94b478a2f18a780db61a8e4d68620eb39751c07b12cc9c119e56f93f3aca76f4.jpg\",\"@id\":\"https:\\\/\\\/hidalgo.nl\\\/de\\\/product\\\/case-logic-jaunt-backpack-156-inch-laptoprugzak\\\/#mainImage\"},\"primaryImageOfPage\":{\"@id\":\"https:\\\/\\\/hidalgo.nl\\\/de\\\/product\\\/case-logic-jaunt-backpack-156-inch-laptoprugzak\\\/#mainImage\"},\"datePublished\":\"2025-05-16T13:05:59+00:00\",\"dateModified\":\"2026-02-28T10:40:42+00:00\"},{\"@type\":\"WebSite\",\"@id\":\"https:\\\/\\\/hidalgo.nl\\\/de\\\/#website\",\"url\":\"https:\\\/\\\/hidalgo.nl\\\/de\\\/\",\"name\":\"Hidalgo\",\"inLanguage\":\"de-DE\",\"publisher\":{\"@id\":\"https:\\\/\\\/hidalgo.nl\\\/de\\\/#organization\"}}]}\n\t\t<\/script>\n\t\t<!-- All in One SEO Pro -->\r\n\t\t<title>Case Logic Jaunt Backpack 15,6 inch laptoprugzak<\/title>\n\n","aioseo_head_json":{"title":"Case Logic Jaunt Backpack 15,6 inch laptoprugzak","description":"Der Case Logic Jaunt Laptop-Rucksack begleitet dich im Alltag, in B\u00fcro und Studium. Gepolsterte Schutzf\u00e4cher sichern dein Notebook bis 15,6 Zoll, und Hidalgo bedruckt ihn auf Wunsch mit deinem Logo f\u00fcr sichtbare Markenpr\u00e4senz.","canonical_url":"https:\/\/hidalgo.nl\/de\/wp-json\/wp\/v2\/product\/1077","robots":"max-image-preview:large","keywords":"","webmasterTools":{"miscellaneous":""},"schema":{"@context":"https:\/\/schema.org","@graph":[{"@type":"BreadcrumbList","@id":"https:\/\/hidalgo.nl\/de\/product\/case-logic-jaunt-backpack-156-inch-laptoprugzak\/#breadcrumblist","itemListElement":[{"@type":"ListItem","@id":"https:\/\/hidalgo.nl\/de\/#listItem","position":1,"name":"Home","item":"https:\/\/hidalgo.nl\/de\/","nextItem":{"@type":"ListItem","@id":"https:\/\/hidalgo.nl\/example\/#listItem","name":"example"}},{"@type":"ListItem","@id":"https:\/\/hidalgo.nl\/example\/#listItem","position":2,"name":"example","item":"https:\/\/hidalgo.nl\/example\/","nextItem":{"@type":"ListItem","@id":"https:\/\/hidalgo.nl\/en\/product-supplier\/a508\/#listItem","name":"A508"},"previousItem":{"@type":"ListItem","@id":"https:\/\/hidalgo.nl\/de\/#listItem","name":"Home"}},{"@type":"ListItem","@id":"https:\/\/hidalgo.nl\/en\/product-supplier\/a508\/#listItem","position":3,"name":"A508","item":"https:\/\/hidalgo.nl\/en\/product-supplier\/a508\/","nextItem":{"@type":"ListItem","@id":"https:\/\/hidalgo.nl\/de\/product\/case-logic-jaunt-backpack-156-inch-laptoprugzak\/#listItem","name":"Case Logic Jaunt Backpack 15,6 inch laptoprugzak"},"previousItem":{"@type":"ListItem","@id":"https:\/\/hidalgo.nl\/example\/#listItem","name":"example"}},{"@type":"ListItem","@id":"https:\/\/hidalgo.nl\/de\/product\/case-logic-jaunt-backpack-156-inch-laptoprugzak\/#listItem","position":4,"name":"Case Logic Jaunt Backpack 15,6 inch laptoprugzak","previousItem":{"@type":"ListItem","@id":"https:\/\/hidalgo.nl\/en\/product-supplier\/a508\/#listItem","name":"A508"}}]},{"@type":"ItemPage","@id":"https:\/\/hidalgo.nl\/de\/product\/case-logic-jaunt-backpack-156-inch-laptoprugzak\/#itempage","url":"https:\/\/hidalgo.nl\/de\/product\/case-logic-jaunt-backpack-156-inch-laptoprugzak\/","name":"Case Logic Jaunt Backpack 15,6 inch laptoprugzak","description":"Der Case Logic Jaunt Laptop-Rucksack begleitet dich im Alltag, in B\u00fcro und Studium. Gepolsterte Schutzf\u00e4cher sichern dein Notebook bis 15,6 Zoll, und Hidalgo bedruckt ihn auf Wunsch mit deinem Logo f\u00fcr sichtbare Markenpr\u00e4senz.","inLanguage":"de-DE","isPartOf":{"@id":"https:\/\/hidalgo.nl\/de\/#website"},"breadcrumb":{"@id":"https:\/\/hidalgo.nl\/de\/product\/case-logic-jaunt-backpack-156-inch-laptoprugzak\/#breadcrumblist"},"image":{"@type":"ImageObject","url":"https:\/\/shop.hidalgo.nl\/wp-content\/uploads\/2025\/04\/94b478a2f18a780db61a8e4d68620eb39751c07b12cc9c119e56f93f3aca76f4.jpg","@id":"https:\/\/hidalgo.nl\/de\/product\/case-logic-jaunt-backpack-156-inch-laptoprugzak\/#mainImage"},"primaryImageOfPage":{"@id":"https:\/\/hidalgo.nl\/de\/product\/case-logic-jaunt-backpack-156-inch-laptoprugzak\/#mainImage"},"datePublished":"2025-05-16T13:05:59+00:00","dateModified":"2026-02-28T10:40:42+00:00"},{"@type":"Organization","@id":"https:\/\/hidalgo.nl\/de\/#organization","name":"Hidalgo","url":"https:\/\/hidalgo.nl\/de\/","logo":{"@type":"ImageObject","url":"https:\/\/shop.hidalgo.nl\/wp-content\/uploads\/2025\/11\/cropped-Hidalgo-est1993.png","@id":"https:\/\/hidalgo.nl\/de\/product\/case-logic-jaunt-backpack-156-inch-laptoprugzak\/#organizationLogo","width":585,"height":195},"image":{"@id":"https:\/\/hidalgo.nl\/de\/product\/case-logic-jaunt-backpack-156-inch-laptoprugzak\/#organizationLogo"}},{"@type":"WebPage","@id":"https:\/\/hidalgo.nl\/de\/product\/case-logic-jaunt-backpack-156-inch-laptoprugzak\/#webpage","url":"https:\/\/hidalgo.nl\/de\/product\/case-logic-jaunt-backpack-156-inch-laptoprugzak\/","name":"Case Logic Jaunt Backpack 15,6 inch laptoprugzak","description":"Der Case Logic Jaunt Laptop-Rucksack begleitet dich im Alltag, in B\u00fcro und Studium. Gepolsterte Schutzf\u00e4cher sichern dein Notebook bis 15,6 Zoll, und Hidalgo bedruckt ihn auf Wunsch mit deinem Logo f\u00fcr sichtbare Markenpr\u00e4senz.","inLanguage":"de-DE","isPartOf":{"@id":"https:\/\/hidalgo.nl\/de\/#website"},"breadcrumb":{"@id":"https:\/\/hidalgo.nl\/de\/product\/case-logic-jaunt-backpack-156-inch-laptoprugzak\/#breadcrumblist"},"image":{"@type":"ImageObject","url":"https:\/\/shop.hidalgo.nl\/wp-content\/uploads\/2025\/04\/94b478a2f18a780db61a8e4d68620eb39751c07b12cc9c119e56f93f3aca76f4.jpg","@id":"https:\/\/hidalgo.nl\/de\/product\/case-logic-jaunt-backpack-156-inch-laptoprugzak\/#mainImage"},"primaryImageOfPage":{"@id":"https:\/\/hidalgo.nl\/de\/product\/case-logic-jaunt-backpack-156-inch-laptoprugzak\/#mainImage"},"datePublished":"2025-05-16T13:05:59+00:00","dateModified":"2026-02-28T10:40:42+00:00"},{"@type":"WebSite","@id":"https:\/\/hidalgo.nl\/de\/#website","url":"https:\/\/hidalgo.nl\/de\/","name":"Hidalgo","inLanguage":"de-DE","publisher":{"@id":"https:\/\/hidalgo.nl\/de\/#organization"}}]},"og:locale":"de_DE","og:site_name":"Hidalgo -","og:type":"article","og:title":"Case Logic Jaunt Backpack 15,6 inch laptoprugzak","og:description":"Der Case Logic Jaunt Laptop-Rucksack begleitet dich im Alltag, in B\u00fcro und Studium. Gepolsterte Schutzf\u00e4cher sichern dein Notebook bis 15,6 Zoll, und Hidalgo bedruckt ihn auf Wunsch mit deinem Logo f\u00fcr sichtbare Markenpr\u00e4senz.","og:url":"https:\/\/hidalgo.nl\/de\/wp-json\/wp\/v2\/product\/1077","og:image":"https:\/\/shop.hidalgo.nl\/wp-content\/uploads\/2025\/11\/cropped-Hidalgo-est1993.png","og:image:secure_url":"https:\/\/shop.hidalgo.nl\/wp-content\/uploads\/2025\/11\/cropped-Hidalgo-est1993.png","article:published_time":"2025-05-16T13:05:59+00:00","article:modified_time":"2026-02-28T10:40:42+00:00","twitter:card":"summary_large_image","twitter:title":"Case Logic Jaunt Backpack 15,6 inch laptoprugzak","twitter:description":"Der Case Logic Jaunt Laptop-Rucksack begleitet dich im Alltag, in B\u00fcro und Studium. Gepolsterte Schutzf\u00e4cher sichern dein Notebook bis 15,6 Zoll, und Hidalgo bedruckt ihn auf Wunsch mit deinem Logo f\u00fcr sichtbare Markenpr\u00e4senz.","twitter:image":"https:\/\/shop.hidalgo.nl\/wp-content\/uploads\/2025\/11\/cropped-Hidalgo-est1993.png"},"aioseo_meta_data":{"post_id":"1077","title":null,"description":null,"keywords":null,"keyphrases":null,"primary_term":null,"canonical_url":null,"og_title":null,"og_description":null,"og_object_type":"default","og_image_type":"default","og_image_url":null,"og_image_width":null,"og_image_height":null,"og_image_custom_url":null,"og_image_custom_fields":null,"og_video":null,"og_custom_url":null,"og_article_section":null,"og_article_tags":null,"twitter_use_og":false,"twitter_card":"default","twitter_image_type":"default","twitter_image_url":null,"twitter_image_custom_url":null,"twitter_image_custom_fields":null,"twitter_title":null,"twitter_description":null,"schema":{"blockGraphs":[],"customGraphs":[],"default":{"data":{"Article":[],"Course":[],"Dataset":[],"FAQPage":[],"Movie":[],"Person":[],"Product":[],"ProductReview":[],"Car":[],"Recipe":[],"Service":[],"SoftwareApplication":[],"WebPage":[]},"graphName":"","isEnabled":true},"graphs":[]},"schema_type":"default","schema_type_options":null,"pillar_content":false,"robots_default":true,"robots_noindex":false,"robots_noarchive":false,"robots_nosnippet":false,"robots_nofollow":false,"robots_noimageindex":false,"robots_noodp":false,"robots_notranslate":false,"robots_max_snippet":null,"robots_max_videopreview":null,"robots_max_imagepreview":"large","priority":null,"frequency":null,"local_seo":null,"seo_analyzer_scan_date":"2026-01-15 16:58:35","breadcrumb_settings":null,"limit_modified_date":false,"reviewed_by":null,"open_ai":null,"ai":null,"created":"2026-01-14 06:17:37","updated":"2026-02-28 13:07:01"},"aioseo_breadcrumb":"<div class=\"aioseo-breadcrumbs\"><span class=\"aioseo-breadcrumb\">\n\t<a href=\"https:\/\/hidalgo.nl\/de\/\" title=\"Home\">Home<\/a>\n<\/span><span class=\"aioseo-breadcrumb-separator\">\u00bb<\/span><span class=\"aioseo-breadcrumb\">\n\t<a href=\"https:\/\/hidalgo.nl\/example\/\" title=\"example\">example<\/a>\n<\/span><span class=\"aioseo-breadcrumb-separator\">\u00bb<\/span><span class=\"aioseo-breadcrumb\">\n\t<a href=\"https:\/\/hidalgo.nl\/en\/product-supplier\/a508\/\" title=\"A508\">A508<\/a>\n<\/span><span class=\"aioseo-breadcrumb-separator\">\u00bb<\/span><span class=\"aioseo-breadcrumb\">\n\tCase Logic Jaunt Backpack 15,6 inch laptoprugzak\n<\/span><\/div>","aioseo_breadcrumb_json":[{"label":"Home","link":"https:\/\/hidalgo.nl\/de\/"},{"label":"example","link":"https:\/\/hidalgo.nl\/example\/"},{"label":"A508","link":"https:\/\/hidalgo.nl\/en\/product-supplier\/a508\/"},{"label":"Case Logic Jaunt Backpack 15,6 inch laptoprugzak","link":"https:\/\/hidalgo.nl\/de\/product\/case-logic-jaunt-backpack-156-inch-laptoprugzak\/"}],"_links":{"self":[{"href":"https:\/\/hidalgo.nl\/de\/wp-json\/wp\/v2\/product\/1077","targetHints":{"allow":["GET"]}}],"collection":[{"href":"https:\/\/hidalgo.nl\/de\/wp-json\/wp\/v2\/product"}],"about":[{"href":"https:\/\/hidalgo.nl\/de\/wp-json\/wp\/v2\/types\/product"}],"wp:featuredmedia":[{"embeddable":true,"href":"https:\/\/hidalgo.nl\/de\/wp-json\/wp\/v2\/media\/594628"}],"wp:attachment":[{"href":"https:\/\/hidalgo.nl\/de\/wp-json\/wp\/v2\/media?parent=1077"}],"wp:term":[{"taxonomy":"product_brand","embeddable":true,"href":"https:\/\/hidalgo.nl\/de\/wp-json\/wp\/v2\/product_brand?post=1077"},{"taxonomy":"product_cat","embeddable":true,"href":"https:\/\/hidalgo.nl\/de\/wp-json\/wp\/v2\/product_cat?post=1077"},{"taxonomy":"product_tag","embeddable":true,"href":"https:\/\/hidalgo.nl\/de\/wp-json\/wp\/v2\/product_tag?post=1077"}],"curies":[{"name":"wp","href":"https:\/\/api.w.org\/{rel}","templated":true}]}}