{"id":10624,"date":"2025-07-03T10:16:26","date_gmt":"2025-07-03T10:16:26","guid":{"rendered":"http:\/\/bidonsenshakers.pim.hidalgo.nl\/product\/bamboe-klok-jenny\/"},"modified":"2026-03-15T15:23:46","modified_gmt":"2026-03-15T15:23:46","slug":"bamboe-klok-jenny","status":"publish","type":"product","link":"https:\/\/hidalgo.nl\/de\/product\/10624\/bambus-tischuhr-jenny-bedrucken-nachhaltig-analog-klein\/","title":{"rendered":"Bamboe klok Jenny"},"content":{"rendered":"<p>Bamboe klok met zilveren wijzers en standaard. Inclusief batterij. Per stuk verpakt in een bruine kartonnen doos.<\/p>\n","protected":false},"excerpt":{"rendered":"<p>Bamboe klok met zilveren wijzers en standaard. Inclusief batterij. Per stuk verpakt in een bruine kartonnen doos.<\/p>\n","protected":false},"featured_media":10625,"template":"","meta":{"_acf_changed":false,"om_disable_all_campaigns":false,"_monsterinsights_skip_tracking":false,"_monsterinsights_sitenote_active":false,"_monsterinsights_sitenote_note":"","_monsterinsights_sitenote_category":0},"product_brand":[49],"product_cat":[4720,4836,4719],"product_tag":[],"class_list":{"0":"post-10624","1":"product","2":"type-product","3":"status-publish","4":"has-post-thumbnail","6":"product_supplier-a58","7":"product_material-bamboe","8":"product_material-kunststof","9":"product_material-metaal","10":"product_brand-impression","11":"product_cat-promotionele-artikelen-elektronica-en-gadgets","12":"product_cat-klokken-en-weerstations","13":"product_cat-promotionele-artikelen","14":"entry","16":"first","17":"instock","18":"taxable","19":"shipping-taxable","20":"purchasable","21":"product-type-variable"},"acf":{"imprint_cost":[{"imprint_cost_key":"4a9d2ec589789795405d21d3cedf98a48fe874ce","product_quantity_price_range":[{"imprint_cost_recommended_selling_price":"1.46","imprint_cost_recommended_selling_quantity":"1"},{"imprint_cost_recommended_selling_price":"1.29","imprint_cost_recommended_selling_quantity":"25"},{"imprint_cost_recommended_selling_price":"1.14","imprint_cost_recommended_selling_quantity":"50"},{"imprint_cost_recommended_selling_price":"0.97","imprint_cost_recommended_selling_quantity":"100"},{"imprint_cost_recommended_selling_price":"0.82","imprint_cost_recommended_selling_quantity":"250"},{"imprint_cost_recommended_selling_price":"0.75","imprint_cost_recommended_selling_quantity":"500"},{"imprint_cost_recommended_selling_price":"0.68","imprint_cost_recommended_selling_quantity":"1000"},{"imprint_cost_recommended_selling_price":"0.63","imprint_cost_recommended_selling_quantity":"2500"},{"imprint_cost_recommended_selling_price":"0.58","imprint_cost_recommended_selling_quantity":"5000"}],"product_quantity_price_range_buying":false,"imprint_cost_setup_costs":"60.77","imprint_cost_handling_costs":"0.26"},{"imprint_cost_key":"72ebb98b55cbf3ea74db01a91986580f6cd8eae7","product_quantity_price_range":[{"imprint_cost_recommended_selling_price":"2.66","imprint_cost_recommended_selling_quantity":"1"},{"imprint_cost_recommended_selling_price":"1.63","imprint_cost_recommended_selling_quantity":"25"},{"imprint_cost_recommended_selling_price":"1.22","imprint_cost_recommended_selling_quantity":"50"},{"imprint_cost_recommended_selling_price":"0.88","imprint_cost_recommended_selling_quantity":"100"},{"imprint_cost_recommended_selling_price":"0.52","imprint_cost_recommended_selling_quantity":"250"},{"imprint_cost_recommended_selling_price":"0.43","imprint_cost_recommended_selling_quantity":"500"},{"imprint_cost_recommended_selling_price":"0.37","imprint_cost_recommended_selling_quantity":"1000"},{"imprint_cost_recommended_selling_price":"0.29","imprint_cost_recommended_selling_quantity":"2500"}],"product_quantity_price_range_buying":false,"imprint_cost_setup_costs":"30.77","imprint_cost_handling_costs":"0.2"}]},"aioseo_notices":[],"aioseo_head":"\n\t\t<!-- All in One SEO Pro 4.9.6.2 - aioseo.com -->\n\t<meta name=\"description\" content=\"Mit dem Modell Jenny setzt du auf deinem Schreibtisch ein nat\u00fcrliches Statement &amp; l\u00e4sst die Tischuhr mit Logo bedrucken f\u00fcr einen bleibenden Eindruck. Du kannst diese nachhaltige B\u00fcrouhr personalisieren, um deinen modernen Arbeitsalltag bei Kunden &amp; Mitarbeitern funktional zu bereichern.\" \/>\n\t<meta name=\"robots\" content=\"max-image-preview:large\" \/>\n\t<link rel=\"canonical\" href=\"https:\/\/hidalgo.nl\/de\/wp-json\/wp\/v2\/product\/10624\" \/>\n\t<meta name=\"generator\" content=\"All in One SEO Pro (AIOSEO) 4.9.6.2\" \/>\n\t\t<meta property=\"og:locale\" content=\"de_DE\" \/>\n\t\t<meta property=\"og:site_name\" content=\"Hidalgo -\" \/>\n\t\t<meta property=\"og:type\" content=\"article\" \/>\n\t\t<meta property=\"og:title\" content=\"Bambus Tischuhr Jenny bedrucken nachhaltig analog klein\" \/>\n\t\t<meta property=\"og:description\" content=\"Mit dem Modell Jenny setzt du auf deinem Schreibtisch ein nat\u00fcrliches Statement &amp; l\u00e4sst die Tischuhr mit Logo bedrucken f\u00fcr einen bleibenden Eindruck. Du kannst diese nachhaltige B\u00fcrouhr personalisieren, um deinen modernen Arbeitsalltag bei Kunden &amp; Mitarbeitern funktional zu bereichern.\" \/>\n\t\t<meta property=\"og:url\" content=\"https:\/\/hidalgo.nl\/de\/wp-json\/wp\/v2\/product\/10624\" \/>\n\t\t<meta property=\"og:image\" content=\"https:\/\/shop.hidalgo.nl\/wp-content\/uploads\/2025\/11\/cropped-Hidalgo-est1993.png\" \/>\n\t\t<meta property=\"og:image:secure_url\" content=\"https:\/\/shop.hidalgo.nl\/wp-content\/uploads\/2025\/11\/cropped-Hidalgo-est1993.png\" \/>\n\t\t<meta property=\"article:published_time\" content=\"2025-07-03T10:16:26+00:00\" \/>\n\t\t<meta property=\"article:modified_time\" content=\"2026-03-15T15:23:46+00:00\" \/>\n\t\t<meta name=\"twitter:card\" content=\"summary_large_image\" \/>\n\t\t<meta name=\"twitter:title\" content=\"Bambus Tischuhr Jenny bedrucken nachhaltig analog klein\" \/>\n\t\t<meta name=\"twitter:description\" content=\"Mit dem Modell Jenny setzt du auf deinem Schreibtisch ein nat\u00fcrliches Statement &amp; l\u00e4sst die Tischuhr mit Logo bedrucken f\u00fcr einen bleibenden Eindruck. Du kannst diese nachhaltige B\u00fcrouhr personalisieren, um deinen modernen Arbeitsalltag bei Kunden &amp; Mitarbeitern funktional zu bereichern.\" \/>\n\t\t<meta name=\"twitter:image\" content=\"https:\/\/shop.hidalgo.nl\/wp-content\/uploads\/2025\/11\/cropped-Hidalgo-est1993.png\" \/>\n\t\t<script type=\"application\/ld+json\" class=\"aioseo-schema\">\n\t\t\t{\"@context\":\"https:\\\/\\\/schema.org\",\"@graph\":[{\"@type\":\"BreadcrumbList\",\"@id\":\"https:\\\/\\\/hidalgo.nl\\\/de\\\/product\\\/10624\\\/bambus-tischuhr-jenny-bedrucken-nachhaltig-analog-klein\\\/#breadcrumblist\",\"itemListElement\":[{\"@type\":\"ListItem\",\"@id\":\"https:\\\/\\\/hidalgo.nl\\\/de\\\/#listItem\",\"position\":1,\"name\":\"Home\",\"item\":\"https:\\\/\\\/hidalgo.nl\\\/de\\\/\",\"nextItem\":{\"@type\":\"ListItem\",\"@id\":\"https:\\\/\\\/hidalgo.nl\\\/example\\\/#listItem\",\"name\":\"example\"}},{\"@type\":\"ListItem\",\"@id\":\"https:\\\/\\\/hidalgo.nl\\\/example\\\/#listItem\",\"position\":2,\"name\":\"example\",\"item\":\"https:\\\/\\\/hidalgo.nl\\\/example\\\/\",\"nextItem\":{\"@type\":\"ListItem\",\"@id\":\"https:\\\/\\\/hidalgo.nl\\\/en\\\/product-supplier\\\/a58\\\/#listItem\",\"name\":\"A58\"},\"previousItem\":{\"@type\":\"ListItem\",\"@id\":\"https:\\\/\\\/hidalgo.nl\\\/de\\\/#listItem\",\"name\":\"Home\"}},{\"@type\":\"ListItem\",\"@id\":\"https:\\\/\\\/hidalgo.nl\\\/en\\\/product-supplier\\\/a58\\\/#listItem\",\"position\":3,\"name\":\"A58\",\"item\":\"https:\\\/\\\/hidalgo.nl\\\/en\\\/product-supplier\\\/a58\\\/\",\"nextItem\":{\"@type\":\"ListItem\",\"@id\":\"https:\\\/\\\/hidalgo.nl\\\/de\\\/product\\\/10624\\\/bambus-tischuhr-jenny-bedrucken-nachhaltig-analog-klein\\\/#listItem\",\"name\":\"Bamboe klok Jenny\"},\"previousItem\":{\"@type\":\"ListItem\",\"@id\":\"https:\\\/\\\/hidalgo.nl\\\/example\\\/#listItem\",\"name\":\"example\"}},{\"@type\":\"ListItem\",\"@id\":\"https:\\\/\\\/hidalgo.nl\\\/de\\\/product\\\/10624\\\/bambus-tischuhr-jenny-bedrucken-nachhaltig-analog-klein\\\/#listItem\",\"position\":4,\"name\":\"Bamboe klok Jenny\",\"previousItem\":{\"@type\":\"ListItem\",\"@id\":\"https:\\\/\\\/hidalgo.nl\\\/en\\\/product-supplier\\\/a58\\\/#listItem\",\"name\":\"A58\"}}]},{\"@type\":\"Organization\",\"@id\":\"https:\\\/\\\/hidalgo.nl\\\/de\\\/#organization\",\"name\":\"Hidalgo\",\"url\":\"https:\\\/\\\/hidalgo.nl\\\/de\\\/\",\"logo\":{\"@type\":\"ImageObject\",\"url\":\"https:\\\/\\\/shop.hidalgo.nl\\\/wp-content\\\/uploads\\\/2025\\\/11\\\/cropped-Hidalgo-est1993.png\",\"@id\":\"https:\\\/\\\/hidalgo.nl\\\/de\\\/product\\\/10624\\\/bambus-tischuhr-jenny-bedrucken-nachhaltig-analog-klein\\\/#organizationLogo\",\"width\":585,\"height\":195},\"image\":{\"@id\":\"https:\\\/\\\/hidalgo.nl\\\/de\\\/product\\\/10624\\\/bambus-tischuhr-jenny-bedrucken-nachhaltig-analog-klein\\\/#organizationLogo\"}},{\"@type\":\"ProductGroup\",\"@id\":\"https:\\\/\\\/hidalgo.nl\\\/de\\\/product\\\/10624\\\/bambus-tischuhr-jenny-bedrucken-nachhaltig-analog-klein\\\/#wooCommerceProduct\",\"name\":\"Bambus Tischuhr Jenny bedrucken nachhaltig analog klein\",\"url\":\"https:\\\/\\\/hidalgo.nl\\\/de\\\/product\\\/10624\\\/bambus-tischuhr-jenny-bedrucken-nachhaltig-analog-klein\\\/\",\"brand\":{\"@type\":\"Brand\",\"name\":\"IMPRESSION\"},\"sku\":\"A58-1172418\",\"image\":{\"@type\":\"ImageObject\",\"url\":\"https:\\\/\\\/shop.hidalgo.nl\\\/wp-content\\\/uploads\\\/2025\\\/05\\\/5b44822b49afbb705507c2d453e18b5ec75f2cf61ba97e43bc24f1a192d79c7d.jpg\",\"@id\":\"https:\\\/\\\/hidalgo.nl\\\/de\\\/product\\\/10624\\\/bambus-tischuhr-jenny-bedrucken-nachhaltig-analog-klein\\\/#productImage\",\"width\":984,\"height\":1000},\"productGroupID\":10624,\"hasVariant\":[{\"@type\":\"Product\",\"@id\":\"https:\\\/\\\/hidalgo.nl\\\/de\\\/product\\\/10624\\\/bambus-tischuhr-jenny-bedrucken-nachhaltig-analog-klein\\\/#wooCommerceProduct\",\"name\":\"Bamboe klok Jenny - bruin,\",\"url\":\"https:\\\/\\\/hidalgo.nl\\\/de\\\/product\\\/10624\\\/bambus-tischuhr-jenny-bedrucken-nachhaltig-analog-klein\\\/\",\"sku\":\"A58-1172418-011999999\",\"gtin\":\"8719446070516\",\"image\":{\"@type\":\"ImageObject\",\"url\":\"https:\\\/\\\/shop.hidalgo.nl\\\/wp-content\\\/uploads\\\/2025\\\/05\\\/6ba36bcfe451ba3ce62a5760324057a0674806e99b5cf5e0107f369f938ebbde.jpg\",\"@id\":\"https:\\\/\\\/hidalgo.nl\\\/de\\\/product\\\/10624\\\/bambus-tischuhr-jenny-bedrucken-nachhaltig-analog-klein\\\/#productImage\",\"width\":954,\"height\":1000},\"offers\":{\"@type\":\"Offer\",\"url\":\"https:\\\/\\\/hidalgo.nl\\\/de\\\/product\\\/10624\\\/bambus-tischuhr-jenny-bedrucken-nachhaltig-analog-klein\\\/#wooCommerceOffer\",\"price\":\"4.03\",\"priceCurrency\":\"EUR\",\"category\":\"Promotionele Artikelen\",\"availability\":\"https:\\\/\\\/schema.org\\\/InStock\",\"priceSpecification\":{\"@type\":\"PriceSpecification\",\"price\":4.03,\"priceCurrency\":\"EUR\",\"valueAddedTaxIncluded\":\"true\"}}}]},{\"@type\":\"WebPage\",\"@id\":\"https:\\\/\\\/hidalgo.nl\\\/de\\\/product\\\/10624\\\/bambus-tischuhr-jenny-bedrucken-nachhaltig-analog-klein\\\/#webpage\",\"url\":\"https:\\\/\\\/hidalgo.nl\\\/de\\\/product\\\/10624\\\/bambus-tischuhr-jenny-bedrucken-nachhaltig-analog-klein\\\/\",\"name\":\"Bambus Tischuhr Jenny bedrucken nachhaltig analog klein\",\"description\":\"Mit dem Modell Jenny setzt du auf deinem Schreibtisch ein nat\\u00fcrliches Statement & l\\u00e4sst die Tischuhr mit Logo bedrucken f\\u00fcr einen bleibenden Eindruck. Du kannst diese nachhaltige B\\u00fcrouhr personalisieren, um deinen modernen Arbeitsalltag bei Kunden & Mitarbeitern funktional zu bereichern.\",\"inLanguage\":\"de-DE\",\"isPartOf\":{\"@id\":\"https:\\\/\\\/hidalgo.nl\\\/de\\\/#website\"},\"breadcrumb\":{\"@id\":\"https:\\\/\\\/hidalgo.nl\\\/de\\\/product\\\/10624\\\/bambus-tischuhr-jenny-bedrucken-nachhaltig-analog-klein\\\/#breadcrumblist\"},\"image\":{\"@type\":\"ImageObject\",\"url\":\"https:\\\/\\\/shop.hidalgo.nl\\\/wp-content\\\/uploads\\\/2025\\\/05\\\/5b44822b49afbb705507c2d453e18b5ec75f2cf61ba97e43bc24f1a192d79c7d.jpg\",\"@id\":\"https:\\\/\\\/hidalgo.nl\\\/de\\\/product\\\/10624\\\/bambus-tischuhr-jenny-bedrucken-nachhaltig-analog-klein\\\/#mainImage\",\"width\":984,\"height\":1000},\"primaryImageOfPage\":{\"@id\":\"https:\\\/\\\/hidalgo.nl\\\/de\\\/product\\\/10624\\\/bambus-tischuhr-jenny-bedrucken-nachhaltig-analog-klein\\\/#mainImage\"},\"datePublished\":\"2025-07-03T10:16:26+00:00\",\"dateModified\":\"2026-03-15T15:23:46+00:00\"},{\"@type\":\"WebSite\",\"@id\":\"https:\\\/\\\/hidalgo.nl\\\/de\\\/#website\",\"url\":\"https:\\\/\\\/hidalgo.nl\\\/de\\\/\",\"name\":\"Hidalgo\",\"inLanguage\":\"de-DE\",\"publisher\":{\"@id\":\"https:\\\/\\\/hidalgo.nl\\\/de\\\/#organization\"}}]}\n\t\t<\/script>\n\t\t<!-- All in One SEO Pro -->\r\n\t\t<title>Bambus Tischuhr Jenny bedrucken nachhaltig analog klein<\/title>\n\n","aioseo_head_json":{"title":"Bambus Tischuhr Jenny bedrucken nachhaltig analog klein","description":"Mit dem Modell Jenny setzt du auf deinem Schreibtisch ein nat\u00fcrliches Statement & l\u00e4sst die Tischuhr mit Logo bedrucken f\u00fcr einen bleibenden Eindruck. Du kannst diese nachhaltige B\u00fcrouhr personalisieren, um deinen modernen Arbeitsalltag bei Kunden & Mitarbeitern funktional zu bereichern.","canonical_url":"https:\/\/hidalgo.nl\/de\/wp-json\/wp\/v2\/product\/10624","robots":"max-image-preview:large","keywords":"","webmasterTools":{"miscellaneous":""},"schema":{"@context":"https:\/\/schema.org","@graph":[{"@type":"BreadcrumbList","@id":"https:\/\/hidalgo.nl\/de\/product\/10624\/bambus-tischuhr-jenny-bedrucken-nachhaltig-analog-klein\/#breadcrumblist","itemListElement":[{"@type":"ListItem","@id":"https:\/\/hidalgo.nl\/de\/#listItem","position":1,"name":"Home","item":"https:\/\/hidalgo.nl\/de\/","nextItem":{"@type":"ListItem","@id":"https:\/\/hidalgo.nl\/example\/#listItem","name":"example"}},{"@type":"ListItem","@id":"https:\/\/hidalgo.nl\/example\/#listItem","position":2,"name":"example","item":"https:\/\/hidalgo.nl\/example\/","nextItem":{"@type":"ListItem","@id":"https:\/\/hidalgo.nl\/en\/product-supplier\/a58\/#listItem","name":"A58"},"previousItem":{"@type":"ListItem","@id":"https:\/\/hidalgo.nl\/de\/#listItem","name":"Home"}},{"@type":"ListItem","@id":"https:\/\/hidalgo.nl\/en\/product-supplier\/a58\/#listItem","position":3,"name":"A58","item":"https:\/\/hidalgo.nl\/en\/product-supplier\/a58\/","nextItem":{"@type":"ListItem","@id":"https:\/\/hidalgo.nl\/de\/product\/10624\/bambus-tischuhr-jenny-bedrucken-nachhaltig-analog-klein\/#listItem","name":"Bamboe klok Jenny"},"previousItem":{"@type":"ListItem","@id":"https:\/\/hidalgo.nl\/example\/#listItem","name":"example"}},{"@type":"ListItem","@id":"https:\/\/hidalgo.nl\/de\/product\/10624\/bambus-tischuhr-jenny-bedrucken-nachhaltig-analog-klein\/#listItem","position":4,"name":"Bamboe klok Jenny","previousItem":{"@type":"ListItem","@id":"https:\/\/hidalgo.nl\/en\/product-supplier\/a58\/#listItem","name":"A58"}}]},{"@type":"Organization","@id":"https:\/\/hidalgo.nl\/de\/#organization","name":"Hidalgo","url":"https:\/\/hidalgo.nl\/de\/","logo":{"@type":"ImageObject","url":"https:\/\/shop.hidalgo.nl\/wp-content\/uploads\/2025\/11\/cropped-Hidalgo-est1993.png","@id":"https:\/\/hidalgo.nl\/de\/product\/10624\/bambus-tischuhr-jenny-bedrucken-nachhaltig-analog-klein\/#organizationLogo","width":585,"height":195},"image":{"@id":"https:\/\/hidalgo.nl\/de\/product\/10624\/bambus-tischuhr-jenny-bedrucken-nachhaltig-analog-klein\/#organizationLogo"}},{"@type":"ProductGroup","@id":"https:\/\/hidalgo.nl\/de\/product\/10624\/bambus-tischuhr-jenny-bedrucken-nachhaltig-analog-klein\/#wooCommerceProduct","name":"Bambus Tischuhr Jenny bedrucken nachhaltig analog klein","url":"https:\/\/hidalgo.nl\/de\/product\/10624\/bambus-tischuhr-jenny-bedrucken-nachhaltig-analog-klein\/","brand":{"@type":"Brand","name":"IMPRESSION"},"sku":"A58-1172418","image":{"@type":"ImageObject","url":"https:\/\/shop.hidalgo.nl\/wp-content\/uploads\/2025\/05\/5b44822b49afbb705507c2d453e18b5ec75f2cf61ba97e43bc24f1a192d79c7d.jpg","@id":"https:\/\/hidalgo.nl\/de\/product\/10624\/bambus-tischuhr-jenny-bedrucken-nachhaltig-analog-klein\/#productImage","width":984,"height":1000},"productGroupID":10624,"hasVariant":[{"@type":"Product","@id":"https:\/\/hidalgo.nl\/de\/product\/10624\/bambus-tischuhr-jenny-bedrucken-nachhaltig-analog-klein\/#wooCommerceProduct","name":"Bamboe klok Jenny - bruin,","url":"https:\/\/hidalgo.nl\/de\/product\/10624\/bambus-tischuhr-jenny-bedrucken-nachhaltig-analog-klein\/","sku":"A58-1172418-011999999","gtin":"8719446070516","image":{"@type":"ImageObject","url":"https:\/\/shop.hidalgo.nl\/wp-content\/uploads\/2025\/05\/6ba36bcfe451ba3ce62a5760324057a0674806e99b5cf5e0107f369f938ebbde.jpg","@id":"https:\/\/hidalgo.nl\/de\/product\/10624\/bambus-tischuhr-jenny-bedrucken-nachhaltig-analog-klein\/#productImage","width":954,"height":1000},"offers":{"@type":"Offer","url":"https:\/\/hidalgo.nl\/de\/product\/10624\/bambus-tischuhr-jenny-bedrucken-nachhaltig-analog-klein\/#wooCommerceOffer","price":"4.03","priceCurrency":"EUR","category":"Promotionele Artikelen","availability":"https:\/\/schema.org\/InStock","priceSpecification":{"@type":"PriceSpecification","price":4.03,"priceCurrency":"EUR","valueAddedTaxIncluded":"true"}}}]},{"@type":"WebPage","@id":"https:\/\/hidalgo.nl\/de\/product\/10624\/bambus-tischuhr-jenny-bedrucken-nachhaltig-analog-klein\/#webpage","url":"https:\/\/hidalgo.nl\/de\/product\/10624\/bambus-tischuhr-jenny-bedrucken-nachhaltig-analog-klein\/","name":"Bambus Tischuhr Jenny bedrucken nachhaltig analog klein","description":"Mit dem Modell Jenny setzt du auf deinem Schreibtisch ein nat\u00fcrliches Statement & l\u00e4sst die Tischuhr mit Logo bedrucken f\u00fcr einen bleibenden Eindruck. Du kannst diese nachhaltige B\u00fcrouhr personalisieren, um deinen modernen Arbeitsalltag bei Kunden & Mitarbeitern funktional zu bereichern.","inLanguage":"de-DE","isPartOf":{"@id":"https:\/\/hidalgo.nl\/de\/#website"},"breadcrumb":{"@id":"https:\/\/hidalgo.nl\/de\/product\/10624\/bambus-tischuhr-jenny-bedrucken-nachhaltig-analog-klein\/#breadcrumblist"},"image":{"@type":"ImageObject","url":"https:\/\/shop.hidalgo.nl\/wp-content\/uploads\/2025\/05\/5b44822b49afbb705507c2d453e18b5ec75f2cf61ba97e43bc24f1a192d79c7d.jpg","@id":"https:\/\/hidalgo.nl\/de\/product\/10624\/bambus-tischuhr-jenny-bedrucken-nachhaltig-analog-klein\/#mainImage","width":984,"height":1000},"primaryImageOfPage":{"@id":"https:\/\/hidalgo.nl\/de\/product\/10624\/bambus-tischuhr-jenny-bedrucken-nachhaltig-analog-klein\/#mainImage"},"datePublished":"2025-07-03T10:16:26+00:00","dateModified":"2026-03-15T15:23:46+00:00"},{"@type":"WebSite","@id":"https:\/\/hidalgo.nl\/de\/#website","url":"https:\/\/hidalgo.nl\/de\/","name":"Hidalgo","inLanguage":"de-DE","publisher":{"@id":"https:\/\/hidalgo.nl\/de\/#organization"}}]},"og:locale":"de_DE","og:site_name":"Hidalgo -","og:type":"article","og:title":"Bambus Tischuhr Jenny bedrucken nachhaltig analog klein","og:description":"Mit dem Modell Jenny setzt du auf deinem Schreibtisch ein nat\u00fcrliches Statement &amp; l\u00e4sst die Tischuhr mit Logo bedrucken f\u00fcr einen bleibenden Eindruck. Du kannst diese nachhaltige B\u00fcrouhr personalisieren, um deinen modernen Arbeitsalltag bei Kunden &amp; Mitarbeitern funktional zu bereichern.","og:url":"https:\/\/hidalgo.nl\/de\/wp-json\/wp\/v2\/product\/10624","og:image":"https:\/\/shop.hidalgo.nl\/wp-content\/uploads\/2025\/11\/cropped-Hidalgo-est1993.png","og:image:secure_url":"https:\/\/shop.hidalgo.nl\/wp-content\/uploads\/2025\/11\/cropped-Hidalgo-est1993.png","article:published_time":"2025-07-03T10:16:26+00:00","article:modified_time":"2026-03-15T15:23:46+00:00","twitter:card":"summary_large_image","twitter:title":"Bambus Tischuhr Jenny bedrucken nachhaltig analog klein","twitter:description":"Mit dem Modell Jenny setzt du auf deinem Schreibtisch ein nat\u00fcrliches Statement &amp; l\u00e4sst die Tischuhr mit Logo bedrucken f\u00fcr einen bleibenden Eindruck. Du kannst diese nachhaltige B\u00fcrouhr personalisieren, um deinen modernen Arbeitsalltag bei Kunden &amp; Mitarbeitern funktional zu bereichern.","twitter:image":"https:\/\/shop.hidalgo.nl\/wp-content\/uploads\/2025\/11\/cropped-Hidalgo-est1993.png"},"aioseo_meta_data":{"post_id":"10624","title":null,"description":null,"keywords":null,"keyphrases":null,"primary_term":null,"canonical_url":null,"og_title":null,"og_description":null,"og_object_type":"default","og_image_type":"default","og_image_url":null,"og_image_width":null,"og_image_height":null,"og_image_custom_url":null,"og_image_custom_fields":null,"og_video":null,"og_custom_url":null,"og_article_section":null,"og_article_tags":null,"twitter_use_og":false,"twitter_card":"default","twitter_image_type":"default","twitter_image_url":null,"twitter_image_custom_url":null,"twitter_image_custom_fields":null,"twitter_title":null,"twitter_description":null,"schema":{"blockGraphs":[],"customGraphs":[],"default":{"data":{"Article":[],"Course":[],"Dataset":[],"FAQPage":[],"Movie":[],"Person":[],"Product":[],"ProductReview":[],"Car":[],"Recipe":[],"Service":[],"SoftwareApplication":[],"WebPage":[]},"graphName":"","isEnabled":true},"graphs":[]},"schema_type":"default","schema_type_options":null,"pillar_content":false,"robots_default":true,"robots_noindex":false,"robots_noarchive":false,"robots_nosnippet":false,"robots_nofollow":false,"robots_noimageindex":false,"robots_noodp":false,"robots_notranslate":false,"robots_max_snippet":null,"robots_max_videopreview":null,"robots_max_imagepreview":"large","priority":null,"frequency":null,"local_seo":null,"seo_analyzer_scan_date":"2026-01-22 11:46:52","breadcrumb_settings":null,"limit_modified_date":false,"reviewed_by":null,"open_ai":null,"ai":null,"created":"2026-01-14 06:17:37","updated":"2026-04-23 12:26:28"},"aioseo_breadcrumb":"<div class=\"aioseo-breadcrumbs\"><span class=\"aioseo-breadcrumb\">\n\t<a href=\"https:\/\/hidalgo.nl\/de\/\" title=\"Home\">Home<\/a>\n<\/span><span class=\"aioseo-breadcrumb-separator\">\u00bb<\/span><span class=\"aioseo-breadcrumb\">\n\t<a href=\"https:\/\/hidalgo.nl\/example\/\" title=\"example\">example<\/a>\n<\/span><span class=\"aioseo-breadcrumb-separator\">\u00bb<\/span><span class=\"aioseo-breadcrumb\">\n\t<a href=\"https:\/\/hidalgo.nl\/en\/product-supplier\/a58\/\" title=\"A58\">A58<\/a>\n<\/span><span class=\"aioseo-breadcrumb-separator\">\u00bb<\/span><span class=\"aioseo-breadcrumb\">\n\tBamboe klok Jenny\n<\/span><\/div>","aioseo_breadcrumb_json":[{"label":"Home","link":"https:\/\/hidalgo.nl\/de\/"},{"label":"example","link":"https:\/\/hidalgo.nl\/example\/"},{"label":"A58","link":"https:\/\/hidalgo.nl\/en\/product-supplier\/a58\/"},{"label":"Bamboe klok Jenny","link":"https:\/\/hidalgo.nl\/de\/product\/10624\/bambus-tischuhr-jenny-bedrucken-nachhaltig-analog-klein\/"}],"_links":{"self":[{"href":"https:\/\/hidalgo.nl\/de\/wp-json\/wp\/v2\/product\/10624","targetHints":{"allow":["GET"]}}],"collection":[{"href":"https:\/\/hidalgo.nl\/de\/wp-json\/wp\/v2\/product"}],"about":[{"href":"https:\/\/hidalgo.nl\/de\/wp-json\/wp\/v2\/types\/product"}],"wp:featuredmedia":[{"embeddable":true,"href":"https:\/\/hidalgo.nl\/de\/wp-json\/wp\/v2\/media\/10625"}],"wp:attachment":[{"href":"https:\/\/hidalgo.nl\/de\/wp-json\/wp\/v2\/media?parent=10624"}],"wp:term":[{"taxonomy":"product_brand","embeddable":true,"href":"https:\/\/hidalgo.nl\/de\/wp-json\/wp\/v2\/product_brand?post=10624"},{"taxonomy":"product_cat","embeddable":true,"href":"https:\/\/hidalgo.nl\/de\/wp-json\/wp\/v2\/product_cat?post=10624"},{"taxonomy":"product_tag","embeddable":true,"href":"https:\/\/hidalgo.nl\/de\/wp-json\/wp\/v2\/product_tag?post=10624"}],"curies":[{"name":"wp","href":"https:\/\/api.w.org\/{rel}","templated":true}]}}