{"id":1039,"date":"2025-05-16T13:05:54","date_gmt":"2025-05-16T13:05:54","guid":{"rendered":"https:\/\/bidonsenshakers.pim.hidalgo.nl\/product\/fraenck-james-backpack-17-rugzak\/"},"modified":"2026-02-28T10:38:08","modified_gmt":"2026-02-28T10:38:08","slug":"fraenck-james-backpack-17-rugzak","status":"publish","type":"product","link":"https:\/\/hidalgo.nl\/de\/product\/fraenck-james-backpack-17-rugzak\/","title":{"rendered":"Fraenck James Backpack 17&#8243; rugzak"},"content":{"rendered":"<p>Stoere rugzak van het merk Fraenck. Gemaakt van imitatieleer en ge\u00fcpcycled zeildoek. Het stevige en waterafstotende materiaal komt van ge\u00fcpcyclede restantmaterialen uit de zeilmakerij. Het royale binnenvak is voorzien van een extra vak geschikt voor het opbergen van een laptop tot 17 inch. Met een stevige ritssluiting, verstelbare schouderbanden en een draaglus. Een tijdloos design. Made in Holland. Inhoud ca. 14 liter.<\/p>\n","protected":false},"excerpt":{"rendered":"<p>Stoere rugzak van het merk Fraenck. Gemaakt van imitatieleer en ge\u00fcpcycled zeildoek. Het stevige en waterafstotende materiaal komt van ge\u00fcpcyclede restantmaterialen uit de zeilmakerij. Het royale binnenvak is voorzien van een extra vak geschikt voor het opbergen van een laptop tot 17 inch. Met een stevige ritssluiting, verstelbare schouderbanden en een draaglus. Een tijdloos design.&hellip; <a class=\"more-link\" href=\"https:\/\/hidalgo.nl\/de\/product\/fraenck-james-backpack-17-rugzak\/\"><span class=\"screen-reader-text\">Fraenck James Backpack 17&#8243; rugzak<\/span> weiterlesen<\/a><\/p>\n","protected":false},"featured_media":592124,"template":"","meta":{"_acf_changed":false,"om_disable_all_campaigns":false,"_monsterinsights_skip_tracking":false,"_monsterinsights_sitenote_active":false,"_monsterinsights_sitenote_note":"","_monsterinsights_sitenote_category":0},"product_brand":[102],"product_cat":[4795,4796,4713],"product_tag":[],"class_list":{"0":"post-1039","1":"product","2":"type-product","3":"status-publish","4":"has-post-thumbnail","6":"product_supplier-a508","7":"product_material-geupcycled-imitatieleergeupcycled-dekzeilgeupcycled-polyester","8":"product_brand-fraenck","9":"product_cat-rugtassen","10":"product_cat-rugzakken","11":"product_cat-tassen","12":"entry","14":"first","15":"instock","16":"taxable","17":"shipping-taxable","18":"purchasable","19":"product-type-variable"},"acf":{"imprint_cost":[{"imprint_cost_key":"7279ddda8a8e2a91b5a29affed9e45c71f97ee68","product_quantity_price_range":[{"imprint_cost_recommended_selling_price":"2.34","imprint_cost_recommended_selling_quantity":"1"},{"imprint_cost_recommended_selling_price":"2.07","imprint_cost_recommended_selling_quantity":"25"},{"imprint_cost_recommended_selling_price":"1.44","imprint_cost_recommended_selling_quantity":"50"},{"imprint_cost_recommended_selling_price":"0.96","imprint_cost_recommended_selling_quantity":"100"},{"imprint_cost_recommended_selling_price":"0.75","imprint_cost_recommended_selling_quantity":"250"},{"imprint_cost_recommended_selling_price":"0.63","imprint_cost_recommended_selling_quantity":"500"},{"imprint_cost_recommended_selling_price":"0.57","imprint_cost_recommended_selling_quantity":"1000"},{"imprint_cost_recommended_selling_price":"0.465","imprint_cost_recommended_selling_quantity":"2500"},{"imprint_cost_recommended_selling_price":"0.435","imprint_cost_recommended_selling_quantity":"5000"}],"product_quantity_price_range_buying":[{"imprint_cost_general_buying_price":"1.56","imprint_cost_general_buying_quantity":"1"},{"imprint_cost_general_buying_price":"1.38","imprint_cost_general_buying_quantity":"25"},{"imprint_cost_general_buying_price":"0.96","imprint_cost_general_buying_quantity":"50"},{"imprint_cost_general_buying_price":"0.64","imprint_cost_general_buying_quantity":"100"},{"imprint_cost_general_buying_price":"0.5","imprint_cost_general_buying_quantity":"250"},{"imprint_cost_general_buying_price":"0.42","imprint_cost_general_buying_quantity":"500"},{"imprint_cost_general_buying_price":"0.38","imprint_cost_general_buying_quantity":"1000"},{"imprint_cost_general_buying_price":"0.31","imprint_cost_general_buying_quantity":"2500"},{"imprint_cost_general_buying_price":"0.29","imprint_cost_general_buying_quantity":"5000"}],"imprint_cost_setup_costs":"45","imprint_cost_handling_costs":"0.15"},{"imprint_cost_key":"3c81a03a68929d6a48c8a04c04e69db8d1f733e0","product_quantity_price_range":[{"imprint_cost_recommended_selling_price":"1.875","imprint_cost_recommended_selling_quantity":"1"},{"imprint_cost_recommended_selling_price":"1.725","imprint_cost_recommended_selling_quantity":"25"},{"imprint_cost_recommended_selling_price":"1.575","imprint_cost_recommended_selling_quantity":"50"},{"imprint_cost_recommended_selling_price":"1.5","imprint_cost_recommended_selling_quantity":"100"},{"imprint_cost_recommended_selling_price":"1.425","imprint_cost_recommended_selling_quantity":"250"},{"imprint_cost_recommended_selling_price":"1.35","imprint_cost_recommended_selling_quantity":"500"},{"imprint_cost_recommended_selling_price":"1.275","imprint_cost_recommended_selling_quantity":"1000"},{"imprint_cost_recommended_selling_price":"1.23","imprint_cost_recommended_selling_quantity":"2500"},{"imprint_cost_recommended_selling_price":"1.2","imprint_cost_recommended_selling_quantity":"5000"}],"product_quantity_price_range_buying":[{"imprint_cost_general_buying_price":"1.25","imprint_cost_general_buying_quantity":"1"},{"imprint_cost_general_buying_price":"1.15","imprint_cost_general_buying_quantity":"25"},{"imprint_cost_general_buying_price":"1.05","imprint_cost_general_buying_quantity":"50"},{"imprint_cost_general_buying_price":"1","imprint_cost_general_buying_quantity":"100"},{"imprint_cost_general_buying_price":"0.95","imprint_cost_general_buying_quantity":"250"},{"imprint_cost_general_buying_price":"0.9","imprint_cost_general_buying_quantity":"500"},{"imprint_cost_general_buying_price":"0.85","imprint_cost_general_buying_quantity":"1000"},{"imprint_cost_general_buying_price":"0.82","imprint_cost_general_buying_quantity":"2500"},{"imprint_cost_general_buying_price":"0.8","imprint_cost_general_buying_quantity":"5000"}],"imprint_cost_setup_costs":"52.5","imprint_cost_handling_costs":"0"}]},"aioseo_notices":[],"aioseo_head":"\n\t\t<!-- All in One SEO Pro 4.9.6.1 - aioseo.com -->\n\t<meta name=\"description\" content=\"Fraenck James setzt auf upcycled Planenmaterial, ideal f\u00fcr 20-40-J\u00e4hrige im B\u00fcro &amp; auf Events. Das gepolsterte Fach sch\u00fctzt deinen Laptop bis 17 Zoll. Hidalgo druckt dein Logo sichtbar f\u00fcr starke Pr\u00e4senz.\" \/>\n\t<meta name=\"robots\" content=\"max-image-preview:large\" \/>\n\t<link rel=\"canonical\" href=\"https:\/\/hidalgo.nl\/de\/wp-json\/wp\/v2\/product\/1039\" \/>\n\t<meta name=\"generator\" content=\"All in One SEO Pro (AIOSEO) 4.9.6.1\" \/>\n\t\t<meta property=\"og:locale\" content=\"de_DE\" \/>\n\t\t<meta property=\"og:site_name\" content=\"Hidalgo -\" \/>\n\t\t<meta property=\"og:type\" content=\"article\" \/>\n\t\t<meta property=\"og:title\" content=\"Fraenck James Backpack 17\u2033 rugzak\" \/>\n\t\t<meta property=\"og:description\" content=\"Fraenck James setzt auf upcycled Planenmaterial, ideal f\u00fcr 20-40-J\u00e4hrige im B\u00fcro &amp; auf Events. Das gepolsterte Fach sch\u00fctzt deinen Laptop bis 17 Zoll. Hidalgo druckt dein Logo sichtbar f\u00fcr starke Pr\u00e4senz.\" \/>\n\t\t<meta property=\"og:url\" content=\"https:\/\/hidalgo.nl\/de\/wp-json\/wp\/v2\/product\/1039\" \/>\n\t\t<meta property=\"og:image\" content=\"https:\/\/shop.hidalgo.nl\/wp-content\/uploads\/2025\/11\/cropped-Hidalgo-est1993.png\" \/>\n\t\t<meta property=\"og:image:secure_url\" content=\"https:\/\/shop.hidalgo.nl\/wp-content\/uploads\/2025\/11\/cropped-Hidalgo-est1993.png\" \/>\n\t\t<meta property=\"article:published_time\" content=\"2025-05-16T13:05:54+00:00\" \/>\n\t\t<meta property=\"article:modified_time\" content=\"2026-02-28T10:38:08+00:00\" \/>\n\t\t<meta name=\"twitter:card\" content=\"summary_large_image\" \/>\n\t\t<meta name=\"twitter:title\" content=\"Fraenck James Backpack 17\u2033 rugzak\" \/>\n\t\t<meta name=\"twitter:description\" content=\"Fraenck James setzt auf upcycled Planenmaterial, ideal f\u00fcr 20-40-J\u00e4hrige im B\u00fcro &amp; auf Events. Das gepolsterte Fach sch\u00fctzt deinen Laptop bis 17 Zoll. Hidalgo druckt dein Logo sichtbar f\u00fcr starke Pr\u00e4senz.\" \/>\n\t\t<meta name=\"twitter:image\" content=\"https:\/\/shop.hidalgo.nl\/wp-content\/uploads\/2025\/11\/cropped-Hidalgo-est1993.png\" \/>\n\t\t<script type=\"application\/ld+json\" class=\"aioseo-schema\">\n\t\t\t{\"@context\":\"https:\\\/\\\/schema.org\",\"@graph\":[{\"@type\":\"BreadcrumbList\",\"@id\":\"https:\\\/\\\/hidalgo.nl\\\/de\\\/product\\\/fraenck-james-backpack-17-rugzak\\\/#breadcrumblist\",\"itemListElement\":[{\"@type\":\"ListItem\",\"@id\":\"https:\\\/\\\/hidalgo.nl\\\/de\\\/#listItem\",\"position\":1,\"name\":\"Home\",\"item\":\"https:\\\/\\\/hidalgo.nl\\\/de\\\/\",\"nextItem\":{\"@type\":\"ListItem\",\"@id\":\"https:\\\/\\\/hidalgo.nl\\\/example\\\/#listItem\",\"name\":\"example\"}},{\"@type\":\"ListItem\",\"@id\":\"https:\\\/\\\/hidalgo.nl\\\/example\\\/#listItem\",\"position\":2,\"name\":\"example\",\"item\":\"https:\\\/\\\/hidalgo.nl\\\/example\\\/\",\"nextItem\":{\"@type\":\"ListItem\",\"@id\":\"https:\\\/\\\/hidalgo.nl\\\/en\\\/product-supplier\\\/a508\\\/#listItem\",\"name\":\"A508\"},\"previousItem\":{\"@type\":\"ListItem\",\"@id\":\"https:\\\/\\\/hidalgo.nl\\\/de\\\/#listItem\",\"name\":\"Home\"}},{\"@type\":\"ListItem\",\"@id\":\"https:\\\/\\\/hidalgo.nl\\\/en\\\/product-supplier\\\/a508\\\/#listItem\",\"position\":3,\"name\":\"A508\",\"item\":\"https:\\\/\\\/hidalgo.nl\\\/en\\\/product-supplier\\\/a508\\\/\",\"nextItem\":{\"@type\":\"ListItem\",\"@id\":\"https:\\\/\\\/hidalgo.nl\\\/de\\\/product\\\/fraenck-james-backpack-17-rugzak\\\/#listItem\",\"name\":\"Fraenck James Backpack 17&#8243; rugzak\"},\"previousItem\":{\"@type\":\"ListItem\",\"@id\":\"https:\\\/\\\/hidalgo.nl\\\/example\\\/#listItem\",\"name\":\"example\"}},{\"@type\":\"ListItem\",\"@id\":\"https:\\\/\\\/hidalgo.nl\\\/de\\\/product\\\/fraenck-james-backpack-17-rugzak\\\/#listItem\",\"position\":4,\"name\":\"Fraenck James Backpack 17&#8243; rugzak\",\"previousItem\":{\"@type\":\"ListItem\",\"@id\":\"https:\\\/\\\/hidalgo.nl\\\/en\\\/product-supplier\\\/a508\\\/#listItem\",\"name\":\"A508\"}}]},{\"@type\":\"ItemPage\",\"@id\":\"https:\\\/\\\/hidalgo.nl\\\/de\\\/product\\\/fraenck-james-backpack-17-rugzak\\\/#itempage\",\"url\":\"https:\\\/\\\/hidalgo.nl\\\/de\\\/product\\\/fraenck-james-backpack-17-rugzak\\\/\",\"name\":\"Fraenck James Backpack 17\\u2033 rugzak\",\"description\":\"Fraenck James setzt auf upcycled Planenmaterial, ideal f\\u00fcr 20-40-J\\u00e4hrige im B\\u00fcro & auf Events. Das gepolsterte Fach sch\\u00fctzt deinen Laptop bis 17 Zoll. Hidalgo druckt dein Logo sichtbar f\\u00fcr starke Pr\\u00e4senz.\",\"inLanguage\":\"de-DE\",\"isPartOf\":{\"@id\":\"https:\\\/\\\/hidalgo.nl\\\/de\\\/#website\"},\"breadcrumb\":{\"@id\":\"https:\\\/\\\/hidalgo.nl\\\/de\\\/product\\\/fraenck-james-backpack-17-rugzak\\\/#breadcrumblist\"},\"image\":{\"@type\":\"ImageObject\",\"url\":\"https:\\\/\\\/shop.hidalgo.nl\\\/wp-content\\\/uploads\\\/2025\\\/04\\\/7a3f72cb7a1811f8fe43258badef09485cc502cae3ed5e613ed0275626e3932d.jpg\",\"@id\":\"https:\\\/\\\/hidalgo.nl\\\/de\\\/product\\\/fraenck-james-backpack-17-rugzak\\\/#mainImage\"},\"primaryImageOfPage\":{\"@id\":\"https:\\\/\\\/hidalgo.nl\\\/de\\\/product\\\/fraenck-james-backpack-17-rugzak\\\/#mainImage\"},\"datePublished\":\"2025-05-16T13:05:54+00:00\",\"dateModified\":\"2026-02-28T10:38:08+00:00\"},{\"@type\":\"Organization\",\"@id\":\"https:\\\/\\\/hidalgo.nl\\\/de\\\/#organization\",\"name\":\"Hidalgo\",\"url\":\"https:\\\/\\\/hidalgo.nl\\\/de\\\/\",\"logo\":{\"@type\":\"ImageObject\",\"url\":\"https:\\\/\\\/shop.hidalgo.nl\\\/wp-content\\\/uploads\\\/2025\\\/11\\\/cropped-Hidalgo-est1993.png\",\"@id\":\"https:\\\/\\\/hidalgo.nl\\\/de\\\/product\\\/fraenck-james-backpack-17-rugzak\\\/#organizationLogo\",\"width\":585,\"height\":195},\"image\":{\"@id\":\"https:\\\/\\\/hidalgo.nl\\\/de\\\/product\\\/fraenck-james-backpack-17-rugzak\\\/#organizationLogo\"}},{\"@type\":\"WebPage\",\"@id\":\"https:\\\/\\\/hidalgo.nl\\\/de\\\/product\\\/fraenck-james-backpack-17-rugzak\\\/#webpage\",\"url\":\"https:\\\/\\\/hidalgo.nl\\\/de\\\/product\\\/fraenck-james-backpack-17-rugzak\\\/\",\"name\":\"Fraenck James Backpack 17\\u2033 rugzak\",\"description\":\"Fraenck James setzt auf upcycled Planenmaterial, ideal f\\u00fcr 20-40-J\\u00e4hrige im B\\u00fcro & auf Events. Das gepolsterte Fach sch\\u00fctzt deinen Laptop bis 17 Zoll. Hidalgo druckt dein Logo sichtbar f\\u00fcr starke Pr\\u00e4senz.\",\"inLanguage\":\"de-DE\",\"isPartOf\":{\"@id\":\"https:\\\/\\\/hidalgo.nl\\\/de\\\/#website\"},\"breadcrumb\":{\"@id\":\"https:\\\/\\\/hidalgo.nl\\\/de\\\/product\\\/fraenck-james-backpack-17-rugzak\\\/#breadcrumblist\"},\"image\":{\"@type\":\"ImageObject\",\"url\":\"https:\\\/\\\/shop.hidalgo.nl\\\/wp-content\\\/uploads\\\/2025\\\/04\\\/7a3f72cb7a1811f8fe43258badef09485cc502cae3ed5e613ed0275626e3932d.jpg\",\"@id\":\"https:\\\/\\\/hidalgo.nl\\\/de\\\/product\\\/fraenck-james-backpack-17-rugzak\\\/#mainImage\"},\"primaryImageOfPage\":{\"@id\":\"https:\\\/\\\/hidalgo.nl\\\/de\\\/product\\\/fraenck-james-backpack-17-rugzak\\\/#mainImage\"},\"datePublished\":\"2025-05-16T13:05:54+00:00\",\"dateModified\":\"2026-02-28T10:38:08+00:00\"},{\"@type\":\"WebSite\",\"@id\":\"https:\\\/\\\/hidalgo.nl\\\/de\\\/#website\",\"url\":\"https:\\\/\\\/hidalgo.nl\\\/de\\\/\",\"name\":\"Hidalgo\",\"inLanguage\":\"de-DE\",\"publisher\":{\"@id\":\"https:\\\/\\\/hidalgo.nl\\\/de\\\/#organization\"}}]}\n\t\t<\/script>\n\t\t<!-- All in One SEO Pro -->\r\n\t\t<title>Fraenck James Backpack 17\u2033 rugzak<\/title>\n\n","aioseo_head_json":{"title":"Fraenck James Backpack 17\u2033 rugzak","description":"Fraenck James setzt auf upcycled Planenmaterial, ideal f\u00fcr 20-40-J\u00e4hrige im B\u00fcro & auf Events. Das gepolsterte Fach sch\u00fctzt deinen Laptop bis 17 Zoll. Hidalgo druckt dein Logo sichtbar f\u00fcr starke Pr\u00e4senz.","canonical_url":"https:\/\/hidalgo.nl\/de\/wp-json\/wp\/v2\/product\/1039","robots":"max-image-preview:large","keywords":"","webmasterTools":{"miscellaneous":""},"schema":{"@context":"https:\/\/schema.org","@graph":[{"@type":"BreadcrumbList","@id":"https:\/\/hidalgo.nl\/de\/product\/fraenck-james-backpack-17-rugzak\/#breadcrumblist","itemListElement":[{"@type":"ListItem","@id":"https:\/\/hidalgo.nl\/de\/#listItem","position":1,"name":"Home","item":"https:\/\/hidalgo.nl\/de\/","nextItem":{"@type":"ListItem","@id":"https:\/\/hidalgo.nl\/example\/#listItem","name":"example"}},{"@type":"ListItem","@id":"https:\/\/hidalgo.nl\/example\/#listItem","position":2,"name":"example","item":"https:\/\/hidalgo.nl\/example\/","nextItem":{"@type":"ListItem","@id":"https:\/\/hidalgo.nl\/en\/product-supplier\/a508\/#listItem","name":"A508"},"previousItem":{"@type":"ListItem","@id":"https:\/\/hidalgo.nl\/de\/#listItem","name":"Home"}},{"@type":"ListItem","@id":"https:\/\/hidalgo.nl\/en\/product-supplier\/a508\/#listItem","position":3,"name":"A508","item":"https:\/\/hidalgo.nl\/en\/product-supplier\/a508\/","nextItem":{"@type":"ListItem","@id":"https:\/\/hidalgo.nl\/de\/product\/fraenck-james-backpack-17-rugzak\/#listItem","name":"Fraenck James Backpack 17&#8243; rugzak"},"previousItem":{"@type":"ListItem","@id":"https:\/\/hidalgo.nl\/example\/#listItem","name":"example"}},{"@type":"ListItem","@id":"https:\/\/hidalgo.nl\/de\/product\/fraenck-james-backpack-17-rugzak\/#listItem","position":4,"name":"Fraenck James Backpack 17&#8243; rugzak","previousItem":{"@type":"ListItem","@id":"https:\/\/hidalgo.nl\/en\/product-supplier\/a508\/#listItem","name":"A508"}}]},{"@type":"ItemPage","@id":"https:\/\/hidalgo.nl\/de\/product\/fraenck-james-backpack-17-rugzak\/#itempage","url":"https:\/\/hidalgo.nl\/de\/product\/fraenck-james-backpack-17-rugzak\/","name":"Fraenck James Backpack 17\u2033 rugzak","description":"Fraenck James setzt auf upcycled Planenmaterial, ideal f\u00fcr 20-40-J\u00e4hrige im B\u00fcro & auf Events. Das gepolsterte Fach sch\u00fctzt deinen Laptop bis 17 Zoll. Hidalgo druckt dein Logo sichtbar f\u00fcr starke Pr\u00e4senz.","inLanguage":"de-DE","isPartOf":{"@id":"https:\/\/hidalgo.nl\/de\/#website"},"breadcrumb":{"@id":"https:\/\/hidalgo.nl\/de\/product\/fraenck-james-backpack-17-rugzak\/#breadcrumblist"},"image":{"@type":"ImageObject","url":"https:\/\/shop.hidalgo.nl\/wp-content\/uploads\/2025\/04\/7a3f72cb7a1811f8fe43258badef09485cc502cae3ed5e613ed0275626e3932d.jpg","@id":"https:\/\/hidalgo.nl\/de\/product\/fraenck-james-backpack-17-rugzak\/#mainImage"},"primaryImageOfPage":{"@id":"https:\/\/hidalgo.nl\/de\/product\/fraenck-james-backpack-17-rugzak\/#mainImage"},"datePublished":"2025-05-16T13:05:54+00:00","dateModified":"2026-02-28T10:38:08+00:00"},{"@type":"Organization","@id":"https:\/\/hidalgo.nl\/de\/#organization","name":"Hidalgo","url":"https:\/\/hidalgo.nl\/de\/","logo":{"@type":"ImageObject","url":"https:\/\/shop.hidalgo.nl\/wp-content\/uploads\/2025\/11\/cropped-Hidalgo-est1993.png","@id":"https:\/\/hidalgo.nl\/de\/product\/fraenck-james-backpack-17-rugzak\/#organizationLogo","width":585,"height":195},"image":{"@id":"https:\/\/hidalgo.nl\/de\/product\/fraenck-james-backpack-17-rugzak\/#organizationLogo"}},{"@type":"WebPage","@id":"https:\/\/hidalgo.nl\/de\/product\/fraenck-james-backpack-17-rugzak\/#webpage","url":"https:\/\/hidalgo.nl\/de\/product\/fraenck-james-backpack-17-rugzak\/","name":"Fraenck James Backpack 17\u2033 rugzak","description":"Fraenck James setzt auf upcycled Planenmaterial, ideal f\u00fcr 20-40-J\u00e4hrige im B\u00fcro & auf Events. Das gepolsterte Fach sch\u00fctzt deinen Laptop bis 17 Zoll. Hidalgo druckt dein Logo sichtbar f\u00fcr starke Pr\u00e4senz.","inLanguage":"de-DE","isPartOf":{"@id":"https:\/\/hidalgo.nl\/de\/#website"},"breadcrumb":{"@id":"https:\/\/hidalgo.nl\/de\/product\/fraenck-james-backpack-17-rugzak\/#breadcrumblist"},"image":{"@type":"ImageObject","url":"https:\/\/shop.hidalgo.nl\/wp-content\/uploads\/2025\/04\/7a3f72cb7a1811f8fe43258badef09485cc502cae3ed5e613ed0275626e3932d.jpg","@id":"https:\/\/hidalgo.nl\/de\/product\/fraenck-james-backpack-17-rugzak\/#mainImage"},"primaryImageOfPage":{"@id":"https:\/\/hidalgo.nl\/de\/product\/fraenck-james-backpack-17-rugzak\/#mainImage"},"datePublished":"2025-05-16T13:05:54+00:00","dateModified":"2026-02-28T10:38:08+00:00"},{"@type":"WebSite","@id":"https:\/\/hidalgo.nl\/de\/#website","url":"https:\/\/hidalgo.nl\/de\/","name":"Hidalgo","inLanguage":"de-DE","publisher":{"@id":"https:\/\/hidalgo.nl\/de\/#organization"}}]},"og:locale":"de_DE","og:site_name":"Hidalgo -","og:type":"article","og:title":"Fraenck James Backpack 17\u2033 rugzak","og:description":"Fraenck James setzt auf upcycled Planenmaterial, ideal f\u00fcr 20-40-J\u00e4hrige im B\u00fcro &amp; auf Events. Das gepolsterte Fach sch\u00fctzt deinen Laptop bis 17 Zoll. Hidalgo druckt dein Logo sichtbar f\u00fcr starke Pr\u00e4senz.","og:url":"https:\/\/hidalgo.nl\/de\/wp-json\/wp\/v2\/product\/1039","og:image":"https:\/\/shop.hidalgo.nl\/wp-content\/uploads\/2025\/11\/cropped-Hidalgo-est1993.png","og:image:secure_url":"https:\/\/shop.hidalgo.nl\/wp-content\/uploads\/2025\/11\/cropped-Hidalgo-est1993.png","article:published_time":"2025-05-16T13:05:54+00:00","article:modified_time":"2026-02-28T10:38:08+00:00","twitter:card":"summary_large_image","twitter:title":"Fraenck James Backpack 17\u2033 rugzak","twitter:description":"Fraenck James setzt auf upcycled Planenmaterial, ideal f\u00fcr 20-40-J\u00e4hrige im B\u00fcro &amp; auf Events. Das gepolsterte Fach sch\u00fctzt deinen Laptop bis 17 Zoll. Hidalgo druckt dein Logo sichtbar f\u00fcr starke Pr\u00e4senz.","twitter:image":"https:\/\/shop.hidalgo.nl\/wp-content\/uploads\/2025\/11\/cropped-Hidalgo-est1993.png"},"aioseo_meta_data":{"post_id":"1039","title":null,"description":null,"keywords":null,"keyphrases":null,"primary_term":null,"canonical_url":null,"og_title":null,"og_description":null,"og_object_type":"default","og_image_type":"default","og_image_url":null,"og_image_width":null,"og_image_height":null,"og_image_custom_url":null,"og_image_custom_fields":null,"og_video":null,"og_custom_url":null,"og_article_section":null,"og_article_tags":null,"twitter_use_og":false,"twitter_card":"default","twitter_image_type":"default","twitter_image_url":null,"twitter_image_custom_url":null,"twitter_image_custom_fields":null,"twitter_title":null,"twitter_description":null,"schema":{"blockGraphs":[],"customGraphs":[],"default":{"data":{"Article":[],"Course":[],"Dataset":[],"FAQPage":[],"Movie":[],"Person":[],"Product":[],"ProductReview":[],"Car":[],"Recipe":[],"Service":[],"SoftwareApplication":[],"WebPage":[]},"graphName":"","isEnabled":true},"graphs":[]},"schema_type":"default","schema_type_options":null,"pillar_content":false,"robots_default":true,"robots_noindex":false,"robots_noarchive":false,"robots_nosnippet":false,"robots_nofollow":false,"robots_noimageindex":false,"robots_noodp":false,"robots_notranslate":false,"robots_max_snippet":null,"robots_max_videopreview":null,"robots_max_imagepreview":"large","priority":null,"frequency":null,"local_seo":null,"seo_analyzer_scan_date":"2026-01-15 16:58:35","breadcrumb_settings":null,"limit_modified_date":false,"reviewed_by":null,"open_ai":null,"ai":null,"created":"2026-01-14 06:17:37","updated":"2026-02-28 13:07:01"},"aioseo_breadcrumb":"<div class=\"aioseo-breadcrumbs\"><span class=\"aioseo-breadcrumb\">\n\t<a href=\"https:\/\/hidalgo.nl\/de\/\" title=\"Home\">Home<\/a>\n<\/span><span class=\"aioseo-breadcrumb-separator\">\u00bb<\/span><span class=\"aioseo-breadcrumb\">\n\t<a href=\"https:\/\/hidalgo.nl\/example\/\" title=\"example\">example<\/a>\n<\/span><span class=\"aioseo-breadcrumb-separator\">\u00bb<\/span><span class=\"aioseo-breadcrumb\">\n\t<a href=\"https:\/\/hidalgo.nl\/en\/product-supplier\/a508\/\" title=\"A508\">A508<\/a>\n<\/span><span class=\"aioseo-breadcrumb-separator\">\u00bb<\/span><span class=\"aioseo-breadcrumb\">\n\tFraenck James Backpack 17\u2033 rugzak\n<\/span><\/div>","aioseo_breadcrumb_json":[{"label":"Home","link":"https:\/\/hidalgo.nl\/de\/"},{"label":"example","link":"https:\/\/hidalgo.nl\/example\/"},{"label":"A508","link":"https:\/\/hidalgo.nl\/en\/product-supplier\/a508\/"},{"label":"Fraenck James Backpack 17&#8243; rugzak","link":"https:\/\/hidalgo.nl\/de\/product\/fraenck-james-backpack-17-rugzak\/"}],"_links":{"self":[{"href":"https:\/\/hidalgo.nl\/de\/wp-json\/wp\/v2\/product\/1039","targetHints":{"allow":["GET"]}}],"collection":[{"href":"https:\/\/hidalgo.nl\/de\/wp-json\/wp\/v2\/product"}],"about":[{"href":"https:\/\/hidalgo.nl\/de\/wp-json\/wp\/v2\/types\/product"}],"wp:featuredmedia":[{"embeddable":true,"href":"https:\/\/hidalgo.nl\/de\/wp-json\/wp\/v2\/media\/592124"}],"wp:attachment":[{"href":"https:\/\/hidalgo.nl\/de\/wp-json\/wp\/v2\/media?parent=1039"}],"wp:term":[{"taxonomy":"product_brand","embeddable":true,"href":"https:\/\/hidalgo.nl\/de\/wp-json\/wp\/v2\/product_brand?post=1039"},{"taxonomy":"product_cat","embeddable":true,"href":"https:\/\/hidalgo.nl\/de\/wp-json\/wp\/v2\/product_cat?post=1039"},{"taxonomy":"product_tag","embeddable":true,"href":"https:\/\/hidalgo.nl\/de\/wp-json\/wp\/v2\/product_tag?post=1039"}],"curies":[{"name":"wp","href":"https:\/\/api.w.org\/{rel}","templated":true}]}}