{"id":10350,"date":"2025-07-03T10:13:32","date_gmt":"2025-07-03T10:13:32","guid":{"rendered":"http:\/\/bidonsenshakers.pim.hidalgo.nl\/product\/glazen-theefilter-dustin\/"},"modified":"2026-03-15T12:19:07","modified_gmt":"2026-03-15T12:19:07","slug":"glazen-theefilter-dustin","status":"publish","type":"product","link":"https:\/\/hidalgo.nl\/de\/product\/10350\/glas-teefilter-dustin-bedrucken-hitzebestaendig-korkdeckel\/","title":{"rendered":"Glazen theefilter Dustin"},"content":{"rendered":"<p>Glazen theefilter met een kurken deksel, gemaakt van hoog borosilicaatglas. Voorzien van 8 openingen voor het infuseren van thee in heet water. Per stuk verpakt in een bruin kartonnen doos met een luchtzakje binnenin.<\/p>\n","protected":false},"excerpt":{"rendered":"<p>Glazen theefilter met een kurken deksel, gemaakt van hoog borosilicaatglas. Voorzien van 8 openingen voor het infuseren van thee in heet water. Per stuk verpakt in een bruin kartonnen doos met een luchtzakje binnenin.<\/p>\n","protected":false},"featured_media":10351,"template":"","meta":{"_acf_changed":false,"om_disable_all_campaigns":false,"_monsterinsights_skip_tracking":false,"_monsterinsights_sitenote_active":false,"_monsterinsights_sitenote_note":"","_monsterinsights_sitenote_category":0},"product_brand":[49],"product_cat":[5024,4719,4728],"product_tag":[],"class_list":{"0":"post-10350","1":"product","2":"type-product","3":"status-publish","4":"has-post-thumbnail","6":"product_supplier-a58","7":"product_material-glas","8":"product_material-kurk","9":"product_brand-impression","10":"product_cat-promotionele-artikelen-thuis-keuken-en-tuin-keuken-keuken-accessoires","11":"product_cat-promotionele-artikelen","12":"product_cat-promotionele-artikelen-thuis-keuken-en-tuin","13":"entry","15":"first","16":"instock","17":"taxable","18":"shipping-taxable","19":"purchasable","20":"product-type-variable"},"acf":{"imprint_cost":[{"imprint_cost_key":"c442632768b3ccc1883e38de012a1995460f63d0","product_quantity_price_range":[{"imprint_cost_recommended_selling_price":"2.66","imprint_cost_recommended_selling_quantity":"1"},{"imprint_cost_recommended_selling_price":"1.63","imprint_cost_recommended_selling_quantity":"25"},{"imprint_cost_recommended_selling_price":"1.22","imprint_cost_recommended_selling_quantity":"50"},{"imprint_cost_recommended_selling_price":"0.88","imprint_cost_recommended_selling_quantity":"100"},{"imprint_cost_recommended_selling_price":"0.52","imprint_cost_recommended_selling_quantity":"250"},{"imprint_cost_recommended_selling_price":"0.43","imprint_cost_recommended_selling_quantity":"500"},{"imprint_cost_recommended_selling_price":"0.37","imprint_cost_recommended_selling_quantity":"1000"},{"imprint_cost_recommended_selling_price":"0.29","imprint_cost_recommended_selling_quantity":"2500"}],"product_quantity_price_range_buying":false,"imprint_cost_setup_costs":"30.77","imprint_cost_handling_costs":"0.2"},{"imprint_cost_key":"de4d2878ea5d2060a6c8081beac73e1ea05999aa","product_quantity_price_range":[{"imprint_cost_recommended_selling_price":"5.91","imprint_cost_recommended_selling_quantity":"1"},{"imprint_cost_recommended_selling_price":"2.97","imprint_cost_recommended_selling_quantity":"25"},{"imprint_cost_recommended_selling_price":"1.49","imprint_cost_recommended_selling_quantity":"50"},{"imprint_cost_recommended_selling_price":"0.69","imprint_cost_recommended_selling_quantity":"100"},{"imprint_cost_recommended_selling_price":"0.55","imprint_cost_recommended_selling_quantity":"250"},{"imprint_cost_recommended_selling_price":"0.43","imprint_cost_recommended_selling_quantity":"500"},{"imprint_cost_recommended_selling_price":"0.4","imprint_cost_recommended_selling_quantity":"1000"},{"imprint_cost_recommended_selling_price":"0.35","imprint_cost_recommended_selling_quantity":"2500"},{"imprint_cost_recommended_selling_price":"0.34","imprint_cost_recommended_selling_quantity":"5000"},{"imprint_cost_recommended_selling_price":"0.32","imprint_cost_recommended_selling_quantity":"10000"}],"product_quantity_price_range_buying":false,"imprint_cost_setup_costs":"52.31","imprint_cost_handling_costs":"0.2"}]},"aioseo_notices":[],"aioseo_head":"\n\t\t<!-- All in One SEO Pro 4.9.6.2 - aioseo.com -->\n\t<meta name=\"description\" content=\"Genie\u00dfe deinen losen Tee mit dem Modell Dustin und nutze den nat\u00fcrlichen Korkdeckel als praktische Ablage f\u00fcr zwischendurch. Hidalgo l\u00e4sst f\u00fcr dich diesen Teefilter aus Glas bedrucken, damit dein Logo auf einem nachhaltigen Werbeartikel im B\u00fcro t\u00e4glich pr\u00e4sent bleibt.\" \/>\n\t<meta name=\"robots\" content=\"max-image-preview:large\" \/>\n\t<link rel=\"canonical\" href=\"https:\/\/hidalgo.nl\/de\/wp-json\/wp\/v2\/product\/10350\" \/>\n\t<meta name=\"generator\" content=\"All in One SEO Pro (AIOSEO) 4.9.6.2\" \/>\n\t\t<meta property=\"og:locale\" content=\"de_DE\" \/>\n\t\t<meta property=\"og:site_name\" content=\"Hidalgo -\" \/>\n\t\t<meta property=\"og:type\" content=\"article\" \/>\n\t\t<meta property=\"og:title\" content=\"Glas-Teefilter Dustin bedrucken hitzebest\u00e4ndig Korkdeckel\" \/>\n\t\t<meta property=\"og:description\" content=\"Genie\u00dfe deinen losen Tee mit dem Modell Dustin und nutze den nat\u00fcrlichen Korkdeckel als praktische Ablage f\u00fcr zwischendurch. Hidalgo l\u00e4sst f\u00fcr dich diesen Teefilter aus Glas bedrucken, damit dein Logo auf einem nachhaltigen Werbeartikel im B\u00fcro t\u00e4glich pr\u00e4sent bleibt.\" \/>\n\t\t<meta property=\"og:url\" content=\"https:\/\/hidalgo.nl\/de\/wp-json\/wp\/v2\/product\/10350\" \/>\n\t\t<meta property=\"og:image\" content=\"https:\/\/shop.hidalgo.nl\/wp-content\/uploads\/2025\/11\/cropped-Hidalgo-est1993.png\" \/>\n\t\t<meta property=\"og:image:secure_url\" content=\"https:\/\/shop.hidalgo.nl\/wp-content\/uploads\/2025\/11\/cropped-Hidalgo-est1993.png\" \/>\n\t\t<meta property=\"article:published_time\" content=\"2025-07-03T10:13:32+00:00\" \/>\n\t\t<meta property=\"article:modified_time\" content=\"2026-03-15T12:19:07+00:00\" \/>\n\t\t<meta name=\"twitter:card\" content=\"summary_large_image\" \/>\n\t\t<meta name=\"twitter:title\" content=\"Glas-Teefilter Dustin bedrucken hitzebest\u00e4ndig Korkdeckel\" \/>\n\t\t<meta name=\"twitter:description\" content=\"Genie\u00dfe deinen losen Tee mit dem Modell Dustin und nutze den nat\u00fcrlichen Korkdeckel als praktische Ablage f\u00fcr zwischendurch. Hidalgo l\u00e4sst f\u00fcr dich diesen Teefilter aus Glas bedrucken, damit dein Logo auf einem nachhaltigen Werbeartikel im B\u00fcro t\u00e4glich pr\u00e4sent bleibt.\" \/>\n\t\t<meta name=\"twitter:image\" content=\"https:\/\/shop.hidalgo.nl\/wp-content\/uploads\/2025\/11\/cropped-Hidalgo-est1993.png\" \/>\n\t\t<script type=\"application\/ld+json\" class=\"aioseo-schema\">\n\t\t\t{\"@context\":\"https:\\\/\\\/schema.org\",\"@graph\":[{\"@type\":\"BreadcrumbList\",\"@id\":\"https:\\\/\\\/hidalgo.nl\\\/de\\\/product\\\/10350\\\/glas-teefilter-dustin-bedrucken-hitzebestaendig-korkdeckel\\\/#breadcrumblist\",\"itemListElement\":[{\"@type\":\"ListItem\",\"@id\":\"https:\\\/\\\/hidalgo.nl\\\/de\\\/#listItem\",\"position\":1,\"name\":\"Home\",\"item\":\"https:\\\/\\\/hidalgo.nl\\\/de\\\/\",\"nextItem\":{\"@type\":\"ListItem\",\"@id\":\"https:\\\/\\\/hidalgo.nl\\\/example\\\/#listItem\",\"name\":\"example\"}},{\"@type\":\"ListItem\",\"@id\":\"https:\\\/\\\/hidalgo.nl\\\/example\\\/#listItem\",\"position\":2,\"name\":\"example\",\"item\":\"https:\\\/\\\/hidalgo.nl\\\/example\\\/\",\"nextItem\":{\"@type\":\"ListItem\",\"@id\":\"https:\\\/\\\/hidalgo.nl\\\/en\\\/product-supplier\\\/a58\\\/#listItem\",\"name\":\"A58\"},\"previousItem\":{\"@type\":\"ListItem\",\"@id\":\"https:\\\/\\\/hidalgo.nl\\\/de\\\/#listItem\",\"name\":\"Home\"}},{\"@type\":\"ListItem\",\"@id\":\"https:\\\/\\\/hidalgo.nl\\\/en\\\/product-supplier\\\/a58\\\/#listItem\",\"position\":3,\"name\":\"A58\",\"item\":\"https:\\\/\\\/hidalgo.nl\\\/en\\\/product-supplier\\\/a58\\\/\",\"nextItem\":{\"@type\":\"ListItem\",\"@id\":\"https:\\\/\\\/hidalgo.nl\\\/de\\\/product\\\/10350\\\/glas-teefilter-dustin-bedrucken-hitzebestaendig-korkdeckel\\\/#listItem\",\"name\":\"Glazen theefilter Dustin\"},\"previousItem\":{\"@type\":\"ListItem\",\"@id\":\"https:\\\/\\\/hidalgo.nl\\\/example\\\/#listItem\",\"name\":\"example\"}},{\"@type\":\"ListItem\",\"@id\":\"https:\\\/\\\/hidalgo.nl\\\/de\\\/product\\\/10350\\\/glas-teefilter-dustin-bedrucken-hitzebestaendig-korkdeckel\\\/#listItem\",\"position\":4,\"name\":\"Glazen theefilter Dustin\",\"previousItem\":{\"@type\":\"ListItem\",\"@id\":\"https:\\\/\\\/hidalgo.nl\\\/en\\\/product-supplier\\\/a58\\\/#listItem\",\"name\":\"A58\"}}]},{\"@type\":\"Organization\",\"@id\":\"https:\\\/\\\/hidalgo.nl\\\/de\\\/#organization\",\"name\":\"Hidalgo\",\"url\":\"https:\\\/\\\/hidalgo.nl\\\/de\\\/\",\"logo\":{\"@type\":\"ImageObject\",\"url\":\"https:\\\/\\\/shop.hidalgo.nl\\\/wp-content\\\/uploads\\\/2025\\\/11\\\/cropped-Hidalgo-est1993.png\",\"@id\":\"https:\\\/\\\/hidalgo.nl\\\/de\\\/product\\\/10350\\\/glas-teefilter-dustin-bedrucken-hitzebestaendig-korkdeckel\\\/#organizationLogo\",\"width\":585,\"height\":195},\"image\":{\"@id\":\"https:\\\/\\\/hidalgo.nl\\\/de\\\/product\\\/10350\\\/glas-teefilter-dustin-bedrucken-hitzebestaendig-korkdeckel\\\/#organizationLogo\"}},{\"@type\":\"ProductGroup\",\"@id\":\"https:\\\/\\\/hidalgo.nl\\\/de\\\/product\\\/10350\\\/glas-teefilter-dustin-bedrucken-hitzebestaendig-korkdeckel\\\/#wooCommerceProduct\",\"name\":\"Glas-Teefilter Dustin bedrucken hitzebest\\u00e4ndig Korkdeckel\",\"url\":\"https:\\\/\\\/hidalgo.nl\\\/de\\\/product\\\/10350\\\/glas-teefilter-dustin-bedrucken-hitzebestaendig-korkdeckel\\\/\",\"brand\":{\"@type\":\"Brand\",\"name\":\"IMPRESSION\"},\"sku\":\"A58-1172209\",\"image\":{\"@type\":\"ImageObject\",\"url\":\"https:\\\/\\\/shop.hidalgo.nl\\\/wp-content\\\/uploads\\\/2025\\\/05\\\/84d0e9b149d4c7004662a613f4a9f70c770279049e1790c32c0956be3ee32c16.jpg\",\"@id\":\"https:\\\/\\\/hidalgo.nl\\\/de\\\/product\\\/10350\\\/glas-teefilter-dustin-bedrucken-hitzebestaendig-korkdeckel\\\/#productImage\",\"width\":1000,\"height\":164},\"productGroupID\":10350,\"hasVariant\":[{\"@type\":\"Product\",\"@id\":\"https:\\\/\\\/hidalgo.nl\\\/de\\\/product\\\/10350\\\/glas-teefilter-dustin-bedrucken-hitzebestaendig-korkdeckel\\\/#wooCommerceProduct\",\"name\":\"Glazen theefilter Dustin - neutraal,\",\"url\":\"https:\\\/\\\/hidalgo.nl\\\/de\\\/product\\\/10350\\\/glas-teefilter-dustin-bedrucken-hitzebestaendig-korkdeckel\\\/\",\"sku\":\"A58-1172209-021999999\",\"gtin\":\"8719446069954\",\"image\":{\"@type\":\"ImageObject\",\"url\":\"https:\\\/\\\/shop.hidalgo.nl\\\/wp-content\\\/uploads\\\/2025\\\/05\\\/84d0e9b149d4c7004662a613f4a9f70c770279049e1790c32c0956be3ee32c16.jpg\",\"@id\":\"https:\\\/\\\/hidalgo.nl\\\/de\\\/product\\\/10350\\\/glas-teefilter-dustin-bedrucken-hitzebestaendig-korkdeckel\\\/#productImage\",\"width\":1000,\"height\":164},\"offers\":{\"@type\":\"Offer\",\"url\":\"https:\\\/\\\/hidalgo.nl\\\/de\\\/product\\\/10350\\\/glas-teefilter-dustin-bedrucken-hitzebestaendig-korkdeckel\\\/#wooCommerceOffer\",\"price\":\"1.52\",\"priceCurrency\":\"EUR\",\"category\":\"Promotionele Artikelen\",\"availability\":\"https:\\\/\\\/schema.org\\\/InStock\",\"priceSpecification\":{\"@type\":\"PriceSpecification\",\"price\":1.52,\"priceCurrency\":\"EUR\",\"valueAddedTaxIncluded\":\"true\"}}}]},{\"@type\":\"WebPage\",\"@id\":\"https:\\\/\\\/hidalgo.nl\\\/de\\\/product\\\/10350\\\/glas-teefilter-dustin-bedrucken-hitzebestaendig-korkdeckel\\\/#webpage\",\"url\":\"https:\\\/\\\/hidalgo.nl\\\/de\\\/product\\\/10350\\\/glas-teefilter-dustin-bedrucken-hitzebestaendig-korkdeckel\\\/\",\"name\":\"Glas-Teefilter Dustin bedrucken hitzebest\\u00e4ndig Korkdeckel\",\"description\":\"Genie\\u00dfe deinen losen Tee mit dem Modell Dustin und nutze den nat\\u00fcrlichen Korkdeckel als praktische Ablage f\\u00fcr zwischendurch. Hidalgo l\\u00e4sst f\\u00fcr dich diesen Teefilter aus Glas bedrucken, damit dein Logo auf einem nachhaltigen Werbeartikel im B\\u00fcro t\\u00e4glich pr\\u00e4sent bleibt.\",\"inLanguage\":\"de-DE\",\"isPartOf\":{\"@id\":\"https:\\\/\\\/hidalgo.nl\\\/de\\\/#website\"},\"breadcrumb\":{\"@id\":\"https:\\\/\\\/hidalgo.nl\\\/de\\\/product\\\/10350\\\/glas-teefilter-dustin-bedrucken-hitzebestaendig-korkdeckel\\\/#breadcrumblist\"},\"image\":{\"@type\":\"ImageObject\",\"url\":\"https:\\\/\\\/shop.hidalgo.nl\\\/wp-content\\\/uploads\\\/2025\\\/05\\\/84d0e9b149d4c7004662a613f4a9f70c770279049e1790c32c0956be3ee32c16.jpg\",\"@id\":\"https:\\\/\\\/hidalgo.nl\\\/de\\\/product\\\/10350\\\/glas-teefilter-dustin-bedrucken-hitzebestaendig-korkdeckel\\\/#mainImage\",\"width\":1000,\"height\":164},\"primaryImageOfPage\":{\"@id\":\"https:\\\/\\\/hidalgo.nl\\\/de\\\/product\\\/10350\\\/glas-teefilter-dustin-bedrucken-hitzebestaendig-korkdeckel\\\/#mainImage\"},\"datePublished\":\"2025-07-03T10:13:32+00:00\",\"dateModified\":\"2026-03-15T12:19:07+00:00\"},{\"@type\":\"WebSite\",\"@id\":\"https:\\\/\\\/hidalgo.nl\\\/de\\\/#website\",\"url\":\"https:\\\/\\\/hidalgo.nl\\\/de\\\/\",\"name\":\"Hidalgo\",\"inLanguage\":\"de-DE\",\"publisher\":{\"@id\":\"https:\\\/\\\/hidalgo.nl\\\/de\\\/#organization\"}}]}\n\t\t<\/script>\n\t\t<!-- All in One SEO Pro -->\r\n\t\t<title>Glas-Teefilter Dustin bedrucken hitzebest\u00e4ndig Korkdeckel<\/title>\n\n","aioseo_head_json":{"title":"Glas-Teefilter Dustin bedrucken hitzebest\u00e4ndig Korkdeckel","description":"Genie\u00dfe deinen losen Tee mit dem Modell Dustin und nutze den nat\u00fcrlichen Korkdeckel als praktische Ablage f\u00fcr zwischendurch. Hidalgo l\u00e4sst f\u00fcr dich diesen Teefilter aus Glas bedrucken, damit dein Logo auf einem nachhaltigen Werbeartikel im B\u00fcro t\u00e4glich pr\u00e4sent bleibt.","canonical_url":"https:\/\/hidalgo.nl\/de\/wp-json\/wp\/v2\/product\/10350","robots":"max-image-preview:large","keywords":"","webmasterTools":{"miscellaneous":""},"schema":{"@context":"https:\/\/schema.org","@graph":[{"@type":"BreadcrumbList","@id":"https:\/\/hidalgo.nl\/de\/product\/10350\/glas-teefilter-dustin-bedrucken-hitzebestaendig-korkdeckel\/#breadcrumblist","itemListElement":[{"@type":"ListItem","@id":"https:\/\/hidalgo.nl\/de\/#listItem","position":1,"name":"Home","item":"https:\/\/hidalgo.nl\/de\/","nextItem":{"@type":"ListItem","@id":"https:\/\/hidalgo.nl\/example\/#listItem","name":"example"}},{"@type":"ListItem","@id":"https:\/\/hidalgo.nl\/example\/#listItem","position":2,"name":"example","item":"https:\/\/hidalgo.nl\/example\/","nextItem":{"@type":"ListItem","@id":"https:\/\/hidalgo.nl\/en\/product-supplier\/a58\/#listItem","name":"A58"},"previousItem":{"@type":"ListItem","@id":"https:\/\/hidalgo.nl\/de\/#listItem","name":"Home"}},{"@type":"ListItem","@id":"https:\/\/hidalgo.nl\/en\/product-supplier\/a58\/#listItem","position":3,"name":"A58","item":"https:\/\/hidalgo.nl\/en\/product-supplier\/a58\/","nextItem":{"@type":"ListItem","@id":"https:\/\/hidalgo.nl\/de\/product\/10350\/glas-teefilter-dustin-bedrucken-hitzebestaendig-korkdeckel\/#listItem","name":"Glazen theefilter Dustin"},"previousItem":{"@type":"ListItem","@id":"https:\/\/hidalgo.nl\/example\/#listItem","name":"example"}},{"@type":"ListItem","@id":"https:\/\/hidalgo.nl\/de\/product\/10350\/glas-teefilter-dustin-bedrucken-hitzebestaendig-korkdeckel\/#listItem","position":4,"name":"Glazen theefilter Dustin","previousItem":{"@type":"ListItem","@id":"https:\/\/hidalgo.nl\/en\/product-supplier\/a58\/#listItem","name":"A58"}}]},{"@type":"Organization","@id":"https:\/\/hidalgo.nl\/de\/#organization","name":"Hidalgo","url":"https:\/\/hidalgo.nl\/de\/","logo":{"@type":"ImageObject","url":"https:\/\/shop.hidalgo.nl\/wp-content\/uploads\/2025\/11\/cropped-Hidalgo-est1993.png","@id":"https:\/\/hidalgo.nl\/de\/product\/10350\/glas-teefilter-dustin-bedrucken-hitzebestaendig-korkdeckel\/#organizationLogo","width":585,"height":195},"image":{"@id":"https:\/\/hidalgo.nl\/de\/product\/10350\/glas-teefilter-dustin-bedrucken-hitzebestaendig-korkdeckel\/#organizationLogo"}},{"@type":"ProductGroup","@id":"https:\/\/hidalgo.nl\/de\/product\/10350\/glas-teefilter-dustin-bedrucken-hitzebestaendig-korkdeckel\/#wooCommerceProduct","name":"Glas-Teefilter Dustin bedrucken hitzebest\u00e4ndig Korkdeckel","url":"https:\/\/hidalgo.nl\/de\/product\/10350\/glas-teefilter-dustin-bedrucken-hitzebestaendig-korkdeckel\/","brand":{"@type":"Brand","name":"IMPRESSION"},"sku":"A58-1172209","image":{"@type":"ImageObject","url":"https:\/\/shop.hidalgo.nl\/wp-content\/uploads\/2025\/05\/84d0e9b149d4c7004662a613f4a9f70c770279049e1790c32c0956be3ee32c16.jpg","@id":"https:\/\/hidalgo.nl\/de\/product\/10350\/glas-teefilter-dustin-bedrucken-hitzebestaendig-korkdeckel\/#productImage","width":1000,"height":164},"productGroupID":10350,"hasVariant":[{"@type":"Product","@id":"https:\/\/hidalgo.nl\/de\/product\/10350\/glas-teefilter-dustin-bedrucken-hitzebestaendig-korkdeckel\/#wooCommerceProduct","name":"Glazen theefilter Dustin - neutraal,","url":"https:\/\/hidalgo.nl\/de\/product\/10350\/glas-teefilter-dustin-bedrucken-hitzebestaendig-korkdeckel\/","sku":"A58-1172209-021999999","gtin":"8719446069954","image":{"@type":"ImageObject","url":"https:\/\/shop.hidalgo.nl\/wp-content\/uploads\/2025\/05\/84d0e9b149d4c7004662a613f4a9f70c770279049e1790c32c0956be3ee32c16.jpg","@id":"https:\/\/hidalgo.nl\/de\/product\/10350\/glas-teefilter-dustin-bedrucken-hitzebestaendig-korkdeckel\/#productImage","width":1000,"height":164},"offers":{"@type":"Offer","url":"https:\/\/hidalgo.nl\/de\/product\/10350\/glas-teefilter-dustin-bedrucken-hitzebestaendig-korkdeckel\/#wooCommerceOffer","price":"1.52","priceCurrency":"EUR","category":"Promotionele Artikelen","availability":"https:\/\/schema.org\/InStock","priceSpecification":{"@type":"PriceSpecification","price":1.52,"priceCurrency":"EUR","valueAddedTaxIncluded":"true"}}}]},{"@type":"WebPage","@id":"https:\/\/hidalgo.nl\/de\/product\/10350\/glas-teefilter-dustin-bedrucken-hitzebestaendig-korkdeckel\/#webpage","url":"https:\/\/hidalgo.nl\/de\/product\/10350\/glas-teefilter-dustin-bedrucken-hitzebestaendig-korkdeckel\/","name":"Glas-Teefilter Dustin bedrucken hitzebest\u00e4ndig Korkdeckel","description":"Genie\u00dfe deinen losen Tee mit dem Modell Dustin und nutze den nat\u00fcrlichen Korkdeckel als praktische Ablage f\u00fcr zwischendurch. Hidalgo l\u00e4sst f\u00fcr dich diesen Teefilter aus Glas bedrucken, damit dein Logo auf einem nachhaltigen Werbeartikel im B\u00fcro t\u00e4glich pr\u00e4sent bleibt.","inLanguage":"de-DE","isPartOf":{"@id":"https:\/\/hidalgo.nl\/de\/#website"},"breadcrumb":{"@id":"https:\/\/hidalgo.nl\/de\/product\/10350\/glas-teefilter-dustin-bedrucken-hitzebestaendig-korkdeckel\/#breadcrumblist"},"image":{"@type":"ImageObject","url":"https:\/\/shop.hidalgo.nl\/wp-content\/uploads\/2025\/05\/84d0e9b149d4c7004662a613f4a9f70c770279049e1790c32c0956be3ee32c16.jpg","@id":"https:\/\/hidalgo.nl\/de\/product\/10350\/glas-teefilter-dustin-bedrucken-hitzebestaendig-korkdeckel\/#mainImage","width":1000,"height":164},"primaryImageOfPage":{"@id":"https:\/\/hidalgo.nl\/de\/product\/10350\/glas-teefilter-dustin-bedrucken-hitzebestaendig-korkdeckel\/#mainImage"},"datePublished":"2025-07-03T10:13:32+00:00","dateModified":"2026-03-15T12:19:07+00:00"},{"@type":"WebSite","@id":"https:\/\/hidalgo.nl\/de\/#website","url":"https:\/\/hidalgo.nl\/de\/","name":"Hidalgo","inLanguage":"de-DE","publisher":{"@id":"https:\/\/hidalgo.nl\/de\/#organization"}}]},"og:locale":"de_DE","og:site_name":"Hidalgo -","og:type":"article","og:title":"Glas-Teefilter Dustin bedrucken hitzebest\u00e4ndig Korkdeckel","og:description":"Genie\u00dfe deinen losen Tee mit dem Modell Dustin und nutze den nat\u00fcrlichen Korkdeckel als praktische Ablage f\u00fcr zwischendurch. Hidalgo l\u00e4sst f\u00fcr dich diesen Teefilter aus Glas bedrucken, damit dein Logo auf einem nachhaltigen Werbeartikel im B\u00fcro t\u00e4glich pr\u00e4sent bleibt.","og:url":"https:\/\/hidalgo.nl\/de\/wp-json\/wp\/v2\/product\/10350","og:image":"https:\/\/shop.hidalgo.nl\/wp-content\/uploads\/2025\/11\/cropped-Hidalgo-est1993.png","og:image:secure_url":"https:\/\/shop.hidalgo.nl\/wp-content\/uploads\/2025\/11\/cropped-Hidalgo-est1993.png","article:published_time":"2025-07-03T10:13:32+00:00","article:modified_time":"2026-03-15T12:19:07+00:00","twitter:card":"summary_large_image","twitter:title":"Glas-Teefilter Dustin bedrucken hitzebest\u00e4ndig Korkdeckel","twitter:description":"Genie\u00dfe deinen losen Tee mit dem Modell Dustin und nutze den nat\u00fcrlichen Korkdeckel als praktische Ablage f\u00fcr zwischendurch. Hidalgo l\u00e4sst f\u00fcr dich diesen Teefilter aus Glas bedrucken, damit dein Logo auf einem nachhaltigen Werbeartikel im B\u00fcro t\u00e4glich pr\u00e4sent bleibt.","twitter:image":"https:\/\/shop.hidalgo.nl\/wp-content\/uploads\/2025\/11\/cropped-Hidalgo-est1993.png"},"aioseo_meta_data":{"post_id":"10350","title":null,"description":null,"keywords":null,"keyphrases":null,"primary_term":null,"canonical_url":null,"og_title":null,"og_description":null,"og_object_type":"default","og_image_type":"default","og_image_url":null,"og_image_width":null,"og_image_height":null,"og_image_custom_url":null,"og_image_custom_fields":null,"og_video":null,"og_custom_url":null,"og_article_section":null,"og_article_tags":null,"twitter_use_og":false,"twitter_card":"default","twitter_image_type":"default","twitter_image_url":null,"twitter_image_custom_url":null,"twitter_image_custom_fields":null,"twitter_title":null,"twitter_description":null,"schema":{"blockGraphs":[],"customGraphs":[],"default":{"data":{"Article":[],"Course":[],"Dataset":[],"FAQPage":[],"Movie":[],"Person":[],"Product":[],"ProductReview":[],"Car":[],"Recipe":[],"Service":[],"SoftwareApplication":[],"WebPage":[]},"graphName":"","isEnabled":true},"graphs":[]},"schema_type":"default","schema_type_options":null,"pillar_content":false,"robots_default":true,"robots_noindex":false,"robots_noarchive":false,"robots_nosnippet":false,"robots_nofollow":false,"robots_noimageindex":false,"robots_noodp":false,"robots_notranslate":false,"robots_max_snippet":null,"robots_max_videopreview":null,"robots_max_imagepreview":"large","priority":null,"frequency":null,"local_seo":null,"seo_analyzer_scan_date":"2026-01-20 10:01:27","breadcrumb_settings":null,"limit_modified_date":false,"reviewed_by":null,"open_ai":null,"ai":null,"created":"2026-01-14 06:17:37","updated":"2026-04-22 16:08:49"},"aioseo_breadcrumb":"<div class=\"aioseo-breadcrumbs\"><span class=\"aioseo-breadcrumb\">\n\t<a href=\"https:\/\/hidalgo.nl\/de\/\" title=\"Home\">Home<\/a>\n<\/span><span class=\"aioseo-breadcrumb-separator\">\u00bb<\/span><span class=\"aioseo-breadcrumb\">\n\t<a href=\"https:\/\/hidalgo.nl\/example\/\" title=\"example\">example<\/a>\n<\/span><span class=\"aioseo-breadcrumb-separator\">\u00bb<\/span><span class=\"aioseo-breadcrumb\">\n\t<a href=\"https:\/\/hidalgo.nl\/en\/product-supplier\/a58\/\" title=\"A58\">A58<\/a>\n<\/span><span class=\"aioseo-breadcrumb-separator\">\u00bb<\/span><span class=\"aioseo-breadcrumb\">\n\tGlazen theefilter Dustin\n<\/span><\/div>","aioseo_breadcrumb_json":[{"label":"Home","link":"https:\/\/hidalgo.nl\/de\/"},{"label":"example","link":"https:\/\/hidalgo.nl\/example\/"},{"label":"A58","link":"https:\/\/hidalgo.nl\/en\/product-supplier\/a58\/"},{"label":"Glazen theefilter Dustin","link":"https:\/\/hidalgo.nl\/de\/product\/10350\/glas-teefilter-dustin-bedrucken-hitzebestaendig-korkdeckel\/"}],"_links":{"self":[{"href":"https:\/\/hidalgo.nl\/de\/wp-json\/wp\/v2\/product\/10350","targetHints":{"allow":["GET"]}}],"collection":[{"href":"https:\/\/hidalgo.nl\/de\/wp-json\/wp\/v2\/product"}],"about":[{"href":"https:\/\/hidalgo.nl\/de\/wp-json\/wp\/v2\/types\/product"}],"wp:featuredmedia":[{"embeddable":true,"href":"https:\/\/hidalgo.nl\/de\/wp-json\/wp\/v2\/media\/10351"}],"wp:attachment":[{"href":"https:\/\/hidalgo.nl\/de\/wp-json\/wp\/v2\/media?parent=10350"}],"wp:term":[{"taxonomy":"product_brand","embeddable":true,"href":"https:\/\/hidalgo.nl\/de\/wp-json\/wp\/v2\/product_brand?post=10350"},{"taxonomy":"product_cat","embeddable":true,"href":"https:\/\/hidalgo.nl\/de\/wp-json\/wp\/v2\/product_cat?post=10350"},{"taxonomy":"product_tag","embeddable":true,"href":"https:\/\/hidalgo.nl\/de\/wp-json\/wp\/v2\/product_tag?post=10350"}],"curies":[{"name":"wp","href":"https:\/\/api.w.org\/{rel}","templated":true}]}}