{"id":10291,"date":"2025-07-03T10:13:00","date_gmt":"2025-07-03T10:13:00","guid":{"rendered":"http:\/\/bidonsenshakers.pim.hidalgo.nl\/product\/abs-meetlint-donald\/"},"modified":"2026-03-15T10:24:40","modified_gmt":"2026-03-15T10:24:40","slug":"abs-meetlint-donald","status":"publish","type":"product","link":"https:\/\/hidalgo.nl\/de\/product\/10291\/massband-donald-bedrucken-abs-cm-inch-5m\/","title":{"rendered":"ABS meetlint Donald"},"content":{"rendered":"<p>ABS meetlint. 5 meter lang. Lint van metaal (19 mm) bedrukt met zowel centimeters als inches. Ultrasoon geassembleerd (schroefloos). Voorzien van drukknop met vergrendeling. Per stuk verpakt in een bruin kartonnen doos.<\/p>\n","protected":false},"excerpt":{"rendered":"<p>ABS meetlint. 5 meter lang. Lint van metaal (19 mm) bedrukt met zowel centimeters als inches. Ultrasoon geassembleerd (schroefloos). Voorzien van drukknop met vergrendeling. Per stuk verpakt in een bruin kartonnen doos.<\/p>\n","protected":false},"featured_media":10292,"template":"","meta":{"_acf_changed":false,"om_disable_all_campaigns":false,"_monsterinsights_skip_tracking":false,"_monsterinsights_sitenote_active":false,"_monsterinsights_sitenote_note":"","_monsterinsights_sitenote_category":0},"product_brand":[49],"product_cat":[4808,4719],"product_tag":[],"class_list":{"0":"post-10291","1":"product","2":"type-product","3":"status-publish","4":"has-post-thumbnail","6":"product_supplier-a58","7":"product_material-abs","8":"product_brand-impression","9":"product_cat-gereedschap","10":"product_cat-promotionele-artikelen","11":"entry","13":"first","14":"instock","15":"taxable","16":"shipping-taxable","17":"purchasable","18":"product-type-variable"},"acf":{"imprint_cost":[{"imprint_cost_key":"1119e0f84ee4597366dd34f2524c6f7ed5ad8133","product_quantity_price_range":[{"imprint_cost_recommended_selling_price":"2.89","imprint_cost_recommended_selling_quantity":"1"},{"imprint_cost_recommended_selling_price":"1.75","imprint_cost_recommended_selling_quantity":"25"},{"imprint_cost_recommended_selling_price":"1.23","imprint_cost_recommended_selling_quantity":"50"},{"imprint_cost_recommended_selling_price":"1.02","imprint_cost_recommended_selling_quantity":"100"},{"imprint_cost_recommended_selling_price":"0.66","imprint_cost_recommended_selling_quantity":"250"},{"imprint_cost_recommended_selling_price":"0.55","imprint_cost_recommended_selling_quantity":"500"},{"imprint_cost_recommended_selling_price":"0.46","imprint_cost_recommended_selling_quantity":"1000"},{"imprint_cost_recommended_selling_price":"0.4","imprint_cost_recommended_selling_quantity":"2500"}],"product_quantity_price_range_buying":false,"imprint_cost_setup_costs":"51.54","imprint_cost_handling_costs":"0.2"},{"imprint_cost_key":"b3ef6088c922eca820c8464d1e67391e2218db4d","product_quantity_price_range":[{"imprint_cost_recommended_selling_price":"5.43","imprint_cost_recommended_selling_quantity":"1"},{"imprint_cost_recommended_selling_price":"2.83","imprint_cost_recommended_selling_quantity":"25"},{"imprint_cost_recommended_selling_price":"1.29","imprint_cost_recommended_selling_quantity":"50"},{"imprint_cost_recommended_selling_price":"0.49","imprint_cost_recommended_selling_quantity":"100"},{"imprint_cost_recommended_selling_price":"0.35","imprint_cost_recommended_selling_quantity":"250"},{"imprint_cost_recommended_selling_price":"0.28","imprint_cost_recommended_selling_quantity":"500"},{"imprint_cost_recommended_selling_price":"0.2","imprint_cost_recommended_selling_quantity":"1000"},{"imprint_cost_recommended_selling_price":"0.18","imprint_cost_recommended_selling_quantity":"5000"}],"product_quantity_price_range_buying":false,"imprint_cost_setup_costs":"52.31","imprint_cost_handling_costs":"0.2"},{"imprint_cost_key":"afe80184ac8cf17333a2f403eeebd0436a00e498","product_quantity_price_range":[{"imprint_cost_recommended_selling_price":"10.26","imprint_cost_recommended_selling_quantity":"1"},{"imprint_cost_recommended_selling_price":"5.35","imprint_cost_recommended_selling_quantity":"25"},{"imprint_cost_recommended_selling_price":"2.4","imprint_cost_recommended_selling_quantity":"50"},{"imprint_cost_recommended_selling_price":"0.84","imprint_cost_recommended_selling_quantity":"100"},{"imprint_cost_recommended_selling_price":"0.63","imprint_cost_recommended_selling_quantity":"250"},{"imprint_cost_recommended_selling_price":"0.53","imprint_cost_recommended_selling_quantity":"500"},{"imprint_cost_recommended_selling_price":"0.38","imprint_cost_recommended_selling_quantity":"1000"},{"imprint_cost_recommended_selling_price":"0.35","imprint_cost_recommended_selling_quantity":"5000"},{"imprint_cost_recommended_selling_price":"0.32","imprint_cost_recommended_selling_quantity":"10000"}],"product_quantity_price_range_buying":false,"imprint_cost_setup_costs":"104.62","imprint_cost_handling_costs":"0.2"},{"imprint_cost_key":"6eac772f41447e678cdc70300a6af9e4e46e7be1","product_quantity_price_range":[{"imprint_cost_recommended_selling_price":"8.57","imprint_cost_recommended_selling_quantity":"1"},{"imprint_cost_recommended_selling_price":"5.55","imprint_cost_recommended_selling_quantity":"25"},{"imprint_cost_recommended_selling_price":"2.92","imprint_cost_recommended_selling_quantity":"50"},{"imprint_cost_recommended_selling_price":"2.18","imprint_cost_recommended_selling_quantity":"100"},{"imprint_cost_recommended_selling_price":"1.55","imprint_cost_recommended_selling_quantity":"250"},{"imprint_cost_recommended_selling_price":"1.45","imprint_cost_recommended_selling_quantity":"500"},{"imprint_cost_recommended_selling_price":"1.34","imprint_cost_recommended_selling_quantity":"1000"},{"imprint_cost_recommended_selling_price":"1.29","imprint_cost_recommended_selling_quantity":"2500"},{"imprint_cost_recommended_selling_price":"1.28","imprint_cost_recommended_selling_quantity":"10000"}],"product_quantity_price_range_buying":false,"imprint_cost_setup_costs":"71.54","imprint_cost_handling_costs":"0.26"},{"imprint_cost_key":"865d5d1e343a538476bc64eae738e5779b06c5fe","product_quantity_price_range":[{"imprint_cost_recommended_selling_price":"8.57","imprint_cost_recommended_selling_quantity":"1"},{"imprint_cost_recommended_selling_price":"5.55","imprint_cost_recommended_selling_quantity":"25"},{"imprint_cost_recommended_selling_price":"2.92","imprint_cost_recommended_selling_quantity":"50"},{"imprint_cost_recommended_selling_price":"2.18","imprint_cost_recommended_selling_quantity":"100"},{"imprint_cost_recommended_selling_price":"1.55","imprint_cost_recommended_selling_quantity":"250"},{"imprint_cost_recommended_selling_price":"1.45","imprint_cost_recommended_selling_quantity":"500"},{"imprint_cost_recommended_selling_price":"1.34","imprint_cost_recommended_selling_quantity":"1000"},{"imprint_cost_recommended_selling_price":"1.29","imprint_cost_recommended_selling_quantity":"2500"},{"imprint_cost_recommended_selling_price":"1.28","imprint_cost_recommended_selling_quantity":"10000"}],"product_quantity_price_range_buying":false,"imprint_cost_setup_costs":"71.54","imprint_cost_handling_costs":"0.26"},{"imprint_cost_key":"a3e6c374d4193a0f322cd1f0a0b75f595d8ccb09","product_quantity_price_range":[{"imprint_cost_recommended_selling_price":"2.89","imprint_cost_recommended_selling_quantity":"1"},{"imprint_cost_recommended_selling_price":"1.75","imprint_cost_recommended_selling_quantity":"25"},{"imprint_cost_recommended_selling_price":"1.23","imprint_cost_recommended_selling_quantity":"50"},{"imprint_cost_recommended_selling_price":"1.02","imprint_cost_recommended_selling_quantity":"100"},{"imprint_cost_recommended_selling_price":"0.66","imprint_cost_recommended_selling_quantity":"250"},{"imprint_cost_recommended_selling_price":"0.55","imprint_cost_recommended_selling_quantity":"500"},{"imprint_cost_recommended_selling_price":"0.46","imprint_cost_recommended_selling_quantity":"1000"},{"imprint_cost_recommended_selling_price":"0.4","imprint_cost_recommended_selling_quantity":"2500"}],"product_quantity_price_range_buying":false,"imprint_cost_setup_costs":"51.54","imprint_cost_handling_costs":"0.2"}]},"aioseo_notices":[],"aioseo_head":"\n\t\t<!-- All in One SEO Pro 4.9.6.2 - aioseo.com -->\n\t<meta name=\"description\" content=\"Sichere dir mit dem Donald ein schlagfestes Messwerkzeug, das Hidalgo individuell f\u00fcr dein Branding veredelt. Wenn du dieses funktionale Rollbandma\u00df bedrucken l\u00e4sst, erh\u00e4ltst du ein n\u00fctzliches Tool mit Arretierung, das dich bei jedem Aufma\u00df zuverl\u00e4ssig unterst\u00fctzt.\" \/>\n\t<meta name=\"robots\" content=\"max-image-preview:large\" \/>\n\t<link rel=\"canonical\" href=\"https:\/\/hidalgo.nl\/de\/wp-json\/wp\/v2\/product\/10291\" \/>\n\t<meta name=\"generator\" content=\"All in One SEO Pro (AIOSEO) 4.9.6.2\" \/>\n\t\t<meta property=\"og:locale\" content=\"de_DE\" \/>\n\t\t<meta property=\"og:site_name\" content=\"Hidalgo -\" \/>\n\t\t<meta property=\"og:type\" content=\"article\" \/>\n\t\t<meta property=\"og:title\" content=\"Ma\u00dfband Donald bedrucken ABS cm inch 5m\" \/>\n\t\t<meta property=\"og:description\" content=\"Sichere dir mit dem Donald ein schlagfestes Messwerkzeug, das Hidalgo individuell f\u00fcr dein Branding veredelt. Wenn du dieses funktionale Rollbandma\u00df bedrucken l\u00e4sst, erh\u00e4ltst du ein n\u00fctzliches Tool mit Arretierung, das dich bei jedem Aufma\u00df zuverl\u00e4ssig unterst\u00fctzt.\" \/>\n\t\t<meta property=\"og:url\" content=\"https:\/\/hidalgo.nl\/de\/wp-json\/wp\/v2\/product\/10291\" \/>\n\t\t<meta property=\"og:image\" content=\"https:\/\/shop.hidalgo.nl\/wp-content\/uploads\/2025\/11\/cropped-Hidalgo-est1993.png\" \/>\n\t\t<meta property=\"og:image:secure_url\" content=\"https:\/\/shop.hidalgo.nl\/wp-content\/uploads\/2025\/11\/cropped-Hidalgo-est1993.png\" \/>\n\t\t<meta property=\"article:published_time\" content=\"2025-07-03T10:13:00+00:00\" \/>\n\t\t<meta property=\"article:modified_time\" content=\"2026-03-15T10:24:40+00:00\" \/>\n\t\t<meta name=\"twitter:card\" content=\"summary_large_image\" \/>\n\t\t<meta name=\"twitter:title\" content=\"Ma\u00dfband Donald bedrucken ABS cm inch 5m\" \/>\n\t\t<meta name=\"twitter:description\" content=\"Sichere dir mit dem Donald ein schlagfestes Messwerkzeug, das Hidalgo individuell f\u00fcr dein Branding veredelt. Wenn du dieses funktionale Rollbandma\u00df bedrucken l\u00e4sst, erh\u00e4ltst du ein n\u00fctzliches Tool mit Arretierung, das dich bei jedem Aufma\u00df zuverl\u00e4ssig unterst\u00fctzt.\" \/>\n\t\t<meta name=\"twitter:image\" content=\"https:\/\/shop.hidalgo.nl\/wp-content\/uploads\/2025\/11\/cropped-Hidalgo-est1993.png\" \/>\n\t\t<script type=\"application\/ld+json\" class=\"aioseo-schema\">\n\t\t\t{\"@context\":\"https:\\\/\\\/schema.org\",\"@graph\":[{\"@type\":\"BreadcrumbList\",\"@id\":\"https:\\\/\\\/hidalgo.nl\\\/de\\\/product\\\/10291\\\/massband-donald-bedrucken-abs-cm-inch-5m\\\/#breadcrumblist\",\"itemListElement\":[{\"@type\":\"ListItem\",\"@id\":\"https:\\\/\\\/hidalgo.nl\\\/de\\\/#listItem\",\"position\":1,\"name\":\"Home\",\"item\":\"https:\\\/\\\/hidalgo.nl\\\/de\\\/\",\"nextItem\":{\"@type\":\"ListItem\",\"@id\":\"https:\\\/\\\/hidalgo.nl\\\/example\\\/#listItem\",\"name\":\"example\"}},{\"@type\":\"ListItem\",\"@id\":\"https:\\\/\\\/hidalgo.nl\\\/example\\\/#listItem\",\"position\":2,\"name\":\"example\",\"item\":\"https:\\\/\\\/hidalgo.nl\\\/example\\\/\",\"nextItem\":{\"@type\":\"ListItem\",\"@id\":\"https:\\\/\\\/hidalgo.nl\\\/en\\\/product-supplier\\\/a58\\\/#listItem\",\"name\":\"A58\"},\"previousItem\":{\"@type\":\"ListItem\",\"@id\":\"https:\\\/\\\/hidalgo.nl\\\/de\\\/#listItem\",\"name\":\"Home\"}},{\"@type\":\"ListItem\",\"@id\":\"https:\\\/\\\/hidalgo.nl\\\/en\\\/product-supplier\\\/a58\\\/#listItem\",\"position\":3,\"name\":\"A58\",\"item\":\"https:\\\/\\\/hidalgo.nl\\\/en\\\/product-supplier\\\/a58\\\/\",\"nextItem\":{\"@type\":\"ListItem\",\"@id\":\"https:\\\/\\\/hidalgo.nl\\\/de\\\/product\\\/10291\\\/massband-donald-bedrucken-abs-cm-inch-5m\\\/#listItem\",\"name\":\"ABS meetlint Donald\"},\"previousItem\":{\"@type\":\"ListItem\",\"@id\":\"https:\\\/\\\/hidalgo.nl\\\/example\\\/#listItem\",\"name\":\"example\"}},{\"@type\":\"ListItem\",\"@id\":\"https:\\\/\\\/hidalgo.nl\\\/de\\\/product\\\/10291\\\/massband-donald-bedrucken-abs-cm-inch-5m\\\/#listItem\",\"position\":4,\"name\":\"ABS meetlint Donald\",\"previousItem\":{\"@type\":\"ListItem\",\"@id\":\"https:\\\/\\\/hidalgo.nl\\\/en\\\/product-supplier\\\/a58\\\/#listItem\",\"name\":\"A58\"}}]},{\"@type\":\"Organization\",\"@id\":\"https:\\\/\\\/hidalgo.nl\\\/de\\\/#organization\",\"name\":\"Hidalgo\",\"url\":\"https:\\\/\\\/hidalgo.nl\\\/de\\\/\",\"logo\":{\"@type\":\"ImageObject\",\"url\":\"https:\\\/\\\/shop.hidalgo.nl\\\/wp-content\\\/uploads\\\/2025\\\/11\\\/cropped-Hidalgo-est1993.png\",\"@id\":\"https:\\\/\\\/hidalgo.nl\\\/de\\\/product\\\/10291\\\/massband-donald-bedrucken-abs-cm-inch-5m\\\/#organizationLogo\",\"width\":585,\"height\":195},\"image\":{\"@id\":\"https:\\\/\\\/hidalgo.nl\\\/de\\\/product\\\/10291\\\/massband-donald-bedrucken-abs-cm-inch-5m\\\/#organizationLogo\"}},{\"@type\":\"ProductGroup\",\"@id\":\"https:\\\/\\\/hidalgo.nl\\\/de\\\/product\\\/10291\\\/massband-donald-bedrucken-abs-cm-inch-5m\\\/#wooCommerceProduct\",\"name\":\"Ma\\u00dfband Donald bedrucken ABS cm inch 5m\",\"url\":\"https:\\\/\\\/hidalgo.nl\\\/de\\\/product\\\/10291\\\/massband-donald-bedrucken-abs-cm-inch-5m\\\/\",\"brand\":{\"@type\":\"Brand\",\"name\":\"IMPRESSION\"},\"sku\":\"A58-1172197\",\"image\":{\"@type\":\"ImageObject\",\"url\":\"https:\\\/\\\/shop.hidalgo.nl\\\/wp-content\\\/uploads\\\/2025\\\/05\\\/8373b88643fbf433f2c2f8640d4b5a1233190b4555c14a68bc17cf5bec5aaf4e.jpg\",\"@id\":\"https:\\\/\\\/hidalgo.nl\\\/de\\\/product\\\/10291\\\/massband-donald-bedrucken-abs-cm-inch-5m\\\/#productImage\",\"width\":1000,\"height\":826},\"productGroupID\":10291,\"hasVariant\":[{\"@type\":\"Product\",\"@id\":\"https:\\\/\\\/hidalgo.nl\\\/de\\\/product\\\/10291\\\/massband-donald-bedrucken-abs-cm-inch-5m\\\/#wooCommerceProduct\",\"name\":\"ABS meetlint Donald - zwart,\",\"url\":\"https:\\\/\\\/hidalgo.nl\\\/de\\\/product\\\/10291\\\/massband-donald-bedrucken-abs-cm-inch-5m\\\/\",\"sku\":\"A58-1172197-001999999\",\"image\":{\"@type\":\"ImageObject\",\"url\":\"https:\\\/\\\/shop.hidalgo.nl\\\/wp-content\\\/uploads\\\/2025\\\/05\\\/1278e9f94ab8426f4c472865c8cfbc8d29486659a19655dc96b995e82f2106d8.jpg\",\"@id\":\"https:\\\/\\\/hidalgo.nl\\\/de\\\/product\\\/10291\\\/massband-donald-bedrucken-abs-cm-inch-5m\\\/#productImage\",\"width\":1000,\"height\":983},\"offers\":{\"@type\":\"Offer\",\"url\":\"https:\\\/\\\/hidalgo.nl\\\/de\\\/product\\\/10291\\\/massband-donald-bedrucken-abs-cm-inch-5m\\\/#wooCommerceOffer\",\"price\":\"3.78\",\"priceCurrency\":\"EUR\",\"category\":\"Promotionele Artikelen\",\"availability\":\"https:\\\/\\\/schema.org\\\/InStock\",\"priceSpecification\":{\"@type\":\"PriceSpecification\",\"price\":3.78,\"priceCurrency\":\"EUR\",\"valueAddedTaxIncluded\":\"true\"}}}]},{\"@type\":\"WebPage\",\"@id\":\"https:\\\/\\\/hidalgo.nl\\\/de\\\/product\\\/10291\\\/massband-donald-bedrucken-abs-cm-inch-5m\\\/#webpage\",\"url\":\"https:\\\/\\\/hidalgo.nl\\\/de\\\/product\\\/10291\\\/massband-donald-bedrucken-abs-cm-inch-5m\\\/\",\"name\":\"Ma\\u00dfband Donald bedrucken ABS cm inch 5m\",\"description\":\"Sichere dir mit dem Donald ein schlagfestes Messwerkzeug, das Hidalgo individuell f\\u00fcr dein Branding veredelt. Wenn du dieses funktionale Rollbandma\\u00df bedrucken l\\u00e4sst, erh\\u00e4ltst du ein n\\u00fctzliches Tool mit Arretierung, das dich bei jedem Aufma\\u00df zuverl\\u00e4ssig unterst\\u00fctzt.\",\"inLanguage\":\"de-DE\",\"isPartOf\":{\"@id\":\"https:\\\/\\\/hidalgo.nl\\\/de\\\/#website\"},\"breadcrumb\":{\"@id\":\"https:\\\/\\\/hidalgo.nl\\\/de\\\/product\\\/10291\\\/massband-donald-bedrucken-abs-cm-inch-5m\\\/#breadcrumblist\"},\"image\":{\"@type\":\"ImageObject\",\"url\":\"https:\\\/\\\/shop.hidalgo.nl\\\/wp-content\\\/uploads\\\/2025\\\/05\\\/8373b88643fbf433f2c2f8640d4b5a1233190b4555c14a68bc17cf5bec5aaf4e.jpg\",\"@id\":\"https:\\\/\\\/hidalgo.nl\\\/de\\\/product\\\/10291\\\/massband-donald-bedrucken-abs-cm-inch-5m\\\/#mainImage\",\"width\":1000,\"height\":826},\"primaryImageOfPage\":{\"@id\":\"https:\\\/\\\/hidalgo.nl\\\/de\\\/product\\\/10291\\\/massband-donald-bedrucken-abs-cm-inch-5m\\\/#mainImage\"},\"datePublished\":\"2025-07-03T10:13:00+00:00\",\"dateModified\":\"2026-03-15T10:24:40+00:00\"},{\"@type\":\"WebSite\",\"@id\":\"https:\\\/\\\/hidalgo.nl\\\/de\\\/#website\",\"url\":\"https:\\\/\\\/hidalgo.nl\\\/de\\\/\",\"name\":\"Hidalgo\",\"inLanguage\":\"de-DE\",\"publisher\":{\"@id\":\"https:\\\/\\\/hidalgo.nl\\\/de\\\/#organization\"}}]}\n\t\t<\/script>\n\t\t<!-- All in One SEO Pro -->\r\n\t\t<title>Ma\u00dfband Donald bedrucken ABS cm inch 5m<\/title>\n\n","aioseo_head_json":{"title":"Ma\u00dfband Donald bedrucken ABS cm inch 5m","description":"Sichere dir mit dem Donald ein schlagfestes Messwerkzeug, das Hidalgo individuell f\u00fcr dein Branding veredelt. Wenn du dieses funktionale Rollbandma\u00df bedrucken l\u00e4sst, erh\u00e4ltst du ein n\u00fctzliches Tool mit Arretierung, das dich bei jedem Aufma\u00df zuverl\u00e4ssig unterst\u00fctzt.","canonical_url":"https:\/\/hidalgo.nl\/de\/wp-json\/wp\/v2\/product\/10291","robots":"max-image-preview:large","keywords":"","webmasterTools":{"miscellaneous":""},"schema":{"@context":"https:\/\/schema.org","@graph":[{"@type":"BreadcrumbList","@id":"https:\/\/hidalgo.nl\/de\/product\/10291\/massband-donald-bedrucken-abs-cm-inch-5m\/#breadcrumblist","itemListElement":[{"@type":"ListItem","@id":"https:\/\/hidalgo.nl\/de\/#listItem","position":1,"name":"Home","item":"https:\/\/hidalgo.nl\/de\/","nextItem":{"@type":"ListItem","@id":"https:\/\/hidalgo.nl\/example\/#listItem","name":"example"}},{"@type":"ListItem","@id":"https:\/\/hidalgo.nl\/example\/#listItem","position":2,"name":"example","item":"https:\/\/hidalgo.nl\/example\/","nextItem":{"@type":"ListItem","@id":"https:\/\/hidalgo.nl\/en\/product-supplier\/a58\/#listItem","name":"A58"},"previousItem":{"@type":"ListItem","@id":"https:\/\/hidalgo.nl\/de\/#listItem","name":"Home"}},{"@type":"ListItem","@id":"https:\/\/hidalgo.nl\/en\/product-supplier\/a58\/#listItem","position":3,"name":"A58","item":"https:\/\/hidalgo.nl\/en\/product-supplier\/a58\/","nextItem":{"@type":"ListItem","@id":"https:\/\/hidalgo.nl\/de\/product\/10291\/massband-donald-bedrucken-abs-cm-inch-5m\/#listItem","name":"ABS meetlint Donald"},"previousItem":{"@type":"ListItem","@id":"https:\/\/hidalgo.nl\/example\/#listItem","name":"example"}},{"@type":"ListItem","@id":"https:\/\/hidalgo.nl\/de\/product\/10291\/massband-donald-bedrucken-abs-cm-inch-5m\/#listItem","position":4,"name":"ABS meetlint Donald","previousItem":{"@type":"ListItem","@id":"https:\/\/hidalgo.nl\/en\/product-supplier\/a58\/#listItem","name":"A58"}}]},{"@type":"Organization","@id":"https:\/\/hidalgo.nl\/de\/#organization","name":"Hidalgo","url":"https:\/\/hidalgo.nl\/de\/","logo":{"@type":"ImageObject","url":"https:\/\/shop.hidalgo.nl\/wp-content\/uploads\/2025\/11\/cropped-Hidalgo-est1993.png","@id":"https:\/\/hidalgo.nl\/de\/product\/10291\/massband-donald-bedrucken-abs-cm-inch-5m\/#organizationLogo","width":585,"height":195},"image":{"@id":"https:\/\/hidalgo.nl\/de\/product\/10291\/massband-donald-bedrucken-abs-cm-inch-5m\/#organizationLogo"}},{"@type":"ProductGroup","@id":"https:\/\/hidalgo.nl\/de\/product\/10291\/massband-donald-bedrucken-abs-cm-inch-5m\/#wooCommerceProduct","name":"Ma\u00dfband Donald bedrucken ABS cm inch 5m","url":"https:\/\/hidalgo.nl\/de\/product\/10291\/massband-donald-bedrucken-abs-cm-inch-5m\/","brand":{"@type":"Brand","name":"IMPRESSION"},"sku":"A58-1172197","image":{"@type":"ImageObject","url":"https:\/\/shop.hidalgo.nl\/wp-content\/uploads\/2025\/05\/8373b88643fbf433f2c2f8640d4b5a1233190b4555c14a68bc17cf5bec5aaf4e.jpg","@id":"https:\/\/hidalgo.nl\/de\/product\/10291\/massband-donald-bedrucken-abs-cm-inch-5m\/#productImage","width":1000,"height":826},"productGroupID":10291,"hasVariant":[{"@type":"Product","@id":"https:\/\/hidalgo.nl\/de\/product\/10291\/massband-donald-bedrucken-abs-cm-inch-5m\/#wooCommerceProduct","name":"ABS meetlint Donald - zwart,","url":"https:\/\/hidalgo.nl\/de\/product\/10291\/massband-donald-bedrucken-abs-cm-inch-5m\/","sku":"A58-1172197-001999999","image":{"@type":"ImageObject","url":"https:\/\/shop.hidalgo.nl\/wp-content\/uploads\/2025\/05\/1278e9f94ab8426f4c472865c8cfbc8d29486659a19655dc96b995e82f2106d8.jpg","@id":"https:\/\/hidalgo.nl\/de\/product\/10291\/massband-donald-bedrucken-abs-cm-inch-5m\/#productImage","width":1000,"height":983},"offers":{"@type":"Offer","url":"https:\/\/hidalgo.nl\/de\/product\/10291\/massband-donald-bedrucken-abs-cm-inch-5m\/#wooCommerceOffer","price":"3.78","priceCurrency":"EUR","category":"Promotionele Artikelen","availability":"https:\/\/schema.org\/InStock","priceSpecification":{"@type":"PriceSpecification","price":3.78,"priceCurrency":"EUR","valueAddedTaxIncluded":"true"}}}]},{"@type":"WebPage","@id":"https:\/\/hidalgo.nl\/de\/product\/10291\/massband-donald-bedrucken-abs-cm-inch-5m\/#webpage","url":"https:\/\/hidalgo.nl\/de\/product\/10291\/massband-donald-bedrucken-abs-cm-inch-5m\/","name":"Ma\u00dfband Donald bedrucken ABS cm inch 5m","description":"Sichere dir mit dem Donald ein schlagfestes Messwerkzeug, das Hidalgo individuell f\u00fcr dein Branding veredelt. Wenn du dieses funktionale Rollbandma\u00df bedrucken l\u00e4sst, erh\u00e4ltst du ein n\u00fctzliches Tool mit Arretierung, das dich bei jedem Aufma\u00df zuverl\u00e4ssig unterst\u00fctzt.","inLanguage":"de-DE","isPartOf":{"@id":"https:\/\/hidalgo.nl\/de\/#website"},"breadcrumb":{"@id":"https:\/\/hidalgo.nl\/de\/product\/10291\/massband-donald-bedrucken-abs-cm-inch-5m\/#breadcrumblist"},"image":{"@type":"ImageObject","url":"https:\/\/shop.hidalgo.nl\/wp-content\/uploads\/2025\/05\/8373b88643fbf433f2c2f8640d4b5a1233190b4555c14a68bc17cf5bec5aaf4e.jpg","@id":"https:\/\/hidalgo.nl\/de\/product\/10291\/massband-donald-bedrucken-abs-cm-inch-5m\/#mainImage","width":1000,"height":826},"primaryImageOfPage":{"@id":"https:\/\/hidalgo.nl\/de\/product\/10291\/massband-donald-bedrucken-abs-cm-inch-5m\/#mainImage"},"datePublished":"2025-07-03T10:13:00+00:00","dateModified":"2026-03-15T10:24:40+00:00"},{"@type":"WebSite","@id":"https:\/\/hidalgo.nl\/de\/#website","url":"https:\/\/hidalgo.nl\/de\/","name":"Hidalgo","inLanguage":"de-DE","publisher":{"@id":"https:\/\/hidalgo.nl\/de\/#organization"}}]},"og:locale":"de_DE","og:site_name":"Hidalgo -","og:type":"article","og:title":"Ma\u00dfband Donald bedrucken ABS cm inch 5m","og:description":"Sichere dir mit dem Donald ein schlagfestes Messwerkzeug, das Hidalgo individuell f\u00fcr dein Branding veredelt. Wenn du dieses funktionale Rollbandma\u00df bedrucken l\u00e4sst, erh\u00e4ltst du ein n\u00fctzliches Tool mit Arretierung, das dich bei jedem Aufma\u00df zuverl\u00e4ssig unterst\u00fctzt.","og:url":"https:\/\/hidalgo.nl\/de\/wp-json\/wp\/v2\/product\/10291","og:image":"https:\/\/shop.hidalgo.nl\/wp-content\/uploads\/2025\/11\/cropped-Hidalgo-est1993.png","og:image:secure_url":"https:\/\/shop.hidalgo.nl\/wp-content\/uploads\/2025\/11\/cropped-Hidalgo-est1993.png","article:published_time":"2025-07-03T10:13:00+00:00","article:modified_time":"2026-03-15T10:24:40+00:00","twitter:card":"summary_large_image","twitter:title":"Ma\u00dfband Donald bedrucken ABS cm inch 5m","twitter:description":"Sichere dir mit dem Donald ein schlagfestes Messwerkzeug, das Hidalgo individuell f\u00fcr dein Branding veredelt. Wenn du dieses funktionale Rollbandma\u00df bedrucken l\u00e4sst, erh\u00e4ltst du ein n\u00fctzliches Tool mit Arretierung, das dich bei jedem Aufma\u00df zuverl\u00e4ssig unterst\u00fctzt.","twitter:image":"https:\/\/shop.hidalgo.nl\/wp-content\/uploads\/2025\/11\/cropped-Hidalgo-est1993.png"},"aioseo_meta_data":{"post_id":"10291","title":null,"description":null,"keywords":null,"keyphrases":null,"primary_term":null,"canonical_url":null,"og_title":null,"og_description":null,"og_object_type":"default","og_image_type":"default","og_image_url":null,"og_image_width":null,"og_image_height":null,"og_image_custom_url":null,"og_image_custom_fields":null,"og_video":null,"og_custom_url":null,"og_article_section":null,"og_article_tags":null,"twitter_use_og":false,"twitter_card":"default","twitter_image_type":"default","twitter_image_url":null,"twitter_image_custom_url":null,"twitter_image_custom_fields":null,"twitter_title":null,"twitter_description":null,"schema":{"blockGraphs":[],"customGraphs":[],"default":{"data":{"Article":[],"Course":[],"Dataset":[],"FAQPage":[],"Movie":[],"Person":[],"Product":[],"ProductReview":[],"Car":[],"Recipe":[],"Service":[],"SoftwareApplication":[],"WebPage":[]},"graphName":"","isEnabled":true},"graphs":[]},"schema_type":"default","schema_type_options":null,"pillar_content":false,"robots_default":true,"robots_noindex":false,"robots_noarchive":false,"robots_nosnippet":false,"robots_nofollow":false,"robots_noimageindex":false,"robots_noodp":false,"robots_notranslate":false,"robots_max_snippet":null,"robots_max_videopreview":null,"robots_max_imagepreview":"large","priority":null,"frequency":null,"local_seo":null,"seo_analyzer_scan_date":"2026-01-20 10:00:27","breadcrumb_settings":null,"limit_modified_date":false,"reviewed_by":null,"open_ai":null,"ai":null,"created":"2026-01-14 06:17:37","updated":"2026-04-22 16:08:49"},"aioseo_breadcrumb":"<div class=\"aioseo-breadcrumbs\"><span class=\"aioseo-breadcrumb\">\n\t<a href=\"https:\/\/hidalgo.nl\/de\/\" title=\"Home\">Home<\/a>\n<\/span><span class=\"aioseo-breadcrumb-separator\">\u00bb<\/span><span class=\"aioseo-breadcrumb\">\n\t<a href=\"https:\/\/hidalgo.nl\/example\/\" title=\"example\">example<\/a>\n<\/span><span class=\"aioseo-breadcrumb-separator\">\u00bb<\/span><span class=\"aioseo-breadcrumb\">\n\t<a href=\"https:\/\/hidalgo.nl\/en\/product-supplier\/a58\/\" title=\"A58\">A58<\/a>\n<\/span><span class=\"aioseo-breadcrumb-separator\">\u00bb<\/span><span class=\"aioseo-breadcrumb\">\n\tABS meetlint Donald\n<\/span><\/div>","aioseo_breadcrumb_json":[{"label":"Home","link":"https:\/\/hidalgo.nl\/de\/"},{"label":"example","link":"https:\/\/hidalgo.nl\/example\/"},{"label":"A58","link":"https:\/\/hidalgo.nl\/en\/product-supplier\/a58\/"},{"label":"ABS meetlint Donald","link":"https:\/\/hidalgo.nl\/de\/product\/10291\/massband-donald-bedrucken-abs-cm-inch-5m\/"}],"_links":{"self":[{"href":"https:\/\/hidalgo.nl\/de\/wp-json\/wp\/v2\/product\/10291","targetHints":{"allow":["GET"]}}],"collection":[{"href":"https:\/\/hidalgo.nl\/de\/wp-json\/wp\/v2\/product"}],"about":[{"href":"https:\/\/hidalgo.nl\/de\/wp-json\/wp\/v2\/types\/product"}],"wp:featuredmedia":[{"embeddable":true,"href":"https:\/\/hidalgo.nl\/de\/wp-json\/wp\/v2\/media\/10292"}],"wp:attachment":[{"href":"https:\/\/hidalgo.nl\/de\/wp-json\/wp\/v2\/media?parent=10291"}],"wp:term":[{"taxonomy":"product_brand","embeddable":true,"href":"https:\/\/hidalgo.nl\/de\/wp-json\/wp\/v2\/product_brand?post=10291"},{"taxonomy":"product_cat","embeddable":true,"href":"https:\/\/hidalgo.nl\/de\/wp-json\/wp\/v2\/product_cat?post=10291"},{"taxonomy":"product_tag","embeddable":true,"href":"https:\/\/hidalgo.nl\/de\/wp-json\/wp\/v2\/product_tag?post=10291"}],"curies":[{"name":"wp","href":"https:\/\/api.w.org\/{rel}","templated":true}]}}