{"id":102902,"date":"2025-07-07T08:55:51","date_gmt":"2025-07-07T08:55:51","guid":{"rendered":"http:\/\/bidonsenshakers.pim.hidalgo.nl\/product\/rc069x-legionnaires-cap\/"},"modified":"2026-03-22T18:34:24","modified_gmt":"2026-03-22T18:34:24","slug":"rc069x-legionnaires-cap","status":"publish","type":"product","link":"https:\/\/hidalgo.nl\/de\/product\/102902\/legionaersmuetze-bedrucken-nackenschutz-polyester-one-size\/","title":{"rendered":"RC069X &#8211; Legionnaires cap"},"content":{"rendered":"<p>100% polyester. 5 panelen. Lang profiel en afgeronde klep. Aanpasbaar met aanrijgkoordjes achteraan. Geen middennaden, voor eenvoudige bedrukking. Nek en oor bescherming.Geschikt voor borduring.<\/p>\n","protected":false},"excerpt":{"rendered":"<p>100% polyester. 5 panelen. Lang profiel en afgeronde klep. Aanpasbaar met aanrijgkoordjes achteraan. Geen middennaden, voor eenvoudige bedrukking. Nek en oor bescherming.Geschikt voor borduring.<\/p>\n","protected":false},"featured_media":102905,"template":"","meta":{"_acf_changed":false,"om_disable_all_campaigns":false,"_monsterinsights_skip_tracking":false,"_monsterinsights_sitenote_active":false,"_monsterinsights_sitenote_note":"","_monsterinsights_sitenote_category":0},"product_brand":[1545],"product_cat":[4716,4849,4746],"product_tag":[],"class_list":{"0":"post-102902","1":"product","2":"type-product","3":"status-publish","4":"has-post-thumbnail","6":"product_supplier-a403","7":"product_material-polyester","8":"product_brand-result","9":"product_cat-kleding","10":"product_cat-kleding-petten-mutsen-en-hoeden-petten","11":"product_cat-kleding-petten-mutsen-en-hoeden","12":"entry","14":"first","15":"instock","16":"taxable","17":"shipping-taxable","18":"purchasable","19":"product-type-variable"},"acf":{"imprint_cost":[{"imprint_cost_key":"33483b79de35c41f6a5968127e3727b83ce2fe0b","product_quantity_price_range":[{"imprint_cost_recommended_selling_price":"0","imprint_cost_recommended_selling_quantity":"1"}],"product_quantity_price_range_buying":false,"imprint_cost_setup_costs":"","imprint_cost_handling_costs":""}]},"aioseo_notices":[],"aioseo_head":"\n\t\t<!-- All in One SEO Pro 4.9.6.2 - aioseo.com -->\n\t<meta name=\"description\" content=\"Leichte Polyester-Kappe mit gro\u00dfem Nackenschutz f\u00fcr Sonne; ideal f\u00fcr Teams und Events, besonders f\u00fcr 20-40-J\u00e4hrige im Outdoor-Job. Bei Hidalgo l\u00e4sst du deine Nackenschutzm\u00fctze bedrucken oder als Saharam\u00fctze mit Logo veredeln; One Size passt und kommt in Desert Khaki Beige &amp; Olive Mash.\" \/>\n\t<meta name=\"robots\" content=\"max-image-preview:large\" \/>\n\t<link rel=\"canonical\" href=\"https:\/\/hidalgo.nl\/de\/wp-json\/wp\/v2\/product\/102902\" \/>\n\t<meta name=\"generator\" content=\"All in One SEO Pro (AIOSEO) 4.9.6.2\" \/>\n\t\t<meta property=\"og:locale\" content=\"de_DE\" \/>\n\t\t<meta property=\"og:site_name\" content=\"Hidalgo -\" \/>\n\t\t<meta property=\"og:type\" content=\"article\" \/>\n\t\t<meta property=\"og:title\" content=\"Legion\u00e4rsm\u00fctze bedrucken Nackenschutz Polyester One-Size\" \/>\n\t\t<meta property=\"og:description\" content=\"Leichte Polyester-Kappe mit gro\u00dfem Nackenschutz f\u00fcr Sonne; ideal f\u00fcr Teams und Events, besonders f\u00fcr 20-40-J\u00e4hrige im Outdoor-Job. Bei Hidalgo l\u00e4sst du deine Nackenschutzm\u00fctze bedrucken oder als Saharam\u00fctze mit Logo veredeln; One Size passt und kommt in Desert Khaki Beige &amp; Olive Mash.\" \/>\n\t\t<meta property=\"og:url\" content=\"https:\/\/hidalgo.nl\/de\/wp-json\/wp\/v2\/product\/102902\" \/>\n\t\t<meta property=\"og:image\" content=\"https:\/\/shop.hidalgo.nl\/wp-content\/uploads\/2025\/11\/cropped-Hidalgo-est1993.png\" \/>\n\t\t<meta property=\"og:image:secure_url\" content=\"https:\/\/shop.hidalgo.nl\/wp-content\/uploads\/2025\/11\/cropped-Hidalgo-est1993.png\" \/>\n\t\t<meta property=\"article:published_time\" content=\"2025-07-07T08:55:51+00:00\" \/>\n\t\t<meta property=\"article:modified_time\" content=\"2026-03-22T18:34:24+00:00\" \/>\n\t\t<meta name=\"twitter:card\" content=\"summary_large_image\" \/>\n\t\t<meta name=\"twitter:title\" content=\"Legion\u00e4rsm\u00fctze bedrucken Nackenschutz Polyester One-Size\" \/>\n\t\t<meta name=\"twitter:description\" content=\"Leichte Polyester-Kappe mit gro\u00dfem Nackenschutz f\u00fcr Sonne; ideal f\u00fcr Teams und Events, besonders f\u00fcr 20-40-J\u00e4hrige im Outdoor-Job. Bei Hidalgo l\u00e4sst du deine Nackenschutzm\u00fctze bedrucken oder als Saharam\u00fctze mit Logo veredeln; One Size passt und kommt in Desert Khaki Beige &amp; Olive Mash.\" \/>\n\t\t<meta name=\"twitter:image\" content=\"https:\/\/shop.hidalgo.nl\/wp-content\/uploads\/2025\/11\/cropped-Hidalgo-est1993.png\" \/>\n\t\t<script type=\"application\/ld+json\" class=\"aioseo-schema\">\n\t\t\t{\"@context\":\"https:\\\/\\\/schema.org\",\"@graph\":[{\"@type\":\"BreadcrumbList\",\"@id\":\"https:\\\/\\\/hidalgo.nl\\\/de\\\/product\\\/102902\\\/legionaersmuetze-bedrucken-nackenschutz-polyester-one-size\\\/#breadcrumblist\",\"itemListElement\":[{\"@type\":\"ListItem\",\"@id\":\"https:\\\/\\\/hidalgo.nl\\\/de\\\/#listItem\",\"position\":1,\"name\":\"Home\",\"item\":\"https:\\\/\\\/hidalgo.nl\\\/de\\\/\",\"nextItem\":{\"@type\":\"ListItem\",\"@id\":\"https:\\\/\\\/hidalgo.nl\\\/example\\\/#listItem\",\"name\":\"example\"}},{\"@type\":\"ListItem\",\"@id\":\"https:\\\/\\\/hidalgo.nl\\\/example\\\/#listItem\",\"position\":2,\"name\":\"example\",\"item\":\"https:\\\/\\\/hidalgo.nl\\\/example\\\/\",\"nextItem\":{\"@type\":\"ListItem\",\"@id\":\"https:\\\/\\\/hidalgo.nl\\\/en\\\/product-supplier\\\/a403\\\/#listItem\",\"name\":\"A403\"},\"previousItem\":{\"@type\":\"ListItem\",\"@id\":\"https:\\\/\\\/hidalgo.nl\\\/de\\\/#listItem\",\"name\":\"Home\"}},{\"@type\":\"ListItem\",\"@id\":\"https:\\\/\\\/hidalgo.nl\\\/en\\\/product-supplier\\\/a403\\\/#listItem\",\"position\":3,\"name\":\"A403\",\"item\":\"https:\\\/\\\/hidalgo.nl\\\/en\\\/product-supplier\\\/a403\\\/\",\"nextItem\":{\"@type\":\"ListItem\",\"@id\":\"https:\\\/\\\/hidalgo.nl\\\/de\\\/product\\\/102902\\\/legionaersmuetze-bedrucken-nackenschutz-polyester-one-size\\\/#listItem\",\"name\":\"RC069X &#8211; Legionnaires cap\"},\"previousItem\":{\"@type\":\"ListItem\",\"@id\":\"https:\\\/\\\/hidalgo.nl\\\/example\\\/#listItem\",\"name\":\"example\"}},{\"@type\":\"ListItem\",\"@id\":\"https:\\\/\\\/hidalgo.nl\\\/de\\\/product\\\/102902\\\/legionaersmuetze-bedrucken-nackenschutz-polyester-one-size\\\/#listItem\",\"position\":4,\"name\":\"RC069X &#8211; Legionnaires cap\",\"previousItem\":{\"@type\":\"ListItem\",\"@id\":\"https:\\\/\\\/hidalgo.nl\\\/en\\\/product-supplier\\\/a403\\\/#listItem\",\"name\":\"A403\"}}]},{\"@type\":\"Organization\",\"@id\":\"https:\\\/\\\/hidalgo.nl\\\/de\\\/#organization\",\"name\":\"Hidalgo\",\"url\":\"https:\\\/\\\/hidalgo.nl\\\/de\\\/\",\"logo\":{\"@type\":\"ImageObject\",\"url\":\"https:\\\/\\\/shop.hidalgo.nl\\\/wp-content\\\/uploads\\\/2025\\\/11\\\/cropped-Hidalgo-est1993.png\",\"@id\":\"https:\\\/\\\/hidalgo.nl\\\/de\\\/product\\\/102902\\\/legionaersmuetze-bedrucken-nackenschutz-polyester-one-size\\\/#organizationLogo\",\"width\":585,\"height\":195},\"image\":{\"@id\":\"https:\\\/\\\/hidalgo.nl\\\/de\\\/product\\\/102902\\\/legionaersmuetze-bedrucken-nackenschutz-polyester-one-size\\\/#organizationLogo\"}},{\"@type\":\"ProductGroup\",\"@id\":\"https:\\\/\\\/hidalgo.nl\\\/de\\\/product\\\/102902\\\/legionaersmuetze-bedrucken-nackenschutz-polyester-one-size\\\/#wooCommerceProduct\",\"name\":\"Legion\\u00e4rsm\\u00fctze bedrucken Nackenschutz Polyester One-Size\",\"url\":\"https:\\\/\\\/hidalgo.nl\\\/de\\\/product\\\/102902\\\/legionaersmuetze-bedrucken-nackenschutz-polyester-one-size\\\/\",\"brand\":{\"@type\":\"Brand\",\"name\":\"Result\"},\"sku\":\"A403-RC069X\",\"image\":{\"@type\":\"ImageObject\",\"url\":\"https:\\\/\\\/shop.hidalgo.nl\\\/wp-content\\\/uploads\\\/2025\\\/07\\\/db57fe6c42e5eca07392fd7f17d66f96a0290862d23952c7f1ed64fce31d3397.png\",\"@id\":\"https:\\\/\\\/hidalgo.nl\\\/de\\\/product\\\/102902\\\/legionaersmuetze-bedrucken-nackenschutz-polyester-one-size\\\/#productImage\",\"width\":756,\"height\":1000},\"productGroupID\":102902,\"hasVariant\":[{\"@type\":\"Product\",\"@id\":\"https:\\\/\\\/hidalgo.nl\\\/de\\\/product\\\/102902\\\/legionaersmuetze-bedrucken-nackenschutz-polyester-one-size\\\/#wooCommerceProduct\",\"name\":\"RC069X - Legionnaires cap - , desert-khaki-beige\",\"url\":\"https:\\\/\\\/hidalgo.nl\\\/de\\\/product\\\/102902\\\/legionaersmuetze-bedrucken-nackenschutz-polyester-one-size\\\/\",\"sku\":\"A403-RC069X_52596_52595\",\"gtin\":\"5055192310968\",\"image\":{\"@type\":\"ImageObject\",\"url\":\"https:\\\/\\\/shop.hidalgo.nl\\\/wp-content\\\/uploads\\\/2025\\\/07\\\/db57fe6c42e5eca07392fd7f17d66f96a0290862d23952c7f1ed64fce31d3397.png\",\"@id\":\"https:\\\/\\\/hidalgo.nl\\\/de\\\/product\\\/102902\\\/legionaersmuetze-bedrucken-nackenschutz-polyester-one-size\\\/#productImage\",\"width\":756,\"height\":1000},\"offers\":{\"@type\":\"Offer\",\"url\":\"https:\\\/\\\/hidalgo.nl\\\/de\\\/product\\\/102902\\\/legionaersmuetze-bedrucken-nackenschutz-polyester-one-size\\\/#wooCommerceOffer\",\"price\":\"4.54\",\"priceCurrency\":\"EUR\",\"category\":\"Kleding\",\"availability\":\"https:\\\/\\\/schema.org\\\/InStock\",\"priceSpecification\":{\"@type\":\"PriceSpecification\",\"price\":4.54,\"priceCurrency\":\"EUR\",\"valueAddedTaxIncluded\":\"true\"}}},{\"@type\":\"Product\",\"@id\":\"https:\\\/\\\/hidalgo.nl\\\/de\\\/product\\\/102902\\\/legionaersmuetze-bedrucken-nackenschutz-polyester-one-size\\\/#wooCommerceProduct\",\"name\":\"RC069X - Legionnaires cap - , olive-mash\",\"url\":\"https:\\\/\\\/hidalgo.nl\\\/de\\\/product\\\/102902\\\/legionaersmuetze-bedrucken-nackenschutz-polyester-one-size\\\/\",\"sku\":\"A403-RC069X_52597_52595\",\"gtin\":\"5055192310975\",\"image\":{\"@type\":\"ImageObject\",\"url\":\"https:\\\/\\\/shop.hidalgo.nl\\\/wp-content\\\/uploads\\\/2025\\\/07\\\/5480e148ebad22288ef545bc9a6e6fb0b0c9d5710d50c5a7b4ac9774df3cd8e5.png\",\"@id\":\"https:\\\/\\\/hidalgo.nl\\\/de\\\/product\\\/102902\\\/legionaersmuetze-bedrucken-nackenschutz-polyester-one-size\\\/#productImage\",\"width\":756,\"height\":1000},\"offers\":{\"@type\":\"Offer\",\"url\":\"https:\\\/\\\/hidalgo.nl\\\/de\\\/product\\\/102902\\\/legionaersmuetze-bedrucken-nackenschutz-polyester-one-size\\\/#wooCommerceOffer\",\"price\":\"4.54\",\"priceCurrency\":\"EUR\",\"category\":\"Kleding\",\"availability\":\"https:\\\/\\\/schema.org\\\/InStock\",\"priceSpecification\":{\"@type\":\"PriceSpecification\",\"price\":4.54,\"priceCurrency\":\"EUR\",\"valueAddedTaxIncluded\":\"true\"}}}]},{\"@type\":\"WebPage\",\"@id\":\"https:\\\/\\\/hidalgo.nl\\\/de\\\/product\\\/102902\\\/legionaersmuetze-bedrucken-nackenschutz-polyester-one-size\\\/#webpage\",\"url\":\"https:\\\/\\\/hidalgo.nl\\\/de\\\/product\\\/102902\\\/legionaersmuetze-bedrucken-nackenschutz-polyester-one-size\\\/\",\"name\":\"Legion\\u00e4rsm\\u00fctze bedrucken Nackenschutz Polyester One-Size\",\"description\":\"Leichte Polyester-Kappe mit gro\\u00dfem Nackenschutz f\\u00fcr Sonne; ideal f\\u00fcr Teams und Events, besonders f\\u00fcr 20-40-J\\u00e4hrige im Outdoor-Job. Bei Hidalgo l\\u00e4sst du deine Nackenschutzm\\u00fctze bedrucken oder als Saharam\\u00fctze mit Logo veredeln; One Size passt und kommt in Desert Khaki Beige & Olive Mash.\",\"inLanguage\":\"de-DE\",\"isPartOf\":{\"@id\":\"https:\\\/\\\/hidalgo.nl\\\/de\\\/#website\"},\"breadcrumb\":{\"@id\":\"https:\\\/\\\/hidalgo.nl\\\/de\\\/product\\\/102902\\\/legionaersmuetze-bedrucken-nackenschutz-polyester-one-size\\\/#breadcrumblist\"},\"image\":{\"@type\":\"ImageObject\",\"url\":\"https:\\\/\\\/shop.hidalgo.nl\\\/wp-content\\\/uploads\\\/2025\\\/07\\\/db57fe6c42e5eca07392fd7f17d66f96a0290862d23952c7f1ed64fce31d3397.png\",\"@id\":\"https:\\\/\\\/hidalgo.nl\\\/de\\\/product\\\/102902\\\/legionaersmuetze-bedrucken-nackenschutz-polyester-one-size\\\/#mainImage\",\"width\":756,\"height\":1000},\"primaryImageOfPage\":{\"@id\":\"https:\\\/\\\/hidalgo.nl\\\/de\\\/product\\\/102902\\\/legionaersmuetze-bedrucken-nackenschutz-polyester-one-size\\\/#mainImage\"},\"datePublished\":\"2025-07-07T08:55:51+00:00\",\"dateModified\":\"2026-03-22T18:34:24+00:00\"},{\"@type\":\"WebSite\",\"@id\":\"https:\\\/\\\/hidalgo.nl\\\/de\\\/#website\",\"url\":\"https:\\\/\\\/hidalgo.nl\\\/de\\\/\",\"name\":\"Hidalgo\",\"inLanguage\":\"de-DE\",\"publisher\":{\"@id\":\"https:\\\/\\\/hidalgo.nl\\\/de\\\/#organization\"}}]}\n\t\t<\/script>\n\t\t<!-- All in One SEO Pro -->\r\n\t\t<title>Legion\u00e4rsm\u00fctze bedrucken Nackenschutz Polyester One-Size<\/title>\n\n","aioseo_head_json":{"title":"Legion\u00e4rsm\u00fctze bedrucken Nackenschutz Polyester One-Size","description":"Leichte Polyester-Kappe mit gro\u00dfem Nackenschutz f\u00fcr Sonne; ideal f\u00fcr Teams und Events, besonders f\u00fcr 20-40-J\u00e4hrige im Outdoor-Job. Bei Hidalgo l\u00e4sst du deine Nackenschutzm\u00fctze bedrucken oder als Saharam\u00fctze mit Logo veredeln; One Size passt und kommt in Desert Khaki Beige & Olive Mash.","canonical_url":"https:\/\/hidalgo.nl\/de\/wp-json\/wp\/v2\/product\/102902","robots":"max-image-preview:large","keywords":"","webmasterTools":{"miscellaneous":""},"schema":{"@context":"https:\/\/schema.org","@graph":[{"@type":"BreadcrumbList","@id":"https:\/\/hidalgo.nl\/de\/product\/102902\/legionaersmuetze-bedrucken-nackenschutz-polyester-one-size\/#breadcrumblist","itemListElement":[{"@type":"ListItem","@id":"https:\/\/hidalgo.nl\/de\/#listItem","position":1,"name":"Home","item":"https:\/\/hidalgo.nl\/de\/","nextItem":{"@type":"ListItem","@id":"https:\/\/hidalgo.nl\/example\/#listItem","name":"example"}},{"@type":"ListItem","@id":"https:\/\/hidalgo.nl\/example\/#listItem","position":2,"name":"example","item":"https:\/\/hidalgo.nl\/example\/","nextItem":{"@type":"ListItem","@id":"https:\/\/hidalgo.nl\/en\/product-supplier\/a403\/#listItem","name":"A403"},"previousItem":{"@type":"ListItem","@id":"https:\/\/hidalgo.nl\/de\/#listItem","name":"Home"}},{"@type":"ListItem","@id":"https:\/\/hidalgo.nl\/en\/product-supplier\/a403\/#listItem","position":3,"name":"A403","item":"https:\/\/hidalgo.nl\/en\/product-supplier\/a403\/","nextItem":{"@type":"ListItem","@id":"https:\/\/hidalgo.nl\/de\/product\/102902\/legionaersmuetze-bedrucken-nackenschutz-polyester-one-size\/#listItem","name":"RC069X &#8211; Legionnaires cap"},"previousItem":{"@type":"ListItem","@id":"https:\/\/hidalgo.nl\/example\/#listItem","name":"example"}},{"@type":"ListItem","@id":"https:\/\/hidalgo.nl\/de\/product\/102902\/legionaersmuetze-bedrucken-nackenschutz-polyester-one-size\/#listItem","position":4,"name":"RC069X &#8211; Legionnaires cap","previousItem":{"@type":"ListItem","@id":"https:\/\/hidalgo.nl\/en\/product-supplier\/a403\/#listItem","name":"A403"}}]},{"@type":"Organization","@id":"https:\/\/hidalgo.nl\/de\/#organization","name":"Hidalgo","url":"https:\/\/hidalgo.nl\/de\/","logo":{"@type":"ImageObject","url":"https:\/\/shop.hidalgo.nl\/wp-content\/uploads\/2025\/11\/cropped-Hidalgo-est1993.png","@id":"https:\/\/hidalgo.nl\/de\/product\/102902\/legionaersmuetze-bedrucken-nackenschutz-polyester-one-size\/#organizationLogo","width":585,"height":195},"image":{"@id":"https:\/\/hidalgo.nl\/de\/product\/102902\/legionaersmuetze-bedrucken-nackenschutz-polyester-one-size\/#organizationLogo"}},{"@type":"ProductGroup","@id":"https:\/\/hidalgo.nl\/de\/product\/102902\/legionaersmuetze-bedrucken-nackenschutz-polyester-one-size\/#wooCommerceProduct","name":"Legion\u00e4rsm\u00fctze bedrucken Nackenschutz Polyester One-Size","url":"https:\/\/hidalgo.nl\/de\/product\/102902\/legionaersmuetze-bedrucken-nackenschutz-polyester-one-size\/","brand":{"@type":"Brand","name":"Result"},"sku":"A403-RC069X","image":{"@type":"ImageObject","url":"https:\/\/shop.hidalgo.nl\/wp-content\/uploads\/2025\/07\/db57fe6c42e5eca07392fd7f17d66f96a0290862d23952c7f1ed64fce31d3397.png","@id":"https:\/\/hidalgo.nl\/de\/product\/102902\/legionaersmuetze-bedrucken-nackenschutz-polyester-one-size\/#productImage","width":756,"height":1000},"productGroupID":102902,"hasVariant":[{"@type":"Product","@id":"https:\/\/hidalgo.nl\/de\/product\/102902\/legionaersmuetze-bedrucken-nackenschutz-polyester-one-size\/#wooCommerceProduct","name":"RC069X - Legionnaires cap - , desert-khaki-beige","url":"https:\/\/hidalgo.nl\/de\/product\/102902\/legionaersmuetze-bedrucken-nackenschutz-polyester-one-size\/","sku":"A403-RC069X_52596_52595","gtin":"5055192310968","image":{"@type":"ImageObject","url":"https:\/\/shop.hidalgo.nl\/wp-content\/uploads\/2025\/07\/db57fe6c42e5eca07392fd7f17d66f96a0290862d23952c7f1ed64fce31d3397.png","@id":"https:\/\/hidalgo.nl\/de\/product\/102902\/legionaersmuetze-bedrucken-nackenschutz-polyester-one-size\/#productImage","width":756,"height":1000},"offers":{"@type":"Offer","url":"https:\/\/hidalgo.nl\/de\/product\/102902\/legionaersmuetze-bedrucken-nackenschutz-polyester-one-size\/#wooCommerceOffer","price":"4.54","priceCurrency":"EUR","category":"Kleding","availability":"https:\/\/schema.org\/InStock","priceSpecification":{"@type":"PriceSpecification","price":4.54,"priceCurrency":"EUR","valueAddedTaxIncluded":"true"}}},{"@type":"Product","@id":"https:\/\/hidalgo.nl\/de\/product\/102902\/legionaersmuetze-bedrucken-nackenschutz-polyester-one-size\/#wooCommerceProduct","name":"RC069X - Legionnaires cap - , olive-mash","url":"https:\/\/hidalgo.nl\/de\/product\/102902\/legionaersmuetze-bedrucken-nackenschutz-polyester-one-size\/","sku":"A403-RC069X_52597_52595","gtin":"5055192310975","image":{"@type":"ImageObject","url":"https:\/\/shop.hidalgo.nl\/wp-content\/uploads\/2025\/07\/5480e148ebad22288ef545bc9a6e6fb0b0c9d5710d50c5a7b4ac9774df3cd8e5.png","@id":"https:\/\/hidalgo.nl\/de\/product\/102902\/legionaersmuetze-bedrucken-nackenschutz-polyester-one-size\/#productImage","width":756,"height":1000},"offers":{"@type":"Offer","url":"https:\/\/hidalgo.nl\/de\/product\/102902\/legionaersmuetze-bedrucken-nackenschutz-polyester-one-size\/#wooCommerceOffer","price":"4.54","priceCurrency":"EUR","category":"Kleding","availability":"https:\/\/schema.org\/InStock","priceSpecification":{"@type":"PriceSpecification","price":4.54,"priceCurrency":"EUR","valueAddedTaxIncluded":"true"}}}]},{"@type":"WebPage","@id":"https:\/\/hidalgo.nl\/de\/product\/102902\/legionaersmuetze-bedrucken-nackenschutz-polyester-one-size\/#webpage","url":"https:\/\/hidalgo.nl\/de\/product\/102902\/legionaersmuetze-bedrucken-nackenschutz-polyester-one-size\/","name":"Legion\u00e4rsm\u00fctze bedrucken Nackenschutz Polyester One-Size","description":"Leichte Polyester-Kappe mit gro\u00dfem Nackenschutz f\u00fcr Sonne; ideal f\u00fcr Teams und Events, besonders f\u00fcr 20-40-J\u00e4hrige im Outdoor-Job. Bei Hidalgo l\u00e4sst du deine Nackenschutzm\u00fctze bedrucken oder als Saharam\u00fctze mit Logo veredeln; One Size passt und kommt in Desert Khaki Beige & Olive Mash.","inLanguage":"de-DE","isPartOf":{"@id":"https:\/\/hidalgo.nl\/de\/#website"},"breadcrumb":{"@id":"https:\/\/hidalgo.nl\/de\/product\/102902\/legionaersmuetze-bedrucken-nackenschutz-polyester-one-size\/#breadcrumblist"},"image":{"@type":"ImageObject","url":"https:\/\/shop.hidalgo.nl\/wp-content\/uploads\/2025\/07\/db57fe6c42e5eca07392fd7f17d66f96a0290862d23952c7f1ed64fce31d3397.png","@id":"https:\/\/hidalgo.nl\/de\/product\/102902\/legionaersmuetze-bedrucken-nackenschutz-polyester-one-size\/#mainImage","width":756,"height":1000},"primaryImageOfPage":{"@id":"https:\/\/hidalgo.nl\/de\/product\/102902\/legionaersmuetze-bedrucken-nackenschutz-polyester-one-size\/#mainImage"},"datePublished":"2025-07-07T08:55:51+00:00","dateModified":"2026-03-22T18:34:24+00:00"},{"@type":"WebSite","@id":"https:\/\/hidalgo.nl\/de\/#website","url":"https:\/\/hidalgo.nl\/de\/","name":"Hidalgo","inLanguage":"de-DE","publisher":{"@id":"https:\/\/hidalgo.nl\/de\/#organization"}}]},"og:locale":"de_DE","og:site_name":"Hidalgo -","og:type":"article","og:title":"Legion\u00e4rsm\u00fctze bedrucken Nackenschutz Polyester One-Size","og:description":"Leichte Polyester-Kappe mit gro\u00dfem Nackenschutz f\u00fcr Sonne; ideal f\u00fcr Teams und Events, besonders f\u00fcr 20-40-J\u00e4hrige im Outdoor-Job. Bei Hidalgo l\u00e4sst du deine Nackenschutzm\u00fctze bedrucken oder als Saharam\u00fctze mit Logo veredeln; One Size passt und kommt in Desert Khaki Beige &amp; Olive Mash.","og:url":"https:\/\/hidalgo.nl\/de\/wp-json\/wp\/v2\/product\/102902","og:image":"https:\/\/shop.hidalgo.nl\/wp-content\/uploads\/2025\/11\/cropped-Hidalgo-est1993.png","og:image:secure_url":"https:\/\/shop.hidalgo.nl\/wp-content\/uploads\/2025\/11\/cropped-Hidalgo-est1993.png","article:published_time":"2025-07-07T08:55:51+00:00","article:modified_time":"2026-03-22T18:34:24+00:00","twitter:card":"summary_large_image","twitter:title":"Legion\u00e4rsm\u00fctze bedrucken Nackenschutz Polyester One-Size","twitter:description":"Leichte Polyester-Kappe mit gro\u00dfem Nackenschutz f\u00fcr Sonne; ideal f\u00fcr Teams und Events, besonders f\u00fcr 20-40-J\u00e4hrige im Outdoor-Job. Bei Hidalgo l\u00e4sst du deine Nackenschutzm\u00fctze bedrucken oder als Saharam\u00fctze mit Logo veredeln; One Size passt und kommt in Desert Khaki Beige &amp; Olive Mash.","twitter:image":"https:\/\/shop.hidalgo.nl\/wp-content\/uploads\/2025\/11\/cropped-Hidalgo-est1993.png"},"aioseo_meta_data":{"post_id":"102902","title":null,"description":null,"keywords":null,"keyphrases":null,"primary_term":null,"canonical_url":null,"og_title":null,"og_description":null,"og_object_type":"default","og_image_type":"default","og_image_url":null,"og_image_width":null,"og_image_height":null,"og_image_custom_url":null,"og_image_custom_fields":null,"og_video":null,"og_custom_url":null,"og_article_section":null,"og_article_tags":null,"twitter_use_og":false,"twitter_card":"default","twitter_image_type":"default","twitter_image_url":null,"twitter_image_custom_url":null,"twitter_image_custom_fields":null,"twitter_title":null,"twitter_description":null,"schema":{"blockGraphs":[],"customGraphs":[],"default":{"data":{"Article":[],"Course":[],"Dataset":[],"FAQPage":[],"Movie":[],"Person":[],"Product":[],"ProductReview":[],"Car":[],"Recipe":[],"Service":[],"SoftwareApplication":[],"WebPage":[]},"graphName":"","isEnabled":true},"graphs":[]},"schema_type":"default","schema_type_options":null,"pillar_content":false,"robots_default":true,"robots_noindex":false,"robots_noarchive":false,"robots_nosnippet":false,"robots_nofollow":false,"robots_noimageindex":false,"robots_noodp":false,"robots_notranslate":false,"robots_max_snippet":null,"robots_max_videopreview":null,"robots_max_imagepreview":"large","priority":null,"frequency":null,"local_seo":null,"seo_analyzer_scan_date":"2026-01-21 13:36:51","breadcrumb_settings":null,"limit_modified_date":false,"reviewed_by":null,"open_ai":null,"ai":null,"created":"2026-01-14 06:25:31","updated":"2026-04-22 21:39:46"},"aioseo_breadcrumb":"<div class=\"aioseo-breadcrumbs\"><span class=\"aioseo-breadcrumb\">\n\t<a href=\"https:\/\/hidalgo.nl\/de\/\" title=\"Home\">Home<\/a>\n<\/span><span class=\"aioseo-breadcrumb-separator\">\u00bb<\/span><span class=\"aioseo-breadcrumb\">\n\t<a href=\"https:\/\/hidalgo.nl\/example\/\" title=\"example\">example<\/a>\n<\/span><span class=\"aioseo-breadcrumb-separator\">\u00bb<\/span><span class=\"aioseo-breadcrumb\">\n\t<a href=\"https:\/\/hidalgo.nl\/en\/product-supplier\/a403\/\" title=\"A403\">A403<\/a>\n<\/span><span class=\"aioseo-breadcrumb-separator\">\u00bb<\/span><span class=\"aioseo-breadcrumb\">\n\tRC069X \u2013 Legionnaires cap\n<\/span><\/div>","aioseo_breadcrumb_json":[{"label":"Home","link":"https:\/\/hidalgo.nl\/de\/"},{"label":"example","link":"https:\/\/hidalgo.nl\/example\/"},{"label":"A403","link":"https:\/\/hidalgo.nl\/en\/product-supplier\/a403\/"},{"label":"RC069X &#8211; Legionnaires cap","link":"https:\/\/hidalgo.nl\/de\/product\/102902\/legionaersmuetze-bedrucken-nackenschutz-polyester-one-size\/"}],"_links":{"self":[{"href":"https:\/\/hidalgo.nl\/de\/wp-json\/wp\/v2\/product\/102902","targetHints":{"allow":["GET"]}}],"collection":[{"href":"https:\/\/hidalgo.nl\/de\/wp-json\/wp\/v2\/product"}],"about":[{"href":"https:\/\/hidalgo.nl\/de\/wp-json\/wp\/v2\/types\/product"}],"wp:featuredmedia":[{"embeddable":true,"href":"https:\/\/hidalgo.nl\/de\/wp-json\/wp\/v2\/media\/102905"}],"wp:attachment":[{"href":"https:\/\/hidalgo.nl\/de\/wp-json\/wp\/v2\/media?parent=102902"}],"wp:term":[{"taxonomy":"product_brand","embeddable":true,"href":"https:\/\/hidalgo.nl\/de\/wp-json\/wp\/v2\/product_brand?post=102902"},{"taxonomy":"product_cat","embeddable":true,"href":"https:\/\/hidalgo.nl\/de\/wp-json\/wp\/v2\/product_cat?post=102902"},{"taxonomy":"product_tag","embeddable":true,"href":"https:\/\/hidalgo.nl\/de\/wp-json\/wp\/v2\/product_tag?post=102902"}],"curies":[{"name":"wp","href":"https:\/\/api.w.org\/{rel}","templated":true}]}}