{"id":6612,"date":"2025-05-16T07:54:38","date_gmt":"2025-05-16T07:54:38","guid":{"rendered":"https:\/\/bidonsenshakers.pim.hidalgo.nl\/privacy-statement\/"},"modified":"2025-07-01T13:44:15","modified_gmt":"2025-07-01T13:44:15","slug":"privacy-statement","status":"publish","type":"page","link":"https:\/\/hidalgo.nl\/de\/privacy-statement\/","title":{"rendered":"Datenschutzerkl\u00e4rung"},"content":{"rendered":"<p>Hidalgo mit Sitz in Platinastraat 52, 2718 RZ Zoetermeer, Niederlande, ist f\u00fcr die Verarbeitung personenbezogener Daten gem\u00e4\u00df dieser Datenschutzerkl\u00e4rung verantwortlich.<\/p>\n<p><strong>Kontaktdetails:<\/strong><br \/>\nhttps:\/\/www.hidalgobagsandmore.nl\/<br \/>\nPlatinastraat 52<br \/>\n2718 RZ Zoetermeer<br \/>\nDie Niederlande<br \/>\n+31 (0)79 33 101 33<br \/>\nRutger Blommers der Datenschutzbeauftragte von Hidalgo Er\/sie ist \u00fcber info@hidalgo.nl erreichbar<\/p>\n<h3>Personenbezogene Daten, die wir verarbeiten<\/h3>\n<p>Hidalgo verarbeitet Ihre personenbezogenen Daten, weil Sie unsere Dienste nutzen und\/oder weil Sie uns diese Informationen selbst zur Verf\u00fcgung stellen.<\/p>\n<p><strong>Nachfolgend finden Sie eine \u00dcbersicht \u00fcber die von uns verarbeiteten personenbezogenen Daten:<\/strong><\/p>\n<ul>\n<li>Vor-und Nachname<\/li>\n<li>Adressdaten<\/li>\n<li>Telefonnummer<\/li>\n<li>E-Mail-Addresse<\/li>\n<li>Standortdaten<\/li>\n<li>Internetbrowser und Ger\u00e4tetyp<\/li>\n<\/ul>\n<h3>Besondere und\/oder sensible personenbezogene Daten, die wir verarbeiten<\/h3>\n<p>Unsere Website und\/oder unser Dienst beabsichtigen nicht, Daten \u00fcber Website-Besucher unter 16 Jahren zu sammeln. Es sei denn, sie haben die Zustimmung der Eltern oder Erziehungsberechtigten. Wir k\u00f6nnen jedoch nicht \u00fcberpr\u00fcfen, ob ein Besucher \u00e4lter als 16 Jahre ist. Wir raten Eltern daher, sich an den Online-Aktivit\u00e4ten ihrer Kinder zu beteiligen, um zu verhindern, dass Daten \u00fcber Kinder ohne elterliche Zustimmung gesammelt werden. Wenn Sie \u00fcberzeugt sind, dass wir ohne diese Erlaubnis personenbezogene Daten \u00fcber einen Minderj\u00e4hrigen gesammelt haben, kontaktieren Sie uns bitte unter info@hidalgo.nl und wir werden diese Daten l\u00f6schen.    <\/p>\n<h3>Zu welchem \u200b\u200bZweck und auf welcher Grundlage verarbeiten wir personenbezogene Daten<\/h3>\n<p>Hidalgo verarbeitet Ihre personenbezogenen Daten zu folgenden Zwecken:<\/p>\n<ul>\n<li>Bearbeitung Ihrer Zahlung<\/li>\n<li>Zusendung unseres Newsletters und\/oder unserer Werbebrosch\u00fcre<\/li>\n<li>Um Sie anrufen oder per E-Mail kontaktieren zu k\u00f6nnen, wenn dies f\u00fcr die Erbringung unserer<\/li>\n<li>Um Waren und Dienstleistungen an Sie zu liefern<\/li>\n<\/ul>\n<h3>Automatisierte Entscheidungsfindung<\/h3>\n<p>Hidalgo trifft Entscheidungen auf der Grundlage einer automatisierten Verarbeitung in Angelegenheiten, die (erhebliche) Folgen f\u00fcr Menschen haben k\u00f6nnen. Dies sind Entscheidungen, die von Computerprogrammen oder -systemen ohne einen Menschen (z. B. einen Mitarbeiter von Hidalgo) getroffen werden. <\/p>\n<h3>Wie lange wir personenbezogene Daten aufbewahren<\/h3>\n<p>Hidalgo speichert Ihre personenbezogenen Daten nicht l\u00e4nger als unbedingt erforderlich, um die Zwecke zu erreichen, f\u00fcr die Ihre Daten erhoben werden. Wir verwenden die folgenden Aufbewahrungsfristen f\u00fcr die folgenden (Kategorien) personenbezogener Daten: 5 Jahre. <\/p>\n<h3>Weitergabe personenbezogener Daten an Dritte<\/h3>\n<p>Hidalgo gibt Ihre personenbezogenen Daten an verschiedene Dritte weiter, wenn dies f\u00fcr die Ausf\u00fchrung des Vertrages und zur Erf\u00fcllung gesetzlicher Verpflichtungen erforderlich ist. Wir schlie\u00dfen mit Unternehmen, die Ihre Daten in unserem Auftrag verarbeiten, einen Verarbeitungsvertrag ab, um das gleiche Ma\u00df an Sicherheit und Vertraulichkeit Ihrer Daten zu gew\u00e4hrleisten. Hidalgo bleibt f\u00fcr diese Verarbeitungsvorg\u00e4nge verantwortlich. Dar\u00fcber hinaus gibt Hidalgo Ihre personenbezogenen Daten an andere Dritte weiter. Wir tun dies nur mit Ihrer ausdr\u00fccklichen Zustimmung.    <\/p>\n<h3>Cookies oder \u00e4hnliche Techniken, die wir verwenden<\/h3>\n<p>Hidalgo verwendet funktionale, analytische und Tracking-Cookies. Ein Cookie ist eine kleine Textdatei, die beim ersten Besuch dieser Website im Browser Ihres Computers, Tablets oder Smartphones gespeichert wird. Hidalgo verwendet Cookies mit rein technischer Funktionalit\u00e4t. Diese stellen sicher, dass die Website ordnungsgem\u00e4\u00df funktioniert und dass beispielsweise Ihre bevorzugten Einstellungen gespeichert werden. Diese Cookies werden auch verwendet, um die Website richtig funktionieren zu lassen und sie zu optimieren. Dar\u00fcber hinaus platzieren wir Cookies, die Ihr Surfverhalten verfolgen, damit wir ma\u00dfgeschneiderte Inhalte und Werbung anbieten k\u00f6nnen. Bei Ihrem ersten Besuch auf unserer Website haben wir Sie bereits \u00fcber diese Cookies informiert und um Ihre Erlaubnis gebeten, sie zu platzieren. Sie k\u00f6nnen Cookies ablehnen, indem Sie Ihren Internetbrowser so einstellen, dass er keine Cookies mehr speichert. Dar\u00fcber hinaus k\u00f6nnen Sie auch alle zuvor gespeicherten Informationen \u00fcber die Einstellungen Ihres Browsers l\u00f6schen. Eine Erkl\u00e4rung finden Sie unter: https:\/\/veiliginternetten.nl\/themes\/positie\/cookies-wat-zijn-het-en-wat-doe-ik-ermee\/<br \/>\nAuf dieser Website werden auch Cookies von Drittanbietern platziert. Dies sind beispielsweise Werbetreibende und\/oder die Social-Media-Unternehmen. Nachfolgend eine \u00dcbersicht: [Zum Beispiel: Cookie: Googly Analytics Name: _utma Funktion: Analytisches Cookie, das Website-Besuche misst Aufbewahrungsfrist: 2 Jahre]           <\/p>\n<h3>Daten anzeigen, \u00e4ndern oder l\u00f6schen<\/h3>\n<p>Sie haben das Recht, Ihre personenbezogenen Daten einzusehen, zu korrigieren oder zu l\u00f6schen. Dar\u00fcber hinaus haben Sie das Recht, Ihre Einwilligung zur Datenverarbeitung zu widerrufen oder der Verarbeitung Ihrer personenbezogenen Daten durch Hidalgo zu widersprechen und Sie haben das Recht auf Daten\u00fcbertragbarkeit. Dies bedeutet, dass Sie eine Anfrage an uns richten k\u00f6nnen, um die personenbezogenen Daten, die wir \u00fcber Sie gespeichert haben, in einer Computerdatei an Sie oder eine andere von Ihnen genannte Organisation zu senden. Sie k\u00f6nnen einen Antrag auf Zugang, Korrektur, L\u00f6schung, Daten\u00fcbertragung Ihrer personenbezogenen Daten oder einen Antrag auf Widerruf Ihrer Einwilligung oder Widerspruch gegen die Verarbeitung Ihrer personenbezogenen Daten an info@hidalgo.nl senden. Um sicherzustellen, dass der Antrag auf Einsichtnahme von Ihnen gestellt wurde, bitten wir Sie, dem Antrag eine Kopie Ihres Identit\u00e4tsnachweises beizuf\u00fcgen. Machen Sie in dieser Kopie Ihr Passfoto, MRZ (maschinenlesbare Zone, der Nummernstreifen am unteren Rand des Passes), Passnummer und B\u00fcrgerservicenummer (BSN) schwarz. Dies dient dem Schutz Ihrer Privatsph\u00e4re. Wir werden Ihre Anfrage so schnell wie m\u00f6glich beantworten, jedoch innerhalb von vier Wochen. Hidalgo weist auch darauf hin, dass Sie die M\u00f6glichkeit haben, eine Beschwerde bei der nationalen Aufsichtsbeh\u00f6rde, der niederl\u00e4ndischen Datenschutzbeh\u00f6rde, einzureichen. Dies kann \u00fcber den folgenden Link erfolgen: https:\/\/autoriteitpersoonsgegevens.nl\/nl\/contact-met-de-autoriteit-persoonsgegevens\/tip-ons         <\/p>\n<h3>Wie wir personenbezogene Daten sichern<\/h3>\n<p>Hidalgo nimmt den Schutz Ihrer Daten ernst und ergreift geeignete Ma\u00dfnahmen, um Missbrauch, Verlust, unbefugten Zugriff, unerw\u00fcnschte Offenlegung und unbefugte \u00c4nderungen zu verhindern. Wenn Sie der Meinung sind, dass Ihre Daten nicht ausreichend gesichert sind oder Hinweise auf Missbrauch vorliegen, wenden Sie sich bitte an unseren Kundenservice oder \u00fcber <a href=\"mailto:info@hidalgo.nl\">info@hidalgo.nl<\/a> <\/p>\n","protected":false},"excerpt":{"rendered":"<p>Hidalgo mit Sitz in Platinastraat 52, 2718 RZ Zoetermeer, Niederlande, ist f\u00fcr die Verarbeitung personenbezogener Daten gem\u00e4\u00df dieser Datenschutzerkl\u00e4rung verantwortlich. Kontaktdetails: https:\/\/www.hidalgobagsandmore.nl\/ Platinastraat 52 2718 RZ Zoetermeer Die Niederlande +31 (0)79 33 101 33 Rutger Blommers der Datenschutzbeauftragte von Hidalgo Er\/sie ist \u00fcber info@hidalgo.nl erreichbar Personenbezogene Daten, die wir verarbeiten Hidalgo verarbeitet Ihre personenbezogenen Daten,&hellip; <a class=\"more-link\" href=\"https:\/\/hidalgo.nl\/de\/privacy-statement\/\"><span class=\"screen-reader-text\">Datenschutzerkl\u00e4rung<\/span> weiterlesen<\/a><\/p>\n","protected":false},"author":1,"featured_media":0,"parent":0,"menu_order":0,"comment_status":"closed","ping_status":"closed","template":"","meta":{"_acf_changed":false,"om_disable_all_campaigns":false,"_monsterinsights_skip_tracking":false,"_monsterinsights_sitenote_active":false,"_monsterinsights_sitenote_note":"","_monsterinsights_sitenote_category":0,"footnotes":""},"class_list":["post-6612","page","type-page","status-publish","hentry","entry"],"acf":[],"aioseo_notices":[],"aioseo_head":"\n\t\t<!-- All in One SEO Pro 4.9.6.2 - aioseo.com -->\n\t<meta name=\"description\" content=\"Hidalgo mit Sitz in Platinastraat 52, 2718 RZ Zoetermeer, Niederlande, ist f\u00fcr die Verarbeitung personenbezogener Daten gem\u00e4\u00df dieser Datenschutzerkl\u00e4rung verantwortlich. Kontaktdetails: https:\/\/www.hidalgobagsandmore.nl\/ Platinastraat 52 2718 RZ Zoetermeer Die Niederlande +31 (0)79 33 101 33 Rutger Blommers der Datenschutzbeauftragte von Hidalgo Er\/sie ist \u00fcber info@hidalgo.nl erreichbar Personenbezogene Daten, die wir verarbeiten Hidalgo verarbeitet Ihre personenbezogenen Daten,\" \/>\n\t<meta name=\"robots\" content=\"max-image-preview:large\" \/>\n\t<link rel=\"canonical\" href=\"https:\/\/hidalgo.nl\/de\/wp-json\/wp\/v2\/pages\/6612\" \/>\n\t<meta name=\"generator\" content=\"All in One SEO Pro (AIOSEO) 4.9.6.2\" \/>\n\t\t<meta property=\"og:locale\" content=\"de_DE\" \/>\n\t\t<meta property=\"og:site_name\" content=\"Hidalgo -\" \/>\n\t\t<meta property=\"og:type\" content=\"article\" \/>\n\t\t<meta property=\"og:title\" content=\"Datenschutzerkl\u00e4rung - Hidalgo\" \/>\n\t\t<meta property=\"og:description\" content=\"Hidalgo mit Sitz in Platinastraat 52, 2718 RZ Zoetermeer, Niederlande, ist f\u00fcr die Verarbeitung personenbezogener Daten gem\u00e4\u00df dieser Datenschutzerkl\u00e4rung verantwortlich. Kontaktdetails: https:\/\/www.hidalgobagsandmore.nl\/ Platinastraat 52 2718 RZ Zoetermeer Die Niederlande +31 (0)79 33 101 33 Rutger Blommers der Datenschutzbeauftragte von Hidalgo Er\/sie ist \u00fcber info@hidalgo.nl erreichbar Personenbezogene Daten, die wir verarbeiten Hidalgo verarbeitet Ihre personenbezogenen Daten,\" \/>\n\t\t<meta property=\"og:url\" content=\"https:\/\/hidalgo.nl\/de\/wp-json\/wp\/v2\/pages\/6612\" \/>\n\t\t<meta property=\"og:image\" content=\"https:\/\/shop.hidalgo.nl\/wp-content\/uploads\/2025\/11\/cropped-Hidalgo-est1993.png\" \/>\n\t\t<meta property=\"og:image:secure_url\" content=\"https:\/\/shop.hidalgo.nl\/wp-content\/uploads\/2025\/11\/cropped-Hidalgo-est1993.png\" \/>\n\t\t<meta property=\"article:published_time\" content=\"2025-05-16T07:54:38+00:00\" \/>\n\t\t<meta property=\"article:modified_time\" content=\"2025-07-01T13:44:15+00:00\" \/>\n\t\t<meta name=\"twitter:card\" content=\"summary_large_image\" \/>\n\t\t<meta name=\"twitter:title\" content=\"Datenschutzerkl\u00e4rung - Hidalgo\" \/>\n\t\t<meta name=\"twitter:description\" content=\"Hidalgo mit Sitz in Platinastraat 52, 2718 RZ Zoetermeer, Niederlande, ist f\u00fcr die Verarbeitung personenbezogener Daten gem\u00e4\u00df dieser Datenschutzerkl\u00e4rung verantwortlich. Kontaktdetails: https:\/\/www.hidalgobagsandmore.nl\/ Platinastraat 52 2718 RZ Zoetermeer Die Niederlande +31 (0)79 33 101 33 Rutger Blommers der Datenschutzbeauftragte von Hidalgo Er\/sie ist \u00fcber info@hidalgo.nl erreichbar Personenbezogene Daten, die wir verarbeiten Hidalgo verarbeitet Ihre personenbezogenen Daten,\" \/>\n\t\t<meta name=\"twitter:image\" content=\"https:\/\/shop.hidalgo.nl\/wp-content\/uploads\/2025\/11\/cropped-Hidalgo-est1993.png\" \/>\n\t\t<script type=\"application\/ld+json\" class=\"aioseo-schema\">\n\t\t\t{\"@context\":\"https:\\\/\\\/schema.org\",\"@graph\":[{\"@type\":\"BreadcrumbList\",\"@id\":\"https:\\\/\\\/hidalgo.nl\\\/de\\\/privacy-statement\\\/#breadcrumblist\",\"itemListElement\":[{\"@type\":\"ListItem\",\"@id\":\"https:\\\/\\\/hidalgo.nl\\\/de\\\/#listItem\",\"position\":1,\"name\":\"Home\",\"item\":\"https:\\\/\\\/hidalgo.nl\\\/de\\\/\",\"nextItem\":{\"@type\":\"ListItem\",\"@id\":\"https:\\\/\\\/hidalgo.nl\\\/de\\\/privacy-statement\\\/#listItem\",\"name\":\"Datenschutzerkl\\u00e4rung\"}},{\"@type\":\"ListItem\",\"@id\":\"https:\\\/\\\/hidalgo.nl\\\/de\\\/privacy-statement\\\/#listItem\",\"position\":2,\"name\":\"Datenschutzerkl\\u00e4rung\",\"previousItem\":{\"@type\":\"ListItem\",\"@id\":\"https:\\\/\\\/hidalgo.nl\\\/de\\\/#listItem\",\"name\":\"Home\"}}]},{\"@type\":\"Organization\",\"@id\":\"https:\\\/\\\/hidalgo.nl\\\/de\\\/#organization\",\"name\":\"Hidalgo\",\"url\":\"https:\\\/\\\/hidalgo.nl\\\/de\\\/\",\"logo\":{\"@type\":\"ImageObject\",\"url\":\"https:\\\/\\\/shop.hidalgo.nl\\\/wp-content\\\/uploads\\\/2025\\\/11\\\/cropped-Hidalgo-est1993.png\",\"@id\":\"https:\\\/\\\/hidalgo.nl\\\/de\\\/privacy-statement\\\/#organizationLogo\",\"width\":585,\"height\":195},\"image\":{\"@id\":\"https:\\\/\\\/hidalgo.nl\\\/de\\\/privacy-statement\\\/#organizationLogo\"}},{\"@type\":\"WebPage\",\"@id\":\"https:\\\/\\\/hidalgo.nl\\\/de\\\/privacy-statement\\\/#webpage\",\"url\":\"https:\\\/\\\/hidalgo.nl\\\/de\\\/privacy-statement\\\/\",\"name\":\"Datenschutzerkl\\u00e4rung - Hidalgo\",\"description\":\"Hidalgo mit Sitz in Platinastraat 52, 2718 RZ Zoetermeer, Niederlande, ist f\\u00fcr die Verarbeitung personenbezogener Daten gem\\u00e4\\u00df dieser Datenschutzerkl\\u00e4rung verantwortlich. Kontaktdetails: https:\\\/\\\/www.hidalgobagsandmore.nl\\\/ Platinastraat 52 2718 RZ Zoetermeer Die Niederlande +31 (0)79 33 101 33 Rutger Blommers der Datenschutzbeauftragte von Hidalgo Er\\\/sie ist \\u00fcber info@hidalgo.nl erreichbar Personenbezogene Daten, die wir verarbeiten Hidalgo verarbeitet Ihre personenbezogenen Daten,\",\"inLanguage\":\"de-DE\",\"isPartOf\":{\"@id\":\"https:\\\/\\\/hidalgo.nl\\\/de\\\/#website\"},\"breadcrumb\":{\"@id\":\"https:\\\/\\\/hidalgo.nl\\\/de\\\/privacy-statement\\\/#breadcrumblist\"},\"datePublished\":\"2025-05-16T07:54:38+00:00\",\"dateModified\":\"2025-07-01T13:44:15+00:00\"},{\"@type\":\"WebSite\",\"@id\":\"https:\\\/\\\/hidalgo.nl\\\/de\\\/#website\",\"url\":\"https:\\\/\\\/hidalgo.nl\\\/de\\\/\",\"name\":\"Hidalgo\",\"inLanguage\":\"de-DE\",\"publisher\":{\"@id\":\"https:\\\/\\\/hidalgo.nl\\\/de\\\/#organization\"}}]}\n\t\t<\/script>\n\t\t<!-- All in One SEO Pro -->\r\n\t\t<title>Datenschutzerkl\u00e4rung - Hidalgo<\/title>\n\n","aioseo_head_json":{"title":"Datenschutzerkl\u00e4rung - Hidalgo","description":"Hidalgo mit Sitz in Platinastraat 52, 2718 RZ Zoetermeer, Niederlande, ist f\u00fcr die Verarbeitung personenbezogener Daten gem\u00e4\u00df dieser Datenschutzerkl\u00e4rung verantwortlich. Kontaktdetails: https:\/\/www.hidalgobagsandmore.nl\/ Platinastraat 52 2718 RZ Zoetermeer Die Niederlande +31 (0)79 33 101 33 Rutger Blommers der Datenschutzbeauftragte von Hidalgo Er\/sie ist \u00fcber info@hidalgo.nl erreichbar Personenbezogene Daten, die wir verarbeiten Hidalgo verarbeitet Ihre personenbezogenen Daten,","canonical_url":"https:\/\/hidalgo.nl\/de\/wp-json\/wp\/v2\/pages\/6612","robots":"max-image-preview:large","keywords":"","webmasterTools":{"miscellaneous":""},"schema":{"@context":"https:\/\/schema.org","@graph":[{"@type":"BreadcrumbList","@id":"https:\/\/hidalgo.nl\/de\/privacy-statement\/#breadcrumblist","itemListElement":[{"@type":"ListItem","@id":"https:\/\/hidalgo.nl\/de\/#listItem","position":1,"name":"Home","item":"https:\/\/hidalgo.nl\/de\/","nextItem":{"@type":"ListItem","@id":"https:\/\/hidalgo.nl\/de\/privacy-statement\/#listItem","name":"Datenschutzerkl\u00e4rung"}},{"@type":"ListItem","@id":"https:\/\/hidalgo.nl\/de\/privacy-statement\/#listItem","position":2,"name":"Datenschutzerkl\u00e4rung","previousItem":{"@type":"ListItem","@id":"https:\/\/hidalgo.nl\/de\/#listItem","name":"Home"}}]},{"@type":"Organization","@id":"https:\/\/hidalgo.nl\/de\/#organization","name":"Hidalgo","url":"https:\/\/hidalgo.nl\/de\/","logo":{"@type":"ImageObject","url":"https:\/\/shop.hidalgo.nl\/wp-content\/uploads\/2025\/11\/cropped-Hidalgo-est1993.png","@id":"https:\/\/hidalgo.nl\/de\/privacy-statement\/#organizationLogo","width":585,"height":195},"image":{"@id":"https:\/\/hidalgo.nl\/de\/privacy-statement\/#organizationLogo"}},{"@type":"WebPage","@id":"https:\/\/hidalgo.nl\/de\/privacy-statement\/#webpage","url":"https:\/\/hidalgo.nl\/de\/privacy-statement\/","name":"Datenschutzerkl\u00e4rung - Hidalgo","description":"Hidalgo mit Sitz in Platinastraat 52, 2718 RZ Zoetermeer, Niederlande, ist f\u00fcr die Verarbeitung personenbezogener Daten gem\u00e4\u00df dieser Datenschutzerkl\u00e4rung verantwortlich. Kontaktdetails: https:\/\/www.hidalgobagsandmore.nl\/ Platinastraat 52 2718 RZ Zoetermeer Die Niederlande +31 (0)79 33 101 33 Rutger Blommers der Datenschutzbeauftragte von Hidalgo Er\/sie ist \u00fcber info@hidalgo.nl erreichbar Personenbezogene Daten, die wir verarbeiten Hidalgo verarbeitet Ihre personenbezogenen Daten,","inLanguage":"de-DE","isPartOf":{"@id":"https:\/\/hidalgo.nl\/de\/#website"},"breadcrumb":{"@id":"https:\/\/hidalgo.nl\/de\/privacy-statement\/#breadcrumblist"},"datePublished":"2025-05-16T07:54:38+00:00","dateModified":"2025-07-01T13:44:15+00:00"},{"@type":"WebSite","@id":"https:\/\/hidalgo.nl\/de\/#website","url":"https:\/\/hidalgo.nl\/de\/","name":"Hidalgo","inLanguage":"de-DE","publisher":{"@id":"https:\/\/hidalgo.nl\/de\/#organization"}}]},"og:locale":"de_DE","og:site_name":"Hidalgo -","og:type":"article","og:title":"Datenschutzerkl\u00e4rung - Hidalgo","og:description":"Hidalgo mit Sitz in Platinastraat 52, 2718 RZ Zoetermeer, Niederlande, ist f\u00fcr die Verarbeitung personenbezogener Daten gem\u00e4\u00df dieser Datenschutzerkl\u00e4rung verantwortlich. Kontaktdetails: https:\/\/www.hidalgobagsandmore.nl\/ Platinastraat 52 2718 RZ Zoetermeer Die Niederlande +31 (0)79 33 101 33 Rutger Blommers der Datenschutzbeauftragte von Hidalgo Er\/sie ist \u00fcber info@hidalgo.nl erreichbar Personenbezogene Daten, die wir verarbeiten Hidalgo verarbeitet Ihre personenbezogenen Daten,","og:url":"https:\/\/hidalgo.nl\/de\/wp-json\/wp\/v2\/pages\/6612","og:image":"https:\/\/shop.hidalgo.nl\/wp-content\/uploads\/2025\/11\/cropped-Hidalgo-est1993.png","og:image:secure_url":"https:\/\/shop.hidalgo.nl\/wp-content\/uploads\/2025\/11\/cropped-Hidalgo-est1993.png","article:published_time":"2025-05-16T07:54:38+00:00","article:modified_time":"2025-07-01T13:44:15+00:00","twitter:card":"summary_large_image","twitter:title":"Datenschutzerkl\u00e4rung - Hidalgo","twitter:description":"Hidalgo mit Sitz in Platinastraat 52, 2718 RZ Zoetermeer, Niederlande, ist f\u00fcr die Verarbeitung personenbezogener Daten gem\u00e4\u00df dieser Datenschutzerkl\u00e4rung verantwortlich. Kontaktdetails: https:\/\/www.hidalgobagsandmore.nl\/ Platinastraat 52 2718 RZ Zoetermeer Die Niederlande +31 (0)79 33 101 33 Rutger Blommers der Datenschutzbeauftragte von Hidalgo Er\/sie ist \u00fcber info@hidalgo.nl erreichbar Personenbezogene Daten, die wir verarbeiten Hidalgo verarbeitet Ihre personenbezogenen Daten,","twitter:image":"https:\/\/shop.hidalgo.nl\/wp-content\/uploads\/2025\/11\/cropped-Hidalgo-est1993.png"},"aioseo_meta_data":{"post_id":"6612","title":null,"description":null,"keywords":null,"keyphrases":null,"primary_term":null,"canonical_url":null,"og_title":null,"og_description":null,"og_object_type":"default","og_image_type":"default","og_image_url":null,"og_image_width":null,"og_image_height":null,"og_image_custom_url":null,"og_image_custom_fields":null,"og_video":null,"og_custom_url":null,"og_article_section":null,"og_article_tags":null,"twitter_use_og":false,"twitter_card":"default","twitter_image_type":"default","twitter_image_url":null,"twitter_image_custom_url":null,"twitter_image_custom_fields":null,"twitter_title":null,"twitter_description":null,"schema":{"blockGraphs":[],"customGraphs":[],"default":{"data":{"Article":[],"Course":[],"Dataset":[],"FAQPage":[],"Movie":[],"Person":[],"Product":[],"ProductReview":[],"Car":[],"Recipe":[],"Service":[],"SoftwareApplication":[],"WebPage":[]},"graphName":"","isEnabled":true},"graphs":[]},"schema_type":"default","schema_type_options":null,"pillar_content":false,"robots_default":true,"robots_noindex":false,"robots_noarchive":false,"robots_nosnippet":false,"robots_nofollow":false,"robots_noimageindex":false,"robots_noodp":false,"robots_notranslate":false,"robots_max_snippet":null,"robots_max_videopreview":null,"robots_max_imagepreview":"large","priority":null,"frequency":null,"local_seo":null,"seo_analyzer_scan_date":"2026-01-14 07:05:05","breadcrumb_settings":null,"limit_modified_date":false,"reviewed_by":null,"open_ai":null,"ai":null,"created":"2026-01-14 06:17:37","updated":"2026-04-22 15:36:50"},"aioseo_breadcrumb":"<div class=\"aioseo-breadcrumbs\"><span class=\"aioseo-breadcrumb\">\n\t<a href=\"https:\/\/hidalgo.nl\/de\/\" title=\"Home\">Home<\/a>\n<\/span><span class=\"aioseo-breadcrumb-separator\">\u00bb<\/span><span class=\"aioseo-breadcrumb\">\n\tDatenschutzerkl\u00e4rung\n<\/span><\/div>","aioseo_breadcrumb_json":[{"label":"Home","link":"https:\/\/hidalgo.nl\/de\/"},{"label":"Datenschutzerkl\u00e4rung","link":"https:\/\/hidalgo.nl\/de\/privacy-statement\/"}],"_links":{"self":[{"href":"https:\/\/hidalgo.nl\/de\/wp-json\/wp\/v2\/pages\/6612","targetHints":{"allow":["GET"]}}],"collection":[{"href":"https:\/\/hidalgo.nl\/de\/wp-json\/wp\/v2\/pages"}],"about":[{"href":"https:\/\/hidalgo.nl\/de\/wp-json\/wp\/v2\/types\/page"}],"author":[{"embeddable":true,"href":"https:\/\/hidalgo.nl\/de\/wp-json\/wp\/v2\/users\/1"}],"replies":[{"embeddable":true,"href":"https:\/\/hidalgo.nl\/de\/wp-json\/wp\/v2\/comments?post=6612"}],"version-history":[{"count":0,"href":"https:\/\/hidalgo.nl\/de\/wp-json\/wp\/v2\/pages\/6612\/revisions"}],"wp:attachment":[{"href":"https:\/\/hidalgo.nl\/de\/wp-json\/wp\/v2\/media?parent=6612"}],"curies":[{"name":"wp","href":"https:\/\/api.w.org\/{rel}","templated":true}]}}