{"id":6594,"date":"2025-05-16T07:54:25","date_gmt":"2025-05-16T07:54:25","guid":{"rendered":"https:\/\/bidonsenshakers.pim.hidalgo.nl\/payment-methods\/"},"modified":"2025-07-01T12:55:45","modified_gmt":"2025-07-01T12:55:45","slug":"payment-methods","status":"publish","type":"page","link":"https:\/\/hidalgo.nl\/de\/payment-methods\/","title":{"rendered":"Zahlungsm\u00f6glichkeiten"},"content":{"rendered":"<p>Hidalgo tut alles M\u00f6gliche, um allen Kunden eine passende Zahlungsmethode anzubieten. Alle Zahlungen erfolgen innerhalb einer sicheren Zahlungsumgebung, Ihre Daten werden sicher und verschl\u00fcsselt \u00fcbertragen. <\/p>\n<p>Die Zahlungsmethoden, die wir derzeit anbieten:<\/p>\n<table class=\"paymentmethods\">\n<thead>\n<tr>\n<th class=\"small-2\"><span style=\"font-weight: 400;\">Zahlung<\/span><\/th>\n<th class=\"small-8\"><span style=\"font-weight: 400;\">Beschreibung<\/span><\/th>\n<th class=\"small-2\"><span style=\"font-weight: 400;\">Deckung<\/span><\/th>\n<\/tr>\n<\/thead>\n<tbody>\n<tr>\n<td>iDeal<\/td>\n<td>Mit iDEAL k\u00f6nnen Sie die Zahlung direkt in der gewohnten Internetzahlungsumgebung Ihrer eigenen Bank abwickeln.<\/td>\n<td>Niederlande<\/td>\n<\/tr>\n<tr>\n<td>Creditcard<\/td>\n<td>Wir akzeptieren auch Zahlungen mit Mastercard, Maestro und Visa. Kreditkartenzahlungen werden sowohl von unseren niederl\u00e4ndischen als auch von unseren belgischen Kunden akzeptiert. <\/td>\n<td>Die Niederlande \/ Belgien<\/td>\n<\/tr>\n<tr>\n<td>Bancontact \/ Mister Cash<\/td>\n<td>Mit Bancontact \/ Mister Cash k\u00f6nnen belgische Kontoinhaber einfach online mit ihrer Bankkarte bezahlen.<\/td>\n<td>Belgien<\/td>\n<\/tr>\n<tr>\n<td>PayPal<\/td>\n<td>Mit PayPal k\u00f6nnen Sie schnell und sicher online bezahlen. Daf\u00fcr ben\u00f6tigen Sie ein PayPal-Konto. <\/td>\n<td>Worldwide<\/td>\n<\/tr>\n<tr>\n<td>auf Rechnung<\/td>\n<td>Wenn Sie sich f\u00fcr die Zahlung &#8218;auf Rechnung&#8216; entscheiden, erhalten Sie die Rechnung bei Lieferung Ihrer Bestellung. Anschlie\u00dfend haben Sie 14 Tage Zeit, die Rechnung zu bezahlen <\/p>\n<p>Bitte beachten Sie: Um diese Zahlungsmethode nutzen zu k\u00f6nnen, m\u00fcssen Sie unsere Bedingungen erf\u00fcllen.<\/td>\n<td>Weltweit<\/td>\n<\/tr>\n<\/tbody>\n<\/table>\n","protected":false},"excerpt":{"rendered":"<p>Hidalgo tut alles M\u00f6gliche, um allen Kunden eine passende Zahlungsmethode anzubieten. Alle Zahlungen erfolgen innerhalb einer sicheren Zahlungsumgebung, Ihre Daten werden sicher und verschl\u00fcsselt \u00fcbertragen. Die Zahlungsmethoden, die wir derzeit anbieten: Zahlung Beschreibung Deckung iDeal Mit iDEAL k\u00f6nnen Sie die Zahlung direkt in der gewohnten Internetzahlungsumgebung Ihrer eigenen Bank abwickeln. Niederlande Creditcard Wir akzeptieren auch&hellip; <a class=\"more-link\" href=\"https:\/\/hidalgo.nl\/de\/payment-methods\/\"><span class=\"screen-reader-text\">Zahlungsm\u00f6glichkeiten<\/span> weiterlesen<\/a><\/p>\n","protected":false},"author":1,"featured_media":0,"parent":0,"menu_order":0,"comment_status":"closed","ping_status":"closed","template":"","meta":{"_acf_changed":false,"om_disable_all_campaigns":false,"_monsterinsights_skip_tracking":false,"_monsterinsights_sitenote_active":false,"_monsterinsights_sitenote_note":"","_monsterinsights_sitenote_category":0,"footnotes":""},"class_list":["post-6594","page","type-page","status-publish","hentry","entry"],"acf":[],"aioseo_notices":[],"aioseo_head":"\n\t\t<!-- All in One SEO Pro 4.9.6.2 - aioseo.com -->\n\t<meta name=\"description\" content=\"Hidalgo tut alles M\u00f6gliche, um allen Kunden eine passende Zahlungsmethode anzubieten. Alle Zahlungen erfolgen innerhalb einer sicheren Zahlungsumgebung, Ihre Daten werden sicher und verschl\u00fcsselt \u00fcbertragen. Die Zahlungsmethoden, die wir derzeit anbieten: Zahlung Beschreibung Deckung iDeal Mit iDEAL k\u00f6nnen Sie die Zahlung direkt in der gewohnten Internetzahlungsumgebung Ihrer eigenen Bank abwickeln. Niederlande Creditcard Wir akzeptieren auch\" \/>\n\t<meta name=\"robots\" content=\"max-image-preview:large\" \/>\n\t<link rel=\"canonical\" href=\"https:\/\/hidalgo.nl\/de\/wp-json\/wp\/v2\/pages\/6594\" \/>\n\t<meta name=\"generator\" content=\"All in One SEO Pro (AIOSEO) 4.9.6.2\" \/>\n\t\t<meta property=\"og:locale\" content=\"de_DE\" \/>\n\t\t<meta property=\"og:site_name\" content=\"Hidalgo -\" \/>\n\t\t<meta property=\"og:type\" content=\"article\" \/>\n\t\t<meta property=\"og:title\" content=\"Zahlungsm\u00f6glichkeiten - Hidalgo\" \/>\n\t\t<meta property=\"og:description\" content=\"Hidalgo tut alles M\u00f6gliche, um allen Kunden eine passende Zahlungsmethode anzubieten. Alle Zahlungen erfolgen innerhalb einer sicheren Zahlungsumgebung, Ihre Daten werden sicher und verschl\u00fcsselt \u00fcbertragen. Die Zahlungsmethoden, die wir derzeit anbieten: Zahlung Beschreibung Deckung iDeal Mit iDEAL k\u00f6nnen Sie die Zahlung direkt in der gewohnten Internetzahlungsumgebung Ihrer eigenen Bank abwickeln. Niederlande Creditcard Wir akzeptieren auch\" \/>\n\t\t<meta property=\"og:url\" content=\"https:\/\/hidalgo.nl\/de\/wp-json\/wp\/v2\/pages\/6594\" \/>\n\t\t<meta property=\"og:image\" content=\"https:\/\/shop.hidalgo.nl\/wp-content\/uploads\/2025\/11\/cropped-Hidalgo-est1993.png\" \/>\n\t\t<meta property=\"og:image:secure_url\" content=\"https:\/\/shop.hidalgo.nl\/wp-content\/uploads\/2025\/11\/cropped-Hidalgo-est1993.png\" \/>\n\t\t<meta property=\"article:published_time\" content=\"2025-05-16T07:54:25+00:00\" \/>\n\t\t<meta property=\"article:modified_time\" content=\"2025-07-01T12:55:45+00:00\" \/>\n\t\t<meta name=\"twitter:card\" content=\"summary_large_image\" \/>\n\t\t<meta name=\"twitter:title\" content=\"Zahlungsm\u00f6glichkeiten - Hidalgo\" \/>\n\t\t<meta name=\"twitter:description\" content=\"Hidalgo tut alles M\u00f6gliche, um allen Kunden eine passende Zahlungsmethode anzubieten. Alle Zahlungen erfolgen innerhalb einer sicheren Zahlungsumgebung, Ihre Daten werden sicher und verschl\u00fcsselt \u00fcbertragen. Die Zahlungsmethoden, die wir derzeit anbieten: Zahlung Beschreibung Deckung iDeal Mit iDEAL k\u00f6nnen Sie die Zahlung direkt in der gewohnten Internetzahlungsumgebung Ihrer eigenen Bank abwickeln. Niederlande Creditcard Wir akzeptieren auch\" \/>\n\t\t<meta name=\"twitter:image\" content=\"https:\/\/shop.hidalgo.nl\/wp-content\/uploads\/2025\/11\/cropped-Hidalgo-est1993.png\" \/>\n\t\t<script type=\"application\/ld+json\" class=\"aioseo-schema\">\n\t\t\t{\"@context\":\"https:\\\/\\\/schema.org\",\"@graph\":[{\"@type\":\"BreadcrumbList\",\"@id\":\"https:\\\/\\\/hidalgo.nl\\\/de\\\/payment-methods\\\/#breadcrumblist\",\"itemListElement\":[{\"@type\":\"ListItem\",\"@id\":\"https:\\\/\\\/hidalgo.nl\\\/de\\\/#listItem\",\"position\":1,\"name\":\"Home\",\"item\":\"https:\\\/\\\/hidalgo.nl\\\/de\\\/\",\"nextItem\":{\"@type\":\"ListItem\",\"@id\":\"https:\\\/\\\/hidalgo.nl\\\/de\\\/payment-methods\\\/#listItem\",\"name\":\"Zahlungsm\\u00f6glichkeiten\"}},{\"@type\":\"ListItem\",\"@id\":\"https:\\\/\\\/hidalgo.nl\\\/de\\\/payment-methods\\\/#listItem\",\"position\":2,\"name\":\"Zahlungsm\\u00f6glichkeiten\",\"previousItem\":{\"@type\":\"ListItem\",\"@id\":\"https:\\\/\\\/hidalgo.nl\\\/de\\\/#listItem\",\"name\":\"Home\"}}]},{\"@type\":\"Organization\",\"@id\":\"https:\\\/\\\/hidalgo.nl\\\/de\\\/#organization\",\"name\":\"Hidalgo\",\"url\":\"https:\\\/\\\/hidalgo.nl\\\/de\\\/\",\"logo\":{\"@type\":\"ImageObject\",\"url\":\"https:\\\/\\\/shop.hidalgo.nl\\\/wp-content\\\/uploads\\\/2025\\\/11\\\/cropped-Hidalgo-est1993.png\",\"@id\":\"https:\\\/\\\/hidalgo.nl\\\/de\\\/payment-methods\\\/#organizationLogo\",\"width\":585,\"height\":195},\"image\":{\"@id\":\"https:\\\/\\\/hidalgo.nl\\\/de\\\/payment-methods\\\/#organizationLogo\"}},{\"@type\":\"WebPage\",\"@id\":\"https:\\\/\\\/hidalgo.nl\\\/de\\\/payment-methods\\\/#webpage\",\"url\":\"https:\\\/\\\/hidalgo.nl\\\/de\\\/payment-methods\\\/\",\"name\":\"Zahlungsm\\u00f6glichkeiten - Hidalgo\",\"description\":\"Hidalgo tut alles M\\u00f6gliche, um allen Kunden eine passende Zahlungsmethode anzubieten. Alle Zahlungen erfolgen innerhalb einer sicheren Zahlungsumgebung, Ihre Daten werden sicher und verschl\\u00fcsselt \\u00fcbertragen. Die Zahlungsmethoden, die wir derzeit anbieten: Zahlung Beschreibung Deckung iDeal Mit iDEAL k\\u00f6nnen Sie die Zahlung direkt in der gewohnten Internetzahlungsumgebung Ihrer eigenen Bank abwickeln. Niederlande Creditcard Wir akzeptieren auch\",\"inLanguage\":\"de-DE\",\"isPartOf\":{\"@id\":\"https:\\\/\\\/hidalgo.nl\\\/de\\\/#website\"},\"breadcrumb\":{\"@id\":\"https:\\\/\\\/hidalgo.nl\\\/de\\\/payment-methods\\\/#breadcrumblist\"},\"datePublished\":\"2025-05-16T07:54:25+00:00\",\"dateModified\":\"2025-07-01T12:55:45+00:00\"},{\"@type\":\"WebSite\",\"@id\":\"https:\\\/\\\/hidalgo.nl\\\/de\\\/#website\",\"url\":\"https:\\\/\\\/hidalgo.nl\\\/de\\\/\",\"name\":\"Hidalgo\",\"inLanguage\":\"de-DE\",\"publisher\":{\"@id\":\"https:\\\/\\\/hidalgo.nl\\\/de\\\/#organization\"}}]}\n\t\t<\/script>\n\t\t<!-- All in One SEO Pro -->\r\n\t\t<title>Zahlungsm\u00f6glichkeiten - Hidalgo<\/title>\n\n","aioseo_head_json":{"title":"Zahlungsm\u00f6glichkeiten - Hidalgo","description":"Hidalgo tut alles M\u00f6gliche, um allen Kunden eine passende Zahlungsmethode anzubieten. Alle Zahlungen erfolgen innerhalb einer sicheren Zahlungsumgebung, Ihre Daten werden sicher und verschl\u00fcsselt \u00fcbertragen. Die Zahlungsmethoden, die wir derzeit anbieten: Zahlung Beschreibung Deckung iDeal Mit iDEAL k\u00f6nnen Sie die Zahlung direkt in der gewohnten Internetzahlungsumgebung Ihrer eigenen Bank abwickeln. Niederlande Creditcard Wir akzeptieren auch","canonical_url":"https:\/\/hidalgo.nl\/de\/wp-json\/wp\/v2\/pages\/6594","robots":"max-image-preview:large","keywords":"","webmasterTools":{"miscellaneous":""},"schema":{"@context":"https:\/\/schema.org","@graph":[{"@type":"BreadcrumbList","@id":"https:\/\/hidalgo.nl\/de\/payment-methods\/#breadcrumblist","itemListElement":[{"@type":"ListItem","@id":"https:\/\/hidalgo.nl\/de\/#listItem","position":1,"name":"Home","item":"https:\/\/hidalgo.nl\/de\/","nextItem":{"@type":"ListItem","@id":"https:\/\/hidalgo.nl\/de\/payment-methods\/#listItem","name":"Zahlungsm\u00f6glichkeiten"}},{"@type":"ListItem","@id":"https:\/\/hidalgo.nl\/de\/payment-methods\/#listItem","position":2,"name":"Zahlungsm\u00f6glichkeiten","previousItem":{"@type":"ListItem","@id":"https:\/\/hidalgo.nl\/de\/#listItem","name":"Home"}}]},{"@type":"Organization","@id":"https:\/\/hidalgo.nl\/de\/#organization","name":"Hidalgo","url":"https:\/\/hidalgo.nl\/de\/","logo":{"@type":"ImageObject","url":"https:\/\/shop.hidalgo.nl\/wp-content\/uploads\/2025\/11\/cropped-Hidalgo-est1993.png","@id":"https:\/\/hidalgo.nl\/de\/payment-methods\/#organizationLogo","width":585,"height":195},"image":{"@id":"https:\/\/hidalgo.nl\/de\/payment-methods\/#organizationLogo"}},{"@type":"WebPage","@id":"https:\/\/hidalgo.nl\/de\/payment-methods\/#webpage","url":"https:\/\/hidalgo.nl\/de\/payment-methods\/","name":"Zahlungsm\u00f6glichkeiten - Hidalgo","description":"Hidalgo tut alles M\u00f6gliche, um allen Kunden eine passende Zahlungsmethode anzubieten. Alle Zahlungen erfolgen innerhalb einer sicheren Zahlungsumgebung, Ihre Daten werden sicher und verschl\u00fcsselt \u00fcbertragen. Die Zahlungsmethoden, die wir derzeit anbieten: Zahlung Beschreibung Deckung iDeal Mit iDEAL k\u00f6nnen Sie die Zahlung direkt in der gewohnten Internetzahlungsumgebung Ihrer eigenen Bank abwickeln. Niederlande Creditcard Wir akzeptieren auch","inLanguage":"de-DE","isPartOf":{"@id":"https:\/\/hidalgo.nl\/de\/#website"},"breadcrumb":{"@id":"https:\/\/hidalgo.nl\/de\/payment-methods\/#breadcrumblist"},"datePublished":"2025-05-16T07:54:25+00:00","dateModified":"2025-07-01T12:55:45+00:00"},{"@type":"WebSite","@id":"https:\/\/hidalgo.nl\/de\/#website","url":"https:\/\/hidalgo.nl\/de\/","name":"Hidalgo","inLanguage":"de-DE","publisher":{"@id":"https:\/\/hidalgo.nl\/de\/#organization"}}]},"og:locale":"de_DE","og:site_name":"Hidalgo -","og:type":"article","og:title":"Zahlungsm\u00f6glichkeiten - Hidalgo","og:description":"Hidalgo tut alles M\u00f6gliche, um allen Kunden eine passende Zahlungsmethode anzubieten. Alle Zahlungen erfolgen innerhalb einer sicheren Zahlungsumgebung, Ihre Daten werden sicher und verschl\u00fcsselt \u00fcbertragen. Die Zahlungsmethoden, die wir derzeit anbieten: Zahlung Beschreibung Deckung iDeal Mit iDEAL k\u00f6nnen Sie die Zahlung direkt in der gewohnten Internetzahlungsumgebung Ihrer eigenen Bank abwickeln. Niederlande Creditcard Wir akzeptieren auch","og:url":"https:\/\/hidalgo.nl\/de\/wp-json\/wp\/v2\/pages\/6594","og:image":"https:\/\/shop.hidalgo.nl\/wp-content\/uploads\/2025\/11\/cropped-Hidalgo-est1993.png","og:image:secure_url":"https:\/\/shop.hidalgo.nl\/wp-content\/uploads\/2025\/11\/cropped-Hidalgo-est1993.png","article:published_time":"2025-05-16T07:54:25+00:00","article:modified_time":"2025-07-01T12:55:45+00:00","twitter:card":"summary_large_image","twitter:title":"Zahlungsm\u00f6glichkeiten - Hidalgo","twitter:description":"Hidalgo tut alles M\u00f6gliche, um allen Kunden eine passende Zahlungsmethode anzubieten. Alle Zahlungen erfolgen innerhalb einer sicheren Zahlungsumgebung, Ihre Daten werden sicher und verschl\u00fcsselt \u00fcbertragen. Die Zahlungsmethoden, die wir derzeit anbieten: Zahlung Beschreibung Deckung iDeal Mit iDEAL k\u00f6nnen Sie die Zahlung direkt in der gewohnten Internetzahlungsumgebung Ihrer eigenen Bank abwickeln. Niederlande Creditcard Wir akzeptieren auch","twitter:image":"https:\/\/shop.hidalgo.nl\/wp-content\/uploads\/2025\/11\/cropped-Hidalgo-est1993.png"},"aioseo_meta_data":{"post_id":"6594","title":null,"description":null,"keywords":null,"keyphrases":null,"primary_term":null,"canonical_url":null,"og_title":null,"og_description":null,"og_object_type":"default","og_image_type":"default","og_image_url":null,"og_image_width":null,"og_image_height":null,"og_image_custom_url":null,"og_image_custom_fields":null,"og_video":null,"og_custom_url":null,"og_article_section":null,"og_article_tags":null,"twitter_use_og":false,"twitter_card":"default","twitter_image_type":"default","twitter_image_url":null,"twitter_image_custom_url":null,"twitter_image_custom_fields":null,"twitter_title":null,"twitter_description":null,"schema":{"blockGraphs":[],"customGraphs":[],"default":{"data":{"Article":[],"Course":[],"Dataset":[],"FAQPage":[],"Movie":[],"Person":[],"Product":[],"ProductReview":[],"Car":[],"Recipe":[],"Service":[],"SoftwareApplication":[],"WebPage":[]},"graphName":"","isEnabled":true},"graphs":[]},"schema_type":"default","schema_type_options":null,"pillar_content":false,"robots_default":true,"robots_noindex":false,"robots_noarchive":false,"robots_nosnippet":false,"robots_nofollow":false,"robots_noimageindex":false,"robots_noodp":false,"robots_notranslate":false,"robots_max_snippet":null,"robots_max_videopreview":null,"robots_max_imagepreview":"large","priority":null,"frequency":null,"local_seo":null,"seo_analyzer_scan_date":"2026-01-14 07:05:05","breadcrumb_settings":null,"limit_modified_date":false,"reviewed_by":null,"open_ai":null,"ai":null,"created":"2026-01-14 06:17:37","updated":"2026-04-22 15:36:50"},"aioseo_breadcrumb":"<div class=\"aioseo-breadcrumbs\"><span class=\"aioseo-breadcrumb\">\n\t<a href=\"https:\/\/hidalgo.nl\/de\/\" title=\"Home\">Home<\/a>\n<\/span><span class=\"aioseo-breadcrumb-separator\">\u00bb<\/span><span class=\"aioseo-breadcrumb\">\n\tZahlungsm\u00f6glichkeiten\n<\/span><\/div>","aioseo_breadcrumb_json":[{"label":"Home","link":"https:\/\/hidalgo.nl\/de\/"},{"label":"Zahlungsm\u00f6glichkeiten","link":"https:\/\/hidalgo.nl\/de\/payment-methods\/"}],"_links":{"self":[{"href":"https:\/\/hidalgo.nl\/de\/wp-json\/wp\/v2\/pages\/6594","targetHints":{"allow":["GET"]}}],"collection":[{"href":"https:\/\/hidalgo.nl\/de\/wp-json\/wp\/v2\/pages"}],"about":[{"href":"https:\/\/hidalgo.nl\/de\/wp-json\/wp\/v2\/types\/page"}],"author":[{"embeddable":true,"href":"https:\/\/hidalgo.nl\/de\/wp-json\/wp\/v2\/users\/1"}],"replies":[{"embeddable":true,"href":"https:\/\/hidalgo.nl\/de\/wp-json\/wp\/v2\/comments?post=6594"}],"version-history":[{"count":0,"href":"https:\/\/hidalgo.nl\/de\/wp-json\/wp\/v2\/pages\/6594\/revisions"}],"wp:attachment":[{"href":"https:\/\/hidalgo.nl\/de\/wp-json\/wp\/v2\/media?parent=6594"}],"curies":[{"name":"wp","href":"https:\/\/api.w.org\/{rel}","templated":true}]}}