{"id":6561,"date":"2025-05-16T07:53:53","date_gmt":"2025-05-16T07:53:53","guid":{"rendered":"https:\/\/bidonsenshakers.pim.hidalgo.nl\/haeufig-gestellte-fragen\/"},"modified":"2025-07-03T09:37:22","modified_gmt":"2025-07-03T09:37:22","slug":"haeufig-gestellte-fragen","status":"publish","type":"page","link":"https:\/\/hidalgo.nl\/de\/haeufig-gestellte-fragen\/","title":{"rendered":"H\u00e4ufig gestellte Fragen"},"content":{"rendered":"<p><em>Produkte, die Sie \u00fcber diesen Webshop kaufen, werden nach den von Ihnen eingegebenen Spezifikationen ma\u00dfgefertigt. Das Widerrufsrecht ist daher nicht anwendbar. Der Verkauf ist hiermit nach einer Auftragsbest\u00e4tigung genehmigt und endg\u00fcltig. <\/em><\/p>\n","protected":false},"excerpt":{"rendered":"<p>Produkte, die Sie \u00fcber diesen Webshop kaufen, werden nach den von Ihnen eingegebenen Spezifikationen ma\u00dfgefertigt. Das Widerrufsrecht ist daher nicht anwendbar. Der Verkauf ist hiermit nach einer Auftragsbest\u00e4tigung genehmigt und endg\u00fcltig.<\/p>\n","protected":false},"author":1,"featured_media":0,"parent":0,"menu_order":0,"comment_status":"closed","ping_status":"closed","template":"template\/faqs.php","meta":{"_acf_changed":false,"om_disable_all_campaigns":false,"_monsterinsights_skip_tracking":false,"_monsterinsights_sitenote_active":false,"_monsterinsights_sitenote_note":"","_monsterinsights_sitenote_category":0,"footnotes":""},"class_list":["post-6561","page","type-page","status-publish","hentry","entry"],"acf":{"faqs_list":[{"faqs_list_question":"Was ist die Lieferzeit?","faqs_list_answer":"<p>Unbedruckte Artikel k\u00f6nnen zwischen 1 und 3 Werktagen geliefert werden. Die meisten Lagerartikel, die gedruckt werden, sind zwischen 8 und 14 Werktagen verf\u00fcgbar. Ein Auftrag geht erst nach Angebotsfreigabe und Proof in Produktion. Warten Sie l\u00e4nger als 24 Stunden auf die Genehmigung? Dann verschiebt sich auch der Liefertermin.<\/p>\n"},{"faqs_list_question":"Ich m\u00f6chte das gleiche Produkt in verschiedenen Farben bestellen","faqs_list_answer":"<p>Das ist kein Problem! Bei gleicher Bedruckung ist es m\u00f6glich, den gleichen Artikel in verschiedenen Farben zu liefern.<\/p>\n"},{"faqs_list_question":"Ich suche einen Artikel, der nicht auf der Website vorhanden ist.","faqs_list_answer":"<p>Vieles ist m\u00f6glich! Kontaktieren Sie uns mit Ihren Fragen und Ideen. Dies kann per E-Mail erfolgen: info@hidalgo.nl oder telefonisch: +31 (0)79 33 10 133 (Mo. bis Fr. 09:00 &#8211; 17:00 Uhr) Wir schauen uns gerne um und suchen nach Produkt kann liefern, was Sie wollen.<\/p>\n"},{"faqs_list_question":"Welche Art von Dateien sollte ich bereitstellen?","faqs_list_answer":"<p>Wir arbeiten bevorzugt mit .ai (Adobe Illustrator), .eps oder .pdf Dateien. Sie haben diese Dateien nicht? .psd (Adobe Photoshop) oder eine gro\u00dfe .jpg- oder .png-Datei funktionieren ebenfalls. Unsere Grafikabteilung tut ihr Bestes, um Ihr Logo f\u00fcr die Druckerei vorzubereiten.<\/p>\n"}]},"aioseo_notices":[],"aioseo_head":"\n\t\t<!-- All in One SEO Pro 4.9.6.2 - aioseo.com -->\n\t<meta name=\"description\" content=\"Produkte, die Sie \u00fcber diesen Webshop kaufen, werden nach den von Ihnen eingegebenen Spezifikationen ma\u00dfgefertigt. Das Widerrufsrecht ist daher nicht anwendbar. Der Verkauf ist hiermit nach einer Auftragsbest\u00e4tigung genehmigt und endg\u00fcltig.\" \/>\n\t<meta name=\"robots\" content=\"max-image-preview:large\" \/>\n\t<link rel=\"canonical\" href=\"https:\/\/hidalgo.nl\/de\/wp-json\/wp\/v2\/pages\/6561\" \/>\n\t<meta name=\"generator\" content=\"All in One SEO Pro (AIOSEO) 4.9.6.2\" \/>\n\t\t<meta property=\"og:locale\" content=\"de_DE\" \/>\n\t\t<meta property=\"og:site_name\" content=\"Hidalgo -\" \/>\n\t\t<meta property=\"og:type\" content=\"article\" \/>\n\t\t<meta property=\"og:title\" content=\"H\u00e4ufig gestellte Fragen - Hidalgo\" \/>\n\t\t<meta property=\"og:description\" content=\"Produkte, die Sie \u00fcber diesen Webshop kaufen, werden nach den von Ihnen eingegebenen Spezifikationen ma\u00dfgefertigt. Das Widerrufsrecht ist daher nicht anwendbar. Der Verkauf ist hiermit nach einer Auftragsbest\u00e4tigung genehmigt und endg\u00fcltig.\" \/>\n\t\t<meta property=\"og:url\" content=\"https:\/\/hidalgo.nl\/de\/wp-json\/wp\/v2\/pages\/6561\" \/>\n\t\t<meta property=\"og:image\" content=\"https:\/\/shop.hidalgo.nl\/wp-content\/uploads\/2025\/11\/cropped-Hidalgo-est1993.png\" \/>\n\t\t<meta property=\"og:image:secure_url\" content=\"https:\/\/shop.hidalgo.nl\/wp-content\/uploads\/2025\/11\/cropped-Hidalgo-est1993.png\" \/>\n\t\t<meta property=\"article:published_time\" content=\"2025-05-16T07:53:53+00:00\" \/>\n\t\t<meta property=\"article:modified_time\" content=\"2025-07-03T09:37:22+00:00\" \/>\n\t\t<meta name=\"twitter:card\" content=\"summary_large_image\" \/>\n\t\t<meta name=\"twitter:title\" content=\"H\u00e4ufig gestellte Fragen - Hidalgo\" \/>\n\t\t<meta name=\"twitter:description\" content=\"Produkte, die Sie \u00fcber diesen Webshop kaufen, werden nach den von Ihnen eingegebenen Spezifikationen ma\u00dfgefertigt. Das Widerrufsrecht ist daher nicht anwendbar. Der Verkauf ist hiermit nach einer Auftragsbest\u00e4tigung genehmigt und endg\u00fcltig.\" \/>\n\t\t<meta name=\"twitter:image\" content=\"https:\/\/shop.hidalgo.nl\/wp-content\/uploads\/2025\/11\/cropped-Hidalgo-est1993.png\" \/>\n\t\t<script type=\"application\/ld+json\" class=\"aioseo-schema\">\n\t\t\t{\"@context\":\"https:\\\/\\\/schema.org\",\"@graph\":[{\"@type\":\"BreadcrumbList\",\"@id\":\"https:\\\/\\\/hidalgo.nl\\\/de\\\/haeufig-gestellte-fragen\\\/#breadcrumblist\",\"itemListElement\":[{\"@type\":\"ListItem\",\"@id\":\"https:\\\/\\\/hidalgo.nl\\\/de\\\/#listItem\",\"position\":1,\"name\":\"Home\",\"item\":\"https:\\\/\\\/hidalgo.nl\\\/de\\\/\",\"nextItem\":{\"@type\":\"ListItem\",\"@id\":\"https:\\\/\\\/hidalgo.nl\\\/de\\\/haeufig-gestellte-fragen\\\/#listItem\",\"name\":\"H\\u00e4ufig gestellte Fragen\"}},{\"@type\":\"ListItem\",\"@id\":\"https:\\\/\\\/hidalgo.nl\\\/de\\\/haeufig-gestellte-fragen\\\/#listItem\",\"position\":2,\"name\":\"H\\u00e4ufig gestellte Fragen\",\"previousItem\":{\"@type\":\"ListItem\",\"@id\":\"https:\\\/\\\/hidalgo.nl\\\/de\\\/#listItem\",\"name\":\"Home\"}}]},{\"@type\":\"Organization\",\"@id\":\"https:\\\/\\\/hidalgo.nl\\\/de\\\/#organization\",\"name\":\"Hidalgo\",\"url\":\"https:\\\/\\\/hidalgo.nl\\\/de\\\/\",\"logo\":{\"@type\":\"ImageObject\",\"url\":\"https:\\\/\\\/shop.hidalgo.nl\\\/wp-content\\\/uploads\\\/2025\\\/11\\\/cropped-Hidalgo-est1993.png\",\"@id\":\"https:\\\/\\\/hidalgo.nl\\\/de\\\/haeufig-gestellte-fragen\\\/#organizationLogo\",\"width\":585,\"height\":195},\"image\":{\"@id\":\"https:\\\/\\\/hidalgo.nl\\\/de\\\/haeufig-gestellte-fragen\\\/#organizationLogo\"}},{\"@type\":\"WebPage\",\"@id\":\"https:\\\/\\\/hidalgo.nl\\\/de\\\/haeufig-gestellte-fragen\\\/#webpage\",\"url\":\"https:\\\/\\\/hidalgo.nl\\\/de\\\/haeufig-gestellte-fragen\\\/\",\"name\":\"H\\u00e4ufig gestellte Fragen - Hidalgo\",\"description\":\"Produkte, die Sie \\u00fcber diesen Webshop kaufen, werden nach den von Ihnen eingegebenen Spezifikationen ma\\u00dfgefertigt. Das Widerrufsrecht ist daher nicht anwendbar. Der Verkauf ist hiermit nach einer Auftragsbest\\u00e4tigung genehmigt und endg\\u00fcltig.\",\"inLanguage\":\"de-DE\",\"isPartOf\":{\"@id\":\"https:\\\/\\\/hidalgo.nl\\\/de\\\/#website\"},\"breadcrumb\":{\"@id\":\"https:\\\/\\\/hidalgo.nl\\\/de\\\/haeufig-gestellte-fragen\\\/#breadcrumblist\"},\"datePublished\":\"2025-05-16T07:53:53+00:00\",\"dateModified\":\"2025-07-03T09:37:22+00:00\"},{\"@type\":\"WebSite\",\"@id\":\"https:\\\/\\\/hidalgo.nl\\\/de\\\/#website\",\"url\":\"https:\\\/\\\/hidalgo.nl\\\/de\\\/\",\"name\":\"Hidalgo\",\"inLanguage\":\"de-DE\",\"publisher\":{\"@id\":\"https:\\\/\\\/hidalgo.nl\\\/de\\\/#organization\"}}]}\n\t\t<\/script>\n\t\t<!-- All in One SEO Pro -->\r\n\t\t<title>H\u00e4ufig gestellte Fragen - Hidalgo<\/title>\n\n","aioseo_head_json":{"title":"H\u00e4ufig gestellte Fragen - Hidalgo","description":"Produkte, die Sie \u00fcber diesen Webshop kaufen, werden nach den von Ihnen eingegebenen Spezifikationen ma\u00dfgefertigt. Das Widerrufsrecht ist daher nicht anwendbar. Der Verkauf ist hiermit nach einer Auftragsbest\u00e4tigung genehmigt und endg\u00fcltig.","canonical_url":"https:\/\/hidalgo.nl\/de\/wp-json\/wp\/v2\/pages\/6561","robots":"max-image-preview:large","keywords":"","webmasterTools":{"miscellaneous":""},"schema":{"@context":"https:\/\/schema.org","@graph":[{"@type":"BreadcrumbList","@id":"https:\/\/hidalgo.nl\/de\/haeufig-gestellte-fragen\/#breadcrumblist","itemListElement":[{"@type":"ListItem","@id":"https:\/\/hidalgo.nl\/de\/#listItem","position":1,"name":"Home","item":"https:\/\/hidalgo.nl\/de\/","nextItem":{"@type":"ListItem","@id":"https:\/\/hidalgo.nl\/de\/haeufig-gestellte-fragen\/#listItem","name":"H\u00e4ufig gestellte Fragen"}},{"@type":"ListItem","@id":"https:\/\/hidalgo.nl\/de\/haeufig-gestellte-fragen\/#listItem","position":2,"name":"H\u00e4ufig gestellte Fragen","previousItem":{"@type":"ListItem","@id":"https:\/\/hidalgo.nl\/de\/#listItem","name":"Home"}}]},{"@type":"Organization","@id":"https:\/\/hidalgo.nl\/de\/#organization","name":"Hidalgo","url":"https:\/\/hidalgo.nl\/de\/","logo":{"@type":"ImageObject","url":"https:\/\/shop.hidalgo.nl\/wp-content\/uploads\/2025\/11\/cropped-Hidalgo-est1993.png","@id":"https:\/\/hidalgo.nl\/de\/haeufig-gestellte-fragen\/#organizationLogo","width":585,"height":195},"image":{"@id":"https:\/\/hidalgo.nl\/de\/haeufig-gestellte-fragen\/#organizationLogo"}},{"@type":"WebPage","@id":"https:\/\/hidalgo.nl\/de\/haeufig-gestellte-fragen\/#webpage","url":"https:\/\/hidalgo.nl\/de\/haeufig-gestellte-fragen\/","name":"H\u00e4ufig gestellte Fragen - Hidalgo","description":"Produkte, die Sie \u00fcber diesen Webshop kaufen, werden nach den von Ihnen eingegebenen Spezifikationen ma\u00dfgefertigt. Das Widerrufsrecht ist daher nicht anwendbar. Der Verkauf ist hiermit nach einer Auftragsbest\u00e4tigung genehmigt und endg\u00fcltig.","inLanguage":"de-DE","isPartOf":{"@id":"https:\/\/hidalgo.nl\/de\/#website"},"breadcrumb":{"@id":"https:\/\/hidalgo.nl\/de\/haeufig-gestellte-fragen\/#breadcrumblist"},"datePublished":"2025-05-16T07:53:53+00:00","dateModified":"2025-07-03T09:37:22+00:00"},{"@type":"WebSite","@id":"https:\/\/hidalgo.nl\/de\/#website","url":"https:\/\/hidalgo.nl\/de\/","name":"Hidalgo","inLanguage":"de-DE","publisher":{"@id":"https:\/\/hidalgo.nl\/de\/#organization"}}]},"og:locale":"de_DE","og:site_name":"Hidalgo -","og:type":"article","og:title":"H\u00e4ufig gestellte Fragen - Hidalgo","og:description":"Produkte, die Sie \u00fcber diesen Webshop kaufen, werden nach den von Ihnen eingegebenen Spezifikationen ma\u00dfgefertigt. Das Widerrufsrecht ist daher nicht anwendbar. Der Verkauf ist hiermit nach einer Auftragsbest\u00e4tigung genehmigt und endg\u00fcltig.","og:url":"https:\/\/hidalgo.nl\/de\/wp-json\/wp\/v2\/pages\/6561","og:image":"https:\/\/shop.hidalgo.nl\/wp-content\/uploads\/2025\/11\/cropped-Hidalgo-est1993.png","og:image:secure_url":"https:\/\/shop.hidalgo.nl\/wp-content\/uploads\/2025\/11\/cropped-Hidalgo-est1993.png","article:published_time":"2025-05-16T07:53:53+00:00","article:modified_time":"2025-07-03T09:37:22+00:00","twitter:card":"summary_large_image","twitter:title":"H\u00e4ufig gestellte Fragen - Hidalgo","twitter:description":"Produkte, die Sie \u00fcber diesen Webshop kaufen, werden nach den von Ihnen eingegebenen Spezifikationen ma\u00dfgefertigt. Das Widerrufsrecht ist daher nicht anwendbar. Der Verkauf ist hiermit nach einer Auftragsbest\u00e4tigung genehmigt und endg\u00fcltig.","twitter:image":"https:\/\/shop.hidalgo.nl\/wp-content\/uploads\/2025\/11\/cropped-Hidalgo-est1993.png"},"aioseo_meta_data":{"post_id":"6561","title":null,"description":null,"keywords":null,"keyphrases":null,"primary_term":null,"canonical_url":null,"og_title":null,"og_description":null,"og_object_type":"default","og_image_type":"default","og_image_url":null,"og_image_width":null,"og_image_height":null,"og_image_custom_url":null,"og_image_custom_fields":null,"og_video":null,"og_custom_url":null,"og_article_section":null,"og_article_tags":null,"twitter_use_og":false,"twitter_card":"default","twitter_image_type":"default","twitter_image_url":null,"twitter_image_custom_url":null,"twitter_image_custom_fields":null,"twitter_title":null,"twitter_description":null,"schema":{"blockGraphs":[],"customGraphs":[],"default":{"data":{"Article":[],"Course":[],"Dataset":[],"FAQPage":[],"Movie":[],"Person":[],"Product":[],"ProductReview":[],"Car":[],"Recipe":[],"Service":[],"SoftwareApplication":[],"WebPage":[]},"graphName":"","isEnabled":true},"graphs":[]},"schema_type":"default","schema_type_options":null,"pillar_content":false,"robots_default":true,"robots_noindex":false,"robots_noarchive":false,"robots_nosnippet":false,"robots_nofollow":false,"robots_noimageindex":false,"robots_noodp":false,"robots_notranslate":false,"robots_max_snippet":null,"robots_max_videopreview":null,"robots_max_imagepreview":"large","priority":null,"frequency":null,"local_seo":null,"seo_analyzer_scan_date":"2026-01-14 07:02:58","breadcrumb_settings":null,"limit_modified_date":false,"reviewed_by":null,"open_ai":null,"ai":null,"created":"2026-01-14 06:17:37","updated":"2026-04-22 15:35:00"},"aioseo_breadcrumb":"<div class=\"aioseo-breadcrumbs\"><span class=\"aioseo-breadcrumb\">\n\t<a href=\"https:\/\/hidalgo.nl\/de\/\" title=\"Home\">Home<\/a>\n<\/span><span class=\"aioseo-breadcrumb-separator\">\u00bb<\/span><span class=\"aioseo-breadcrumb\">\n\tH\u00e4ufig gestellte Fragen\n<\/span><\/div>","aioseo_breadcrumb_json":[{"label":"Home","link":"https:\/\/hidalgo.nl\/de\/"},{"label":"H\u00e4ufig gestellte Fragen","link":"https:\/\/hidalgo.nl\/de\/haeufig-gestellte-fragen\/"}],"_links":{"self":[{"href":"https:\/\/hidalgo.nl\/de\/wp-json\/wp\/v2\/pages\/6561","targetHints":{"allow":["GET"]}}],"collection":[{"href":"https:\/\/hidalgo.nl\/de\/wp-json\/wp\/v2\/pages"}],"about":[{"href":"https:\/\/hidalgo.nl\/de\/wp-json\/wp\/v2\/types\/page"}],"author":[{"embeddable":true,"href":"https:\/\/hidalgo.nl\/de\/wp-json\/wp\/v2\/users\/1"}],"replies":[{"embeddable":true,"href":"https:\/\/hidalgo.nl\/de\/wp-json\/wp\/v2\/comments?post=6561"}],"version-history":[{"count":0,"href":"https:\/\/hidalgo.nl\/de\/wp-json\/wp\/v2\/pages\/6561\/revisions"}],"wp:attachment":[{"href":"https:\/\/hidalgo.nl\/de\/wp-json\/wp\/v2\/media?parent=6561"}],"curies":[{"name":"wp","href":"https:\/\/api.w.org\/{rel}","templated":true}]}}